{"id":17403,"date":"2024-03-01T16:59:43","date_gmt":"2024-03-01T15:59:43","guid":{"rendered":"https:\/\/u15jnbdpoq.preview.infomaniak.website\/produit\/clavo-de-madagascar-en-grano-1-kg\/"},"modified":"2026-03-12T16:02:07","modified_gmt":"2026-03-12T15:02:07","slug":"clavo-de-madagascar-en-grano-1-kg","status":"publish","type":"product","link":"https:\/\/www.csj-emballages.com\/es\/produit\/clavo-de-madagascar-en-grano-1-kg\/","title":{"rendered":"Clavo de Madagascar en grano 500 g"},"content":{"rendered":"<h2>Clavo<\/h2>\n<div style=\"font-family: Roboto, sans-serif;\">\n<div style=\"font-family: Roboto, sans-serif;\">\n<div style=\"font-family: Roboto, sans-serif;\">\n<div style=\"font-family: Roboto, sans-serif;\">\n<div style=\"font-family: Roboto, sans-serif;\">\n<div style=\"font-family: Roboto, sans-serif;\">\n<hr>\n<h3>Descripci\u00f3n del producto<\/h3>\n<p><!--more--><\/p>\n<p>Descubra nuestra selecci\u00f3n exclusiva de <strong>clavo de Madagascar en grano<\/strong>, disponibles en <strong>granos de 500 g<\/strong>. De hecho, estas exquisitas especias son famosas por su calidad superior y su incomparable sabor. De hecho, cada lote se selecciona cuidadosamente para asegurar un sabor aut\u00e9ntico y una frescura \u00f3ptima.<\/p>\n<p>Los <strong>clavos de Madagascar<\/strong> se cultivan en condiciones ideales, enriqueciendo su perfil gustativo \u00fanico. Su color marr\u00f3n intenso y su forma distintiva garantizan una experiencia visual cautivadora en tu cocina. Utilizado desde hace siglos por sus propiedades arom\u00e1ticas, el clavo da un toque especial a diversos platos.<\/p>\n<p>Adem\u00e1s, ya sea para la <strong>cocina, la reposter\u00eda o las infusiones<\/strong>, son vers\u00e1tiles y f\u00e1ciles de integrar en su d\u00eda a d\u00eda culinario. De hecho, su envasado seguro preserva su frescura e integridad hasta que se utilizan. Como proveedor de confianza, garantizamos que nuestros productos no contienen aditivos ni conservantes. Explore nuestra gama de clavos de Madagascar en grano de 500 g para enriquecer sus creaciones culinarias con una nota c\u00e1lida y picante.<\/p>\n<p>As\u00ed que, tanto si eres un chef profesional como un aficionado apasionado, nuestra selecci\u00f3n satisfar\u00e1 tus exigencias de calidad y sabor.<\/p>\n<p>&nbsp;<\/p>\n<p><!--more--><\/p>\n<\/div>\n<\/div>\n<p><strong><span style=\"color: #ff0000;\">Fecha caducada (DLUO) 05\/2025<\/span><\/strong><\/p>\n<\/div>\n<\/div>\n<p>&nbsp;<\/p>\n<div style=\"font-family: Roboto, sans-serif;\">\n<div style=\"font-family: Roboto, sans-serif;\">\n<div style=\"font-family: Roboto, sans-serif;\">\n<div style=\"font-family: Roboto, sans-serif;\">\n<p><!--more--><\/p>\n<p><strong>Ventajas :<\/strong><\/p>\n<ul>\n<li>Su utilizaci\u00f3n en la cocina es particularmente apreciada por su capacidad para realzar el sabor de los platos.<\/li>\n<li>Tanto si es un chef profesional como un aficionado apasionado, nuestros clavos de olor responden a todas sus necesidades.<\/li>\n<\/ul>\n<\/div>\n<\/div>\n<p>&nbsp;<\/p>\n<\/div>\n<\/div>\n<\/div>\n<\/div>\n<p><!--more--><\/p>\n<p><strong>Informaci\u00f3n adicional<\/strong>:<\/p>\n<ul>\n<li><strong>Presentaci\u00f3n<\/strong>: Paquete de 500 g<\/li>\n<li><strong>Formato<\/strong>: Granos<\/li>\n<\/ul>\n<p>&nbsp;<\/p>\n<p><!--more--><\/p>\n<p>Tambi\u00e9n disponible en <span style=\"color: #d12727;\"><span style=\"color: #d12727;\"><a style=\"color: #d12727;\" href=\"https:\/\/www.csj-emballages.com\/es\/produit\/clavo-de-madagascar-molido-1-kg\/\">clavo de Madagascar molido<\/a><\/span> <\/span> <\/p>\n<p>&nbsp;<\/p>\n<p><!--more--><\/p>\n<p><a href=\"https:\/\/www.csj-emballages.com\/es\/categorie-produit\/alimentacion-es\/especias\/especias-sencillas\/\">Consulta el resto de nuestra gama de especias sencillas aqu\u00ed<\/a><\/p>\n","protected":false},"excerpt":{"rendered":"<p><strong><span style=\"color: #ff0000;\">Fecha de caducidad: 05\/2025<\/span><\/strong><\/p>\n","protected":false},"featured_media":261410,"template":"","meta":{"_acf_changed":false},"product_brand":[],"product_cat":[10241,1162,1454,1455,11542],"product_tag":[],"class_list":{"0":"post-17403","1":"product","2":"type-product","3":"status-publish","4":"has-post-thumbnail","6":"product_cat-antidesperdicio","7":"product_cat-alimentacion-es","8":"product_cat-especias","9":"product_cat-especias-sencillas","10":"product_cat-liquidacion","12":"first","13":"instock","14":"sale","15":"taxable","16":"shipping-taxable","17":"purchasable","18":"product-type-simple"},"acf":[],"yoast_head":"<!-- This site is optimized with the Yoast SEO Premium plugin v26.6 (Yoast SEO v26.6) - https:\/\/yoast.com\/wordpress\/plugins\/seo\/ -->\n<title>Clavo Madagascar Grano 500 g<\/title>\n<meta name=\"description\" content=\"500 g de clavo de Madagascar. Conocidos por su intenso sabor. Ideal para enriquecer tus platos con un toque ex\u00f3tico y arom\u00e1tico.\" \/>\n<meta name=\"robots\" content=\"index, follow, max-snippet:-1, max-image-preview:large, max-video-preview:-1\" \/>\n<link rel=\"canonical\" href=\"https:\/\/www.csj-emballages.com\/es\/produit\/clavo-de-madagascar-en-grano-1-kg\/\" \/>\n<meta property=\"og:locale\" content=\"es_ES\" \/>\n<meta property=\"og:type\" content=\"article\" \/>\n<meta property=\"og:title\" content=\"Clavo de Madagascar en grano 500 g\" \/>\n<meta property=\"og:description\" content=\"500 g de clavo de Madagascar. Conocidos por su intenso sabor. Ideal para enriquecer tus platos con un toque ex\u00f3tico y arom\u00e1tico.\" \/>\n<meta property=\"og:url\" content=\"https:\/\/www.csj-emballages.com\/es\/produit\/clavo-de-madagascar-en-grano-1-kg\/\" \/>\n<meta property=\"og:site_name\" content=\"CSJ Emballages\" \/>\n<meta property=\"article:publisher\" content=\"https:\/\/www.facebook.com\/csjemballages\" \/>\n<meta property=\"article:modified_time\" content=\"2026-03-12T15:02:07+00:00\" \/>\n<meta property=\"og:image\" content=\"https:\/\/www.csj-emballages.com\/wp-content\/uploads\/2024\/03\/Clou-de-girofle-grains.webp\" \/>\n\t<meta property=\"og:image:width\" content=\"800\" \/>\n\t<meta property=\"og:image:height\" content=\"800\" \/>\n\t<meta property=\"og:image:type\" content=\"image\/webp\" \/>\n<meta name=\"twitter:card\" content=\"summary_large_image\" \/>\n<meta name=\"twitter:label1\" content=\"Tiempo de lectura\" \/>\n\t<meta name=\"twitter:data1\" content=\"1 minuto\" \/>\n<script type=\"application\/ld+json\" class=\"yoast-schema-graph\">{\"@context\":\"https:\/\/schema.org\",\"@graph\":[{\"@type\":\"WebPage\",\"@id\":\"https:\/\/www.csj-emballages.com\/es\/produit\/clavo-de-madagascar-en-grano-1-kg\/\",\"url\":\"https:\/\/www.csj-emballages.com\/es\/produit\/clavo-de-madagascar-en-grano-1-kg\/\",\"name\":\"Clavo Madagascar Grano 500 g\",\"isPartOf\":{\"@id\":\"https:\/\/www.csj-emballages.com\/es\/#website\"},\"primaryImageOfPage\":{\"@id\":\"https:\/\/www.csj-emballages.com\/es\/produit\/clavo-de-madagascar-en-grano-1-kg\/#primaryimage\"},\"image\":{\"@id\":\"https:\/\/www.csj-emballages.com\/es\/produit\/clavo-de-madagascar-en-grano-1-kg\/#primaryimage\"},\"thumbnailUrl\":\"https:\/\/www.csj-emballages.com\/wp-content\/uploads\/2024\/03\/Clou-de-girofle-grains.webp\",\"datePublished\":\"2024-03-01T15:59:43+00:00\",\"dateModified\":\"2026-03-12T15:02:07+00:00\",\"description\":\"500 g de clavo de Madagascar. Conocidos por su intenso sabor. Ideal para enriquecer tus platos con un toque ex\u00f3tico y arom\u00e1tico.\",\"breadcrumb\":{\"@id\":\"https:\/\/www.csj-emballages.com\/es\/produit\/clavo-de-madagascar-en-grano-1-kg\/#breadcrumb\"},\"inLanguage\":\"es\",\"potentialAction\":[{\"@type\":\"ReadAction\",\"target\":[\"https:\/\/www.csj-emballages.com\/es\/produit\/clavo-de-madagascar-en-grano-1-kg\/\"]}]},{\"@type\":\"ImageObject\",\"inLanguage\":\"es\",\"@id\":\"https:\/\/www.csj-emballages.com\/es\/produit\/clavo-de-madagascar-en-grano-1-kg\/#primaryimage\",\"url\":\"https:\/\/www.csj-emballages.com\/wp-content\/uploads\/2024\/03\/Clou-de-girofle-grains.webp\",\"contentUrl\":\"https:\/\/www.csj-emballages.com\/wp-content\/uploads\/2024\/03\/Clou-de-girofle-grains.webp\",\"width\":800,\"height\":800,\"caption\":\"Clou de girofle\"},{\"@type\":\"BreadcrumbList\",\"@id\":\"https:\/\/www.csj-emballages.com\/es\/produit\/clavo-de-madagascar-en-grano-1-kg\/#breadcrumb\",\"itemListElement\":[{\"@type\":\"ListItem\",\"position\":1,\"name\":\"Accueil\",\"item\":\"https:\/\/www.csj-emballages.com\/es\/universo-del-envasado-alimentario\/\"},{\"@type\":\"ListItem\",\"position\":2,\"name\":\"Tienda\",\"item\":\"https:\/\/www.csj-emballages.com\/tienda\/\"},{\"@type\":\"ListItem\",\"position\":3,\"name\":\"Clavo de Madagascar en grano 500 g\"}]},{\"@type\":\"WebSite\",\"@id\":\"https:\/\/www.csj-emballages.com\/es\/#website\",\"url\":\"https:\/\/www.csj-emballages.com\/es\/\",\"name\":\"CSJ Emballages\",\"description\":\"\",\"publisher\":{\"@id\":\"https:\/\/www.csj-emballages.com\/es\/#organization\"},\"potentialAction\":[{\"@type\":\"SearchAction\",\"target\":{\"@type\":\"EntryPoint\",\"urlTemplate\":\"https:\/\/www.csj-emballages.com\/es\/?s={search_term_string}\"},\"query-input\":{\"@type\":\"PropertyValueSpecification\",\"valueRequired\":true,\"valueName\":\"search_term_string\"}}],\"inLanguage\":\"es\"},{\"@type\":\"Organization\",\"@id\":\"https:\/\/www.csj-emballages.com\/es\/#Organization\/\",\"name\":\"CSJ Emballages\",\"url\":\"https:\/\/www.csj-emballages.com\/es\/\",\"logo\":{\"@type\":\"ImageObject\",\"inLanguage\":\"es\",\"@id\":\"https:\/\/www.csj-emballages.com\/es\/#\/schema\/logo\/image\/\",\"url\":\"https:\/\/www.csj-emballages.com\/wp-content\/uploads\/2023\/10\/logo_csj.webp\",\"contentUrl\":\"https:\/\/www.csj-emballages.com\/wp-content\/uploads\/2023\/10\/logo_csj.webp\",\"width\":250,\"height\":95,\"caption\":\"CSJ Emballages\"},\"image\":{\"@id\":\"https:\/\/www.csj-emballages.com\/es\/#\/schema\/logo\/image\/\"},\"sameAs\":[\"https:\/\/www.facebook.com\/csjemballages\"],\"address\":{\"@type\":\"PostalAddress\",\"streetAddress\":\"ZI La Lechere\",\"addressLocality\":\"Patornay\",\"postalCode\":\"39130\",\"addressCountry\":\"FR\"},\"contactPoint\":[{\"@type\":\"ContactPoint\",\"contactType\":\"Service client\",\"telephone\":\"0384254272\",\"email\":\"contact@csj-emballages.com\"}]}]}<\/script>\n<!-- \/ Yoast SEO Premium plugin. -->","yoast_head_json":{"title":"Clavo Madagascar Grano 500 g","description":"500 g de clavo de Madagascar. Conocidos por su intenso sabor. Ideal para enriquecer tus platos con un toque ex\u00f3tico y arom\u00e1tico.","robots":{"index":"index","follow":"follow","max-snippet":"max-snippet:-1","max-image-preview":"max-image-preview:large","max-video-preview":"max-video-preview:-1"},"canonical":"https:\/\/www.csj-emballages.com\/es\/produit\/clavo-de-madagascar-en-grano-1-kg\/","og_locale":"es_ES","og_type":"article","og_title":"Clavo de Madagascar en grano 500 g","og_description":"500 g de clavo de Madagascar. Conocidos por su intenso sabor. Ideal para enriquecer tus platos con un toque ex\u00f3tico y arom\u00e1tico.","og_url":"https:\/\/www.csj-emballages.com\/es\/produit\/clavo-de-madagascar-en-grano-1-kg\/","og_site_name":"CSJ Emballages","article_publisher":"https:\/\/www.facebook.com\/csjemballages","article_modified_time":"2026-03-12T15:02:07+00:00","og_image":[{"width":800,"height":800,"url":"https:\/\/www.csj-emballages.com\/wp-content\/uploads\/2024\/03\/Clou-de-girofle-grains.webp","type":"image\/webp"}],"twitter_card":"summary_large_image","twitter_misc":{"Tiempo de lectura":"1 minuto"},"schema":{"@context":"https:\/\/schema.org","@graph":[{"@type":"WebPage","@id":"https:\/\/www.csj-emballages.com\/es\/produit\/clavo-de-madagascar-en-grano-1-kg\/","url":"https:\/\/www.csj-emballages.com\/es\/produit\/clavo-de-madagascar-en-grano-1-kg\/","name":"Clavo Madagascar Grano 500 g","isPartOf":{"@id":"https:\/\/www.csj-emballages.com\/es\/#website"},"primaryImageOfPage":{"@id":"https:\/\/www.csj-emballages.com\/es\/produit\/clavo-de-madagascar-en-grano-1-kg\/#primaryimage"},"image":{"@id":"https:\/\/www.csj-emballages.com\/es\/produit\/clavo-de-madagascar-en-grano-1-kg\/#primaryimage"},"thumbnailUrl":"https:\/\/www.csj-emballages.com\/wp-content\/uploads\/2024\/03\/Clou-de-girofle-grains.webp","datePublished":"2024-03-01T15:59:43+00:00","dateModified":"2026-03-12T15:02:07+00:00","description":"500 g de clavo de Madagascar. Conocidos por su intenso sabor. Ideal para enriquecer tus platos con un toque ex\u00f3tico y arom\u00e1tico.","breadcrumb":{"@id":"https:\/\/www.csj-emballages.com\/es\/produit\/clavo-de-madagascar-en-grano-1-kg\/#breadcrumb"},"inLanguage":"es","potentialAction":[{"@type":"ReadAction","target":["https:\/\/www.csj-emballages.com\/es\/produit\/clavo-de-madagascar-en-grano-1-kg\/"]}]},{"@type":"ImageObject","inLanguage":"es","@id":"https:\/\/www.csj-emballages.com\/es\/produit\/clavo-de-madagascar-en-grano-1-kg\/#primaryimage","url":"https:\/\/www.csj-emballages.com\/wp-content\/uploads\/2024\/03\/Clou-de-girofle-grains.webp","contentUrl":"https:\/\/www.csj-emballages.com\/wp-content\/uploads\/2024\/03\/Clou-de-girofle-grains.webp","width":800,"height":800,"caption":"Clou de girofle"},{"@type":"BreadcrumbList","@id":"https:\/\/www.csj-emballages.com\/es\/produit\/clavo-de-madagascar-en-grano-1-kg\/#breadcrumb","itemListElement":[{"@type":"ListItem","position":1,"name":"Accueil","item":"https:\/\/www.csj-emballages.com\/es\/universo-del-envasado-alimentario\/"},{"@type":"ListItem","position":2,"name":"Tienda","item":"https:\/\/www.csj-emballages.com\/tienda\/"},{"@type":"ListItem","position":3,"name":"Clavo de Madagascar en grano 500 g"}]},{"@type":"WebSite","@id":"https:\/\/www.csj-emballages.com\/es\/#website","url":"https:\/\/www.csj-emballages.com\/es\/","name":"CSJ Emballages","description":"","publisher":{"@id":"https:\/\/www.csj-emballages.com\/es\/#organization"},"potentialAction":[{"@type":"SearchAction","target":{"@type":"EntryPoint","urlTemplate":"https:\/\/www.csj-emballages.com\/es\/?s={search_term_string}"},"query-input":{"@type":"PropertyValueSpecification","valueRequired":true,"valueName":"search_term_string"}}],"inLanguage":"es"},{"@type":"Organization","@id":"https:\/\/www.csj-emballages.com\/es\/#Organization\/","name":"CSJ Emballages","url":"https:\/\/www.csj-emballages.com\/es\/","logo":{"@type":"ImageObject","inLanguage":"es","@id":"https:\/\/www.csj-emballages.com\/es\/#\/schema\/logo\/image\/","url":"https:\/\/www.csj-emballages.com\/wp-content\/uploads\/2023\/10\/logo_csj.webp","contentUrl":"https:\/\/www.csj-emballages.com\/wp-content\/uploads\/2023\/10\/logo_csj.webp","width":250,"height":95,"caption":"CSJ Emballages"},"image":{"@id":"https:\/\/www.csj-emballages.com\/es\/#\/schema\/logo\/image\/"},"sameAs":["https:\/\/www.facebook.com\/csjemballages"],"address":{"@type":"PostalAddress","streetAddress":"ZI La Lechere","addressLocality":"Patornay","postalCode":"39130","addressCountry":"FR"},"contactPoint":[{"@type":"ContactPoint","contactType":"Service client","telephone":"0384254272","email":"contact@csj-emballages.com"}]}]}},"df_price":12.69,"df_sale_price":12.69,"df_regular_price":18.12,"df_image_link":"https:\/\/www.csj-emballages.com\/wp-content\/uploads\/2024\/03\/Clou-de-girofle-grains-300x300.webp","tiered_pricing_type":"fixed","tiered_pricing_fixed_rules":[],"tiered_pricing_percentage_rules":[],"tiered_pricing_minimum":1,"tiered_pricing_roles_data":[],"_links":{"self":[{"href":"https:\/\/www.csj-emballages.com\/es\/wp-json\/wp\/v2\/product\/17403","targetHints":{"allow":["GET"]}}],"collection":[{"href":"https:\/\/www.csj-emballages.com\/es\/wp-json\/wp\/v2\/product"}],"about":[{"href":"https:\/\/www.csj-emballages.com\/es\/wp-json\/wp\/v2\/types\/product"}],"wp:featuredmedia":[{"embeddable":true,"href":"https:\/\/www.csj-emballages.com\/es\/wp-json\/wp\/v2\/media\/261410"}],"wp:attachment":[{"href":"https:\/\/www.csj-emballages.com\/es\/wp-json\/wp\/v2\/media?parent=17403"}],"wp:term":[{"taxonomy":"product_brand","embeddable":true,"href":"https:\/\/www.csj-emballages.com\/es\/wp-json\/wp\/v2\/product_brand?post=17403"},{"taxonomy":"product_cat","embeddable":true,"href":"https:\/\/www.csj-emballages.com\/es\/wp-json\/wp\/v2\/product_cat?post=17403"},{"taxonomy":"product_tag","embeddable":true,"href":"https:\/\/www.csj-emballages.com\/es\/wp-json\/wp\/v2\/product_tag?post=17403"}],"curies":[{"name":"wp","href":"https:\/\/api.w.org\/{rel}","templated":true}]}}