{"id":17402,"date":"2024-03-01T17:00:12","date_gmt":"2024-03-01T16:00:12","guid":{"rendered":"https:\/\/u15jnbdpoq.preview.infomaniak.website\/produit\/25-fregonas-rosas-caladas-50-x-35-cm\/"},"modified":"2026-04-28T02:10:37","modified_gmt":"2026-04-28T00:10:37","slug":"25-fregonas-rosas-caladas-50-x-35-cm","status":"publish","type":"product","link":"https:\/\/www.csj-emballages.com\/es\/produit\/25-fregonas-rosas-caladas-50-x-35-cm\/","title":{"rendered":"Bayeta de rejilla rosa de 50 x 35 cm, pack de 25"},"content":{"rendered":"<h2 class=\"p1\">Bayeta de rejilla rosa<\/h2>\n<hr>\n<h3>Descubra nuestra bayeta de rejilla rosa de 50 x 35 cm, pack de 25<\/h3>\n<p><!--more--><\/p>\n<p data-start=\"220\" data-end=\"586\">Esta <strong data-start=\"226\" data-end=\"264\">bayeta de rejilla rosa de 50 x 35 cm<\/strong> es el tipo de producto que se adopta r\u00e1pidamente en el d\u00eda a d\u00eda. Sencilla en apariencia, pero muy eficaz desde el primer uso. Gracias a su textura de rejilla, <strong>capta f\u00e1cilmente la suciedad<\/strong>, los l\u00edquidos y los residuos sin extenderlos. Resultado: la limpieza es m\u00e1s r\u00e1pida y, sobre todo, m\u00e1s limpia.   <\/p>\n<p data-start=\"588\" data-end=\"920\">Su formato generoso permite cubrir una amplia superficie de una sola pasada. Ya sea para limpiar una <strong>encimera, una mesa, una superficie de acero inoxidable o incluso material profesional<\/strong>, hace el trabajo sin esfuerzo. Adem\u00e1s, su material flexible es agradable al tacto y no deja rastros molestos despu\u00e9s de pasarla.  <\/p>\n<p data-start=\"922\" data-end=\"1274\">Otro punto destacable: esta <strong>bayeta<\/strong> soporta muy bien los usos repetidos. Se puede enjuagar, reutilizar varias veces y conserva su forma sin deformarse. Por lo tanto, es una soluci\u00f3n fiable para entornos donde la higiene es realmente importante, como la restauraci\u00f3n, las cocinas profesionales, las instituciones o incluso el mantenimiento general.  <\/p>\n<p data-start=\"1276\" data-end=\"1519\">El <strong>color rosa<\/strong> tambi\u00e9n permite organizarse bien. Es tranquilizador y pr\u00e1ctico para mantener altos est\u00e1ndares de higiene. Y con un <strong data-start=\"1434\" data-end=\"1447\">lote de 25<\/strong>, siempre tendr\u00e1 lo que necesita a mano, sin riesgo de quedarse sin.  <\/p>\n<p data-start=\"1521\" data-end=\"1693\">En resumen, esta <strong>bayeta<\/strong> no pretende hacer demasiado. Va directa al grano: limpiar eficazmente, simplificar las tareas e integrarse de forma natural en su rutina. <\/p>\n<p data-start=\"1521\" data-end=\"1693\"><!--more--><\/p>\n<h4 data-start=\"1521\" data-end=\"1693\">Ventajas :<\/h4>\n<ul>\n<li data-start=\"1721\" data-end=\"1770\">Estructura de rejilla para una mejor absorci\u00f3n.<\/li>\n<li data-start=\"1773\" data-end=\"1796\">Formato grande pr\u00e1ctico.<\/li>\n<li data-start=\"1799\" data-end=\"1821\">Agradable de manipular.<\/li>\n<li data-start=\"1824\" data-end=\"1852\">Reutilizable y resistente.<\/li>\n<li data-start=\"1855\" data-end=\"1891\">Ideal para uso profesional.<\/li>\n<li data-start=\"1894\" data-end=\"1923\">Lote econ\u00f3mico de <strong>25 unidades<\/strong>.<\/li>\n<\/ul>\n<p>&nbsp;<\/p>\n<p><!--more--><\/p>\n<h4>Informaci\u00f3n adicional :<\/h4>\n<ul>\n<li><strong>Envase<\/strong>: Paquete de 25<\/li>\n<li><strong>Dimensiones<\/strong>: 50 x 35 cm<\/li>\n<li><strong>Color<\/strong>: rosa<\/li>\n<\/ul>\n<p>&nbsp;<\/p>\n<p><!--more--><\/p>\n<p>Esta bayeta de rejilla blanca est\u00e1 disponible en diferentes colores: <span style=\"color: #d12727;\"><a style=\"color: #d12727;\" href=\"https:\/\/www.csj-emballages.com\/es\/produit\/25-fregonas-blancas-caladas-50-x-35-cm\/\">Blanca<\/a><\/span> \/ <span style=\"color: #d12727;\"><a style=\"color: #d12727;\" href=\"https:\/\/www.csj-emballages.com\/es\/produit\/25-mopas-azules-50-x-35-cm\/\">Azul<\/a><\/span> \/ <span style=\"color: #d12727;\"><a style=\"color: #d12727;\" href=\"https:\/\/www.csj-emballages.com\/es\/produit\/25-mopas-caladas-verdes-50-x-35-cm\/\">Verde<\/a><\/span> \/ <span style=\"color: #d12727;\"><a style=\"color: #d12727;\" href=\"https:\/\/www.csj-emballages.com\/es\/produit\/25-fregonas-caladas-amarillas-50-x-35-cm\/\">Amarilla<\/a><\/span><\/p>\n<p>&nbsp;<\/p>\n<p><!--more--><\/p>\n<p><a href=\"https:\/\/www.csj-emballages.com\/es\/categorie-produit\/higiene-y-mantenimiento\/esponjas-panos-de-cocina-panos-de-cocina\/panos-gasas\/\">Ver el resto de nuestra gama de toallitas \/ gasas<\/a><\/p>\n","protected":false},"excerpt":{"rendered":"<p>Bayeta de rejilla rosa Descubra nuestra bayeta de rejilla rosa de 50 x 35 cm, pack de 25<\/p>\n","protected":false},"featured_media":11833,"template":"","meta":{"_acf_changed":false},"product_brand":[],"product_cat":[1226,1419,1427,1388,1432],"product_tag":[],"class_list":{"0":"post-17402","1":"product","2":"type-product","3":"status-publish","4":"has-post-thumbnail","6":"product_cat-higiene-y-mantenimiento","7":"product_cat-esponjas-panos-de-cocina-panos-de-cocina","8":"product_cat-panos-gasas","9":"product_cat-limpiar","10":"product_cat-lavattes-es","12":"first","13":"instock","14":"taxable","15":"shipping-taxable","16":"purchasable","17":"product-type-simple"},"acf":[],"yoast_head":"<!-- This site is optimized with the Yoast SEO Premium plugin v26.6 (Yoast SEO v26.6) - https:\/\/yoast.com\/wordpress\/plugins\/seo\/ -->\n<title>Bayeta de rejilla rosa de 50 x 35 cm, pack de 25<\/title>\n<meta name=\"description\" content=\"Bayeta de rejilla rosa de 50 x 35 cm, se vende en packs de 25. Absorbente, resistente y pr\u00e1ctica para la limpieza de superficies en entornos profesionales.\" \/>\n<meta name=\"robots\" content=\"index, follow, max-snippet:-1, max-image-preview:large, max-video-preview:-1\" \/>\n<link rel=\"canonical\" href=\"https:\/\/www.csj-emballages.com\/es\/produit\/25-fregonas-rosas-caladas-50-x-35-cm\/\" \/>\n<meta property=\"og:locale\" content=\"es_ES\" \/>\n<meta property=\"og:type\" content=\"article\" \/>\n<meta property=\"og:title\" content=\"Bayeta de rejilla rosa de 50 x 35 cm, pack de 25\" \/>\n<meta property=\"og:description\" content=\"Bayeta de rejilla rosa de 50 x 35 cm, se vende en packs de 25. Absorbente, resistente y pr\u00e1ctica para la limpieza de superficies en entornos profesionales.\" \/>\n<meta property=\"og:url\" content=\"https:\/\/www.csj-emballages.com\/es\/produit\/25-fregonas-rosas-caladas-50-x-35-cm\/\" \/>\n<meta property=\"og:site_name\" content=\"CSJ Emballages\" \/>\n<meta property=\"article:publisher\" content=\"https:\/\/www.facebook.com\/csjemballages\" \/>\n<meta property=\"article:modified_time\" content=\"2026-04-28T00:10:37+00:00\" \/>\n<meta property=\"og:image\" content=\"https:\/\/www.csj-emballages.com\/wp-content\/uploads\/2024\/03\/Item08EC8252U.png\" \/>\n\t<meta property=\"og:image:width\" content=\"300\" \/>\n\t<meta property=\"og:image:height\" content=\"300\" \/>\n\t<meta property=\"og:image:type\" content=\"image\/png\" \/>\n<meta name=\"twitter:card\" content=\"summary_large_image\" \/>\n<meta name=\"twitter:label1\" content=\"Tiempo de lectura\" \/>\n\t<meta name=\"twitter:data1\" content=\"2 minutos\" \/>\n<script type=\"application\/ld+json\" class=\"yoast-schema-graph\">{\"@context\":\"https:\/\/schema.org\",\"@graph\":[{\"@type\":\"WebPage\",\"@id\":\"https:\/\/www.csj-emballages.com\/es\/produit\/25-fregonas-rosas-caladas-50-x-35-cm\/\",\"url\":\"https:\/\/www.csj-emballages.com\/es\/produit\/25-fregonas-rosas-caladas-50-x-35-cm\/\",\"name\":\"Bayeta de rejilla rosa de 50 x 35 cm, pack de 25\",\"isPartOf\":{\"@id\":\"https:\/\/www.csj-emballages.com\/es\/#website\"},\"primaryImageOfPage\":{\"@id\":\"https:\/\/www.csj-emballages.com\/es\/produit\/25-fregonas-rosas-caladas-50-x-35-cm\/#primaryimage\"},\"image\":{\"@id\":\"https:\/\/www.csj-emballages.com\/es\/produit\/25-fregonas-rosas-caladas-50-x-35-cm\/#primaryimage\"},\"thumbnailUrl\":\"https:\/\/www.csj-emballages.com\/wp-content\/uploads\/2024\/03\/Item08EC8252U.png\",\"datePublished\":\"2024-03-01T16:00:12+00:00\",\"dateModified\":\"2026-04-28T00:10:37+00:00\",\"description\":\"Bayeta de rejilla rosa de 50 x 35 cm, se vende en packs de 25. Absorbente, resistente y pr\u00e1ctica para la limpieza de superficies en entornos profesionales.\",\"breadcrumb\":{\"@id\":\"https:\/\/www.csj-emballages.com\/es\/produit\/25-fregonas-rosas-caladas-50-x-35-cm\/#breadcrumb\"},\"inLanguage\":\"es\",\"potentialAction\":[{\"@type\":\"ReadAction\",\"target\":[\"https:\/\/www.csj-emballages.com\/es\/produit\/25-fregonas-rosas-caladas-50-x-35-cm\/\"]}]},{\"@type\":\"ImageObject\",\"inLanguage\":\"es\",\"@id\":\"https:\/\/www.csj-emballages.com\/es\/produit\/25-fregonas-rosas-caladas-50-x-35-cm\/#primaryimage\",\"url\":\"https:\/\/www.csj-emballages.com\/wp-content\/uploads\/2024\/03\/Item08EC8252U.png\",\"contentUrl\":\"https:\/\/www.csj-emballages.com\/wp-content\/uploads\/2024\/03\/Item08EC8252U.png\",\"width\":300,\"height\":300},{\"@type\":\"BreadcrumbList\",\"@id\":\"https:\/\/www.csj-emballages.com\/es\/produit\/25-fregonas-rosas-caladas-50-x-35-cm\/#breadcrumb\",\"itemListElement\":[{\"@type\":\"ListItem\",\"position\":1,\"name\":\"Accueil\",\"item\":\"https:\/\/www.csj-emballages.com\/es\/universo-del-envasado-alimentario\/\"},{\"@type\":\"ListItem\",\"position\":2,\"name\":\"Tienda\",\"item\":\"https:\/\/www.csj-emballages.com\/tienda\/\"},{\"@type\":\"ListItem\",\"position\":3,\"name\":\"Bayeta de rejilla rosa de 50 x 35 cm, pack de 25\"}]},{\"@type\":\"WebSite\",\"@id\":\"https:\/\/www.csj-emballages.com\/es\/#website\",\"url\":\"https:\/\/www.csj-emballages.com\/es\/\",\"name\":\"CSJ Emballages\",\"description\":\"\",\"publisher\":{\"@id\":\"https:\/\/www.csj-emballages.com\/es\/#organization\"},\"potentialAction\":[{\"@type\":\"SearchAction\",\"target\":{\"@type\":\"EntryPoint\",\"urlTemplate\":\"https:\/\/www.csj-emballages.com\/es\/?s={search_term_string}\"},\"query-input\":{\"@type\":\"PropertyValueSpecification\",\"valueRequired\":true,\"valueName\":\"search_term_string\"}}],\"inLanguage\":\"es\"},{\"@type\":\"Organization\",\"@id\":\"https:\/\/www.csj-emballages.com\/es\/#Organization\/\",\"name\":\"CSJ Emballages\",\"url\":\"https:\/\/www.csj-emballages.com\/es\/\",\"logo\":{\"@type\":\"ImageObject\",\"inLanguage\":\"es\",\"@id\":\"https:\/\/www.csj-emballages.com\/es\/#\/schema\/logo\/image\/\",\"url\":\"https:\/\/www.csj-emballages.com\/wp-content\/uploads\/2023\/10\/logo_csj.webp\",\"contentUrl\":\"https:\/\/www.csj-emballages.com\/wp-content\/uploads\/2023\/10\/logo_csj.webp\",\"width\":250,\"height\":95,\"caption\":\"CSJ Emballages\"},\"image\":{\"@id\":\"https:\/\/www.csj-emballages.com\/es\/#\/schema\/logo\/image\/\"},\"sameAs\":[\"https:\/\/www.facebook.com\/csjemballages\"],\"address\":{\"@type\":\"PostalAddress\",\"streetAddress\":\"ZI La Lechere\",\"addressLocality\":\"Patornay\",\"postalCode\":\"39130\",\"addressCountry\":\"FR\"},\"contactPoint\":[{\"@type\":\"ContactPoint\",\"contactType\":\"Service client\",\"telephone\":\"0384254272\",\"email\":\"contact@csj-emballages.com\"}]}]}<\/script>\n<!-- \/ Yoast SEO Premium plugin. -->","yoast_head_json":{"title":"Bayeta de rejilla rosa de 50 x 35 cm, pack de 25","description":"Bayeta de rejilla rosa de 50 x 35 cm, se vende en packs de 25. Absorbente, resistente y pr\u00e1ctica para la limpieza de superficies en entornos profesionales.","robots":{"index":"index","follow":"follow","max-snippet":"max-snippet:-1","max-image-preview":"max-image-preview:large","max-video-preview":"max-video-preview:-1"},"canonical":"https:\/\/www.csj-emballages.com\/es\/produit\/25-fregonas-rosas-caladas-50-x-35-cm\/","og_locale":"es_ES","og_type":"article","og_title":"Bayeta de rejilla rosa de 50 x 35 cm, pack de 25","og_description":"Bayeta de rejilla rosa de 50 x 35 cm, se vende en packs de 25. Absorbente, resistente y pr\u00e1ctica para la limpieza de superficies en entornos profesionales.","og_url":"https:\/\/www.csj-emballages.com\/es\/produit\/25-fregonas-rosas-caladas-50-x-35-cm\/","og_site_name":"CSJ Emballages","article_publisher":"https:\/\/www.facebook.com\/csjemballages","article_modified_time":"2026-04-28T00:10:37+00:00","og_image":[{"width":300,"height":300,"url":"https:\/\/www.csj-emballages.com\/wp-content\/uploads\/2024\/03\/Item08EC8252U.png","type":"image\/png"}],"twitter_card":"summary_large_image","twitter_misc":{"Tiempo de lectura":"2 minutos"},"schema":{"@context":"https:\/\/schema.org","@graph":[{"@type":"WebPage","@id":"https:\/\/www.csj-emballages.com\/es\/produit\/25-fregonas-rosas-caladas-50-x-35-cm\/","url":"https:\/\/www.csj-emballages.com\/es\/produit\/25-fregonas-rosas-caladas-50-x-35-cm\/","name":"Bayeta de rejilla rosa de 50 x 35 cm, pack de 25","isPartOf":{"@id":"https:\/\/www.csj-emballages.com\/es\/#website"},"primaryImageOfPage":{"@id":"https:\/\/www.csj-emballages.com\/es\/produit\/25-fregonas-rosas-caladas-50-x-35-cm\/#primaryimage"},"image":{"@id":"https:\/\/www.csj-emballages.com\/es\/produit\/25-fregonas-rosas-caladas-50-x-35-cm\/#primaryimage"},"thumbnailUrl":"https:\/\/www.csj-emballages.com\/wp-content\/uploads\/2024\/03\/Item08EC8252U.png","datePublished":"2024-03-01T16:00:12+00:00","dateModified":"2026-04-28T00:10:37+00:00","description":"Bayeta de rejilla rosa de 50 x 35 cm, se vende en packs de 25. Absorbente, resistente y pr\u00e1ctica para la limpieza de superficies en entornos profesionales.","breadcrumb":{"@id":"https:\/\/www.csj-emballages.com\/es\/produit\/25-fregonas-rosas-caladas-50-x-35-cm\/#breadcrumb"},"inLanguage":"es","potentialAction":[{"@type":"ReadAction","target":["https:\/\/www.csj-emballages.com\/es\/produit\/25-fregonas-rosas-caladas-50-x-35-cm\/"]}]},{"@type":"ImageObject","inLanguage":"es","@id":"https:\/\/www.csj-emballages.com\/es\/produit\/25-fregonas-rosas-caladas-50-x-35-cm\/#primaryimage","url":"https:\/\/www.csj-emballages.com\/wp-content\/uploads\/2024\/03\/Item08EC8252U.png","contentUrl":"https:\/\/www.csj-emballages.com\/wp-content\/uploads\/2024\/03\/Item08EC8252U.png","width":300,"height":300},{"@type":"BreadcrumbList","@id":"https:\/\/www.csj-emballages.com\/es\/produit\/25-fregonas-rosas-caladas-50-x-35-cm\/#breadcrumb","itemListElement":[{"@type":"ListItem","position":1,"name":"Accueil","item":"https:\/\/www.csj-emballages.com\/es\/universo-del-envasado-alimentario\/"},{"@type":"ListItem","position":2,"name":"Tienda","item":"https:\/\/www.csj-emballages.com\/tienda\/"},{"@type":"ListItem","position":3,"name":"Bayeta de rejilla rosa de 50 x 35 cm, pack de 25"}]},{"@type":"WebSite","@id":"https:\/\/www.csj-emballages.com\/es\/#website","url":"https:\/\/www.csj-emballages.com\/es\/","name":"CSJ Emballages","description":"","publisher":{"@id":"https:\/\/www.csj-emballages.com\/es\/#organization"},"potentialAction":[{"@type":"SearchAction","target":{"@type":"EntryPoint","urlTemplate":"https:\/\/www.csj-emballages.com\/es\/?s={search_term_string}"},"query-input":{"@type":"PropertyValueSpecification","valueRequired":true,"valueName":"search_term_string"}}],"inLanguage":"es"},{"@type":"Organization","@id":"https:\/\/www.csj-emballages.com\/es\/#Organization\/","name":"CSJ Emballages","url":"https:\/\/www.csj-emballages.com\/es\/","logo":{"@type":"ImageObject","inLanguage":"es","@id":"https:\/\/www.csj-emballages.com\/es\/#\/schema\/logo\/image\/","url":"https:\/\/www.csj-emballages.com\/wp-content\/uploads\/2023\/10\/logo_csj.webp","contentUrl":"https:\/\/www.csj-emballages.com\/wp-content\/uploads\/2023\/10\/logo_csj.webp","width":250,"height":95,"caption":"CSJ Emballages"},"image":{"@id":"https:\/\/www.csj-emballages.com\/es\/#\/schema\/logo\/image\/"},"sameAs":["https:\/\/www.facebook.com\/csjemballages"],"address":{"@type":"PostalAddress","streetAddress":"ZI La Lechere","addressLocality":"Patornay","postalCode":"39130","addressCountry":"FR"},"contactPoint":[{"@type":"ContactPoint","contactType":"Service client","telephone":"0384254272","email":"contact@csj-emballages.com"}]}]}},"df_price":4.55,"df_sale_price":"","df_regular_price":4.55,"df_image_link":"https:\/\/www.csj-emballages.com\/wp-content\/uploads\/2024\/03\/Item08EC8252U.png","tiered_pricing_type":"fixed","tiered_pricing_fixed_rules":[],"tiered_pricing_percentage_rules":[],"tiered_pricing_minimum":1,"tiered_pricing_roles_data":[],"_links":{"self":[{"href":"https:\/\/www.csj-emballages.com\/es\/wp-json\/wp\/v2\/product\/17402","targetHints":{"allow":["GET"]}}],"collection":[{"href":"https:\/\/www.csj-emballages.com\/es\/wp-json\/wp\/v2\/product"}],"about":[{"href":"https:\/\/www.csj-emballages.com\/es\/wp-json\/wp\/v2\/types\/product"}],"wp:featuredmedia":[{"embeddable":true,"href":"https:\/\/www.csj-emballages.com\/es\/wp-json\/wp\/v2\/media\/11833"}],"wp:attachment":[{"href":"https:\/\/www.csj-emballages.com\/es\/wp-json\/wp\/v2\/media?parent=17402"}],"wp:term":[{"taxonomy":"product_brand","embeddable":true,"href":"https:\/\/www.csj-emballages.com\/es\/wp-json\/wp\/v2\/product_brand?post=17402"},{"taxonomy":"product_cat","embeddable":true,"href":"https:\/\/www.csj-emballages.com\/es\/wp-json\/wp\/v2\/product_cat?post=17402"},{"taxonomy":"product_tag","embeddable":true,"href":"https:\/\/www.csj-emballages.com\/es\/wp-json\/wp\/v2\/product_tag?post=17402"}],"curies":[{"name":"wp","href":"https:\/\/api.w.org\/{rel}","templated":true}]}}