{"id":17399,"date":"2024-03-01T16:59:43","date_gmt":"2024-03-01T15:59:43","guid":{"rendered":"https:\/\/u15jnbdpoq.preview.infomaniak.website\/produit\/pimienta-negra-en-grano-1-kg\/"},"modified":"2026-03-26T02:10:28","modified_gmt":"2026-03-26T01:10:28","slug":"pimienta-negra-en-grano-1-kg","status":"publish","type":"product","link":"https:\/\/www.csj-emballages.com\/es\/produit\/pimienta-negra-en-grano-1-kg\/","title":{"rendered":"Pimienta negra en grano 1 kg"},"content":{"rendered":"<h2>Pimienta negra en grano<\/h2>\n<div style=\"font-family: Roboto, sans-serif;\">\n<div style=\"font-family: Roboto, sans-serif;\">\n<div style=\"font-family: Roboto, sans-serif;\">\n<div style=\"font-family: Roboto, sans-serif;\">\n<div style=\"font-family: Roboto, sans-serif;\">\n<div style=\"font-family: Roboto, sans-serif;\">\n<hr>\n<h3>Descripci\u00f3n de nuestros granos de pimienta negra<\/h3>\n<p><!--more--><\/p>\n<p data-start=\"178\" data-end=\"510\">La <strong>pimienta negra en grano<\/strong> es ese peque\u00f1o detalle que lo cambia todo en una cocina. Con este formato de <strong data-start=\"275\" data-end=\"283\">1 kg<\/strong>, tiene suficiente para sazonar generosamente, sin quedarse nunca corto. Cada grano libera un aroma intenso en cuanto se machaca, aportando car\u00e1cter tanto a los platos m\u00e1s sencillos como a las recetas m\u00e1s elaboradas.  <\/p>\n<p data-start=\"512\" data-end=\"877\">Desde la molienda, los aromas se revelan: una nota ligeramente picante, un toque amaderado y ese calor que realza las carnes, las salsas, las verduras o incluso algunos postres. A diferencia de la <strong>pimienta<\/strong> ya molida, el grano conserva toda su potencia y su sabor durante m\u00e1s tiempo. As\u00ed, usted controla la intensidad, seg\u00fan sus gustos y su estilo de cocina.  <\/p>\n<p data-start=\"879\" data-end=\"1261\">Este envase de <strong data-start=\"900\" data-end=\"908\">1 kg<\/strong> est\u00e1 dirigido tanto a profesionales como a aficionados a los que les gusta cocinar sin concesiones. En la cocina de un restaurante, en un servicio de catering o en una colectividad, permite trabajar eficazmente garantizando una calidad constante. En casa, es la soluci\u00f3n ideal para quienes desean un producto duradero, econ\u00f3mico y siempre listo para usar.  <\/p>\n<p data-start=\"1263\" data-end=\"1543\">Adem\u00e1s, la <strong>pimienta negra<\/strong> se integra f\u00e1cilmente en todos los universos culinarios. Acompa\u00f1a a los platos tradicionales, pero tambi\u00e9n encuentra su lugar en recetas m\u00e1s modernas o creativas. A menudo, una simple pizca basta para despertar una preparaci\u00f3n y darle relieve.  <\/p>\n<p data-start=\"1545\" data-end=\"1759\">En resumen, esta <strong>pimienta negra en grano<\/strong> es un imprescindible del d\u00eda a d\u00eda. Aporta profundidad, calidez y una verdadera firma gustativa a cada plato, sin robar nunca el protagonismo a los dem\u00e1s ingredientes. <\/p>\n<p data-start=\"1545\" data-end=\"1759\">\n<p><!--more--><\/p>\n<p><strong>Ventajas :<\/strong><\/p>\n<ul>\n<li>La pimienta negra en grano ofrece un aroma potente que realza los sabores de sus platos<\/li>\n<li>Ideal para adobos, salsas y parrilladas, la pimienta negra en grano a\u00f1ade una nota especiada irresistible<\/li>\n<li>El envase de 1 kg es perfecto para chefs, restauradores y cocineros aficionados apasionados<\/li>\n<li>Esta especia combina a la perfecci\u00f3n con carnes, verduras y otros ingredientes<\/li>\n<\/ul>\n<\/div>\n<\/div>\n<\/div>\n<\/div>\n<\/div>\n<\/div>\n<p>&nbsp;<\/p>\n<p><!--more--><\/p>\n<h4>Informaci\u00f3n adicional :<\/h4>\n<ul>\n<li><strong>Envase<\/strong>: Envase de 1 kg<\/li>\n<li><strong>Formato<\/strong>: Grano<\/li>\n<\/ul>\n<p>&nbsp;<\/p>\n<p><!--more--><\/p>\n<p>Tambi\u00e9n disponible en <span style=\"color: #d12727;\"><br \/>\n  <a style=\"color: #d12727;\" href=\"https:\/\/www.csj-emballages.com\/es\/produit\/pimienta-negra-molida-1-kg\/\">pimienta negra molida<\/a><br \/>\n<\/span><\/p>\n<p>&nbsp;<\/p>\n<p><!--more--><\/p>\n<p><a href=\"https:\/\/www.csj-emballages.com\/es\/categorie-produit\/alimentacion-es\/especias\/especias-sencillas\/\">Consulta el resto de nuestra gama de especias sencillas aqu\u00ed<\/a><\/p>\n","protected":false},"excerpt":{"rendered":"<p>Pimienta negra en grano Descripci\u00f3n de nuestros granos de pimienta negra<\/p>\n","protected":false},"featured_media":225713,"template":"","meta":{"_acf_changed":false},"product_brand":[],"product_cat":[1162,1454,1455],"product_tag":[],"class_list":{"0":"post-17399","1":"product","2":"type-product","3":"status-publish","4":"has-post-thumbnail","6":"product_cat-alimentacion-es","7":"product_cat-especias","8":"product_cat-especias-sencillas","10":"first","11":"instock","12":"taxable","13":"shipping-taxable","14":"purchasable","15":"product-type-simple"},"acf":[],"yoast_head":"<!-- This site is optimized with the Yoast SEO Premium plugin v26.6 (Yoast SEO v26.6) - https:\/\/yoast.com\/wordpress\/plugins\/seo\/ -->\n<title>Pimienta negra en grano 1kg \/ Envase CSJ<\/title>\n<meta name=\"description\" content=\"Pimienta negra en grano 1 kg - Se vende en bolsas, perfectas para profesionales y aficionados, que aportan un sabor intenso a tus platos.\" \/>\n<meta name=\"robots\" content=\"index, follow, max-snippet:-1, max-image-preview:large, max-video-preview:-1\" \/>\n<link rel=\"canonical\" href=\"https:\/\/www.csj-emballages.com\/es\/produit\/pimienta-negra-en-grano-1-kg\/\" \/>\n<meta property=\"og:locale\" content=\"es_ES\" \/>\n<meta property=\"og:type\" content=\"article\" \/>\n<meta property=\"og:title\" content=\"Pimienta negra en grano 1 kg\" \/>\n<meta property=\"og:description\" content=\"Pimienta negra en grano 1 kg - Se vende en bolsas, perfectas para profesionales y aficionados, que aportan un sabor intenso a tus platos.\" \/>\n<meta property=\"og:url\" content=\"https:\/\/www.csj-emballages.com\/es\/produit\/pimienta-negra-en-grano-1-kg\/\" \/>\n<meta property=\"og:site_name\" content=\"CSJ Emballages\" \/>\n<meta property=\"article:publisher\" content=\"https:\/\/www.facebook.com\/csjemballages\" \/>\n<meta property=\"article:modified_time\" content=\"2026-03-26T01:10:28+00:00\" \/>\n<meta property=\"og:image\" content=\"https:\/\/www.csj-emballages.com\/wp-content\/uploads\/2024\/03\/Poivre-noir-grain.webp\" \/>\n\t<meta property=\"og:image:width\" content=\"800\" \/>\n\t<meta property=\"og:image:height\" content=\"800\" \/>\n\t<meta property=\"og:image:type\" content=\"image\/webp\" \/>\n<meta name=\"twitter:card\" content=\"summary_large_image\" \/>\n<meta name=\"twitter:label1\" content=\"Tiempo de lectura\" \/>\n\t<meta name=\"twitter:data1\" content=\"2 minutos\" \/>\n<script type=\"application\/ld+json\" class=\"yoast-schema-graph\">{\"@context\":\"https:\/\/schema.org\",\"@graph\":[{\"@type\":\"WebPage\",\"@id\":\"https:\/\/www.csj-emballages.com\/es\/produit\/pimienta-negra-en-grano-1-kg\/\",\"url\":\"https:\/\/www.csj-emballages.com\/es\/produit\/pimienta-negra-en-grano-1-kg\/\",\"name\":\"Pimienta negra en grano 1kg \/ Envase CSJ\",\"isPartOf\":{\"@id\":\"https:\/\/www.csj-emballages.com\/es\/#website\"},\"primaryImageOfPage\":{\"@id\":\"https:\/\/www.csj-emballages.com\/es\/produit\/pimienta-negra-en-grano-1-kg\/#primaryimage\"},\"image\":{\"@id\":\"https:\/\/www.csj-emballages.com\/es\/produit\/pimienta-negra-en-grano-1-kg\/#primaryimage\"},\"thumbnailUrl\":\"https:\/\/www.csj-emballages.com\/wp-content\/uploads\/2024\/03\/Poivre-noir-grain.webp\",\"datePublished\":\"2024-03-01T15:59:43+00:00\",\"dateModified\":\"2026-03-26T01:10:28+00:00\",\"description\":\"Pimienta negra en grano 1 kg - Se vende en bolsas, perfectas para profesionales y aficionados, que aportan un sabor intenso a tus platos.\",\"breadcrumb\":{\"@id\":\"https:\/\/www.csj-emballages.com\/es\/produit\/pimienta-negra-en-grano-1-kg\/#breadcrumb\"},\"inLanguage\":\"es\",\"potentialAction\":[{\"@type\":\"ReadAction\",\"target\":[\"https:\/\/www.csj-emballages.com\/es\/produit\/pimienta-negra-en-grano-1-kg\/\"]}]},{\"@type\":\"ImageObject\",\"inLanguage\":\"es\",\"@id\":\"https:\/\/www.csj-emballages.com\/es\/produit\/pimienta-negra-en-grano-1-kg\/#primaryimage\",\"url\":\"https:\/\/www.csj-emballages.com\/wp-content\/uploads\/2024\/03\/Poivre-noir-grain.webp\",\"contentUrl\":\"https:\/\/www.csj-emballages.com\/wp-content\/uploads\/2024\/03\/Poivre-noir-grain.webp\",\"width\":800,\"height\":800,\"caption\":\"Poivre noir grain\"},{\"@type\":\"BreadcrumbList\",\"@id\":\"https:\/\/www.csj-emballages.com\/es\/produit\/pimienta-negra-en-grano-1-kg\/#breadcrumb\",\"itemListElement\":[{\"@type\":\"ListItem\",\"position\":1,\"name\":\"Accueil\",\"item\":\"https:\/\/www.csj-emballages.com\/es\/universo-del-envasado-alimentario\/\"},{\"@type\":\"ListItem\",\"position\":2,\"name\":\"Tienda\",\"item\":\"https:\/\/www.csj-emballages.com\/tienda\/\"},{\"@type\":\"ListItem\",\"position\":3,\"name\":\"Pimienta negra en grano 1 kg\"}]},{\"@type\":\"WebSite\",\"@id\":\"https:\/\/www.csj-emballages.com\/es\/#website\",\"url\":\"https:\/\/www.csj-emballages.com\/es\/\",\"name\":\"CSJ Emballages\",\"description\":\"\",\"publisher\":{\"@id\":\"https:\/\/www.csj-emballages.com\/es\/#organization\"},\"potentialAction\":[{\"@type\":\"SearchAction\",\"target\":{\"@type\":\"EntryPoint\",\"urlTemplate\":\"https:\/\/www.csj-emballages.com\/es\/?s={search_term_string}\"},\"query-input\":{\"@type\":\"PropertyValueSpecification\",\"valueRequired\":true,\"valueName\":\"search_term_string\"}}],\"inLanguage\":\"es\"},{\"@type\":\"Organization\",\"@id\":\"https:\/\/www.csj-emballages.com\/es\/#Organization\/\",\"name\":\"CSJ Emballages\",\"url\":\"https:\/\/www.csj-emballages.com\/es\/\",\"logo\":{\"@type\":\"ImageObject\",\"inLanguage\":\"es\",\"@id\":\"https:\/\/www.csj-emballages.com\/es\/#\/schema\/logo\/image\/\",\"url\":\"https:\/\/www.csj-emballages.com\/wp-content\/uploads\/2023\/10\/logo_csj.webp\",\"contentUrl\":\"https:\/\/www.csj-emballages.com\/wp-content\/uploads\/2023\/10\/logo_csj.webp\",\"width\":250,\"height\":95,\"caption\":\"CSJ Emballages\"},\"image\":{\"@id\":\"https:\/\/www.csj-emballages.com\/es\/#\/schema\/logo\/image\/\"},\"sameAs\":[\"https:\/\/www.facebook.com\/csjemballages\"],\"address\":{\"@type\":\"PostalAddress\",\"streetAddress\":\"ZI La Lechere\",\"addressLocality\":\"Patornay\",\"postalCode\":\"39130\",\"addressCountry\":\"FR\"},\"contactPoint\":[{\"@type\":\"ContactPoint\",\"contactType\":\"Service client\",\"telephone\":\"0384254272\",\"email\":\"contact@csj-emballages.com\"}]}]}<\/script>\n<!-- \/ Yoast SEO Premium plugin. -->","yoast_head_json":{"title":"Pimienta negra en grano 1kg \/ Envase CSJ","description":"Pimienta negra en grano 1 kg - Se vende en bolsas, perfectas para profesionales y aficionados, que aportan un sabor intenso a tus platos.","robots":{"index":"index","follow":"follow","max-snippet":"max-snippet:-1","max-image-preview":"max-image-preview:large","max-video-preview":"max-video-preview:-1"},"canonical":"https:\/\/www.csj-emballages.com\/es\/produit\/pimienta-negra-en-grano-1-kg\/","og_locale":"es_ES","og_type":"article","og_title":"Pimienta negra en grano 1 kg","og_description":"Pimienta negra en grano 1 kg - Se vende en bolsas, perfectas para profesionales y aficionados, que aportan un sabor intenso a tus platos.","og_url":"https:\/\/www.csj-emballages.com\/es\/produit\/pimienta-negra-en-grano-1-kg\/","og_site_name":"CSJ Emballages","article_publisher":"https:\/\/www.facebook.com\/csjemballages","article_modified_time":"2026-03-26T01:10:28+00:00","og_image":[{"width":800,"height":800,"url":"https:\/\/www.csj-emballages.com\/wp-content\/uploads\/2024\/03\/Poivre-noir-grain.webp","type":"image\/webp"}],"twitter_card":"summary_large_image","twitter_misc":{"Tiempo de lectura":"2 minutos"},"schema":{"@context":"https:\/\/schema.org","@graph":[{"@type":"WebPage","@id":"https:\/\/www.csj-emballages.com\/es\/produit\/pimienta-negra-en-grano-1-kg\/","url":"https:\/\/www.csj-emballages.com\/es\/produit\/pimienta-negra-en-grano-1-kg\/","name":"Pimienta negra en grano 1kg \/ Envase CSJ","isPartOf":{"@id":"https:\/\/www.csj-emballages.com\/es\/#website"},"primaryImageOfPage":{"@id":"https:\/\/www.csj-emballages.com\/es\/produit\/pimienta-negra-en-grano-1-kg\/#primaryimage"},"image":{"@id":"https:\/\/www.csj-emballages.com\/es\/produit\/pimienta-negra-en-grano-1-kg\/#primaryimage"},"thumbnailUrl":"https:\/\/www.csj-emballages.com\/wp-content\/uploads\/2024\/03\/Poivre-noir-grain.webp","datePublished":"2024-03-01T15:59:43+00:00","dateModified":"2026-03-26T01:10:28+00:00","description":"Pimienta negra en grano 1 kg - Se vende en bolsas, perfectas para profesionales y aficionados, que aportan un sabor intenso a tus platos.","breadcrumb":{"@id":"https:\/\/www.csj-emballages.com\/es\/produit\/pimienta-negra-en-grano-1-kg\/#breadcrumb"},"inLanguage":"es","potentialAction":[{"@type":"ReadAction","target":["https:\/\/www.csj-emballages.com\/es\/produit\/pimienta-negra-en-grano-1-kg\/"]}]},{"@type":"ImageObject","inLanguage":"es","@id":"https:\/\/www.csj-emballages.com\/es\/produit\/pimienta-negra-en-grano-1-kg\/#primaryimage","url":"https:\/\/www.csj-emballages.com\/wp-content\/uploads\/2024\/03\/Poivre-noir-grain.webp","contentUrl":"https:\/\/www.csj-emballages.com\/wp-content\/uploads\/2024\/03\/Poivre-noir-grain.webp","width":800,"height":800,"caption":"Poivre noir grain"},{"@type":"BreadcrumbList","@id":"https:\/\/www.csj-emballages.com\/es\/produit\/pimienta-negra-en-grano-1-kg\/#breadcrumb","itemListElement":[{"@type":"ListItem","position":1,"name":"Accueil","item":"https:\/\/www.csj-emballages.com\/es\/universo-del-envasado-alimentario\/"},{"@type":"ListItem","position":2,"name":"Tienda","item":"https:\/\/www.csj-emballages.com\/tienda\/"},{"@type":"ListItem","position":3,"name":"Pimienta negra en grano 1 kg"}]},{"@type":"WebSite","@id":"https:\/\/www.csj-emballages.com\/es\/#website","url":"https:\/\/www.csj-emballages.com\/es\/","name":"CSJ Emballages","description":"","publisher":{"@id":"https:\/\/www.csj-emballages.com\/es\/#organization"},"potentialAction":[{"@type":"SearchAction","target":{"@type":"EntryPoint","urlTemplate":"https:\/\/www.csj-emballages.com\/es\/?s={search_term_string}"},"query-input":{"@type":"PropertyValueSpecification","valueRequired":true,"valueName":"search_term_string"}}],"inLanguage":"es"},{"@type":"Organization","@id":"https:\/\/www.csj-emballages.com\/es\/#Organization\/","name":"CSJ Emballages","url":"https:\/\/www.csj-emballages.com\/es\/","logo":{"@type":"ImageObject","inLanguage":"es","@id":"https:\/\/www.csj-emballages.com\/es\/#\/schema\/logo\/image\/","url":"https:\/\/www.csj-emballages.com\/wp-content\/uploads\/2023\/10\/logo_csj.webp","contentUrl":"https:\/\/www.csj-emballages.com\/wp-content\/uploads\/2023\/10\/logo_csj.webp","width":250,"height":95,"caption":"CSJ Emballages"},"image":{"@id":"https:\/\/www.csj-emballages.com\/es\/#\/schema\/logo\/image\/"},"sameAs":["https:\/\/www.facebook.com\/csjemballages"],"address":{"@type":"PostalAddress","streetAddress":"ZI La Lechere","addressLocality":"Patornay","postalCode":"39130","addressCountry":"FR"},"contactPoint":[{"@type":"ContactPoint","contactType":"Service client","telephone":"0384254272","email":"contact@csj-emballages.com"}]}]}},"df_price":22.49,"df_sale_price":"","df_regular_price":22.49,"df_image_link":"https:\/\/www.csj-emballages.com\/wp-content\/uploads\/2024\/03\/Poivre-noir-grain-300x300.webp","tiered_pricing_type":"fixed","tiered_pricing_fixed_rules":[],"tiered_pricing_percentage_rules":[],"tiered_pricing_minimum":1,"tiered_pricing_roles_data":[],"_links":{"self":[{"href":"https:\/\/www.csj-emballages.com\/es\/wp-json\/wp\/v2\/product\/17399","targetHints":{"allow":["GET"]}}],"collection":[{"href":"https:\/\/www.csj-emballages.com\/es\/wp-json\/wp\/v2\/product"}],"about":[{"href":"https:\/\/www.csj-emballages.com\/es\/wp-json\/wp\/v2\/types\/product"}],"wp:featuredmedia":[{"embeddable":true,"href":"https:\/\/www.csj-emballages.com\/es\/wp-json\/wp\/v2\/media\/225713"}],"wp:attachment":[{"href":"https:\/\/www.csj-emballages.com\/es\/wp-json\/wp\/v2\/media?parent=17399"}],"wp:term":[{"taxonomy":"product_brand","embeddable":true,"href":"https:\/\/www.csj-emballages.com\/es\/wp-json\/wp\/v2\/product_brand?post=17399"},{"taxonomy":"product_cat","embeddable":true,"href":"https:\/\/www.csj-emballages.com\/es\/wp-json\/wp\/v2\/product_cat?post=17399"},{"taxonomy":"product_tag","embeddable":true,"href":"https:\/\/www.csj-emballages.com\/es\/wp-json\/wp\/v2\/product_tag?post=17399"}],"curies":[{"name":"wp","href":"https:\/\/api.w.org\/{rel}","templated":true}]}}