{"id":17392,"date":"2024-03-01T17:00:13","date_gmt":"2024-03-01T16:00:13","guid":{"rendered":"https:\/\/u15jnbdpoq.preview.infomaniak.website\/produit\/desinfectante-alimentario-deterquat-al-sin-aclarado-en-5-litros\/"},"modified":"2026-03-12T16:01:41","modified_gmt":"2026-03-12T15:01:41","slug":"desinfectante-alimentario-deterquat-al-sin-aclarado-en-5-litros","status":"publish","type":"product","link":"https:\/\/www.csj-emballages.com\/es\/produit\/desinfectante-alimentario-deterquat-al-sin-aclarado-en-5-litros\/","title":{"rendered":"Desinfectante alimentario \u00abdeterquat al\u00bb sin aclarado en 5 litros"},"content":{"rendered":"<h2>Desinfectante alimentario<\/h2>\n<hr>\n<h3>Descripci\u00f3n de nuestro desinfectante alimentario \u00abdeterquat al\u00bb sin aclarado en 5 litros<\/h3>\n<p><!--more--><\/p>\n<p data-start=\"276\" data-end=\"616\">El<strong> <\/strong><strong data-start=\"299\" data-end=\"315\">Deterquat AL<\/strong> es un <strong>desinfectante alimentario<\/strong> sin aclarado especialmente formulado para profesionales de la industria agroalimentaria, la restauraci\u00f3n y la industria. De hecho, ofrecido aqu\u00ed en un <strong>bid\u00f3n<\/strong> de <strong>5 litros,<\/strong> ofrece una soluci\u00f3n eficaz y sencilla para mantener un alto nivel de higiene, sin complejidad ni p\u00e9rdida de tiempo. <\/p>\n<p data-start=\"618\" data-end=\"946\">Es ideal para superficies que puedan entrar en contacto con alimentos: encimeras, utensilios, mesas, equipos de cocina o laboratorio. Su f\u00f3rmula bactericida, levuricida y fungicida elimina r\u00e1pidamente los microorganismos, respetando las normas de higiene m\u00e1s estrictas. <\/p>\n<p data-start=\"948\" data-end=\"1296\">Sin aclarado (excepto en caso de contacto directo con alimentos), este <strong>desinfectante alimentario<\/strong> es perfecto para un uso continuo, especialmente en entornos exigentes donde el ahorro de tiempo es esencial. El <strong>Deterquat AL<\/strong> tambi\u00e9n es apreciado por su versatilidad y facilidad de uso: se utiliza puro o diluido seg\u00fan el nivel de desinfecci\u00f3n deseado. <\/p>\n<p data-start=\"1298\" data-end=\"1470\">En resumen, ya sea usted un proveedor de catering, restaurador, panadero o incluso un particular preocupado por una higiene impecable, este <strong>desinfectante alimentario<\/strong> le garantiza eficacia, practicidad y conformidad.<\/p>\n<p>&nbsp;<\/p>\n<p><!--more--><\/p>\n<p><strong>DETERQUAT AL<\/strong> tambi\u00e9n puede utilizarse por inmersi\u00f3n para peque\u00f1os equipos.<\/p>\n<p>&nbsp;<\/p>\n<p><!--more--><\/p>\n<h4>Instrucciones de uso :<\/h4>\n<ul>\n<li>Pulveriza el producto puro<\/li>\n<li>D\u00e9jalo el tiempo necesario<\/li>\n<li>L\u00edmpialo con un pa\u00f1o limpio<\/li>\n<li>No necesita aclarado<\/li>\n<\/ul>\n<p>&nbsp;<\/p>\n<p><!--more--><\/p>\n<h4>Informaci\u00f3n adicional :<\/h4>\n<ul>\n<li><strong>Embalaje<\/strong>: Por unidad<\/li>\n<li><strong>Volumen<\/strong>: 5 litros<\/li>\n<li><strong>Uso<\/strong>: Desinfectante de superficies alimentarias<\/li>\n<\/ul>\n<p>&nbsp;<\/p>\n<p><!--more--><\/p>\n<p>Descubra aqu\u00ed nuestro Deterquat AL en formato de toallitas: <span style=\"color: #d12727;\"><a style=\"color: #d12727;\" href=\"https:\/\/www.csj-emballages.com\/produit\/200-lingettes-desinfectantes-alimentaires-sans-rincage-alimentaire\/\">toallitas desinfectantes AL <\/a><\/span> <\/p>\n<p>&nbsp;<\/p>\n<p><!--more--><\/p>\n<p><a href=\"https:\/\/www.csj-emballages.com\/es\/categorie-produit\/higiene-y-mantenimiento\/productos-de-limpieza\/cocina\/\">Consulte el resto de nuestra gama de productos de limpieza para cocinas<\/a><\/p>\n","protected":false},"excerpt":{"rendered":"<p>Desinfectante alimentario Descripci\u00f3n de nuestro desinfectante alimentario \u00abdeterquat al\u00bb sin aclarado en 5 litros<\/p>\n","protected":false},"featured_media":222226,"template":"","meta":{"_acf_changed":false},"product_brand":[],"product_cat":[1227,1355],"product_tag":[],"class_list":{"0":"post-17392","1":"product","2":"type-product","3":"status-publish","4":"has-post-thumbnail","6":"product_cat-productos-de-limpieza","7":"product_cat-cocina","8":"product_shipping_class-no-permitido-en-reles","10":"first","11":"outofstock","12":"taxable","13":"shipping-taxable","14":"purchasable","15":"product-type-simple"},"acf":[],"yoast_head":"<!-- This site is optimized with the Yoast SEO Premium plugin v26.6 (Yoast SEO v26.6) - https:\/\/yoast.com\/wordpress\/plugins\/seo\/ -->\n<title>Desinfectante Alimentario &quot;Deterquat al&quot; Sin Aclarado en 5 Litros<\/title>\n<meta name=\"description\" content=\"Desinfectante alimentario &quot;Deterquat AL&quot; sin aclarado \u2013 5 L. Elimina bacterias &amp; levaduras. Ideal para cocinas &amp; industrias alimentarias.\" \/>\n<meta name=\"robots\" content=\"index, follow, max-snippet:-1, max-image-preview:large, max-video-preview:-1\" \/>\n<link rel=\"canonical\" href=\"https:\/\/www.csj-emballages.com\/es\/produit\/desinfectante-alimentario-deterquat-al-sin-aclarado-en-5-litros\/\" \/>\n<meta property=\"og:locale\" content=\"es_ES\" \/>\n<meta property=\"og:type\" content=\"article\" \/>\n<meta property=\"og:title\" content=\"Desinfectante alimentario &quot;deterquat al&quot; sin aclarado en 5 litros\" \/>\n<meta property=\"og:description\" content=\"Desinfectante alimentario &quot;Deterquat AL&quot; sin aclarado \u2013 5 L. Elimina bacterias &amp; levaduras. Ideal para cocinas &amp; industrias alimentarias.\" \/>\n<meta property=\"og:url\" content=\"https:\/\/www.csj-emballages.com\/es\/produit\/desinfectante-alimentario-deterquat-al-sin-aclarado-en-5-litros\/\" \/>\n<meta property=\"og:site_name\" content=\"CSJ Emballages\" \/>\n<meta property=\"article:publisher\" content=\"https:\/\/www.facebook.com\/csjemballages\" \/>\n<meta property=\"article:modified_time\" content=\"2026-03-12T15:01:41+00:00\" \/>\n<meta property=\"og:image\" content=\"https:\/\/www.csj-emballages.com\/wp-content\/uploads\/2024\/03\/Deterquat-AL.webp\" \/>\n\t<meta property=\"og:image:width\" content=\"800\" \/>\n\t<meta property=\"og:image:height\" content=\"800\" \/>\n\t<meta property=\"og:image:type\" content=\"image\/webp\" \/>\n<meta name=\"twitter:card\" content=\"summary_large_image\" \/>\n<meta name=\"twitter:label1\" content=\"Tiempo de lectura\" \/>\n\t<meta name=\"twitter:data1\" content=\"1 minuto\" \/>\n<script type=\"application\/ld+json\" class=\"yoast-schema-graph\">{\"@context\":\"https:\/\/schema.org\",\"@graph\":[{\"@type\":\"WebPage\",\"@id\":\"https:\/\/www.csj-emballages.com\/es\/produit\/desinfectante-alimentario-deterquat-al-sin-aclarado-en-5-litros\/\",\"url\":\"https:\/\/www.csj-emballages.com\/es\/produit\/desinfectante-alimentario-deterquat-al-sin-aclarado-en-5-litros\/\",\"name\":\"Desinfectante Alimentario \\\"Deterquat al\\\" Sin Aclarado en 5 Litros\",\"isPartOf\":{\"@id\":\"https:\/\/www.csj-emballages.com\/es\/#website\"},\"primaryImageOfPage\":{\"@id\":\"https:\/\/www.csj-emballages.com\/es\/produit\/desinfectante-alimentario-deterquat-al-sin-aclarado-en-5-litros\/#primaryimage\"},\"image\":{\"@id\":\"https:\/\/www.csj-emballages.com\/es\/produit\/desinfectante-alimentario-deterquat-al-sin-aclarado-en-5-litros\/#primaryimage\"},\"thumbnailUrl\":\"https:\/\/www.csj-emballages.com\/wp-content\/uploads\/2024\/03\/Deterquat-AL.webp\",\"datePublished\":\"2024-03-01T16:00:13+00:00\",\"dateModified\":\"2026-03-12T15:01:41+00:00\",\"description\":\"Desinfectante alimentario \\\"Deterquat AL\\\" sin aclarado \u2013 5 L. Elimina bacterias & levaduras. Ideal para cocinas & industrias alimentarias.\",\"breadcrumb\":{\"@id\":\"https:\/\/www.csj-emballages.com\/es\/produit\/desinfectante-alimentario-deterquat-al-sin-aclarado-en-5-litros\/#breadcrumb\"},\"inLanguage\":\"es\",\"potentialAction\":[{\"@type\":\"ReadAction\",\"target\":[\"https:\/\/www.csj-emballages.com\/es\/produit\/desinfectante-alimentario-deterquat-al-sin-aclarado-en-5-litros\/\"]}]},{\"@type\":\"ImageObject\",\"inLanguage\":\"es\",\"@id\":\"https:\/\/www.csj-emballages.com\/es\/produit\/desinfectante-alimentario-deterquat-al-sin-aclarado-en-5-litros\/#primaryimage\",\"url\":\"https:\/\/www.csj-emballages.com\/wp-content\/uploads\/2024\/03\/Deterquat-AL.webp\",\"contentUrl\":\"https:\/\/www.csj-emballages.com\/wp-content\/uploads\/2024\/03\/Deterquat-AL.webp\",\"width\":800,\"height\":800,\"caption\":\"D\u00e9sinfectant alimentaire\"},{\"@type\":\"BreadcrumbList\",\"@id\":\"https:\/\/www.csj-emballages.com\/es\/produit\/desinfectante-alimentario-deterquat-al-sin-aclarado-en-5-litros\/#breadcrumb\",\"itemListElement\":[{\"@type\":\"ListItem\",\"position\":1,\"name\":\"Accueil\",\"item\":\"https:\/\/www.csj-emballages.com\/es\/universo-del-envasado-alimentario\/\"},{\"@type\":\"ListItem\",\"position\":2,\"name\":\"Tienda\",\"item\":\"https:\/\/www.csj-emballages.com\/tienda\/\"},{\"@type\":\"ListItem\",\"position\":3,\"name\":\"Desinfectante alimentario \u00ab\u00a0deterquat al\u00a0\u00bb sin aclarado en 5 litros\"}]},{\"@type\":\"WebSite\",\"@id\":\"https:\/\/www.csj-emballages.com\/es\/#website\",\"url\":\"https:\/\/www.csj-emballages.com\/es\/\",\"name\":\"CSJ Emballages\",\"description\":\"\",\"publisher\":{\"@id\":\"https:\/\/www.csj-emballages.com\/es\/#organization\"},\"potentialAction\":[{\"@type\":\"SearchAction\",\"target\":{\"@type\":\"EntryPoint\",\"urlTemplate\":\"https:\/\/www.csj-emballages.com\/es\/?s={search_term_string}\"},\"query-input\":{\"@type\":\"PropertyValueSpecification\",\"valueRequired\":true,\"valueName\":\"search_term_string\"}}],\"inLanguage\":\"es\"},{\"@type\":\"Organization\",\"@id\":\"https:\/\/www.csj-emballages.com\/es\/#Organization\/\",\"name\":\"CSJ Emballages\",\"url\":\"https:\/\/www.csj-emballages.com\/es\/\",\"logo\":{\"@type\":\"ImageObject\",\"inLanguage\":\"es\",\"@id\":\"https:\/\/www.csj-emballages.com\/es\/#\/schema\/logo\/image\/\",\"url\":\"https:\/\/www.csj-emballages.com\/wp-content\/uploads\/2023\/10\/logo_csj.webp\",\"contentUrl\":\"https:\/\/www.csj-emballages.com\/wp-content\/uploads\/2023\/10\/logo_csj.webp\",\"width\":250,\"height\":95,\"caption\":\"CSJ Emballages\"},\"image\":{\"@id\":\"https:\/\/www.csj-emballages.com\/es\/#\/schema\/logo\/image\/\"},\"sameAs\":[\"https:\/\/www.facebook.com\/csjemballages\"],\"address\":{\"@type\":\"PostalAddress\",\"streetAddress\":\"ZI La Lechere\",\"addressLocality\":\"Patornay\",\"postalCode\":\"39130\",\"addressCountry\":\"FR\"},\"contactPoint\":[{\"@type\":\"ContactPoint\",\"contactType\":\"Service client\",\"telephone\":\"0384254272\",\"email\":\"contact@csj-emballages.com\"}]}]}<\/script>\n<!-- \/ Yoast SEO Premium plugin. -->","yoast_head_json":{"title":"Desinfectante Alimentario \"Deterquat al\" Sin Aclarado en 5 Litros","description":"Desinfectante alimentario \"Deterquat AL\" sin aclarado \u2013 5 L. Elimina bacterias & levaduras. Ideal para cocinas & industrias alimentarias.","robots":{"index":"index","follow":"follow","max-snippet":"max-snippet:-1","max-image-preview":"max-image-preview:large","max-video-preview":"max-video-preview:-1"},"canonical":"https:\/\/www.csj-emballages.com\/es\/produit\/desinfectante-alimentario-deterquat-al-sin-aclarado-en-5-litros\/","og_locale":"es_ES","og_type":"article","og_title":"Desinfectante alimentario \"deterquat al\" sin aclarado en 5 litros","og_description":"Desinfectante alimentario \"Deterquat AL\" sin aclarado \u2013 5 L. Elimina bacterias & levaduras. Ideal para cocinas & industrias alimentarias.","og_url":"https:\/\/www.csj-emballages.com\/es\/produit\/desinfectante-alimentario-deterquat-al-sin-aclarado-en-5-litros\/","og_site_name":"CSJ Emballages","article_publisher":"https:\/\/www.facebook.com\/csjemballages","article_modified_time":"2026-03-12T15:01:41+00:00","og_image":[{"width":800,"height":800,"url":"https:\/\/www.csj-emballages.com\/wp-content\/uploads\/2024\/03\/Deterquat-AL.webp","type":"image\/webp"}],"twitter_card":"summary_large_image","twitter_misc":{"Tiempo de lectura":"1 minuto"},"schema":{"@context":"https:\/\/schema.org","@graph":[{"@type":"WebPage","@id":"https:\/\/www.csj-emballages.com\/es\/produit\/desinfectante-alimentario-deterquat-al-sin-aclarado-en-5-litros\/","url":"https:\/\/www.csj-emballages.com\/es\/produit\/desinfectante-alimentario-deterquat-al-sin-aclarado-en-5-litros\/","name":"Desinfectante Alimentario \"Deterquat al\" Sin Aclarado en 5 Litros","isPartOf":{"@id":"https:\/\/www.csj-emballages.com\/es\/#website"},"primaryImageOfPage":{"@id":"https:\/\/www.csj-emballages.com\/es\/produit\/desinfectante-alimentario-deterquat-al-sin-aclarado-en-5-litros\/#primaryimage"},"image":{"@id":"https:\/\/www.csj-emballages.com\/es\/produit\/desinfectante-alimentario-deterquat-al-sin-aclarado-en-5-litros\/#primaryimage"},"thumbnailUrl":"https:\/\/www.csj-emballages.com\/wp-content\/uploads\/2024\/03\/Deterquat-AL.webp","datePublished":"2024-03-01T16:00:13+00:00","dateModified":"2026-03-12T15:01:41+00:00","description":"Desinfectante alimentario \"Deterquat AL\" sin aclarado \u2013 5 L. Elimina bacterias & levaduras. Ideal para cocinas & industrias alimentarias.","breadcrumb":{"@id":"https:\/\/www.csj-emballages.com\/es\/produit\/desinfectante-alimentario-deterquat-al-sin-aclarado-en-5-litros\/#breadcrumb"},"inLanguage":"es","potentialAction":[{"@type":"ReadAction","target":["https:\/\/www.csj-emballages.com\/es\/produit\/desinfectante-alimentario-deterquat-al-sin-aclarado-en-5-litros\/"]}]},{"@type":"ImageObject","inLanguage":"es","@id":"https:\/\/www.csj-emballages.com\/es\/produit\/desinfectante-alimentario-deterquat-al-sin-aclarado-en-5-litros\/#primaryimage","url":"https:\/\/www.csj-emballages.com\/wp-content\/uploads\/2024\/03\/Deterquat-AL.webp","contentUrl":"https:\/\/www.csj-emballages.com\/wp-content\/uploads\/2024\/03\/Deterquat-AL.webp","width":800,"height":800,"caption":"D\u00e9sinfectant alimentaire"},{"@type":"BreadcrumbList","@id":"https:\/\/www.csj-emballages.com\/es\/produit\/desinfectante-alimentario-deterquat-al-sin-aclarado-en-5-litros\/#breadcrumb","itemListElement":[{"@type":"ListItem","position":1,"name":"Accueil","item":"https:\/\/www.csj-emballages.com\/es\/universo-del-envasado-alimentario\/"},{"@type":"ListItem","position":2,"name":"Tienda","item":"https:\/\/www.csj-emballages.com\/tienda\/"},{"@type":"ListItem","position":3,"name":"Desinfectante alimentario \u00ab\u00a0deterquat al\u00a0\u00bb sin aclarado en 5 litros"}]},{"@type":"WebSite","@id":"https:\/\/www.csj-emballages.com\/es\/#website","url":"https:\/\/www.csj-emballages.com\/es\/","name":"CSJ Emballages","description":"","publisher":{"@id":"https:\/\/www.csj-emballages.com\/es\/#organization"},"potentialAction":[{"@type":"SearchAction","target":{"@type":"EntryPoint","urlTemplate":"https:\/\/www.csj-emballages.com\/es\/?s={search_term_string}"},"query-input":{"@type":"PropertyValueSpecification","valueRequired":true,"valueName":"search_term_string"}}],"inLanguage":"es"},{"@type":"Organization","@id":"https:\/\/www.csj-emballages.com\/es\/#Organization\/","name":"CSJ Emballages","url":"https:\/\/www.csj-emballages.com\/es\/","logo":{"@type":"ImageObject","inLanguage":"es","@id":"https:\/\/www.csj-emballages.com\/es\/#\/schema\/logo\/image\/","url":"https:\/\/www.csj-emballages.com\/wp-content\/uploads\/2023\/10\/logo_csj.webp","contentUrl":"https:\/\/www.csj-emballages.com\/wp-content\/uploads\/2023\/10\/logo_csj.webp","width":250,"height":95,"caption":"CSJ Emballages"},"image":{"@id":"https:\/\/www.csj-emballages.com\/es\/#\/schema\/logo\/image\/"},"sameAs":["https:\/\/www.facebook.com\/csjemballages"],"address":{"@type":"PostalAddress","streetAddress":"ZI La Lechere","addressLocality":"Patornay","postalCode":"39130","addressCountry":"FR"},"contactPoint":[{"@type":"ContactPoint","contactType":"Service client","telephone":"0384254272","email":"contact@csj-emballages.com"}]}]}},"df_price":37.8,"df_sale_price":"","df_regular_price":37.8,"df_image_link":"https:\/\/www.csj-emballages.com\/wp-content\/uploads\/2024\/03\/Deterquat-AL-300x300.webp","tiered_pricing_type":"fixed","tiered_pricing_fixed_rules":[],"tiered_pricing_percentage_rules":[],"tiered_pricing_minimum":1,"tiered_pricing_roles_data":[],"_links":{"self":[{"href":"https:\/\/www.csj-emballages.com\/es\/wp-json\/wp\/v2\/product\/17392","targetHints":{"allow":["GET"]}}],"collection":[{"href":"https:\/\/www.csj-emballages.com\/es\/wp-json\/wp\/v2\/product"}],"about":[{"href":"https:\/\/www.csj-emballages.com\/es\/wp-json\/wp\/v2\/types\/product"}],"wp:featuredmedia":[{"embeddable":true,"href":"https:\/\/www.csj-emballages.com\/es\/wp-json\/wp\/v2\/media\/222226"}],"wp:attachment":[{"href":"https:\/\/www.csj-emballages.com\/es\/wp-json\/wp\/v2\/media?parent=17392"}],"wp:term":[{"taxonomy":"product_brand","embeddable":true,"href":"https:\/\/www.csj-emballages.com\/es\/wp-json\/wp\/v2\/product_brand?post=17392"},{"taxonomy":"product_cat","embeddable":true,"href":"https:\/\/www.csj-emballages.com\/es\/wp-json\/wp\/v2\/product_cat?post=17392"},{"taxonomy":"product_tag","embeddable":true,"href":"https:\/\/www.csj-emballages.com\/es\/wp-json\/wp\/v2\/product_tag?post=17392"}],"curies":[{"name":"wp","href":"https:\/\/api.w.org\/{rel}","templated":true}]}}