{"id":17376,"date":"2024-03-01T17:00:13","date_gmt":"2024-03-01T16:00:13","guid":{"rendered":"https:\/\/u15jnbdpoq.preview.infomaniak.website\/produit\/1-persona-plp-sabana-encimera-blanca-no-tejida-160-x-240-cm\/"},"modified":"2026-03-12T16:01:46","modified_gmt":"2026-03-12T15:01:46","slug":"1-persona-plp-sabana-encimera-blanca-no-tejida-160-x-240-cm","status":"publish","type":"product","link":"https:\/\/www.csj-emballages.com\/es\/produit\/1-persona-plp-sabana-encimera-blanca-no-tejida-160-x-240-cm\/","title":{"rendered":"S\u00e1bana desechable para 1 persona PLP de tela sin tejer blanca de 160 x 240 cm"},"content":{"rendered":"<h2>S\u00e1bana desechable<\/h2>\n<hr>\n<h3>Descripci\u00f3n de nuestra s\u00e1bana desechable para 1 persona PLP de tela sin tejer blanca de 160 x 240 cm<!--more--><\/h3>\n<div class=\"flex max-w-full flex-col flex-grow\">\n<div class=\"min-h-8 text-message flex w-full flex-col items-end gap-2 whitespace-normal break-words text-start [.text-message+&amp;]:mt-5\" dir=\"auto\" data-message-author-role=\"assistant\" data-message-id=\"266ca6f3-5e07-4948-bd20-80ac5e6da4a5\" data-message-model-slug=\"gpt-4o\">\n<div class=\"flex w-full flex-col gap-1 empty:hidden first:pt-[3px]\">\n<div class=\"markdown prose w-full break-words dark:prose-invert dark\">\n<p data-start=\"198\" data-end=\"571\">Esta <strong data-start=\"201\" data-end=\"230\">s\u00e1bana desechable individual<\/strong> de <strong data-start=\"234\" data-end=\"251\">PLP sin tejer<\/strong> es la soluci\u00f3n ideal para garantizar una higiene impecable sin complicaciones. Ligera, pr\u00e1ctica y agradable al tacto, permite equipar r\u00e1pidamente una cama, garantizando al mismo tiempo una protecci\u00f3n limpia e impecable. Su <strong data-start=\"462\" data-end=\"481\">color blanco<\/strong> transmite inmediatamente una imagen cuidada, perfecta para entornos profesionales.  <\/p>\n<p data-start=\"573\" data-end=\"934\">Con sus dimensiones de <strong data-start=\"593\" data-end=\"609\">160 x 240 cm<\/strong>, esta s\u00e1bana cubre f\u00e1cilmente una cama individual y se mantiene en su sitio durante el uso. Protege la ropa de cama de la suciedad, ofreciendo al mismo tiempo una comodidad suficiente para un uso puntual. El PLP sin tejer ofrece una buena resistencia al desgarro, a la vez que sigue siendo flexible, lo que evita el efecto \u00abpapel\u00bb que suele ser poco agradable.  <\/p>\n<p data-start=\"936\" data-end=\"1325\">Esta s\u00e1bana desechable encuentra su lugar de forma natural en <strong data-start=\"991\" data-end=\"1101\">hoteles, centros de atenci\u00f3n, institutos, hospitales, residencias de ancianos, alojamientos temporales o eventos<\/strong>. Permite un importante ahorro de tiempo: sin lavado, sin planchado, sin gesti\u00f3n de la ropa. Despu\u00e9s de su uso, se retira simplemente y deja paso a una cama limpia y lista para recibir al pr\u00f3ximo usuario.  <\/p>\n<p data-start=\"1327\" data-end=\"1545\">Adem\u00e1s, su formato <strong>desechable<\/strong> ayuda a mantener un <strong>alto nivel de higiene<\/strong>, especialmente apreciado en lugares de alta rotaci\u00f3n. Se integra f\u00e1cilmente en los procedimientos de limpieza y preparaci\u00f3n de las habitaciones. <\/p>\n<p data-start=\"1547\" data-end=\"1745\">En resumen, esta <strong>s\u00e1bana desechable individual<\/strong> combina sencillez, higiene y practicidad. Es una soluci\u00f3n eficaz para gestionar las camas sin esfuerzo, ofreciendo al mismo tiempo un entorno limpio y tranquilizador. <\/p>\n<p data-start=\"1547\" data-end=\"1745\">\n<p><strong>S\u00e1bana encimera individual<\/strong><\/p>\n<p>&nbsp;<\/p>\n<\/div>\n<\/div>\n<\/div>\n<\/div>\n<p><!--more--><\/p>\n<h4>Ventajas :<\/h4>\n<ul>\n<li data-start=\"1773\" data-end=\"1810\"><strong>S\u00e1bana desechable<\/strong> para cama individual.<\/li>\n<li data-start=\"1813\" data-end=\"1860\"><strong>Material PLP sin tejer<\/strong>, flexible y resistente.<\/li>\n<li data-start=\"1863\" data-end=\"1900\">Dimensiones generosas de <strong>160 x 240 cm<\/strong>.<\/li>\n<li data-start=\"1903\" data-end=\"1926\">Instalaci\u00f3n r\u00e1pida.<\/li>\n<li data-start=\"1929\" data-end=\"1960\">Higiene \u00f3ptima sin lavado.<\/li>\n<li data-start=\"1963\" data-end=\"1997\">Ideal para uso profesional.<\/li>\n<\/ul>\n<p>&nbsp;<\/p>\n<p><!--more--><\/p>\n<h4>Informaci\u00f3n adicional :<\/h4>\n<ul>\n<li><strong>Embalaje<\/strong>: Se vende individualmente<\/li>\n<li><strong>Dimensiones<\/strong>: 160 x 240 cm<\/li>\n<li><strong>Material<\/strong>: Polipropileno no tejido (PLP)<\/li>\n<li><strong>Color<\/strong>: blanco<\/li>\n<li><strong>Espesor<\/strong>: 25 gr\/m\u00b2.<\/li>\n<\/ul>\n<p>&nbsp;<\/p>\n<p><!--more--><\/p>\n<p><a href=\"https:\/\/www.csj-emballages.com\/es\/categorie-produit\/higiene-y-mantenimiento\/ropa-de-cama-desechable\/\">Ver el resto de nuestra gama de ropa de cama desechable<\/a><\/p>\n","protected":false},"excerpt":{"rendered":"<p>S\u00e1bana desechable Descripci\u00f3n de nuestra s\u00e1bana desechable para 1 persona PLP de tela sin tejer blanca de 160 x 240 cm<\/p>\n","protected":false},"featured_media":221108,"template":"","meta":{"_acf_changed":false},"product_brand":[],"product_cat":[1226,1440],"product_tag":[],"class_list":{"0":"post-17376","1":"product","2":"type-product","3":"status-publish","4":"has-post-thumbnail","6":"product_cat-higiene-y-mantenimiento","7":"product_cat-ropa-de-cama-desechable","9":"first","10":"instock","11":"taxable","12":"shipping-taxable","13":"purchasable","14":"product-type-simple"},"acf":[],"yoast_head":"<!-- This site is optimized with the Yoast SEO Premium plugin v26.6 (Yoast SEO v26.6) - https:\/\/yoast.com\/wordpress\/plugins\/seo\/ -->\n<title>S\u00e1bana desechable para 1 persona PLP de tela sin tejer blanca - 160 x 240 cm<\/title>\n<meta name=\"description\" content=\"S\u00e1bana desechable para 1 persona de 160 x 240 cm en PLP de tela sin tejer blanca. Higi\u00e9nica, pr\u00e1ctica y c\u00f3moda, ideal para hospitales, spas, hoteles o uso dom\u00e9stico.\" \/>\n<meta name=\"robots\" content=\"index, follow, max-snippet:-1, max-image-preview:large, max-video-preview:-1\" \/>\n<link rel=\"canonical\" href=\"https:\/\/www.csj-emballages.com\/es\/produit\/1-persona-plp-sabana-encimera-blanca-no-tejida-160-x-240-cm\/\" \/>\n<meta property=\"og:locale\" content=\"es_ES\" \/>\n<meta property=\"og:type\" content=\"article\" \/>\n<meta property=\"og:title\" content=\"S\u00e1bana desechable para 1 persona PLP de tela sin tejer blanca de 160 x 240 cm\" \/>\n<meta property=\"og:description\" content=\"S\u00e1bana desechable para 1 persona de 160 x 240 cm en PLP de tela sin tejer blanca. Higi\u00e9nica, pr\u00e1ctica y c\u00f3moda, ideal para hospitales, spas, hoteles o uso dom\u00e9stico.\" \/>\n<meta property=\"og:url\" content=\"https:\/\/www.csj-emballages.com\/es\/produit\/1-persona-plp-sabana-encimera-blanca-no-tejida-160-x-240-cm\/\" \/>\n<meta property=\"og:site_name\" content=\"CSJ Emballages\" \/>\n<meta property=\"article:publisher\" content=\"https:\/\/www.facebook.com\/csjemballages\" \/>\n<meta property=\"article:modified_time\" content=\"2026-03-12T15:01:46+00:00\" \/>\n<meta property=\"og:image\" content=\"https:\/\/www.csj-emballages.com\/wp-content\/uploads\/2024\/03\/369582eb-f483-42de-a272-c9a17351ca61.b270d2129f2ddbe7db24f2d78a86fe70.webp\" \/>\n\t<meta property=\"og:image:width\" content=\"1601\" \/>\n\t<meta property=\"og:image:height\" content=\"1601\" \/>\n\t<meta property=\"og:image:type\" content=\"image\/webp\" \/>\n<meta name=\"twitter:card\" content=\"summary_large_image\" \/>\n<meta name=\"twitter:label1\" content=\"Tiempo de lectura\" \/>\n\t<meta name=\"twitter:data1\" content=\"2 minutos\" \/>\n<script type=\"application\/ld+json\" class=\"yoast-schema-graph\">{\"@context\":\"https:\/\/schema.org\",\"@graph\":[{\"@type\":\"WebPage\",\"@id\":\"https:\/\/www.csj-emballages.com\/es\/produit\/1-persona-plp-sabana-encimera-blanca-no-tejida-160-x-240-cm\/\",\"url\":\"https:\/\/www.csj-emballages.com\/es\/produit\/1-persona-plp-sabana-encimera-blanca-no-tejida-160-x-240-cm\/\",\"name\":\"S\u00e1bana desechable para 1 persona PLP de tela sin tejer blanca - 160 x 240 cm\",\"isPartOf\":{\"@id\":\"https:\/\/www.csj-emballages.com\/es\/#website\"},\"primaryImageOfPage\":{\"@id\":\"https:\/\/www.csj-emballages.com\/es\/produit\/1-persona-plp-sabana-encimera-blanca-no-tejida-160-x-240-cm\/#primaryimage\"},\"image\":{\"@id\":\"https:\/\/www.csj-emballages.com\/es\/produit\/1-persona-plp-sabana-encimera-blanca-no-tejida-160-x-240-cm\/#primaryimage\"},\"thumbnailUrl\":\"https:\/\/www.csj-emballages.com\/wp-content\/uploads\/2024\/03\/369582eb-f483-42de-a272-c9a17351ca61.b270d2129f2ddbe7db24f2d78a86fe70.webp\",\"datePublished\":\"2024-03-01T16:00:13+00:00\",\"dateModified\":\"2026-03-12T15:01:46+00:00\",\"description\":\"S\u00e1bana desechable para 1 persona de 160 x 240 cm en PLP de tela sin tejer blanca. Higi\u00e9nica, pr\u00e1ctica y c\u00f3moda, ideal para hospitales, spas, hoteles o uso dom\u00e9stico.\",\"breadcrumb\":{\"@id\":\"https:\/\/www.csj-emballages.com\/es\/produit\/1-persona-plp-sabana-encimera-blanca-no-tejida-160-x-240-cm\/#breadcrumb\"},\"inLanguage\":\"es\",\"potentialAction\":[{\"@type\":\"ReadAction\",\"target\":[\"https:\/\/www.csj-emballages.com\/es\/produit\/1-persona-plp-sabana-encimera-blanca-no-tejida-160-x-240-cm\/\"]}]},{\"@type\":\"ImageObject\",\"inLanguage\":\"es\",\"@id\":\"https:\/\/www.csj-emballages.com\/es\/produit\/1-persona-plp-sabana-encimera-blanca-no-tejida-160-x-240-cm\/#primaryimage\",\"url\":\"https:\/\/www.csj-emballages.com\/wp-content\/uploads\/2024\/03\/369582eb-f483-42de-a272-c9a17351ca61.b270d2129f2ddbe7db24f2d78a86fe70.webp\",\"contentUrl\":\"https:\/\/www.csj-emballages.com\/wp-content\/uploads\/2024\/03\/369582eb-f483-42de-a272-c9a17351ca61.b270d2129f2ddbe7db24f2d78a86fe70.webp\",\"width\":1601,\"height\":1601,\"caption\":\"Drap jetable\"},{\"@type\":\"BreadcrumbList\",\"@id\":\"https:\/\/www.csj-emballages.com\/es\/produit\/1-persona-plp-sabana-encimera-blanca-no-tejida-160-x-240-cm\/#breadcrumb\",\"itemListElement\":[{\"@type\":\"ListItem\",\"position\":1,\"name\":\"Accueil\",\"item\":\"https:\/\/www.csj-emballages.com\/es\/universo-del-envasado-alimentario\/\"},{\"@type\":\"ListItem\",\"position\":2,\"name\":\"Tienda\",\"item\":\"https:\/\/www.csj-emballages.com\/tienda\/\"},{\"@type\":\"ListItem\",\"position\":3,\"name\":\"S\u00e1bana desechable para 1 persona PLP de tela sin tejer blanca de 160 x 240 cm\"}]},{\"@type\":\"WebSite\",\"@id\":\"https:\/\/www.csj-emballages.com\/es\/#website\",\"url\":\"https:\/\/www.csj-emballages.com\/es\/\",\"name\":\"CSJ Emballages\",\"description\":\"\",\"publisher\":{\"@id\":\"https:\/\/www.csj-emballages.com\/es\/#organization\"},\"potentialAction\":[{\"@type\":\"SearchAction\",\"target\":{\"@type\":\"EntryPoint\",\"urlTemplate\":\"https:\/\/www.csj-emballages.com\/es\/?s={search_term_string}\"},\"query-input\":{\"@type\":\"PropertyValueSpecification\",\"valueRequired\":true,\"valueName\":\"search_term_string\"}}],\"inLanguage\":\"es\"},{\"@type\":\"Organization\",\"@id\":\"https:\/\/www.csj-emballages.com\/es\/#Organization\/\",\"name\":\"CSJ Emballages\",\"url\":\"https:\/\/www.csj-emballages.com\/es\/\",\"logo\":{\"@type\":\"ImageObject\",\"inLanguage\":\"es\",\"@id\":\"https:\/\/www.csj-emballages.com\/es\/#\/schema\/logo\/image\/\",\"url\":\"https:\/\/www.csj-emballages.com\/wp-content\/uploads\/2023\/10\/logo_csj.webp\",\"contentUrl\":\"https:\/\/www.csj-emballages.com\/wp-content\/uploads\/2023\/10\/logo_csj.webp\",\"width\":250,\"height\":95,\"caption\":\"CSJ Emballages\"},\"image\":{\"@id\":\"https:\/\/www.csj-emballages.com\/es\/#\/schema\/logo\/image\/\"},\"sameAs\":[\"https:\/\/www.facebook.com\/csjemballages\"],\"address\":{\"@type\":\"PostalAddress\",\"streetAddress\":\"ZI La Lechere\",\"addressLocality\":\"Patornay\",\"postalCode\":\"39130\",\"addressCountry\":\"FR\"},\"contactPoint\":[{\"@type\":\"ContactPoint\",\"contactType\":\"Service client\",\"telephone\":\"0384254272\",\"email\":\"contact@csj-emballages.com\"}]}]}<\/script>\n<!-- \/ Yoast SEO Premium plugin. -->","yoast_head_json":{"title":"S\u00e1bana desechable para 1 persona PLP de tela sin tejer blanca - 160 x 240 cm","description":"S\u00e1bana desechable para 1 persona de 160 x 240 cm en PLP de tela sin tejer blanca. Higi\u00e9nica, pr\u00e1ctica y c\u00f3moda, ideal para hospitales, spas, hoteles o uso dom\u00e9stico.","robots":{"index":"index","follow":"follow","max-snippet":"max-snippet:-1","max-image-preview":"max-image-preview:large","max-video-preview":"max-video-preview:-1"},"canonical":"https:\/\/www.csj-emballages.com\/es\/produit\/1-persona-plp-sabana-encimera-blanca-no-tejida-160-x-240-cm\/","og_locale":"es_ES","og_type":"article","og_title":"S\u00e1bana desechable para 1 persona PLP de tela sin tejer blanca de 160 x 240 cm","og_description":"S\u00e1bana desechable para 1 persona de 160 x 240 cm en PLP de tela sin tejer blanca. Higi\u00e9nica, pr\u00e1ctica y c\u00f3moda, ideal para hospitales, spas, hoteles o uso dom\u00e9stico.","og_url":"https:\/\/www.csj-emballages.com\/es\/produit\/1-persona-plp-sabana-encimera-blanca-no-tejida-160-x-240-cm\/","og_site_name":"CSJ Emballages","article_publisher":"https:\/\/www.facebook.com\/csjemballages","article_modified_time":"2026-03-12T15:01:46+00:00","og_image":[{"width":1601,"height":1601,"url":"https:\/\/www.csj-emballages.com\/wp-content\/uploads\/2024\/03\/369582eb-f483-42de-a272-c9a17351ca61.b270d2129f2ddbe7db24f2d78a86fe70.webp","type":"image\/webp"}],"twitter_card":"summary_large_image","twitter_misc":{"Tiempo de lectura":"2 minutos"},"schema":{"@context":"https:\/\/schema.org","@graph":[{"@type":"WebPage","@id":"https:\/\/www.csj-emballages.com\/es\/produit\/1-persona-plp-sabana-encimera-blanca-no-tejida-160-x-240-cm\/","url":"https:\/\/www.csj-emballages.com\/es\/produit\/1-persona-plp-sabana-encimera-blanca-no-tejida-160-x-240-cm\/","name":"S\u00e1bana desechable para 1 persona PLP de tela sin tejer blanca - 160 x 240 cm","isPartOf":{"@id":"https:\/\/www.csj-emballages.com\/es\/#website"},"primaryImageOfPage":{"@id":"https:\/\/www.csj-emballages.com\/es\/produit\/1-persona-plp-sabana-encimera-blanca-no-tejida-160-x-240-cm\/#primaryimage"},"image":{"@id":"https:\/\/www.csj-emballages.com\/es\/produit\/1-persona-plp-sabana-encimera-blanca-no-tejida-160-x-240-cm\/#primaryimage"},"thumbnailUrl":"https:\/\/www.csj-emballages.com\/wp-content\/uploads\/2024\/03\/369582eb-f483-42de-a272-c9a17351ca61.b270d2129f2ddbe7db24f2d78a86fe70.webp","datePublished":"2024-03-01T16:00:13+00:00","dateModified":"2026-03-12T15:01:46+00:00","description":"S\u00e1bana desechable para 1 persona de 160 x 240 cm en PLP de tela sin tejer blanca. Higi\u00e9nica, pr\u00e1ctica y c\u00f3moda, ideal para hospitales, spas, hoteles o uso dom\u00e9stico.","breadcrumb":{"@id":"https:\/\/www.csj-emballages.com\/es\/produit\/1-persona-plp-sabana-encimera-blanca-no-tejida-160-x-240-cm\/#breadcrumb"},"inLanguage":"es","potentialAction":[{"@type":"ReadAction","target":["https:\/\/www.csj-emballages.com\/es\/produit\/1-persona-plp-sabana-encimera-blanca-no-tejida-160-x-240-cm\/"]}]},{"@type":"ImageObject","inLanguage":"es","@id":"https:\/\/www.csj-emballages.com\/es\/produit\/1-persona-plp-sabana-encimera-blanca-no-tejida-160-x-240-cm\/#primaryimage","url":"https:\/\/www.csj-emballages.com\/wp-content\/uploads\/2024\/03\/369582eb-f483-42de-a272-c9a17351ca61.b270d2129f2ddbe7db24f2d78a86fe70.webp","contentUrl":"https:\/\/www.csj-emballages.com\/wp-content\/uploads\/2024\/03\/369582eb-f483-42de-a272-c9a17351ca61.b270d2129f2ddbe7db24f2d78a86fe70.webp","width":1601,"height":1601,"caption":"Drap jetable"},{"@type":"BreadcrumbList","@id":"https:\/\/www.csj-emballages.com\/es\/produit\/1-persona-plp-sabana-encimera-blanca-no-tejida-160-x-240-cm\/#breadcrumb","itemListElement":[{"@type":"ListItem","position":1,"name":"Accueil","item":"https:\/\/www.csj-emballages.com\/es\/universo-del-envasado-alimentario\/"},{"@type":"ListItem","position":2,"name":"Tienda","item":"https:\/\/www.csj-emballages.com\/tienda\/"},{"@type":"ListItem","position":3,"name":"S\u00e1bana desechable para 1 persona PLP de tela sin tejer blanca de 160 x 240 cm"}]},{"@type":"WebSite","@id":"https:\/\/www.csj-emballages.com\/es\/#website","url":"https:\/\/www.csj-emballages.com\/es\/","name":"CSJ Emballages","description":"","publisher":{"@id":"https:\/\/www.csj-emballages.com\/es\/#organization"},"potentialAction":[{"@type":"SearchAction","target":{"@type":"EntryPoint","urlTemplate":"https:\/\/www.csj-emballages.com\/es\/?s={search_term_string}"},"query-input":{"@type":"PropertyValueSpecification","valueRequired":true,"valueName":"search_term_string"}}],"inLanguage":"es"},{"@type":"Organization","@id":"https:\/\/www.csj-emballages.com\/es\/#Organization\/","name":"CSJ Emballages","url":"https:\/\/www.csj-emballages.com\/es\/","logo":{"@type":"ImageObject","inLanguage":"es","@id":"https:\/\/www.csj-emballages.com\/es\/#\/schema\/logo\/image\/","url":"https:\/\/www.csj-emballages.com\/wp-content\/uploads\/2023\/10\/logo_csj.webp","contentUrl":"https:\/\/www.csj-emballages.com\/wp-content\/uploads\/2023\/10\/logo_csj.webp","width":250,"height":95,"caption":"CSJ Emballages"},"image":{"@id":"https:\/\/www.csj-emballages.com\/es\/#\/schema\/logo\/image\/"},"sameAs":["https:\/\/www.facebook.com\/csjemballages"],"address":{"@type":"PostalAddress","streetAddress":"ZI La Lechere","addressLocality":"Patornay","postalCode":"39130","addressCountry":"FR"},"contactPoint":[{"@type":"ContactPoint","contactType":"Service client","telephone":"0384254272","email":"contact@csj-emballages.com"}]}]}},"df_price":0.67,"df_sale_price":"","df_regular_price":0.67,"df_image_link":"https:\/\/www.csj-emballages.com\/wp-content\/uploads\/2024\/03\/369582eb-f483-42de-a272-c9a17351ca61.b270d2129f2ddbe7db24f2d78a86fe70-300x300.webp","tiered_pricing_type":"fixed","tiered_pricing_fixed_rules":[],"tiered_pricing_percentage_rules":[],"tiered_pricing_minimum":1,"tiered_pricing_roles_data":[],"_links":{"self":[{"href":"https:\/\/www.csj-emballages.com\/es\/wp-json\/wp\/v2\/product\/17376","targetHints":{"allow":["GET"]}}],"collection":[{"href":"https:\/\/www.csj-emballages.com\/es\/wp-json\/wp\/v2\/product"}],"about":[{"href":"https:\/\/www.csj-emballages.com\/es\/wp-json\/wp\/v2\/types\/product"}],"wp:featuredmedia":[{"embeddable":true,"href":"https:\/\/www.csj-emballages.com\/es\/wp-json\/wp\/v2\/media\/221108"}],"wp:attachment":[{"href":"https:\/\/www.csj-emballages.com\/es\/wp-json\/wp\/v2\/media?parent=17376"}],"wp:term":[{"taxonomy":"product_brand","embeddable":true,"href":"https:\/\/www.csj-emballages.com\/es\/wp-json\/wp\/v2\/product_brand?post=17376"},{"taxonomy":"product_cat","embeddable":true,"href":"https:\/\/www.csj-emballages.com\/es\/wp-json\/wp\/v2\/product_cat?post=17376"},{"taxonomy":"product_tag","embeddable":true,"href":"https:\/\/www.csj-emballages.com\/es\/wp-json\/wp\/v2\/product_tag?post=17376"}],"curies":[{"name":"wp","href":"https:\/\/api.w.org\/{rel}","templated":true}]}}