{"id":17354,"date":"2024-03-01T17:00:14","date_gmt":"2024-03-01T16:00:14","guid":{"rendered":"https:\/\/u15jnbdpoq.preview.infomaniak.website\/produit\/3-botellas-1-spray-desinfectante-hidroalcoholico-alimentario-sin-aclarado-75\/"},"modified":"2026-04-03T02:10:27","modified_gmt":"2026-04-03T00:10:27","slug":"3-botellas-1-spray-desinfectante-hidroalcoholico-alimentario-sin-aclarado-75","status":"publish","type":"product","link":"https:\/\/www.csj-emballages.com\/es\/produit\/3-botellas-1-spray-desinfectante-hidroalcoholico-alimentario-sin-aclarado-75\/","title":{"rendered":"Desinfectante hidroalcoh\u00f3lico alimentario en spray sin aclarado 750ml"},"content":{"rendered":"<h2>Desinfectante alimentario<\/h2>\n<hr>\n<h3>Descripci\u00f3n de nuestro desinfectante alimentario hidroalcoh\u00f3lico sin aclarado 750ml<\/h3>\n<p><!--more--><\/p>\n<p class=\"\" data-start=\"281\" data-end=\"618\">Este <strong>desinfectante hidroalcoh\u00f3lico<\/strong> <strong>sin aclarado<\/strong> es indispensable para todos los profesionales de la industria alimentaria, la restauraci\u00f3n, el catering y el comercio minorista. Su f\u00f3rmula garantiza una desinfecci\u00f3n r\u00e1pida y sin residuos de las superficies en contacto con los alimentos. <\/p>\n<p class=\"\" data-start=\"620\" data-end=\"947\">Adem\u00e1s, cumple con las normas UNE-EN 13697 (bactericida y fungicida) y UNE-EN 14476 (virucida), garantizando una acci\u00f3n completa frente a bacterias, hongos y virus, incluidos los virus envueltos como los coronavirus. Su gran formato <strong>de 750 ml<\/strong> est\u00e1 especialmente indicado para su uso habitual en entornos profesionales. <\/p>\n<p class=\"\" data-start=\"949\" data-end=\"1347\">Este producto est\u00e1 listo para usar: puede aplicarse directamente sobre las superficies con un pulverizador, una fregona o un pa\u00f1o limpio. No requiere aclarado, lo que ahorra una cantidad considerable de tiempo sin comprometer la eficacia. Puede utilizarse en encimeras, equipos, herramientas o cualquier otro material que entre en contacto directo o indirecto con los alimentos.  <\/p>\n<p class=\"\" data-start=\"1349\" data-end=\"1553\">En resumen, fiable, econ\u00f3mico y f\u00e1cil de manejar, este <strong>desinfectante hidroalcoh\u00f3lico de alimentos<\/strong> es una elecci\u00f3n segura para cualquiera que busque rendimiento, cumplimiento de las normas sanitarias y practicidad en el d\u00eda a d\u00eda.<\/p>\n<p>&nbsp;<\/p>\n<p><!--more--><\/p>\n<h4>Ventajas:<\/h4>\n<ul>\n<li>Sin aclarado: aplicaci\u00f3n r\u00e1pida y c\u00f3moda.<\/li>\n<li>Cumple las normas bactericidas, fungicidas y virucidas.<\/li>\n<li>Puede utilizarse en todo tipo de superficies alimentarias.<\/li>\n<li>Formato grande y econ\u00f3mico de 5 litros, ideal para uso frecuente.<\/li>\n<li>Compatible con la industria alimentaria y las cocinas profesionales.<\/li>\n<\/ul>\n<p>&nbsp;<\/p>\n<p><!--more--><\/p>\n<h4>Instrucciones de uso :<\/h4>\n<p>Aprobado para la desinfecci\u00f3n del medio ambiente y la industria alimentaria por personal profesional. Antes de utilizar el producto, lea atentamente la etiqueta para evitar riesgos para las personas y el medio ambiente. Para desinfectar en la industria alimentaria, realizar el tratamiento en ausencia de alimentos. Aseg\u00farese de que los alimentos, maquinaria y utensilios manipulados en las zonas tratadas con DESCOL no contienen residuos del producto. Para ello, enjuague bien con agua las superficies tratadas antes de utilizarlas. No utilizar DESCOL en combinaci\u00f3n con otros productos qu\u00edmicos. Es incompatible con agentes oxidantes. Utilizar DESCOL sin diluir o diluido hasta el 80% en agua, seg\u00fan las necesidades. Para desinfectar superficies, instalaciones o equipos, aplicar por pulverizaci\u00f3n o inmersi\u00f3n y dejar actuar al menos 15 minutos para una eficacia \u00f3ptima.       <\/p>\n<p>.<\/p>\n<p>&nbsp;<\/p>\n<p><!--more--><\/p>\n<h4>Informaci\u00f3n adicional :<\/h4>\n<ul>\n<li><strong>Embalaje<\/strong>: Por unidad<\/li>\n<li><strong>Color<\/strong>: Incoloro<\/li>\n<li><strong>Volumen<\/strong>: 750ml<\/li>\n<li><strong>Uso<\/strong>: Desinfectante<\/li>\n<li><strong>pH <\/strong>: 8.5<\/li>\n<li><strong>T. Encendido<\/strong>: &lt;23 \u00baC<\/li>\n<\/ul>\n<p>&nbsp;<\/p>\n<p><!--more--><\/p>\n<p>Haga clic aqu\u00ed para adquirir nuestro desinfectante alimentario hidroalcoh\u00f3lico sin aclarado de 5 litros: <span style=\"color: #d12727;\"><a style=\"color: #d12727;\" href=\"https:\/\/www.csj-emballages.com\/es\/produit\/desinfectante-hidroalcoholico-alimentario-sin-aclarado-5-litros\/\">04705<\/a><\/span><\/p>\n<p>&nbsp;<\/p>\n<p><!--more--><\/p>\n<p><a href=\"https:\/\/www.csj-emballages.com\/es\/categorie-produit\/higiene-y-mantenimiento\/productos-de-limpieza\/cocina\/\">Ver el resto de nuestra gama de productos para el cuidado de la cocina<\/a><\/p>\n","protected":false},"excerpt":{"rendered":"<p>Desinfectante alimentario Descripci\u00f3n de nuestro desinfectante alimentario hidroalcoh\u00f3lico sin aclarado 750ml<\/p>\n","protected":false},"featured_media":7997,"template":"","meta":{"_acf_changed":false},"product_brand":[],"product_cat":[1226,1227,1355],"product_tag":[],"class_list":{"0":"post-17354","1":"product","2":"type-product","3":"status-publish","4":"has-post-thumbnail","6":"product_cat-higiene-y-mantenimiento","7":"product_cat-productos-de-limpieza","8":"product_cat-cocina","10":"first","11":"instock","12":"taxable","13":"shipping-taxable","14":"purchasable","15":"product-type-simple"},"acf":[],"yoast_head":"<!-- This site is optimized with the Yoast SEO Premium plugin v26.6 (Yoast SEO v26.6) - https:\/\/yoast.com\/wordpress\/plugins\/seo\/ -->\n<title>Desinfectante alimentario hidroalcoh\u00f3lico sin aclarado 750ml<\/title>\n<meta name=\"description\" content=\"Desinfectante alimentario hidroalcoh\u00f3lico sin aclarado - 750ml. Cumple con las normas sanitarias, ideal para la industria alimentaria.\" \/>\n<meta name=\"robots\" content=\"index, follow, max-snippet:-1, max-image-preview:large, max-video-preview:-1\" \/>\n<link rel=\"canonical\" href=\"https:\/\/www.csj-emballages.com\/es\/produit\/3-botellas-1-spray-desinfectante-hidroalcoholico-alimentario-sin-aclarado-75\/\" \/>\n<meta property=\"og:locale\" content=\"es_ES\" \/>\n<meta property=\"og:type\" content=\"article\" \/>\n<meta property=\"og:title\" content=\"Desinfectante hidroalcoh\u00f3lico alimentario en spray sin aclarado 750ml\" \/>\n<meta property=\"og:description\" content=\"Desinfectante alimentario hidroalcoh\u00f3lico sin aclarado - 750ml. Cumple con las normas sanitarias, ideal para la industria alimentaria.\" \/>\n<meta property=\"og:url\" content=\"https:\/\/www.csj-emballages.com\/es\/produit\/3-botellas-1-spray-desinfectante-hidroalcoholico-alimentario-sin-aclarado-75\/\" \/>\n<meta property=\"og:site_name\" content=\"CSJ Emballages\" \/>\n<meta property=\"article:publisher\" content=\"https:\/\/www.facebook.com\/csjemballages\" \/>\n<meta property=\"article:modified_time\" content=\"2026-04-03T00:10:27+00:00\" \/>\n<meta property=\"og:image\" content=\"https:\/\/www.csj-emballages.com\/wp-content\/uploads\/2024\/03\/pistolet-desinfectant-covid-virucide-zoom-jpg.webp\" \/>\n\t<meta property=\"og:image:width\" content=\"800\" \/>\n\t<meta property=\"og:image:height\" content=\"800\" \/>\n\t<meta property=\"og:image:type\" content=\"image\/jpeg\" \/>\n<meta name=\"twitter:card\" content=\"summary_large_image\" \/>\n<meta name=\"twitter:label1\" content=\"Tiempo de lectura\" \/>\n\t<meta name=\"twitter:data1\" content=\"2 minutos\" \/>\n<script type=\"application\/ld+json\" class=\"yoast-schema-graph\">{\"@context\":\"https:\/\/schema.org\",\"@graph\":[{\"@type\":\"WebPage\",\"@id\":\"https:\/\/www.csj-emballages.com\/es\/produit\/3-botellas-1-spray-desinfectante-hidroalcoholico-alimentario-sin-aclarado-75\/\",\"url\":\"https:\/\/www.csj-emballages.com\/es\/produit\/3-botellas-1-spray-desinfectante-hidroalcoholico-alimentario-sin-aclarado-75\/\",\"name\":\"Desinfectante alimentario hidroalcoh\u00f3lico sin aclarado 750ml\",\"isPartOf\":{\"@id\":\"https:\/\/www.csj-emballages.com\/es\/#website\"},\"primaryImageOfPage\":{\"@id\":\"https:\/\/www.csj-emballages.com\/es\/produit\/3-botellas-1-spray-desinfectante-hidroalcoholico-alimentario-sin-aclarado-75\/#primaryimage\"},\"image\":{\"@id\":\"https:\/\/www.csj-emballages.com\/es\/produit\/3-botellas-1-spray-desinfectante-hidroalcoholico-alimentario-sin-aclarado-75\/#primaryimage\"},\"thumbnailUrl\":\"https:\/\/www.csj-emballages.com\/wp-content\/uploads\/2024\/03\/pistolet-desinfectant-covid-virucide-zoom-jpg.webp\",\"datePublished\":\"2024-03-01T16:00:14+00:00\",\"dateModified\":\"2026-04-03T00:10:27+00:00\",\"description\":\"Desinfectante alimentario hidroalcoh\u00f3lico sin aclarado - 750ml. Cumple con las normas sanitarias, ideal para la industria alimentaria.\",\"breadcrumb\":{\"@id\":\"https:\/\/www.csj-emballages.com\/es\/produit\/3-botellas-1-spray-desinfectante-hidroalcoholico-alimentario-sin-aclarado-75\/#breadcrumb\"},\"inLanguage\":\"es\",\"potentialAction\":[{\"@type\":\"ReadAction\",\"target\":[\"https:\/\/www.csj-emballages.com\/es\/produit\/3-botellas-1-spray-desinfectante-hidroalcoholico-alimentario-sin-aclarado-75\/\"]}]},{\"@type\":\"ImageObject\",\"inLanguage\":\"es\",\"@id\":\"https:\/\/www.csj-emballages.com\/es\/produit\/3-botellas-1-spray-desinfectante-hidroalcoholico-alimentario-sin-aclarado-75\/#primaryimage\",\"url\":\"https:\/\/www.csj-emballages.com\/wp-content\/uploads\/2024\/03\/pistolet-desinfectant-covid-virucide-zoom-jpg.webp\",\"contentUrl\":\"https:\/\/www.csj-emballages.com\/wp-content\/uploads\/2024\/03\/pistolet-desinfectant-covid-virucide-zoom-jpg.webp\",\"width\":800,\"height\":800},{\"@type\":\"BreadcrumbList\",\"@id\":\"https:\/\/www.csj-emballages.com\/es\/produit\/3-botellas-1-spray-desinfectante-hidroalcoholico-alimentario-sin-aclarado-75\/#breadcrumb\",\"itemListElement\":[{\"@type\":\"ListItem\",\"position\":1,\"name\":\"Accueil\",\"item\":\"https:\/\/www.csj-emballages.com\/es\/universo-del-envasado-alimentario\/\"},{\"@type\":\"ListItem\",\"position\":2,\"name\":\"Tienda\",\"item\":\"https:\/\/www.csj-emballages.com\/tienda\/\"},{\"@type\":\"ListItem\",\"position\":3,\"name\":\"Desinfectante hidroalcoh\u00f3lico alimentario en spray sin aclarado 750ml\"}]},{\"@type\":\"WebSite\",\"@id\":\"https:\/\/www.csj-emballages.com\/es\/#website\",\"url\":\"https:\/\/www.csj-emballages.com\/es\/\",\"name\":\"CSJ Emballages\",\"description\":\"\",\"publisher\":{\"@id\":\"https:\/\/www.csj-emballages.com\/es\/#organization\"},\"potentialAction\":[{\"@type\":\"SearchAction\",\"target\":{\"@type\":\"EntryPoint\",\"urlTemplate\":\"https:\/\/www.csj-emballages.com\/es\/?s={search_term_string}\"},\"query-input\":{\"@type\":\"PropertyValueSpecification\",\"valueRequired\":true,\"valueName\":\"search_term_string\"}}],\"inLanguage\":\"es\"},{\"@type\":\"Organization\",\"@id\":\"https:\/\/www.csj-emballages.com\/es\/#Organization\/\",\"name\":\"CSJ Emballages\",\"url\":\"https:\/\/www.csj-emballages.com\/es\/\",\"logo\":{\"@type\":\"ImageObject\",\"inLanguage\":\"es\",\"@id\":\"https:\/\/www.csj-emballages.com\/es\/#\/schema\/logo\/image\/\",\"url\":\"https:\/\/www.csj-emballages.com\/wp-content\/uploads\/2023\/10\/logo_csj.webp\",\"contentUrl\":\"https:\/\/www.csj-emballages.com\/wp-content\/uploads\/2023\/10\/logo_csj.webp\",\"width\":250,\"height\":95,\"caption\":\"CSJ Emballages\"},\"image\":{\"@id\":\"https:\/\/www.csj-emballages.com\/es\/#\/schema\/logo\/image\/\"},\"sameAs\":[\"https:\/\/www.facebook.com\/csjemballages\"],\"address\":{\"@type\":\"PostalAddress\",\"streetAddress\":\"ZI La Lechere\",\"addressLocality\":\"Patornay\",\"postalCode\":\"39130\",\"addressCountry\":\"FR\"},\"contactPoint\":[{\"@type\":\"ContactPoint\",\"contactType\":\"Service client\",\"telephone\":\"0384254272\",\"email\":\"contact@csj-emballages.com\"}]}]}<\/script>\n<!-- \/ Yoast SEO Premium plugin. -->","yoast_head_json":{"title":"Desinfectante alimentario hidroalcoh\u00f3lico sin aclarado 750ml","description":"Desinfectante alimentario hidroalcoh\u00f3lico sin aclarado - 750ml. Cumple con las normas sanitarias, ideal para la industria alimentaria.","robots":{"index":"index","follow":"follow","max-snippet":"max-snippet:-1","max-image-preview":"max-image-preview:large","max-video-preview":"max-video-preview:-1"},"canonical":"https:\/\/www.csj-emballages.com\/es\/produit\/3-botellas-1-spray-desinfectante-hidroalcoholico-alimentario-sin-aclarado-75\/","og_locale":"es_ES","og_type":"article","og_title":"Desinfectante hidroalcoh\u00f3lico alimentario en spray sin aclarado 750ml","og_description":"Desinfectante alimentario hidroalcoh\u00f3lico sin aclarado - 750ml. Cumple con las normas sanitarias, ideal para la industria alimentaria.","og_url":"https:\/\/www.csj-emballages.com\/es\/produit\/3-botellas-1-spray-desinfectante-hidroalcoholico-alimentario-sin-aclarado-75\/","og_site_name":"CSJ Emballages","article_publisher":"https:\/\/www.facebook.com\/csjemballages","article_modified_time":"2026-04-03T00:10:27+00:00","og_image":[{"width":800,"height":800,"url":"https:\/\/www.csj-emballages.com\/wp-content\/uploads\/2024\/03\/pistolet-desinfectant-covid-virucide-zoom-jpg.webp","type":"image\/jpeg"}],"twitter_card":"summary_large_image","twitter_misc":{"Tiempo de lectura":"2 minutos"},"schema":{"@context":"https:\/\/schema.org","@graph":[{"@type":"WebPage","@id":"https:\/\/www.csj-emballages.com\/es\/produit\/3-botellas-1-spray-desinfectante-hidroalcoholico-alimentario-sin-aclarado-75\/","url":"https:\/\/www.csj-emballages.com\/es\/produit\/3-botellas-1-spray-desinfectante-hidroalcoholico-alimentario-sin-aclarado-75\/","name":"Desinfectante alimentario hidroalcoh\u00f3lico sin aclarado 750ml","isPartOf":{"@id":"https:\/\/www.csj-emballages.com\/es\/#website"},"primaryImageOfPage":{"@id":"https:\/\/www.csj-emballages.com\/es\/produit\/3-botellas-1-spray-desinfectante-hidroalcoholico-alimentario-sin-aclarado-75\/#primaryimage"},"image":{"@id":"https:\/\/www.csj-emballages.com\/es\/produit\/3-botellas-1-spray-desinfectante-hidroalcoholico-alimentario-sin-aclarado-75\/#primaryimage"},"thumbnailUrl":"https:\/\/www.csj-emballages.com\/wp-content\/uploads\/2024\/03\/pistolet-desinfectant-covid-virucide-zoom-jpg.webp","datePublished":"2024-03-01T16:00:14+00:00","dateModified":"2026-04-03T00:10:27+00:00","description":"Desinfectante alimentario hidroalcoh\u00f3lico sin aclarado - 750ml. Cumple con las normas sanitarias, ideal para la industria alimentaria.","breadcrumb":{"@id":"https:\/\/www.csj-emballages.com\/es\/produit\/3-botellas-1-spray-desinfectante-hidroalcoholico-alimentario-sin-aclarado-75\/#breadcrumb"},"inLanguage":"es","potentialAction":[{"@type":"ReadAction","target":["https:\/\/www.csj-emballages.com\/es\/produit\/3-botellas-1-spray-desinfectante-hidroalcoholico-alimentario-sin-aclarado-75\/"]}]},{"@type":"ImageObject","inLanguage":"es","@id":"https:\/\/www.csj-emballages.com\/es\/produit\/3-botellas-1-spray-desinfectante-hidroalcoholico-alimentario-sin-aclarado-75\/#primaryimage","url":"https:\/\/www.csj-emballages.com\/wp-content\/uploads\/2024\/03\/pistolet-desinfectant-covid-virucide-zoom-jpg.webp","contentUrl":"https:\/\/www.csj-emballages.com\/wp-content\/uploads\/2024\/03\/pistolet-desinfectant-covid-virucide-zoom-jpg.webp","width":800,"height":800},{"@type":"BreadcrumbList","@id":"https:\/\/www.csj-emballages.com\/es\/produit\/3-botellas-1-spray-desinfectante-hidroalcoholico-alimentario-sin-aclarado-75\/#breadcrumb","itemListElement":[{"@type":"ListItem","position":1,"name":"Accueil","item":"https:\/\/www.csj-emballages.com\/es\/universo-del-envasado-alimentario\/"},{"@type":"ListItem","position":2,"name":"Tienda","item":"https:\/\/www.csj-emballages.com\/tienda\/"},{"@type":"ListItem","position":3,"name":"Desinfectante hidroalcoh\u00f3lico alimentario en spray sin aclarado 750ml"}]},{"@type":"WebSite","@id":"https:\/\/www.csj-emballages.com\/es\/#website","url":"https:\/\/www.csj-emballages.com\/es\/","name":"CSJ Emballages","description":"","publisher":{"@id":"https:\/\/www.csj-emballages.com\/es\/#organization"},"potentialAction":[{"@type":"SearchAction","target":{"@type":"EntryPoint","urlTemplate":"https:\/\/www.csj-emballages.com\/es\/?s={search_term_string}"},"query-input":{"@type":"PropertyValueSpecification","valueRequired":true,"valueName":"search_term_string"}}],"inLanguage":"es"},{"@type":"Organization","@id":"https:\/\/www.csj-emballages.com\/es\/#Organization\/","name":"CSJ Emballages","url":"https:\/\/www.csj-emballages.com\/es\/","logo":{"@type":"ImageObject","inLanguage":"es","@id":"https:\/\/www.csj-emballages.com\/es\/#\/schema\/logo\/image\/","url":"https:\/\/www.csj-emballages.com\/wp-content\/uploads\/2023\/10\/logo_csj.webp","contentUrl":"https:\/\/www.csj-emballages.com\/wp-content\/uploads\/2023\/10\/logo_csj.webp","width":250,"height":95,"caption":"CSJ Emballages"},"image":{"@id":"https:\/\/www.csj-emballages.com\/es\/#\/schema\/logo\/image\/"},"sameAs":["https:\/\/www.facebook.com\/csjemballages"],"address":{"@type":"PostalAddress","streetAddress":"ZI La Lechere","addressLocality":"Patornay","postalCode":"39130","addressCountry":"FR"},"contactPoint":[{"@type":"ContactPoint","contactType":"Service client","telephone":"0384254272","email":"contact@csj-emballages.com"}]}]}},"df_price":4.98,"df_sale_price":"","df_regular_price":4.98,"df_image_link":"https:\/\/www.csj-emballages.com\/wp-content\/uploads\/2024\/03\/pistolet-desinfectant-covid-virucide-zoom-300x300.webp","tiered_pricing_type":"fixed","tiered_pricing_fixed_rules":[],"tiered_pricing_percentage_rules":[],"tiered_pricing_minimum":1,"tiered_pricing_roles_data":[],"_links":{"self":[{"href":"https:\/\/www.csj-emballages.com\/es\/wp-json\/wp\/v2\/product\/17354","targetHints":{"allow":["GET"]}}],"collection":[{"href":"https:\/\/www.csj-emballages.com\/es\/wp-json\/wp\/v2\/product"}],"about":[{"href":"https:\/\/www.csj-emballages.com\/es\/wp-json\/wp\/v2\/types\/product"}],"wp:featuredmedia":[{"embeddable":true,"href":"https:\/\/www.csj-emballages.com\/es\/wp-json\/wp\/v2\/media\/7997"}],"wp:attachment":[{"href":"https:\/\/www.csj-emballages.com\/es\/wp-json\/wp\/v2\/media?parent=17354"}],"wp:term":[{"taxonomy":"product_brand","embeddable":true,"href":"https:\/\/www.csj-emballages.com\/es\/wp-json\/wp\/v2\/product_brand?post=17354"},{"taxonomy":"product_cat","embeddable":true,"href":"https:\/\/www.csj-emballages.com\/es\/wp-json\/wp\/v2\/product_cat?post=17354"},{"taxonomy":"product_tag","embeddable":true,"href":"https:\/\/www.csj-emballages.com\/es\/wp-json\/wp\/v2\/product_tag?post=17354"}],"curies":[{"name":"wp","href":"https:\/\/api.w.org\/{rel}","templated":true}]}}