{"id":17329,"date":"2024-03-01T17:00:14","date_gmt":"2024-03-01T16:00:14","guid":{"rendered":"https:\/\/u15jnbdpoq.preview.infomaniak.website\/produit\/gel-de-manos-con-microesferas-perfumado-de-naranja-con-bomba-38-litros\/"},"modified":"2026-04-28T02:10:34","modified_gmt":"2026-04-28T00:10:34","slug":"gel-de-manos-con-microesferas-perfumado-de-naranja-con-bomba-38-litros","status":"publish","type":"product","link":"https:\/\/www.csj-emballages.com\/es\/produit\/gel-de-manos-con-microesferas-perfumado-de-naranja-con-bomba-38-litros\/","title":{"rendered":"Gel de manos con microesferas perfumado naranja con bomba 3,8 litros"},"content":{"rendered":"<h2 class=\"p1 ai-optimize-26\">Gel de manos con microesferas<\/h2>\n<hr>\n<h3 class=\"ai-optimize-34\">Descripci\u00f3n de nuestro gel de manos con microesferas y aroma de naranja con bomba de 3,8 litros<\/h3>\n<p><!--more--><\/p>\n<p class=\"ai-optimize-28 ai-optimize-introduction\" data-start=\"254\" data-end=\"746\">Dise\u00f1ado para satisfacer las necesidades de los profesionales que se enfrentan a la suciedad m\u00e1s resistente, este <strong>gel de manos con microesferas<\/strong> es el aliado ideal en entornos donde una limpieza eficaz es esencial. Gracias a su f\u00f3rmula enriquecida con <strong data-start=\"497\" data-end=\"522\">microesferas minerales<\/strong>, elimina a fondo la grasa, el aceite, la pintura, la tinta, el polvo industrial y otras suciedades dif\u00edciles. Su suave pero potente acci\u00f3n mec\u00e1nica elimina las impurezas sin da\u00f1ar la piel.  <\/p>\n<p class=\"ai-optimize-29\" data-start=\"748\" data-end=\"1150\">La <strong data-start=\"751\" data-end=\"770\">fragancia de naranja<\/strong> a\u00f1ade un toque fresco y agradable a cada uso, haciendo que este momento de higiene sea m\u00e1s placentero, incluso despu\u00e9s de un largo d\u00eda de trabajo manual. El <strong>gel<\/strong> se presenta en un <strong data-start=\"949\" data-end=\"983\">bote de 3,8 litros con bomba<\/strong> para una dispensaci\u00f3n f\u00e1cil, econ\u00f3mica e higi\u00e9nica. Cada dosis <strong data-start=\"1059\" data-end=\"1069\">de 3,5 ml<\/strong> es suficiente para garantizar una limpieza eficaz, limitando al mismo tiempo el desperdicio de producto.  <\/p>\n<p class=\"ai-optimize-30\" data-start=\"1152\" data-end=\"1386\">Ideal para talleres, garajes, obras o cualquier otro lugar que requiera un <strong>lavado de<\/strong> <strong>manos<\/strong> intensivo, este <strong>gel de manos con microesferas<\/strong> es tan adecuado para los artesanos como para los equipos de mantenimiento o los profesionales de los sectores de la restauraci\u00f3n y la industria.<\/p>\n<p class=\"ai-optimize-31\" data-start=\"1388\" data-end=\"1560\">Su textura no pegajosa y su f\u00e1cil aclarado permiten utilizarla regularmente sin dejar residuos. Combina <strong data-start=\"1505\" data-end=\"1559\">eficacia, comodidad de uso y respeto por la piel<\/strong>. <\/p>\n<p><!--more--><\/p>\n<h4 class=\"ai-optimize-37\"><strong>Ventajas:<\/strong><\/h4>\n<ul>\n<li class=\"ai-optimize-38\">Elimina suciedades especiales (grasa, aceite, pintura, etc.).<\/li>\n<li class=\"ai-optimize-39\">Contiene microesferas minerales suaves pero eficaces.<\/li>\n<li class=\"ai-optimize-40\">Formato econ\u00f3mico de 3,8 L con bomba incorporada.<\/li>\n<li class=\"ai-optimize-42\">Dosis \u00f3ptima de 3,5 ml para una limpieza controlada.<\/li>\n<li class=\"ai-optimize-43\">Suave con la piel, no reseca las manos.<\/li>\n<\/ul>\n<p>&nbsp;<\/p>\n<p><!--more--><\/p>\n<h4 class=\"ai-optimize-44\">Informaci\u00f3n adicional :<\/h4>\n<ul>\n<li class=\"ai-optimize-45\"><strong>Embalaje<\/strong>: Por unidad<\/li>\n<li class=\"ai-optimize-47\"><strong>Uso<\/strong>: Limpieza de manos<\/li>\n<li class=\"ai-optimize-48\"><b>Dosis de la bomba <\/b>: 3,5 ml<\/li>\n<li class=\"ai-optimize-32\"><strong>Color<\/strong>: naranja<\/li>\n<li class=\"ai-optimize-34\"><strong>Fragancia<\/strong>: Naranja<\/li>\n<li class=\"ai-optimize-35\"><strong>Volumen<\/strong>: 3,8 litros<\/li>\n<\/ul>\n<p>&nbsp;<\/p>\n<p><!--more--><\/p>\n<p class=\"ai-optimize-34\">M\u00e1s informaci\u00f3n sobre nuestro limpiador de suelos concentrado de 5 litros: <span style=\"color: #d12727\"><a style=\"color: #d12727\" href=\"https:\/\/www.csj-emballages.com\/produit\/nettoyant-degraissant-alcalin-5l-2\/\">03265<\/a><\/span><\/p>\n<p>&nbsp;<\/p>\n<p><!--more--><\/p>\n<p class=\"ai-optimize-41\"><a href=\"https:\/\/www.csj-emballages.com\/es\/categorie-produit\/higiene-y-mantenimiento\/productos-de-limpieza\/garaje\/\">Ver el resto de nuestra gama de productos para el mantenimiento del garaje<\/a><\/p>\n","protected":false},"excerpt":{"rendered":"<p>Gel de manos con microesferas Descripci\u00f3n de nuestro gel de manos con microesferas y aroma de naranja con bomba de 3,8 litros<\/p>\n","protected":false},"featured_media":235917,"template":"","meta":{"_acf_changed":false},"product_brand":[],"product_cat":[1226,1227,1393,1359,1360],"product_tag":[],"class_list":{"0":"post-17329","1":"product","2":"type-product","3":"status-publish","4":"has-post-thumbnail","6":"product_cat-higiene-y-mantenimiento","7":"product_cat-productos-de-limpieza","8":"product_cat-garaje","9":"product_cat-higiene-personal","10":"product_cat-jabon-de-manos","11":"product_shipping_class-no-permitido-en-reles","13":"first","14":"instock","15":"taxable","16":"shipping-taxable","17":"purchasable","18":"product-type-simple"},"acf":[],"yoast_head":"<!-- This site is optimized with the Yoast SEO Premium plugin v26.6 (Yoast SEO v26.6) - https:\/\/yoast.com\/wordpress\/plugins\/seo\/ -->\n<title>Gel de Manos con Microesferas y Bomba Fragancia Naranja 3,8 litros<\/title>\n<meta name=\"description\" content=\"Gel de manos con microesferas perfumado naranja 3,8 L con bomba. Ideal para la suciedad persistente. Limpieza potente, fragancia fresca, uso profesional.\" \/>\n<meta name=\"robots\" content=\"index, follow, max-snippet:-1, max-image-preview:large, max-video-preview:-1\" \/>\n<link rel=\"canonical\" href=\"https:\/\/www.csj-emballages.com\/es\/produit\/gel-de-manos-con-microesferas-perfumado-de-naranja-con-bomba-38-litros\/\" \/>\n<meta property=\"og:locale\" content=\"es_ES\" \/>\n<meta property=\"og:type\" content=\"article\" \/>\n<meta property=\"og:title\" content=\"Gel de manos con microesferas perfumado naranja con bomba 3,8 litros\" \/>\n<meta property=\"og:description\" content=\"Gel de manos con microesferas perfumado naranja 3,8 L con bomba. Ideal para la suciedad persistente. Limpieza potente, fragancia fresca, uso profesional.\" \/>\n<meta property=\"og:url\" content=\"https:\/\/www.csj-emballages.com\/es\/produit\/gel-de-manos-con-microesferas-perfumado-de-naranja-con-bomba-38-litros\/\" \/>\n<meta property=\"og:site_name\" content=\"CSJ Emballages\" \/>\n<meta property=\"article:publisher\" content=\"https:\/\/www.facebook.com\/csjemballages\" \/>\n<meta property=\"article:modified_time\" content=\"2026-04-28T00:10:34+00:00\" \/>\n<meta property=\"og:image\" content=\"https:\/\/www.csj-emballages.com\/wp-content\/uploads\/2024\/03\/04SBFCLEAN.webp\" \/>\n\t<meta property=\"og:image:width\" content=\"800\" \/>\n\t<meta property=\"og:image:height\" content=\"800\" \/>\n\t<meta property=\"og:image:type\" content=\"image\/webp\" \/>\n<meta name=\"twitter:card\" content=\"summary_large_image\" \/>\n<meta name=\"twitter:label1\" content=\"Tiempo de lectura\" \/>\n\t<meta name=\"twitter:data1\" content=\"2 minutos\" \/>\n<script type=\"application\/ld+json\" class=\"yoast-schema-graph\">{\"@context\":\"https:\/\/schema.org\",\"@graph\":[{\"@type\":\"WebPage\",\"@id\":\"https:\/\/www.csj-emballages.com\/es\/produit\/gel-de-manos-con-microesferas-perfumado-de-naranja-con-bomba-38-litros\/\",\"url\":\"https:\/\/www.csj-emballages.com\/es\/produit\/gel-de-manos-con-microesferas-perfumado-de-naranja-con-bomba-38-litros\/\",\"name\":\"Gel de Manos con Microesferas y Bomba Fragancia Naranja 3,8 litros\",\"isPartOf\":{\"@id\":\"https:\/\/www.csj-emballages.com\/es\/#website\"},\"primaryImageOfPage\":{\"@id\":\"https:\/\/www.csj-emballages.com\/es\/produit\/gel-de-manos-con-microesferas-perfumado-de-naranja-con-bomba-38-litros\/#primaryimage\"},\"image\":{\"@id\":\"https:\/\/www.csj-emballages.com\/es\/produit\/gel-de-manos-con-microesferas-perfumado-de-naranja-con-bomba-38-litros\/#primaryimage\"},\"thumbnailUrl\":\"https:\/\/www.csj-emballages.com\/wp-content\/uploads\/2024\/03\/04SBFCLEAN.webp\",\"datePublished\":\"2024-03-01T16:00:14+00:00\",\"dateModified\":\"2026-04-28T00:10:34+00:00\",\"description\":\"Gel de manos con microesferas perfumado naranja 3,8 L con bomba. Ideal para la suciedad persistente. Limpieza potente, fragancia fresca, uso profesional.\",\"breadcrumb\":{\"@id\":\"https:\/\/www.csj-emballages.com\/es\/produit\/gel-de-manos-con-microesferas-perfumado-de-naranja-con-bomba-38-litros\/#breadcrumb\"},\"inLanguage\":\"es\",\"potentialAction\":[{\"@type\":\"ReadAction\",\"target\":[\"https:\/\/www.csj-emballages.com\/es\/produit\/gel-de-manos-con-microesferas-perfumado-de-naranja-con-bomba-38-litros\/\"]}]},{\"@type\":\"ImageObject\",\"inLanguage\":\"es\",\"@id\":\"https:\/\/www.csj-emballages.com\/es\/produit\/gel-de-manos-con-microesferas-perfumado-de-naranja-con-bomba-38-litros\/#primaryimage\",\"url\":\"https:\/\/www.csj-emballages.com\/wp-content\/uploads\/2024\/03\/04SBFCLEAN.webp\",\"contentUrl\":\"https:\/\/www.csj-emballages.com\/wp-content\/uploads\/2024\/03\/04SBFCLEAN.webp\",\"width\":800,\"height\":800,\"caption\":\"Gel microbilles mains\"},{\"@type\":\"BreadcrumbList\",\"@id\":\"https:\/\/www.csj-emballages.com\/es\/produit\/gel-de-manos-con-microesferas-perfumado-de-naranja-con-bomba-38-litros\/#breadcrumb\",\"itemListElement\":[{\"@type\":\"ListItem\",\"position\":1,\"name\":\"Accueil\",\"item\":\"https:\/\/www.csj-emballages.com\/es\/universo-del-envasado-alimentario\/\"},{\"@type\":\"ListItem\",\"position\":2,\"name\":\"Tienda\",\"item\":\"https:\/\/www.csj-emballages.com\/tienda\/\"},{\"@type\":\"ListItem\",\"position\":3,\"name\":\"Gel de manos con microesferas perfumado naranja con bomba 3,8 litros\"}]},{\"@type\":\"WebSite\",\"@id\":\"https:\/\/www.csj-emballages.com\/es\/#website\",\"url\":\"https:\/\/www.csj-emballages.com\/es\/\",\"name\":\"CSJ Emballages\",\"description\":\"\",\"publisher\":{\"@id\":\"https:\/\/www.csj-emballages.com\/es\/#organization\"},\"potentialAction\":[{\"@type\":\"SearchAction\",\"target\":{\"@type\":\"EntryPoint\",\"urlTemplate\":\"https:\/\/www.csj-emballages.com\/es\/?s={search_term_string}\"},\"query-input\":{\"@type\":\"PropertyValueSpecification\",\"valueRequired\":true,\"valueName\":\"search_term_string\"}}],\"inLanguage\":\"es\"},{\"@type\":\"Organization\",\"@id\":\"https:\/\/www.csj-emballages.com\/es\/#Organization\/\",\"name\":\"CSJ Emballages\",\"url\":\"https:\/\/www.csj-emballages.com\/es\/\",\"logo\":{\"@type\":\"ImageObject\",\"inLanguage\":\"es\",\"@id\":\"https:\/\/www.csj-emballages.com\/es\/#\/schema\/logo\/image\/\",\"url\":\"https:\/\/www.csj-emballages.com\/wp-content\/uploads\/2023\/10\/logo_csj.webp\",\"contentUrl\":\"https:\/\/www.csj-emballages.com\/wp-content\/uploads\/2023\/10\/logo_csj.webp\",\"width\":250,\"height\":95,\"caption\":\"CSJ Emballages\"},\"image\":{\"@id\":\"https:\/\/www.csj-emballages.com\/es\/#\/schema\/logo\/image\/\"},\"sameAs\":[\"https:\/\/www.facebook.com\/csjemballages\"],\"address\":{\"@type\":\"PostalAddress\",\"streetAddress\":\"ZI La Lechere\",\"addressLocality\":\"Patornay\",\"postalCode\":\"39130\",\"addressCountry\":\"FR\"},\"contactPoint\":[{\"@type\":\"ContactPoint\",\"contactType\":\"Service client\",\"telephone\":\"0384254272\",\"email\":\"contact@csj-emballages.com\"}]}]}<\/script>\n<!-- \/ Yoast SEO Premium plugin. -->","yoast_head_json":{"title":"Gel de Manos con Microesferas y Bomba Fragancia Naranja 3,8 litros","description":"Gel de manos con microesferas perfumado naranja 3,8 L con bomba. Ideal para la suciedad persistente. Limpieza potente, fragancia fresca, uso profesional.","robots":{"index":"index","follow":"follow","max-snippet":"max-snippet:-1","max-image-preview":"max-image-preview:large","max-video-preview":"max-video-preview:-1"},"canonical":"https:\/\/www.csj-emballages.com\/es\/produit\/gel-de-manos-con-microesferas-perfumado-de-naranja-con-bomba-38-litros\/","og_locale":"es_ES","og_type":"article","og_title":"Gel de manos con microesferas perfumado naranja con bomba 3,8 litros","og_description":"Gel de manos con microesferas perfumado naranja 3,8 L con bomba. Ideal para la suciedad persistente. Limpieza potente, fragancia fresca, uso profesional.","og_url":"https:\/\/www.csj-emballages.com\/es\/produit\/gel-de-manos-con-microesferas-perfumado-de-naranja-con-bomba-38-litros\/","og_site_name":"CSJ Emballages","article_publisher":"https:\/\/www.facebook.com\/csjemballages","article_modified_time":"2026-04-28T00:10:34+00:00","og_image":[{"width":800,"height":800,"url":"https:\/\/www.csj-emballages.com\/wp-content\/uploads\/2024\/03\/04SBFCLEAN.webp","type":"image\/webp"}],"twitter_card":"summary_large_image","twitter_misc":{"Tiempo de lectura":"2 minutos"},"schema":{"@context":"https:\/\/schema.org","@graph":[{"@type":"WebPage","@id":"https:\/\/www.csj-emballages.com\/es\/produit\/gel-de-manos-con-microesferas-perfumado-de-naranja-con-bomba-38-litros\/","url":"https:\/\/www.csj-emballages.com\/es\/produit\/gel-de-manos-con-microesferas-perfumado-de-naranja-con-bomba-38-litros\/","name":"Gel de Manos con Microesferas y Bomba Fragancia Naranja 3,8 litros","isPartOf":{"@id":"https:\/\/www.csj-emballages.com\/es\/#website"},"primaryImageOfPage":{"@id":"https:\/\/www.csj-emballages.com\/es\/produit\/gel-de-manos-con-microesferas-perfumado-de-naranja-con-bomba-38-litros\/#primaryimage"},"image":{"@id":"https:\/\/www.csj-emballages.com\/es\/produit\/gel-de-manos-con-microesferas-perfumado-de-naranja-con-bomba-38-litros\/#primaryimage"},"thumbnailUrl":"https:\/\/www.csj-emballages.com\/wp-content\/uploads\/2024\/03\/04SBFCLEAN.webp","datePublished":"2024-03-01T16:00:14+00:00","dateModified":"2026-04-28T00:10:34+00:00","description":"Gel de manos con microesferas perfumado naranja 3,8 L con bomba. Ideal para la suciedad persistente. Limpieza potente, fragancia fresca, uso profesional.","breadcrumb":{"@id":"https:\/\/www.csj-emballages.com\/es\/produit\/gel-de-manos-con-microesferas-perfumado-de-naranja-con-bomba-38-litros\/#breadcrumb"},"inLanguage":"es","potentialAction":[{"@type":"ReadAction","target":["https:\/\/www.csj-emballages.com\/es\/produit\/gel-de-manos-con-microesferas-perfumado-de-naranja-con-bomba-38-litros\/"]}]},{"@type":"ImageObject","inLanguage":"es","@id":"https:\/\/www.csj-emballages.com\/es\/produit\/gel-de-manos-con-microesferas-perfumado-de-naranja-con-bomba-38-litros\/#primaryimage","url":"https:\/\/www.csj-emballages.com\/wp-content\/uploads\/2024\/03\/04SBFCLEAN.webp","contentUrl":"https:\/\/www.csj-emballages.com\/wp-content\/uploads\/2024\/03\/04SBFCLEAN.webp","width":800,"height":800,"caption":"Gel microbilles mains"},{"@type":"BreadcrumbList","@id":"https:\/\/www.csj-emballages.com\/es\/produit\/gel-de-manos-con-microesferas-perfumado-de-naranja-con-bomba-38-litros\/#breadcrumb","itemListElement":[{"@type":"ListItem","position":1,"name":"Accueil","item":"https:\/\/www.csj-emballages.com\/es\/universo-del-envasado-alimentario\/"},{"@type":"ListItem","position":2,"name":"Tienda","item":"https:\/\/www.csj-emballages.com\/tienda\/"},{"@type":"ListItem","position":3,"name":"Gel de manos con microesferas perfumado naranja con bomba 3,8 litros"}]},{"@type":"WebSite","@id":"https:\/\/www.csj-emballages.com\/es\/#website","url":"https:\/\/www.csj-emballages.com\/es\/","name":"CSJ Emballages","description":"","publisher":{"@id":"https:\/\/www.csj-emballages.com\/es\/#organization"},"potentialAction":[{"@type":"SearchAction","target":{"@type":"EntryPoint","urlTemplate":"https:\/\/www.csj-emballages.com\/es\/?s={search_term_string}"},"query-input":{"@type":"PropertyValueSpecification","valueRequired":true,"valueName":"search_term_string"}}],"inLanguage":"es"},{"@type":"Organization","@id":"https:\/\/www.csj-emballages.com\/es\/#Organization\/","name":"CSJ Emballages","url":"https:\/\/www.csj-emballages.com\/es\/","logo":{"@type":"ImageObject","inLanguage":"es","@id":"https:\/\/www.csj-emballages.com\/es\/#\/schema\/logo\/image\/","url":"https:\/\/www.csj-emballages.com\/wp-content\/uploads\/2023\/10\/logo_csj.webp","contentUrl":"https:\/\/www.csj-emballages.com\/wp-content\/uploads\/2023\/10\/logo_csj.webp","width":250,"height":95,"caption":"CSJ Emballages"},"image":{"@id":"https:\/\/www.csj-emballages.com\/es\/#\/schema\/logo\/image\/"},"sameAs":["https:\/\/www.facebook.com\/csjemballages"],"address":{"@type":"PostalAddress","streetAddress":"ZI La Lechere","addressLocality":"Patornay","postalCode":"39130","addressCountry":"FR"},"contactPoint":[{"@type":"ContactPoint","contactType":"Service client","telephone":"0384254272","email":"contact@csj-emballages.com"}]}]}},"df_price":15.94,"df_sale_price":"","df_regular_price":15.94,"df_image_link":"https:\/\/www.csj-emballages.com\/wp-content\/uploads\/2024\/03\/04SBFCLEAN-300x300.webp","tiered_pricing_type":"fixed","tiered_pricing_fixed_rules":[],"tiered_pricing_percentage_rules":[],"tiered_pricing_minimum":1,"tiered_pricing_roles_data":[],"_links":{"self":[{"href":"https:\/\/www.csj-emballages.com\/es\/wp-json\/wp\/v2\/product\/17329","targetHints":{"allow":["GET"]}}],"collection":[{"href":"https:\/\/www.csj-emballages.com\/es\/wp-json\/wp\/v2\/product"}],"about":[{"href":"https:\/\/www.csj-emballages.com\/es\/wp-json\/wp\/v2\/types\/product"}],"wp:featuredmedia":[{"embeddable":true,"href":"https:\/\/www.csj-emballages.com\/es\/wp-json\/wp\/v2\/media\/235917"}],"wp:attachment":[{"href":"https:\/\/www.csj-emballages.com\/es\/wp-json\/wp\/v2\/media?parent=17329"}],"wp:term":[{"taxonomy":"product_brand","embeddable":true,"href":"https:\/\/www.csj-emballages.com\/es\/wp-json\/wp\/v2\/product_brand?post=17329"},{"taxonomy":"product_cat","embeddable":true,"href":"https:\/\/www.csj-emballages.com\/es\/wp-json\/wp\/v2\/product_cat?post=17329"},{"taxonomy":"product_tag","embeddable":true,"href":"https:\/\/www.csj-emballages.com\/es\/wp-json\/wp\/v2\/product_tag?post=17329"}],"curies":[{"name":"wp","href":"https:\/\/api.w.org\/{rel}","templated":true}]}}