{"id":17323,"date":"2024-03-01T17:00:14","date_gmt":"2024-03-01T16:00:14","guid":{"rendered":"https:\/\/u15jnbdpoq.preview.infomaniak.website\/produit\/3d-spray-detergente-desinfectante-antical-750ml\/"},"modified":"2026-04-04T02:10:17","modified_gmt":"2026-04-04T00:10:17","slug":"3d-spray-detergente-desinfectante-antical-750ml","status":"publish","type":"product","link":"https:\/\/www.csj-emballages.com\/es\/produit\/3d-spray-detergente-desinfectante-antical-750ml\/","title":{"rendered":"3D spray detergente desinfectante antical 750ml"},"content":{"rendered":"<h2>Spray detergente desinfectante antical<\/h2>\n<hr>\n<h3>Descripci\u00f3n de nuestro spray detergente desinfectante antical 3D 750ml<\/h3>\n<p><!--more--><\/p>\n<p data-start=\"124\" data-end=\"627\">Este <strong data-start=\"154\" data-end=\"188\">detergente antical perfumado<\/strong> es su aliado indispensable para el mantenimiento regular de todas las superficies expuestas a la humedad. Concebido para un uso diario, es ideal para la <strong data-start=\"351\" data-end=\"384\">limpieza de cuartos de ba\u00f1o<\/strong>, <strong data-start=\"390\" data-end=\"407\">grifos<\/strong>, <strong data-start=\"413\" data-end=\"430\">suelos alicatados<\/strong> y <strong data-start=\"434\" data-end=\"456\">revestimientos murales<\/strong> en general. Gracias a su f\u00f3rmula equilibrada, elimina eficazmente los restos de jab\u00f3n, las marcas de agua y la acumulaci\u00f3n de sarro sin da\u00f1ar los materiales sensibles.  <\/p>\n<p data-start=\"629\" data-end=\"951\">Este producto no s\u00f3lo limpia: act\u00faa <strong data-start=\"684\" data-end=\"697\">de forma preventiva<\/strong> retrasando la aparici\u00f3n de la <strong data-start=\"727\" data-end=\"739\">cal<\/strong> y <strong data-start=\"746\" data-end=\"782\">evitando la formaci\u00f3n de dep\u00f3sitos<\/strong> minerales, lo que facilita enormemente el mantenimiento a lo largo del tiempo. Un verdadero ahorro de tiempo tanto para los profesionales de la limpieza como para los propietarios meticulosos. <\/p>\n<p data-start=\"953\" data-end=\"1253\">Asimismo, su <strong data-start=\"956\" data-end=\"973\">f\u00f3rmula suave<\/strong> respeta las superficies cromadas (grifer\u00eda, duchas, tiradores, etc.) al tiempo que les proporciona un <strong data-start=\"1062\" data-end=\"1083\">brillo resplandeciente<\/strong>, sin rayas ni deslustres. Y, por si fuera poco, deja una <strong data-start=\"1163\" data-end=\"1191\">fragancia fresca y agradable<\/strong> que prolonga la sensaci\u00f3n de limpieza en toda la estancia. <\/p>\n<p data-start=\"1255\" data-end=\"1458\">En resumen, ideal para hoteles, restaurantes, oficinas o simplemente para el cuarto de ba\u00f1o de su casa, este detergente antical combina <strong data-start=\"1394\" data-end=\"1457\">eficacia, seguridad del material y placer de uso<\/strong>.<\/p>\n<p data-start=\"1248\" data-end=\"1443\"><!--more--><\/p>\n<h4 data-start=\"1248\" data-end=\"1443\">Ventajas :<\/h4>\n<ul>\n<li>Previene la formaci\u00f3n de cal y sarro.<\/li>\n<li>No ataca las superficies cromadas.<\/li>\n<li>Deja una fragancia fresca y duradera.<\/li>\n<li>Da brillo a las superficies.<\/li>\n<li>Adecuado para el uso diario.<\/li>\n<li>Ideal para grifos, suelos, paredes y sanitarios.<\/li>\n<\/ul>\n<p>&nbsp;<\/p>\n<p><!--more--><\/p>\n<h4>Informaci\u00f3n adicional :<\/h4>\n<ul>\n<li><strong>Embalaje<\/strong>: Por unidad<\/li>\n<li><strong>Uso<\/strong>: Spray desinfectante antical<\/li>\n<li><strong>Volumen<\/strong>: 750 ml<\/li>\n<\/ul>\n<p>&nbsp;<\/p>\n<p><!--more--><\/p>\n<p>Vea tambi\u00e9n nuestro detergente desinfectante antical de 5 litros: <span style=\"color: #d12727;\"><a style=\"color: #d12727;\" href=\"https:\/\/www.csj-emballages.com\/es\/produit\/3d-detergente-desinfectante-antical-5-litros-2\/\">05045<\/a><\/span><\/p>\n<p>&nbsp;<\/p>\n<p><!--more--><\/p>\n<p><a href=\"https:\/\/www.csj-emballages.com\/es\/categorie-produit\/higiene-y-mantenimiento\/productos-de-limpieza\/sanitario-es\/\">Ver el resto de nuestra gama de productos de limpieza sanitaria  <\/a><\/p>\n","protected":false},"excerpt":{"rendered":"<p>Spray detergente desinfectante antical Descripci\u00f3n de nuestro spray detergente desinfectante antical 3D 750ml<\/p>\n","protected":false},"featured_media":239243,"template":"","meta":{"_acf_changed":false},"product_brand":[],"product_cat":[1226,1227,1295],"product_tag":[],"class_list":{"0":"post-17323","1":"product","2":"type-product","3":"status-publish","4":"has-post-thumbnail","6":"product_cat-higiene-y-mantenimiento","7":"product_cat-productos-de-limpieza","8":"product_cat-sanitario-es","10":"first","11":"instock","12":"taxable","13":"shipping-taxable","14":"purchasable","15":"product-type-simple"},"acf":[],"yoast_head":"<!-- This site is optimized with the Yoast SEO Premium plugin v26.6 (Yoast SEO v26.6) - https:\/\/yoast.com\/wordpress\/plugins\/seo\/ -->\n<title>Spray detergente desinfectante antical<\/title>\n<meta name=\"description\" content=\"Detergente antical perfumado para cuartos de ba\u00f1o. Limpia, previene la cal y abrillanta sin da\u00f1ar las superficies cromadas.\" \/>\n<meta name=\"robots\" content=\"index, follow, max-snippet:-1, max-image-preview:large, max-video-preview:-1\" \/>\n<link rel=\"canonical\" href=\"https:\/\/www.csj-emballages.com\/es\/produit\/3d-spray-detergente-desinfectante-antical-750ml\/\" \/>\n<meta property=\"og:locale\" content=\"es_ES\" \/>\n<meta property=\"og:type\" content=\"article\" \/>\n<meta property=\"og:title\" content=\"3D spray detergente desinfectante antical 750ml\" \/>\n<meta property=\"og:description\" content=\"Detergente antical perfumado para cuartos de ba\u00f1o. Limpia, previene la cal y abrillanta sin da\u00f1ar las superficies cromadas.\" \/>\n<meta property=\"og:url\" content=\"https:\/\/www.csj-emballages.com\/es\/produit\/3d-spray-detergente-desinfectante-antical-750ml\/\" \/>\n<meta property=\"og:site_name\" content=\"CSJ Emballages\" \/>\n<meta property=\"article:publisher\" content=\"https:\/\/www.facebook.com\/csjemballages\" \/>\n<meta property=\"article:modified_time\" content=\"2026-04-04T00:10:17+00:00\" \/>\n<meta property=\"og:image\" content=\"https:\/\/www.csj-emballages.com\/wp-content\/uploads\/2024\/03\/0504750.webp\" \/>\n\t<meta property=\"og:image:width\" content=\"800\" \/>\n\t<meta property=\"og:image:height\" content=\"800\" \/>\n\t<meta property=\"og:image:type\" content=\"image\/webp\" \/>\n<meta name=\"twitter:card\" content=\"summary_large_image\" \/>\n<meta name=\"twitter:label1\" content=\"Tiempo de lectura\" \/>\n\t<meta name=\"twitter:data1\" content=\"1 minuto\" \/>\n<script type=\"application\/ld+json\" class=\"yoast-schema-graph\">{\"@context\":\"https:\/\/schema.org\",\"@graph\":[{\"@type\":\"WebPage\",\"@id\":\"https:\/\/www.csj-emballages.com\/es\/produit\/3d-spray-detergente-desinfectante-antical-750ml\/\",\"url\":\"https:\/\/www.csj-emballages.com\/es\/produit\/3d-spray-detergente-desinfectante-antical-750ml\/\",\"name\":\"Spray detergente desinfectante antical\",\"isPartOf\":{\"@id\":\"https:\/\/www.csj-emballages.com\/es\/#website\"},\"primaryImageOfPage\":{\"@id\":\"https:\/\/www.csj-emballages.com\/es\/produit\/3d-spray-detergente-desinfectante-antical-750ml\/#primaryimage\"},\"image\":{\"@id\":\"https:\/\/www.csj-emballages.com\/es\/produit\/3d-spray-detergente-desinfectante-antical-750ml\/#primaryimage\"},\"thumbnailUrl\":\"https:\/\/www.csj-emballages.com\/wp-content\/uploads\/2024\/03\/0504750.webp\",\"datePublished\":\"2024-03-01T16:00:14+00:00\",\"dateModified\":\"2026-04-04T00:10:17+00:00\",\"description\":\"Detergente antical perfumado para cuartos de ba\u00f1o. Limpia, previene la cal y abrillanta sin da\u00f1ar las superficies cromadas.\",\"breadcrumb\":{\"@id\":\"https:\/\/www.csj-emballages.com\/es\/produit\/3d-spray-detergente-desinfectante-antical-750ml\/#breadcrumb\"},\"inLanguage\":\"es\",\"potentialAction\":[{\"@type\":\"ReadAction\",\"target\":[\"https:\/\/www.csj-emballages.com\/es\/produit\/3d-spray-detergente-desinfectante-antical-750ml\/\"]}]},{\"@type\":\"ImageObject\",\"inLanguage\":\"es\",\"@id\":\"https:\/\/www.csj-emballages.com\/es\/produit\/3d-spray-detergente-desinfectante-antical-750ml\/#primaryimage\",\"url\":\"https:\/\/www.csj-emballages.com\/wp-content\/uploads\/2024\/03\/0504750.webp\",\"contentUrl\":\"https:\/\/www.csj-emballages.com\/wp-content\/uploads\/2024\/03\/0504750.webp\",\"width\":800,\"height\":800,\"caption\":\"Spray d\u00e9tergent d\u00e9sinfectant anticalcaire\"},{\"@type\":\"BreadcrumbList\",\"@id\":\"https:\/\/www.csj-emballages.com\/es\/produit\/3d-spray-detergente-desinfectante-antical-750ml\/#breadcrumb\",\"itemListElement\":[{\"@type\":\"ListItem\",\"position\":1,\"name\":\"Accueil\",\"item\":\"https:\/\/www.csj-emballages.com\/es\/universo-del-envasado-alimentario\/\"},{\"@type\":\"ListItem\",\"position\":2,\"name\":\"Tienda\",\"item\":\"https:\/\/www.csj-emballages.com\/tienda\/\"},{\"@type\":\"ListItem\",\"position\":3,\"name\":\"3D spray detergente desinfectante antical 750ml\"}]},{\"@type\":\"WebSite\",\"@id\":\"https:\/\/www.csj-emballages.com\/es\/#website\",\"url\":\"https:\/\/www.csj-emballages.com\/es\/\",\"name\":\"CSJ Emballages\",\"description\":\"\",\"publisher\":{\"@id\":\"https:\/\/www.csj-emballages.com\/es\/#organization\"},\"potentialAction\":[{\"@type\":\"SearchAction\",\"target\":{\"@type\":\"EntryPoint\",\"urlTemplate\":\"https:\/\/www.csj-emballages.com\/es\/?s={search_term_string}\"},\"query-input\":{\"@type\":\"PropertyValueSpecification\",\"valueRequired\":true,\"valueName\":\"search_term_string\"}}],\"inLanguage\":\"es\"},{\"@type\":\"Organization\",\"@id\":\"https:\/\/www.csj-emballages.com\/es\/#Organization\/\",\"name\":\"CSJ Emballages\",\"url\":\"https:\/\/www.csj-emballages.com\/es\/\",\"logo\":{\"@type\":\"ImageObject\",\"inLanguage\":\"es\",\"@id\":\"https:\/\/www.csj-emballages.com\/es\/#\/schema\/logo\/image\/\",\"url\":\"https:\/\/www.csj-emballages.com\/wp-content\/uploads\/2023\/10\/logo_csj.webp\",\"contentUrl\":\"https:\/\/www.csj-emballages.com\/wp-content\/uploads\/2023\/10\/logo_csj.webp\",\"width\":250,\"height\":95,\"caption\":\"CSJ Emballages\"},\"image\":{\"@id\":\"https:\/\/www.csj-emballages.com\/es\/#\/schema\/logo\/image\/\"},\"sameAs\":[\"https:\/\/www.facebook.com\/csjemballages\"],\"address\":{\"@type\":\"PostalAddress\",\"streetAddress\":\"ZI La Lechere\",\"addressLocality\":\"Patornay\",\"postalCode\":\"39130\",\"addressCountry\":\"FR\"},\"contactPoint\":[{\"@type\":\"ContactPoint\",\"contactType\":\"Service client\",\"telephone\":\"0384254272\",\"email\":\"contact@csj-emballages.com\"}]}]}<\/script>\n<!-- \/ Yoast SEO Premium plugin. -->","yoast_head_json":{"title":"Spray detergente desinfectante antical","description":"Detergente antical perfumado para cuartos de ba\u00f1o. Limpia, previene la cal y abrillanta sin da\u00f1ar las superficies cromadas.","robots":{"index":"index","follow":"follow","max-snippet":"max-snippet:-1","max-image-preview":"max-image-preview:large","max-video-preview":"max-video-preview:-1"},"canonical":"https:\/\/www.csj-emballages.com\/es\/produit\/3d-spray-detergente-desinfectante-antical-750ml\/","og_locale":"es_ES","og_type":"article","og_title":"3D spray detergente desinfectante antical 750ml","og_description":"Detergente antical perfumado para cuartos de ba\u00f1o. Limpia, previene la cal y abrillanta sin da\u00f1ar las superficies cromadas.","og_url":"https:\/\/www.csj-emballages.com\/es\/produit\/3d-spray-detergente-desinfectante-antical-750ml\/","og_site_name":"CSJ Emballages","article_publisher":"https:\/\/www.facebook.com\/csjemballages","article_modified_time":"2026-04-04T00:10:17+00:00","og_image":[{"width":800,"height":800,"url":"https:\/\/www.csj-emballages.com\/wp-content\/uploads\/2024\/03\/0504750.webp","type":"image\/webp"}],"twitter_card":"summary_large_image","twitter_misc":{"Tiempo de lectura":"1 minuto"},"schema":{"@context":"https:\/\/schema.org","@graph":[{"@type":"WebPage","@id":"https:\/\/www.csj-emballages.com\/es\/produit\/3d-spray-detergente-desinfectante-antical-750ml\/","url":"https:\/\/www.csj-emballages.com\/es\/produit\/3d-spray-detergente-desinfectante-antical-750ml\/","name":"Spray detergente desinfectante antical","isPartOf":{"@id":"https:\/\/www.csj-emballages.com\/es\/#website"},"primaryImageOfPage":{"@id":"https:\/\/www.csj-emballages.com\/es\/produit\/3d-spray-detergente-desinfectante-antical-750ml\/#primaryimage"},"image":{"@id":"https:\/\/www.csj-emballages.com\/es\/produit\/3d-spray-detergente-desinfectante-antical-750ml\/#primaryimage"},"thumbnailUrl":"https:\/\/www.csj-emballages.com\/wp-content\/uploads\/2024\/03\/0504750.webp","datePublished":"2024-03-01T16:00:14+00:00","dateModified":"2026-04-04T00:10:17+00:00","description":"Detergente antical perfumado para cuartos de ba\u00f1o. Limpia, previene la cal y abrillanta sin da\u00f1ar las superficies cromadas.","breadcrumb":{"@id":"https:\/\/www.csj-emballages.com\/es\/produit\/3d-spray-detergente-desinfectante-antical-750ml\/#breadcrumb"},"inLanguage":"es","potentialAction":[{"@type":"ReadAction","target":["https:\/\/www.csj-emballages.com\/es\/produit\/3d-spray-detergente-desinfectante-antical-750ml\/"]}]},{"@type":"ImageObject","inLanguage":"es","@id":"https:\/\/www.csj-emballages.com\/es\/produit\/3d-spray-detergente-desinfectante-antical-750ml\/#primaryimage","url":"https:\/\/www.csj-emballages.com\/wp-content\/uploads\/2024\/03\/0504750.webp","contentUrl":"https:\/\/www.csj-emballages.com\/wp-content\/uploads\/2024\/03\/0504750.webp","width":800,"height":800,"caption":"Spray d\u00e9tergent d\u00e9sinfectant anticalcaire"},{"@type":"BreadcrumbList","@id":"https:\/\/www.csj-emballages.com\/es\/produit\/3d-spray-detergente-desinfectante-antical-750ml\/#breadcrumb","itemListElement":[{"@type":"ListItem","position":1,"name":"Accueil","item":"https:\/\/www.csj-emballages.com\/es\/universo-del-envasado-alimentario\/"},{"@type":"ListItem","position":2,"name":"Tienda","item":"https:\/\/www.csj-emballages.com\/tienda\/"},{"@type":"ListItem","position":3,"name":"3D spray detergente desinfectante antical 750ml"}]},{"@type":"WebSite","@id":"https:\/\/www.csj-emballages.com\/es\/#website","url":"https:\/\/www.csj-emballages.com\/es\/","name":"CSJ Emballages","description":"","publisher":{"@id":"https:\/\/www.csj-emballages.com\/es\/#organization"},"potentialAction":[{"@type":"SearchAction","target":{"@type":"EntryPoint","urlTemplate":"https:\/\/www.csj-emballages.com\/es\/?s={search_term_string}"},"query-input":{"@type":"PropertyValueSpecification","valueRequired":true,"valueName":"search_term_string"}}],"inLanguage":"es"},{"@type":"Organization","@id":"https:\/\/www.csj-emballages.com\/es\/#Organization\/","name":"CSJ Emballages","url":"https:\/\/www.csj-emballages.com\/es\/","logo":{"@type":"ImageObject","inLanguage":"es","@id":"https:\/\/www.csj-emballages.com\/es\/#\/schema\/logo\/image\/","url":"https:\/\/www.csj-emballages.com\/wp-content\/uploads\/2023\/10\/logo_csj.webp","contentUrl":"https:\/\/www.csj-emballages.com\/wp-content\/uploads\/2023\/10\/logo_csj.webp","width":250,"height":95,"caption":"CSJ Emballages"},"image":{"@id":"https:\/\/www.csj-emballages.com\/es\/#\/schema\/logo\/image\/"},"sameAs":["https:\/\/www.facebook.com\/csjemballages"],"address":{"@type":"PostalAddress","streetAddress":"ZI La Lechere","addressLocality":"Patornay","postalCode":"39130","addressCountry":"FR"},"contactPoint":[{"@type":"ContactPoint","contactType":"Service client","telephone":"0384254272","email":"contact@csj-emballages.com"}]}]}},"df_price":3.08,"df_sale_price":"","df_regular_price":3.08,"df_image_link":"https:\/\/www.csj-emballages.com\/wp-content\/uploads\/2024\/03\/0504750-300x300.webp","tiered_pricing_type":"fixed","tiered_pricing_fixed_rules":[],"tiered_pricing_percentage_rules":[],"tiered_pricing_minimum":1,"tiered_pricing_roles_data":[],"_links":{"self":[{"href":"https:\/\/www.csj-emballages.com\/es\/wp-json\/wp\/v2\/product\/17323","targetHints":{"allow":["GET"]}}],"collection":[{"href":"https:\/\/www.csj-emballages.com\/es\/wp-json\/wp\/v2\/product"}],"about":[{"href":"https:\/\/www.csj-emballages.com\/es\/wp-json\/wp\/v2\/types\/product"}],"wp:featuredmedia":[{"embeddable":true,"href":"https:\/\/www.csj-emballages.com\/es\/wp-json\/wp\/v2\/media\/239243"}],"wp:attachment":[{"href":"https:\/\/www.csj-emballages.com\/es\/wp-json\/wp\/v2\/media?parent=17323"}],"wp:term":[{"taxonomy":"product_brand","embeddable":true,"href":"https:\/\/www.csj-emballages.com\/es\/wp-json\/wp\/v2\/product_brand?post=17323"},{"taxonomy":"product_cat","embeddable":true,"href":"https:\/\/www.csj-emballages.com\/es\/wp-json\/wp\/v2\/product_cat?post=17323"},{"taxonomy":"product_tag","embeddable":true,"href":"https:\/\/www.csj-emballages.com\/es\/wp-json\/wp\/v2\/product_tag?post=17323"}],"curies":[{"name":"wp","href":"https:\/\/api.w.org\/{rel}","templated":true}]}}