{"id":17318,"date":"2024-03-01T17:00:15","date_gmt":"2024-03-01T16:00:15","guid":{"rendered":"https:\/\/u15jnbdpoq.preview.infomaniak.website\/produit\/desinfectante-desengrasante-para-uso-manual-o-en-un-centro-de-higiene-bidon-de-5-l\/"},"modified":"2026-04-30T15:00:24","modified_gmt":"2026-04-30T13:00:24","slug":"desinfectante-desengrasante-para-uso-manual-o-en-un-centro-de-higiene-bidon-de-5-l","status":"publish","type":"product","link":"https:\/\/www.csj-emballages.com\/es\/produit\/desinfectante-desengrasante-para-uso-manual-o-en-un-centro-de-higiene-bidon-de-5-l\/","title":{"rendered":"Desinfectante desengrasante para uso manual o en un centro de higiene Bid\u00f3n de 5 L"},"content":{"rendered":"<h2>Desinfectante desengrasante<\/h2>\n<div style=\"font-family: Roboto, sans-serif;\">\n<div style=\"font-family: Roboto, sans-serif;\">\n<div style=\"font-family: Roboto, sans-serif;\">\n<div style=\"font-family: Roboto, sans-serif;\">\n<div style=\"font-family: Roboto, sans-serif;\">\n<div style=\"font-family: Roboto, sans-serif;\">\n<hr>\n<h3>Descripci\u00f3n de nuestro desengrasante desinfectante para uso manual o higiene central bid\u00f3n de 5 L<\/h3>\n<p><!--more--><\/p>\n<p>La <strong>lata de 5 litros de Desinfectante Desengrasante<\/strong> es ideal para su uso a mano o en un centro de higiene. Limpia eficazmente todas las superficies a la vez que desinfecta en profundidad. Este producto est\u00e1 especialmente dise\u00f1ado para eliminar la grasa persistente y los restos de comida. Act\u00faa r\u00e1pidamente, dejando las superficies limpias y sin manchas. Gracias a su f\u00f3rmula desinfectante, destruye bacterias, virus y hongos en una sola aplicaci\u00f3n.    <\/p>\n<p>Este <strong>desengrasante desinfectante en lata de 5 litros<\/strong> es un activo indispensable para mantener los locales sanos y en conformidad con las normas de higiene. Su formato de 20 litros es econ\u00f3mico, duradero y pr\u00e1ctico. El uso regular de este producto garantiza una limpieza impecable y una desinfecci\u00f3n fiable.  <\/p>\n<p>&nbsp;<\/p>\n<\/div>\n<\/div>\n<\/div>\n<\/div>\n<\/div>\n<\/div>\n<p><!--more--><\/p>\n<div style=\"font-family: Roboto, sans-serif;\">\n<div style=\"font-family: Roboto, sans-serif;\">\n<div style=\"font-family: Roboto, sans-serif;\">\n<div style=\"font-family: Roboto, sans-serif;\">\n<div style=\"font-family: Roboto, sans-serif;\">\n<div style=\"font-family: Roboto, sans-serif;\">\n<p><span style=\"color: #3366ff;\"><strong>DETERQUAT ADN<\/strong><\/span> es:<br \/>\n&#8211; Bactericida<br \/>\n&#8211; Levuricida-Fungicida<br \/>\n&#8211; Fungicida<br \/>\n&#8211; Virucida<\/p>\n<p>&nbsp;<\/p>\n<\/div>\n<\/div>\n<\/div>\n<\/div>\n<\/div>\n<\/div>\n<p><!--more--><\/p>\n<div style=\"font-family: Roboto, sans-serif;\">\n<div style=\"font-family: Roboto, sans-serif;\">\n<div style=\"font-family: Roboto, sans-serif;\">\n<div style=\"font-family: Roboto, sans-serif;\">\n<div style=\"font-family: Roboto, sans-serif;\">\n<div style=\"font-family: Roboto, sans-serif;\">\n<h4><b>Instrucciones de uso :<\/b><\/h4>\n<ul>\n<li><b>Bactericida:<\/b> Diluir 50 ml en 5 litros de agua a 30\u00b0C como m\u00ednimo. Pulverizar sobre las superficies. Dejar actuar 5 minutos. Aclarar despu\u00e9s de la aplicaci\u00f3n.   <\/li>\n<li><b>Levadura y fungicida:<\/b> Diluir 150 ml en 5 litros de agua a 30\u00b0C como m\u00ednimo. Pulveriza sobre las superficies. Dejar actuar durante 15 minutos. Aclarar despu\u00e9s de la aplicaci\u00f3n.   <\/li>\n<li><b>Virucide:<\/b> Para superficies en contacto con alimentos, diluye seg\u00fan sea necesario en 5 litros de agua a 20\u00b0C como m\u00ednimo. Pulverizar sobre las superficies. Dejar actuar durante la eficacia deseada y aclarar despu\u00e9s de la aplicaci\u00f3n.  <\/li>\n<\/ul>\n<\/div>\n<\/div>\n<div style=\"font-family: Roboto, sans-serif;\">\n<div style=\"font-family: Roboto, sans-serif;\">\n<p>&nbsp;<\/p>\n<\/div>\n<\/div>\n<\/div>\n<\/div>\n<\/div>\n<\/div>\n<p><!--more--><\/p>\n<h4>Informaci\u00f3n adicional :<\/h4>\n<ul>\n<li><strong>Embalaje<\/strong>: Por unidad<\/li>\n<li><strong>Volumen<\/strong>: 5 litros<\/li>\n<li><strong>Uso<\/strong>: Desinfectante desengrasante<\/li>\n<\/ul>\n<p>&nbsp;<\/p>\n<p><!--more--><\/p>\n<p>Descubra tambi\u00e9n nuestro Deterquat DNA en botes de 20L: <span style=\"color: #d12727;\"><a style=\"color: #d12727;\" href=\"https:\/\/www.csj-emballages.com\/es\/produit\/desinfectante-desengrasante-para-uso-manual-o-en-un-centro-de-higiene-recipiente-de-20-l\/\">041720<\/a><\/span><\/p>\n<p>&nbsp;<\/p>\n<p><!--more--><\/p>\n<p><a href=\"https:\/\/www.csj-emballages.com\/es\/categorie-produit\/higiene-y-mantenimiento\/productos-de-limpieza\/cocina\/\">Consulta aqu\u00ed el resto de nuestra gama de productos para el cuidado de la cocina<\/a><\/p>\n","protected":false},"excerpt":{"rendered":"<p>Desinfectante desengrasante Descripci\u00f3n de nuestro desengrasante desinfectante para uso manual o higiene central bid\u00f3n de 5 L<\/p>\n","protected":false},"featured_media":233171,"template":"","meta":{"_acf_changed":false},"product_brand":[],"product_cat":[1226,1227,1355,1379],"product_tag":[],"class_list":{"0":"post-17318","1":"product","2":"type-product","3":"status-publish","4":"has-post-thumbnail","6":"product_cat-higiene-y-mantenimiento","7":"product_cat-productos-de-limpieza","8":"product_cat-cocina","9":"product_cat-suelo","10":"product_shipping_class-no-permitido-en-reles","12":"first","13":"instock","14":"taxable","15":"shipping-taxable","16":"purchasable","17":"product-type-simple"},"acf":[],"yoast_head":"<!-- This site is optimized with the Yoast SEO Premium plugin v26.6 (Yoast SEO v26.6) - https:\/\/yoast.com\/wordpress\/plugins\/seo\/ -->\n<title>Desengrasante Desinfectante Uso Manual o Central de Higiene<\/title>\n<meta name=\"description\" content=\"Desengrasante desinfectante en botes de 5 litros para uso manual o unidades centrales de higiene. Limpia, desengrasa y desinfecta eficazmente todas las superficies.\" \/>\n<meta name=\"robots\" content=\"index, follow, max-snippet:-1, max-image-preview:large, max-video-preview:-1\" \/>\n<link rel=\"canonical\" href=\"https:\/\/www.csj-emballages.com\/es\/produit\/desinfectante-desengrasante-para-uso-manual-o-en-un-centro-de-higiene-bidon-de-5-l\/\" \/>\n<meta property=\"og:locale\" content=\"es_ES\" \/>\n<meta property=\"og:type\" content=\"article\" \/>\n<meta property=\"og:title\" content=\"Desinfectante desengrasante para uso manual o en un centro de higiene Bid\u00f3n de 5 L\" \/>\n<meta property=\"og:description\" content=\"Desengrasante desinfectante en botes de 5 litros para uso manual o unidades centrales de higiene. Limpia, desengrasa y desinfecta eficazmente todas las superficies.\" \/>\n<meta property=\"og:url\" content=\"https:\/\/www.csj-emballages.com\/es\/produit\/desinfectante-desengrasante-para-uso-manual-o-en-un-centro-de-higiene-bidon-de-5-l\/\" \/>\n<meta property=\"og:site_name\" content=\"CSJ Emballages\" \/>\n<meta property=\"article:publisher\" content=\"https:\/\/www.facebook.com\/csjemballages\" \/>\n<meta property=\"article:modified_time\" content=\"2026-04-30T13:00:24+00:00\" \/>\n<meta property=\"og:image\" content=\"https:\/\/www.csj-emballages.com\/wp-content\/uploads\/2024\/03\/04345.webp\" \/>\n\t<meta property=\"og:image:width\" content=\"800\" \/>\n\t<meta property=\"og:image:height\" content=\"800\" \/>\n\t<meta property=\"og:image:type\" content=\"image\/webp\" \/>\n<meta name=\"twitter:card\" content=\"summary_large_image\" \/>\n<meta name=\"twitter:label1\" content=\"Tiempo de lectura\" \/>\n\t<meta name=\"twitter:data1\" content=\"1 minuto\" \/>\n<script type=\"application\/ld+json\" class=\"yoast-schema-graph\">{\"@context\":\"https:\/\/schema.org\",\"@graph\":[{\"@type\":\"WebPage\",\"@id\":\"https:\/\/www.csj-emballages.com\/es\/produit\/desinfectante-desengrasante-para-uso-manual-o-en-un-centro-de-higiene-bidon-de-5-l\/\",\"url\":\"https:\/\/www.csj-emballages.com\/es\/produit\/desinfectante-desengrasante-para-uso-manual-o-en-un-centro-de-higiene-bidon-de-5-l\/\",\"name\":\"Desengrasante Desinfectante Uso Manual o Central de Higiene\",\"isPartOf\":{\"@id\":\"https:\/\/www.csj-emballages.com\/es\/#website\"},\"primaryImageOfPage\":{\"@id\":\"https:\/\/www.csj-emballages.com\/es\/produit\/desinfectante-desengrasante-para-uso-manual-o-en-un-centro-de-higiene-bidon-de-5-l\/#primaryimage\"},\"image\":{\"@id\":\"https:\/\/www.csj-emballages.com\/es\/produit\/desinfectante-desengrasante-para-uso-manual-o-en-un-centro-de-higiene-bidon-de-5-l\/#primaryimage\"},\"thumbnailUrl\":\"https:\/\/www.csj-emballages.com\/wp-content\/uploads\/2024\/03\/04345.webp\",\"datePublished\":\"2024-03-01T16:00:15+00:00\",\"dateModified\":\"2026-04-30T13:00:24+00:00\",\"description\":\"Desengrasante desinfectante en botes de 5 litros para uso manual o unidades centrales de higiene. Limpia, desengrasa y desinfecta eficazmente todas las superficies.\",\"breadcrumb\":{\"@id\":\"https:\/\/www.csj-emballages.com\/es\/produit\/desinfectante-desengrasante-para-uso-manual-o-en-un-centro-de-higiene-bidon-de-5-l\/#breadcrumb\"},\"inLanguage\":\"es\",\"potentialAction\":[{\"@type\":\"ReadAction\",\"target\":[\"https:\/\/www.csj-emballages.com\/es\/produit\/desinfectante-desengrasante-para-uso-manual-o-en-un-centro-de-higiene-bidon-de-5-l\/\"]}]},{\"@type\":\"ImageObject\",\"inLanguage\":\"es\",\"@id\":\"https:\/\/www.csj-emballages.com\/es\/produit\/desinfectante-desengrasante-para-uso-manual-o-en-un-centro-de-higiene-bidon-de-5-l\/#primaryimage\",\"url\":\"https:\/\/www.csj-emballages.com\/wp-content\/uploads\/2024\/03\/04345.webp\",\"contentUrl\":\"https:\/\/www.csj-emballages.com\/wp-content\/uploads\/2024\/03\/04345.webp\",\"width\":800,\"height\":800,\"caption\":\"D\u00e9graissant d\u00e9sinfectant\"},{\"@type\":\"BreadcrumbList\",\"@id\":\"https:\/\/www.csj-emballages.com\/es\/produit\/desinfectante-desengrasante-para-uso-manual-o-en-un-centro-de-higiene-bidon-de-5-l\/#breadcrumb\",\"itemListElement\":[{\"@type\":\"ListItem\",\"position\":1,\"name\":\"Accueil\",\"item\":\"https:\/\/www.csj-emballages.com\/es\/universo-del-envasado-alimentario\/\"},{\"@type\":\"ListItem\",\"position\":2,\"name\":\"Tienda\",\"item\":\"https:\/\/www.csj-emballages.com\/tienda\/\"},{\"@type\":\"ListItem\",\"position\":3,\"name\":\"Desinfectante desengrasante para uso manual o en un centro de higiene Bid\u00f3n de 5 L\"}]},{\"@type\":\"WebSite\",\"@id\":\"https:\/\/www.csj-emballages.com\/es\/#website\",\"url\":\"https:\/\/www.csj-emballages.com\/es\/\",\"name\":\"CSJ Emballages\",\"description\":\"\",\"publisher\":{\"@id\":\"https:\/\/www.csj-emballages.com\/es\/#organization\"},\"potentialAction\":[{\"@type\":\"SearchAction\",\"target\":{\"@type\":\"EntryPoint\",\"urlTemplate\":\"https:\/\/www.csj-emballages.com\/es\/?s={search_term_string}\"},\"query-input\":{\"@type\":\"PropertyValueSpecification\",\"valueRequired\":true,\"valueName\":\"search_term_string\"}}],\"inLanguage\":\"es\"},{\"@type\":\"Organization\",\"@id\":\"https:\/\/www.csj-emballages.com\/es\/#Organization\/\",\"name\":\"CSJ Emballages\",\"url\":\"https:\/\/www.csj-emballages.com\/es\/\",\"logo\":{\"@type\":\"ImageObject\",\"inLanguage\":\"es\",\"@id\":\"https:\/\/www.csj-emballages.com\/es\/#\/schema\/logo\/image\/\",\"url\":\"https:\/\/www.csj-emballages.com\/wp-content\/uploads\/2023\/10\/logo_csj.webp\",\"contentUrl\":\"https:\/\/www.csj-emballages.com\/wp-content\/uploads\/2023\/10\/logo_csj.webp\",\"width\":250,\"height\":95,\"caption\":\"CSJ Emballages\"},\"image\":{\"@id\":\"https:\/\/www.csj-emballages.com\/es\/#\/schema\/logo\/image\/\"},\"sameAs\":[\"https:\/\/www.facebook.com\/csjemballages\"],\"address\":{\"@type\":\"PostalAddress\",\"streetAddress\":\"ZI La Lechere\",\"addressLocality\":\"Patornay\",\"postalCode\":\"39130\",\"addressCountry\":\"FR\"},\"contactPoint\":[{\"@type\":\"ContactPoint\",\"contactType\":\"Service client\",\"telephone\":\"0384254272\",\"email\":\"contact@csj-emballages.com\"}]}]}<\/script>\n<!-- \/ Yoast SEO Premium plugin. -->","yoast_head_json":{"title":"Desengrasante Desinfectante Uso Manual o Central de Higiene","description":"Desengrasante desinfectante en botes de 5 litros para uso manual o unidades centrales de higiene. Limpia, desengrasa y desinfecta eficazmente todas las superficies.","robots":{"index":"index","follow":"follow","max-snippet":"max-snippet:-1","max-image-preview":"max-image-preview:large","max-video-preview":"max-video-preview:-1"},"canonical":"https:\/\/www.csj-emballages.com\/es\/produit\/desinfectante-desengrasante-para-uso-manual-o-en-un-centro-de-higiene-bidon-de-5-l\/","og_locale":"es_ES","og_type":"article","og_title":"Desinfectante desengrasante para uso manual o en un centro de higiene Bid\u00f3n de 5 L","og_description":"Desengrasante desinfectante en botes de 5 litros para uso manual o unidades centrales de higiene. Limpia, desengrasa y desinfecta eficazmente todas las superficies.","og_url":"https:\/\/www.csj-emballages.com\/es\/produit\/desinfectante-desengrasante-para-uso-manual-o-en-un-centro-de-higiene-bidon-de-5-l\/","og_site_name":"CSJ Emballages","article_publisher":"https:\/\/www.facebook.com\/csjemballages","article_modified_time":"2026-04-30T13:00:24+00:00","og_image":[{"width":800,"height":800,"url":"https:\/\/www.csj-emballages.com\/wp-content\/uploads\/2024\/03\/04345.webp","type":"image\/webp"}],"twitter_card":"summary_large_image","twitter_misc":{"Tiempo de lectura":"1 minuto"},"schema":{"@context":"https:\/\/schema.org","@graph":[{"@type":"WebPage","@id":"https:\/\/www.csj-emballages.com\/es\/produit\/desinfectante-desengrasante-para-uso-manual-o-en-un-centro-de-higiene-bidon-de-5-l\/","url":"https:\/\/www.csj-emballages.com\/es\/produit\/desinfectante-desengrasante-para-uso-manual-o-en-un-centro-de-higiene-bidon-de-5-l\/","name":"Desengrasante Desinfectante Uso Manual o Central de Higiene","isPartOf":{"@id":"https:\/\/www.csj-emballages.com\/es\/#website"},"primaryImageOfPage":{"@id":"https:\/\/www.csj-emballages.com\/es\/produit\/desinfectante-desengrasante-para-uso-manual-o-en-un-centro-de-higiene-bidon-de-5-l\/#primaryimage"},"image":{"@id":"https:\/\/www.csj-emballages.com\/es\/produit\/desinfectante-desengrasante-para-uso-manual-o-en-un-centro-de-higiene-bidon-de-5-l\/#primaryimage"},"thumbnailUrl":"https:\/\/www.csj-emballages.com\/wp-content\/uploads\/2024\/03\/04345.webp","datePublished":"2024-03-01T16:00:15+00:00","dateModified":"2026-04-30T13:00:24+00:00","description":"Desengrasante desinfectante en botes de 5 litros para uso manual o unidades centrales de higiene. Limpia, desengrasa y desinfecta eficazmente todas las superficies.","breadcrumb":{"@id":"https:\/\/www.csj-emballages.com\/es\/produit\/desinfectante-desengrasante-para-uso-manual-o-en-un-centro-de-higiene-bidon-de-5-l\/#breadcrumb"},"inLanguage":"es","potentialAction":[{"@type":"ReadAction","target":["https:\/\/www.csj-emballages.com\/es\/produit\/desinfectante-desengrasante-para-uso-manual-o-en-un-centro-de-higiene-bidon-de-5-l\/"]}]},{"@type":"ImageObject","inLanguage":"es","@id":"https:\/\/www.csj-emballages.com\/es\/produit\/desinfectante-desengrasante-para-uso-manual-o-en-un-centro-de-higiene-bidon-de-5-l\/#primaryimage","url":"https:\/\/www.csj-emballages.com\/wp-content\/uploads\/2024\/03\/04345.webp","contentUrl":"https:\/\/www.csj-emballages.com\/wp-content\/uploads\/2024\/03\/04345.webp","width":800,"height":800,"caption":"D\u00e9graissant d\u00e9sinfectant"},{"@type":"BreadcrumbList","@id":"https:\/\/www.csj-emballages.com\/es\/produit\/desinfectante-desengrasante-para-uso-manual-o-en-un-centro-de-higiene-bidon-de-5-l\/#breadcrumb","itemListElement":[{"@type":"ListItem","position":1,"name":"Accueil","item":"https:\/\/www.csj-emballages.com\/es\/universo-del-envasado-alimentario\/"},{"@type":"ListItem","position":2,"name":"Tienda","item":"https:\/\/www.csj-emballages.com\/tienda\/"},{"@type":"ListItem","position":3,"name":"Desinfectante desengrasante para uso manual o en un centro de higiene Bid\u00f3n de 5 L"}]},{"@type":"WebSite","@id":"https:\/\/www.csj-emballages.com\/es\/#website","url":"https:\/\/www.csj-emballages.com\/es\/","name":"CSJ Emballages","description":"","publisher":{"@id":"https:\/\/www.csj-emballages.com\/es\/#organization"},"potentialAction":[{"@type":"SearchAction","target":{"@type":"EntryPoint","urlTemplate":"https:\/\/www.csj-emballages.com\/es\/?s={search_term_string}"},"query-input":{"@type":"PropertyValueSpecification","valueRequired":true,"valueName":"search_term_string"}}],"inLanguage":"es"},{"@type":"Organization","@id":"https:\/\/www.csj-emballages.com\/es\/#Organization\/","name":"CSJ Emballages","url":"https:\/\/www.csj-emballages.com\/es\/","logo":{"@type":"ImageObject","inLanguage":"es","@id":"https:\/\/www.csj-emballages.com\/es\/#\/schema\/logo\/image\/","url":"https:\/\/www.csj-emballages.com\/wp-content\/uploads\/2023\/10\/logo_csj.webp","contentUrl":"https:\/\/www.csj-emballages.com\/wp-content\/uploads\/2023\/10\/logo_csj.webp","width":250,"height":95,"caption":"CSJ Emballages"},"image":{"@id":"https:\/\/www.csj-emballages.com\/es\/#\/schema\/logo\/image\/"},"sameAs":["https:\/\/www.facebook.com\/csjemballages"],"address":{"@type":"PostalAddress","streetAddress":"ZI La Lechere","addressLocality":"Patornay","postalCode":"39130","addressCountry":"FR"},"contactPoint":[{"@type":"ContactPoint","contactType":"Service client","telephone":"0384254272","email":"contact@csj-emballages.com"}]}]}},"df_price":20.93,"df_sale_price":"","df_regular_price":20.93,"df_image_link":"https:\/\/www.csj-emballages.com\/wp-content\/uploads\/2024\/03\/04345-300x300.webp","tiered_pricing_type":"fixed","tiered_pricing_fixed_rules":[],"tiered_pricing_percentage_rules":[],"tiered_pricing_minimum":1,"tiered_pricing_roles_data":[],"_links":{"self":[{"href":"https:\/\/www.csj-emballages.com\/es\/wp-json\/wp\/v2\/product\/17318","targetHints":{"allow":["GET"]}}],"collection":[{"href":"https:\/\/www.csj-emballages.com\/es\/wp-json\/wp\/v2\/product"}],"about":[{"href":"https:\/\/www.csj-emballages.com\/es\/wp-json\/wp\/v2\/types\/product"}],"wp:featuredmedia":[{"embeddable":true,"href":"https:\/\/www.csj-emballages.com\/es\/wp-json\/wp\/v2\/media\/233171"}],"wp:attachment":[{"href":"https:\/\/www.csj-emballages.com\/es\/wp-json\/wp\/v2\/media?parent=17318"}],"wp:term":[{"taxonomy":"product_brand","embeddable":true,"href":"https:\/\/www.csj-emballages.com\/es\/wp-json\/wp\/v2\/product_brand?post=17318"},{"taxonomy":"product_cat","embeddable":true,"href":"https:\/\/www.csj-emballages.com\/es\/wp-json\/wp\/v2\/product_cat?post=17318"},{"taxonomy":"product_tag","embeddable":true,"href":"https:\/\/www.csj-emballages.com\/es\/wp-json\/wp\/v2\/product_tag?post=17318"}],"curies":[{"name":"wp","href":"https:\/\/api.w.org\/{rel}","templated":true}]}}