{"id":17308,"date":"2024-03-01T17:00:15","date_gmt":"2024-03-01T16:00:15","guid":{"rendered":"https:\/\/u15jnbdpoq.preview.infomaniak.website\/produit\/lavavajillas-de-20-litros-para-aguas-duras\/"},"modified":"2026-04-29T02:10:34","modified_gmt":"2026-04-29T00:10:34","slug":"lavavajillas-de-20-litros-para-aguas-duras","status":"publish","type":"product","link":"https:\/\/www.csj-emballages.com\/es\/produit\/lavavajillas-de-20-litros-para-aguas-duras\/","title":{"rendered":"Detergente lavavajillas para m\u00e1quinas de agua dura 20 litros"},"content":{"rendered":"<h2 class=\"p1\">Detergente lavavajillas<\/h2>\n<hr>\n<h3>Descripci\u00f3n de nuestro detergente lavavajillas para m\u00e1quinas de agua dura de 20 litros<\/h3>\n<p><!--more--><\/p>\n<p class=\"\" data-start=\"260\" data-end=\"588\">Este <strong>detergente lavavajillas<\/strong> <strong>a m\u00e1quina en envases de 20 litros<\/strong> ha sido especialmente dise\u00f1ado para entornos profesionales exigentes: restaurantes, instituciones, comedores o cocinas industriales. Es una soluci\u00f3n potente, dise\u00f1ada para que sea m\u00e1s eficaz, incluso en zonas con agua especialmente dura. <\/p>\n<p class=\"\" data-start=\"590\" data-end=\"1033\">Gracias a su <strong data-start=\"601\" data-end=\"636\">formulaci\u00f3n alcalina concentrada<\/strong>, este producto proporciona <strong data-start=\"659\" data-end=\"692\">un lavado autom\u00e1tico de alto rendimiento<\/strong>, al tiempo que protege sus equipos. Contiene un alto nivel de <strong data-start=\"766\" data-end=\"782\">secuestrantes<\/strong>, <strong data-start=\"784\" data-end=\"799\">dispersantes<\/strong> y <strong data-start=\"803\" data-end=\"831\">agentes antirredeposici\u00f3n<\/strong>, que impiden la formaci\u00f3n de cal, facilitan la eliminaci\u00f3n de la grasa y evitan que los residuos se vuelvan a depositar en la vajilla. El resultado: una vajilla limpia, brillante y sin manchas.  <\/p>\n<p class=\"\" data-start=\"1035\" data-end=\"1424\">La espuma controlada de este <strong>detergente<\/strong> lo hace perfectamente adecuado para m\u00e1quinas, sin derrames ni p\u00e9rdida de rendimiento. Tambi\u00e9n se recomienda su uso en aguas de dureza media a alta, donde otros productos pueden presentar limitaciones. Adem\u00e1s, su formato <strong>de 20 litros<\/strong> permite un uso prolongado, reduciendo la manipulaci\u00f3n y las roturas de stock.  <\/p>\n<p class=\"\" data-start=\"1426\" data-end=\"1578\">En resumen, es la elecci\u00f3n de fiabilidad y eficacia para todos los profesionales que no quieren renunciar a la higiene de su <strong>vajilla<\/strong>.<\/p>\n<p data-start=\"1426\" data-end=\"1578\">\n<p data-start=\"1426\" data-end=\"1578\"><!--more--><\/p>\n<h4>Componentes :<\/h4>\n<ul>\n<li>Receptores<\/li>\n<li>Alcalis<\/li>\n<li>Agentes antirredeposici\u00f3n<\/li>\n<li>Dispersantes<\/li>\n<li>Tinte<\/li>\n<\/ul>\n<p data-start=\"1426\" data-end=\"1578\">\n<p class=\"\" data-start=\"1302\" data-end=\"1517\"><!--more--><\/p>\n<p><strong>Sus ventajas:<\/strong><\/p>\n<ul>\n<li>Ideal para zonas con agua dura (dureza media a alta).<\/li>\n<li>Excelente acci\u00f3n desengrasante y antirredeposici\u00f3n.<\/li>\n<li>Espuma controlada, perfecta para su uso a m\u00e1quina.<\/li>\n<li>Gran formato de 20 litros para profesionales exigentes.<\/li>\n<\/ul>\n<p>&nbsp;<\/p>\n<p><!--more--><\/p>\n<p><strong>Informaci\u00f3n adicional :  <\/strong><\/p>\n<ul>\n<li><strong>Embalaje<\/strong>: Por unidad<\/li>\n<li><strong>Volumen <\/strong>: 20 litros<\/li>\n<li><strong>Uso<\/strong>: Detergente lavavajillas<\/li>\n<li><strong>pH<\/strong>: 1%.<\/li>\n<li><strong>Densidad a 20\u00ba C<\/strong>: 1,25 gr\/cc<\/li>\n<li><strong>Poder secuestrante<\/strong>: 7,5\u00baHF\/g<\/li>\n<\/ul>\n<p>&nbsp;<\/p>\n<p><!--more--><\/p>\n<p class=\"woocommerce-loop-product__title\">Tambi\u00e9n encontrar\u00e1 nuestro desincrustante para lavavajillas autom\u00e1ticos, 5 litros: <span style=\"color: #d12727;\"><a style=\"color: #d12727;\" href=\"https:\/\/www.csj-emballages.com\/es\/produit\/desincrustante-para-lavavajillas-automaticos\/\">62355<\/a><\/span><\/p>\n<p>&nbsp;<\/p>\n<p><!--more--><\/p>\n<p><a href=\"https:\/\/www.csj-emballages.com\/es\/categorie-produit\/higiene-y-mantenimiento\/productos-de-limpieza\/cuidado-de-los-platos\/lavavajillas\/\">Ver el resto de nuestra gama de productos para el cuidado del lavavajillas<\/a><\/p>\n","protected":false},"excerpt":{"rendered":"<p>Detergente lavavajillas Descripci\u00f3n de nuestro detergente lavavajillas para m\u00e1quinas de agua dura de 20 litros<\/p>\n","protected":false},"featured_media":222402,"template":"","meta":{"_acf_changed":false},"product_brand":[],"product_cat":[1226,1227,1228,1385],"product_tag":[],"class_list":{"0":"post-17308","1":"product","2":"type-product","3":"status-publish","4":"has-post-thumbnail","6":"product_cat-higiene-y-mantenimiento","7":"product_cat-productos-de-limpieza","8":"product_cat-cuidado-de-los-platos","9":"product_cat-lavavajillas","10":"product_shipping_class-no-permitido-en-reles","12":"first","13":"instock","14":"taxable","15":"shipping-taxable","16":"purchasable","17":"product-type-simple"},"acf":[],"yoast_head":"<!-- This site is optimized with the Yoast SEO Premium plugin v26.6 (Yoast SEO v26.6) - https:\/\/yoast.com\/wordpress\/plugins\/seo\/ -->\n<title>Detergente lavavajillas para m\u00e1quinas de agua dura 20 litros<\/title>\n<meta name=\"description\" content=\"Potente detergente lavavajillas a m\u00e1quina de 20L. Perfecto para aguas duras. Alto rendimiento, espuma controlada, vajilla limpia y sin rayas.\" \/>\n<meta name=\"robots\" content=\"index, follow, max-snippet:-1, max-image-preview:large, max-video-preview:-1\" \/>\n<link rel=\"canonical\" href=\"https:\/\/www.csj-emballages.com\/es\/produit\/lavavajillas-de-20-litros-para-aguas-duras\/\" \/>\n<meta property=\"og:locale\" content=\"es_ES\" \/>\n<meta property=\"og:type\" content=\"article\" \/>\n<meta property=\"og:title\" content=\"Detergente lavavajillas para m\u00e1quinas de agua dura 20 litros\" \/>\n<meta property=\"og:description\" content=\"Potente detergente lavavajillas a m\u00e1quina de 20L. Perfecto para aguas duras. Alto rendimiento, espuma controlada, vajilla limpia y sin rayas.\" \/>\n<meta property=\"og:url\" content=\"https:\/\/www.csj-emballages.com\/es\/produit\/lavavajillas-de-20-litros-para-aguas-duras\/\" \/>\n<meta property=\"og:site_name\" content=\"CSJ Emballages\" \/>\n<meta property=\"article:publisher\" content=\"https:\/\/www.facebook.com\/csjemballages\" \/>\n<meta property=\"article:modified_time\" content=\"2026-04-29T00:10:34+00:00\" \/>\n<meta property=\"og:image\" content=\"https:\/\/www.csj-emballages.com\/wp-content\/uploads\/2024\/03\/VAISSELLE-MACHINE.webp\" \/>\n\t<meta property=\"og:image:width\" content=\"800\" \/>\n\t<meta property=\"og:image:height\" content=\"800\" \/>\n\t<meta property=\"og:image:type\" content=\"image\/webp\" \/>\n<meta name=\"twitter:card\" content=\"summary_large_image\" \/>\n<meta name=\"twitter:label1\" content=\"Tiempo de lectura\" \/>\n\t<meta name=\"twitter:data1\" content=\"2 minutos\" \/>\n<script type=\"application\/ld+json\" class=\"yoast-schema-graph\">{\"@context\":\"https:\/\/schema.org\",\"@graph\":[{\"@type\":\"WebPage\",\"@id\":\"https:\/\/www.csj-emballages.com\/es\/produit\/lavavajillas-de-20-litros-para-aguas-duras\/\",\"url\":\"https:\/\/www.csj-emballages.com\/es\/produit\/lavavajillas-de-20-litros-para-aguas-duras\/\",\"name\":\"Detergente lavavajillas para m\u00e1quinas de agua dura 20 litros\",\"isPartOf\":{\"@id\":\"https:\/\/www.csj-emballages.com\/es\/#website\"},\"primaryImageOfPage\":{\"@id\":\"https:\/\/www.csj-emballages.com\/es\/produit\/lavavajillas-de-20-litros-para-aguas-duras\/#primaryimage\"},\"image\":{\"@id\":\"https:\/\/www.csj-emballages.com\/es\/produit\/lavavajillas-de-20-litros-para-aguas-duras\/#primaryimage\"},\"thumbnailUrl\":\"https:\/\/www.csj-emballages.com\/wp-content\/uploads\/2024\/03\/VAISSELLE-MACHINE.webp\",\"datePublished\":\"2024-03-01T16:00:15+00:00\",\"dateModified\":\"2026-04-29T00:10:34+00:00\",\"description\":\"Potente detergente lavavajillas a m\u00e1quina de 20L. Perfecto para aguas duras. Alto rendimiento, espuma controlada, vajilla limpia y sin rayas.\",\"breadcrumb\":{\"@id\":\"https:\/\/www.csj-emballages.com\/es\/produit\/lavavajillas-de-20-litros-para-aguas-duras\/#breadcrumb\"},\"inLanguage\":\"es\",\"potentialAction\":[{\"@type\":\"ReadAction\",\"target\":[\"https:\/\/www.csj-emballages.com\/es\/produit\/lavavajillas-de-20-litros-para-aguas-duras\/\"]}]},{\"@type\":\"ImageObject\",\"inLanguage\":\"es\",\"@id\":\"https:\/\/www.csj-emballages.com\/es\/produit\/lavavajillas-de-20-litros-para-aguas-duras\/#primaryimage\",\"url\":\"https:\/\/www.csj-emballages.com\/wp-content\/uploads\/2024\/03\/VAISSELLE-MACHINE.webp\",\"contentUrl\":\"https:\/\/www.csj-emballages.com\/wp-content\/uploads\/2024\/03\/VAISSELLE-MACHINE.webp\",\"width\":800,\"height\":800,\"caption\":\"Vaisselle machine\"},{\"@type\":\"BreadcrumbList\",\"@id\":\"https:\/\/www.csj-emballages.com\/es\/produit\/lavavajillas-de-20-litros-para-aguas-duras\/#breadcrumb\",\"itemListElement\":[{\"@type\":\"ListItem\",\"position\":1,\"name\":\"Accueil\",\"item\":\"https:\/\/www.csj-emballages.com\/es\/universo-del-envasado-alimentario\/\"},{\"@type\":\"ListItem\",\"position\":2,\"name\":\"Tienda\",\"item\":\"https:\/\/www.csj-emballages.com\/tienda\/\"},{\"@type\":\"ListItem\",\"position\":3,\"name\":\"Detergente lavavajillas para m\u00e1quinas de agua dura 20 litros\"}]},{\"@type\":\"WebSite\",\"@id\":\"https:\/\/www.csj-emballages.com\/es\/#website\",\"url\":\"https:\/\/www.csj-emballages.com\/es\/\",\"name\":\"CSJ Emballages\",\"description\":\"\",\"publisher\":{\"@id\":\"https:\/\/www.csj-emballages.com\/es\/#organization\"},\"potentialAction\":[{\"@type\":\"SearchAction\",\"target\":{\"@type\":\"EntryPoint\",\"urlTemplate\":\"https:\/\/www.csj-emballages.com\/es\/?s={search_term_string}\"},\"query-input\":{\"@type\":\"PropertyValueSpecification\",\"valueRequired\":true,\"valueName\":\"search_term_string\"}}],\"inLanguage\":\"es\"},{\"@type\":\"Organization\",\"@id\":\"https:\/\/www.csj-emballages.com\/es\/#Organization\/\",\"name\":\"CSJ Emballages\",\"url\":\"https:\/\/www.csj-emballages.com\/es\/\",\"logo\":{\"@type\":\"ImageObject\",\"inLanguage\":\"es\",\"@id\":\"https:\/\/www.csj-emballages.com\/es\/#\/schema\/logo\/image\/\",\"url\":\"https:\/\/www.csj-emballages.com\/wp-content\/uploads\/2023\/10\/logo_csj.webp\",\"contentUrl\":\"https:\/\/www.csj-emballages.com\/wp-content\/uploads\/2023\/10\/logo_csj.webp\",\"width\":250,\"height\":95,\"caption\":\"CSJ Emballages\"},\"image\":{\"@id\":\"https:\/\/www.csj-emballages.com\/es\/#\/schema\/logo\/image\/\"},\"sameAs\":[\"https:\/\/www.facebook.com\/csjemballages\"],\"address\":{\"@type\":\"PostalAddress\",\"streetAddress\":\"ZI La Lechere\",\"addressLocality\":\"Patornay\",\"postalCode\":\"39130\",\"addressCountry\":\"FR\"},\"contactPoint\":[{\"@type\":\"ContactPoint\",\"contactType\":\"Service client\",\"telephone\":\"0384254272\",\"email\":\"contact@csj-emballages.com\"}]}]}<\/script>\n<!-- \/ Yoast SEO Premium plugin. -->","yoast_head_json":{"title":"Detergente lavavajillas para m\u00e1quinas de agua dura 20 litros","description":"Potente detergente lavavajillas a m\u00e1quina de 20L. Perfecto para aguas duras. Alto rendimiento, espuma controlada, vajilla limpia y sin rayas.","robots":{"index":"index","follow":"follow","max-snippet":"max-snippet:-1","max-image-preview":"max-image-preview:large","max-video-preview":"max-video-preview:-1"},"canonical":"https:\/\/www.csj-emballages.com\/es\/produit\/lavavajillas-de-20-litros-para-aguas-duras\/","og_locale":"es_ES","og_type":"article","og_title":"Detergente lavavajillas para m\u00e1quinas de agua dura 20 litros","og_description":"Potente detergente lavavajillas a m\u00e1quina de 20L. Perfecto para aguas duras. Alto rendimiento, espuma controlada, vajilla limpia y sin rayas.","og_url":"https:\/\/www.csj-emballages.com\/es\/produit\/lavavajillas-de-20-litros-para-aguas-duras\/","og_site_name":"CSJ Emballages","article_publisher":"https:\/\/www.facebook.com\/csjemballages","article_modified_time":"2026-04-29T00:10:34+00:00","og_image":[{"width":800,"height":800,"url":"https:\/\/www.csj-emballages.com\/wp-content\/uploads\/2024\/03\/VAISSELLE-MACHINE.webp","type":"image\/webp"}],"twitter_card":"summary_large_image","twitter_misc":{"Tiempo de lectura":"2 minutos"},"schema":{"@context":"https:\/\/schema.org","@graph":[{"@type":"WebPage","@id":"https:\/\/www.csj-emballages.com\/es\/produit\/lavavajillas-de-20-litros-para-aguas-duras\/","url":"https:\/\/www.csj-emballages.com\/es\/produit\/lavavajillas-de-20-litros-para-aguas-duras\/","name":"Detergente lavavajillas para m\u00e1quinas de agua dura 20 litros","isPartOf":{"@id":"https:\/\/www.csj-emballages.com\/es\/#website"},"primaryImageOfPage":{"@id":"https:\/\/www.csj-emballages.com\/es\/produit\/lavavajillas-de-20-litros-para-aguas-duras\/#primaryimage"},"image":{"@id":"https:\/\/www.csj-emballages.com\/es\/produit\/lavavajillas-de-20-litros-para-aguas-duras\/#primaryimage"},"thumbnailUrl":"https:\/\/www.csj-emballages.com\/wp-content\/uploads\/2024\/03\/VAISSELLE-MACHINE.webp","datePublished":"2024-03-01T16:00:15+00:00","dateModified":"2026-04-29T00:10:34+00:00","description":"Potente detergente lavavajillas a m\u00e1quina de 20L. Perfecto para aguas duras. Alto rendimiento, espuma controlada, vajilla limpia y sin rayas.","breadcrumb":{"@id":"https:\/\/www.csj-emballages.com\/es\/produit\/lavavajillas-de-20-litros-para-aguas-duras\/#breadcrumb"},"inLanguage":"es","potentialAction":[{"@type":"ReadAction","target":["https:\/\/www.csj-emballages.com\/es\/produit\/lavavajillas-de-20-litros-para-aguas-duras\/"]}]},{"@type":"ImageObject","inLanguage":"es","@id":"https:\/\/www.csj-emballages.com\/es\/produit\/lavavajillas-de-20-litros-para-aguas-duras\/#primaryimage","url":"https:\/\/www.csj-emballages.com\/wp-content\/uploads\/2024\/03\/VAISSELLE-MACHINE.webp","contentUrl":"https:\/\/www.csj-emballages.com\/wp-content\/uploads\/2024\/03\/VAISSELLE-MACHINE.webp","width":800,"height":800,"caption":"Vaisselle machine"},{"@type":"BreadcrumbList","@id":"https:\/\/www.csj-emballages.com\/es\/produit\/lavavajillas-de-20-litros-para-aguas-duras\/#breadcrumb","itemListElement":[{"@type":"ListItem","position":1,"name":"Accueil","item":"https:\/\/www.csj-emballages.com\/es\/universo-del-envasado-alimentario\/"},{"@type":"ListItem","position":2,"name":"Tienda","item":"https:\/\/www.csj-emballages.com\/tienda\/"},{"@type":"ListItem","position":3,"name":"Detergente lavavajillas para m\u00e1quinas de agua dura 20 litros"}]},{"@type":"WebSite","@id":"https:\/\/www.csj-emballages.com\/es\/#website","url":"https:\/\/www.csj-emballages.com\/es\/","name":"CSJ Emballages","description":"","publisher":{"@id":"https:\/\/www.csj-emballages.com\/es\/#organization"},"potentialAction":[{"@type":"SearchAction","target":{"@type":"EntryPoint","urlTemplate":"https:\/\/www.csj-emballages.com\/es\/?s={search_term_string}"},"query-input":{"@type":"PropertyValueSpecification","valueRequired":true,"valueName":"search_term_string"}}],"inLanguage":"es"},{"@type":"Organization","@id":"https:\/\/www.csj-emballages.com\/es\/#Organization\/","name":"CSJ Emballages","url":"https:\/\/www.csj-emballages.com\/es\/","logo":{"@type":"ImageObject","inLanguage":"es","@id":"https:\/\/www.csj-emballages.com\/es\/#\/schema\/logo\/image\/","url":"https:\/\/www.csj-emballages.com\/wp-content\/uploads\/2023\/10\/logo_csj.webp","contentUrl":"https:\/\/www.csj-emballages.com\/wp-content\/uploads\/2023\/10\/logo_csj.webp","width":250,"height":95,"caption":"CSJ Emballages"},"image":{"@id":"https:\/\/www.csj-emballages.com\/es\/#\/schema\/logo\/image\/"},"sameAs":["https:\/\/www.facebook.com\/csjemballages"],"address":{"@type":"PostalAddress","streetAddress":"ZI La Lechere","addressLocality":"Patornay","postalCode":"39130","addressCountry":"FR"},"contactPoint":[{"@type":"ContactPoint","contactType":"Service client","telephone":"0384254272","email":"contact@csj-emballages.com"}]}]}},"df_price":63.38,"df_sale_price":"","df_regular_price":63.38,"df_image_link":"https:\/\/www.csj-emballages.com\/wp-content\/uploads\/2024\/03\/VAISSELLE-MACHINE-300x300.webp","tiered_pricing_type":"fixed","tiered_pricing_fixed_rules":[],"tiered_pricing_percentage_rules":[],"tiered_pricing_minimum":1,"tiered_pricing_roles_data":[],"_links":{"self":[{"href":"https:\/\/www.csj-emballages.com\/es\/wp-json\/wp\/v2\/product\/17308","targetHints":{"allow":["GET"]}}],"collection":[{"href":"https:\/\/www.csj-emballages.com\/es\/wp-json\/wp\/v2\/product"}],"about":[{"href":"https:\/\/www.csj-emballages.com\/es\/wp-json\/wp\/v2\/types\/product"}],"wp:featuredmedia":[{"embeddable":true,"href":"https:\/\/www.csj-emballages.com\/es\/wp-json\/wp\/v2\/media\/222402"}],"wp:attachment":[{"href":"https:\/\/www.csj-emballages.com\/es\/wp-json\/wp\/v2\/media?parent=17308"}],"wp:term":[{"taxonomy":"product_brand","embeddable":true,"href":"https:\/\/www.csj-emballages.com\/es\/wp-json\/wp\/v2\/product_brand?post=17308"},{"taxonomy":"product_cat","embeddable":true,"href":"https:\/\/www.csj-emballages.com\/es\/wp-json\/wp\/v2\/product_cat?post=17308"},{"taxonomy":"product_tag","embeddable":true,"href":"https:\/\/www.csj-emballages.com\/es\/wp-json\/wp\/v2\/product_tag?post=17308"}],"curies":[{"name":"wp","href":"https:\/\/api.w.org\/{rel}","templated":true}]}}