{"id":17304,"date":"2024-03-01T17:00:16","date_gmt":"2024-03-01T16:00:16","guid":{"rendered":"https:\/\/u15jnbdpoq.preview.infomaniak.website\/produit\/dispensador-de-cartucho-de-jabon-de-900-ml-03ds080001\/"},"modified":"2026-04-30T08:00:19","modified_gmt":"2026-04-30T06:00:19","slug":"dispensador-de-cartucho-de-jabon-de-900-ml-03ds080001","status":"publish","type":"product","link":"https:\/\/www.csj-emballages.com\/es\/produit\/dispensador-de-cartucho-de-jabon-de-900-ml-03ds080001\/","title":{"rendered":"Dispensador de jab\u00f3n de manos de 900 ml cartucho \u00ab03DS080001"},"content":{"rendered":"<h2 class=\"p1 ai-optimize-36 ai-optimize-introduction\">Cartucho de jab\u00f3n de manos<\/h2>\n<hr>\n<h3 class=\"ai-optimize-34\">Descripci\u00f3n de nuestro dispensador de jab\u00f3n de manos en cartucho de 900 ml \u201c03DS080001\u201d.<\/h3>\n<p><!--more--><\/p>\n<p class=\"ai-optimize-38 ai-optimize-introduction\" data-start=\"394\" data-end=\"764\">Dise\u00f1ado para entornos de higiene exigentes, este <strong>cartucho de jab\u00f3n l\u00edquido de manos de 900 ml<\/strong> est\u00e1 especialmente dise\u00f1ado para encajar perfectamente en el dispensador. <span style=\"color: #d12727\"><a style=\"color: #d12727\" href=\"https:\/\/www.csj-emballages.com\/es\/produit\/dosificador-de-jabon-blanco-a-presion-tifon-1-litro\/\">03DS080001 DISPENSADOR<\/a><\/span>. F\u00e1cil de instalar, ofrece una soluci\u00f3n eficaz e higi\u00e9nica para aseos profesionales, comunidades, establecimientos sanitarios y zonas de mucho tr\u00e1nsito. Su formato <strong>de 900 ml<\/strong> le permite funcionar durante m\u00e1s tiempo, reduciendo la frecuencia de los recambios y optimizando los tiempos de mantenimiento. Este <g id=\"gid_4\">jab\u00f3n<\/g> suave es adecuado para un uso frecuente, sin da\u00f1ar la piel. Forma una ligera espuma que proporciona una agradable sensaci\u00f3n de limpieza y se aclara f\u00e1cilmente.    <\/p>\n<p class=\"ai-optimize-40\" data-start=\"1062\" data-end=\"1367\">Fabricado conforme a las normas de higiene vigentes, este <strong>cartucho de jab\u00f3n de manos<\/strong> est\u00e1 sellado para evitar la contaminaci\u00f3n. Su sistema de dispensaci\u00f3n cerrado reduce los residuos, garantiza una higiene impecable y ayuda a mantener el consumo bajo control. Es una soluci\u00f3n fiable, limpia y econ\u00f3mica.  <\/p>\n<p class=\"ai-optimize-41\" data-start=\"1369\" data-end=\"1617\">En resumen, f\u00e1cil de almacenar, r\u00e1pido de insertar en el <strong>dispensador<\/strong> y dise\u00f1ado para manipularse sin contacto directo con el jab\u00f3n, este cartucho es imprescindible para cualquier organizaci\u00f3n profesional preocupada por la calidad, la seguridad y la eficacia.<\/p>\n<p>&nbsp;<\/p>\n<p><!--more--><\/p>\n<h4 class=\"ai-optimize-37\"><strong>Ventajas:<\/strong><\/h4>\n<ul>\n<li class=\"ai-optimize-38\">Compatible con el dispensador 03DS080001.<\/li>\n<li class=\"ai-optimize-39\">Su formato de 900 ml supone menos recambios y mayor autonom\u00eda.<\/li>\n<li class=\"ai-optimize-40\">Jab\u00f3n suave para uso frecuente sin resecar la piel.<\/li>\n<li class=\"ai-optimize-42\">Distribuci\u00f3n econ\u00f3mica sin residuos.<\/li>\n<li class=\"ai-optimize-43\">Ideal para ayuntamientos, empresas, hospitales y escuelas.<\/li>\n<\/ul>\n<p>&nbsp;<\/p>\n<p><!--more--><\/p>\n<h4 class=\"ai-optimize-44\">Informaci\u00f3n adicional :<\/h4>\n<ul>\n<li class=\"ai-optimize-45\"><strong>Embalaje<\/strong>: Por unidad<\/li>\n<li class=\"ai-optimize-47\"><strong>Uso<\/strong>: Cuerpo \/ cabello<\/li>\n<li class=\"ai-optimize-48\"><strong>Volumen<\/strong>: 1 litro<\/li>\n<\/ul>\n<p>&nbsp;<\/p>\n<p><!--more--><\/p>\n<p class=\"ai-optimize-49\">Encuentre aqu\u00ed el dispensador compatible con este jab\u00f3n de manos: <span style=\"color: #d12727\"><a style=\"color: #d12727\" href=\"https:\/\/www.csj-emballages.com\/es\/produit\/dosificador-de-jabon-blanco-a-presion-tifon-1-litro\/\">03DS080001<\/a><\/span><\/p>\n<p>&nbsp;<\/p>\n<p><!--more--><\/p>\n<p class=\"ai-optimize-41\"><a href=\"https:\/\/www.csj-emballages.com\/es\/categorie-produit\/envasado-de-alimentos\/gama-ecologica\/productos-ecologicos-es\/\">Ver el resto de nuestra gama de productos de higiene ecol\u00f3gicos<\/a><\/p>\n","protected":false},"excerpt":{"rendered":"<p>Cartucho de jab\u00f3n de manos Descripci\u00f3n de nuestro dispensador de jab\u00f3n de manos en cartucho de 900 ml \u201c03DS080001\u201d.<\/p>\n","protected":false},"featured_media":235190,"template":"","meta":{"_acf_changed":false},"product_brand":[],"product_cat":[1150,1163,6981,1226,1227,1359,1360],"product_tag":[],"class_list":{"0":"post-17304","1":"product","2":"type-product","3":"status-publish","4":"has-post-thumbnail","6":"product_cat-envasado-de-alimentos","7":"product_cat-gama-ecologica","8":"product_cat-productos-ecologicos-es","9":"product_cat-higiene-y-mantenimiento","10":"product_cat-productos-de-limpieza","11":"product_cat-higiene-personal","12":"product_cat-jabon-de-manos","14":"first","15":"instock","16":"taxable","17":"shipping-taxable","18":"purchasable","19":"product-type-simple"},"acf":[],"yoast_head":"<!-- This site is optimized with the Yoast SEO Premium plugin v26.6 (Yoast SEO v26.6) - https:\/\/yoast.com\/wordpress\/plugins\/seo\/ -->\n<title>Dispensador de cartucho de jab\u00f3n de manos de 900 ml &quot;03DS080001<\/title>\n<meta name=\"description\" content=\"Cartucho de jab\u00f3n de manos de 900 ml para dispensador 03DS080001: higiene \u00f3ptima, tama\u00f1o econ\u00f3mico y f\u00e1cil instalaci\u00f3n. Ideal para entornos profesionales.\" \/>\n<meta name=\"robots\" content=\"index, follow, max-snippet:-1, max-image-preview:large, max-video-preview:-1\" \/>\n<link rel=\"canonical\" href=\"https:\/\/www.csj-emballages.com\/es\/produit\/dispensador-de-cartucho-de-jabon-de-900-ml-03ds080001\/\" \/>\n<meta property=\"og:locale\" content=\"es_ES\" \/>\n<meta property=\"og:type\" content=\"article\" \/>\n<meta property=\"og:title\" content=\"Dispensador de jab\u00f3n de manos de 900 ml cartucho &quot;03DS080001\" \/>\n<meta property=\"og:description\" content=\"Cartucho de jab\u00f3n de manos de 900 ml para dispensador 03DS080001: higiene \u00f3ptima, tama\u00f1o econ\u00f3mico y f\u00e1cil instalaci\u00f3n. Ideal para entornos profesionales.\" \/>\n<meta property=\"og:url\" content=\"https:\/\/www.csj-emballages.com\/es\/produit\/dispensador-de-cartucho-de-jabon-de-900-ml-03ds080001\/\" \/>\n<meta property=\"og:site_name\" content=\"CSJ Emballages\" \/>\n<meta property=\"article:publisher\" content=\"https:\/\/www.facebook.com\/csjemballages\" \/>\n<meta property=\"article:modified_time\" content=\"2026-04-30T06:00:19+00:00\" \/>\n<meta property=\"og:image\" content=\"https:\/\/www.csj-emballages.com\/wp-content\/uploads\/2024\/03\/03HAIRBODY.webp\" \/>\n\t<meta property=\"og:image:width\" content=\"800\" \/>\n\t<meta property=\"og:image:height\" content=\"800\" \/>\n\t<meta property=\"og:image:type\" content=\"image\/webp\" \/>\n<meta name=\"twitter:card\" content=\"summary_large_image\" \/>\n<meta name=\"twitter:label1\" content=\"Tiempo de lectura\" \/>\n\t<meta name=\"twitter:data1\" content=\"2 minutos\" \/>\n<script type=\"application\/ld+json\" class=\"yoast-schema-graph\">{\"@context\":\"https:\/\/schema.org\",\"@graph\":[{\"@type\":\"WebPage\",\"@id\":\"https:\/\/www.csj-emballages.com\/es\/produit\/dispensador-de-cartucho-de-jabon-de-900-ml-03ds080001\/\",\"url\":\"https:\/\/www.csj-emballages.com\/es\/produit\/dispensador-de-cartucho-de-jabon-de-900-ml-03ds080001\/\",\"name\":\"Dispensador de cartucho de jab\u00f3n de manos de 900 ml \\\"03DS080001\",\"isPartOf\":{\"@id\":\"https:\/\/www.csj-emballages.com\/es\/#website\"},\"primaryImageOfPage\":{\"@id\":\"https:\/\/www.csj-emballages.com\/es\/produit\/dispensador-de-cartucho-de-jabon-de-900-ml-03ds080001\/#primaryimage\"},\"image\":{\"@id\":\"https:\/\/www.csj-emballages.com\/es\/produit\/dispensador-de-cartucho-de-jabon-de-900-ml-03ds080001\/#primaryimage\"},\"thumbnailUrl\":\"https:\/\/www.csj-emballages.com\/wp-content\/uploads\/2024\/03\/03HAIRBODY.webp\",\"datePublished\":\"2024-03-01T16:00:16+00:00\",\"dateModified\":\"2026-04-30T06:00:19+00:00\",\"description\":\"Cartucho de jab\u00f3n de manos de 900 ml para dispensador 03DS080001: higiene \u00f3ptima, tama\u00f1o econ\u00f3mico y f\u00e1cil instalaci\u00f3n. Ideal para entornos profesionales.\",\"breadcrumb\":{\"@id\":\"https:\/\/www.csj-emballages.com\/es\/produit\/dispensador-de-cartucho-de-jabon-de-900-ml-03ds080001\/#breadcrumb\"},\"inLanguage\":\"es\",\"potentialAction\":[{\"@type\":\"ReadAction\",\"target\":[\"https:\/\/www.csj-emballages.com\/es\/produit\/dispensador-de-cartucho-de-jabon-de-900-ml-03ds080001\/\"]}]},{\"@type\":\"ImageObject\",\"inLanguage\":\"es\",\"@id\":\"https:\/\/www.csj-emballages.com\/es\/produit\/dispensador-de-cartucho-de-jabon-de-900-ml-03ds080001\/#primaryimage\",\"url\":\"https:\/\/www.csj-emballages.com\/wp-content\/uploads\/2024\/03\/03HAIRBODY.webp\",\"contentUrl\":\"https:\/\/www.csj-emballages.com\/wp-content\/uploads\/2024\/03\/03HAIRBODY.webp\",\"width\":800,\"height\":800,\"caption\":\"Cartouche savon mains\u00a0\"},{\"@type\":\"BreadcrumbList\",\"@id\":\"https:\/\/www.csj-emballages.com\/es\/produit\/dispensador-de-cartucho-de-jabon-de-900-ml-03ds080001\/#breadcrumb\",\"itemListElement\":[{\"@type\":\"ListItem\",\"position\":1,\"name\":\"Accueil\",\"item\":\"https:\/\/www.csj-emballages.com\/es\/universo-del-envasado-alimentario\/\"},{\"@type\":\"ListItem\",\"position\":2,\"name\":\"Tienda\",\"item\":\"https:\/\/www.csj-emballages.com\/tienda\/\"},{\"@type\":\"ListItem\",\"position\":3,\"name\":\"Dispensador de jab\u00f3n de manos de 900 ml cartucho \u00ab\u00a003DS080001\"}]},{\"@type\":\"WebSite\",\"@id\":\"https:\/\/www.csj-emballages.com\/es\/#website\",\"url\":\"https:\/\/www.csj-emballages.com\/es\/\",\"name\":\"CSJ Emballages\",\"description\":\"\",\"publisher\":{\"@id\":\"https:\/\/www.csj-emballages.com\/es\/#organization\"},\"potentialAction\":[{\"@type\":\"SearchAction\",\"target\":{\"@type\":\"EntryPoint\",\"urlTemplate\":\"https:\/\/www.csj-emballages.com\/es\/?s={search_term_string}\"},\"query-input\":{\"@type\":\"PropertyValueSpecification\",\"valueRequired\":true,\"valueName\":\"search_term_string\"}}],\"inLanguage\":\"es\"},{\"@type\":\"Organization\",\"@id\":\"https:\/\/www.csj-emballages.com\/es\/#Organization\/\",\"name\":\"CSJ Emballages\",\"url\":\"https:\/\/www.csj-emballages.com\/es\/\",\"logo\":{\"@type\":\"ImageObject\",\"inLanguage\":\"es\",\"@id\":\"https:\/\/www.csj-emballages.com\/es\/#\/schema\/logo\/image\/\",\"url\":\"https:\/\/www.csj-emballages.com\/wp-content\/uploads\/2023\/10\/logo_csj.webp\",\"contentUrl\":\"https:\/\/www.csj-emballages.com\/wp-content\/uploads\/2023\/10\/logo_csj.webp\",\"width\":250,\"height\":95,\"caption\":\"CSJ Emballages\"},\"image\":{\"@id\":\"https:\/\/www.csj-emballages.com\/es\/#\/schema\/logo\/image\/\"},\"sameAs\":[\"https:\/\/www.facebook.com\/csjemballages\"],\"address\":{\"@type\":\"PostalAddress\",\"streetAddress\":\"ZI La Lechere\",\"addressLocality\":\"Patornay\",\"postalCode\":\"39130\",\"addressCountry\":\"FR\"},\"contactPoint\":[{\"@type\":\"ContactPoint\",\"contactType\":\"Service client\",\"telephone\":\"0384254272\",\"email\":\"contact@csj-emballages.com\"}]}]}<\/script>\n<!-- \/ Yoast SEO Premium plugin. -->","yoast_head_json":{"title":"Dispensador de cartucho de jab\u00f3n de manos de 900 ml \"03DS080001","description":"Cartucho de jab\u00f3n de manos de 900 ml para dispensador 03DS080001: higiene \u00f3ptima, tama\u00f1o econ\u00f3mico y f\u00e1cil instalaci\u00f3n. Ideal para entornos profesionales.","robots":{"index":"index","follow":"follow","max-snippet":"max-snippet:-1","max-image-preview":"max-image-preview:large","max-video-preview":"max-video-preview:-1"},"canonical":"https:\/\/www.csj-emballages.com\/es\/produit\/dispensador-de-cartucho-de-jabon-de-900-ml-03ds080001\/","og_locale":"es_ES","og_type":"article","og_title":"Dispensador de jab\u00f3n de manos de 900 ml cartucho \"03DS080001","og_description":"Cartucho de jab\u00f3n de manos de 900 ml para dispensador 03DS080001: higiene \u00f3ptima, tama\u00f1o econ\u00f3mico y f\u00e1cil instalaci\u00f3n. Ideal para entornos profesionales.","og_url":"https:\/\/www.csj-emballages.com\/es\/produit\/dispensador-de-cartucho-de-jabon-de-900-ml-03ds080001\/","og_site_name":"CSJ Emballages","article_publisher":"https:\/\/www.facebook.com\/csjemballages","article_modified_time":"2026-04-30T06:00:19+00:00","og_image":[{"width":800,"height":800,"url":"https:\/\/www.csj-emballages.com\/wp-content\/uploads\/2024\/03\/03HAIRBODY.webp","type":"image\/webp"}],"twitter_card":"summary_large_image","twitter_misc":{"Tiempo de lectura":"2 minutos"},"schema":{"@context":"https:\/\/schema.org","@graph":[{"@type":"WebPage","@id":"https:\/\/www.csj-emballages.com\/es\/produit\/dispensador-de-cartucho-de-jabon-de-900-ml-03ds080001\/","url":"https:\/\/www.csj-emballages.com\/es\/produit\/dispensador-de-cartucho-de-jabon-de-900-ml-03ds080001\/","name":"Dispensador de cartucho de jab\u00f3n de manos de 900 ml \"03DS080001","isPartOf":{"@id":"https:\/\/www.csj-emballages.com\/es\/#website"},"primaryImageOfPage":{"@id":"https:\/\/www.csj-emballages.com\/es\/produit\/dispensador-de-cartucho-de-jabon-de-900-ml-03ds080001\/#primaryimage"},"image":{"@id":"https:\/\/www.csj-emballages.com\/es\/produit\/dispensador-de-cartucho-de-jabon-de-900-ml-03ds080001\/#primaryimage"},"thumbnailUrl":"https:\/\/www.csj-emballages.com\/wp-content\/uploads\/2024\/03\/03HAIRBODY.webp","datePublished":"2024-03-01T16:00:16+00:00","dateModified":"2026-04-30T06:00:19+00:00","description":"Cartucho de jab\u00f3n de manos de 900 ml para dispensador 03DS080001: higiene \u00f3ptima, tama\u00f1o econ\u00f3mico y f\u00e1cil instalaci\u00f3n. Ideal para entornos profesionales.","breadcrumb":{"@id":"https:\/\/www.csj-emballages.com\/es\/produit\/dispensador-de-cartucho-de-jabon-de-900-ml-03ds080001\/#breadcrumb"},"inLanguage":"es","potentialAction":[{"@type":"ReadAction","target":["https:\/\/www.csj-emballages.com\/es\/produit\/dispensador-de-cartucho-de-jabon-de-900-ml-03ds080001\/"]}]},{"@type":"ImageObject","inLanguage":"es","@id":"https:\/\/www.csj-emballages.com\/es\/produit\/dispensador-de-cartucho-de-jabon-de-900-ml-03ds080001\/#primaryimage","url":"https:\/\/www.csj-emballages.com\/wp-content\/uploads\/2024\/03\/03HAIRBODY.webp","contentUrl":"https:\/\/www.csj-emballages.com\/wp-content\/uploads\/2024\/03\/03HAIRBODY.webp","width":800,"height":800,"caption":"Cartouche savon mains\u00a0"},{"@type":"BreadcrumbList","@id":"https:\/\/www.csj-emballages.com\/es\/produit\/dispensador-de-cartucho-de-jabon-de-900-ml-03ds080001\/#breadcrumb","itemListElement":[{"@type":"ListItem","position":1,"name":"Accueil","item":"https:\/\/www.csj-emballages.com\/es\/universo-del-envasado-alimentario\/"},{"@type":"ListItem","position":2,"name":"Tienda","item":"https:\/\/www.csj-emballages.com\/tienda\/"},{"@type":"ListItem","position":3,"name":"Dispensador de jab\u00f3n de manos de 900 ml cartucho \u00ab\u00a003DS080001"}]},{"@type":"WebSite","@id":"https:\/\/www.csj-emballages.com\/es\/#website","url":"https:\/\/www.csj-emballages.com\/es\/","name":"CSJ Emballages","description":"","publisher":{"@id":"https:\/\/www.csj-emballages.com\/es\/#organization"},"potentialAction":[{"@type":"SearchAction","target":{"@type":"EntryPoint","urlTemplate":"https:\/\/www.csj-emballages.com\/es\/?s={search_term_string}"},"query-input":{"@type":"PropertyValueSpecification","valueRequired":true,"valueName":"search_term_string"}}],"inLanguage":"es"},{"@type":"Organization","@id":"https:\/\/www.csj-emballages.com\/es\/#Organization\/","name":"CSJ Emballages","url":"https:\/\/www.csj-emballages.com\/es\/","logo":{"@type":"ImageObject","inLanguage":"es","@id":"https:\/\/www.csj-emballages.com\/es\/#\/schema\/logo\/image\/","url":"https:\/\/www.csj-emballages.com\/wp-content\/uploads\/2023\/10\/logo_csj.webp","contentUrl":"https:\/\/www.csj-emballages.com\/wp-content\/uploads\/2023\/10\/logo_csj.webp","width":250,"height":95,"caption":"CSJ Emballages"},"image":{"@id":"https:\/\/www.csj-emballages.com\/es\/#\/schema\/logo\/image\/"},"sameAs":["https:\/\/www.facebook.com\/csjemballages"],"address":{"@type":"PostalAddress","streetAddress":"ZI La Lechere","addressLocality":"Patornay","postalCode":"39130","addressCountry":"FR"},"contactPoint":[{"@type":"ContactPoint","contactType":"Service client","telephone":"0384254272","email":"contact@csj-emballages.com"}]}]}},"df_price":7.68,"df_sale_price":"","df_regular_price":7.68,"df_image_link":"https:\/\/www.csj-emballages.com\/wp-content\/uploads\/2024\/03\/03HAIRBODY-300x300.webp","tiered_pricing_type":"fixed","tiered_pricing_fixed_rules":[],"tiered_pricing_percentage_rules":[],"tiered_pricing_minimum":1,"tiered_pricing_roles_data":[],"_links":{"self":[{"href":"https:\/\/www.csj-emballages.com\/es\/wp-json\/wp\/v2\/product\/17304","targetHints":{"allow":["GET"]}}],"collection":[{"href":"https:\/\/www.csj-emballages.com\/es\/wp-json\/wp\/v2\/product"}],"about":[{"href":"https:\/\/www.csj-emballages.com\/es\/wp-json\/wp\/v2\/types\/product"}],"wp:featuredmedia":[{"embeddable":true,"href":"https:\/\/www.csj-emballages.com\/es\/wp-json\/wp\/v2\/media\/235190"}],"wp:attachment":[{"href":"https:\/\/www.csj-emballages.com\/es\/wp-json\/wp\/v2\/media?parent=17304"}],"wp:term":[{"taxonomy":"product_brand","embeddable":true,"href":"https:\/\/www.csj-emballages.com\/es\/wp-json\/wp\/v2\/product_brand?post=17304"},{"taxonomy":"product_cat","embeddable":true,"href":"https:\/\/www.csj-emballages.com\/es\/wp-json\/wp\/v2\/product_cat?post=17304"},{"taxonomy":"product_tag","embeddable":true,"href":"https:\/\/www.csj-emballages.com\/es\/wp-json\/wp\/v2\/product_tag?post=17304"}],"curies":[{"name":"wp","href":"https:\/\/api.w.org\/{rel}","templated":true}]}}