{"id":17288,"date":"2024-03-01T17:00:17","date_gmt":"2024-03-01T16:00:17","guid":{"rendered":"https:\/\/u15jnbdpoq.preview.infomaniak.website\/produit\/limpiador-desengrasante-alcalino-5l\/"},"modified":"2026-05-13T02:10:26","modified_gmt":"2026-05-13T00:10:26","slug":"limpiador-desengrasante-alcalino-5l","status":"publish","type":"product","link":"https:\/\/www.csj-emballages.com\/es\/produit\/limpiador-desengrasante-alcalino-5l\/","title":{"rendered":"Desengrasante concentrado para suelos 5L"},"content":{"rendered":"<h2 class=\"p1 ai-optimize-35 ai-optimize-introduction\">Limpiador y desengrasante de suelos<\/h2>\n<hr>\n<h3 class=\"ai-optimize-34\">Descripci\u00f3n de nuestro limpiador desengrasante concentrado para suelos 5L<\/h3>\n<p><!--more--><\/p>\n<p class=\"ai-optimize-36 ai-optimize-introduction\" data-start=\"224\" data-end=\"639\">He aqu\u00ed un producto para los que no tienen tiempo de repasar dos veces: <strong data-start=\"302\" data-end=\"350\">nuestro desengrasante de suelos concentrado de 5 L<\/strong> es un gran aliado para deshacerse de las manchas m\u00e1s dif\u00edciles. Dise\u00f1ado para entornos exigentes, es tan adecuado para profesionales de la industria, la restauraci\u00f3n, la automoci\u00f3n y el mantenimiento como para usuarios particulares que buscan resultados impecables. <\/p>\n<p class=\"ai-optimize-37\" data-start=\"641\" data-end=\"938\"><strong data-start=\"641\" data-end=\"668\">Este potente desengrasante<\/strong> act\u00faa en profundidad para eliminar la grasa, el aceite y los hidrocarburos incrustados, incluso en <strong>suelos muy sucios<\/strong>. Gracias a su <strong data-start=\"791\" data-end=\"813\">f\u00f3rmula concentrada<\/strong>, una peque\u00f1a cantidad es suficiente para tratar grandes superficies, por lo que resulta econ\u00f3mico y eficaz. <\/p>\n<p class=\"ai-optimize-38\" data-start=\"940\" data-end=\"1159\">Puede utilizarse en fr\u00edo o en caliente, en funci\u00f3n de las limitaciones de su entorno. <strong data-start=\"1027\" data-end=\"1044\">No inflamable<\/strong>, ofrece la m\u00e1xima seguridad de uso, sobre todo en cocinas o talleres profesionales.<\/p>\n<p class=\"ai-optimize-39\" data-start=\"1161\" data-end=\"1452\">Su <strong data-start=\"1164\" data-end=\"1199\">gran capacidad emulsionante<\/strong> lo convierte en un producto formidable para eliminar la grasa vieja o quemada. Es ideal para el mantenimiento de <strong data-start=\"1319\" data-end=\"1401\">suelos industriales, talleres mec\u00e1nicos, almacenes, cocinas<\/strong> y para la limpieza de maquinaria pesada. <\/p>\n<p class=\"ai-optimize-40\" data-start=\"1454\" data-end=\"1575\">Este <strong>limpiador-desengrasante de suelos concentrado<\/strong> es la soluci\u00f3n ideal para mantener los espacios limpios, seguros e higi\u00e9nicos.<\/p>\n<p data-start=\"1454\" data-end=\"1575\">\n<p><!--more--><\/p>\n<h4 class=\"ai-optimize-37\"><strong>Ventajas:<\/strong><\/h4>\n<ul>\n<li class=\"ai-optimize-38\">Potente desengrasante de grasas, aceites e hidrocarburos.<\/li>\n<li class=\"ai-optimize-39\">Puede utilizarse en fr\u00edo o en caliente, seg\u00fan las necesidades.<\/li>\n<li class=\"ai-optimize-40\">Ideal para suelos industriales, talleres y cocinas.<\/li>\n<li class=\"ai-optimize-42\">Emulsiona sin esfuerzo la suciedad m\u00e1s incrustada.<\/li>\n<\/ul>\n<p>&nbsp;<\/p>\n<p><!--more--><\/p>\n<h4 class=\"ai-optimize-44\">Informaci\u00f3n adicional :<\/h4>\n<ul>\n<li class=\"ai-optimize-45\"><strong>Embalaje<\/strong>: Por unidad<\/li>\n<li class=\"ai-optimize-47\"><strong>Uso<\/strong>: Limpieza de suelos<\/li>\n<li class=\"ai-optimize-32\"><strong>Color<\/strong>: naranja<\/li>\n<li class=\"ai-optimize-35\"><strong>Volumen<\/strong>: 5 litros<\/li>\n<\/ul>\n<p>&nbsp;<\/p>\n<p><!--more--><\/p>\n<p class=\"ai-optimize-34\">Encuentre aqu\u00ed nuestro gel de manos de microperlas con aroma a naranja con bomba de 3,8 litros: <span style=\"color: #d12727\"><a style=\"color: #d12727\" href=\"https:\/\/www.csj-emballages.com\/es\/produit\/gel-de-manos-con-microesferas-perfumado-de-naranja-con-bomba-38-litros\/\">04SBFCLEAN<\/a><\/span><\/p>\n<p>&nbsp;<\/p>\n<p><!--more--><\/p>\n<p class=\"ai-optimize-41\"><a href=\"https:\/\/www.csj-emballages.com\/es\/categorie-produit\/higiene-y-mantenimiento\/productos-de-limpieza\/garaje\/\">Ver el resto de nuestra gama de productos para el mantenimiento del garaje<\/a><\/p>\n","protected":false},"excerpt":{"rendered":"<p>Limpiador y desengrasante de suelos Descripci\u00f3n de nuestro limpiador desengrasante concentrado para suelos 5L<\/p>\n","protected":false},"featured_media":235926,"template":"","meta":{"_acf_changed":false},"product_brand":[],"product_cat":[1226,1227,1393],"product_tag":[],"class_list":{"0":"post-17288","1":"product","2":"type-product","3":"status-publish","4":"has-post-thumbnail","6":"product_cat-higiene-y-mantenimiento","7":"product_cat-productos-de-limpieza","8":"product_cat-garaje","10":"first","11":"outofstock","12":"taxable","13":"shipping-taxable","14":"purchasable","15":"product-type-simple"},"acf":[],"yoast_head":"<!-- This site is optimized with the Yoast SEO Premium plugin v26.6 (Yoast SEO v26.6) - https:\/\/yoast.com\/wordpress\/plugins\/seo\/ -->\n<title>Limpiador Desengrasante Concentrado 5L<\/title>\n<meta name=\"description\" content=\"Desengrasante de suelos concentrado de 5 litros, potente y no inflamable. Ideal para grasa persistente, suelos industriales y talleres. Puede utilizarse caliente o fr\u00edo.\" \/>\n<meta name=\"robots\" content=\"index, follow, max-snippet:-1, max-image-preview:large, max-video-preview:-1\" \/>\n<link rel=\"canonical\" href=\"https:\/\/www.csj-emballages.com\/es\/produit\/limpiador-desengrasante-alcalino-5l\/\" \/>\n<meta property=\"og:locale\" content=\"es_ES\" \/>\n<meta property=\"og:type\" content=\"article\" \/>\n<meta property=\"og:title\" content=\"Desengrasante concentrado para suelos 5L\" \/>\n<meta property=\"og:description\" content=\"Desengrasante de suelos concentrado de 5 litros, potente y no inflamable. Ideal para grasa persistente, suelos industriales y talleres. Puede utilizarse caliente o fr\u00edo.\" \/>\n<meta property=\"og:url\" content=\"https:\/\/www.csj-emballages.com\/es\/produit\/limpiador-desengrasante-alcalino-5l\/\" \/>\n<meta property=\"og:site_name\" content=\"CSJ Emballages\" \/>\n<meta property=\"article:publisher\" content=\"https:\/\/www.facebook.com\/csjemballages\" \/>\n<meta property=\"article:modified_time\" content=\"2026-05-13T00:10:26+00:00\" \/>\n<meta property=\"og:image\" content=\"https:\/\/www.csj-emballages.com\/wp-content\/uploads\/2024\/03\/03256.webp\" \/>\n\t<meta property=\"og:image:width\" content=\"800\" \/>\n\t<meta property=\"og:image:height\" content=\"800\" \/>\n\t<meta property=\"og:image:type\" content=\"image\/webp\" \/>\n<meta name=\"twitter:card\" content=\"summary_large_image\" \/>\n<meta name=\"twitter:label1\" content=\"Tiempo de lectura\" \/>\n\t<meta name=\"twitter:data1\" content=\"1 minuto\" \/>\n<script type=\"application\/ld+json\" class=\"yoast-schema-graph\">{\"@context\":\"https:\/\/schema.org\",\"@graph\":[{\"@type\":\"WebPage\",\"@id\":\"https:\/\/www.csj-emballages.com\/es\/produit\/limpiador-desengrasante-alcalino-5l\/\",\"url\":\"https:\/\/www.csj-emballages.com\/es\/produit\/limpiador-desengrasante-alcalino-5l\/\",\"name\":\"Limpiador Desengrasante Concentrado 5L\",\"isPartOf\":{\"@id\":\"https:\/\/www.csj-emballages.com\/es\/#website\"},\"primaryImageOfPage\":{\"@id\":\"https:\/\/www.csj-emballages.com\/es\/produit\/limpiador-desengrasante-alcalino-5l\/#primaryimage\"},\"image\":{\"@id\":\"https:\/\/www.csj-emballages.com\/es\/produit\/limpiador-desengrasante-alcalino-5l\/#primaryimage\"},\"thumbnailUrl\":\"https:\/\/www.csj-emballages.com\/wp-content\/uploads\/2024\/03\/03256.webp\",\"datePublished\":\"2024-03-01T16:00:17+00:00\",\"dateModified\":\"2026-05-13T00:10:26+00:00\",\"description\":\"Desengrasante de suelos concentrado de 5 litros, potente y no inflamable. Ideal para grasa persistente, suelos industriales y talleres. Puede utilizarse caliente o fr\u00edo.\",\"breadcrumb\":{\"@id\":\"https:\/\/www.csj-emballages.com\/es\/produit\/limpiador-desengrasante-alcalino-5l\/#breadcrumb\"},\"inLanguage\":\"es\",\"potentialAction\":[{\"@type\":\"ReadAction\",\"target\":[\"https:\/\/www.csj-emballages.com\/es\/produit\/limpiador-desengrasante-alcalino-5l\/\"]}]},{\"@type\":\"ImageObject\",\"inLanguage\":\"es\",\"@id\":\"https:\/\/www.csj-emballages.com\/es\/produit\/limpiador-desengrasante-alcalino-5l\/#primaryimage\",\"url\":\"https:\/\/www.csj-emballages.com\/wp-content\/uploads\/2024\/03\/03256.webp\",\"contentUrl\":\"https:\/\/www.csj-emballages.com\/wp-content\/uploads\/2024\/03\/03256.webp\",\"width\":800,\"height\":800,\"caption\":\"Nettoyant d\u00e9graissant sol\"},{\"@type\":\"BreadcrumbList\",\"@id\":\"https:\/\/www.csj-emballages.com\/es\/produit\/limpiador-desengrasante-alcalino-5l\/#breadcrumb\",\"itemListElement\":[{\"@type\":\"ListItem\",\"position\":1,\"name\":\"Accueil\",\"item\":\"https:\/\/www.csj-emballages.com\/es\/universo-del-envasado-alimentario\/\"},{\"@type\":\"ListItem\",\"position\":2,\"name\":\"Tienda\",\"item\":\"https:\/\/www.csj-emballages.com\/tienda\/\"},{\"@type\":\"ListItem\",\"position\":3,\"name\":\"Desengrasante concentrado para suelos 5L\"}]},{\"@type\":\"WebSite\",\"@id\":\"https:\/\/www.csj-emballages.com\/es\/#website\",\"url\":\"https:\/\/www.csj-emballages.com\/es\/\",\"name\":\"CSJ Emballages\",\"description\":\"\",\"publisher\":{\"@id\":\"https:\/\/www.csj-emballages.com\/es\/#organization\"},\"potentialAction\":[{\"@type\":\"SearchAction\",\"target\":{\"@type\":\"EntryPoint\",\"urlTemplate\":\"https:\/\/www.csj-emballages.com\/es\/?s={search_term_string}\"},\"query-input\":{\"@type\":\"PropertyValueSpecification\",\"valueRequired\":true,\"valueName\":\"search_term_string\"}}],\"inLanguage\":\"es\"},{\"@type\":\"Organization\",\"@id\":\"https:\/\/www.csj-emballages.com\/es\/#Organization\/\",\"name\":\"CSJ Emballages\",\"url\":\"https:\/\/www.csj-emballages.com\/es\/\",\"logo\":{\"@type\":\"ImageObject\",\"inLanguage\":\"es\",\"@id\":\"https:\/\/www.csj-emballages.com\/es\/#\/schema\/logo\/image\/\",\"url\":\"https:\/\/www.csj-emballages.com\/wp-content\/uploads\/2023\/10\/logo_csj.webp\",\"contentUrl\":\"https:\/\/www.csj-emballages.com\/wp-content\/uploads\/2023\/10\/logo_csj.webp\",\"width\":250,\"height\":95,\"caption\":\"CSJ Emballages\"},\"image\":{\"@id\":\"https:\/\/www.csj-emballages.com\/es\/#\/schema\/logo\/image\/\"},\"sameAs\":[\"https:\/\/www.facebook.com\/csjemballages\"],\"address\":{\"@type\":\"PostalAddress\",\"streetAddress\":\"ZI La Lechere\",\"addressLocality\":\"Patornay\",\"postalCode\":\"39130\",\"addressCountry\":\"FR\"},\"contactPoint\":[{\"@type\":\"ContactPoint\",\"contactType\":\"Service client\",\"telephone\":\"0384254272\",\"email\":\"contact@csj-emballages.com\"}]}]}<\/script>\n<!-- \/ Yoast SEO Premium plugin. -->","yoast_head_json":{"title":"Limpiador Desengrasante Concentrado 5L","description":"Desengrasante de suelos concentrado de 5 litros, potente y no inflamable. Ideal para grasa persistente, suelos industriales y talleres. Puede utilizarse caliente o fr\u00edo.","robots":{"index":"index","follow":"follow","max-snippet":"max-snippet:-1","max-image-preview":"max-image-preview:large","max-video-preview":"max-video-preview:-1"},"canonical":"https:\/\/www.csj-emballages.com\/es\/produit\/limpiador-desengrasante-alcalino-5l\/","og_locale":"es_ES","og_type":"article","og_title":"Desengrasante concentrado para suelos 5L","og_description":"Desengrasante de suelos concentrado de 5 litros, potente y no inflamable. Ideal para grasa persistente, suelos industriales y talleres. Puede utilizarse caliente o fr\u00edo.","og_url":"https:\/\/www.csj-emballages.com\/es\/produit\/limpiador-desengrasante-alcalino-5l\/","og_site_name":"CSJ Emballages","article_publisher":"https:\/\/www.facebook.com\/csjemballages","article_modified_time":"2026-05-13T00:10:26+00:00","og_image":[{"width":800,"height":800,"url":"https:\/\/www.csj-emballages.com\/wp-content\/uploads\/2024\/03\/03256.webp","type":"image\/webp"}],"twitter_card":"summary_large_image","twitter_misc":{"Tiempo de lectura":"1 minuto"},"schema":{"@context":"https:\/\/schema.org","@graph":[{"@type":"WebPage","@id":"https:\/\/www.csj-emballages.com\/es\/produit\/limpiador-desengrasante-alcalino-5l\/","url":"https:\/\/www.csj-emballages.com\/es\/produit\/limpiador-desengrasante-alcalino-5l\/","name":"Limpiador Desengrasante Concentrado 5L","isPartOf":{"@id":"https:\/\/www.csj-emballages.com\/es\/#website"},"primaryImageOfPage":{"@id":"https:\/\/www.csj-emballages.com\/es\/produit\/limpiador-desengrasante-alcalino-5l\/#primaryimage"},"image":{"@id":"https:\/\/www.csj-emballages.com\/es\/produit\/limpiador-desengrasante-alcalino-5l\/#primaryimage"},"thumbnailUrl":"https:\/\/www.csj-emballages.com\/wp-content\/uploads\/2024\/03\/03256.webp","datePublished":"2024-03-01T16:00:17+00:00","dateModified":"2026-05-13T00:10:26+00:00","description":"Desengrasante de suelos concentrado de 5 litros, potente y no inflamable. Ideal para grasa persistente, suelos industriales y talleres. Puede utilizarse caliente o fr\u00edo.","breadcrumb":{"@id":"https:\/\/www.csj-emballages.com\/es\/produit\/limpiador-desengrasante-alcalino-5l\/#breadcrumb"},"inLanguage":"es","potentialAction":[{"@type":"ReadAction","target":["https:\/\/www.csj-emballages.com\/es\/produit\/limpiador-desengrasante-alcalino-5l\/"]}]},{"@type":"ImageObject","inLanguage":"es","@id":"https:\/\/www.csj-emballages.com\/es\/produit\/limpiador-desengrasante-alcalino-5l\/#primaryimage","url":"https:\/\/www.csj-emballages.com\/wp-content\/uploads\/2024\/03\/03256.webp","contentUrl":"https:\/\/www.csj-emballages.com\/wp-content\/uploads\/2024\/03\/03256.webp","width":800,"height":800,"caption":"Nettoyant d\u00e9graissant sol"},{"@type":"BreadcrumbList","@id":"https:\/\/www.csj-emballages.com\/es\/produit\/limpiador-desengrasante-alcalino-5l\/#breadcrumb","itemListElement":[{"@type":"ListItem","position":1,"name":"Accueil","item":"https:\/\/www.csj-emballages.com\/es\/universo-del-envasado-alimentario\/"},{"@type":"ListItem","position":2,"name":"Tienda","item":"https:\/\/www.csj-emballages.com\/tienda\/"},{"@type":"ListItem","position":3,"name":"Desengrasante concentrado para suelos 5L"}]},{"@type":"WebSite","@id":"https:\/\/www.csj-emballages.com\/es\/#website","url":"https:\/\/www.csj-emballages.com\/es\/","name":"CSJ Emballages","description":"","publisher":{"@id":"https:\/\/www.csj-emballages.com\/es\/#organization"},"potentialAction":[{"@type":"SearchAction","target":{"@type":"EntryPoint","urlTemplate":"https:\/\/www.csj-emballages.com\/es\/?s={search_term_string}"},"query-input":{"@type":"PropertyValueSpecification","valueRequired":true,"valueName":"search_term_string"}}],"inLanguage":"es"},{"@type":"Organization","@id":"https:\/\/www.csj-emballages.com\/es\/#Organization\/","name":"CSJ Emballages","url":"https:\/\/www.csj-emballages.com\/es\/","logo":{"@type":"ImageObject","inLanguage":"es","@id":"https:\/\/www.csj-emballages.com\/es\/#\/schema\/logo\/image\/","url":"https:\/\/www.csj-emballages.com\/wp-content\/uploads\/2023\/10\/logo_csj.webp","contentUrl":"https:\/\/www.csj-emballages.com\/wp-content\/uploads\/2023\/10\/logo_csj.webp","width":250,"height":95,"caption":"CSJ Emballages"},"image":{"@id":"https:\/\/www.csj-emballages.com\/es\/#\/schema\/logo\/image\/"},"sameAs":["https:\/\/www.facebook.com\/csjemballages"],"address":{"@type":"PostalAddress","streetAddress":"ZI La Lechere","addressLocality":"Patornay","postalCode":"39130","addressCountry":"FR"},"contactPoint":[{"@type":"ContactPoint","contactType":"Service client","telephone":"0384254272","email":"contact@csj-emballages.com"}]}]}},"df_price":16.07,"df_sale_price":"","df_regular_price":16.07,"df_image_link":"https:\/\/www.csj-emballages.com\/wp-content\/uploads\/2024\/03\/03256-300x300.webp","tiered_pricing_type":"fixed","tiered_pricing_fixed_rules":[],"tiered_pricing_percentage_rules":[],"tiered_pricing_minimum":1,"tiered_pricing_roles_data":[],"_links":{"self":[{"href":"https:\/\/www.csj-emballages.com\/es\/wp-json\/wp\/v2\/product\/17288","targetHints":{"allow":["GET"]}}],"collection":[{"href":"https:\/\/www.csj-emballages.com\/es\/wp-json\/wp\/v2\/product"}],"about":[{"href":"https:\/\/www.csj-emballages.com\/es\/wp-json\/wp\/v2\/types\/product"}],"wp:featuredmedia":[{"embeddable":true,"href":"https:\/\/www.csj-emballages.com\/es\/wp-json\/wp\/v2\/media\/235926"}],"wp:attachment":[{"href":"https:\/\/www.csj-emballages.com\/es\/wp-json\/wp\/v2\/media?parent=17288"}],"wp:term":[{"taxonomy":"product_brand","embeddable":true,"href":"https:\/\/www.csj-emballages.com\/es\/wp-json\/wp\/v2\/product_brand?post=17288"},{"taxonomy":"product_cat","embeddable":true,"href":"https:\/\/www.csj-emballages.com\/es\/wp-json\/wp\/v2\/product_cat?post=17288"},{"taxonomy":"product_tag","embeddable":true,"href":"https:\/\/www.csj-emballages.com\/es\/wp-json\/wp\/v2\/product_tag?post=17288"}],"curies":[{"name":"wp","href":"https:\/\/api.w.org\/{rel}","templated":true}]}}