{"id":17286,"date":"2024-03-01T17:00:15","date_gmt":"2024-03-01T16:00:15","guid":{"rendered":"https:\/\/u15jnbdpoq.preview.infomaniak.website\/produit\/jabon-de-manos-bactericida-neutro-5-litros\/"},"modified":"2026-04-30T16:00:21","modified_gmt":"2026-04-30T14:00:21","slug":"jabon-de-manos-bactericida-neutro-5-litros","status":"publish","type":"product","link":"https:\/\/www.csj-emballages.com\/es\/produit\/jabon-de-manos-bactericida-neutro-5-litros\/","title":{"rendered":"Loci\u00f3n lavamanos desinfectante 5 litros"},"content":{"rendered":"<h2 class=\"p1\">Loci\u00f3n lavamanos<\/h2>\n<hr>\n<h3>Descubra nuestra loci\u00f3n lavamanos desinfectante de 5 litros<\/h3>\n<p><!--more--><\/p>\n<p data-start=\"254\" data-end=\"673\">La loci\u00f3n<strong> lavamanos desinfectante de 5 litros<\/strong> es una soluci\u00f3n completa para asegurar una higiene eficaz de las manos en el entorno profesional. En primer lugar, dise\u00f1ada para cumplir con las estrictas exigencias de los sectores sensibles, esta loci\u00f3n est\u00e1 especialmente recomendada para los <strong>entornos agroalimentarios, colectividades, cocinas profesionales, centros de salud y ambientes<\/strong> que requieren un alto nivel de higiene. <\/p>\n<p data-start=\"675\" data-end=\"1011\"><strong>De hecho, Lotion\u2019Des<\/strong> combina una acci\u00f3n limpiadora y desinfectante en un solo gesto, permitiendo limpiar las manos mientras se eliminan los microorganismos. Su f\u00f3rmula es adecuada para uso frecuente, garantizando una higiene \u00f3ptima sin agredir la piel. Contribuye a mantener las condiciones sanitarias conforme a los protocolos vigentes.  <\/p>\n<p data-start=\"1013\" data-end=\"1340\">Asimismo, presentada en <strong>bid\u00f3n de 5 litros<\/strong>, esta <strong>loci\u00f3n<\/strong> es ideal para un uso regular e intensivo. Gracias a su formato econ\u00f3mico, es perfecta para dispensadores de pared y puestos de lavado en empresas. Adem\u00e1s, facilita la gesti\u00f3n de existencias al tiempo que asegura una continuidad de suministro en entornos de alto tr\u00e1nsito.  <\/p>\n<p data-start=\"1342\" data-end=\"1616\">Fabricada en Francia, la <strong>loci\u00f3n lavamanos<\/strong> desinfectante ofrece una garant\u00eda de calidad y trazabilidad. En resumen, satisface las expectativas de los profesionales que buscan una soluci\u00f3n fiable, eficaz y adaptada a las restricciones reglamentarias de los sectores alimentario y colectivo. <\/p>\n<p data-start=\"1342\" data-end=\"1616\">\n<p><!--more--><\/p>\n<h4><strong>Ventajas :<\/strong><\/h4>\n<ul>\n<li data-start=\"1654\" data-end=\"1704\"><strong>Acci\u00f3n limpiadora y desinfectante<\/strong> en un solo gesto.<\/li>\n<li data-start=\"1707\" data-end=\"1762\">Adecuada para entornos agroalimentarios y colectividades.<\/li>\n<li data-start=\"1765\" data-end=\"1804\">F\u00f3rmula dise\u00f1ada para uso frecuente.<\/li>\n<li data-start=\"1807\" data-end=\"1854\">Contribuye al cumplimiento de los protocolos de higiene.<\/li>\n<li data-start=\"1857\" data-end=\"1885\">Formato econ\u00f3mico <strong>5 litros<\/strong>.<\/li>\n<li data-start=\"1888\" data-end=\"1934\">Compatible con dispensadores profesionales.<\/li>\n<li data-start=\"1937\" data-end=\"1965\">Producto fabricado en Francia.<\/li>\n<\/ul>\n<p>&nbsp;<\/p>\n<p><!--more--><\/p>\n<h4>Informaci\u00f3n adicional :<\/h4>\n<ul>\n<li><strong>Embalaje<\/strong>: Por unidad<\/li>\n<li><strong>Uso<\/strong>: Loci\u00f3n de manos desinfectante<\/li>\n<li><strong>Color<\/strong>: Incoloro<\/li>\n<li><strong>Dosis\/bombeo<\/strong>: 3 ml<\/li>\n<li><strong>Volumen<\/strong>: 5 litros<\/li>\n<\/ul>\n<p>&nbsp;<\/p>\n<p><!--more--><\/p>\n<p>Encuentre aqu\u00ed nuestro cartucho de jab\u00f3n de 900 ml para dispensador: <span style=\"color: #d12727;\"><a style=\"color: #d12727;\" href=\"https:\/\/www.csj-emballages.com\/es\/produit\/dispensador-de-cartucho-de-jabon-de-900-ml-03ds080001\/\">03HAIRBODY<\/a><\/span><\/p>\n<p>&nbsp;<\/p>\n<p><!--more--><\/p>\n<p><a href=\"https:\/\/www.csj-emballages.com\/es\/categorie-produit\/higiene-y-mantenimiento\/productos-de-limpieza\/higiene-personal\/jabon-de-manos\/\">Ver el resto de nuestra gama de jabones de manos<\/a><\/p>\n","protected":false},"excerpt":{"rendered":"<p>Loci\u00f3n lavamanos Descubra nuestra loci\u00f3n lavamanos desinfectante de 5 litros<\/p>\n","protected":false},"featured_media":264235,"template":"","meta":{"_acf_changed":false},"product_brand":[],"product_cat":[1226,1227,1359,1360],"product_tag":[],"class_list":{"0":"post-17286","1":"product","2":"type-product","3":"status-publish","4":"has-post-thumbnail","6":"product_cat-higiene-y-mantenimiento","7":"product_cat-productos-de-limpieza","8":"product_cat-higiene-personal","9":"product_cat-jabon-de-manos","10":"product_shipping_class-no-permitido-en-reles","12":"first","13":"instock","14":"taxable","15":"shipping-taxable","16":"purchasable","17":"product-type-simple"},"acf":[],"yoast_head":"<!-- This site is optimized with the Yoast SEO Premium plugin v26.6 (Yoast SEO v26.6) - https:\/\/yoast.com\/wordpress\/plugins\/seo\/ -->\n<title>LOCI\u00d3N LAVAMANOS DESINFECTANTE 5 LITROS<\/title>\n<meta name=\"description\" content=\"Loci\u00f3n lavamanos desinfectante 5 litros, ideal para la industria agroalimentaria y colectividades. Fabricaci\u00f3n francesa, higiene profesional eficaz.\" \/>\n<meta name=\"robots\" content=\"index, follow, max-snippet:-1, max-image-preview:large, max-video-preview:-1\" \/>\n<link rel=\"canonical\" href=\"https:\/\/www.csj-emballages.com\/es\/produit\/jabon-de-manos-bactericida-neutro-5-litros\/\" \/>\n<meta property=\"og:locale\" content=\"es_ES\" \/>\n<meta property=\"og:type\" content=\"article\" \/>\n<meta property=\"og:title\" content=\"Loci\u00f3n lavamanos desinfectante 5 litros\" \/>\n<meta property=\"og:description\" content=\"Loci\u00f3n lavamanos desinfectante 5 litros, ideal para la industria agroalimentaria y colectividades. Fabricaci\u00f3n francesa, higiene profesional eficaz.\" \/>\n<meta property=\"og:url\" content=\"https:\/\/www.csj-emballages.com\/es\/produit\/jabon-de-manos-bactericida-neutro-5-litros\/\" \/>\n<meta property=\"og:site_name\" content=\"CSJ Emballages\" \/>\n<meta property=\"article:publisher\" content=\"https:\/\/www.facebook.com\/csjemballages\" \/>\n<meta property=\"article:modified_time\" content=\"2026-04-30T14:00:21+00:00\" \/>\n<meta property=\"og:image\" content=\"https:\/\/www.csj-emballages.com\/wp-content\/uploads\/2024\/03\/04255.webp\" \/>\n\t<meta property=\"og:image:width\" content=\"800\" \/>\n\t<meta property=\"og:image:height\" content=\"800\" \/>\n\t<meta property=\"og:image:type\" content=\"image\/webp\" \/>\n<meta name=\"twitter:card\" content=\"summary_large_image\" \/>\n<meta name=\"twitter:label1\" content=\"Tiempo de lectura\" \/>\n\t<meta name=\"twitter:data1\" content=\"2 minutos\" \/>\n<script type=\"application\/ld+json\" class=\"yoast-schema-graph\">{\"@context\":\"https:\/\/schema.org\",\"@graph\":[{\"@type\":\"WebPage\",\"@id\":\"https:\/\/www.csj-emballages.com\/es\/produit\/jabon-de-manos-bactericida-neutro-5-litros\/\",\"url\":\"https:\/\/www.csj-emballages.com\/es\/produit\/jabon-de-manos-bactericida-neutro-5-litros\/\",\"name\":\"LOCI\u00d3N LAVAMANOS DESINFECTANTE 5 LITROS\",\"isPartOf\":{\"@id\":\"https:\/\/www.csj-emballages.com\/es\/#website\"},\"primaryImageOfPage\":{\"@id\":\"https:\/\/www.csj-emballages.com\/es\/produit\/jabon-de-manos-bactericida-neutro-5-litros\/#primaryimage\"},\"image\":{\"@id\":\"https:\/\/www.csj-emballages.com\/es\/produit\/jabon-de-manos-bactericida-neutro-5-litros\/#primaryimage\"},\"thumbnailUrl\":\"https:\/\/www.csj-emballages.com\/wp-content\/uploads\/2024\/03\/04255.webp\",\"datePublished\":\"2024-03-01T16:00:15+00:00\",\"dateModified\":\"2026-04-30T14:00:21+00:00\",\"description\":\"Loci\u00f3n lavamanos desinfectante 5 litros, ideal para la industria agroalimentaria y colectividades. Fabricaci\u00f3n francesa, higiene profesional eficaz.\",\"breadcrumb\":{\"@id\":\"https:\/\/www.csj-emballages.com\/es\/produit\/jabon-de-manos-bactericida-neutro-5-litros\/#breadcrumb\"},\"inLanguage\":\"es\",\"potentialAction\":[{\"@type\":\"ReadAction\",\"target\":[\"https:\/\/www.csj-emballages.com\/es\/produit\/jabon-de-manos-bactericida-neutro-5-litros\/\"]}]},{\"@type\":\"ImageObject\",\"inLanguage\":\"es\",\"@id\":\"https:\/\/www.csj-emballages.com\/es\/produit\/jabon-de-manos-bactericida-neutro-5-litros\/#primaryimage\",\"url\":\"https:\/\/www.csj-emballages.com\/wp-content\/uploads\/2024\/03\/04255.webp\",\"contentUrl\":\"https:\/\/www.csj-emballages.com\/wp-content\/uploads\/2024\/03\/04255.webp\",\"width\":800,\"height\":800,\"caption\":\"Lotion lavante mains\"},{\"@type\":\"BreadcrumbList\",\"@id\":\"https:\/\/www.csj-emballages.com\/es\/produit\/jabon-de-manos-bactericida-neutro-5-litros\/#breadcrumb\",\"itemListElement\":[{\"@type\":\"ListItem\",\"position\":1,\"name\":\"Accueil\",\"item\":\"https:\/\/www.csj-emballages.com\/es\/universo-del-envasado-alimentario\/\"},{\"@type\":\"ListItem\",\"position\":2,\"name\":\"Tienda\",\"item\":\"https:\/\/www.csj-emballages.com\/tienda\/\"},{\"@type\":\"ListItem\",\"position\":3,\"name\":\"Loci\u00f3n lavamanos desinfectante 5 litros\"}]},{\"@type\":\"WebSite\",\"@id\":\"https:\/\/www.csj-emballages.com\/es\/#website\",\"url\":\"https:\/\/www.csj-emballages.com\/es\/\",\"name\":\"CSJ Emballages\",\"description\":\"\",\"publisher\":{\"@id\":\"https:\/\/www.csj-emballages.com\/es\/#organization\"},\"potentialAction\":[{\"@type\":\"SearchAction\",\"target\":{\"@type\":\"EntryPoint\",\"urlTemplate\":\"https:\/\/www.csj-emballages.com\/es\/?s={search_term_string}\"},\"query-input\":{\"@type\":\"PropertyValueSpecification\",\"valueRequired\":true,\"valueName\":\"search_term_string\"}}],\"inLanguage\":\"es\"},{\"@type\":\"Organization\",\"@id\":\"https:\/\/www.csj-emballages.com\/es\/#Organization\/\",\"name\":\"CSJ Emballages\",\"url\":\"https:\/\/www.csj-emballages.com\/es\/\",\"logo\":{\"@type\":\"ImageObject\",\"inLanguage\":\"es\",\"@id\":\"https:\/\/www.csj-emballages.com\/es\/#\/schema\/logo\/image\/\",\"url\":\"https:\/\/www.csj-emballages.com\/wp-content\/uploads\/2023\/10\/logo_csj.webp\",\"contentUrl\":\"https:\/\/www.csj-emballages.com\/wp-content\/uploads\/2023\/10\/logo_csj.webp\",\"width\":250,\"height\":95,\"caption\":\"CSJ Emballages\"},\"image\":{\"@id\":\"https:\/\/www.csj-emballages.com\/es\/#\/schema\/logo\/image\/\"},\"sameAs\":[\"https:\/\/www.facebook.com\/csjemballages\"],\"address\":{\"@type\":\"PostalAddress\",\"streetAddress\":\"ZI La Lechere\",\"addressLocality\":\"Patornay\",\"postalCode\":\"39130\",\"addressCountry\":\"FR\"},\"contactPoint\":[{\"@type\":\"ContactPoint\",\"contactType\":\"Service client\",\"telephone\":\"0384254272\",\"email\":\"contact@csj-emballages.com\"}]}]}<\/script>\n<!-- \/ Yoast SEO Premium plugin. -->","yoast_head_json":{"title":"LOCI\u00d3N LAVAMANOS DESINFECTANTE 5 LITROS","description":"Loci\u00f3n lavamanos desinfectante 5 litros, ideal para la industria agroalimentaria y colectividades. Fabricaci\u00f3n francesa, higiene profesional eficaz.","robots":{"index":"index","follow":"follow","max-snippet":"max-snippet:-1","max-image-preview":"max-image-preview:large","max-video-preview":"max-video-preview:-1"},"canonical":"https:\/\/www.csj-emballages.com\/es\/produit\/jabon-de-manos-bactericida-neutro-5-litros\/","og_locale":"es_ES","og_type":"article","og_title":"Loci\u00f3n lavamanos desinfectante 5 litros","og_description":"Loci\u00f3n lavamanos desinfectante 5 litros, ideal para la industria agroalimentaria y colectividades. Fabricaci\u00f3n francesa, higiene profesional eficaz.","og_url":"https:\/\/www.csj-emballages.com\/es\/produit\/jabon-de-manos-bactericida-neutro-5-litros\/","og_site_name":"CSJ Emballages","article_publisher":"https:\/\/www.facebook.com\/csjemballages","article_modified_time":"2026-04-30T14:00:21+00:00","og_image":[{"width":800,"height":800,"url":"https:\/\/www.csj-emballages.com\/wp-content\/uploads\/2024\/03\/04255.webp","type":"image\/webp"}],"twitter_card":"summary_large_image","twitter_misc":{"Tiempo de lectura":"2 minutos"},"schema":{"@context":"https:\/\/schema.org","@graph":[{"@type":"WebPage","@id":"https:\/\/www.csj-emballages.com\/es\/produit\/jabon-de-manos-bactericida-neutro-5-litros\/","url":"https:\/\/www.csj-emballages.com\/es\/produit\/jabon-de-manos-bactericida-neutro-5-litros\/","name":"LOCI\u00d3N LAVAMANOS DESINFECTANTE 5 LITROS","isPartOf":{"@id":"https:\/\/www.csj-emballages.com\/es\/#website"},"primaryImageOfPage":{"@id":"https:\/\/www.csj-emballages.com\/es\/produit\/jabon-de-manos-bactericida-neutro-5-litros\/#primaryimage"},"image":{"@id":"https:\/\/www.csj-emballages.com\/es\/produit\/jabon-de-manos-bactericida-neutro-5-litros\/#primaryimage"},"thumbnailUrl":"https:\/\/www.csj-emballages.com\/wp-content\/uploads\/2024\/03\/04255.webp","datePublished":"2024-03-01T16:00:15+00:00","dateModified":"2026-04-30T14:00:21+00:00","description":"Loci\u00f3n lavamanos desinfectante 5 litros, ideal para la industria agroalimentaria y colectividades. Fabricaci\u00f3n francesa, higiene profesional eficaz.","breadcrumb":{"@id":"https:\/\/www.csj-emballages.com\/es\/produit\/jabon-de-manos-bactericida-neutro-5-litros\/#breadcrumb"},"inLanguage":"es","potentialAction":[{"@type":"ReadAction","target":["https:\/\/www.csj-emballages.com\/es\/produit\/jabon-de-manos-bactericida-neutro-5-litros\/"]}]},{"@type":"ImageObject","inLanguage":"es","@id":"https:\/\/www.csj-emballages.com\/es\/produit\/jabon-de-manos-bactericida-neutro-5-litros\/#primaryimage","url":"https:\/\/www.csj-emballages.com\/wp-content\/uploads\/2024\/03\/04255.webp","contentUrl":"https:\/\/www.csj-emballages.com\/wp-content\/uploads\/2024\/03\/04255.webp","width":800,"height":800,"caption":"Lotion lavante mains"},{"@type":"BreadcrumbList","@id":"https:\/\/www.csj-emballages.com\/es\/produit\/jabon-de-manos-bactericida-neutro-5-litros\/#breadcrumb","itemListElement":[{"@type":"ListItem","position":1,"name":"Accueil","item":"https:\/\/www.csj-emballages.com\/es\/universo-del-envasado-alimentario\/"},{"@type":"ListItem","position":2,"name":"Tienda","item":"https:\/\/www.csj-emballages.com\/tienda\/"},{"@type":"ListItem","position":3,"name":"Loci\u00f3n lavamanos desinfectante 5 litros"}]},{"@type":"WebSite","@id":"https:\/\/www.csj-emballages.com\/es\/#website","url":"https:\/\/www.csj-emballages.com\/es\/","name":"CSJ Emballages","description":"","publisher":{"@id":"https:\/\/www.csj-emballages.com\/es\/#organization"},"potentialAction":[{"@type":"SearchAction","target":{"@type":"EntryPoint","urlTemplate":"https:\/\/www.csj-emballages.com\/es\/?s={search_term_string}"},"query-input":{"@type":"PropertyValueSpecification","valueRequired":true,"valueName":"search_term_string"}}],"inLanguage":"es"},{"@type":"Organization","@id":"https:\/\/www.csj-emballages.com\/es\/#Organization\/","name":"CSJ Emballages","url":"https:\/\/www.csj-emballages.com\/es\/","logo":{"@type":"ImageObject","inLanguage":"es","@id":"https:\/\/www.csj-emballages.com\/es\/#\/schema\/logo\/image\/","url":"https:\/\/www.csj-emballages.com\/wp-content\/uploads\/2023\/10\/logo_csj.webp","contentUrl":"https:\/\/www.csj-emballages.com\/wp-content\/uploads\/2023\/10\/logo_csj.webp","width":250,"height":95,"caption":"CSJ Emballages"},"image":{"@id":"https:\/\/www.csj-emballages.com\/es\/#\/schema\/logo\/image\/"},"sameAs":["https:\/\/www.facebook.com\/csjemballages"],"address":{"@type":"PostalAddress","streetAddress":"ZI La Lechere","addressLocality":"Patornay","postalCode":"39130","addressCountry":"FR"},"contactPoint":[{"@type":"ContactPoint","contactType":"Service client","telephone":"0384254272","email":"contact@csj-emballages.com"}]}]}},"df_price":16.78,"df_sale_price":"","df_regular_price":16.78,"df_image_link":"https:\/\/www.csj-emballages.com\/wp-content\/uploads\/2024\/03\/04255-300x300.webp","tiered_pricing_type":"fixed","tiered_pricing_fixed_rules":[],"tiered_pricing_percentage_rules":[],"tiered_pricing_minimum":1,"tiered_pricing_roles_data":[],"_links":{"self":[{"href":"https:\/\/www.csj-emballages.com\/es\/wp-json\/wp\/v2\/product\/17286","targetHints":{"allow":["GET"]}}],"collection":[{"href":"https:\/\/www.csj-emballages.com\/es\/wp-json\/wp\/v2\/product"}],"about":[{"href":"https:\/\/www.csj-emballages.com\/es\/wp-json\/wp\/v2\/types\/product"}],"wp:featuredmedia":[{"embeddable":true,"href":"https:\/\/www.csj-emballages.com\/es\/wp-json\/wp\/v2\/media\/264235"}],"wp:attachment":[{"href":"https:\/\/www.csj-emballages.com\/es\/wp-json\/wp\/v2\/media?parent=17286"}],"wp:term":[{"taxonomy":"product_brand","embeddable":true,"href":"https:\/\/www.csj-emballages.com\/es\/wp-json\/wp\/v2\/product_brand?post=17286"},{"taxonomy":"product_cat","embeddable":true,"href":"https:\/\/www.csj-emballages.com\/es\/wp-json\/wp\/v2\/product_cat?post=17286"},{"taxonomy":"product_tag","embeddable":true,"href":"https:\/\/www.csj-emballages.com\/es\/wp-json\/wp\/v2\/product_tag?post=17286"}],"curies":[{"name":"wp","href":"https:\/\/api.w.org\/{rel}","templated":true}]}}