{"id":17276,"date":"2024-03-01T17:00:16","date_gmt":"2024-03-01T16:00:16","guid":{"rendered":"https:\/\/u15jnbdpoq.preview.infomaniak.website\/produit\/botella-de-jabon-limpiador-para-piel-sensible-bomba-500ml\/"},"modified":"2026-03-24T02:10:17","modified_gmt":"2026-03-24T01:10:17","slug":"botella-de-jabon-limpiador-para-piel-sensible-bomba-500ml","status":"publish","type":"product","link":"https:\/\/www.csj-emballages.com\/es\/produit\/botella-de-jabon-limpiador-para-piel-sensible-bomba-500ml\/","title":{"rendered":"Loci\u00f3n lavamanos con bomba 500ml"},"content":{"rendered":"<h2 class=\"p1 ai-optimize-33 ai-optimize-introduction\">Loci\u00f3n lavamanos<\/h2>\n<hr>\n<h3 class=\"ai-optimize-34\">Descripci\u00f3n de nuestra loci\u00f3n lavamanos con bomba 500 ml<\/h3>\n<p><!--more--><\/p>\n<p class=\"ai-optimize-35 ai-optimize-introduction\" data-start=\"37\" data-end=\"480\">Adopte una higiene de manos eficaz respetando su piel y el medio ambiente con esta <strong data-start=\"136\" data-end=\"180\">loci\u00f3n lavamanos de 500 ml con bomba<\/strong>. Dise\u00f1ada para su uso diario, esta <g id=\"gid_1\">loci\u00f3n<\/g> forma parte de una <g id=\"gid_2\">gama ecol\u00f3gica<\/g>, formulada con<g id=\"gid_3\">ingredientes naturales<\/g> cuidadosamente seleccionados. Sin sustancias agresivas, su <g id=\"gid_4\">f\u00f3rmula suave<\/g> limpia eficazmente sin resecar, incluso despu\u00e9s de varios lavados al d\u00eda. La <g id=\"gid_5\">delicada fragancia de Ar\u00e1ndano Rojo y Granada<\/g> convierte cada lavado de manos en un momento de frescor. Estas notas afrutadas dejan una <strong data-start=\"635\" data-end=\"656\">sutil fragancia<\/strong> en la piel, agradable tanto en casa como en el lugar de trabajo.    <\/p>\n<p class=\"ai-optimize-37\" data-start=\"731\" data-end=\"1138\">Pr\u00e1ctica y funcional, esta <strong>loci\u00f3n<\/strong> se presenta en un <strong data-start=\"796\" data-end=\"836\">frasco de 500 ml con bomba<\/strong> para un <strong data-start=\"853\" data-end=\"892\">uso higi\u00e9nico y controlado<\/strong>, ideal en zonas de mucho tr\u00e1nsito como oficinas, restaurantes, hoteles, establecimientos sanitarios o simplemente en casa. Su textura fluida se aclara f\u00e1cilmente, dejando las manos <strong data-start=\"1092\" data-end=\"1137\">suaves, limpias y agradablemente perfumadas<\/strong>. <\/p>\n<p class=\"ai-optimize-38\" data-start=\"1140\" data-end=\"1390\">Con esta <strong>loci\u00f3n limpiadora<\/strong>, podr\u00e1 combinar <strong data-start=\"1181\" data-end=\"1229\">eficacia, comodidad y compromiso con el medio ambiente<\/strong>. Es perfecta tanto para profesionales como para consumidores que deseen combinar higiene, placer de uso y respeto por el medio ambiente. <\/p>\n<p><!--more--><\/p>\n<h4 class=\"ai-optimize-37\"><strong>Ventajas:<\/strong><\/h4>\n<ul>\n<li class=\"ai-optimize-38\"><strong>Gama ecol\u00f3gica<\/strong>: elaborada con ingredientes naturales y biodegradables.<\/li>\n<li class=\"ai-optimize-39\"><strong>Agradable fragancia<\/strong>: Ar\u00e1ndano y Granada, para un toque fresco y afrutado.<\/li>\n<li class=\"ai-optimize-40\"><strong>Pr\u00e1ctico<\/strong> <strong>formato<\/strong>: frasco bomba de 500 ml, higi\u00e9nico y f\u00e1cil de dosificar.<\/li>\n<li class=\"ai-optimize-42\"><strong>Uso diario<\/strong>: suave con la piel, incluso despu\u00e9s de lavados repetidos.<\/li>\n<li class=\"ai-optimize-46\">Ideal para todos los entornos: hogar, oficina, lugares p\u00fablicos.<\/li>\n<\/ul>\n<p>&nbsp;<\/p>\n<p><!--more--><\/p>\n<h4 class=\"ai-optimize-44\">Informaci\u00f3n adicional :<\/h4>\n<ul>\n<li class=\"ai-optimize-45\"><strong>Embalaje<\/strong>: Individual + bomba<\/li>\n<li class=\"ai-optimize-47\"><strong>Uso<\/strong>: Loci\u00f3n lavamanos<\/li>\n<li class=\"ai-optimize-32\"><strong>Color<\/strong>: rosa<\/li>\n<li class=\"ai-optimize-35\"><strong>Volumen<\/strong>: 500 ml<\/li>\n<li class=\"ai-optimize-47\"><strong>Fragancia<\/strong>: Ar\u00e1ndano \/ Granada<\/li>\n<\/ul>\n<p>&nbsp;<\/p>\n<p><!--more--><\/p>\n<p class=\"ai-optimize-34\">Encuentre aqu\u00ed nuestro jab\u00f3n de manos en gel de 5 litros: <span style=\"color: #d12727\"><a style=\"color: #d12727\" href=\"https:\/\/www.csj-emballages.com\/es\/produit\/jabon-de-manos-en-gel-5-litros\/\"><span style=\"color: #d12727\">00105<\/span><\/a><\/span><\/p>\n<p>&nbsp;<\/p>\n<p><!--more--><\/p>\n<p class=\"ai-optimize-41\"><a href=\"https:\/\/www.csj-emballages.com\/es\/categorie-produit\/higiene-y-mantenimiento\/productos-de-limpieza\/higiene-personal\/jabon-de-manos\/\">Ver el resto de nuestra gama de jabones de manos<\/a><\/p>\n","protected":false},"excerpt":{"rendered":"<p>Loci\u00f3n lavamanos Descripci\u00f3n de nuestra loci\u00f3n lavamanos con bomba 500 ml<\/p>\n","protected":false},"featured_media":236043,"template":"","meta":{"_acf_changed":false},"product_brand":[],"product_cat":[1226,1227,1417,1359,1360],"product_tag":[],"class_list":{"0":"post-17276","1":"product","2":"type-product","3":"status-publish","4":"has-post-thumbnail","6":"product_cat-higiene-y-mantenimiento","7":"product_cat-productos-de-limpieza","8":"product_cat-area-de-distribucion-ecologica","9":"product_cat-higiene-personal","10":"product_cat-jabon-de-manos","12":"first","13":"instock","14":"taxable","15":"shipping-taxable","16":"purchasable","17":"product-type-simple"},"acf":[],"yoast_head":"<!-- This site is optimized with the Yoast SEO Premium plugin v26.6 (Yoast SEO v26.6) - https:\/\/yoast.com\/wordpress\/plugins\/seo\/ -->\n<title>Jab\u00f3n de manos con bomba 500 ml<\/title>\n<meta name=\"description\" content=\"Loci\u00f3n lavamanos ecol\u00f3gica 500 ml con fragancia afrutada de ar\u00e1ndano rojo y granada. F\u00f3rmula suave con una pr\u00e1ctica bomba para uso diario.\" \/>\n<meta name=\"robots\" content=\"index, follow, max-snippet:-1, max-image-preview:large, max-video-preview:-1\" \/>\n<link rel=\"canonical\" href=\"https:\/\/www.csj-emballages.com\/es\/produit\/botella-de-jabon-limpiador-para-piel-sensible-bomba-500ml\/\" \/>\n<meta property=\"og:locale\" content=\"es_ES\" \/>\n<meta property=\"og:type\" content=\"article\" \/>\n<meta property=\"og:title\" content=\"Loci\u00f3n lavamanos con bomba 500ml\" \/>\n<meta property=\"og:description\" content=\"Loci\u00f3n lavamanos ecol\u00f3gica 500 ml con fragancia afrutada de ar\u00e1ndano rojo y granada. F\u00f3rmula suave con una pr\u00e1ctica bomba para uso diario.\" \/>\n<meta property=\"og:url\" content=\"https:\/\/www.csj-emballages.com\/es\/produit\/botella-de-jabon-limpiador-para-piel-sensible-bomba-500ml\/\" \/>\n<meta property=\"og:site_name\" content=\"CSJ Emballages\" \/>\n<meta property=\"article:publisher\" content=\"https:\/\/www.facebook.com\/csjemballages\" \/>\n<meta property=\"article:modified_time\" content=\"2026-03-24T01:10:17+00:00\" \/>\n<meta property=\"og:image\" content=\"https:\/\/www.csj-emballages.com\/wp-content\/uploads\/2024\/03\/0397.webp\" \/>\n\t<meta property=\"og:image:width\" content=\"800\" \/>\n\t<meta property=\"og:image:height\" content=\"800\" \/>\n\t<meta property=\"og:image:type\" content=\"image\/webp\" \/>\n<meta name=\"twitter:card\" content=\"summary_large_image\" \/>\n<meta name=\"twitter:label1\" content=\"Tiempo de lectura\" \/>\n\t<meta name=\"twitter:data1\" content=\"2 minutos\" \/>\n<script type=\"application\/ld+json\" class=\"yoast-schema-graph\">{\"@context\":\"https:\/\/schema.org\",\"@graph\":[{\"@type\":\"WebPage\",\"@id\":\"https:\/\/www.csj-emballages.com\/es\/produit\/botella-de-jabon-limpiador-para-piel-sensible-bomba-500ml\/\",\"url\":\"https:\/\/www.csj-emballages.com\/es\/produit\/botella-de-jabon-limpiador-para-piel-sensible-bomba-500ml\/\",\"name\":\"Jab\u00f3n de manos con bomba 500 ml\",\"isPartOf\":{\"@id\":\"https:\/\/www.csj-emballages.com\/es\/#website\"},\"primaryImageOfPage\":{\"@id\":\"https:\/\/www.csj-emballages.com\/es\/produit\/botella-de-jabon-limpiador-para-piel-sensible-bomba-500ml\/#primaryimage\"},\"image\":{\"@id\":\"https:\/\/www.csj-emballages.com\/es\/produit\/botella-de-jabon-limpiador-para-piel-sensible-bomba-500ml\/#primaryimage\"},\"thumbnailUrl\":\"https:\/\/www.csj-emballages.com\/wp-content\/uploads\/2024\/03\/0397.webp\",\"datePublished\":\"2024-03-01T16:00:16+00:00\",\"dateModified\":\"2026-03-24T01:10:17+00:00\",\"description\":\"Loci\u00f3n lavamanos ecol\u00f3gica 500 ml con fragancia afrutada de ar\u00e1ndano rojo y granada. F\u00f3rmula suave con una pr\u00e1ctica bomba para uso diario.\",\"breadcrumb\":{\"@id\":\"https:\/\/www.csj-emballages.com\/es\/produit\/botella-de-jabon-limpiador-para-piel-sensible-bomba-500ml\/#breadcrumb\"},\"inLanguage\":\"es\",\"potentialAction\":[{\"@type\":\"ReadAction\",\"target\":[\"https:\/\/www.csj-emballages.com\/es\/produit\/botella-de-jabon-limpiador-para-piel-sensible-bomba-500ml\/\"]}]},{\"@type\":\"ImageObject\",\"inLanguage\":\"es\",\"@id\":\"https:\/\/www.csj-emballages.com\/es\/produit\/botella-de-jabon-limpiador-para-piel-sensible-bomba-500ml\/#primaryimage\",\"url\":\"https:\/\/www.csj-emballages.com\/wp-content\/uploads\/2024\/03\/0397.webp\",\"contentUrl\":\"https:\/\/www.csj-emballages.com\/wp-content\/uploads\/2024\/03\/0397.webp\",\"width\":800,\"height\":800,\"caption\":\"Lotion lavante mains\u00a0\"},{\"@type\":\"BreadcrumbList\",\"@id\":\"https:\/\/www.csj-emballages.com\/es\/produit\/botella-de-jabon-limpiador-para-piel-sensible-bomba-500ml\/#breadcrumb\",\"itemListElement\":[{\"@type\":\"ListItem\",\"position\":1,\"name\":\"Accueil\",\"item\":\"https:\/\/www.csj-emballages.com\/es\/universo-del-envasado-alimentario\/\"},{\"@type\":\"ListItem\",\"position\":2,\"name\":\"Tienda\",\"item\":\"https:\/\/www.csj-emballages.com\/tienda\/\"},{\"@type\":\"ListItem\",\"position\":3,\"name\":\"Loci\u00f3n lavamanos con bomba 500ml\"}]},{\"@type\":\"WebSite\",\"@id\":\"https:\/\/www.csj-emballages.com\/es\/#website\",\"url\":\"https:\/\/www.csj-emballages.com\/es\/\",\"name\":\"CSJ Emballages\",\"description\":\"\",\"publisher\":{\"@id\":\"https:\/\/www.csj-emballages.com\/es\/#organization\"},\"potentialAction\":[{\"@type\":\"SearchAction\",\"target\":{\"@type\":\"EntryPoint\",\"urlTemplate\":\"https:\/\/www.csj-emballages.com\/es\/?s={search_term_string}\"},\"query-input\":{\"@type\":\"PropertyValueSpecification\",\"valueRequired\":true,\"valueName\":\"search_term_string\"}}],\"inLanguage\":\"es\"},{\"@type\":\"Organization\",\"@id\":\"https:\/\/www.csj-emballages.com\/es\/#Organization\/\",\"name\":\"CSJ Emballages\",\"url\":\"https:\/\/www.csj-emballages.com\/es\/\",\"logo\":{\"@type\":\"ImageObject\",\"inLanguage\":\"es\",\"@id\":\"https:\/\/www.csj-emballages.com\/es\/#\/schema\/logo\/image\/\",\"url\":\"https:\/\/www.csj-emballages.com\/wp-content\/uploads\/2023\/10\/logo_csj.webp\",\"contentUrl\":\"https:\/\/www.csj-emballages.com\/wp-content\/uploads\/2023\/10\/logo_csj.webp\",\"width\":250,\"height\":95,\"caption\":\"CSJ Emballages\"},\"image\":{\"@id\":\"https:\/\/www.csj-emballages.com\/es\/#\/schema\/logo\/image\/\"},\"sameAs\":[\"https:\/\/www.facebook.com\/csjemballages\"],\"address\":{\"@type\":\"PostalAddress\",\"streetAddress\":\"ZI La Lechere\",\"addressLocality\":\"Patornay\",\"postalCode\":\"39130\",\"addressCountry\":\"FR\"},\"contactPoint\":[{\"@type\":\"ContactPoint\",\"contactType\":\"Service client\",\"telephone\":\"0384254272\",\"email\":\"contact@csj-emballages.com\"}]}]}<\/script>\n<!-- \/ Yoast SEO Premium plugin. -->","yoast_head_json":{"title":"Jab\u00f3n de manos con bomba 500 ml","description":"Loci\u00f3n lavamanos ecol\u00f3gica 500 ml con fragancia afrutada de ar\u00e1ndano rojo y granada. F\u00f3rmula suave con una pr\u00e1ctica bomba para uso diario.","robots":{"index":"index","follow":"follow","max-snippet":"max-snippet:-1","max-image-preview":"max-image-preview:large","max-video-preview":"max-video-preview:-1"},"canonical":"https:\/\/www.csj-emballages.com\/es\/produit\/botella-de-jabon-limpiador-para-piel-sensible-bomba-500ml\/","og_locale":"es_ES","og_type":"article","og_title":"Loci\u00f3n lavamanos con bomba 500ml","og_description":"Loci\u00f3n lavamanos ecol\u00f3gica 500 ml con fragancia afrutada de ar\u00e1ndano rojo y granada. F\u00f3rmula suave con una pr\u00e1ctica bomba para uso diario.","og_url":"https:\/\/www.csj-emballages.com\/es\/produit\/botella-de-jabon-limpiador-para-piel-sensible-bomba-500ml\/","og_site_name":"CSJ Emballages","article_publisher":"https:\/\/www.facebook.com\/csjemballages","article_modified_time":"2026-03-24T01:10:17+00:00","og_image":[{"width":800,"height":800,"url":"https:\/\/www.csj-emballages.com\/wp-content\/uploads\/2024\/03\/0397.webp","type":"image\/webp"}],"twitter_card":"summary_large_image","twitter_misc":{"Tiempo de lectura":"2 minutos"},"schema":{"@context":"https:\/\/schema.org","@graph":[{"@type":"WebPage","@id":"https:\/\/www.csj-emballages.com\/es\/produit\/botella-de-jabon-limpiador-para-piel-sensible-bomba-500ml\/","url":"https:\/\/www.csj-emballages.com\/es\/produit\/botella-de-jabon-limpiador-para-piel-sensible-bomba-500ml\/","name":"Jab\u00f3n de manos con bomba 500 ml","isPartOf":{"@id":"https:\/\/www.csj-emballages.com\/es\/#website"},"primaryImageOfPage":{"@id":"https:\/\/www.csj-emballages.com\/es\/produit\/botella-de-jabon-limpiador-para-piel-sensible-bomba-500ml\/#primaryimage"},"image":{"@id":"https:\/\/www.csj-emballages.com\/es\/produit\/botella-de-jabon-limpiador-para-piel-sensible-bomba-500ml\/#primaryimage"},"thumbnailUrl":"https:\/\/www.csj-emballages.com\/wp-content\/uploads\/2024\/03\/0397.webp","datePublished":"2024-03-01T16:00:16+00:00","dateModified":"2026-03-24T01:10:17+00:00","description":"Loci\u00f3n lavamanos ecol\u00f3gica 500 ml con fragancia afrutada de ar\u00e1ndano rojo y granada. F\u00f3rmula suave con una pr\u00e1ctica bomba para uso diario.","breadcrumb":{"@id":"https:\/\/www.csj-emballages.com\/es\/produit\/botella-de-jabon-limpiador-para-piel-sensible-bomba-500ml\/#breadcrumb"},"inLanguage":"es","potentialAction":[{"@type":"ReadAction","target":["https:\/\/www.csj-emballages.com\/es\/produit\/botella-de-jabon-limpiador-para-piel-sensible-bomba-500ml\/"]}]},{"@type":"ImageObject","inLanguage":"es","@id":"https:\/\/www.csj-emballages.com\/es\/produit\/botella-de-jabon-limpiador-para-piel-sensible-bomba-500ml\/#primaryimage","url":"https:\/\/www.csj-emballages.com\/wp-content\/uploads\/2024\/03\/0397.webp","contentUrl":"https:\/\/www.csj-emballages.com\/wp-content\/uploads\/2024\/03\/0397.webp","width":800,"height":800,"caption":"Lotion lavante mains\u00a0"},{"@type":"BreadcrumbList","@id":"https:\/\/www.csj-emballages.com\/es\/produit\/botella-de-jabon-limpiador-para-piel-sensible-bomba-500ml\/#breadcrumb","itemListElement":[{"@type":"ListItem","position":1,"name":"Accueil","item":"https:\/\/www.csj-emballages.com\/es\/universo-del-envasado-alimentario\/"},{"@type":"ListItem","position":2,"name":"Tienda","item":"https:\/\/www.csj-emballages.com\/tienda\/"},{"@type":"ListItem","position":3,"name":"Loci\u00f3n lavamanos con bomba 500ml"}]},{"@type":"WebSite","@id":"https:\/\/www.csj-emballages.com\/es\/#website","url":"https:\/\/www.csj-emballages.com\/es\/","name":"CSJ Emballages","description":"","publisher":{"@id":"https:\/\/www.csj-emballages.com\/es\/#organization"},"potentialAction":[{"@type":"SearchAction","target":{"@type":"EntryPoint","urlTemplate":"https:\/\/www.csj-emballages.com\/es\/?s={search_term_string}"},"query-input":{"@type":"PropertyValueSpecification","valueRequired":true,"valueName":"search_term_string"}}],"inLanguage":"es"},{"@type":"Organization","@id":"https:\/\/www.csj-emballages.com\/es\/#Organization\/","name":"CSJ Emballages","url":"https:\/\/www.csj-emballages.com\/es\/","logo":{"@type":"ImageObject","inLanguage":"es","@id":"https:\/\/www.csj-emballages.com\/es\/#\/schema\/logo\/image\/","url":"https:\/\/www.csj-emballages.com\/wp-content\/uploads\/2023\/10\/logo_csj.webp","contentUrl":"https:\/\/www.csj-emballages.com\/wp-content\/uploads\/2023\/10\/logo_csj.webp","width":250,"height":95,"caption":"CSJ Emballages"},"image":{"@id":"https:\/\/www.csj-emballages.com\/es\/#\/schema\/logo\/image\/"},"sameAs":["https:\/\/www.facebook.com\/csjemballages"],"address":{"@type":"PostalAddress","streetAddress":"ZI La Lechere","addressLocality":"Patornay","postalCode":"39130","addressCountry":"FR"},"contactPoint":[{"@type":"ContactPoint","contactType":"Service client","telephone":"0384254272","email":"contact@csj-emballages.com"}]}]}},"df_price":3.41,"df_sale_price":"","df_regular_price":3.41,"df_image_link":"https:\/\/www.csj-emballages.com\/wp-content\/uploads\/2024\/03\/0397-300x300.webp","tiered_pricing_type":"fixed","tiered_pricing_fixed_rules":[],"tiered_pricing_percentage_rules":[],"tiered_pricing_minimum":1,"tiered_pricing_roles_data":[],"_links":{"self":[{"href":"https:\/\/www.csj-emballages.com\/es\/wp-json\/wp\/v2\/product\/17276","targetHints":{"allow":["GET"]}}],"collection":[{"href":"https:\/\/www.csj-emballages.com\/es\/wp-json\/wp\/v2\/product"}],"about":[{"href":"https:\/\/www.csj-emballages.com\/es\/wp-json\/wp\/v2\/types\/product"}],"wp:featuredmedia":[{"embeddable":true,"href":"https:\/\/www.csj-emballages.com\/es\/wp-json\/wp\/v2\/media\/236043"}],"wp:attachment":[{"href":"https:\/\/www.csj-emballages.com\/es\/wp-json\/wp\/v2\/media?parent=17276"}],"wp:term":[{"taxonomy":"product_brand","embeddable":true,"href":"https:\/\/www.csj-emballages.com\/es\/wp-json\/wp\/v2\/product_brand?post=17276"},{"taxonomy":"product_cat","embeddable":true,"href":"https:\/\/www.csj-emballages.com\/es\/wp-json\/wp\/v2\/product_cat?post=17276"},{"taxonomy":"product_tag","embeddable":true,"href":"https:\/\/www.csj-emballages.com\/es\/wp-json\/wp\/v2\/product_tag?post=17276"}],"curies":[{"name":"wp","href":"https:\/\/api.w.org\/{rel}","templated":true}]}}