{"id":17265,"date":"2024-03-01T17:00:16","date_gmt":"2024-03-01T16:00:16","guid":{"rendered":"https:\/\/u15jnbdpoq.preview.infomaniak.website\/produit\/limpiador-liquido-para-hornos-y-freidoras-force-plus-5l-orlav\/"},"modified":"2026-05-01T02:10:19","modified_gmt":"2026-05-01T00:10:19","slug":"limpiador-liquido-para-hornos-y-freidoras-force-plus-5l-orlav","status":"publish","type":"product","link":"https:\/\/www.csj-emballages.com\/es\/produit\/limpiador-liquido-para-hornos-y-freidoras-force-plus-5l-orlav\/","title":{"rendered":"Limpiador l\u00edquido para hornos y freidoras Force Plus 5L"},"content":{"rendered":"<h2>Horno decapante<\/h2>\n<hr>\n<h3>Descripci\u00f3n de nuestro limpiador l\u00edquido para hornos y freidoras Force Plus 5L<\/h3>\n<p><!--more--><\/p>\n<p data-start=\"110\" data-end=\"563\"><strong data-start=\"152\" data-end=\"181\">El limpiador para hornos y freidoras<\/strong> es un potente limpiador profesional, especialmente dise\u00f1ado para el mantenimiento intensivo de <strong data-start=\"272\" data-end=\"308\">hornos, freidoras, parrillas, campanas<\/strong> y otras superficies muy sucias por grasas cocidas o carbonizadas. Disponible en un econ\u00f3mico formato <strong data-start=\"413\" data-end=\"425\">de 5 litros<\/strong>, este producto est\u00e1 dise\u00f1ado para profesionales de la restauraci\u00f3n, as\u00ed como para autoridades locales y comerciantes exigentes. <\/p>\n<p data-start=\"565\" data-end=\"974\">Gracias a su f\u00f3rmula ultraconcentrada, este <strong>limpiador para hornos y freidoras<\/strong> ataca eficazmente la grasa quemada y los residuos resistentes, sin necesidad de fregar intensamente. Act\u00faa r\u00e1pidamente y ahorra un tiempo precioso cuando se limpia al final del servicio, donde el rendimiento es esencial. Este producto est\u00e1 dise\u00f1ado para su uso en superficies calientes o templadas (sin quemar), para una acci\u00f3n \u00f3ptima.  <\/p>\n<p data-start=\"976\" data-end=\"1289\">Puede utilizar un pulverizador resistente a los \u00e1lcalis o una esponja, pero le recomendamos encarecidamente que utilice equipo de protecci\u00f3n (guantes, gafas) al aplicarlo. Al cabo de unos minutos, la grasa desaparecer\u00e1 y las superficies quedar\u00e1n limpias y listas para su uso. <\/p>\n<p data-start=\"1291\" data-end=\"1496\">Cuando elige <strong>el decapante Force Plus<\/strong>, est\u00e1 optando por la eficacia profesional, la fiabilidad de una marca reconocida y una relaci\u00f3n calidad-precio \u00f3ptima para mantener sus cocinas impecables.<\/p>\n<p><!--more--><\/p>\n<h4>Ventajas:<\/h4>\n<ul>\n<li>F\u00f3rmula ultrapotente para combatir las grasas cocidas y carbonizadas.<\/li>\n<li>Formato econ\u00f3mico de 5 litros para uso regular.<\/li>\n<li>Ideal para hornos, freidoras, parrillas y campanas.<\/li>\n<li>Importante ahorro de tiempo en la limpieza.<\/li>\n<li>Eficaz incluso en superficies calientes.<\/li>\n<li>Uso sencillo y eficaz.<\/li>\n<\/ul>\n<p>&nbsp;<\/p>\n<p><!--more--><\/p>\n<h4>Instrucciones de uso :<\/h4>\n<ul>\n<li>Pulverizar el producto sin diluir.<\/li>\n<li>Dejar actuar de 10 a 30 minutos seg\u00fan las manchas.<\/li>\n<li>Aclarar con agua.<\/li>\n<li>Tambi\u00e9n puede utilizarse como inmersi\u00f3n, diluido del 2 al 5%.<\/li>\n<\/ul>\n<p>&nbsp;<\/p>\n<p><!--more--><\/p>\n<h4>Informaci\u00f3n adicional :<\/h4>\n<ul>\n<li><strong>Embalaje<\/strong>: Por unidad<\/li>\n<li><strong>Color<\/strong>: Incoloro<\/li>\n<li><strong>Volumen<\/strong>: 5 litros<\/li>\n<li><strong>Uso<\/strong>: Decapante Force Plus<\/li>\n<li><strong>pH <\/strong>: &lt;2<\/li>\n<\/ul>\n<p>&nbsp;<\/p>\n<p><!--more--><\/p>\n<p>Haga clic aqu\u00ed para nuestro desengrasante de 6 kg para parrillas y planchas: <span style=\"color: #d12727;\"><a style=\"color: #d12727;\" href=\"https:\/\/www.csj-emballages.com\/es\/produit\/desengrasante-para-planchas-6-kg\/\">02555<\/a><\/span><\/p>\n<p>&nbsp;<\/p>\n<p><!--more--><\/p>\n<p><a href=\"https:\/\/www.csj-emballages.com\/es\/categorie-produit\/higiene-y-mantenimiento\/productos-de-limpieza\/cocina\/\">Ver el resto de nuestra gama de productos para el cuidado de la cocina<\/a><\/p>\n","protected":false},"excerpt":{"rendered":"<p>Horno decapante Descripci\u00f3n de nuestro limpiador l\u00edquido para hornos y freidoras Force Plus 5L<\/p>\n","protected":false},"featured_media":255343,"template":"","meta":{"_acf_changed":false},"product_brand":[],"product_cat":[1226,1227,1355],"product_tag":[],"class_list":{"0":"post-17265","1":"product","2":"type-product","3":"status-publish","4":"has-post-thumbnail","6":"product_cat-higiene-y-mantenimiento","7":"product_cat-productos-de-limpieza","8":"product_cat-cocina","9":"product_shipping_class-no-permitido-en-reles","11":"first","12":"instock","13":"taxable","14":"shipping-taxable","15":"purchasable","16":"product-type-simple"},"acf":[],"yoast_head":"<!-- This site is optimized with the Yoast SEO Premium plugin v26.6 (Yoast SEO v26.6) - https:\/\/yoast.com\/wordpress\/plugins\/seo\/ -->\n<title>Limpiador L\u00edquido de Hornos y Freidoras Force Plus 5L<\/title>\n<meta name=\"description\" content=\"Limpiador profesional de 5 litros para hornos y freidoras. Ultra eficaz contra la grasa quemada. Ideal para cocinas profesionales\" \/>\n<meta name=\"robots\" content=\"index, follow, max-snippet:-1, max-image-preview:large, max-video-preview:-1\" \/>\n<link rel=\"canonical\" href=\"https:\/\/www.csj-emballages.com\/es\/produit\/limpiador-liquido-para-hornos-y-freidoras-force-plus-5l-orlav\/\" \/>\n<meta property=\"og:locale\" content=\"es_ES\" \/>\n<meta property=\"og:type\" content=\"article\" \/>\n<meta property=\"og:title\" content=\"Limpiador l\u00edquido para hornos y freidoras Force Plus 5L\" \/>\n<meta property=\"og:description\" content=\"Limpiador profesional de 5 litros para hornos y freidoras. Ultra eficaz contra la grasa quemada. Ideal para cocinas profesionales\" \/>\n<meta property=\"og:url\" content=\"https:\/\/www.csj-emballages.com\/es\/produit\/limpiador-liquido-para-hornos-y-freidoras-force-plus-5l-orlav\/\" \/>\n<meta property=\"og:site_name\" content=\"CSJ Emballages\" \/>\n<meta property=\"article:publisher\" content=\"https:\/\/www.facebook.com\/csjemballages\" \/>\n<meta property=\"article:modified_time\" content=\"2026-05-01T00:10:19+00:00\" \/>\n<meta property=\"og:image\" content=\"https:\/\/www.csj-emballages.com\/wp-content\/uploads\/2024\/03\/04165.webp\" \/>\n\t<meta property=\"og:image:width\" content=\"800\" \/>\n\t<meta property=\"og:image:height\" content=\"800\" \/>\n\t<meta property=\"og:image:type\" content=\"image\/webp\" \/>\n<meta name=\"twitter:card\" content=\"summary_large_image\" \/>\n<meta name=\"twitter:label1\" content=\"Tiempo de lectura\" \/>\n\t<meta name=\"twitter:data1\" content=\"2 minutos\" \/>\n<script type=\"application\/ld+json\" class=\"yoast-schema-graph\">{\"@context\":\"https:\/\/schema.org\",\"@graph\":[{\"@type\":\"WebPage\",\"@id\":\"https:\/\/www.csj-emballages.com\/es\/produit\/limpiador-liquido-para-hornos-y-freidoras-force-plus-5l-orlav\/\",\"url\":\"https:\/\/www.csj-emballages.com\/es\/produit\/limpiador-liquido-para-hornos-y-freidoras-force-plus-5l-orlav\/\",\"name\":\"Limpiador L\u00edquido de Hornos y Freidoras Force Plus 5L\",\"isPartOf\":{\"@id\":\"https:\/\/www.csj-emballages.com\/es\/#website\"},\"primaryImageOfPage\":{\"@id\":\"https:\/\/www.csj-emballages.com\/es\/produit\/limpiador-liquido-para-hornos-y-freidoras-force-plus-5l-orlav\/#primaryimage\"},\"image\":{\"@id\":\"https:\/\/www.csj-emballages.com\/es\/produit\/limpiador-liquido-para-hornos-y-freidoras-force-plus-5l-orlav\/#primaryimage\"},\"thumbnailUrl\":\"https:\/\/www.csj-emballages.com\/wp-content\/uploads\/2024\/03\/04165.webp\",\"datePublished\":\"2024-03-01T16:00:16+00:00\",\"dateModified\":\"2026-05-01T00:10:19+00:00\",\"description\":\"Limpiador profesional de 5 litros para hornos y freidoras. Ultra eficaz contra la grasa quemada. Ideal para cocinas profesionales\",\"breadcrumb\":{\"@id\":\"https:\/\/www.csj-emballages.com\/es\/produit\/limpiador-liquido-para-hornos-y-freidoras-force-plus-5l-orlav\/#breadcrumb\"},\"inLanguage\":\"es\",\"potentialAction\":[{\"@type\":\"ReadAction\",\"target\":[\"https:\/\/www.csj-emballages.com\/es\/produit\/limpiador-liquido-para-hornos-y-freidoras-force-plus-5l-orlav\/\"]}]},{\"@type\":\"ImageObject\",\"inLanguage\":\"es\",\"@id\":\"https:\/\/www.csj-emballages.com\/es\/produit\/limpiador-liquido-para-hornos-y-freidoras-force-plus-5l-orlav\/#primaryimage\",\"url\":\"https:\/\/www.csj-emballages.com\/wp-content\/uploads\/2024\/03\/04165.webp\",\"contentUrl\":\"https:\/\/www.csj-emballages.com\/wp-content\/uploads\/2024\/03\/04165.webp\",\"width\":800,\"height\":800,\"caption\":\"D\u00e9capant Force Plus\"},{\"@type\":\"BreadcrumbList\",\"@id\":\"https:\/\/www.csj-emballages.com\/es\/produit\/limpiador-liquido-para-hornos-y-freidoras-force-plus-5l-orlav\/#breadcrumb\",\"itemListElement\":[{\"@type\":\"ListItem\",\"position\":1,\"name\":\"Accueil\",\"item\":\"https:\/\/www.csj-emballages.com\/es\/universo-del-envasado-alimentario\/\"},{\"@type\":\"ListItem\",\"position\":2,\"name\":\"Tienda\",\"item\":\"https:\/\/www.csj-emballages.com\/tienda\/\"},{\"@type\":\"ListItem\",\"position\":3,\"name\":\"Limpiador l\u00edquido para hornos y freidoras Force Plus 5L\"}]},{\"@type\":\"WebSite\",\"@id\":\"https:\/\/www.csj-emballages.com\/es\/#website\",\"url\":\"https:\/\/www.csj-emballages.com\/es\/\",\"name\":\"CSJ Emballages\",\"description\":\"\",\"publisher\":{\"@id\":\"https:\/\/www.csj-emballages.com\/es\/#organization\"},\"potentialAction\":[{\"@type\":\"SearchAction\",\"target\":{\"@type\":\"EntryPoint\",\"urlTemplate\":\"https:\/\/www.csj-emballages.com\/es\/?s={search_term_string}\"},\"query-input\":{\"@type\":\"PropertyValueSpecification\",\"valueRequired\":true,\"valueName\":\"search_term_string\"}}],\"inLanguage\":\"es\"},{\"@type\":\"Organization\",\"@id\":\"https:\/\/www.csj-emballages.com\/es\/#Organization\/\",\"name\":\"CSJ Emballages\",\"url\":\"https:\/\/www.csj-emballages.com\/es\/\",\"logo\":{\"@type\":\"ImageObject\",\"inLanguage\":\"es\",\"@id\":\"https:\/\/www.csj-emballages.com\/es\/#\/schema\/logo\/image\/\",\"url\":\"https:\/\/www.csj-emballages.com\/wp-content\/uploads\/2023\/10\/logo_csj.webp\",\"contentUrl\":\"https:\/\/www.csj-emballages.com\/wp-content\/uploads\/2023\/10\/logo_csj.webp\",\"width\":250,\"height\":95,\"caption\":\"CSJ Emballages\"},\"image\":{\"@id\":\"https:\/\/www.csj-emballages.com\/es\/#\/schema\/logo\/image\/\"},\"sameAs\":[\"https:\/\/www.facebook.com\/csjemballages\"],\"address\":{\"@type\":\"PostalAddress\",\"streetAddress\":\"ZI La Lechere\",\"addressLocality\":\"Patornay\",\"postalCode\":\"39130\",\"addressCountry\":\"FR\"},\"contactPoint\":[{\"@type\":\"ContactPoint\",\"contactType\":\"Service client\",\"telephone\":\"0384254272\",\"email\":\"contact@csj-emballages.com\"}]}]}<\/script>\n<!-- \/ Yoast SEO Premium plugin. -->","yoast_head_json":{"title":"Limpiador L\u00edquido de Hornos y Freidoras Force Plus 5L","description":"Limpiador profesional de 5 litros para hornos y freidoras. Ultra eficaz contra la grasa quemada. Ideal para cocinas profesionales","robots":{"index":"index","follow":"follow","max-snippet":"max-snippet:-1","max-image-preview":"max-image-preview:large","max-video-preview":"max-video-preview:-1"},"canonical":"https:\/\/www.csj-emballages.com\/es\/produit\/limpiador-liquido-para-hornos-y-freidoras-force-plus-5l-orlav\/","og_locale":"es_ES","og_type":"article","og_title":"Limpiador l\u00edquido para hornos y freidoras Force Plus 5L","og_description":"Limpiador profesional de 5 litros para hornos y freidoras. Ultra eficaz contra la grasa quemada. Ideal para cocinas profesionales","og_url":"https:\/\/www.csj-emballages.com\/es\/produit\/limpiador-liquido-para-hornos-y-freidoras-force-plus-5l-orlav\/","og_site_name":"CSJ Emballages","article_publisher":"https:\/\/www.facebook.com\/csjemballages","article_modified_time":"2026-05-01T00:10:19+00:00","og_image":[{"width":800,"height":800,"url":"https:\/\/www.csj-emballages.com\/wp-content\/uploads\/2024\/03\/04165.webp","type":"image\/webp"}],"twitter_card":"summary_large_image","twitter_misc":{"Tiempo de lectura":"2 minutos"},"schema":{"@context":"https:\/\/schema.org","@graph":[{"@type":"WebPage","@id":"https:\/\/www.csj-emballages.com\/es\/produit\/limpiador-liquido-para-hornos-y-freidoras-force-plus-5l-orlav\/","url":"https:\/\/www.csj-emballages.com\/es\/produit\/limpiador-liquido-para-hornos-y-freidoras-force-plus-5l-orlav\/","name":"Limpiador L\u00edquido de Hornos y Freidoras Force Plus 5L","isPartOf":{"@id":"https:\/\/www.csj-emballages.com\/es\/#website"},"primaryImageOfPage":{"@id":"https:\/\/www.csj-emballages.com\/es\/produit\/limpiador-liquido-para-hornos-y-freidoras-force-plus-5l-orlav\/#primaryimage"},"image":{"@id":"https:\/\/www.csj-emballages.com\/es\/produit\/limpiador-liquido-para-hornos-y-freidoras-force-plus-5l-orlav\/#primaryimage"},"thumbnailUrl":"https:\/\/www.csj-emballages.com\/wp-content\/uploads\/2024\/03\/04165.webp","datePublished":"2024-03-01T16:00:16+00:00","dateModified":"2026-05-01T00:10:19+00:00","description":"Limpiador profesional de 5 litros para hornos y freidoras. Ultra eficaz contra la grasa quemada. Ideal para cocinas profesionales","breadcrumb":{"@id":"https:\/\/www.csj-emballages.com\/es\/produit\/limpiador-liquido-para-hornos-y-freidoras-force-plus-5l-orlav\/#breadcrumb"},"inLanguage":"es","potentialAction":[{"@type":"ReadAction","target":["https:\/\/www.csj-emballages.com\/es\/produit\/limpiador-liquido-para-hornos-y-freidoras-force-plus-5l-orlav\/"]}]},{"@type":"ImageObject","inLanguage":"es","@id":"https:\/\/www.csj-emballages.com\/es\/produit\/limpiador-liquido-para-hornos-y-freidoras-force-plus-5l-orlav\/#primaryimage","url":"https:\/\/www.csj-emballages.com\/wp-content\/uploads\/2024\/03\/04165.webp","contentUrl":"https:\/\/www.csj-emballages.com\/wp-content\/uploads\/2024\/03\/04165.webp","width":800,"height":800,"caption":"D\u00e9capant Force Plus"},{"@type":"BreadcrumbList","@id":"https:\/\/www.csj-emballages.com\/es\/produit\/limpiador-liquido-para-hornos-y-freidoras-force-plus-5l-orlav\/#breadcrumb","itemListElement":[{"@type":"ListItem","position":1,"name":"Accueil","item":"https:\/\/www.csj-emballages.com\/es\/universo-del-envasado-alimentario\/"},{"@type":"ListItem","position":2,"name":"Tienda","item":"https:\/\/www.csj-emballages.com\/tienda\/"},{"@type":"ListItem","position":3,"name":"Limpiador l\u00edquido para hornos y freidoras Force Plus 5L"}]},{"@type":"WebSite","@id":"https:\/\/www.csj-emballages.com\/es\/#website","url":"https:\/\/www.csj-emballages.com\/es\/","name":"CSJ Emballages","description":"","publisher":{"@id":"https:\/\/www.csj-emballages.com\/es\/#organization"},"potentialAction":[{"@type":"SearchAction","target":{"@type":"EntryPoint","urlTemplate":"https:\/\/www.csj-emballages.com\/es\/?s={search_term_string}"},"query-input":{"@type":"PropertyValueSpecification","valueRequired":true,"valueName":"search_term_string"}}],"inLanguage":"es"},{"@type":"Organization","@id":"https:\/\/www.csj-emballages.com\/es\/#Organization\/","name":"CSJ Emballages","url":"https:\/\/www.csj-emballages.com\/es\/","logo":{"@type":"ImageObject","inLanguage":"es","@id":"https:\/\/www.csj-emballages.com\/es\/#\/schema\/logo\/image\/","url":"https:\/\/www.csj-emballages.com\/wp-content\/uploads\/2023\/10\/logo_csj.webp","contentUrl":"https:\/\/www.csj-emballages.com\/wp-content\/uploads\/2023\/10\/logo_csj.webp","width":250,"height":95,"caption":"CSJ Emballages"},"image":{"@id":"https:\/\/www.csj-emballages.com\/es\/#\/schema\/logo\/image\/"},"sameAs":["https:\/\/www.facebook.com\/csjemballages"],"address":{"@type":"PostalAddress","streetAddress":"ZI La Lechere","addressLocality":"Patornay","postalCode":"39130","addressCountry":"FR"},"contactPoint":[{"@type":"ContactPoint","contactType":"Service client","telephone":"0384254272","email":"contact@csj-emballages.com"}]}]}},"df_price":21.34,"df_sale_price":"","df_regular_price":21.34,"df_image_link":"https:\/\/www.csj-emballages.com\/wp-content\/uploads\/2024\/03\/04165-300x300.webp","tiered_pricing_type":"fixed","tiered_pricing_fixed_rules":[],"tiered_pricing_percentage_rules":[],"tiered_pricing_minimum":1,"tiered_pricing_roles_data":[],"_links":{"self":[{"href":"https:\/\/www.csj-emballages.com\/es\/wp-json\/wp\/v2\/product\/17265","targetHints":{"allow":["GET"]}}],"collection":[{"href":"https:\/\/www.csj-emballages.com\/es\/wp-json\/wp\/v2\/product"}],"about":[{"href":"https:\/\/www.csj-emballages.com\/es\/wp-json\/wp\/v2\/types\/product"}],"wp:featuredmedia":[{"embeddable":true,"href":"https:\/\/www.csj-emballages.com\/es\/wp-json\/wp\/v2\/media\/255343"}],"wp:attachment":[{"href":"https:\/\/www.csj-emballages.com\/es\/wp-json\/wp\/v2\/media?parent=17265"}],"wp:term":[{"taxonomy":"product_brand","embeddable":true,"href":"https:\/\/www.csj-emballages.com\/es\/wp-json\/wp\/v2\/product_brand?post=17265"},{"taxonomy":"product_cat","embeddable":true,"href":"https:\/\/www.csj-emballages.com\/es\/wp-json\/wp\/v2\/product_cat?post=17265"},{"taxonomy":"product_tag","embeddable":true,"href":"https:\/\/www.csj-emballages.com\/es\/wp-json\/wp\/v2\/product_tag?post=17265"}],"curies":[{"name":"wp","href":"https:\/\/api.w.org\/{rel}","templated":true}]}}