{"id":17260,"date":"2024-03-01T17:00:16","date_gmt":"2024-03-01T16:00:16","guid":{"rendered":"https:\/\/u15jnbdpoq.preview.infomaniak.website\/produit\/dosificador-de-jabon-blanco-a-presion-tifon-1-litro\/"},"modified":"2026-04-15T02:10:16","modified_gmt":"2026-04-15T00:10:16","slug":"dosificador-de-jabon-blanco-a-presion-tifon-1-litro","status":"publish","type":"product","link":"https:\/\/www.csj-emballages.com\/es\/produit\/dosificador-de-jabon-blanco-a-presion-tifon-1-litro\/","title":{"rendered":"Dispensador de jab\u00f3n de cartucho de 1 litro TIFON blanco presi\u00f3n"},"content":{"rendered":"<h2>Dispensador de jab\u00f3n<\/h2>\n<hr>\n<h3>Descripci\u00f3n de nuestro dosificador de jab\u00f3n de 1 litro TIFON blanco presi\u00f3n<!--more--><\/h3>\n<div class=\"flex max-w-full flex-col flex-grow\">\n<div class=\"min-h-8 text-message flex w-full flex-col items-end gap-2 whitespace-normal break-words text-start [.text-message+&amp;]:mt-5\" dir=\"auto\" data-message-author-role=\"assistant\" data-message-id=\"266ca6f3-5e07-4948-bd20-80ac5e6da4a5\" data-message-model-slug=\"gpt-4o\">\n<div class=\"flex w-full flex-col gap-1 empty:hidden first:pt-[3px]\">\n<div class=\"markdown prose w-full break-words dark:prose-invert dark\">\n<p data-start=\"238\" data-end=\"575\">El <strong>dispensador de jab\u00f3n<\/strong> <strong data-start=\"263\" data-end=\"280\">TIFON 1 litro<\/strong> est\u00e1 pensado para simplificar la higiene diaria, sin lujos innecesarios. Su <strong>dise\u00f1o blanco<\/strong>, sobrio y moderno, se integra f\u00e1cilmente en todos los entornos: sanitarios, cocinas profesionales, oficinas, colectividades o centros de salud. Cumple su funci\u00f3n, sencillamente, y lo hace bien.  <\/p>\n<p data-start=\"577\" data-end=\"937\">Gracias a su sistema de <strong data-start=\"599\" data-end=\"620\">presi\u00f3n manual<\/strong>, el uso es intuitivo y r\u00e1pido. Una simple presi\u00f3n es suficiente para dispensar la dosis justa de jab\u00f3n, lo que limita el desperdicio y mantiene los espacios limpios durante m\u00e1s tiempo. Adem\u00e1s, el <strong>formato cartucho 1 litro<\/strong> permite reducir la frecuencia de las recargas, una verdadera ventaja cuando hay mucho tr\u00e1nsito.  <\/p>\n<p data-start=\"939\" data-end=\"1280\">La <strong>carcasa<\/strong> robusta protege eficazmente el cartucho y resiste un uso intensivo. Sigue siendo fiable d\u00eda tras d\u00eda, incluso en lugares muy concurridos. Adem\u00e1s, su ventana de control integrada permite comprobar el nivel de jab\u00f3n de un vistazo, sin necesidad de abrirlo. Pr\u00e1ctico, sobre todo para anticipar las recargas.   <\/p>\n<p data-start=\"1282\" data-end=\"1519\">La instalaci\u00f3n es sencilla y r\u00e1pida, y el mantenimiento no requiere ning\u00fan esfuerzo especial. Este dispensador es perfecto para los profesionales que buscan una soluci\u00f3n funcional, limpia y duradera, sin complicaciones innecesarias. <\/p>\n<p data-start=\"1521\" data-end=\"1748\">En resumen, el <strong>dispensador TIFON<\/strong> apuesta por lo esencial: un uso fluido, una capacidad c\u00f3moda y un dise\u00f1o discreto. Es una opci\u00f3n segura para garantizar una higiene eficaz, manteniendo los espacios limpios y organizados. <\/p>\n<\/div>\n<\/div>\n<p data-start=\"1521\" data-end=\"1748\">\n<div class=\"flex w-full flex-col gap-1 empty:hidden first:pt-[3px]\">\n<p><!--more--><\/p>\n<p><strong>Dosificador de jab\u00f3n a presi\u00f3n,<\/strong> para utilizar con productos de referencia <span style=\"color: #d12727;\"><a style=\"color: #d12727;\" href=\"https:\/\/www.csj-emballages.com\/produit\/cartouche-liquide-nettoyant-antibacterien-900-ml-distributeur-03ds080001\/\">03ANTIBAC<\/a><\/span> \/ <span style=\"color: #d12727;\"><a style=\"color: #d12727;\" href=\"https:\/\/www.csj-emballages.com\/produit\/cartouche-savon-900-ml-distributeur-03ds080001\/\">03hairbod<\/a><\/span><\/p>\n<p>Uso manual hasta 3 ml por pulsaci\u00f3n.<\/p>\n<p data-start=\"238\" data-end=\"575\">\n<\/div>\n<\/div>\n<\/div>\n<p><!--more--><\/p>\n<h4>Informaci\u00f3n adicional :<\/h4>\n<ul>\n<li><strong>Embalaje<\/strong>: Por unidad<\/li>\n<li><strong>Dimensiones<\/strong>: 11,5 x 11,5 x 26,5 cm (L x A x A)<\/li>\n<li><strong>Material<\/strong>: Pl\u00e1stico<\/li>\n<li><strong>Color<\/strong>: blanco<\/li>\n<li><strong>Uso<\/strong>: Presurizado \/ manual<\/li>\n<li><strong>Capacidad<\/strong>: 1 litro \/ 3 ml por exprimido<\/li>\n<\/ul>\n<p>&nbsp;<\/p>\n<p><!--more--><\/p>\n<p><a href=\"https:\/\/www.csj-emballages.com\/es\/categorie-produit\/higiene-y-mantenimiento\/distribuidores\/\">Ver el resto de nuestra gama de distribuidores<\/a><\/p>\n","protected":false},"excerpt":{"rendered":"<p>Dispensador de jab\u00f3n Descripci\u00f3n de nuestro dosificador de jab\u00f3n de 1 litro TIFON blanco presi\u00f3n<\/p>\n","protected":false},"featured_media":221574,"template":"","meta":{"_acf_changed":false},"product_brand":[],"product_cat":[1226,1398],"product_tag":[],"class_list":{"0":"post-17260","1":"product","2":"type-product","3":"status-publish","4":"has-post-thumbnail","6":"product_cat-higiene-y-mantenimiento","7":"product_cat-distribuidores","9":"first","10":"instock","11":"taxable","12":"shipping-taxable","13":"purchasable","14":"product-type-simple"},"acf":[],"yoast_head":"<!-- This site is optimized with the Yoast SEO Premium plugin v26.6 (Yoast SEO v26.6) - https:\/\/yoast.com\/wordpress\/plugins\/seo\/ -->\n<title>TIFON Dispensador de Jab\u00f3n a Presi\u00f3n Blanco 1 Litro<\/title>\n<meta name=\"description\" content=\"Descubra nuestro dispensador de jab\u00f3n de 1 litro TIFON blanco a presi\u00f3n. Con una capacidad de 1L con 3ml por presi\u00f3n manual. Uso manual.\" \/>\n<meta name=\"robots\" content=\"index, follow, max-snippet:-1, max-image-preview:large, max-video-preview:-1\" \/>\n<link rel=\"canonical\" href=\"https:\/\/www.csj-emballages.com\/es\/produit\/dosificador-de-jabon-blanco-a-presion-tifon-1-litro\/\" \/>\n<meta property=\"og:locale\" content=\"es_ES\" \/>\n<meta property=\"og:type\" content=\"article\" \/>\n<meta property=\"og:title\" content=\"Dispensador de jab\u00f3n de cartucho de 1 litro TIFON blanco presi\u00f3n\" \/>\n<meta property=\"og:description\" content=\"Descubra nuestro dispensador de jab\u00f3n de 1 litro TIFON blanco a presi\u00f3n. Con una capacidad de 1L con 3ml por presi\u00f3n manual. Uso manual.\" \/>\n<meta property=\"og:url\" content=\"https:\/\/www.csj-emballages.com\/es\/produit\/dosificador-de-jabon-blanco-a-presion-tifon-1-litro\/\" \/>\n<meta property=\"og:site_name\" content=\"CSJ Emballages\" \/>\n<meta property=\"article:publisher\" content=\"https:\/\/www.facebook.com\/csjemballages\" \/>\n<meta property=\"article:modified_time\" content=\"2026-04-15T00:10:16+00:00\" \/>\n<meta property=\"og:image\" content=\"https:\/\/www.csj-emballages.com\/wp-content\/uploads\/2024\/03\/Tifon.webp\" \/>\n\t<meta property=\"og:image:width\" content=\"800\" \/>\n\t<meta property=\"og:image:height\" content=\"800\" \/>\n\t<meta property=\"og:image:type\" content=\"image\/webp\" \/>\n<meta name=\"twitter:card\" content=\"summary_large_image\" \/>\n<meta name=\"twitter:label1\" content=\"Tiempo de lectura\" \/>\n\t<meta name=\"twitter:data1\" content=\"2 minutos\" \/>\n<script type=\"application\/ld+json\" class=\"yoast-schema-graph\">{\"@context\":\"https:\/\/schema.org\",\"@graph\":[{\"@type\":\"WebPage\",\"@id\":\"https:\/\/www.csj-emballages.com\/es\/produit\/dosificador-de-jabon-blanco-a-presion-tifon-1-litro\/\",\"url\":\"https:\/\/www.csj-emballages.com\/es\/produit\/dosificador-de-jabon-blanco-a-presion-tifon-1-litro\/\",\"name\":\"TIFON Dispensador de Jab\u00f3n a Presi\u00f3n Blanco 1 Litro\",\"isPartOf\":{\"@id\":\"https:\/\/www.csj-emballages.com\/es\/#website\"},\"primaryImageOfPage\":{\"@id\":\"https:\/\/www.csj-emballages.com\/es\/produit\/dosificador-de-jabon-blanco-a-presion-tifon-1-litro\/#primaryimage\"},\"image\":{\"@id\":\"https:\/\/www.csj-emballages.com\/es\/produit\/dosificador-de-jabon-blanco-a-presion-tifon-1-litro\/#primaryimage\"},\"thumbnailUrl\":\"https:\/\/www.csj-emballages.com\/wp-content\/uploads\/2024\/03\/Tifon.webp\",\"datePublished\":\"2024-03-01T16:00:16+00:00\",\"dateModified\":\"2026-04-15T00:10:16+00:00\",\"description\":\"Descubra nuestro dispensador de jab\u00f3n de 1 litro TIFON blanco a presi\u00f3n. Con una capacidad de 1L con 3ml por presi\u00f3n manual. Uso manual.\",\"breadcrumb\":{\"@id\":\"https:\/\/www.csj-emballages.com\/es\/produit\/dosificador-de-jabon-blanco-a-presion-tifon-1-litro\/#breadcrumb\"},\"inLanguage\":\"es\",\"potentialAction\":[{\"@type\":\"ReadAction\",\"target\":[\"https:\/\/www.csj-emballages.com\/es\/produit\/dosificador-de-jabon-blanco-a-presion-tifon-1-litro\/\"]}]},{\"@type\":\"ImageObject\",\"inLanguage\":\"es\",\"@id\":\"https:\/\/www.csj-emballages.com\/es\/produit\/dosificador-de-jabon-blanco-a-presion-tifon-1-litro\/#primaryimage\",\"url\":\"https:\/\/www.csj-emballages.com\/wp-content\/uploads\/2024\/03\/Tifon.webp\",\"contentUrl\":\"https:\/\/www.csj-emballages.com\/wp-content\/uploads\/2024\/03\/Tifon.webp\",\"width\":800,\"height\":800,\"caption\":\"Distributeur savon\"},{\"@type\":\"BreadcrumbList\",\"@id\":\"https:\/\/www.csj-emballages.com\/es\/produit\/dosificador-de-jabon-blanco-a-presion-tifon-1-litro\/#breadcrumb\",\"itemListElement\":[{\"@type\":\"ListItem\",\"position\":1,\"name\":\"Accueil\",\"item\":\"https:\/\/www.csj-emballages.com\/es\/universo-del-envasado-alimentario\/\"},{\"@type\":\"ListItem\",\"position\":2,\"name\":\"Tienda\",\"item\":\"https:\/\/www.csj-emballages.com\/tienda\/\"},{\"@type\":\"ListItem\",\"position\":3,\"name\":\"Dispensador de jab\u00f3n de cartucho de 1 litro TIFON blanco presi\u00f3n\"}]},{\"@type\":\"WebSite\",\"@id\":\"https:\/\/www.csj-emballages.com\/es\/#website\",\"url\":\"https:\/\/www.csj-emballages.com\/es\/\",\"name\":\"CSJ Emballages\",\"description\":\"\",\"publisher\":{\"@id\":\"https:\/\/www.csj-emballages.com\/es\/#organization\"},\"potentialAction\":[{\"@type\":\"SearchAction\",\"target\":{\"@type\":\"EntryPoint\",\"urlTemplate\":\"https:\/\/www.csj-emballages.com\/es\/?s={search_term_string}\"},\"query-input\":{\"@type\":\"PropertyValueSpecification\",\"valueRequired\":true,\"valueName\":\"search_term_string\"}}],\"inLanguage\":\"es\"},{\"@type\":\"Organization\",\"@id\":\"https:\/\/www.csj-emballages.com\/es\/#Organization\/\",\"name\":\"CSJ Emballages\",\"url\":\"https:\/\/www.csj-emballages.com\/es\/\",\"logo\":{\"@type\":\"ImageObject\",\"inLanguage\":\"es\",\"@id\":\"https:\/\/www.csj-emballages.com\/es\/#\/schema\/logo\/image\/\",\"url\":\"https:\/\/www.csj-emballages.com\/wp-content\/uploads\/2023\/10\/logo_csj.webp\",\"contentUrl\":\"https:\/\/www.csj-emballages.com\/wp-content\/uploads\/2023\/10\/logo_csj.webp\",\"width\":250,\"height\":95,\"caption\":\"CSJ Emballages\"},\"image\":{\"@id\":\"https:\/\/www.csj-emballages.com\/es\/#\/schema\/logo\/image\/\"},\"sameAs\":[\"https:\/\/www.facebook.com\/csjemballages\"],\"address\":{\"@type\":\"PostalAddress\",\"streetAddress\":\"ZI La Lechere\",\"addressLocality\":\"Patornay\",\"postalCode\":\"39130\",\"addressCountry\":\"FR\"},\"contactPoint\":[{\"@type\":\"ContactPoint\",\"contactType\":\"Service client\",\"telephone\":\"0384254272\",\"email\":\"contact@csj-emballages.com\"}]}]}<\/script>\n<!-- \/ Yoast SEO Premium plugin. -->","yoast_head_json":{"title":"TIFON Dispensador de Jab\u00f3n a Presi\u00f3n Blanco 1 Litro","description":"Descubra nuestro dispensador de jab\u00f3n de 1 litro TIFON blanco a presi\u00f3n. Con una capacidad de 1L con 3ml por presi\u00f3n manual. Uso manual.","robots":{"index":"index","follow":"follow","max-snippet":"max-snippet:-1","max-image-preview":"max-image-preview:large","max-video-preview":"max-video-preview:-1"},"canonical":"https:\/\/www.csj-emballages.com\/es\/produit\/dosificador-de-jabon-blanco-a-presion-tifon-1-litro\/","og_locale":"es_ES","og_type":"article","og_title":"Dispensador de jab\u00f3n de cartucho de 1 litro TIFON blanco presi\u00f3n","og_description":"Descubra nuestro dispensador de jab\u00f3n de 1 litro TIFON blanco a presi\u00f3n. Con una capacidad de 1L con 3ml por presi\u00f3n manual. Uso manual.","og_url":"https:\/\/www.csj-emballages.com\/es\/produit\/dosificador-de-jabon-blanco-a-presion-tifon-1-litro\/","og_site_name":"CSJ Emballages","article_publisher":"https:\/\/www.facebook.com\/csjemballages","article_modified_time":"2026-04-15T00:10:16+00:00","og_image":[{"width":800,"height":800,"url":"https:\/\/www.csj-emballages.com\/wp-content\/uploads\/2024\/03\/Tifon.webp","type":"image\/webp"}],"twitter_card":"summary_large_image","twitter_misc":{"Tiempo de lectura":"2 minutos"},"schema":{"@context":"https:\/\/schema.org","@graph":[{"@type":"WebPage","@id":"https:\/\/www.csj-emballages.com\/es\/produit\/dosificador-de-jabon-blanco-a-presion-tifon-1-litro\/","url":"https:\/\/www.csj-emballages.com\/es\/produit\/dosificador-de-jabon-blanco-a-presion-tifon-1-litro\/","name":"TIFON Dispensador de Jab\u00f3n a Presi\u00f3n Blanco 1 Litro","isPartOf":{"@id":"https:\/\/www.csj-emballages.com\/es\/#website"},"primaryImageOfPage":{"@id":"https:\/\/www.csj-emballages.com\/es\/produit\/dosificador-de-jabon-blanco-a-presion-tifon-1-litro\/#primaryimage"},"image":{"@id":"https:\/\/www.csj-emballages.com\/es\/produit\/dosificador-de-jabon-blanco-a-presion-tifon-1-litro\/#primaryimage"},"thumbnailUrl":"https:\/\/www.csj-emballages.com\/wp-content\/uploads\/2024\/03\/Tifon.webp","datePublished":"2024-03-01T16:00:16+00:00","dateModified":"2026-04-15T00:10:16+00:00","description":"Descubra nuestro dispensador de jab\u00f3n de 1 litro TIFON blanco a presi\u00f3n. Con una capacidad de 1L con 3ml por presi\u00f3n manual. Uso manual.","breadcrumb":{"@id":"https:\/\/www.csj-emballages.com\/es\/produit\/dosificador-de-jabon-blanco-a-presion-tifon-1-litro\/#breadcrumb"},"inLanguage":"es","potentialAction":[{"@type":"ReadAction","target":["https:\/\/www.csj-emballages.com\/es\/produit\/dosificador-de-jabon-blanco-a-presion-tifon-1-litro\/"]}]},{"@type":"ImageObject","inLanguage":"es","@id":"https:\/\/www.csj-emballages.com\/es\/produit\/dosificador-de-jabon-blanco-a-presion-tifon-1-litro\/#primaryimage","url":"https:\/\/www.csj-emballages.com\/wp-content\/uploads\/2024\/03\/Tifon.webp","contentUrl":"https:\/\/www.csj-emballages.com\/wp-content\/uploads\/2024\/03\/Tifon.webp","width":800,"height":800,"caption":"Distributeur savon"},{"@type":"BreadcrumbList","@id":"https:\/\/www.csj-emballages.com\/es\/produit\/dosificador-de-jabon-blanco-a-presion-tifon-1-litro\/#breadcrumb","itemListElement":[{"@type":"ListItem","position":1,"name":"Accueil","item":"https:\/\/www.csj-emballages.com\/es\/universo-del-envasado-alimentario\/"},{"@type":"ListItem","position":2,"name":"Tienda","item":"https:\/\/www.csj-emballages.com\/tienda\/"},{"@type":"ListItem","position":3,"name":"Dispensador de jab\u00f3n de cartucho de 1 litro TIFON blanco presi\u00f3n"}]},{"@type":"WebSite","@id":"https:\/\/www.csj-emballages.com\/es\/#website","url":"https:\/\/www.csj-emballages.com\/es\/","name":"CSJ Emballages","description":"","publisher":{"@id":"https:\/\/www.csj-emballages.com\/es\/#organization"},"potentialAction":[{"@type":"SearchAction","target":{"@type":"EntryPoint","urlTemplate":"https:\/\/www.csj-emballages.com\/es\/?s={search_term_string}"},"query-input":{"@type":"PropertyValueSpecification","valueRequired":true,"valueName":"search_term_string"}}],"inLanguage":"es"},{"@type":"Organization","@id":"https:\/\/www.csj-emballages.com\/es\/#Organization\/","name":"CSJ Emballages","url":"https:\/\/www.csj-emballages.com\/es\/","logo":{"@type":"ImageObject","inLanguage":"es","@id":"https:\/\/www.csj-emballages.com\/es\/#\/schema\/logo\/image\/","url":"https:\/\/www.csj-emballages.com\/wp-content\/uploads\/2023\/10\/logo_csj.webp","contentUrl":"https:\/\/www.csj-emballages.com\/wp-content\/uploads\/2023\/10\/logo_csj.webp","width":250,"height":95,"caption":"CSJ Emballages"},"image":{"@id":"https:\/\/www.csj-emballages.com\/es\/#\/schema\/logo\/image\/"},"sameAs":["https:\/\/www.facebook.com\/csjemballages"],"address":{"@type":"PostalAddress","streetAddress":"ZI La Lechere","addressLocality":"Patornay","postalCode":"39130","addressCountry":"FR"},"contactPoint":[{"@type":"ContactPoint","contactType":"Service client","telephone":"0384254272","email":"contact@csj-emballages.com"}]}]}},"df_price":13.92,"df_sale_price":"","df_regular_price":13.92,"df_image_link":"https:\/\/www.csj-emballages.com\/wp-content\/uploads\/2024\/03\/Tifon-300x300.webp","tiered_pricing_type":"fixed","tiered_pricing_fixed_rules":[],"tiered_pricing_percentage_rules":[],"tiered_pricing_minimum":1,"tiered_pricing_roles_data":[],"_links":{"self":[{"href":"https:\/\/www.csj-emballages.com\/es\/wp-json\/wp\/v2\/product\/17260","targetHints":{"allow":["GET"]}}],"collection":[{"href":"https:\/\/www.csj-emballages.com\/es\/wp-json\/wp\/v2\/product"}],"about":[{"href":"https:\/\/www.csj-emballages.com\/es\/wp-json\/wp\/v2\/types\/product"}],"wp:featuredmedia":[{"embeddable":true,"href":"https:\/\/www.csj-emballages.com\/es\/wp-json\/wp\/v2\/media\/221574"}],"wp:attachment":[{"href":"https:\/\/www.csj-emballages.com\/es\/wp-json\/wp\/v2\/media?parent=17260"}],"wp:term":[{"taxonomy":"product_brand","embeddable":true,"href":"https:\/\/www.csj-emballages.com\/es\/wp-json\/wp\/v2\/product_brand?post=17260"},{"taxonomy":"product_cat","embeddable":true,"href":"https:\/\/www.csj-emballages.com\/es\/wp-json\/wp\/v2\/product_cat?post=17260"},{"taxonomy":"product_tag","embeddable":true,"href":"https:\/\/www.csj-emballages.com\/es\/wp-json\/wp\/v2\/product_tag?post=17260"}],"curies":[{"name":"wp","href":"https:\/\/api.w.org\/{rel}","templated":true}]}}