{"id":17257,"date":"2024-03-01T17:00:17","date_gmt":"2024-03-01T16:00:17","guid":{"rendered":"https:\/\/u15jnbdpoq.preview.infomaniak.website\/produit\/detergente-lavavajillas-15-l\/"},"modified":"2026-04-29T02:10:31","modified_gmt":"2026-04-29T00:10:31","slug":"detergente-lavavajillas-15-l","status":"publish","type":"product","link":"https:\/\/www.csj-emballages.com\/es\/produit\/detergente-lavavajillas-15-l\/","title":{"rendered":"Detergente lavavajillas 1,5 L"},"content":{"rendered":"<div style=\"color: #000000;\">\n<div style=\"color: #000000;\">\n<div style=\"color: #000000;\">\n<div style=\"color: #000000;\">\n<div style=\"color: #000000;\">\n<div style=\"color: #000000;\">\n<h2 class=\"ai-optimize-26\">Detergente lavavajillas<\/h2>\n<hr>\n<h3 class=\"ai-optimize-27\">Descripci\u00f3n de nuestro detergente lavavajillas 1,5 L<\/h3>\n<p><!--more--><\/p>\n<p class=\"ai-optimize-28 ai-optimize-introduction\">Descubre el lavavajillas l\u00edquido de 1,5 L, tu aliado imprescindible para lavar impecablemente en un abrir y cerrar de ojos.<\/p>\n<div class=\"column mcb-column one\">\n<p class=\"ai-optimize-29\">Detergente l\u00edquido para lavar a mano ollas, sartenes, vajilla, cristaler\u00eda y todo tipo de utensilios lavables. Tiene una agradable fragancia y potentes propiedades regeneradoras de la piel. <\/p>\n<\/div>\n<p class=\"ai-optimize-30\">Gracias a su mayor poder desengrasante, el L\u00edquido Lavavajillas Plonge disuelve r\u00e1pidamente los restos de comida adheridos. Su fragancia fresca y agradable deja una sensaci\u00f3n de limpieza incomparable en tus utensilios de cocina. Su econ\u00f3mico formato de 1,5 L te permite utilizarlo durante m\u00e1s tiempo sin renunciar a la calidad.  <\/p>\n<p class=\"ai-optimize-31\">Pr\u00e1ctico y ergon\u00f3mico, su frasco est\u00e1 dise\u00f1ado para un f\u00e1cil manejo y una dosificaci\u00f3n precisa. Perfecto para familias numerosas o aficionados a la cocina, facilita el d\u00eda a d\u00eda garantizando resultados impecables. <\/p>\n<p class=\"ai-optimize-32\">Utiliza el lavavajillas l\u00edquido de 1,5 l para fregar impecablemente y socializar sin complicaciones. Respetuoso con el medio ambiente, su f\u00f3rmula es biodegradable y no contiene fosfatos, por lo que es respetuoso con el planeta. <\/p>\n<p>&nbsp;<\/p>\n<p><!--more--><\/p>\n<h4 class=\"ai-optimize-33\">Sus ventajas:<\/h4>\n<ul>\n<li class=\"ai-optimize-34\">Respeto por los materiales: Apto para todo tipo de vajillas, incluso las m\u00e1s delicadas, sin da\u00f1arlas.<\/li>\n<li class=\"ai-optimize-35\">Fragancia fresca: Deja tus platos y vasos con un olor fresco y una sensaci\u00f3n de limpieza.<\/li>\n<li>Gran formato: El formato de 1,5 L garantiza un uso duradero, ideal para familias numerosas.<!--more--><\/li>\n<\/ul>\n<h4 class=\"ai-optimize-36\">Instrucciones de uso :<\/h4>\n<ul>\n<li class=\"ai-optimize-37\">Diluye el producto en agua templada a raz\u00f3n de 4 a 9 ml por cada 5 litros de agua.<\/li>\n<li class=\"ai-optimize-38\">Lava y aclara con agua limpia.<\/li>\n<li class=\"ai-optimize-39\">Reduce las dosis en agua dulce.<\/li>\n<\/ul>\n<p><!--more--><\/p>\n<h4 class=\"ai-optimize-40\">Informaci\u00f3n adicional :<\/h4>\n<\/div>\n<ul>\n<li class=\"ai-optimize-41\"><strong>Embalaje<\/strong>: Por unidad<\/li>\n<li class=\"ai-optimize-45\"><strong>Uso<\/strong>: Lavavajillas<\/li>\n<li class=\"ai-optimize-44\"><strong>Volumen<\/strong>: 1,5 litros<\/li>\n<\/ul>\n<p>&nbsp;<\/p>\n<\/div>\n<\/div>\n<\/div>\n<\/div>\n<\/div>\n<p><!--more--><\/p>\n<p class=\"ai-optimize-42\">Tambi\u00e9n encontrar\u00e1 nuestro detergente lavavajillas manual de 5 litros: <span style=\"color: #d12727;\"><a style=\"color: #d12727;\" href=\"https:\/\/www.csj-emballages.com\/es\/produit\/detergente-lavavajillas-manual-5-litros\/\">00585<\/a><\/span><\/p>\n<p>&nbsp;<\/p>\n<p><!--more--><\/p>\n<p class=\"ai-optimize-43\"><a href=\"\/?product_cat=vaiselle-manuelle\">Ver el resto de nuestra gama de productos lavavajillas a mano<\/a><\/p>\n","protected":false},"excerpt":{"rendered":"<p>Detergente lavavajillas Descripci\u00f3n de nuestro detergente lavavajillas 1,5 L<\/p>\n","protected":false},"featured_media":235510,"template":"","meta":{"_acf_changed":false},"product_brand":[],"product_cat":[1226,1227,1228,1229],"product_tag":[],"class_list":{"0":"post-17257","1":"product","2":"type-product","3":"status-publish","4":"has-post-thumbnail","6":"product_cat-higiene-y-mantenimiento","7":"product_cat-productos-de-limpieza","8":"product_cat-cuidado-de-los-platos","9":"product_cat-marcha-manual","11":"first","12":"instock","13":"taxable","14":"shipping-taxable","15":"purchasable","16":"product-type-simple"},"acf":[],"yoast_head":"<!-- This site is optimized with the Yoast SEO Premium plugin v26.6 (Yoast SEO v26.6) - https:\/\/yoast.com\/wordpress\/plugins\/seo\/ -->\n<title>L\u00edquido lavavajillas en 1,5L<\/title>\n<meta name=\"description\" content=\"Descubre nuestro detergente lavavajillas de 1,5 L: ultraconcentrado y respetuoso con el medio ambiente, \u00a1para un lavado impecable, r\u00e1pido y econ\u00f3mico!\" \/>\n<meta name=\"robots\" content=\"index, follow, max-snippet:-1, max-image-preview:large, max-video-preview:-1\" \/>\n<link rel=\"canonical\" href=\"https:\/\/www.csj-emballages.com\/es\/produit\/detergente-lavavajillas-15-l\/\" \/>\n<meta property=\"og:locale\" content=\"es_ES\" \/>\n<meta property=\"og:type\" content=\"article\" \/>\n<meta property=\"og:title\" content=\"Detergente lavavajillas 1,5 L\" \/>\n<meta property=\"og:description\" content=\"Descubre nuestro detergente lavavajillas de 1,5 L: ultraconcentrado y respetuoso con el medio ambiente, \u00a1para un lavado impecable, r\u00e1pido y econ\u00f3mico!\" \/>\n<meta property=\"og:url\" content=\"https:\/\/www.csj-emballages.com\/es\/produit\/detergente-lavavajillas-15-l\/\" \/>\n<meta property=\"og:site_name\" content=\"CSJ Emballages\" \/>\n<meta property=\"article:publisher\" content=\"https:\/\/www.facebook.com\/csjemballages\" \/>\n<meta property=\"article:modified_time\" content=\"2026-04-29T00:10:31+00:00\" \/>\n<meta property=\"og:image\" content=\"https:\/\/www.csj-emballages.com\/wp-content\/uploads\/2024\/03\/03101.webp\" \/>\n\t<meta property=\"og:image:width\" content=\"800\" \/>\n\t<meta property=\"og:image:height\" content=\"800\" \/>\n\t<meta property=\"og:image:type\" content=\"image\/webp\" \/>\n<meta name=\"twitter:card\" content=\"summary_large_image\" \/>\n<meta name=\"twitter:label1\" content=\"Tiempo de lectura\" \/>\n\t<meta name=\"twitter:data1\" content=\"2 minutos\" \/>\n<script type=\"application\/ld+json\" class=\"yoast-schema-graph\">{\"@context\":\"https:\/\/schema.org\",\"@graph\":[{\"@type\":\"WebPage\",\"@id\":\"https:\/\/www.csj-emballages.com\/es\/produit\/detergente-lavavajillas-15-l\/\",\"url\":\"https:\/\/www.csj-emballages.com\/es\/produit\/detergente-lavavajillas-15-l\/\",\"name\":\"L\u00edquido lavavajillas en 1,5L\",\"isPartOf\":{\"@id\":\"https:\/\/www.csj-emballages.com\/es\/#website\"},\"primaryImageOfPage\":{\"@id\":\"https:\/\/www.csj-emballages.com\/es\/produit\/detergente-lavavajillas-15-l\/#primaryimage\"},\"image\":{\"@id\":\"https:\/\/www.csj-emballages.com\/es\/produit\/detergente-lavavajillas-15-l\/#primaryimage\"},\"thumbnailUrl\":\"https:\/\/www.csj-emballages.com\/wp-content\/uploads\/2024\/03\/03101.webp\",\"datePublished\":\"2024-03-01T16:00:17+00:00\",\"dateModified\":\"2026-04-29T00:10:31+00:00\",\"description\":\"Descubre nuestro detergente lavavajillas de 1,5 L: ultraconcentrado y respetuoso con el medio ambiente, \u00a1para un lavado impecable, r\u00e1pido y econ\u00f3mico!\",\"breadcrumb\":{\"@id\":\"https:\/\/www.csj-emballages.com\/es\/produit\/detergente-lavavajillas-15-l\/#breadcrumb\"},\"inLanguage\":\"es\",\"potentialAction\":[{\"@type\":\"ReadAction\",\"target\":[\"https:\/\/www.csj-emballages.com\/es\/produit\/detergente-lavavajillas-15-l\/\"]}]},{\"@type\":\"ImageObject\",\"inLanguage\":\"es\",\"@id\":\"https:\/\/www.csj-emballages.com\/es\/produit\/detergente-lavavajillas-15-l\/#primaryimage\",\"url\":\"https:\/\/www.csj-emballages.com\/wp-content\/uploads\/2024\/03\/03101.webp\",\"contentUrl\":\"https:\/\/www.csj-emballages.com\/wp-content\/uploads\/2024\/03\/03101.webp\",\"width\":800,\"height\":800,\"caption\":\"Produit vaisselle\"},{\"@type\":\"BreadcrumbList\",\"@id\":\"https:\/\/www.csj-emballages.com\/es\/produit\/detergente-lavavajillas-15-l\/#breadcrumb\",\"itemListElement\":[{\"@type\":\"ListItem\",\"position\":1,\"name\":\"Accueil\",\"item\":\"https:\/\/www.csj-emballages.com\/es\/universo-del-envasado-alimentario\/\"},{\"@type\":\"ListItem\",\"position\":2,\"name\":\"Tienda\",\"item\":\"https:\/\/www.csj-emballages.com\/tienda\/\"},{\"@type\":\"ListItem\",\"position\":3,\"name\":\"Detergente lavavajillas 1,5 L\"}]},{\"@type\":\"WebSite\",\"@id\":\"https:\/\/www.csj-emballages.com\/es\/#website\",\"url\":\"https:\/\/www.csj-emballages.com\/es\/\",\"name\":\"CSJ Emballages\",\"description\":\"\",\"publisher\":{\"@id\":\"https:\/\/www.csj-emballages.com\/es\/#organization\"},\"potentialAction\":[{\"@type\":\"SearchAction\",\"target\":{\"@type\":\"EntryPoint\",\"urlTemplate\":\"https:\/\/www.csj-emballages.com\/es\/?s={search_term_string}\"},\"query-input\":{\"@type\":\"PropertyValueSpecification\",\"valueRequired\":true,\"valueName\":\"search_term_string\"}}],\"inLanguage\":\"es\"},{\"@type\":\"Organization\",\"@id\":\"https:\/\/www.csj-emballages.com\/es\/#Organization\/\",\"name\":\"CSJ Emballages\",\"url\":\"https:\/\/www.csj-emballages.com\/es\/\",\"logo\":{\"@type\":\"ImageObject\",\"inLanguage\":\"es\",\"@id\":\"https:\/\/www.csj-emballages.com\/es\/#\/schema\/logo\/image\/\",\"url\":\"https:\/\/www.csj-emballages.com\/wp-content\/uploads\/2023\/10\/logo_csj.webp\",\"contentUrl\":\"https:\/\/www.csj-emballages.com\/wp-content\/uploads\/2023\/10\/logo_csj.webp\",\"width\":250,\"height\":95,\"caption\":\"CSJ Emballages\"},\"image\":{\"@id\":\"https:\/\/www.csj-emballages.com\/es\/#\/schema\/logo\/image\/\"},\"sameAs\":[\"https:\/\/www.facebook.com\/csjemballages\"],\"address\":{\"@type\":\"PostalAddress\",\"streetAddress\":\"ZI La Lechere\",\"addressLocality\":\"Patornay\",\"postalCode\":\"39130\",\"addressCountry\":\"FR\"},\"contactPoint\":[{\"@type\":\"ContactPoint\",\"contactType\":\"Service client\",\"telephone\":\"0384254272\",\"email\":\"contact@csj-emballages.com\"}]}]}<\/script>\n<!-- \/ Yoast SEO Premium plugin. -->","yoast_head_json":{"title":"L\u00edquido lavavajillas en 1,5L","description":"Descubre nuestro detergente lavavajillas de 1,5 L: ultraconcentrado y respetuoso con el medio ambiente, \u00a1para un lavado impecable, r\u00e1pido y econ\u00f3mico!","robots":{"index":"index","follow":"follow","max-snippet":"max-snippet:-1","max-image-preview":"max-image-preview:large","max-video-preview":"max-video-preview:-1"},"canonical":"https:\/\/www.csj-emballages.com\/es\/produit\/detergente-lavavajillas-15-l\/","og_locale":"es_ES","og_type":"article","og_title":"Detergente lavavajillas 1,5 L","og_description":"Descubre nuestro detergente lavavajillas de 1,5 L: ultraconcentrado y respetuoso con el medio ambiente, \u00a1para un lavado impecable, r\u00e1pido y econ\u00f3mico!","og_url":"https:\/\/www.csj-emballages.com\/es\/produit\/detergente-lavavajillas-15-l\/","og_site_name":"CSJ Emballages","article_publisher":"https:\/\/www.facebook.com\/csjemballages","article_modified_time":"2026-04-29T00:10:31+00:00","og_image":[{"width":800,"height":800,"url":"https:\/\/www.csj-emballages.com\/wp-content\/uploads\/2024\/03\/03101.webp","type":"image\/webp"}],"twitter_card":"summary_large_image","twitter_misc":{"Tiempo de lectura":"2 minutos"},"schema":{"@context":"https:\/\/schema.org","@graph":[{"@type":"WebPage","@id":"https:\/\/www.csj-emballages.com\/es\/produit\/detergente-lavavajillas-15-l\/","url":"https:\/\/www.csj-emballages.com\/es\/produit\/detergente-lavavajillas-15-l\/","name":"L\u00edquido lavavajillas en 1,5L","isPartOf":{"@id":"https:\/\/www.csj-emballages.com\/es\/#website"},"primaryImageOfPage":{"@id":"https:\/\/www.csj-emballages.com\/es\/produit\/detergente-lavavajillas-15-l\/#primaryimage"},"image":{"@id":"https:\/\/www.csj-emballages.com\/es\/produit\/detergente-lavavajillas-15-l\/#primaryimage"},"thumbnailUrl":"https:\/\/www.csj-emballages.com\/wp-content\/uploads\/2024\/03\/03101.webp","datePublished":"2024-03-01T16:00:17+00:00","dateModified":"2026-04-29T00:10:31+00:00","description":"Descubre nuestro detergente lavavajillas de 1,5 L: ultraconcentrado y respetuoso con el medio ambiente, \u00a1para un lavado impecable, r\u00e1pido y econ\u00f3mico!","breadcrumb":{"@id":"https:\/\/www.csj-emballages.com\/es\/produit\/detergente-lavavajillas-15-l\/#breadcrumb"},"inLanguage":"es","potentialAction":[{"@type":"ReadAction","target":["https:\/\/www.csj-emballages.com\/es\/produit\/detergente-lavavajillas-15-l\/"]}]},{"@type":"ImageObject","inLanguage":"es","@id":"https:\/\/www.csj-emballages.com\/es\/produit\/detergente-lavavajillas-15-l\/#primaryimage","url":"https:\/\/www.csj-emballages.com\/wp-content\/uploads\/2024\/03\/03101.webp","contentUrl":"https:\/\/www.csj-emballages.com\/wp-content\/uploads\/2024\/03\/03101.webp","width":800,"height":800,"caption":"Produit vaisselle"},{"@type":"BreadcrumbList","@id":"https:\/\/www.csj-emballages.com\/es\/produit\/detergente-lavavajillas-15-l\/#breadcrumb","itemListElement":[{"@type":"ListItem","position":1,"name":"Accueil","item":"https:\/\/www.csj-emballages.com\/es\/universo-del-envasado-alimentario\/"},{"@type":"ListItem","position":2,"name":"Tienda","item":"https:\/\/www.csj-emballages.com\/tienda\/"},{"@type":"ListItem","position":3,"name":"Detergente lavavajillas 1,5 L"}]},{"@type":"WebSite","@id":"https:\/\/www.csj-emballages.com\/es\/#website","url":"https:\/\/www.csj-emballages.com\/es\/","name":"CSJ Emballages","description":"","publisher":{"@id":"https:\/\/www.csj-emballages.com\/es\/#organization"},"potentialAction":[{"@type":"SearchAction","target":{"@type":"EntryPoint","urlTemplate":"https:\/\/www.csj-emballages.com\/es\/?s={search_term_string}"},"query-input":{"@type":"PropertyValueSpecification","valueRequired":true,"valueName":"search_term_string"}}],"inLanguage":"es"},{"@type":"Organization","@id":"https:\/\/www.csj-emballages.com\/es\/#Organization\/","name":"CSJ Emballages","url":"https:\/\/www.csj-emballages.com\/es\/","logo":{"@type":"ImageObject","inLanguage":"es","@id":"https:\/\/www.csj-emballages.com\/es\/#\/schema\/logo\/image\/","url":"https:\/\/www.csj-emballages.com\/wp-content\/uploads\/2023\/10\/logo_csj.webp","contentUrl":"https:\/\/www.csj-emballages.com\/wp-content\/uploads\/2023\/10\/logo_csj.webp","width":250,"height":95,"caption":"CSJ Emballages"},"image":{"@id":"https:\/\/www.csj-emballages.com\/es\/#\/schema\/logo\/image\/"},"sameAs":["https:\/\/www.facebook.com\/csjemballages"],"address":{"@type":"PostalAddress","streetAddress":"ZI La Lechere","addressLocality":"Patornay","postalCode":"39130","addressCountry":"FR"},"contactPoint":[{"@type":"ContactPoint","contactType":"Service client","telephone":"0384254272","email":"contact@csj-emballages.com"}]}]}},"df_price":2.92,"df_sale_price":"","df_regular_price":2.92,"df_image_link":"https:\/\/www.csj-emballages.com\/wp-content\/uploads\/2024\/03\/03101-300x300.webp","tiered_pricing_type":"fixed","tiered_pricing_fixed_rules":[],"tiered_pricing_percentage_rules":[],"tiered_pricing_minimum":1,"tiered_pricing_roles_data":[],"_links":{"self":[{"href":"https:\/\/www.csj-emballages.com\/es\/wp-json\/wp\/v2\/product\/17257","targetHints":{"allow":["GET"]}}],"collection":[{"href":"https:\/\/www.csj-emballages.com\/es\/wp-json\/wp\/v2\/product"}],"about":[{"href":"https:\/\/www.csj-emballages.com\/es\/wp-json\/wp\/v2\/types\/product"}],"wp:featuredmedia":[{"embeddable":true,"href":"https:\/\/www.csj-emballages.com\/es\/wp-json\/wp\/v2\/media\/235510"}],"wp:attachment":[{"href":"https:\/\/www.csj-emballages.com\/es\/wp-json\/wp\/v2\/media?parent=17257"}],"wp:term":[{"taxonomy":"product_brand","embeddable":true,"href":"https:\/\/www.csj-emballages.com\/es\/wp-json\/wp\/v2\/product_brand?post=17257"},{"taxonomy":"product_cat","embeddable":true,"href":"https:\/\/www.csj-emballages.com\/es\/wp-json\/wp\/v2\/product_cat?post=17257"},{"taxonomy":"product_tag","embeddable":true,"href":"https:\/\/www.csj-emballages.com\/es\/wp-json\/wp\/v2\/product_tag?post=17257"}],"curies":[{"name":"wp","href":"https:\/\/api.w.org\/{rel}","templated":true}]}}