{"id":17251,"date":"2024-03-01T17:00:18","date_gmt":"2024-03-01T16:00:18","guid":{"rendered":"https:\/\/u15jnbdpoq.preview.infomaniak.website\/produit\/suavizante-5-l\/"},"modified":"2026-04-29T02:10:25","modified_gmt":"2026-04-29T00:10:25","slug":"suavizante-5-l","status":"publish","type":"product","link":"https:\/\/www.csj-emballages.com\/es\/produit\/suavizante-5-l\/","title":{"rendered":"Suavizante 5L"},"content":{"rendered":"<h2 class=\"ai-optimize-33\">Suavizante<\/h2>\n<hr>\n<h3 class=\"ai-optimize-34\">Descripci\u00f3n de nuestro suavizante 5L<\/h3>\n<p><!--more--><\/p>\n<p class=\"ai-optimize-46 ai-optimize-introduction\" data-start=\"242\" data-end=\"580\">Tanto si es usted un profesional de la lavander\u00eda, un gerente de hotel o restaurante, o simplemente un particular exigente, este <strong>suavizante de 5 L <\/strong>est\u00e1 hecho para usted. Dise\u00f1ado para un uso intensivo, aporta una suavidad incomparable a todos sus tejidos: s\u00e1banas, toallas, ropa, manteles y ropa de hogar. <\/p>\n<p class=\"ai-optimize-47\" data-start=\"582\" data-end=\"903\">Gracias a su f\u00f3rmula concentrada de alto rendimiento, penetra profundamente en las fibras para relajar el tejido, reducir la electricidad est\u00e1tica y facilitar el planchado. Gracias a su fragancia agradable, fresca y duradera, deja la ropa limpia y cuidada, incluso despu\u00e9s de varios d\u00edas almacenada. <\/p>\n<p class=\"ai-optimize-48\" data-start=\"905\" data-end=\"1199\">Puede utilizarse en la lavadora o a mano, y es apto tanto para ciclos profesionales de alta temperatura como para m\u00e1quinas dom\u00e9sticas. Adem\u00e1s, su textura fluida y su bid\u00f3n econ\u00f3mico <strong>de 5 litros<\/strong> lo convierten en una soluci\u00f3n ideal para todos los entornos de lavado intensivo. <\/p>\n<p class=\"ai-optimize-49\" data-start=\"1201\" data-end=\"1402\">En resumen, es un producto en el que puede confiar, dise\u00f1ado para quienes dan importancia a los detalles y a la calidad del resultado final. D\u00e9 a su colada el cuidado que se merece: suave, perfumada y fresca. <\/p>\n<p><!--more--><\/p>\n<h4 class=\"ai-optimize-37\"><strong>Sus ventajas:<\/strong><\/h4>\n<ul>\n<li class=\"ai-optimize-38\">Proporciona a la ropa flexibilidad y una textura agradable.<\/li>\n<li class=\"ai-optimize-39\">Fragancia fresca y fijaci\u00f3n duradera.<\/li>\n<li class=\"ai-optimize-40\">Formato econ\u00f3mico de 5 litros.<\/li>\n<li class=\"ai-optimize-50\">Adecuado para m\u00e1quinas profesionales y dom\u00e9sticas<strong data-start=\"1662\" data-end=\"1704\">.<\/strong><\/li>\n<\/ul>\n<p>&nbsp;<\/p>\n<p><!--more--><\/p>\n<h4 class=\"ai-optimize-43\">Informaci\u00f3n adicional :<\/h4>\n<ul>\n<li class=\"ai-optimize-44\"><strong>Embalaje<\/strong>: Por unidad<\/li>\n<li class=\"ai-optimize-51\"><strong>Uso<\/strong>: Suavizante<\/li>\n<li class=\"ai-optimize-52\"><strong>Volumen<\/strong>: 5 litros<\/li>\n<\/ul>\n<p>&nbsp;<\/p>\n<p><!--more--><\/p>\n<p class=\"ai-optimize-63\">Descubra tambi\u00e9n nuestro detergente l\u00edquido 5L: <span style=\"color: #d12727;\"><a style=\"color: #d12727;\" href=\"https:\/\/www.csj-emballages.com\/es\/produit\/detergente-liquido-5l\/\">02015<\/a><\/span><\/p>\n<p>&nbsp;<\/p>\n<p><!--more--><\/p>\n<p class=\"ai-optimize-45\"><a href=\"https:\/\/www.csj-emballages.com\/es\/categorie-produit\/higiene-y-mantenimiento\/productos-de-limpieza\/lino\/\">Ver el resto de nuestra gama de productos de lavander\u00eda<\/a><\/p>\n","protected":false},"excerpt":{"rendered":"<p>Suavizante Descripci\u00f3n de nuestro suavizante 5L<\/p>\n","protected":false},"featured_media":236879,"template":"","meta":{"_acf_changed":false},"product_brand":[],"product_cat":[1226,1227,1353],"product_tag":[],"class_list":{"0":"post-17251","1":"product","2":"type-product","3":"status-publish","4":"has-post-thumbnail","6":"product_cat-higiene-y-mantenimiento","7":"product_cat-productos-de-limpieza","8":"product_cat-lino","9":"product_shipping_class-no-permitido-en-reles","11":"first","12":"instock","13":"taxable","14":"shipping-taxable","15":"purchasable","16":"product-type-simple"},"acf":[],"yoast_head":"<!-- This site is optimized with the Yoast SEO Premium plugin v26.6 (Yoast SEO v26.6) - https:\/\/yoast.com\/wordpress\/plugins\/seo\/ -->\n<title>Suavizante 5L<\/title>\n<meta name=\"description\" content=\"Descubre nuestro suavizante de 5 L: econ\u00f3mico y f\u00e1cil de dosificar, este producto tiene grandes propiedades suavizantes e hidratantes.\" \/>\n<meta name=\"robots\" content=\"index, follow, max-snippet:-1, max-image-preview:large, max-video-preview:-1\" \/>\n<link rel=\"canonical\" href=\"https:\/\/www.csj-emballages.com\/es\/produit\/suavizante-5-l\/\" \/>\n<meta property=\"og:locale\" content=\"es_ES\" \/>\n<meta property=\"og:type\" content=\"article\" \/>\n<meta property=\"og:title\" content=\"Suavizante 5L\" \/>\n<meta property=\"og:description\" content=\"Descubre nuestro suavizante de 5 L: econ\u00f3mico y f\u00e1cil de dosificar, este producto tiene grandes propiedades suavizantes e hidratantes.\" \/>\n<meta property=\"og:url\" content=\"https:\/\/www.csj-emballages.com\/es\/produit\/suavizante-5-l\/\" \/>\n<meta property=\"og:site_name\" content=\"CSJ Emballages\" \/>\n<meta property=\"article:publisher\" content=\"https:\/\/www.facebook.com\/csjemballages\" \/>\n<meta property=\"article:modified_time\" content=\"2026-04-29T00:10:25+00:00\" \/>\n<meta property=\"og:image\" content=\"https:\/\/www.csj-emballages.com\/wp-content\/uploads\/2024\/03\/02025.webp\" \/>\n\t<meta property=\"og:image:width\" content=\"800\" \/>\n\t<meta property=\"og:image:height\" content=\"800\" \/>\n\t<meta property=\"og:image:type\" content=\"image\/webp\" \/>\n<meta name=\"twitter:card\" content=\"summary_large_image\" \/>\n<meta name=\"twitter:label1\" content=\"Tiempo de lectura\" \/>\n\t<meta name=\"twitter:data1\" content=\"1 minuto\" \/>\n<script type=\"application\/ld+json\" class=\"yoast-schema-graph\">{\"@context\":\"https:\/\/schema.org\",\"@graph\":[{\"@type\":\"WebPage\",\"@id\":\"https:\/\/www.csj-emballages.com\/es\/produit\/suavizante-5-l\/\",\"url\":\"https:\/\/www.csj-emballages.com\/es\/produit\/suavizante-5-l\/\",\"name\":\"Suavizante 5L\",\"isPartOf\":{\"@id\":\"https:\/\/www.csj-emballages.com\/es\/#website\"},\"primaryImageOfPage\":{\"@id\":\"https:\/\/www.csj-emballages.com\/es\/produit\/suavizante-5-l\/#primaryimage\"},\"image\":{\"@id\":\"https:\/\/www.csj-emballages.com\/es\/produit\/suavizante-5-l\/#primaryimage\"},\"thumbnailUrl\":\"https:\/\/www.csj-emballages.com\/wp-content\/uploads\/2024\/03\/02025-1.webp\",\"datePublished\":\"2024-03-01T16:00:18+00:00\",\"dateModified\":\"2026-04-29T00:10:25+00:00\",\"description\":\"Descubre nuestro suavizante de 5 L: econ\u00f3mico y f\u00e1cil de dosificar, este producto tiene grandes propiedades suavizantes e hidratantes.\",\"breadcrumb\":{\"@id\":\"https:\/\/www.csj-emballages.com\/es\/produit\/suavizante-5-l\/#breadcrumb\"},\"inLanguage\":\"es\",\"potentialAction\":[{\"@type\":\"ReadAction\",\"target\":[\"https:\/\/www.csj-emballages.com\/es\/produit\/suavizante-5-l\/\"]}]},{\"@type\":\"ImageObject\",\"inLanguage\":\"es\",\"@id\":\"https:\/\/www.csj-emballages.com\/es\/produit\/suavizante-5-l\/#primaryimage\",\"url\":\"https:\/\/www.csj-emballages.com\/wp-content\/uploads\/2024\/03\/02025-1.webp\",\"contentUrl\":\"https:\/\/www.csj-emballages.com\/wp-content\/uploads\/2024\/03\/02025-1.webp\",\"width\":800,\"height\":800,\"caption\":\"Assouplissant textile 5L\"},{\"@type\":\"BreadcrumbList\",\"@id\":\"https:\/\/www.csj-emballages.com\/es\/produit\/suavizante-5-l\/#breadcrumb\",\"itemListElement\":[{\"@type\":\"ListItem\",\"position\":1,\"name\":\"Accueil\",\"item\":\"https:\/\/www.csj-emballages.com\/es\/universo-del-envasado-alimentario\/\"},{\"@type\":\"ListItem\",\"position\":2,\"name\":\"Tienda\",\"item\":\"https:\/\/www.csj-emballages.com\/tienda\/\"},{\"@type\":\"ListItem\",\"position\":3,\"name\":\"Suavizante 5L\"}]},{\"@type\":\"WebSite\",\"@id\":\"https:\/\/www.csj-emballages.com\/es\/#website\",\"url\":\"https:\/\/www.csj-emballages.com\/es\/\",\"name\":\"CSJ Emballages\",\"description\":\"\",\"publisher\":{\"@id\":\"https:\/\/www.csj-emballages.com\/es\/#organization\"},\"potentialAction\":[{\"@type\":\"SearchAction\",\"target\":{\"@type\":\"EntryPoint\",\"urlTemplate\":\"https:\/\/www.csj-emballages.com\/es\/?s={search_term_string}\"},\"query-input\":{\"@type\":\"PropertyValueSpecification\",\"valueRequired\":true,\"valueName\":\"search_term_string\"}}],\"inLanguage\":\"es\"},{\"@type\":\"Organization\",\"@id\":\"https:\/\/www.csj-emballages.com\/es\/#Organization\/\",\"name\":\"CSJ Emballages\",\"url\":\"https:\/\/www.csj-emballages.com\/es\/\",\"logo\":{\"@type\":\"ImageObject\",\"inLanguage\":\"es\",\"@id\":\"https:\/\/www.csj-emballages.com\/es\/#\/schema\/logo\/image\/\",\"url\":\"https:\/\/www.csj-emballages.com\/wp-content\/uploads\/2023\/10\/logo_csj.webp\",\"contentUrl\":\"https:\/\/www.csj-emballages.com\/wp-content\/uploads\/2023\/10\/logo_csj.webp\",\"width\":250,\"height\":95,\"caption\":\"CSJ Emballages\"},\"image\":{\"@id\":\"https:\/\/www.csj-emballages.com\/es\/#\/schema\/logo\/image\/\"},\"sameAs\":[\"https:\/\/www.facebook.com\/csjemballages\"],\"address\":{\"@type\":\"PostalAddress\",\"streetAddress\":\"ZI La Lechere\",\"addressLocality\":\"Patornay\",\"postalCode\":\"39130\",\"addressCountry\":\"FR\"},\"contactPoint\":[{\"@type\":\"ContactPoint\",\"contactType\":\"Service client\",\"telephone\":\"0384254272\",\"email\":\"contact@csj-emballages.com\"}]}]}<\/script>\n<!-- \/ Yoast SEO Premium plugin. -->","yoast_head_json":{"title":"Suavizante 5L","description":"Descubre nuestro suavizante de 5 L: econ\u00f3mico y f\u00e1cil de dosificar, este producto tiene grandes propiedades suavizantes e hidratantes.","robots":{"index":"index","follow":"follow","max-snippet":"max-snippet:-1","max-image-preview":"max-image-preview:large","max-video-preview":"max-video-preview:-1"},"canonical":"https:\/\/www.csj-emballages.com\/es\/produit\/suavizante-5-l\/","og_locale":"es_ES","og_type":"article","og_title":"Suavizante 5L","og_description":"Descubre nuestro suavizante de 5 L: econ\u00f3mico y f\u00e1cil de dosificar, este producto tiene grandes propiedades suavizantes e hidratantes.","og_url":"https:\/\/www.csj-emballages.com\/es\/produit\/suavizante-5-l\/","og_site_name":"CSJ Emballages","article_publisher":"https:\/\/www.facebook.com\/csjemballages","article_modified_time":"2026-04-29T00:10:25+00:00","og_image":[{"width":800,"height":800,"url":"https:\/\/www.csj-emballages.com\/wp-content\/uploads\/2024\/03\/02025.webp","type":"image\/webp"}],"twitter_card":"summary_large_image","twitter_misc":{"Tiempo de lectura":"1 minuto"},"schema":{"@context":"https:\/\/schema.org","@graph":[{"@type":"WebPage","@id":"https:\/\/www.csj-emballages.com\/es\/produit\/suavizante-5-l\/","url":"https:\/\/www.csj-emballages.com\/es\/produit\/suavizante-5-l\/","name":"Suavizante 5L","isPartOf":{"@id":"https:\/\/www.csj-emballages.com\/es\/#website"},"primaryImageOfPage":{"@id":"https:\/\/www.csj-emballages.com\/es\/produit\/suavizante-5-l\/#primaryimage"},"image":{"@id":"https:\/\/www.csj-emballages.com\/es\/produit\/suavizante-5-l\/#primaryimage"},"thumbnailUrl":"https:\/\/www.csj-emballages.com\/wp-content\/uploads\/2024\/03\/02025-1.webp","datePublished":"2024-03-01T16:00:18+00:00","dateModified":"2026-04-29T00:10:25+00:00","description":"Descubre nuestro suavizante de 5 L: econ\u00f3mico y f\u00e1cil de dosificar, este producto tiene grandes propiedades suavizantes e hidratantes.","breadcrumb":{"@id":"https:\/\/www.csj-emballages.com\/es\/produit\/suavizante-5-l\/#breadcrumb"},"inLanguage":"es","potentialAction":[{"@type":"ReadAction","target":["https:\/\/www.csj-emballages.com\/es\/produit\/suavizante-5-l\/"]}]},{"@type":"ImageObject","inLanguage":"es","@id":"https:\/\/www.csj-emballages.com\/es\/produit\/suavizante-5-l\/#primaryimage","url":"https:\/\/www.csj-emballages.com\/wp-content\/uploads\/2024\/03\/02025-1.webp","contentUrl":"https:\/\/www.csj-emballages.com\/wp-content\/uploads\/2024\/03\/02025-1.webp","width":800,"height":800,"caption":"Assouplissant textile 5L"},{"@type":"BreadcrumbList","@id":"https:\/\/www.csj-emballages.com\/es\/produit\/suavizante-5-l\/#breadcrumb","itemListElement":[{"@type":"ListItem","position":1,"name":"Accueil","item":"https:\/\/www.csj-emballages.com\/es\/universo-del-envasado-alimentario\/"},{"@type":"ListItem","position":2,"name":"Tienda","item":"https:\/\/www.csj-emballages.com\/tienda\/"},{"@type":"ListItem","position":3,"name":"Suavizante 5L"}]},{"@type":"WebSite","@id":"https:\/\/www.csj-emballages.com\/es\/#website","url":"https:\/\/www.csj-emballages.com\/es\/","name":"CSJ Emballages","description":"","publisher":{"@id":"https:\/\/www.csj-emballages.com\/es\/#organization"},"potentialAction":[{"@type":"SearchAction","target":{"@type":"EntryPoint","urlTemplate":"https:\/\/www.csj-emballages.com\/es\/?s={search_term_string}"},"query-input":{"@type":"PropertyValueSpecification","valueRequired":true,"valueName":"search_term_string"}}],"inLanguage":"es"},{"@type":"Organization","@id":"https:\/\/www.csj-emballages.com\/es\/#Organization\/","name":"CSJ Emballages","url":"https:\/\/www.csj-emballages.com\/es\/","logo":{"@type":"ImageObject","inLanguage":"es","@id":"https:\/\/www.csj-emballages.com\/es\/#\/schema\/logo\/image\/","url":"https:\/\/www.csj-emballages.com\/wp-content\/uploads\/2023\/10\/logo_csj.webp","contentUrl":"https:\/\/www.csj-emballages.com\/wp-content\/uploads\/2023\/10\/logo_csj.webp","width":250,"height":95,"caption":"CSJ Emballages"},"image":{"@id":"https:\/\/www.csj-emballages.com\/es\/#\/schema\/logo\/image\/"},"sameAs":["https:\/\/www.facebook.com\/csjemballages"],"address":{"@type":"PostalAddress","streetAddress":"ZI La Lechere","addressLocality":"Patornay","postalCode":"39130","addressCountry":"FR"},"contactPoint":[{"@type":"ContactPoint","contactType":"Service client","telephone":"0384254272","email":"contact@csj-emballages.com"}]}]}},"df_price":10.01,"df_sale_price":"","df_regular_price":10.01,"df_image_link":"https:\/\/www.csj-emballages.com\/wp-content\/uploads\/2024\/03\/02025-1-300x300.webp","tiered_pricing_type":"fixed","tiered_pricing_fixed_rules":[],"tiered_pricing_percentage_rules":[],"tiered_pricing_minimum":1,"tiered_pricing_roles_data":[],"_links":{"self":[{"href":"https:\/\/www.csj-emballages.com\/es\/wp-json\/wp\/v2\/product\/17251","targetHints":{"allow":["GET"]}}],"collection":[{"href":"https:\/\/www.csj-emballages.com\/es\/wp-json\/wp\/v2\/product"}],"about":[{"href":"https:\/\/www.csj-emballages.com\/es\/wp-json\/wp\/v2\/types\/product"}],"wp:featuredmedia":[{"embeddable":true,"href":"https:\/\/www.csj-emballages.com\/es\/wp-json\/wp\/v2\/media\/236879"}],"wp:attachment":[{"href":"https:\/\/www.csj-emballages.com\/es\/wp-json\/wp\/v2\/media?parent=17251"}],"wp:term":[{"taxonomy":"product_brand","embeddable":true,"href":"https:\/\/www.csj-emballages.com\/es\/wp-json\/wp\/v2\/product_brand?post=17251"},{"taxonomy":"product_cat","embeddable":true,"href":"https:\/\/www.csj-emballages.com\/es\/wp-json\/wp\/v2\/product_cat?post=17251"},{"taxonomy":"product_tag","embeddable":true,"href":"https:\/\/www.csj-emballages.com\/es\/wp-json\/wp\/v2\/product_tag?post=17251"}],"curies":[{"name":"wp","href":"https:\/\/api.w.org\/{rel}","templated":true}]}}