{"id":17218,"date":"2024-03-01T17:00:17","date_gmt":"2024-03-01T16:00:17","guid":{"rendered":"https:\/\/u15jnbdpoq.preview.infomaniak.website\/produit\/desengrasante-para-planchas-6-kg\/"},"modified":"2026-04-04T02:10:16","modified_gmt":"2026-04-04T00:10:16","slug":"desengrasante-para-planchas-6-kg","status":"publish","type":"product","link":"https:\/\/www.csj-emballages.com\/es\/produit\/desengrasante-para-planchas-6-kg\/","title":{"rendered":"Desengrasante para parrillas y planchas 6 kg"},"content":{"rendered":"<h2>Desengrasante para parrillas y planchas<\/h2>\n<div style=\"font-family: Roboto, sans-serif;\">\n<div style=\"font-family: Roboto, sans-serif;\">\n<div style=\"font-family: Roboto, sans-serif;\">\n<div style=\"font-family: Roboto, sans-serif;\">\n<div style=\"font-family: Roboto, sans-serif;\">\n<div style=\"font-family: Roboto, sans-serif;\">\n<hr>\n<h3>Descripci\u00f3n de nuestro desengrasante de 6 kg para parrillas y planchas<\/h3>\n<p><!--more--><\/p>\n<p class=\"\" data-start=\"276\" data-end=\"592\">Dise\u00f1ado para profesionales de la restauraci\u00f3n, este <strong>desengrasante<\/strong> <strong>para parrillas \/ planchas<\/strong>, <strong>hornos<\/strong> y <strong>freidoras<\/strong> es un aliado esencial para la limpieza profunda de su cocina. Disponible en <strong>lata de 6 kg<\/strong>, ofrece una generosa capacidad, ideal para un uso intensivo en entornos profesionales. Su f\u00f3rmula ultraeficiente elimina la grasa m\u00e1s resistente, incluso la carbonizada, tanto de superficies calientes como fr\u00edas. Elimina r\u00e1pidamente los residuos de cocina, las salpicaduras de aceite y los dep\u00f3sitos acumulados con el tiempo, sin necesidad de frotar en exceso. Utilizado sin diluir sobre una superficie a\u00fan caliente o diluido en agua caliente, es un formidable limpiador en profundidad para freidoras.    <\/p>\n<p class=\"\" data-start=\"1039\" data-end=\"1317\">Este <strong>desengrasante<\/strong> ha sido dise\u00f1ado para facilitar el d\u00eda a d\u00eda de chefs, empresas de catering, food trucks y autoridades locales que necesitan resultados impecables sin perder tiempo. Tambi\u00e9n lo utilizan usuarios dom\u00e9sticos exigentes que quieren un producto profesional en casa. <\/p>\n<p class=\"\" data-start=\"1319\" data-end=\"1540\">Econ\u00f3mico y eficaz, este <strong>desengrasante<\/strong> en <strong>lata de 6 kg<\/strong> le acompa\u00f1ar\u00e1 durante mucho tiempo, aunque lo utilice con frecuencia. Es un aut\u00e9ntico ahorro de tiempo para cualquiera que no haga concesiones en materia de higiene. <\/p>\n<p data-start=\"1319\" data-end=\"1540\">\n<\/div>\n<\/div>\n<\/div>\n<\/div>\n<\/div>\n<\/div>\n<p><!--more--><\/p>\n<div style=\"font-family: Roboto, sans-serif;\">\n<div style=\"font-family: Roboto, sans-serif;\">\n<div style=\"font-family: Roboto, sans-serif;\">\n<div style=\"font-family: Roboto, sans-serif;\">\n<div style=\"font-family: Roboto, sans-serif;\">\n<div style=\"font-family: Roboto, sans-serif;\">\n<p><b>Instrucciones de uso :<\/b><\/p>\n<ul>\n<li>Utilizar sin diluir para limpiar parrillas\/planchas de restaurantes, preferiblemente con la parrilla\/plancha caliente (50-60\u00b0C), despu\u00e9s aclarar con un pa\u00f1o h\u00famedo. Puede diluirse con agua en funci\u00f3n del grado de suciedad de otros materiales (filtros, hornos, etc.). <\/li>\n<\/ul>\n<\/div>\n<\/div>\n<div style=\"font-family: Roboto, sans-serif;\">\n<div style=\"font-family: Roboto, sans-serif;\">\n<p>&nbsp;<\/p>\n<\/div>\n<\/div>\n<\/div>\n<\/div>\n<\/div>\n<\/div>\n<p><!--more--><\/p>\n<h4>Informaci\u00f3n adicional :<\/h4>\n<ul>\n<li><strong>Embalaje<\/strong>: Por unidad<\/li>\n<li><strong>Volumen<\/strong>: 6 kg<\/li>\n<li><strong>Uso<\/strong>: Desengrasante<\/li>\n<li><strong>Color<\/strong>: Marr\u00f3n<\/li>\n<\/ul>\n<p>&nbsp;<\/p>\n<p><!--more--><\/p>\n<p>Haga clic aqu\u00ed para nuestro desengrasante para parrillas\/hornos\/grill de 1 litro: <span style=\"color: #d12727;\"><a style=\"color: #d12727;\" href=\"https:\/\/www.csj-emballages.com\/produit\/spray-degraissant-grill-four-750ml\/\">04171<\/a><\/span><\/p>\n<p>&nbsp;<\/p>\n<p><!--more--><\/p>\n<p>Vea tambi\u00e9n nuestro decapante l\u00edquido para hornos y freidoras ORLAV Force Plus de 5L: <span style=\"color: #d12727;\"><a style=\"color: #d12727;\" href=\"https:\/\/www.csj-emballages.com\/es\/produit\/limpiador-liquido-para-hornos-y-freidoras-force-plus-5l-orlav\/\">04165<\/a><\/span><\/p>\n<p>&nbsp;<\/p>\n<p><!--more--><\/p>\n<p><a href=\"https:\/\/www.csj-emballages.com\/es\/categorie-produit\/higiene-y-mantenimiento\/productos-de-limpieza\/cocina\/\">Consulta aqu\u00ed el resto de nuestra gama de productos para el cuidado de la cocina<\/a><\/p>\n","protected":false},"excerpt":{"rendered":"<p>Desengrasante para parrillas y planchas Descripci\u00f3n de nuestro desengrasante de 6 kg para parrillas y planchas<\/p>\n","protected":false},"featured_media":233178,"template":"","meta":{"_acf_changed":false},"product_brand":[],"product_cat":[1226,1227,1355],"product_tag":[],"class_list":{"0":"post-17218","1":"product","2":"type-product","3":"status-publish","4":"has-post-thumbnail","6":"product_cat-higiene-y-mantenimiento","7":"product_cat-productos-de-limpieza","8":"product_cat-cocina","9":"product_shipping_class-no-permitido-en-reles","11":"first","12":"instock","13":"taxable","14":"shipping-taxable","15":"purchasable","16":"product-type-simple"},"acf":[],"yoast_head":"<!-- This site is optimized with the Yoast SEO Premium plugin v26.6 (Yoast SEO v26.6) - https:\/\/yoast.com\/wordpress\/plugins\/seo\/ -->\n<title>Desengrasante Parrillas \/ Planchas 6kg<\/title>\n<meta name=\"description\" content=\"Potente desengrasante para parrillas \/ planchas \/ hornos y freidoras en latas de 6 kg. Elimina incluso la grasa m\u00e1s resistente. Para uso puro.\" \/>\n<meta name=\"robots\" content=\"index, follow, max-snippet:-1, max-image-preview:large, max-video-preview:-1\" \/>\n<link rel=\"canonical\" href=\"https:\/\/www.csj-emballages.com\/es\/produit\/desengrasante-para-planchas-6-kg\/\" \/>\n<meta property=\"og:locale\" content=\"es_ES\" \/>\n<meta property=\"og:type\" content=\"article\" \/>\n<meta property=\"og:title\" content=\"Desengrasante para parrillas y planchas 6 kg\" \/>\n<meta property=\"og:description\" content=\"Potente desengrasante para parrillas \/ planchas \/ hornos y freidoras en latas de 6 kg. Elimina incluso la grasa m\u00e1s resistente. Para uso puro.\" \/>\n<meta property=\"og:url\" content=\"https:\/\/www.csj-emballages.com\/es\/produit\/desengrasante-para-planchas-6-kg\/\" \/>\n<meta property=\"og:site_name\" content=\"CSJ Emballages\" \/>\n<meta property=\"article:publisher\" content=\"https:\/\/www.facebook.com\/csjemballages\" \/>\n<meta property=\"article:modified_time\" content=\"2026-04-04T00:10:16+00:00\" \/>\n<meta property=\"og:image\" content=\"https:\/\/www.csj-emballages.com\/wp-content\/uploads\/2024\/03\/02555.webp\" \/>\n\t<meta property=\"og:image:width\" content=\"800\" \/>\n\t<meta property=\"og:image:height\" content=\"800\" \/>\n\t<meta property=\"og:image:type\" content=\"image\/webp\" \/>\n<meta name=\"twitter:card\" content=\"summary_large_image\" \/>\n<meta name=\"twitter:label1\" content=\"Tiempo de lectura\" \/>\n\t<meta name=\"twitter:data1\" content=\"2 minutos\" \/>\n<script type=\"application\/ld+json\" class=\"yoast-schema-graph\">{\"@context\":\"https:\/\/schema.org\",\"@graph\":[{\"@type\":\"WebPage\",\"@id\":\"https:\/\/www.csj-emballages.com\/es\/produit\/desengrasante-para-planchas-6-kg\/\",\"url\":\"https:\/\/www.csj-emballages.com\/es\/produit\/desengrasante-para-planchas-6-kg\/\",\"name\":\"Desengrasante Parrillas \/ Planchas 6kg\",\"isPartOf\":{\"@id\":\"https:\/\/www.csj-emballages.com\/es\/#website\"},\"primaryImageOfPage\":{\"@id\":\"https:\/\/www.csj-emballages.com\/es\/produit\/desengrasante-para-planchas-6-kg\/#primaryimage\"},\"image\":{\"@id\":\"https:\/\/www.csj-emballages.com\/es\/produit\/desengrasante-para-planchas-6-kg\/#primaryimage\"},\"thumbnailUrl\":\"https:\/\/www.csj-emballages.com\/wp-content\/uploads\/2024\/03\/02555.webp\",\"datePublished\":\"2024-03-01T16:00:17+00:00\",\"dateModified\":\"2026-04-04T00:10:16+00:00\",\"description\":\"Potente desengrasante para parrillas \/ planchas \/ hornos y freidoras en latas de 6 kg. Elimina incluso la grasa m\u00e1s resistente. Para uso puro.\",\"breadcrumb\":{\"@id\":\"https:\/\/www.csj-emballages.com\/es\/produit\/desengrasante-para-planchas-6-kg\/#breadcrumb\"},\"inLanguage\":\"es\",\"potentialAction\":[{\"@type\":\"ReadAction\",\"target\":[\"https:\/\/www.csj-emballages.com\/es\/produit\/desengrasante-para-planchas-6-kg\/\"]}]},{\"@type\":\"ImageObject\",\"inLanguage\":\"es\",\"@id\":\"https:\/\/www.csj-emballages.com\/es\/produit\/desengrasante-para-planchas-6-kg\/#primaryimage\",\"url\":\"https:\/\/www.csj-emballages.com\/wp-content\/uploads\/2024\/03\/02555.webp\",\"contentUrl\":\"https:\/\/www.csj-emballages.com\/wp-content\/uploads\/2024\/03\/02555.webp\",\"width\":800,\"height\":800,\"caption\":\"d\u00e9graissant grills \/ planchas\"},{\"@type\":\"BreadcrumbList\",\"@id\":\"https:\/\/www.csj-emballages.com\/es\/produit\/desengrasante-para-planchas-6-kg\/#breadcrumb\",\"itemListElement\":[{\"@type\":\"ListItem\",\"position\":1,\"name\":\"Accueil\",\"item\":\"https:\/\/www.csj-emballages.com\/es\/universo-del-envasado-alimentario\/\"},{\"@type\":\"ListItem\",\"position\":2,\"name\":\"Tienda\",\"item\":\"https:\/\/www.csj-emballages.com\/tienda\/\"},{\"@type\":\"ListItem\",\"position\":3,\"name\":\"Desengrasante para parrillas y planchas 6 kg\"}]},{\"@type\":\"WebSite\",\"@id\":\"https:\/\/www.csj-emballages.com\/es\/#website\",\"url\":\"https:\/\/www.csj-emballages.com\/es\/\",\"name\":\"CSJ Emballages\",\"description\":\"\",\"publisher\":{\"@id\":\"https:\/\/www.csj-emballages.com\/es\/#organization\"},\"potentialAction\":[{\"@type\":\"SearchAction\",\"target\":{\"@type\":\"EntryPoint\",\"urlTemplate\":\"https:\/\/www.csj-emballages.com\/es\/?s={search_term_string}\"},\"query-input\":{\"@type\":\"PropertyValueSpecification\",\"valueRequired\":true,\"valueName\":\"search_term_string\"}}],\"inLanguage\":\"es\"},{\"@type\":\"Organization\",\"@id\":\"https:\/\/www.csj-emballages.com\/es\/#Organization\/\",\"name\":\"CSJ Emballages\",\"url\":\"https:\/\/www.csj-emballages.com\/es\/\",\"logo\":{\"@type\":\"ImageObject\",\"inLanguage\":\"es\",\"@id\":\"https:\/\/www.csj-emballages.com\/es\/#\/schema\/logo\/image\/\",\"url\":\"https:\/\/www.csj-emballages.com\/wp-content\/uploads\/2023\/10\/logo_csj.webp\",\"contentUrl\":\"https:\/\/www.csj-emballages.com\/wp-content\/uploads\/2023\/10\/logo_csj.webp\",\"width\":250,\"height\":95,\"caption\":\"CSJ Emballages\"},\"image\":{\"@id\":\"https:\/\/www.csj-emballages.com\/es\/#\/schema\/logo\/image\/\"},\"sameAs\":[\"https:\/\/www.facebook.com\/csjemballages\"],\"address\":{\"@type\":\"PostalAddress\",\"streetAddress\":\"ZI La Lechere\",\"addressLocality\":\"Patornay\",\"postalCode\":\"39130\",\"addressCountry\":\"FR\"},\"contactPoint\":[{\"@type\":\"ContactPoint\",\"contactType\":\"Service client\",\"telephone\":\"0384254272\",\"email\":\"contact@csj-emballages.com\"}]}]}<\/script>\n<!-- \/ Yoast SEO Premium plugin. -->","yoast_head_json":{"title":"Desengrasante Parrillas \/ Planchas 6kg","description":"Potente desengrasante para parrillas \/ planchas \/ hornos y freidoras en latas de 6 kg. Elimina incluso la grasa m\u00e1s resistente. Para uso puro.","robots":{"index":"index","follow":"follow","max-snippet":"max-snippet:-1","max-image-preview":"max-image-preview:large","max-video-preview":"max-video-preview:-1"},"canonical":"https:\/\/www.csj-emballages.com\/es\/produit\/desengrasante-para-planchas-6-kg\/","og_locale":"es_ES","og_type":"article","og_title":"Desengrasante para parrillas y planchas 6 kg","og_description":"Potente desengrasante para parrillas \/ planchas \/ hornos y freidoras en latas de 6 kg. Elimina incluso la grasa m\u00e1s resistente. Para uso puro.","og_url":"https:\/\/www.csj-emballages.com\/es\/produit\/desengrasante-para-planchas-6-kg\/","og_site_name":"CSJ Emballages","article_publisher":"https:\/\/www.facebook.com\/csjemballages","article_modified_time":"2026-04-04T00:10:16+00:00","og_image":[{"width":800,"height":800,"url":"https:\/\/www.csj-emballages.com\/wp-content\/uploads\/2024\/03\/02555.webp","type":"image\/webp"}],"twitter_card":"summary_large_image","twitter_misc":{"Tiempo de lectura":"2 minutos"},"schema":{"@context":"https:\/\/schema.org","@graph":[{"@type":"WebPage","@id":"https:\/\/www.csj-emballages.com\/es\/produit\/desengrasante-para-planchas-6-kg\/","url":"https:\/\/www.csj-emballages.com\/es\/produit\/desengrasante-para-planchas-6-kg\/","name":"Desengrasante Parrillas \/ Planchas 6kg","isPartOf":{"@id":"https:\/\/www.csj-emballages.com\/es\/#website"},"primaryImageOfPage":{"@id":"https:\/\/www.csj-emballages.com\/es\/produit\/desengrasante-para-planchas-6-kg\/#primaryimage"},"image":{"@id":"https:\/\/www.csj-emballages.com\/es\/produit\/desengrasante-para-planchas-6-kg\/#primaryimage"},"thumbnailUrl":"https:\/\/www.csj-emballages.com\/wp-content\/uploads\/2024\/03\/02555.webp","datePublished":"2024-03-01T16:00:17+00:00","dateModified":"2026-04-04T00:10:16+00:00","description":"Potente desengrasante para parrillas \/ planchas \/ hornos y freidoras en latas de 6 kg. Elimina incluso la grasa m\u00e1s resistente. Para uso puro.","breadcrumb":{"@id":"https:\/\/www.csj-emballages.com\/es\/produit\/desengrasante-para-planchas-6-kg\/#breadcrumb"},"inLanguage":"es","potentialAction":[{"@type":"ReadAction","target":["https:\/\/www.csj-emballages.com\/es\/produit\/desengrasante-para-planchas-6-kg\/"]}]},{"@type":"ImageObject","inLanguage":"es","@id":"https:\/\/www.csj-emballages.com\/es\/produit\/desengrasante-para-planchas-6-kg\/#primaryimage","url":"https:\/\/www.csj-emballages.com\/wp-content\/uploads\/2024\/03\/02555.webp","contentUrl":"https:\/\/www.csj-emballages.com\/wp-content\/uploads\/2024\/03\/02555.webp","width":800,"height":800,"caption":"d\u00e9graissant grills \/ planchas"},{"@type":"BreadcrumbList","@id":"https:\/\/www.csj-emballages.com\/es\/produit\/desengrasante-para-planchas-6-kg\/#breadcrumb","itemListElement":[{"@type":"ListItem","position":1,"name":"Accueil","item":"https:\/\/www.csj-emballages.com\/es\/universo-del-envasado-alimentario\/"},{"@type":"ListItem","position":2,"name":"Tienda","item":"https:\/\/www.csj-emballages.com\/tienda\/"},{"@type":"ListItem","position":3,"name":"Desengrasante para parrillas y planchas 6 kg"}]},{"@type":"WebSite","@id":"https:\/\/www.csj-emballages.com\/es\/#website","url":"https:\/\/www.csj-emballages.com\/es\/","name":"CSJ Emballages","description":"","publisher":{"@id":"https:\/\/www.csj-emballages.com\/es\/#organization"},"potentialAction":[{"@type":"SearchAction","target":{"@type":"EntryPoint","urlTemplate":"https:\/\/www.csj-emballages.com\/es\/?s={search_term_string}"},"query-input":{"@type":"PropertyValueSpecification","valueRequired":true,"valueName":"search_term_string"}}],"inLanguage":"es"},{"@type":"Organization","@id":"https:\/\/www.csj-emballages.com\/es\/#Organization\/","name":"CSJ Emballages","url":"https:\/\/www.csj-emballages.com\/es\/","logo":{"@type":"ImageObject","inLanguage":"es","@id":"https:\/\/www.csj-emballages.com\/es\/#\/schema\/logo\/image\/","url":"https:\/\/www.csj-emballages.com\/wp-content\/uploads\/2023\/10\/logo_csj.webp","contentUrl":"https:\/\/www.csj-emballages.com\/wp-content\/uploads\/2023\/10\/logo_csj.webp","width":250,"height":95,"caption":"CSJ Emballages"},"image":{"@id":"https:\/\/www.csj-emballages.com\/es\/#\/schema\/logo\/image\/"},"sameAs":["https:\/\/www.facebook.com\/csjemballages"],"address":{"@type":"PostalAddress","streetAddress":"ZI La Lechere","addressLocality":"Patornay","postalCode":"39130","addressCountry":"FR"},"contactPoint":[{"@type":"ContactPoint","contactType":"Service client","telephone":"0384254272","email":"contact@csj-emballages.com"}]}]}},"df_price":22.07,"df_sale_price":"","df_regular_price":22.07,"df_image_link":"https:\/\/www.csj-emballages.com\/wp-content\/uploads\/2024\/03\/02555-300x300.webp","tiered_pricing_type":"fixed","tiered_pricing_fixed_rules":[],"tiered_pricing_percentage_rules":[],"tiered_pricing_minimum":1,"tiered_pricing_roles_data":[],"_links":{"self":[{"href":"https:\/\/www.csj-emballages.com\/es\/wp-json\/wp\/v2\/product\/17218","targetHints":{"allow":["GET"]}}],"collection":[{"href":"https:\/\/www.csj-emballages.com\/es\/wp-json\/wp\/v2\/product"}],"about":[{"href":"https:\/\/www.csj-emballages.com\/es\/wp-json\/wp\/v2\/types\/product"}],"wp:featuredmedia":[{"embeddable":true,"href":"https:\/\/www.csj-emballages.com\/es\/wp-json\/wp\/v2\/media\/233178"}],"wp:attachment":[{"href":"https:\/\/www.csj-emballages.com\/es\/wp-json\/wp\/v2\/media?parent=17218"}],"wp:term":[{"taxonomy":"product_brand","embeddable":true,"href":"https:\/\/www.csj-emballages.com\/es\/wp-json\/wp\/v2\/product_brand?post=17218"},{"taxonomy":"product_cat","embeddable":true,"href":"https:\/\/www.csj-emballages.com\/es\/wp-json\/wp\/v2\/product_cat?post=17218"},{"taxonomy":"product_tag","embeddable":true,"href":"https:\/\/www.csj-emballages.com\/es\/wp-json\/wp\/v2\/product_tag?post=17218"}],"curies":[{"name":"wp","href":"https:\/\/api.w.org\/{rel}","templated":true}]}}