{"id":17214,"date":"2024-03-01T17:00:19","date_gmt":"2024-03-01T16:00:19","guid":{"rendered":"https:\/\/u15jnbdpoq.preview.infomaniak.website\/produit\/pastilla-lavavajillas-orlav-5kg\/"},"modified":"2026-05-01T02:10:16","modified_gmt":"2026-05-01T00:10:16","slug":"pastilla-lavavajillas-orlav-5kg","status":"publish","type":"product","link":"https:\/\/www.csj-emballages.com\/es\/produit\/pastilla-lavavajillas-orlav-5kg\/","title":{"rendered":"Pastilla lavavajillas ORLAV 5Kg"},"content":{"rendered":"<h2 class=\"ai-optimize-29\">Pastilla para lavavajillas<\/h2>\n<hr>\n<h3 class=\"ai-optimize-30\">Descripci\u00f3n de nuestra pastilla lavavajillas ORLAV 5Kg<\/h3>\n<p><!--more--><\/p>\n<p class=\"ai-optimize-33 ai-optimize-introduction\" data-start=\"158\" data-end=\"515\">Dise\u00f1adas para los profesionales de la restauraci\u00f3n, <strong data-start=\"214\" data-end=\"248\">las pastillas para lavavajillas ORLAV<\/strong> en <strong>cubos de 5 kg<\/strong> son la soluci\u00f3n ideal para un lavado potente y eficaz de la vajilla en m\u00e1quinas industriales. Est\u00e1n <strong data-start=\"380\" data-end=\"431\">especialmente indicadas para m\u00e1quinas de un solo ba\u00f1o<\/strong>, donde su doble acci\u00f3n <strong data-start=\"455\" data-end=\"489\">desincrustante y abrillantadora<\/strong> marca la diferencia. Adem\u00e1s, cada <strong>pastilla<\/strong> <strong>de 20 gramos<\/strong> est\u00e1 <strong data-start=\"551\" data-end=\"577\">dosificada individualmente<\/strong>, lo que facilita su uso y garantiza una higiene \u00f3ptima. Gracias a su f\u00f3rmula <strong data-start=\"676\" data-end=\"691\">sin cloro<\/strong>, son m\u00e1s respetuosas con el medio ambiente y reducen el riesgo de emisiones nocivas. Enriquecidas con <strong data-start=\"800\" data-end=\"819\">ox\u00edgeno activo<\/strong>, limpian en profundidad incluso las manchas m\u00e1s dif\u00edciles, respetando la vajilla.    <\/p>\n<p class=\"ai-optimize-35\" data-start=\"939\" data-end=\"1240\">Estas <strong>pastillas<\/strong> <strong data-start=\"966\" data-end=\"1000\">se disuelven r\u00e1pida y completamente<\/strong>, incluso en un ciclo corto, lo que es una verdadera ventaja en un entorno profesional de ritmo r\u00e1pido. Son ideales para <strong data-start=\"1149\" data-end=\"1201\">platos, vasos, cubiertos y otros utensilios<\/strong>, ya que no dejan residuos ni rayas. <\/p>\n<p class=\"ai-optimize-36\" data-start=\"1242\" data-end=\"1544\">El formato de <strong>cubo de 5<\/strong> <strong>kg<\/strong> permite un <strong data-start=\"1276\" data-end=\"1301\">uso<\/strong> prolongado, por lo que es ideal para <strong data-start=\"1319\" data-end=\"1367\">cocinas comerciales, empresas de catering, restaurantes<\/strong> e incluso ayuntamientos. En resumen, no se preocupe m\u00e1s por la dosificaci\u00f3n: con <strong>ORLAV<\/strong>, tiene una soluci\u00f3n fiable y profesional. <\/p>\n<p data-start=\"1242\" data-end=\"1544\">\n<p><!--more--><\/p>\n<h4 class=\"ai-optimize-35\">Ventajas:<\/h4>\n<ul>\n<li class=\"ai-optimize-36\">Potente f\u00f3rmula alcalina clorada.<\/li>\n<li class=\"ai-optimize-37\">Muy eficaz contra los taninos, la te\u00edna y la cafe\u00edna.<\/li>\n<li class=\"ai-optimize-38\">Se puede lavar en el lavavajillas o utilizar en remojo.<\/li>\n<li class=\"ai-optimize-39\">Perfecto para platos Y utensilios de cocina.<\/li>\n<li class=\"ai-optimize-40\">Paquete de 10 kg.<\/li>\n<\/ul>\n<h4><\/h4>\n<p><!--more--><\/p>\n<h4 class=\"ai-optimize-41\">Informaci\u00f3n adicional :<\/h4>\n<ul>\n<li class=\"ai-optimize-42\"><strong>Embalaje<\/strong>: Por unidad<\/li>\n<li class=\"ai-optimize-43\"><strong>Peso<\/strong>: 10 kg \/ 250 comprimidos<\/li>\n<li class=\"ai-optimize-44\"><strong>Uso<\/strong>: Detergente para lavavajillas<\/li>\n<\/ul>\n<p>&nbsp;<\/p>\n<p><!--more--><\/p>\n<p class=\"ai-optimize-45\">Vea tambi\u00e9n nuestro detergente para lavavajillas force plus 10 kg: <span style=\"color: #d12727;\"><a style=\"color: #d12727;\" href=\"https:\/\/www.csj-emballages.com\/es\/produit\/detergente-lavavajillas-force-plus-10-kg\/\">0411<\/a><\/span><\/p>\n<p>&nbsp;<\/p>\n<p><!--more--><\/p>\n<p class=\"ai-optimize-46\"><a href=\"https:\/\/www.csj-emballages.com\/wp-admin\/post.php?post=534&amp;action=edit&amp;lang=fr\">Ver el resto de nuestra gama de productos para el cuidado del lavavajillas<\/a><\/p>\n","protected":false},"excerpt":{"rendered":"<p>Pastilla para lavavajillas Descripci\u00f3n de nuestra pastilla lavavajillas ORLAV 5Kg<\/p>\n","protected":false},"featured_media":235486,"template":"","meta":{"_acf_changed":false},"product_brand":[],"product_cat":[1226,1227,1228,1385],"product_tag":[],"class_list":{"0":"post-17214","1":"product","2":"type-product","3":"status-publish","4":"has-post-thumbnail","6":"product_cat-higiene-y-mantenimiento","7":"product_cat-productos-de-limpieza","8":"product_cat-cuidado-de-los-platos","9":"product_cat-lavavajillas","10":"product_shipping_class-no-permitido-en-reles","12":"first","13":"instock","14":"taxable","15":"shipping-taxable","16":"purchasable","17":"product-type-simple"},"acf":[],"yoast_head":"<!-- This site is optimized with the Yoast SEO Premium plugin v26.6 (Yoast SEO v26.6) - https:\/\/yoast.com\/wordpress\/plugins\/seo\/ -->\n<title>Pastilla lavavajillas ORLAV 5Kg<\/title>\n<meta name=\"description\" content=\"Pastillas lavavajillas ORLAV 5kg - F\u00f3rmula sin cloro con ox\u00edgeno activo. Brillo y limpieza para la vajilla en m\u00e1quinas industriales.\" \/>\n<meta name=\"robots\" content=\"index, follow, max-snippet:-1, max-image-preview:large, max-video-preview:-1\" \/>\n<link rel=\"canonical\" href=\"https:\/\/www.csj-emballages.com\/es\/produit\/pastilla-lavavajillas-orlav-5kg\/\" \/>\n<meta property=\"og:locale\" content=\"es_ES\" \/>\n<meta property=\"og:type\" content=\"article\" \/>\n<meta property=\"og:title\" content=\"Pastilla lavavajillas ORLAV 5Kg\" \/>\n<meta property=\"og:description\" content=\"Pastillas lavavajillas ORLAV 5kg - F\u00f3rmula sin cloro con ox\u00edgeno activo. Brillo y limpieza para la vajilla en m\u00e1quinas industriales.\" \/>\n<meta property=\"og:url\" content=\"https:\/\/www.csj-emballages.com\/es\/produit\/pastilla-lavavajillas-orlav-5kg\/\" \/>\n<meta property=\"og:site_name\" content=\"CSJ Emballages\" \/>\n<meta property=\"article:publisher\" content=\"https:\/\/www.facebook.com\/csjemballages\" \/>\n<meta property=\"article:modified_time\" content=\"2026-05-01T00:10:16+00:00\" \/>\n<meta property=\"og:image\" content=\"https:\/\/www.csj-emballages.com\/wp-content\/uploads\/2024\/03\/01235.webp\" \/>\n\t<meta property=\"og:image:width\" content=\"800\" \/>\n\t<meta property=\"og:image:height\" content=\"800\" \/>\n\t<meta property=\"og:image:type\" content=\"image\/webp\" \/>\n<meta name=\"twitter:card\" content=\"summary_large_image\" \/>\n<meta name=\"twitter:label1\" content=\"Tiempo de lectura\" \/>\n\t<meta name=\"twitter:data1\" content=\"1 minuto\" \/>\n<script type=\"application\/ld+json\" class=\"yoast-schema-graph\">{\"@context\":\"https:\/\/schema.org\",\"@graph\":[{\"@type\":\"WebPage\",\"@id\":\"https:\/\/www.csj-emballages.com\/es\/produit\/pastilla-lavavajillas-orlav-5kg\/\",\"url\":\"https:\/\/www.csj-emballages.com\/es\/produit\/pastilla-lavavajillas-orlav-5kg\/\",\"name\":\"Pastilla lavavajillas ORLAV 5Kg\",\"isPartOf\":{\"@id\":\"https:\/\/www.csj-emballages.com\/es\/#website\"},\"primaryImageOfPage\":{\"@id\":\"https:\/\/www.csj-emballages.com\/es\/produit\/pastilla-lavavajillas-orlav-5kg\/#primaryimage\"},\"image\":{\"@id\":\"https:\/\/www.csj-emballages.com\/es\/produit\/pastilla-lavavajillas-orlav-5kg\/#primaryimage\"},\"thumbnailUrl\":\"https:\/\/www.csj-emballages.com\/wp-content\/uploads\/2024\/03\/01235.webp\",\"datePublished\":\"2024-03-01T16:00:19+00:00\",\"dateModified\":\"2026-05-01T00:10:16+00:00\",\"description\":\"Pastillas lavavajillas ORLAV 5kg - F\u00f3rmula sin cloro con ox\u00edgeno activo. Brillo y limpieza para la vajilla en m\u00e1quinas industriales.\",\"breadcrumb\":{\"@id\":\"https:\/\/www.csj-emballages.com\/es\/produit\/pastilla-lavavajillas-orlav-5kg\/#breadcrumb\"},\"inLanguage\":\"es\",\"potentialAction\":[{\"@type\":\"ReadAction\",\"target\":[\"https:\/\/www.csj-emballages.com\/es\/produit\/pastilla-lavavajillas-orlav-5kg\/\"]}]},{\"@type\":\"ImageObject\",\"inLanguage\":\"es\",\"@id\":\"https:\/\/www.csj-emballages.com\/es\/produit\/pastilla-lavavajillas-orlav-5kg\/#primaryimage\",\"url\":\"https:\/\/www.csj-emballages.com\/wp-content\/uploads\/2024\/03\/01235.webp\",\"contentUrl\":\"https:\/\/www.csj-emballages.com\/wp-content\/uploads\/2024\/03\/01235.webp\",\"width\":800,\"height\":800,\"caption\":\"Pastille lave-vaisselle\"},{\"@type\":\"BreadcrumbList\",\"@id\":\"https:\/\/www.csj-emballages.com\/es\/produit\/pastilla-lavavajillas-orlav-5kg\/#breadcrumb\",\"itemListElement\":[{\"@type\":\"ListItem\",\"position\":1,\"name\":\"Accueil\",\"item\":\"https:\/\/www.csj-emballages.com\/es\/universo-del-envasado-alimentario\/\"},{\"@type\":\"ListItem\",\"position\":2,\"name\":\"Tienda\",\"item\":\"https:\/\/www.csj-emballages.com\/tienda\/\"},{\"@type\":\"ListItem\",\"position\":3,\"name\":\"Pastilla lavavajillas ORLAV 5Kg\"}]},{\"@type\":\"WebSite\",\"@id\":\"https:\/\/www.csj-emballages.com\/es\/#website\",\"url\":\"https:\/\/www.csj-emballages.com\/es\/\",\"name\":\"CSJ Emballages\",\"description\":\"\",\"publisher\":{\"@id\":\"https:\/\/www.csj-emballages.com\/es\/#organization\"},\"potentialAction\":[{\"@type\":\"SearchAction\",\"target\":{\"@type\":\"EntryPoint\",\"urlTemplate\":\"https:\/\/www.csj-emballages.com\/es\/?s={search_term_string}\"},\"query-input\":{\"@type\":\"PropertyValueSpecification\",\"valueRequired\":true,\"valueName\":\"search_term_string\"}}],\"inLanguage\":\"es\"},{\"@type\":\"Organization\",\"@id\":\"https:\/\/www.csj-emballages.com\/es\/#Organization\/\",\"name\":\"CSJ Emballages\",\"url\":\"https:\/\/www.csj-emballages.com\/es\/\",\"logo\":{\"@type\":\"ImageObject\",\"inLanguage\":\"es\",\"@id\":\"https:\/\/www.csj-emballages.com\/es\/#\/schema\/logo\/image\/\",\"url\":\"https:\/\/www.csj-emballages.com\/wp-content\/uploads\/2023\/10\/logo_csj.webp\",\"contentUrl\":\"https:\/\/www.csj-emballages.com\/wp-content\/uploads\/2023\/10\/logo_csj.webp\",\"width\":250,\"height\":95,\"caption\":\"CSJ Emballages\"},\"image\":{\"@id\":\"https:\/\/www.csj-emballages.com\/es\/#\/schema\/logo\/image\/\"},\"sameAs\":[\"https:\/\/www.facebook.com\/csjemballages\"],\"address\":{\"@type\":\"PostalAddress\",\"streetAddress\":\"ZI La Lechere\",\"addressLocality\":\"Patornay\",\"postalCode\":\"39130\",\"addressCountry\":\"FR\"},\"contactPoint\":[{\"@type\":\"ContactPoint\",\"contactType\":\"Service client\",\"telephone\":\"0384254272\",\"email\":\"contact@csj-emballages.com\"}]}]}<\/script>\n<!-- \/ Yoast SEO Premium plugin. -->","yoast_head_json":{"title":"Pastilla lavavajillas ORLAV 5Kg","description":"Pastillas lavavajillas ORLAV 5kg - F\u00f3rmula sin cloro con ox\u00edgeno activo. Brillo y limpieza para la vajilla en m\u00e1quinas industriales.","robots":{"index":"index","follow":"follow","max-snippet":"max-snippet:-1","max-image-preview":"max-image-preview:large","max-video-preview":"max-video-preview:-1"},"canonical":"https:\/\/www.csj-emballages.com\/es\/produit\/pastilla-lavavajillas-orlav-5kg\/","og_locale":"es_ES","og_type":"article","og_title":"Pastilla lavavajillas ORLAV 5Kg","og_description":"Pastillas lavavajillas ORLAV 5kg - F\u00f3rmula sin cloro con ox\u00edgeno activo. Brillo y limpieza para la vajilla en m\u00e1quinas industriales.","og_url":"https:\/\/www.csj-emballages.com\/es\/produit\/pastilla-lavavajillas-orlav-5kg\/","og_site_name":"CSJ Emballages","article_publisher":"https:\/\/www.facebook.com\/csjemballages","article_modified_time":"2026-05-01T00:10:16+00:00","og_image":[{"width":800,"height":800,"url":"https:\/\/www.csj-emballages.com\/wp-content\/uploads\/2024\/03\/01235.webp","type":"image\/webp"}],"twitter_card":"summary_large_image","twitter_misc":{"Tiempo de lectura":"1 minuto"},"schema":{"@context":"https:\/\/schema.org","@graph":[{"@type":"WebPage","@id":"https:\/\/www.csj-emballages.com\/es\/produit\/pastilla-lavavajillas-orlav-5kg\/","url":"https:\/\/www.csj-emballages.com\/es\/produit\/pastilla-lavavajillas-orlav-5kg\/","name":"Pastilla lavavajillas ORLAV 5Kg","isPartOf":{"@id":"https:\/\/www.csj-emballages.com\/es\/#website"},"primaryImageOfPage":{"@id":"https:\/\/www.csj-emballages.com\/es\/produit\/pastilla-lavavajillas-orlav-5kg\/#primaryimage"},"image":{"@id":"https:\/\/www.csj-emballages.com\/es\/produit\/pastilla-lavavajillas-orlav-5kg\/#primaryimage"},"thumbnailUrl":"https:\/\/www.csj-emballages.com\/wp-content\/uploads\/2024\/03\/01235.webp","datePublished":"2024-03-01T16:00:19+00:00","dateModified":"2026-05-01T00:10:16+00:00","description":"Pastillas lavavajillas ORLAV 5kg - F\u00f3rmula sin cloro con ox\u00edgeno activo. Brillo y limpieza para la vajilla en m\u00e1quinas industriales.","breadcrumb":{"@id":"https:\/\/www.csj-emballages.com\/es\/produit\/pastilla-lavavajillas-orlav-5kg\/#breadcrumb"},"inLanguage":"es","potentialAction":[{"@type":"ReadAction","target":["https:\/\/www.csj-emballages.com\/es\/produit\/pastilla-lavavajillas-orlav-5kg\/"]}]},{"@type":"ImageObject","inLanguage":"es","@id":"https:\/\/www.csj-emballages.com\/es\/produit\/pastilla-lavavajillas-orlav-5kg\/#primaryimage","url":"https:\/\/www.csj-emballages.com\/wp-content\/uploads\/2024\/03\/01235.webp","contentUrl":"https:\/\/www.csj-emballages.com\/wp-content\/uploads\/2024\/03\/01235.webp","width":800,"height":800,"caption":"Pastille lave-vaisselle"},{"@type":"BreadcrumbList","@id":"https:\/\/www.csj-emballages.com\/es\/produit\/pastilla-lavavajillas-orlav-5kg\/#breadcrumb","itemListElement":[{"@type":"ListItem","position":1,"name":"Accueil","item":"https:\/\/www.csj-emballages.com\/es\/universo-del-envasado-alimentario\/"},{"@type":"ListItem","position":2,"name":"Tienda","item":"https:\/\/www.csj-emballages.com\/tienda\/"},{"@type":"ListItem","position":3,"name":"Pastilla lavavajillas ORLAV 5Kg"}]},{"@type":"WebSite","@id":"https:\/\/www.csj-emballages.com\/es\/#website","url":"https:\/\/www.csj-emballages.com\/es\/","name":"CSJ Emballages","description":"","publisher":{"@id":"https:\/\/www.csj-emballages.com\/es\/#organization"},"potentialAction":[{"@type":"SearchAction","target":{"@type":"EntryPoint","urlTemplate":"https:\/\/www.csj-emballages.com\/es\/?s={search_term_string}"},"query-input":{"@type":"PropertyValueSpecification","valueRequired":true,"valueName":"search_term_string"}}],"inLanguage":"es"},{"@type":"Organization","@id":"https:\/\/www.csj-emballages.com\/es\/#Organization\/","name":"CSJ Emballages","url":"https:\/\/www.csj-emballages.com\/es\/","logo":{"@type":"ImageObject","inLanguage":"es","@id":"https:\/\/www.csj-emballages.com\/es\/#\/schema\/logo\/image\/","url":"https:\/\/www.csj-emballages.com\/wp-content\/uploads\/2023\/10\/logo_csj.webp","contentUrl":"https:\/\/www.csj-emballages.com\/wp-content\/uploads\/2023\/10\/logo_csj.webp","width":250,"height":95,"caption":"CSJ Emballages"},"image":{"@id":"https:\/\/www.csj-emballages.com\/es\/#\/schema\/logo\/image\/"},"sameAs":["https:\/\/www.facebook.com\/csjemballages"],"address":{"@type":"PostalAddress","streetAddress":"ZI La Lechere","addressLocality":"Patornay","postalCode":"39130","addressCountry":"FR"},"contactPoint":[{"@type":"ContactPoint","contactType":"Service client","telephone":"0384254272","email":"contact@csj-emballages.com"}]}]}},"df_price":51.71,"df_sale_price":"","df_regular_price":51.71,"df_image_link":"https:\/\/www.csj-emballages.com\/wp-content\/uploads\/2024\/03\/01235-300x300.webp","tiered_pricing_type":"fixed","tiered_pricing_fixed_rules":[],"tiered_pricing_percentage_rules":[],"tiered_pricing_minimum":1,"tiered_pricing_roles_data":[],"_links":{"self":[{"href":"https:\/\/www.csj-emballages.com\/es\/wp-json\/wp\/v2\/product\/17214","targetHints":{"allow":["GET"]}}],"collection":[{"href":"https:\/\/www.csj-emballages.com\/es\/wp-json\/wp\/v2\/product"}],"about":[{"href":"https:\/\/www.csj-emballages.com\/es\/wp-json\/wp\/v2\/types\/product"}],"wp:featuredmedia":[{"embeddable":true,"href":"https:\/\/www.csj-emballages.com\/es\/wp-json\/wp\/v2\/media\/235486"}],"wp:attachment":[{"href":"https:\/\/www.csj-emballages.com\/es\/wp-json\/wp\/v2\/media?parent=17214"}],"wp:term":[{"taxonomy":"product_brand","embeddable":true,"href":"https:\/\/www.csj-emballages.com\/es\/wp-json\/wp\/v2\/product_brand?post=17214"},{"taxonomy":"product_cat","embeddable":true,"href":"https:\/\/www.csj-emballages.com\/es\/wp-json\/wp\/v2\/product_cat?post=17214"},{"taxonomy":"product_tag","embeddable":true,"href":"https:\/\/www.csj-emballages.com\/es\/wp-json\/wp\/v2\/product_tag?post=17214"}],"curies":[{"name":"wp","href":"https:\/\/api.w.org\/{rel}","templated":true}]}}