{"id":17207,"date":"2024-03-01T17:00:18","date_gmt":"2024-03-01T16:00:18","guid":{"rendered":"https:\/\/u15jnbdpoq.preview.infomaniak.website\/produit\/4-rollos-de-papel-higienico-de-3-capas-de-guata-blanca-de-200-tamanos\/"},"modified":"2026-05-01T02:10:17","modified_gmt":"2026-05-01T00:10:17","slug":"4-rollos-de-papel-higienico-de-3-capas-de-guata-blanca-de-200-tamanos","status":"publish","type":"product","link":"https:\/\/www.csj-emballages.com\/es\/produit\/4-rollos-de-papel-higienico-de-3-capas-de-guata-blanca-de-200-tamanos\/","title":{"rendered":"Rollo de papel higi\u00e9nico de celulosa blanca de 3 capas, 200 servicios por 4"},"content":{"rendered":"<h2>Rollo de papel higi\u00e9nico<\/h2>\n<hr>\n<h3>Descripci\u00f3n de nuestro rollo de papel higi\u00e9nico de celulosa blanca de 3 capas, 200 servicios por 4<\/h3>\n<p><!--more--><\/p>\n<div class=\"flex max-w-full flex-col flex-grow\">\n<div class=\"min-h-8 text-message flex w-full flex-col items-end gap-2 whitespace-normal break-words text-start [.text-message+&amp;]:mt-5\" dir=\"auto\" data-message-author-role=\"assistant\" data-message-id=\"266ca6f3-5e07-4948-bd20-80ac5e6da4a5\" data-message-model-slug=\"gpt-4o\">\n<div class=\"flex w-full flex-col gap-1 empty:hidden first:pt-[3px]\">\n<div class=\"markdown prose w-full break-words dark:prose-invert dark\">\n<p data-start=\"224\" data-end=\"601\">Estos <strong data-start=\"228\" data-end=\"283\">rollos de papel higi\u00e9nico de celulosa blanca de 3 capas<\/strong> est\u00e1n pensados para ofrecer una verdadera comodidad en el d\u00eda a d\u00eda, sin comprometer la calidad. Gracias a su grosor de tres capas, aportan una sensaci\u00f3n suave y agradable, a la vez que siguen siendo resistentes al uso. Es el tipo de producto discreto pero esencial, ese con el que nos gusta poder contar d\u00eda tras d\u00eda.  <\/p>\n<p data-start=\"603\" data-end=\"915\">Con <strong data-start=\"608\" data-end=\"635\">200 servicios por rollo<\/strong>, cada <strong>rollo<\/strong> dura m\u00e1s. Esto permite reducir la frecuencia de los reemplazos, lo que es particularmente pr\u00e1ctico en lugares de alta afluencia. Las <strong>hojas<\/strong> se separan f\u00e1cilmente, sin romperse demasiado pronto, y aseguran una utilizaci\u00f3n limpia y eficaz.  <\/p>\n<p data-start=\"917\" data-end=\"1315\">La <strong data-start=\"920\" data-end=\"937\">celulosa blanca<\/strong> transmite una imagen n\u00edtida y cuidada, perfectamente adaptada tanto a los sanitarios profesionales como al uso dom\u00e9stico. Ya sea en <strong>oficinas, restaurantes, colectividades, hoteles o espacios que acogen al p\u00fablico<\/strong>, este <strong>papel higi\u00e9nico<\/strong> se integra naturalmente en todos los entornos. Combina comodidad para el usuario y practicidad para la gesti\u00f3n de los consumibles.  <\/p>\n<p data-start=\"1317\" data-end=\"1538\">Vendido <strong data-start=\"1323\" data-end=\"1348\">en lote de 4 rollos<\/strong>, este formato es ideal para completar un stock o asegurar una continuidad de servicio sin sobrecargar los espacios de almacenamiento. Ofrece un buen equilibrio entre autonom\u00eda y facilidad de almacenamiento. <\/p>\n<p data-start=\"1540\" data-end=\"1727\">En resumen, este <strong>papel higi\u00e9nico de 3 capas de celulosa blanca<\/strong> es una elecci\u00f3n fiable y c\u00f3moda. Responde a las necesidades del d\u00eda a d\u00eda con simplicidad, eficacia y una verdadera sensaci\u00f3n de calidad. <\/p>\n<h3><\/h3>\n<\/div>\n<\/div>\n<\/div>\n<\/div>\n<p><!--more--><\/p>\n<h4>Ventajas :<\/h4>\n<ul>\n<li data-start=\"1755\" data-end=\"1790\"><strong>Papel higi\u00e9nico<\/strong> de celulosa blanca.<\/li>\n<li data-start=\"1793\" data-end=\"1829\">Confort reforzado gracias a las <strong>3 capas<\/strong>.<\/li>\n<li data-start=\"1832\" data-end=\"1858\"><strong>200 servicios<\/strong> por rollo.<\/li>\n<li data-start=\"1861\" data-end=\"1890\">Buena resistencia al uso.<\/li>\n<li data-start=\"1893\" data-end=\"1944\">Adecuado para sanitarios profesionales y privados.<\/li>\n<li data-start=\"1947\" data-end=\"1974\">Lote pr\u00e1ctico de <strong>4 rollos<\/strong>.<\/li>\n<\/ul>\n<p>&nbsp;<\/p>\n<p><!--more--><\/p>\n<h4>Informaci\u00f3n adicional :<\/h4>\n<ul>\n<li><strong>Envase<\/strong>: Paquete de 4<\/li>\n<li><strong>Material<\/strong>: Guata pura<\/li>\n<li><strong>N\u00famero de capas<\/strong>: 3<\/li>\n<li><strong>N\u00famero de servicios<\/strong>: 200<\/li>\n<li><strong>Tipo<\/strong>: Gofre<\/li>\n<li><strong>Color<\/strong>: blanco<\/li>\n<\/ul>\n<p>&nbsp;<\/p>\n<p><!--more--><\/p>\n<p><a href=\"\/?product_cat=papier-hygieneniques\">Consulte el resto de nuestra gama de papel higi\u00e9nico<\/a><\/p>\n","protected":false},"excerpt":{"rendered":"<p>Rollo de papel higi\u00e9nico Descripci\u00f3n de nuestro rollo de papel higi\u00e9nico de celulosa blanca de 3 capas, 200 servicios por 4<\/p>\n","protected":false},"featured_media":263208,"template":"","meta":{"_acf_changed":false},"product_brand":[],"product_cat":[1226,1388,1389],"product_tag":[],"class_list":{"0":"post-17207","1":"product","2":"type-product","3":"status-publish","4":"has-post-thumbnail","6":"product_cat-higiene-y-mantenimiento","7":"product_cat-limpiar","8":"product_cat-papel-higienico-es","10":"first","11":"instock","12":"taxable","13":"shipping-taxable","14":"purchasable","15":"product-type-simple"},"acf":[],"yoast_head":"<!-- This site is optimized with the Yoast SEO Premium plugin v26.6 (Yoast SEO v26.6) - https:\/\/yoast.com\/wordpress\/plugins\/seo\/ -->\n<title>Rollo de papel higi\u00e9nico de celulosa blanca de 3 capas, 200 servicios por 4<\/title>\n<meta name=\"description\" content=\"Papel higi\u00e9nico de celulosa blanca de 3 capas, 200 servicios por rollo. Se vende por 4, c\u00f3modo, resistente y adecuado para usos profesionales y cotidianos.\" \/>\n<meta name=\"robots\" content=\"index, follow, max-snippet:-1, max-image-preview:large, max-video-preview:-1\" \/>\n<link rel=\"canonical\" href=\"https:\/\/www.csj-emballages.com\/es\/produit\/4-rollos-de-papel-higienico-de-3-capas-de-guata-blanca-de-200-tamanos\/\" \/>\n<meta property=\"og:locale\" content=\"es_ES\" \/>\n<meta property=\"og:type\" content=\"article\" \/>\n<meta property=\"og:title\" content=\"Rollo de papel higi\u00e9nico de celulosa blanca de 3 capas, 200 servicios por 4\" \/>\n<meta property=\"og:description\" content=\"Papel higi\u00e9nico de celulosa blanca de 3 capas, 200 servicios por rollo. Se vende por 4, c\u00f3modo, resistente y adecuado para usos profesionales y cotidianos.\" \/>\n<meta property=\"og:url\" content=\"https:\/\/www.csj-emballages.com\/es\/produit\/4-rollos-de-papel-higienico-de-3-capas-de-guata-blanca-de-200-tamanos\/\" \/>\n<meta property=\"og:site_name\" content=\"CSJ Emballages\" \/>\n<meta property=\"article:publisher\" content=\"https:\/\/www.facebook.com\/csjemballages\" \/>\n<meta property=\"article:modified_time\" content=\"2026-05-01T00:10:17+00:00\" \/>\n<meta property=\"og:image\" content=\"https:\/\/www.csj-emballages.com\/wp-content\/uploads\/2024\/03\/01H3P.webp\" \/>\n\t<meta property=\"og:image:width\" content=\"800\" \/>\n\t<meta property=\"og:image:height\" content=\"800\" \/>\n\t<meta property=\"og:image:type\" content=\"image\/webp\" \/>\n<meta name=\"twitter:card\" content=\"summary_large_image\" \/>\n<meta name=\"twitter:label1\" content=\"Tiempo de lectura\" \/>\n\t<meta name=\"twitter:data1\" content=\"2 minutos\" \/>\n<script type=\"application\/ld+json\" class=\"yoast-schema-graph\">{\"@context\":\"https:\/\/schema.org\",\"@graph\":[{\"@type\":\"WebPage\",\"@id\":\"https:\/\/www.csj-emballages.com\/es\/produit\/4-rollos-de-papel-higienico-de-3-capas-de-guata-blanca-de-200-tamanos\/\",\"url\":\"https:\/\/www.csj-emballages.com\/es\/produit\/4-rollos-de-papel-higienico-de-3-capas-de-guata-blanca-de-200-tamanos\/\",\"name\":\"Rollo de papel higi\u00e9nico de celulosa blanca de 3 capas, 200 servicios por 4\",\"isPartOf\":{\"@id\":\"https:\/\/www.csj-emballages.com\/es\/#website\"},\"primaryImageOfPage\":{\"@id\":\"https:\/\/www.csj-emballages.com\/es\/produit\/4-rollos-de-papel-higienico-de-3-capas-de-guata-blanca-de-200-tamanos\/#primaryimage\"},\"image\":{\"@id\":\"https:\/\/www.csj-emballages.com\/es\/produit\/4-rollos-de-papel-higienico-de-3-capas-de-guata-blanca-de-200-tamanos\/#primaryimage\"},\"thumbnailUrl\":\"https:\/\/www.csj-emballages.com\/wp-content\/uploads\/2024\/03\/01H3P.webp\",\"datePublished\":\"2024-03-01T16:00:18+00:00\",\"dateModified\":\"2026-05-01T00:10:17+00:00\",\"description\":\"Papel higi\u00e9nico de celulosa blanca de 3 capas, 200 servicios por rollo. Se vende por 4, c\u00f3modo, resistente y adecuado para usos profesionales y cotidianos.\",\"breadcrumb\":{\"@id\":\"https:\/\/www.csj-emballages.com\/es\/produit\/4-rollos-de-papel-higienico-de-3-capas-de-guata-blanca-de-200-tamanos\/#breadcrumb\"},\"inLanguage\":\"es\",\"potentialAction\":[{\"@type\":\"ReadAction\",\"target\":[\"https:\/\/www.csj-emballages.com\/es\/produit\/4-rollos-de-papel-higienico-de-3-capas-de-guata-blanca-de-200-tamanos\/\"]}]},{\"@type\":\"ImageObject\",\"inLanguage\":\"es\",\"@id\":\"https:\/\/www.csj-emballages.com\/es\/produit\/4-rollos-de-papel-higienico-de-3-capas-de-guata-blanca-de-200-tamanos\/#primaryimage\",\"url\":\"https:\/\/www.csj-emballages.com\/wp-content\/uploads\/2024\/03\/01H3P.webp\",\"contentUrl\":\"https:\/\/www.csj-emballages.com\/wp-content\/uploads\/2024\/03\/01H3P.webp\",\"width\":800,\"height\":800,\"caption\":\"Rouleau papier toilette\"},{\"@type\":\"BreadcrumbList\",\"@id\":\"https:\/\/www.csj-emballages.com\/es\/produit\/4-rollos-de-papel-higienico-de-3-capas-de-guata-blanca-de-200-tamanos\/#breadcrumb\",\"itemListElement\":[{\"@type\":\"ListItem\",\"position\":1,\"name\":\"Accueil\",\"item\":\"https:\/\/www.csj-emballages.com\/es\/universo-del-envasado-alimentario\/\"},{\"@type\":\"ListItem\",\"position\":2,\"name\":\"Tienda\",\"item\":\"https:\/\/www.csj-emballages.com\/tienda\/\"},{\"@type\":\"ListItem\",\"position\":3,\"name\":\"Rollo de papel higi\u00e9nico de celulosa blanca de 3 capas, 200 servicios por 4\"}]},{\"@type\":\"WebSite\",\"@id\":\"https:\/\/www.csj-emballages.com\/es\/#website\",\"url\":\"https:\/\/www.csj-emballages.com\/es\/\",\"name\":\"CSJ Emballages\",\"description\":\"\",\"publisher\":{\"@id\":\"https:\/\/www.csj-emballages.com\/es\/#organization\"},\"potentialAction\":[{\"@type\":\"SearchAction\",\"target\":{\"@type\":\"EntryPoint\",\"urlTemplate\":\"https:\/\/www.csj-emballages.com\/es\/?s={search_term_string}\"},\"query-input\":{\"@type\":\"PropertyValueSpecification\",\"valueRequired\":true,\"valueName\":\"search_term_string\"}}],\"inLanguage\":\"es\"},{\"@type\":\"Organization\",\"@id\":\"https:\/\/www.csj-emballages.com\/es\/#Organization\/\",\"name\":\"CSJ Emballages\",\"url\":\"https:\/\/www.csj-emballages.com\/es\/\",\"logo\":{\"@type\":\"ImageObject\",\"inLanguage\":\"es\",\"@id\":\"https:\/\/www.csj-emballages.com\/es\/#\/schema\/logo\/image\/\",\"url\":\"https:\/\/www.csj-emballages.com\/wp-content\/uploads\/2023\/10\/logo_csj.webp\",\"contentUrl\":\"https:\/\/www.csj-emballages.com\/wp-content\/uploads\/2023\/10\/logo_csj.webp\",\"width\":250,\"height\":95,\"caption\":\"CSJ Emballages\"},\"image\":{\"@id\":\"https:\/\/www.csj-emballages.com\/es\/#\/schema\/logo\/image\/\"},\"sameAs\":[\"https:\/\/www.facebook.com\/csjemballages\"],\"address\":{\"@type\":\"PostalAddress\",\"streetAddress\":\"ZI La Lechere\",\"addressLocality\":\"Patornay\",\"postalCode\":\"39130\",\"addressCountry\":\"FR\"},\"contactPoint\":[{\"@type\":\"ContactPoint\",\"contactType\":\"Service client\",\"telephone\":\"0384254272\",\"email\":\"contact@csj-emballages.com\"}]}]}<\/script>\n<!-- \/ Yoast SEO Premium plugin. -->","yoast_head_json":{"title":"Rollo de papel higi\u00e9nico de celulosa blanca de 3 capas, 200 servicios por 4","description":"Papel higi\u00e9nico de celulosa blanca de 3 capas, 200 servicios por rollo. Se vende por 4, c\u00f3modo, resistente y adecuado para usos profesionales y cotidianos.","robots":{"index":"index","follow":"follow","max-snippet":"max-snippet:-1","max-image-preview":"max-image-preview:large","max-video-preview":"max-video-preview:-1"},"canonical":"https:\/\/www.csj-emballages.com\/es\/produit\/4-rollos-de-papel-higienico-de-3-capas-de-guata-blanca-de-200-tamanos\/","og_locale":"es_ES","og_type":"article","og_title":"Rollo de papel higi\u00e9nico de celulosa blanca de 3 capas, 200 servicios por 4","og_description":"Papel higi\u00e9nico de celulosa blanca de 3 capas, 200 servicios por rollo. Se vende por 4, c\u00f3modo, resistente y adecuado para usos profesionales y cotidianos.","og_url":"https:\/\/www.csj-emballages.com\/es\/produit\/4-rollos-de-papel-higienico-de-3-capas-de-guata-blanca-de-200-tamanos\/","og_site_name":"CSJ Emballages","article_publisher":"https:\/\/www.facebook.com\/csjemballages","article_modified_time":"2026-05-01T00:10:17+00:00","og_image":[{"width":800,"height":800,"url":"https:\/\/www.csj-emballages.com\/wp-content\/uploads\/2024\/03\/01H3P.webp","type":"image\/webp"}],"twitter_card":"summary_large_image","twitter_misc":{"Tiempo de lectura":"2 minutos"},"schema":{"@context":"https:\/\/schema.org","@graph":[{"@type":"WebPage","@id":"https:\/\/www.csj-emballages.com\/es\/produit\/4-rollos-de-papel-higienico-de-3-capas-de-guata-blanca-de-200-tamanos\/","url":"https:\/\/www.csj-emballages.com\/es\/produit\/4-rollos-de-papel-higienico-de-3-capas-de-guata-blanca-de-200-tamanos\/","name":"Rollo de papel higi\u00e9nico de celulosa blanca de 3 capas, 200 servicios por 4","isPartOf":{"@id":"https:\/\/www.csj-emballages.com\/es\/#website"},"primaryImageOfPage":{"@id":"https:\/\/www.csj-emballages.com\/es\/produit\/4-rollos-de-papel-higienico-de-3-capas-de-guata-blanca-de-200-tamanos\/#primaryimage"},"image":{"@id":"https:\/\/www.csj-emballages.com\/es\/produit\/4-rollos-de-papel-higienico-de-3-capas-de-guata-blanca-de-200-tamanos\/#primaryimage"},"thumbnailUrl":"https:\/\/www.csj-emballages.com\/wp-content\/uploads\/2024\/03\/01H3P.webp","datePublished":"2024-03-01T16:00:18+00:00","dateModified":"2026-05-01T00:10:17+00:00","description":"Papel higi\u00e9nico de celulosa blanca de 3 capas, 200 servicios por rollo. Se vende por 4, c\u00f3modo, resistente y adecuado para usos profesionales y cotidianos.","breadcrumb":{"@id":"https:\/\/www.csj-emballages.com\/es\/produit\/4-rollos-de-papel-higienico-de-3-capas-de-guata-blanca-de-200-tamanos\/#breadcrumb"},"inLanguage":"es","potentialAction":[{"@type":"ReadAction","target":["https:\/\/www.csj-emballages.com\/es\/produit\/4-rollos-de-papel-higienico-de-3-capas-de-guata-blanca-de-200-tamanos\/"]}]},{"@type":"ImageObject","inLanguage":"es","@id":"https:\/\/www.csj-emballages.com\/es\/produit\/4-rollos-de-papel-higienico-de-3-capas-de-guata-blanca-de-200-tamanos\/#primaryimage","url":"https:\/\/www.csj-emballages.com\/wp-content\/uploads\/2024\/03\/01H3P.webp","contentUrl":"https:\/\/www.csj-emballages.com\/wp-content\/uploads\/2024\/03\/01H3P.webp","width":800,"height":800,"caption":"Rouleau papier toilette"},{"@type":"BreadcrumbList","@id":"https:\/\/www.csj-emballages.com\/es\/produit\/4-rollos-de-papel-higienico-de-3-capas-de-guata-blanca-de-200-tamanos\/#breadcrumb","itemListElement":[{"@type":"ListItem","position":1,"name":"Accueil","item":"https:\/\/www.csj-emballages.com\/es\/universo-del-envasado-alimentario\/"},{"@type":"ListItem","position":2,"name":"Tienda","item":"https:\/\/www.csj-emballages.com\/tienda\/"},{"@type":"ListItem","position":3,"name":"Rollo de papel higi\u00e9nico de celulosa blanca de 3 capas, 200 servicios por 4"}]},{"@type":"WebSite","@id":"https:\/\/www.csj-emballages.com\/es\/#website","url":"https:\/\/www.csj-emballages.com\/es\/","name":"CSJ Emballages","description":"","publisher":{"@id":"https:\/\/www.csj-emballages.com\/es\/#organization"},"potentialAction":[{"@type":"SearchAction","target":{"@type":"EntryPoint","urlTemplate":"https:\/\/www.csj-emballages.com\/es\/?s={search_term_string}"},"query-input":{"@type":"PropertyValueSpecification","valueRequired":true,"valueName":"search_term_string"}}],"inLanguage":"es"},{"@type":"Organization","@id":"https:\/\/www.csj-emballages.com\/es\/#Organization\/","name":"CSJ Emballages","url":"https:\/\/www.csj-emballages.com\/es\/","logo":{"@type":"ImageObject","inLanguage":"es","@id":"https:\/\/www.csj-emballages.com\/es\/#\/schema\/logo\/image\/","url":"https:\/\/www.csj-emballages.com\/wp-content\/uploads\/2023\/10\/logo_csj.webp","contentUrl":"https:\/\/www.csj-emballages.com\/wp-content\/uploads\/2023\/10\/logo_csj.webp","width":250,"height":95,"caption":"CSJ Emballages"},"image":{"@id":"https:\/\/www.csj-emballages.com\/es\/#\/schema\/logo\/image\/"},"sameAs":["https:\/\/www.facebook.com\/csjemballages"],"address":{"@type":"PostalAddress","streetAddress":"ZI La Lechere","addressLocality":"Patornay","postalCode":"39130","addressCountry":"FR"},"contactPoint":[{"@type":"ContactPoint","contactType":"Service client","telephone":"0384254272","email":"contact@csj-emballages.com"}]}]}},"df_price":2.42,"df_sale_price":"","df_regular_price":2.42,"df_image_link":"https:\/\/www.csj-emballages.com\/wp-content\/uploads\/2024\/03\/01H3P-300x300.webp","tiered_pricing_type":"fixed","tiered_pricing_fixed_rules":[],"tiered_pricing_percentage_rules":[],"tiered_pricing_minimum":1,"tiered_pricing_roles_data":[],"_links":{"self":[{"href":"https:\/\/www.csj-emballages.com\/es\/wp-json\/wp\/v2\/product\/17207","targetHints":{"allow":["GET"]}}],"collection":[{"href":"https:\/\/www.csj-emballages.com\/es\/wp-json\/wp\/v2\/product"}],"about":[{"href":"https:\/\/www.csj-emballages.com\/es\/wp-json\/wp\/v2\/types\/product"}],"wp:featuredmedia":[{"embeddable":true,"href":"https:\/\/www.csj-emballages.com\/es\/wp-json\/wp\/v2\/media\/263208"}],"wp:attachment":[{"href":"https:\/\/www.csj-emballages.com\/es\/wp-json\/wp\/v2\/media?parent=17207"}],"wp:term":[{"taxonomy":"product_brand","embeddable":true,"href":"https:\/\/www.csj-emballages.com\/es\/wp-json\/wp\/v2\/product_brand?post=17207"},{"taxonomy":"product_cat","embeddable":true,"href":"https:\/\/www.csj-emballages.com\/es\/wp-json\/wp\/v2\/product_cat?post=17207"},{"taxonomy":"product_tag","embeddable":true,"href":"https:\/\/www.csj-emballages.com\/es\/wp-json\/wp\/v2\/product_tag?post=17207"}],"curies":[{"name":"wp","href":"https:\/\/api.w.org\/{rel}","templated":true}]}}