{"id":17202,"date":"2024-03-01T17:00:20","date_gmt":"2024-03-01T16:00:20","guid":{"rendered":"https:\/\/u15jnbdpoq.preview.infomaniak.website\/produit\/lejia-liquida-26-5l\/"},"modified":"2026-04-03T02:10:16","modified_gmt":"2026-04-03T00:10:16","slug":"lejia-liquida-26-5l","status":"publish","type":"product","link":"https:\/\/www.csj-emballages.com\/es\/produit\/lejia-liquida-26-5l\/","title":{"rendered":"Lej\u00eda l\u00edquida 2,6% 5L"},"content":{"rendered":"<h2 class=\"p1 ai-optimize-50\">Lej\u00eda<\/h2>\n<hr>\n<h3 class=\"ai-optimize-34\">Descripci\u00f3n de nuestra lej\u00eda l\u00edquida 2,6% 5L<\/h3>\n<p><!--more--><\/p>\n<p class=\"ai-optimize-35 ai-optimize-introduction\" data-start=\"228\" data-end=\"568\">Tanto si es un profesional como un particular, nuestra <strong data-start=\"276\" data-end=\"310\">lej\u00eda l\u00edquida DETERQUAT CL 2.6<\/strong> es indispensable para garantizar la <strong data-start=\"346\" data-end=\"383\">limpieza, la higiene y la desinfecci\u00f3n<\/strong> de todo tipo de superficies. Con una concentraci\u00f3n de <strong>cloro activo del 2,6%<\/strong>, este desinfectante es famoso por su potencia y versatilidad en entornos exigentes. <\/p>\n<p class=\"ai-optimize-36\" data-start=\"570\" data-end=\"897\"><strong data-start=\"570\" data-end=\"590\">DETERQUAT CL 2.6<\/strong> es mucho m\u00e1s que un simple <strong>blanqueador<\/strong>: es un aut\u00e9ntico <strong data-start=\"653\" data-end=\"682\">desinfectante polivalente<\/strong>, dise\u00f1ado para eliminar bacterias, virus, hongos y esporas. De hecho, es perfecto para zonas de alto riesgo como cocinas profesionales, lavabos, salas t\u00e9cnicas e instalaciones p\u00fablicas. <\/p>\n<p class=\"ai-optimize-37\" data-start=\"899\" data-end=\"1302\">Adecuado para su uso en <strong data-start=\"914\" data-end=\"943\">todas las superficies duras<\/strong> y para la <strong data-start=\"962\" data-end=\"1033\">desinfecci\u00f3n de suelos, inodoros, desag\u00fces, tuber\u00edas y peque\u00f1os equipos<\/strong>, este <strong>bid\u00f3n de 5 litros<\/strong> garantiza <strong data-start=\"1072\" data-end=\"1100\">un uso duradero<\/strong> al tiempo que cumple las normas de higiene m\u00e1s estrictas. Ya sea en los sectores de la restauraci\u00f3n, el transporte, la sanidad o el hogar, sus prestaciones lo convierten en un aliado fiable para el d\u00eda a d\u00eda. <\/p>\n<p class=\"ai-optimize-38\" data-start=\"1304\" data-end=\"1319\">Act\u00faa como :<\/p>\n<ul data-start=\"1320\" data-end=\"1420\">\n<li class=\"ai-optimize-39\" data-start=\"1320\" data-end=\"1337\">\n<p class=\"ai-optimize-40\" data-start=\"1322\" data-end=\"1337\"><strong data-start=\"1322\" data-end=\"1337\">Bactericida<\/strong><\/p>\n<\/li>\n<li class=\"ai-optimize-41\" data-start=\"1338\" data-end=\"1367\">\n<p class=\"ai-optimize-42\" data-start=\"1340\" data-end=\"1367\"><strong data-start=\"1340\" data-end=\"1367\">Levadura y fungicida<\/strong><\/p>\n<\/li>\n<li class=\"ai-optimize-43\" data-start=\"1368\" data-end=\"1382\">\n<p class=\"ai-optimize-44\" data-start=\"1370\" data-end=\"1382\"><strong data-start=\"1370\" data-end=\"1382\">Virucida<\/strong><\/p>\n<\/li>\n<li class=\"ai-optimize-45\" data-start=\"1383\" data-end=\"1404\">\n<p class=\"ai-optimize-46\" data-start=\"1385\" data-end=\"1404\"><strong data-start=\"1385\" data-end=\"1404\">Micobactericida<\/strong><\/p>\n<\/li>\n<li class=\"ai-optimize-47\" data-start=\"1405\" data-end=\"1420\">\n<p class=\"ai-optimize-48\" data-start=\"1407\" data-end=\"1420\"><strong data-start=\"1407\" data-end=\"1420\">Esporicidio<\/strong><\/p>\n<\/li>\n<\/ul>\n<p class=\"ai-optimize-49\" data-start=\"1422\" data-end=\"1541\">En resumen, con <strong data-start=\"1427\" data-end=\"1447\">DETERQUAT CL 2.6<\/strong>, usted elige la eficacia profesional para una limpieza profunda, r\u00e1pida y segura.<\/p>\n<p data-start=\"1422\" data-end=\"1541\">\n<p><!--more--><\/p>\n<h4 class=\"ai-optimize-37\"><strong>Ventajas:<\/strong><\/h4>\n<ul>\n<li class=\"ai-optimize-38\">Eficaz contra un amplio espectro de microorganismos.<\/li>\n<li class=\"ai-optimize-39\">Puede utilizarse en una amplia gama de sectores (transporte, restauraci\u00f3n, autoridades locales, etc.).<\/li>\n<li class=\"ai-optimize-40\">Esta lej\u00eda es ideal para suelos, instalaciones sanitarias, tuber\u00edas y equipos.<\/li>\n<li class=\"ai-optimize-42\">F\u00f3rmula concentrada al 2,6% para un alto poder desinfectante.<\/li>\n<li class=\"ai-optimize-46\">Formato 5L econ\u00f3mico y pr\u00e1ctico.<\/li>\n<\/ul>\n<p>&nbsp;<\/p>\n<p><!--more--><\/p>\n<h4 class=\"ai-optimize-44\">Informaci\u00f3n adicional :<\/h4>\n<ul>\n<li class=\"ai-optimize-45\"><strong>Embalaje<\/strong>: Por unidad<\/li>\n<li class=\"ai-optimize-47\"><strong>Uso<\/strong>: Blanqueador<\/li>\n<li class=\"ai-optimize-35\"><strong>Volumen<\/strong>: 5 litros<\/li>\n<li class=\"ai-optimize-47\"><b>Contenido en cloro <\/b>: 2,6<\/li>\n<\/ul>\n<p>&nbsp;<\/p>\n<p><!--more--><\/p>\n<p class=\"ai-optimize-34\">Encuentre aqu\u00ed nuestra lej\u00eda l\u00edquida 9,6% 5 : <span style=\"color: #d12727\"><a style=\"color: #d12727\" href=\"https:\/\/www.csj-emballages.com\/es\/produit\/lejia-liquida-96-5l\/\"><span style=\"color: #d12727\">00765<\/span><\/a><\/span><\/p>\n<p class=\"ai-optimize-52\">O nuestras pastillas de lej\u00eda de 500 g: <span style=\"color: #d12727\"><a style=\"color: #d12727\" href=\"https:\/\/www.csj-emballages.com\/es\/produit\/pastillas-de-lejia-500-g\/\">0079500<\/a><\/span><\/p>\n<p>&nbsp;<\/p>\n<p><!--more--><\/p>\n<p class=\"ai-optimize-41\"><a href=\"https:\/\/www.csj-emballages.com\/es\/categorie-produit\/higiene-y-mantenimiento\/productos-de-limpieza\/blanqueador-y-otros\/\">Ver el resto de nuestra gama de blanqueadores<\/a><\/p>\n","protected":false},"excerpt":{"rendered":"<p>Lej\u00eda Descripci\u00f3n de nuestra lej\u00eda l\u00edquida 2,6% 5L<\/p>\n","protected":false},"featured_media":236070,"template":"","meta":{"_acf_changed":false},"product_brand":[],"product_cat":[1226,1227,1361],"product_tag":[],"class_list":{"0":"post-17202","1":"product","2":"type-product","3":"status-publish","4":"has-post-thumbnail","6":"product_cat-higiene-y-mantenimiento","7":"product_cat-productos-de-limpieza","8":"product_cat-blanqueador-y-otros","9":"product_shipping_class-no-permitido-en-reles","11":"first","12":"instock","13":"taxable","14":"shipping-taxable","15":"purchasable","16":"product-type-simple"},"acf":[],"yoast_head":"<!-- This site is optimized with the Yoast SEO Premium plugin v26.6 (Yoast SEO v26.6) - https:\/\/yoast.com\/wordpress\/plugins\/seo\/ -->\n<title>Lej\u00eda - 2,6% 5L<\/title>\n<meta name=\"description\" content=\"Lej\u00eda desinfectante l\u00edquida DETERQUAT CL 2,6 - 5L. Bactericida, virucida, fungicida. Ideal para suelos, lavabos y superficies duras.\" \/>\n<meta name=\"robots\" content=\"index, follow, max-snippet:-1, max-image-preview:large, max-video-preview:-1\" \/>\n<link rel=\"canonical\" href=\"https:\/\/www.csj-emballages.com\/es\/produit\/lejia-liquida-26-5l\/\" \/>\n<meta property=\"og:locale\" content=\"es_ES\" \/>\n<meta property=\"og:type\" content=\"article\" \/>\n<meta property=\"og:title\" content=\"Lej\u00eda l\u00edquida 2,6% 5L\" \/>\n<meta property=\"og:description\" content=\"Lej\u00eda desinfectante l\u00edquida DETERQUAT CL 2,6 - 5L. Bactericida, virucida, fungicida. Ideal para suelos, lavabos y superficies duras.\" \/>\n<meta property=\"og:url\" content=\"https:\/\/www.csj-emballages.com\/es\/produit\/lejia-liquida-26-5l\/\" \/>\n<meta property=\"og:site_name\" content=\"CSJ Emballages\" \/>\n<meta property=\"article:publisher\" content=\"https:\/\/www.facebook.com\/csjemballages\" \/>\n<meta property=\"article:modified_time\" content=\"2026-04-03T00:10:16+00:00\" \/>\n<meta property=\"og:image\" content=\"https:\/\/www.csj-emballages.com\/wp-content\/uploads\/2024\/03\/00785.webp\" \/>\n\t<meta property=\"og:image:width\" content=\"800\" \/>\n\t<meta property=\"og:image:height\" content=\"800\" \/>\n\t<meta property=\"og:image:type\" content=\"image\/webp\" \/>\n<meta name=\"twitter:card\" content=\"summary_large_image\" \/>\n<meta name=\"twitter:label1\" content=\"Tiempo de lectura\" \/>\n\t<meta name=\"twitter:data1\" content=\"2 minutos\" \/>\n<script type=\"application\/ld+json\" class=\"yoast-schema-graph\">{\"@context\":\"https:\/\/schema.org\",\"@graph\":[{\"@type\":\"WebPage\",\"@id\":\"https:\/\/www.csj-emballages.com\/es\/produit\/lejia-liquida-26-5l\/\",\"url\":\"https:\/\/www.csj-emballages.com\/es\/produit\/lejia-liquida-26-5l\/\",\"name\":\"Lej\u00eda - 2,6% 5L\",\"isPartOf\":{\"@id\":\"https:\/\/www.csj-emballages.com\/es\/#website\"},\"primaryImageOfPage\":{\"@id\":\"https:\/\/www.csj-emballages.com\/es\/produit\/lejia-liquida-26-5l\/#primaryimage\"},\"image\":{\"@id\":\"https:\/\/www.csj-emballages.com\/es\/produit\/lejia-liquida-26-5l\/#primaryimage\"},\"thumbnailUrl\":\"https:\/\/www.csj-emballages.com\/wp-content\/uploads\/2024\/03\/00785.webp\",\"datePublished\":\"2024-03-01T16:00:20+00:00\",\"dateModified\":\"2026-04-03T00:10:16+00:00\",\"description\":\"Lej\u00eda desinfectante l\u00edquida DETERQUAT CL 2,6 - 5L. Bactericida, virucida, fungicida. Ideal para suelos, lavabos y superficies duras.\",\"breadcrumb\":{\"@id\":\"https:\/\/www.csj-emballages.com\/es\/produit\/lejia-liquida-26-5l\/#breadcrumb\"},\"inLanguage\":\"es\",\"potentialAction\":[{\"@type\":\"ReadAction\",\"target\":[\"https:\/\/www.csj-emballages.com\/es\/produit\/lejia-liquida-26-5l\/\"]}]},{\"@type\":\"ImageObject\",\"inLanguage\":\"es\",\"@id\":\"https:\/\/www.csj-emballages.com\/es\/produit\/lejia-liquida-26-5l\/#primaryimage\",\"url\":\"https:\/\/www.csj-emballages.com\/wp-content\/uploads\/2024\/03\/00785.webp\",\"contentUrl\":\"https:\/\/www.csj-emballages.com\/wp-content\/uploads\/2024\/03\/00785.webp\",\"width\":800,\"height\":800,\"caption\":\"Eau de javel\"},{\"@type\":\"BreadcrumbList\",\"@id\":\"https:\/\/www.csj-emballages.com\/es\/produit\/lejia-liquida-26-5l\/#breadcrumb\",\"itemListElement\":[{\"@type\":\"ListItem\",\"position\":1,\"name\":\"Accueil\",\"item\":\"https:\/\/www.csj-emballages.com\/es\/universo-del-envasado-alimentario\/\"},{\"@type\":\"ListItem\",\"position\":2,\"name\":\"Tienda\",\"item\":\"https:\/\/www.csj-emballages.com\/tienda\/\"},{\"@type\":\"ListItem\",\"position\":3,\"name\":\"Lej\u00eda l\u00edquida 2,6% 5L\"}]},{\"@type\":\"WebSite\",\"@id\":\"https:\/\/www.csj-emballages.com\/es\/#website\",\"url\":\"https:\/\/www.csj-emballages.com\/es\/\",\"name\":\"CSJ Emballages\",\"description\":\"\",\"publisher\":{\"@id\":\"https:\/\/www.csj-emballages.com\/es\/#organization\"},\"potentialAction\":[{\"@type\":\"SearchAction\",\"target\":{\"@type\":\"EntryPoint\",\"urlTemplate\":\"https:\/\/www.csj-emballages.com\/es\/?s={search_term_string}\"},\"query-input\":{\"@type\":\"PropertyValueSpecification\",\"valueRequired\":true,\"valueName\":\"search_term_string\"}}],\"inLanguage\":\"es\"},{\"@type\":\"Organization\",\"@id\":\"https:\/\/www.csj-emballages.com\/es\/#Organization\/\",\"name\":\"CSJ Emballages\",\"url\":\"https:\/\/www.csj-emballages.com\/es\/\",\"logo\":{\"@type\":\"ImageObject\",\"inLanguage\":\"es\",\"@id\":\"https:\/\/www.csj-emballages.com\/es\/#\/schema\/logo\/image\/\",\"url\":\"https:\/\/www.csj-emballages.com\/wp-content\/uploads\/2023\/10\/logo_csj.webp\",\"contentUrl\":\"https:\/\/www.csj-emballages.com\/wp-content\/uploads\/2023\/10\/logo_csj.webp\",\"width\":250,\"height\":95,\"caption\":\"CSJ Emballages\"},\"image\":{\"@id\":\"https:\/\/www.csj-emballages.com\/es\/#\/schema\/logo\/image\/\"},\"sameAs\":[\"https:\/\/www.facebook.com\/csjemballages\"],\"address\":{\"@type\":\"PostalAddress\",\"streetAddress\":\"ZI La Lechere\",\"addressLocality\":\"Patornay\",\"postalCode\":\"39130\",\"addressCountry\":\"FR\"},\"contactPoint\":[{\"@type\":\"ContactPoint\",\"contactType\":\"Service client\",\"telephone\":\"0384254272\",\"email\":\"contact@csj-emballages.com\"}]}]}<\/script>\n<!-- \/ Yoast SEO Premium plugin. -->","yoast_head_json":{"title":"Lej\u00eda - 2,6% 5L","description":"Lej\u00eda desinfectante l\u00edquida DETERQUAT CL 2,6 - 5L. Bactericida, virucida, fungicida. Ideal para suelos, lavabos y superficies duras.","robots":{"index":"index","follow":"follow","max-snippet":"max-snippet:-1","max-image-preview":"max-image-preview:large","max-video-preview":"max-video-preview:-1"},"canonical":"https:\/\/www.csj-emballages.com\/es\/produit\/lejia-liquida-26-5l\/","og_locale":"es_ES","og_type":"article","og_title":"Lej\u00eda l\u00edquida 2,6% 5L","og_description":"Lej\u00eda desinfectante l\u00edquida DETERQUAT CL 2,6 - 5L. Bactericida, virucida, fungicida. Ideal para suelos, lavabos y superficies duras.","og_url":"https:\/\/www.csj-emballages.com\/es\/produit\/lejia-liquida-26-5l\/","og_site_name":"CSJ Emballages","article_publisher":"https:\/\/www.facebook.com\/csjemballages","article_modified_time":"2026-04-03T00:10:16+00:00","og_image":[{"width":800,"height":800,"url":"https:\/\/www.csj-emballages.com\/wp-content\/uploads\/2024\/03\/00785.webp","type":"image\/webp"}],"twitter_card":"summary_large_image","twitter_misc":{"Tiempo de lectura":"2 minutos"},"schema":{"@context":"https:\/\/schema.org","@graph":[{"@type":"WebPage","@id":"https:\/\/www.csj-emballages.com\/es\/produit\/lejia-liquida-26-5l\/","url":"https:\/\/www.csj-emballages.com\/es\/produit\/lejia-liquida-26-5l\/","name":"Lej\u00eda - 2,6% 5L","isPartOf":{"@id":"https:\/\/www.csj-emballages.com\/es\/#website"},"primaryImageOfPage":{"@id":"https:\/\/www.csj-emballages.com\/es\/produit\/lejia-liquida-26-5l\/#primaryimage"},"image":{"@id":"https:\/\/www.csj-emballages.com\/es\/produit\/lejia-liquida-26-5l\/#primaryimage"},"thumbnailUrl":"https:\/\/www.csj-emballages.com\/wp-content\/uploads\/2024\/03\/00785.webp","datePublished":"2024-03-01T16:00:20+00:00","dateModified":"2026-04-03T00:10:16+00:00","description":"Lej\u00eda desinfectante l\u00edquida DETERQUAT CL 2,6 - 5L. Bactericida, virucida, fungicida. Ideal para suelos, lavabos y superficies duras.","breadcrumb":{"@id":"https:\/\/www.csj-emballages.com\/es\/produit\/lejia-liquida-26-5l\/#breadcrumb"},"inLanguage":"es","potentialAction":[{"@type":"ReadAction","target":["https:\/\/www.csj-emballages.com\/es\/produit\/lejia-liquida-26-5l\/"]}]},{"@type":"ImageObject","inLanguage":"es","@id":"https:\/\/www.csj-emballages.com\/es\/produit\/lejia-liquida-26-5l\/#primaryimage","url":"https:\/\/www.csj-emballages.com\/wp-content\/uploads\/2024\/03\/00785.webp","contentUrl":"https:\/\/www.csj-emballages.com\/wp-content\/uploads\/2024\/03\/00785.webp","width":800,"height":800,"caption":"Eau de javel"},{"@type":"BreadcrumbList","@id":"https:\/\/www.csj-emballages.com\/es\/produit\/lejia-liquida-26-5l\/#breadcrumb","itemListElement":[{"@type":"ListItem","position":1,"name":"Accueil","item":"https:\/\/www.csj-emballages.com\/es\/universo-del-envasado-alimentario\/"},{"@type":"ListItem","position":2,"name":"Tienda","item":"https:\/\/www.csj-emballages.com\/tienda\/"},{"@type":"ListItem","position":3,"name":"Lej\u00eda l\u00edquida 2,6% 5L"}]},{"@type":"WebSite","@id":"https:\/\/www.csj-emballages.com\/es\/#website","url":"https:\/\/www.csj-emballages.com\/es\/","name":"CSJ Emballages","description":"","publisher":{"@id":"https:\/\/www.csj-emballages.com\/es\/#organization"},"potentialAction":[{"@type":"SearchAction","target":{"@type":"EntryPoint","urlTemplate":"https:\/\/www.csj-emballages.com\/es\/?s={search_term_string}"},"query-input":{"@type":"PropertyValueSpecification","valueRequired":true,"valueName":"search_term_string"}}],"inLanguage":"es"},{"@type":"Organization","@id":"https:\/\/www.csj-emballages.com\/es\/#Organization\/","name":"CSJ Emballages","url":"https:\/\/www.csj-emballages.com\/es\/","logo":{"@type":"ImageObject","inLanguage":"es","@id":"https:\/\/www.csj-emballages.com\/es\/#\/schema\/logo\/image\/","url":"https:\/\/www.csj-emballages.com\/wp-content\/uploads\/2023\/10\/logo_csj.webp","contentUrl":"https:\/\/www.csj-emballages.com\/wp-content\/uploads\/2023\/10\/logo_csj.webp","width":250,"height":95,"caption":"CSJ Emballages"},"image":{"@id":"https:\/\/www.csj-emballages.com\/es\/#\/schema\/logo\/image\/"},"sameAs":["https:\/\/www.facebook.com\/csjemballages"],"address":{"@type":"PostalAddress","streetAddress":"ZI La Lechere","addressLocality":"Patornay","postalCode":"39130","addressCountry":"FR"},"contactPoint":[{"@type":"ContactPoint","contactType":"Service client","telephone":"0384254272","email":"contact@csj-emballages.com"}]}]}},"df_price":3.94,"df_sale_price":"","df_regular_price":3.94,"df_image_link":"https:\/\/www.csj-emballages.com\/wp-content\/uploads\/2024\/03\/00785-300x300.webp","tiered_pricing_type":"fixed","tiered_pricing_fixed_rules":[],"tiered_pricing_percentage_rules":[],"tiered_pricing_minimum":1,"tiered_pricing_roles_data":[],"_links":{"self":[{"href":"https:\/\/www.csj-emballages.com\/es\/wp-json\/wp\/v2\/product\/17202","targetHints":{"allow":["GET"]}}],"collection":[{"href":"https:\/\/www.csj-emballages.com\/es\/wp-json\/wp\/v2\/product"}],"about":[{"href":"https:\/\/www.csj-emballages.com\/es\/wp-json\/wp\/v2\/types\/product"}],"wp:featuredmedia":[{"embeddable":true,"href":"https:\/\/www.csj-emballages.com\/es\/wp-json\/wp\/v2\/media\/236070"}],"wp:attachment":[{"href":"https:\/\/www.csj-emballages.com\/es\/wp-json\/wp\/v2\/media?parent=17202"}],"wp:term":[{"taxonomy":"product_brand","embeddable":true,"href":"https:\/\/www.csj-emballages.com\/es\/wp-json\/wp\/v2\/product_brand?post=17202"},{"taxonomy":"product_cat","embeddable":true,"href":"https:\/\/www.csj-emballages.com\/es\/wp-json\/wp\/v2\/product_cat?post=17202"},{"taxonomy":"product_tag","embeddable":true,"href":"https:\/\/www.csj-emballages.com\/es\/wp-json\/wp\/v2\/product_tag?post=17202"}],"curies":[{"name":"wp","href":"https:\/\/api.w.org\/{rel}","templated":true}]}}