{"id":17201,"date":"2024-03-01T17:00:18","date_gmt":"2024-03-01T16:00:18","guid":{"rendered":"https:\/\/u15jnbdpoq.preview.infomaniak.website\/produit\/pulimento-acero-inoxidable-spray-750ml\/"},"modified":"2026-04-30T02:10:15","modified_gmt":"2026-04-30T00:10:15","slug":"pulimento-acero-inoxidable-spray-750ml","status":"publish","type":"product","link":"https:\/\/www.csj-emballages.com\/es\/produit\/pulimento-acero-inoxidable-spray-750ml\/","title":{"rendered":"Pulimento acero inoxidable spray 750ml"},"content":{"rendered":"<h2>Pulido de acero inoxidable<\/h2>\n<hr>\n<h3>Descripci\u00f3n de nuestro abrillantador de acero inoxidable de 400 ml<\/h3>\n<p><!--more--><\/p>\n<p class=\"\" data-start=\"227\" data-end=\"579\">Si trabaja en la cocina o en un entorno profesional en el que<strong>el acero inoxidable<\/strong> est\u00e1 omnipresente (encimeras, campanas, m\u00e1quinas, etc.), sabr\u00e1 lo dif\u00edcil que es mantener estas superficies impecables. Este <strong data-start=\"443\" data-end=\"479\">abrillantador en spray para acero inoxidable de 750 ml<\/strong> ha sido dise\u00f1ado para satisfacer esta exigente necesidad de limpieza y est\u00e9tica, sin concesiones. <\/p>\n<p class=\"\" data-start=\"581\" data-end=\"1024\">Gracias a su innovadora formulaci\u00f3n, deja una pel\u00edcula fina, brillante y uniforme sobre todas las superficies <strong>de acero inoxidable<\/strong>, sin dejar residuos grasos ni rayas. Esta pel\u00edcula protectora crea un <strong data-start=\"783\" data-end=\"805\">efecto antiest\u00e1tico<\/strong>, impidiendo que el polvo y las part\u00edculas de grasa se vuelvan a depositar r\u00e1pidamente en la superficie. El resultado: una superficie brillante que dura m\u00e1s, una limpieza menos frecuente y una cocina que irradia rigor y limpieza.  <\/p>\n<p class=\"\" data-start=\"1026\" data-end=\"1319\">Su formato <strong>en spray<\/strong> es muy pr\u00e1ctico: basta con pulverizar uniformemente y limpiar con un pa\u00f1o suave. Perfecto para profesionales de la restauraci\u00f3n, servicios de catering e incluso clientes particulares exigentes, este abrillantador se est\u00e1 convirtiendo r\u00e1pidamente en un producto imprescindible para el mantenimiento diario. <\/p>\n<p class=\"\" data-start=\"1321\" data-end=\"1494\">Adem\u00e1s de mejorar el aspecto visual de sus superficies, este <strong data-start=\"443\" data-end=\"479\">pulimento para acero<\/strong> inoxidable tambi\u00e9n act\u00faa como barrera protectora, limitando la adherencia de la suciedad y facilitando la limpieza posterior.<\/p>\n<p><!--more--><\/p>\n<h4><strong>Ventajas:<\/strong><\/h4>\n<ul>\n<li><strong>F\u00f3rmula antiest\u00e1tica<\/strong>: evita que el polvo y la grasa se vuelvan a depositar.<\/li>\n<li>Acabado brillante y uniforme sin rayas.<\/li>\n<li>F\u00e1cil de aplicar gracias a su pulverizador ergon\u00f3mico.<\/li>\n<li><strong>Ahorro de tiempo<\/strong>: Limpieza r\u00e1pida y eficaz, que te ahorra horas de esfuerzo manual.<\/li>\n<li><strong>Acabado sin estr\u00edas<\/strong>: Textura no grasa que no deja residuos tras la limpieza, para un resultado impecable.<\/li>\n<\/ul>\n<p>&nbsp;<\/p>\n<p><!--more--><\/p>\n<h4>Instrucciones de uso :<\/h4>\n<ul>\n<li>Pulveriza una peque\u00f1a cantidad de BRINOX sobre la superficie a tratar y l\u00edmpiala con un pa\u00f1o seco.<\/li>\n<li>No utilizar en superficies en contacto directo con alimentos<\/li>\n<\/ul>\n<p>&nbsp;<\/p>\n<p><!--more--><\/p>\n<h4>Informaci\u00f3n adicional :<\/h4>\n<ul>\n<li><strong>Embalaje<\/strong>: Por unidad<\/li>\n<li><strong>Color<\/strong>: Amarillo<\/li>\n<li><strong>Volumen<\/strong>: 750 ml<\/li>\n<li><strong>Uso<\/strong>: Pulir<\/li>\n<\/ul>\n<p>&nbsp;<\/p>\n<p><!--more--><\/p>\n<p>Encuentre aqu\u00ed nuestro abrillantador para acero inoxidable en 400 ml : <span style=\"color: #d12727;\"><a style=\"color: #d12727;\" href=\"https:\/\/www.csj-emballages.com\/es\/produit\/pulimento-acero-inoxidable-en-spray-400ml\/\">0215400<\/a><\/span><\/p>\n<p>&nbsp;<\/p>\n<p><!--more--><\/p>\n<p><a href=\"https:\/\/www.csj-emballages.com\/es\/categorie-produit\/higiene-y-mantenimiento\/productos-de-limpieza\/cocina\/\">Ver el resto de nuestra gama de productos para el cuidado de la cocina<\/a><\/p>\n","protected":false},"excerpt":{"rendered":"<p>Pulido de acero inoxidable Descripci\u00f3n de nuestro abrillantador de acero inoxidable de 400 ml<\/p>\n","protected":false},"featured_media":222187,"template":"","meta":{"_acf_changed":false},"product_brand":[],"product_cat":[1226,1227,1355],"product_tag":[],"class_list":{"0":"post-17201","1":"product","2":"type-product","3":"status-publish","4":"has-post-thumbnail","6":"product_cat-higiene-y-mantenimiento","7":"product_cat-productos-de-limpieza","8":"product_cat-cocina","10":"first","11":"instock","12":"taxable","13":"shipping-taxable","14":"purchasable","15":"product-type-simple"},"acf":[],"yoast_head":"<!-- This site is optimized with the Yoast SEO Premium plugin v26.6 (Yoast SEO v26.6) - https:\/\/yoast.com\/wordpress\/plugins\/seo\/ -->\n<title>Pulimento acero inoxidable spray 750ml<\/title>\n<meta name=\"description\" content=\"Descubra nuestro spray abrillantador para acero inoxidable de 750 ml. Este producto es un abrillantador para acero inoxidable o superficies pulidas. Se venden por unidad\" \/>\n<meta name=\"robots\" content=\"index, follow, max-snippet:-1, max-image-preview:large, max-video-preview:-1\" \/>\n<link rel=\"canonical\" href=\"https:\/\/www.csj-emballages.com\/es\/produit\/pulimento-acero-inoxidable-spray-750ml\/\" \/>\n<meta property=\"og:locale\" content=\"es_ES\" \/>\n<meta property=\"og:type\" content=\"article\" \/>\n<meta property=\"og:title\" content=\"Pulimento acero inoxidable spray 750ml\" \/>\n<meta property=\"og:description\" content=\"Descubra nuestro spray abrillantador para acero inoxidable de 750 ml. Este producto es un abrillantador para acero inoxidable o superficies pulidas. Se venden por unidad\" \/>\n<meta property=\"og:url\" content=\"https:\/\/www.csj-emballages.com\/es\/produit\/pulimento-acero-inoxidable-spray-750ml\/\" \/>\n<meta property=\"og:site_name\" content=\"CSJ Emballages\" \/>\n<meta property=\"article:publisher\" content=\"https:\/\/www.facebook.com\/csjemballages\" \/>\n<meta property=\"article:modified_time\" content=\"2026-04-30T00:10:15+00:00\" \/>\n<meta property=\"og:image\" content=\"https:\/\/www.csj-emballages.com\/wp-content\/uploads\/2024\/03\/Lustrant-inox.webp\" \/>\n\t<meta property=\"og:image:width\" content=\"800\" \/>\n\t<meta property=\"og:image:height\" content=\"800\" \/>\n\t<meta property=\"og:image:type\" content=\"image\/webp\" \/>\n<meta name=\"twitter:card\" content=\"summary_large_image\" \/>\n<meta name=\"twitter:label1\" content=\"Tiempo de lectura\" \/>\n\t<meta name=\"twitter:data1\" content=\"2 minutos\" \/>\n<script type=\"application\/ld+json\" class=\"yoast-schema-graph\">{\"@context\":\"https:\/\/schema.org\",\"@graph\":[{\"@type\":\"WebPage\",\"@id\":\"https:\/\/www.csj-emballages.com\/es\/produit\/pulimento-acero-inoxidable-spray-750ml\/\",\"url\":\"https:\/\/www.csj-emballages.com\/es\/produit\/pulimento-acero-inoxidable-spray-750ml\/\",\"name\":\"Pulimento acero inoxidable spray 750ml\",\"isPartOf\":{\"@id\":\"https:\/\/www.csj-emballages.com\/es\/#website\"},\"primaryImageOfPage\":{\"@id\":\"https:\/\/www.csj-emballages.com\/es\/produit\/pulimento-acero-inoxidable-spray-750ml\/#primaryimage\"},\"image\":{\"@id\":\"https:\/\/www.csj-emballages.com\/es\/produit\/pulimento-acero-inoxidable-spray-750ml\/#primaryimage\"},\"thumbnailUrl\":\"https:\/\/www.csj-emballages.com\/wp-content\/uploads\/2024\/03\/Lustrant-inox.webp\",\"datePublished\":\"2024-03-01T16:00:18+00:00\",\"dateModified\":\"2026-04-30T00:10:15+00:00\",\"description\":\"Descubra nuestro spray abrillantador para acero inoxidable de 750 ml. Este producto es un abrillantador para acero inoxidable o superficies pulidas. Se venden por unidad\",\"breadcrumb\":{\"@id\":\"https:\/\/www.csj-emballages.com\/es\/produit\/pulimento-acero-inoxidable-spray-750ml\/#breadcrumb\"},\"inLanguage\":\"es\",\"potentialAction\":[{\"@type\":\"ReadAction\",\"target\":[\"https:\/\/www.csj-emballages.com\/es\/produit\/pulimento-acero-inoxidable-spray-750ml\/\"]}]},{\"@type\":\"ImageObject\",\"inLanguage\":\"es\",\"@id\":\"https:\/\/www.csj-emballages.com\/es\/produit\/pulimento-acero-inoxidable-spray-750ml\/#primaryimage\",\"url\":\"https:\/\/www.csj-emballages.com\/wp-content\/uploads\/2024\/03\/Lustrant-inox.webp\",\"contentUrl\":\"https:\/\/www.csj-emballages.com\/wp-content\/uploads\/2024\/03\/Lustrant-inox.webp\",\"width\":800,\"height\":800,\"caption\":\"Lustrant inox\"},{\"@type\":\"BreadcrumbList\",\"@id\":\"https:\/\/www.csj-emballages.com\/es\/produit\/pulimento-acero-inoxidable-spray-750ml\/#breadcrumb\",\"itemListElement\":[{\"@type\":\"ListItem\",\"position\":1,\"name\":\"Accueil\",\"item\":\"https:\/\/www.csj-emballages.com\/es\/universo-del-envasado-alimentario\/\"},{\"@type\":\"ListItem\",\"position\":2,\"name\":\"Tienda\",\"item\":\"https:\/\/www.csj-emballages.com\/tienda\/\"},{\"@type\":\"ListItem\",\"position\":3,\"name\":\"Pulimento acero inoxidable spray 750ml\"}]},{\"@type\":\"WebSite\",\"@id\":\"https:\/\/www.csj-emballages.com\/es\/#website\",\"url\":\"https:\/\/www.csj-emballages.com\/es\/\",\"name\":\"CSJ Emballages\",\"description\":\"\",\"publisher\":{\"@id\":\"https:\/\/www.csj-emballages.com\/es\/#organization\"},\"potentialAction\":[{\"@type\":\"SearchAction\",\"target\":{\"@type\":\"EntryPoint\",\"urlTemplate\":\"https:\/\/www.csj-emballages.com\/es\/?s={search_term_string}\"},\"query-input\":{\"@type\":\"PropertyValueSpecification\",\"valueRequired\":true,\"valueName\":\"search_term_string\"}}],\"inLanguage\":\"es\"},{\"@type\":\"Organization\",\"@id\":\"https:\/\/www.csj-emballages.com\/es\/#Organization\/\",\"name\":\"CSJ Emballages\",\"url\":\"https:\/\/www.csj-emballages.com\/es\/\",\"logo\":{\"@type\":\"ImageObject\",\"inLanguage\":\"es\",\"@id\":\"https:\/\/www.csj-emballages.com\/es\/#\/schema\/logo\/image\/\",\"url\":\"https:\/\/www.csj-emballages.com\/wp-content\/uploads\/2023\/10\/logo_csj.webp\",\"contentUrl\":\"https:\/\/www.csj-emballages.com\/wp-content\/uploads\/2023\/10\/logo_csj.webp\",\"width\":250,\"height\":95,\"caption\":\"CSJ Emballages\"},\"image\":{\"@id\":\"https:\/\/www.csj-emballages.com\/es\/#\/schema\/logo\/image\/\"},\"sameAs\":[\"https:\/\/www.facebook.com\/csjemballages\"],\"address\":{\"@type\":\"PostalAddress\",\"streetAddress\":\"ZI La Lechere\",\"addressLocality\":\"Patornay\",\"postalCode\":\"39130\",\"addressCountry\":\"FR\"},\"contactPoint\":[{\"@type\":\"ContactPoint\",\"contactType\":\"Service client\",\"telephone\":\"0384254272\",\"email\":\"contact@csj-emballages.com\"}]}]}<\/script>\n<!-- \/ Yoast SEO Premium plugin. -->","yoast_head_json":{"title":"Pulimento acero inoxidable spray 750ml","description":"Descubra nuestro spray abrillantador para acero inoxidable de 750 ml. Este producto es un abrillantador para acero inoxidable o superficies pulidas. Se venden por unidad","robots":{"index":"index","follow":"follow","max-snippet":"max-snippet:-1","max-image-preview":"max-image-preview:large","max-video-preview":"max-video-preview:-1"},"canonical":"https:\/\/www.csj-emballages.com\/es\/produit\/pulimento-acero-inoxidable-spray-750ml\/","og_locale":"es_ES","og_type":"article","og_title":"Pulimento acero inoxidable spray 750ml","og_description":"Descubra nuestro spray abrillantador para acero inoxidable de 750 ml. Este producto es un abrillantador para acero inoxidable o superficies pulidas. Se venden por unidad","og_url":"https:\/\/www.csj-emballages.com\/es\/produit\/pulimento-acero-inoxidable-spray-750ml\/","og_site_name":"CSJ Emballages","article_publisher":"https:\/\/www.facebook.com\/csjemballages","article_modified_time":"2026-04-30T00:10:15+00:00","og_image":[{"width":800,"height":800,"url":"https:\/\/www.csj-emballages.com\/wp-content\/uploads\/2024\/03\/Lustrant-inox.webp","type":"image\/webp"}],"twitter_card":"summary_large_image","twitter_misc":{"Tiempo de lectura":"2 minutos"},"schema":{"@context":"https:\/\/schema.org","@graph":[{"@type":"WebPage","@id":"https:\/\/www.csj-emballages.com\/es\/produit\/pulimento-acero-inoxidable-spray-750ml\/","url":"https:\/\/www.csj-emballages.com\/es\/produit\/pulimento-acero-inoxidable-spray-750ml\/","name":"Pulimento acero inoxidable spray 750ml","isPartOf":{"@id":"https:\/\/www.csj-emballages.com\/es\/#website"},"primaryImageOfPage":{"@id":"https:\/\/www.csj-emballages.com\/es\/produit\/pulimento-acero-inoxidable-spray-750ml\/#primaryimage"},"image":{"@id":"https:\/\/www.csj-emballages.com\/es\/produit\/pulimento-acero-inoxidable-spray-750ml\/#primaryimage"},"thumbnailUrl":"https:\/\/www.csj-emballages.com\/wp-content\/uploads\/2024\/03\/Lustrant-inox.webp","datePublished":"2024-03-01T16:00:18+00:00","dateModified":"2026-04-30T00:10:15+00:00","description":"Descubra nuestro spray abrillantador para acero inoxidable de 750 ml. Este producto es un abrillantador para acero inoxidable o superficies pulidas. Se venden por unidad","breadcrumb":{"@id":"https:\/\/www.csj-emballages.com\/es\/produit\/pulimento-acero-inoxidable-spray-750ml\/#breadcrumb"},"inLanguage":"es","potentialAction":[{"@type":"ReadAction","target":["https:\/\/www.csj-emballages.com\/es\/produit\/pulimento-acero-inoxidable-spray-750ml\/"]}]},{"@type":"ImageObject","inLanguage":"es","@id":"https:\/\/www.csj-emballages.com\/es\/produit\/pulimento-acero-inoxidable-spray-750ml\/#primaryimage","url":"https:\/\/www.csj-emballages.com\/wp-content\/uploads\/2024\/03\/Lustrant-inox.webp","contentUrl":"https:\/\/www.csj-emballages.com\/wp-content\/uploads\/2024\/03\/Lustrant-inox.webp","width":800,"height":800,"caption":"Lustrant inox"},{"@type":"BreadcrumbList","@id":"https:\/\/www.csj-emballages.com\/es\/produit\/pulimento-acero-inoxidable-spray-750ml\/#breadcrumb","itemListElement":[{"@type":"ListItem","position":1,"name":"Accueil","item":"https:\/\/www.csj-emballages.com\/es\/universo-del-envasado-alimentario\/"},{"@type":"ListItem","position":2,"name":"Tienda","item":"https:\/\/www.csj-emballages.com\/tienda\/"},{"@type":"ListItem","position":3,"name":"Pulimento acero inoxidable spray 750ml"}]},{"@type":"WebSite","@id":"https:\/\/www.csj-emballages.com\/es\/#website","url":"https:\/\/www.csj-emballages.com\/es\/","name":"CSJ Emballages","description":"","publisher":{"@id":"https:\/\/www.csj-emballages.com\/es\/#organization"},"potentialAction":[{"@type":"SearchAction","target":{"@type":"EntryPoint","urlTemplate":"https:\/\/www.csj-emballages.com\/es\/?s={search_term_string}"},"query-input":{"@type":"PropertyValueSpecification","valueRequired":true,"valueName":"search_term_string"}}],"inLanguage":"es"},{"@type":"Organization","@id":"https:\/\/www.csj-emballages.com\/es\/#Organization\/","name":"CSJ Emballages","url":"https:\/\/www.csj-emballages.com\/es\/","logo":{"@type":"ImageObject","inLanguage":"es","@id":"https:\/\/www.csj-emballages.com\/es\/#\/schema\/logo\/image\/","url":"https:\/\/www.csj-emballages.com\/wp-content\/uploads\/2023\/10\/logo_csj.webp","contentUrl":"https:\/\/www.csj-emballages.com\/wp-content\/uploads\/2023\/10\/logo_csj.webp","width":250,"height":95,"caption":"CSJ Emballages"},"image":{"@id":"https:\/\/www.csj-emballages.com\/es\/#\/schema\/logo\/image\/"},"sameAs":["https:\/\/www.facebook.com\/csjemballages"],"address":{"@type":"PostalAddress","streetAddress":"ZI La Lechere","addressLocality":"Patornay","postalCode":"39130","addressCountry":"FR"},"contactPoint":[{"@type":"ContactPoint","contactType":"Service client","telephone":"0384254272","email":"contact@csj-emballages.com"}]}]}},"df_price":5.48,"df_sale_price":"","df_regular_price":5.48,"df_image_link":"https:\/\/www.csj-emballages.com\/wp-content\/uploads\/2024\/03\/Lustrant-inox-300x300.webp","tiered_pricing_type":"fixed","tiered_pricing_fixed_rules":[],"tiered_pricing_percentage_rules":[],"tiered_pricing_minimum":1,"tiered_pricing_roles_data":[],"_links":{"self":[{"href":"https:\/\/www.csj-emballages.com\/es\/wp-json\/wp\/v2\/product\/17201","targetHints":{"allow":["GET"]}}],"collection":[{"href":"https:\/\/www.csj-emballages.com\/es\/wp-json\/wp\/v2\/product"}],"about":[{"href":"https:\/\/www.csj-emballages.com\/es\/wp-json\/wp\/v2\/types\/product"}],"wp:featuredmedia":[{"embeddable":true,"href":"https:\/\/www.csj-emballages.com\/es\/wp-json\/wp\/v2\/media\/222187"}],"wp:attachment":[{"href":"https:\/\/www.csj-emballages.com\/es\/wp-json\/wp\/v2\/media?parent=17201"}],"wp:term":[{"taxonomy":"product_brand","embeddable":true,"href":"https:\/\/www.csj-emballages.com\/es\/wp-json\/wp\/v2\/product_brand?post=17201"},{"taxonomy":"product_cat","embeddable":true,"href":"https:\/\/www.csj-emballages.com\/es\/wp-json\/wp\/v2\/product_cat?post=17201"},{"taxonomy":"product_tag","embeddable":true,"href":"https:\/\/www.csj-emballages.com\/es\/wp-json\/wp\/v2\/product_tag?post=17201"}],"curies":[{"name":"wp","href":"https:\/\/api.w.org\/{rel}","templated":true}]}}