{"id":17195,"date":"2024-03-01T17:00:19","date_gmt":"2024-03-01T16:00:19","guid":{"rendered":"https:\/\/u15jnbdpoq.preview.infomaniak.website\/produit\/12-rollos-de-papel-higienico-de-algodon-blanco-de-2-capas-180-formatos\/"},"modified":"2026-05-04T16:00:24","modified_gmt":"2026-05-04T14:00:24","slug":"12-rollos-de-papel-higienico-de-algodon-blanco-de-2-capas-180-formatos","status":"publish","type":"product","link":"https:\/\/www.csj-emballages.com\/es\/produit\/12-rollos-de-papel-higienico-de-algodon-blanco-de-2-capas-180-formatos\/","title":{"rendered":"Rollo de papel higi\u00e9nico de celulosa blanca de 2 capas, 180 servicios por 12"},"content":{"rendered":"<h2>Rollo de papel higi\u00e9nico<\/h2>\n<hr>\n<h3>Descripci\u00f3n de nuestro rollo de papel higi\u00e9nico de celulosa blanca de 2 capas, 180 servicios por 12<\/h3>\n<p><!--more--><\/p>\n<div class=\"flex max-w-full flex-col flex-grow\">\n<div class=\"min-h-8 text-message flex w-full flex-col items-end gap-2 whitespace-normal break-words text-start [.text-message+&amp;]:mt-5\" dir=\"auto\" data-message-author-role=\"assistant\" data-message-id=\"266ca6f3-5e07-4948-bd20-80ac5e6da4a5\" data-message-model-slug=\"gpt-4o\">\n<div class=\"flex w-full flex-col gap-1 empty:hidden first:pt-[3px]\">\n<div class=\"markdown prose w-full break-words dark:prose-invert dark\">\n<p data-start=\"223\" data-end=\"586\">Este <strong data-start=\"226\" data-end=\"269\">papel higi\u00e9nico de celulosa blanca de 2 capas<\/strong> est\u00e1 pensado para un uso diario c\u00f3modo, sencillo y eficaz. Suave al tacto a la vez que resistente, ofrece un buen equilibrio entre confort y solidez, lo que lo hace agradable de usar d\u00eda tras d\u00eda. Sus <strong data-start=\"489\" data-end=\"499\">2 capas<\/strong> aseguran una mayor resistencia y evitan que se rompa con demasiada facilidad al usarlo.  <\/p>\n<p data-start=\"588\" data-end=\"939\">Con sus <strong data-start=\"597\" data-end=\"624\">180 servicios por rollo<\/strong>, permite un uso prolongado y limita las sustituciones demasiado frecuentes. Es una verdadera ventaja en entornos de alta frecuencia, donde la comodidad de los usuarios cuenta tanto como la practicidad en el d\u00eda a d\u00eda. Cada hoja se desprende f\u00e1cilmente, lo que ayuda a dosificar mejor y a reducir el desperdicio.  <\/p>\n<p data-start=\"941\" data-end=\"1230\">Este papel higi\u00e9nico es perfecto para <strong data-start=\"986\" data-end=\"1081\">colectividades, oficinas, restaurantes, hoteles, establecimientos escolares o sanitarios p\u00fablicos<\/strong>, pero tambi\u00e9n para un uso m\u00e1s cl\u00e1sico. Su <strong data-start=\"1124\" data-end=\"1143\">color blanco<\/strong> aporta una imagen limpia y cuidada, en consonancia con las exigencias de higiene actuales. <\/p>\n<p data-start=\"1232\" data-end=\"1468\">Vendido <strong data-start=\"1238\" data-end=\"1264\">en lote de 12 rollos<\/strong>, ofrece una soluci\u00f3n pr\u00e1ctica para gestionar las necesidades regulares sin sobrecargar los espacios de almacenamiento. De este modo, mantiene una reserva suficiente, lista para usar, a la vez que controla su consumo. <\/p>\n<p data-start=\"1470\" data-end=\"1659\">En resumen, este <strong>papel higi\u00e9nico de 2 capas de celulosa blanca<\/strong> es un indispensable fiable. Asegura confort, resistencia y sencillez, para un uso sin problemas en todos los entornos. <\/p>\n<h3><\/h3>\n<\/div>\n<\/div>\n<\/div>\n<\/div>\n<p><!--more--><\/p>\n<h4>Ventajas :<\/h4>\n<ul>\n<li data-start=\"1687\" data-end=\"1722\"><strong>Papel higi\u00e9nico<\/strong> de celulosa blanca.<\/li>\n<li data-start=\"1725\" data-end=\"1772\"><strong>2 capas<\/strong> para mayor confort y resistencia.<\/li>\n<li data-start=\"1775\" data-end=\"1801\"><strong>180 servicios<\/strong> por rollo.<\/li>\n<li data-start=\"1804\" data-end=\"1834\">Hojas f\u00e1ciles de desprender.<\/li>\n<li data-start=\"1837\" data-end=\"1886\">Adaptado a usos profesionales y colectivos.<\/li>\n<li data-start=\"1889\" data-end=\"1917\">Lote pr\u00e1ctico de <strong>12 rollos<\/strong>.<\/li>\n<\/ul>\n<p>&nbsp;<\/p>\n<p><!--more--><\/p>\n<h4>Informaci\u00f3n adicional :<\/h4>\n<ul>\n<li><strong>Envase<\/strong>: Paquete de 12<\/li>\n<li><strong>Dimensiones<\/strong>: 2 capas, 180 servicios<\/li>\n<li><strong>Material<\/strong>: Guata pura<\/li>\n<li><strong>Longitud del servicio<\/strong>: 11 cm<\/li>\n<li><strong>Ancho del servicio<\/strong>: 9,5 cm<\/li>\n<li><strong>Longitud del rollo<\/strong>: 18 m<\/li>\n<li><strong>N\u00famero de capas<\/strong>: 2<\/li>\n<li><strong>N\u00famero de servicios<\/strong>: 180<\/li>\n<li><strong>Tipo<\/strong>: Gofre<\/li>\n<li><strong>Color<\/strong>: blanco<\/li>\n<\/ul>\n<p>&nbsp;<\/p>\n<p><!--more--><\/p>\n<p><a href=\"\/?product_cat=papier-hygieneniques\">Consulte el resto de nuestra gama de papel higi\u00e9nico<\/a><\/p>\n","protected":false},"excerpt":{"rendered":"<p>Rollo de papel higi\u00e9nico Descripci\u00f3n de nuestro rollo de papel higi\u00e9nico de celulosa blanca de 2 capas, 180 servicios por 12<\/p>\n","protected":false},"featured_media":263201,"template":"","meta":{"_acf_changed":false},"product_brand":[],"product_cat":[1226,1388,1389],"product_tag":[],"class_list":{"0":"post-17195","1":"product","2":"type-product","3":"status-publish","4":"has-post-thumbnail","6":"product_cat-higiene-y-mantenimiento","7":"product_cat-limpiar","8":"product_cat-papel-higienico-es","10":"first","11":"instock","12":"taxable","13":"shipping-taxable","14":"purchasable","15":"product-type-simple"},"acf":[],"yoast_head":"<!-- This site is optimized with the Yoast SEO Premium plugin v26.6 (Yoast SEO v26.6) - https:\/\/yoast.com\/wordpress\/plugins\/seo\/ -->\n<title>Rollo de papel higi\u00e9nico de celulosa blanca de 2 capas, 180 servicios por 12<\/title>\n<meta name=\"description\" content=\"Descubra nuestro rollo de papel higi\u00e9nico de celulosa blanca de 2 capas, 180 servicios por 12. Opte por un paquete de 12 rollos de papel higi\u00e9nico de pura celulosa\" \/>\n<meta name=\"robots\" content=\"index, follow, max-snippet:-1, max-image-preview:large, max-video-preview:-1\" \/>\n<link rel=\"canonical\" href=\"https:\/\/www.csj-emballages.com\/es\/produit\/12-rollos-de-papel-higienico-de-algodon-blanco-de-2-capas-180-formatos\/\" \/>\n<meta property=\"og:locale\" content=\"es_ES\" \/>\n<meta property=\"og:type\" content=\"article\" \/>\n<meta property=\"og:title\" content=\"Rollo de papel higi\u00e9nico de celulosa blanca de 2 capas, 180 servicios por 12\" \/>\n<meta property=\"og:description\" content=\"Descubra nuestro rollo de papel higi\u00e9nico de celulosa blanca de 2 capas, 180 servicios por 12. Opte por un paquete de 12 rollos de papel higi\u00e9nico de pura celulosa\" \/>\n<meta property=\"og:url\" content=\"https:\/\/www.csj-emballages.com\/es\/produit\/12-rollos-de-papel-higienico-de-algodon-blanco-de-2-capas-180-formatos\/\" \/>\n<meta property=\"og:site_name\" content=\"CSJ Emballages\" \/>\n<meta property=\"article:publisher\" content=\"https:\/\/www.facebook.com\/csjemballages\" \/>\n<meta property=\"article:modified_time\" content=\"2026-05-04T14:00:24+00:00\" \/>\n<meta property=\"og:image\" content=\"https:\/\/www.csj-emballages.com\/wp-content\/uploads\/2024\/03\/01H.webp\" \/>\n\t<meta property=\"og:image:width\" content=\"800\" \/>\n\t<meta property=\"og:image:height\" content=\"800\" \/>\n\t<meta property=\"og:image:type\" content=\"image\/webp\" \/>\n<meta name=\"twitter:card\" content=\"summary_large_image\" \/>\n<meta name=\"twitter:label1\" content=\"Tiempo de lectura\" \/>\n\t<meta name=\"twitter:data1\" content=\"2 minutos\" \/>\n<script type=\"application\/ld+json\" class=\"yoast-schema-graph\">{\"@context\":\"https:\/\/schema.org\",\"@graph\":[{\"@type\":\"WebPage\",\"@id\":\"https:\/\/www.csj-emballages.com\/es\/produit\/12-rollos-de-papel-higienico-de-algodon-blanco-de-2-capas-180-formatos\/\",\"url\":\"https:\/\/www.csj-emballages.com\/es\/produit\/12-rollos-de-papel-higienico-de-algodon-blanco-de-2-capas-180-formatos\/\",\"name\":\"Rollo de papel higi\u00e9nico de celulosa blanca de 2 capas, 180 servicios por 12\",\"isPartOf\":{\"@id\":\"https:\/\/www.csj-emballages.com\/es\/#website\"},\"primaryImageOfPage\":{\"@id\":\"https:\/\/www.csj-emballages.com\/es\/produit\/12-rollos-de-papel-higienico-de-algodon-blanco-de-2-capas-180-formatos\/#primaryimage\"},\"image\":{\"@id\":\"https:\/\/www.csj-emballages.com\/es\/produit\/12-rollos-de-papel-higienico-de-algodon-blanco-de-2-capas-180-formatos\/#primaryimage\"},\"thumbnailUrl\":\"https:\/\/www.csj-emballages.com\/wp-content\/uploads\/2024\/03\/01H.webp\",\"datePublished\":\"2024-03-01T16:00:19+00:00\",\"dateModified\":\"2026-05-04T14:00:24+00:00\",\"description\":\"Descubra nuestro rollo de papel higi\u00e9nico de celulosa blanca de 2 capas, 180 servicios por 12. Opte por un paquete de 12 rollos de papel higi\u00e9nico de pura celulosa\",\"breadcrumb\":{\"@id\":\"https:\/\/www.csj-emballages.com\/es\/produit\/12-rollos-de-papel-higienico-de-algodon-blanco-de-2-capas-180-formatos\/#breadcrumb\"},\"inLanguage\":\"es\",\"potentialAction\":[{\"@type\":\"ReadAction\",\"target\":[\"https:\/\/www.csj-emballages.com\/es\/produit\/12-rollos-de-papel-higienico-de-algodon-blanco-de-2-capas-180-formatos\/\"]}]},{\"@type\":\"ImageObject\",\"inLanguage\":\"es\",\"@id\":\"https:\/\/www.csj-emballages.com\/es\/produit\/12-rollos-de-papel-higienico-de-algodon-blanco-de-2-capas-180-formatos\/#primaryimage\",\"url\":\"https:\/\/www.csj-emballages.com\/wp-content\/uploads\/2024\/03\/01H.webp\",\"contentUrl\":\"https:\/\/www.csj-emballages.com\/wp-content\/uploads\/2024\/03\/01H.webp\",\"width\":800,\"height\":800,\"caption\":\"Rouleau papier toilette\"},{\"@type\":\"BreadcrumbList\",\"@id\":\"https:\/\/www.csj-emballages.com\/es\/produit\/12-rollos-de-papel-higienico-de-algodon-blanco-de-2-capas-180-formatos\/#breadcrumb\",\"itemListElement\":[{\"@type\":\"ListItem\",\"position\":1,\"name\":\"Accueil\",\"item\":\"https:\/\/www.csj-emballages.com\/es\/universo-del-envasado-alimentario\/\"},{\"@type\":\"ListItem\",\"position\":2,\"name\":\"Tienda\",\"item\":\"https:\/\/www.csj-emballages.com\/tienda\/\"},{\"@type\":\"ListItem\",\"position\":3,\"name\":\"Rollo de papel higi\u00e9nico de celulosa blanca de 2 capas, 180 servicios por 12\"}]},{\"@type\":\"WebSite\",\"@id\":\"https:\/\/www.csj-emballages.com\/es\/#website\",\"url\":\"https:\/\/www.csj-emballages.com\/es\/\",\"name\":\"CSJ Emballages\",\"description\":\"\",\"publisher\":{\"@id\":\"https:\/\/www.csj-emballages.com\/es\/#organization\"},\"potentialAction\":[{\"@type\":\"SearchAction\",\"target\":{\"@type\":\"EntryPoint\",\"urlTemplate\":\"https:\/\/www.csj-emballages.com\/es\/?s={search_term_string}\"},\"query-input\":{\"@type\":\"PropertyValueSpecification\",\"valueRequired\":true,\"valueName\":\"search_term_string\"}}],\"inLanguage\":\"es\"},{\"@type\":\"Organization\",\"@id\":\"https:\/\/www.csj-emballages.com\/es\/#Organization\/\",\"name\":\"CSJ Emballages\",\"url\":\"https:\/\/www.csj-emballages.com\/es\/\",\"logo\":{\"@type\":\"ImageObject\",\"inLanguage\":\"es\",\"@id\":\"https:\/\/www.csj-emballages.com\/es\/#\/schema\/logo\/image\/\",\"url\":\"https:\/\/www.csj-emballages.com\/wp-content\/uploads\/2023\/10\/logo_csj.webp\",\"contentUrl\":\"https:\/\/www.csj-emballages.com\/wp-content\/uploads\/2023\/10\/logo_csj.webp\",\"width\":250,\"height\":95,\"caption\":\"CSJ Emballages\"},\"image\":{\"@id\":\"https:\/\/www.csj-emballages.com\/es\/#\/schema\/logo\/image\/\"},\"sameAs\":[\"https:\/\/www.facebook.com\/csjemballages\"],\"address\":{\"@type\":\"PostalAddress\",\"streetAddress\":\"ZI La Lechere\",\"addressLocality\":\"Patornay\",\"postalCode\":\"39130\",\"addressCountry\":\"FR\"},\"contactPoint\":[{\"@type\":\"ContactPoint\",\"contactType\":\"Service client\",\"telephone\":\"0384254272\",\"email\":\"contact@csj-emballages.com\"}]}]}<\/script>\n<!-- \/ Yoast SEO Premium plugin. -->","yoast_head_json":{"title":"Rollo de papel higi\u00e9nico de celulosa blanca de 2 capas, 180 servicios por 12","description":"Descubra nuestro rollo de papel higi\u00e9nico de celulosa blanca de 2 capas, 180 servicios por 12. Opte por un paquete de 12 rollos de papel higi\u00e9nico de pura celulosa","robots":{"index":"index","follow":"follow","max-snippet":"max-snippet:-1","max-image-preview":"max-image-preview:large","max-video-preview":"max-video-preview:-1"},"canonical":"https:\/\/www.csj-emballages.com\/es\/produit\/12-rollos-de-papel-higienico-de-algodon-blanco-de-2-capas-180-formatos\/","og_locale":"es_ES","og_type":"article","og_title":"Rollo de papel higi\u00e9nico de celulosa blanca de 2 capas, 180 servicios por 12","og_description":"Descubra nuestro rollo de papel higi\u00e9nico de celulosa blanca de 2 capas, 180 servicios por 12. Opte por un paquete de 12 rollos de papel higi\u00e9nico de pura celulosa","og_url":"https:\/\/www.csj-emballages.com\/es\/produit\/12-rollos-de-papel-higienico-de-algodon-blanco-de-2-capas-180-formatos\/","og_site_name":"CSJ Emballages","article_publisher":"https:\/\/www.facebook.com\/csjemballages","article_modified_time":"2026-05-04T14:00:24+00:00","og_image":[{"width":800,"height":800,"url":"https:\/\/www.csj-emballages.com\/wp-content\/uploads\/2024\/03\/01H.webp","type":"image\/webp"}],"twitter_card":"summary_large_image","twitter_misc":{"Tiempo de lectura":"2 minutos"},"schema":{"@context":"https:\/\/schema.org","@graph":[{"@type":"WebPage","@id":"https:\/\/www.csj-emballages.com\/es\/produit\/12-rollos-de-papel-higienico-de-algodon-blanco-de-2-capas-180-formatos\/","url":"https:\/\/www.csj-emballages.com\/es\/produit\/12-rollos-de-papel-higienico-de-algodon-blanco-de-2-capas-180-formatos\/","name":"Rollo de papel higi\u00e9nico de celulosa blanca de 2 capas, 180 servicios por 12","isPartOf":{"@id":"https:\/\/www.csj-emballages.com\/es\/#website"},"primaryImageOfPage":{"@id":"https:\/\/www.csj-emballages.com\/es\/produit\/12-rollos-de-papel-higienico-de-algodon-blanco-de-2-capas-180-formatos\/#primaryimage"},"image":{"@id":"https:\/\/www.csj-emballages.com\/es\/produit\/12-rollos-de-papel-higienico-de-algodon-blanco-de-2-capas-180-formatos\/#primaryimage"},"thumbnailUrl":"https:\/\/www.csj-emballages.com\/wp-content\/uploads\/2024\/03\/01H.webp","datePublished":"2024-03-01T16:00:19+00:00","dateModified":"2026-05-04T14:00:24+00:00","description":"Descubra nuestro rollo de papel higi\u00e9nico de celulosa blanca de 2 capas, 180 servicios por 12. Opte por un paquete de 12 rollos de papel higi\u00e9nico de pura celulosa","breadcrumb":{"@id":"https:\/\/www.csj-emballages.com\/es\/produit\/12-rollos-de-papel-higienico-de-algodon-blanco-de-2-capas-180-formatos\/#breadcrumb"},"inLanguage":"es","potentialAction":[{"@type":"ReadAction","target":["https:\/\/www.csj-emballages.com\/es\/produit\/12-rollos-de-papel-higienico-de-algodon-blanco-de-2-capas-180-formatos\/"]}]},{"@type":"ImageObject","inLanguage":"es","@id":"https:\/\/www.csj-emballages.com\/es\/produit\/12-rollos-de-papel-higienico-de-algodon-blanco-de-2-capas-180-formatos\/#primaryimage","url":"https:\/\/www.csj-emballages.com\/wp-content\/uploads\/2024\/03\/01H.webp","contentUrl":"https:\/\/www.csj-emballages.com\/wp-content\/uploads\/2024\/03\/01H.webp","width":800,"height":800,"caption":"Rouleau papier toilette"},{"@type":"BreadcrumbList","@id":"https:\/\/www.csj-emballages.com\/es\/produit\/12-rollos-de-papel-higienico-de-algodon-blanco-de-2-capas-180-formatos\/#breadcrumb","itemListElement":[{"@type":"ListItem","position":1,"name":"Accueil","item":"https:\/\/www.csj-emballages.com\/es\/universo-del-envasado-alimentario\/"},{"@type":"ListItem","position":2,"name":"Tienda","item":"https:\/\/www.csj-emballages.com\/tienda\/"},{"@type":"ListItem","position":3,"name":"Rollo de papel higi\u00e9nico de celulosa blanca de 2 capas, 180 servicios por 12"}]},{"@type":"WebSite","@id":"https:\/\/www.csj-emballages.com\/es\/#website","url":"https:\/\/www.csj-emballages.com\/es\/","name":"CSJ Emballages","description":"","publisher":{"@id":"https:\/\/www.csj-emballages.com\/es\/#organization"},"potentialAction":[{"@type":"SearchAction","target":{"@type":"EntryPoint","urlTemplate":"https:\/\/www.csj-emballages.com\/es\/?s={search_term_string}"},"query-input":{"@type":"PropertyValueSpecification","valueRequired":true,"valueName":"search_term_string"}}],"inLanguage":"es"},{"@type":"Organization","@id":"https:\/\/www.csj-emballages.com\/es\/#Organization\/","name":"CSJ Emballages","url":"https:\/\/www.csj-emballages.com\/es\/","logo":{"@type":"ImageObject","inLanguage":"es","@id":"https:\/\/www.csj-emballages.com\/es\/#\/schema\/logo\/image\/","url":"https:\/\/www.csj-emballages.com\/wp-content\/uploads\/2023\/10\/logo_csj.webp","contentUrl":"https:\/\/www.csj-emballages.com\/wp-content\/uploads\/2023\/10\/logo_csj.webp","width":250,"height":95,"caption":"CSJ Emballages"},"image":{"@id":"https:\/\/www.csj-emballages.com\/es\/#\/schema\/logo\/image\/"},"sameAs":["https:\/\/www.facebook.com\/csjemballages"],"address":{"@type":"PostalAddress","streetAddress":"ZI La Lechere","addressLocality":"Patornay","postalCode":"39130","addressCountry":"FR"},"contactPoint":[{"@type":"ContactPoint","contactType":"Service client","telephone":"0384254272","email":"contact@csj-emballages.com"}]}]}},"df_price":4.25,"df_sale_price":"","df_regular_price":4.25,"df_image_link":"https:\/\/www.csj-emballages.com\/wp-content\/uploads\/2024\/03\/01H-300x300.webp","tiered_pricing_type":"fixed","tiered_pricing_fixed_rules":[],"tiered_pricing_percentage_rules":[],"tiered_pricing_minimum":1,"tiered_pricing_roles_data":[],"_links":{"self":[{"href":"https:\/\/www.csj-emballages.com\/es\/wp-json\/wp\/v2\/product\/17195","targetHints":{"allow":["GET"]}}],"collection":[{"href":"https:\/\/www.csj-emballages.com\/es\/wp-json\/wp\/v2\/product"}],"about":[{"href":"https:\/\/www.csj-emballages.com\/es\/wp-json\/wp\/v2\/types\/product"}],"wp:featuredmedia":[{"embeddable":true,"href":"https:\/\/www.csj-emballages.com\/es\/wp-json\/wp\/v2\/media\/263201"}],"wp:attachment":[{"href":"https:\/\/www.csj-emballages.com\/es\/wp-json\/wp\/v2\/media?parent=17195"}],"wp:term":[{"taxonomy":"product_brand","embeddable":true,"href":"https:\/\/www.csj-emballages.com\/es\/wp-json\/wp\/v2\/product_brand?post=17195"},{"taxonomy":"product_cat","embeddable":true,"href":"https:\/\/www.csj-emballages.com\/es\/wp-json\/wp\/v2\/product_cat?post=17195"},{"taxonomy":"product_tag","embeddable":true,"href":"https:\/\/www.csj-emballages.com\/es\/wp-json\/wp\/v2\/product_tag?post=17195"}],"curies":[{"name":"wp","href":"https:\/\/api.w.org\/{rel}","templated":true}]}}