{"id":17178,"date":"2024-03-01T17:00:20","date_gmt":"2024-03-01T16:00:20","guid":{"rendered":"https:\/\/u15jnbdpoq.preview.infomaniak.website\/produit\/pastillas-de-lejia-500-g\/"},"modified":"2026-03-27T02:10:16","modified_gmt":"2026-03-27T01:10:16","slug":"pastillas-de-lejia-500-g","status":"publish","type":"product","link":"https:\/\/www.csj-emballages.com\/es\/produit\/pastillas-de-lejia-500-g\/","title":{"rendered":"Pastillas de lej\u00eda 500 gr"},"content":{"rendered":"<h2 class=\"p1 ai-optimize-44\">Pastillas de lej\u00eda<\/h2>\n<hr>\n<h3 class=\"ai-optimize-34\">Descripci\u00f3n de nuestras pastillas de lej\u00eda 500 gr<\/h3>\n<p><!--more--><\/p>\n<p class=\"ai-optimize-39 ai-optimize-introduction\" data-start=\"234\" data-end=\"526\"><strong>Las pastillas de lej\u00eda en botes de 500 g<\/strong> son esenciales para el mantenimiento diario de superficies, especialmente en entornos profesionales como restaurantes, autoridades locales y establecimientos sanitarios, pero tambi\u00e9n para un uso dom\u00e9stico exigente.<\/p>\n<p class=\"ai-optimize-40\" data-start=\"528\" data-end=\"840\">F\u00e1ciles de manipular, las pastillas <strong>de lej\u00eda<\/strong> permiten dosificar con precisi\u00f3n la cantidad de <strong>lej\u00eda<\/strong> necesaria para desinfectar, desincrustar, blanquear o desodorizar. Basta con disolver las <strong>pastillas<\/strong> en agua fr\u00eda para obtener una soluci\u00f3n lista para usar, sin desperdiciar ni salpicar. <\/p>\n<p class=\"ai-optimize-41\" data-start=\"842\" data-end=\"1181\">Altamente concentrados, liberan r\u00e1pidamente <strong>cloro<\/strong> activo una vez disueltos, garantizando una potente acci\u00f3n desinfectante contra virus, bacterias, hongos y malos olores. Son especialmente eficaces para la limpieza de lavabos, suelos alicatados, cocinas, papeleras, encimeras no alimentarias, etc. <\/p>\n<p class=\"ai-optimize-42\" data-start=\"1183\" data-end=\"1451\">Asimismo, el formato de <strong>tarro resellable<\/strong> <strong>de 500 g<\/strong> es pr\u00e1ctico de almacenar y utilizar: protege las pastillas de la humedad y garantiza una conservaci\u00f3n \u00f3ptima del producto. Un aliado fiable para mantener un alto nivel de higiene, al tiempo que simplifica las rutinas de limpieza. <\/p>\n<p class=\"ai-optimize-43\" data-start=\"1453\" data-end=\"1659\">En resumen, son ideales para cualquiera que busque una soluci\u00f3n <strong data-start=\"1512\" data-end=\"1524\">eficaz<\/strong>, <strong data-start=\"1526\" data-end=\"1540\">econ\u00f3mica<\/strong> y <strong data-start=\"1544\" data-end=\"1559\">vers\u00e1til<\/strong>, ya sea un limpiador profesional o un particular preocupado por la limpieza.<\/p>\n<p data-start=\"1453\" data-end=\"1659\">\n<p><!--more--><\/p>\n<h4 class=\"ai-optimize-37\"><strong>Ventajas:<\/strong><\/h4>\n<ul>\n<li class=\"ai-optimize-38\">Dosificaci\u00f3n precisa: sin desperdicios.<\/li>\n<li class=\"ai-optimize-39\">Desinfecci\u00f3n r\u00e1pida y eficaz.<\/li>\n<li class=\"ai-optimize-40\"><strong>Polivalente<\/strong>: suelos, sanitarios, papeleras, etc.<\/li>\n<li class=\"ai-optimize-42\">Formato compacto y resellable.<\/li>\n<li class=\"ai-optimize-46\">Econ\u00f3mico y duradero.<\/li>\n<\/ul>\n<p>&nbsp;<\/p>\n<p><!--more--><\/p>\n<h4 class=\"ai-optimize-44\">Informaci\u00f3n adicional :<\/h4>\n<ul>\n<li class=\"ai-optimize-45\"><strong>Envase<\/strong>: Tarro de 500 g<\/li>\n<li class=\"ai-optimize-47\"><strong>Uso<\/strong>: Pastilla de lej\u00eda<\/li>\n<li class=\"ai-optimize-47\">1 pastilla + 55 ml de agua = 2,6% de lej\u00eda<\/li>\n<\/ul>\n<p>&nbsp;<\/p>\n<p><!--more--><\/p>\n<p class=\"ai-optimize-34\">Encuentre aqu\u00ed nuestra lej\u00eda l\u00edquida 9,6% 5 : <span style=\"color: #d12727;\"><a style=\"color: #d12727;\" href=\"https:\/\/www.csj-emballages.com\/es\/produit\/lejia-liquida-96-5l\/\">00765<\/a><\/span><\/p>\n<p class=\"ai-optimize-52\">O nuestra lej\u00eda l\u00edquida 2,6% 5L: <span style=\"color: #d12727;\"><a style=\"color: #d12727;\" href=\"https:\/\/www.csj-emballages.com\/es\/produit\/lejia-liquida-26-5l\/\"><span style=\"color: #d12727;\">00785<\/span><\/a><\/span><\/p>\n<p>&nbsp;<\/p>\n<p><!--more--><\/p>\n<p class=\"ai-optimize-41\"><a href=\"https:\/\/www.csj-emballages.com\/es\/categorie-produit\/higiene-y-mantenimiento\/productos-de-limpieza\/blanqueador-y-otros\/\">Ver el resto de nuestra gama de blanqueadores<\/a><\/p>\n","protected":false},"excerpt":{"rendered":"<p>Pastillas de lej\u00eda Descripci\u00f3n de nuestras pastillas de lej\u00eda 500 gr<\/p>\n","protected":false},"featured_media":236085,"template":"","meta":{"_acf_changed":false},"product_brand":[],"product_cat":[1226,1227,1361],"product_tag":[],"class_list":{"0":"post-17178","1":"product","2":"type-product","3":"status-publish","4":"has-post-thumbnail","6":"product_cat-higiene-y-mantenimiento","7":"product_cat-productos-de-limpieza","8":"product_cat-blanqueador-y-otros","10":"first","11":"instock","12":"taxable","13":"shipping-taxable","14":"purchasable","15":"product-type-simple"},"acf":[],"yoast_head":"<!-- This site is optimized with the Yoast SEO Premium plugin v26.6 (Yoast SEO v26.6) - https:\/\/yoast.com\/wordpress\/plugins\/seo\/ -->\n<title>Pastillas de lej\u00eda 500 gr<\/title>\n<meta name=\"description\" content=\"Pastillas de lej\u00eda ultra eficaces de 500 g para desinfectar, blanquear y desodorizar. Perfectas para suelos y superficies. F\u00e1cil de dosificar, potente de usar.\" \/>\n<meta name=\"robots\" content=\"index, follow, max-snippet:-1, max-image-preview:large, max-video-preview:-1\" \/>\n<link rel=\"canonical\" href=\"https:\/\/www.csj-emballages.com\/es\/produit\/pastillas-de-lejia-500-g\/\" \/>\n<meta property=\"og:locale\" content=\"es_ES\" \/>\n<meta property=\"og:type\" content=\"article\" \/>\n<meta property=\"og:title\" content=\"Pastillas de lej\u00eda 500 gr\" \/>\n<meta property=\"og:description\" content=\"Pastillas de lej\u00eda ultra eficaces de 500 g para desinfectar, blanquear y desodorizar. Perfectas para suelos y superficies. F\u00e1cil de dosificar, potente de usar.\" \/>\n<meta property=\"og:url\" content=\"https:\/\/www.csj-emballages.com\/es\/produit\/pastillas-de-lejia-500-g\/\" \/>\n<meta property=\"og:site_name\" content=\"CSJ Emballages\" \/>\n<meta property=\"article:publisher\" content=\"https:\/\/www.facebook.com\/csjemballages\" \/>\n<meta property=\"article:modified_time\" content=\"2026-03-27T01:10:16+00:00\" \/>\n<meta property=\"og:image\" content=\"https:\/\/www.csj-emballages.com\/wp-content\/uploads\/2024\/03\/0079500.webp\" \/>\n\t<meta property=\"og:image:width\" content=\"800\" \/>\n\t<meta property=\"og:image:height\" content=\"800\" \/>\n\t<meta property=\"og:image:type\" content=\"image\/webp\" \/>\n<meta name=\"twitter:card\" content=\"summary_large_image\" \/>\n<meta name=\"twitter:label1\" content=\"Tiempo de lectura\" \/>\n\t<meta name=\"twitter:data1\" content=\"1 minuto\" \/>\n<script type=\"application\/ld+json\" class=\"yoast-schema-graph\">{\"@context\":\"https:\/\/schema.org\",\"@graph\":[{\"@type\":\"WebPage\",\"@id\":\"https:\/\/www.csj-emballages.com\/es\/produit\/pastillas-de-lejia-500-g\/\",\"url\":\"https:\/\/www.csj-emballages.com\/es\/produit\/pastillas-de-lejia-500-g\/\",\"name\":\"Pastillas de lej\u00eda 500 gr\",\"isPartOf\":{\"@id\":\"https:\/\/www.csj-emballages.com\/es\/#website\"},\"primaryImageOfPage\":{\"@id\":\"https:\/\/www.csj-emballages.com\/es\/produit\/pastillas-de-lejia-500-g\/#primaryimage\"},\"image\":{\"@id\":\"https:\/\/www.csj-emballages.com\/es\/produit\/pastillas-de-lejia-500-g\/#primaryimage\"},\"thumbnailUrl\":\"https:\/\/www.csj-emballages.com\/wp-content\/uploads\/2024\/03\/0079500.webp\",\"datePublished\":\"2024-03-01T16:00:20+00:00\",\"dateModified\":\"2026-03-27T01:10:16+00:00\",\"description\":\"Pastillas de lej\u00eda ultra eficaces de 500 g para desinfectar, blanquear y desodorizar. Perfectas para suelos y superficies. F\u00e1cil de dosificar, potente de usar.\",\"breadcrumb\":{\"@id\":\"https:\/\/www.csj-emballages.com\/es\/produit\/pastillas-de-lejia-500-g\/#breadcrumb\"},\"inLanguage\":\"es\",\"potentialAction\":[{\"@type\":\"ReadAction\",\"target\":[\"https:\/\/www.csj-emballages.com\/es\/produit\/pastillas-de-lejia-500-g\/\"]}]},{\"@type\":\"ImageObject\",\"inLanguage\":\"es\",\"@id\":\"https:\/\/www.csj-emballages.com\/es\/produit\/pastillas-de-lejia-500-g\/#primaryimage\",\"url\":\"https:\/\/www.csj-emballages.com\/wp-content\/uploads\/2024\/03\/0079500.webp\",\"contentUrl\":\"https:\/\/www.csj-emballages.com\/wp-content\/uploads\/2024\/03\/0079500.webp\",\"width\":800,\"height\":800,\"caption\":\"Pastilles javel\u00a0\"},{\"@type\":\"BreadcrumbList\",\"@id\":\"https:\/\/www.csj-emballages.com\/es\/produit\/pastillas-de-lejia-500-g\/#breadcrumb\",\"itemListElement\":[{\"@type\":\"ListItem\",\"position\":1,\"name\":\"Accueil\",\"item\":\"https:\/\/www.csj-emballages.com\/es\/universo-del-envasado-alimentario\/\"},{\"@type\":\"ListItem\",\"position\":2,\"name\":\"Tienda\",\"item\":\"https:\/\/www.csj-emballages.com\/tienda\/\"},{\"@type\":\"ListItem\",\"position\":3,\"name\":\"Pastillas de lej\u00eda 500 gr\"}]},{\"@type\":\"WebSite\",\"@id\":\"https:\/\/www.csj-emballages.com\/es\/#website\",\"url\":\"https:\/\/www.csj-emballages.com\/es\/\",\"name\":\"CSJ Emballages\",\"description\":\"\",\"publisher\":{\"@id\":\"https:\/\/www.csj-emballages.com\/es\/#organization\"},\"potentialAction\":[{\"@type\":\"SearchAction\",\"target\":{\"@type\":\"EntryPoint\",\"urlTemplate\":\"https:\/\/www.csj-emballages.com\/es\/?s={search_term_string}\"},\"query-input\":{\"@type\":\"PropertyValueSpecification\",\"valueRequired\":true,\"valueName\":\"search_term_string\"}}],\"inLanguage\":\"es\"},{\"@type\":\"Organization\",\"@id\":\"https:\/\/www.csj-emballages.com\/es\/#Organization\/\",\"name\":\"CSJ Emballages\",\"url\":\"https:\/\/www.csj-emballages.com\/es\/\",\"logo\":{\"@type\":\"ImageObject\",\"inLanguage\":\"es\",\"@id\":\"https:\/\/www.csj-emballages.com\/es\/#\/schema\/logo\/image\/\",\"url\":\"https:\/\/www.csj-emballages.com\/wp-content\/uploads\/2023\/10\/logo_csj.webp\",\"contentUrl\":\"https:\/\/www.csj-emballages.com\/wp-content\/uploads\/2023\/10\/logo_csj.webp\",\"width\":250,\"height\":95,\"caption\":\"CSJ Emballages\"},\"image\":{\"@id\":\"https:\/\/www.csj-emballages.com\/es\/#\/schema\/logo\/image\/\"},\"sameAs\":[\"https:\/\/www.facebook.com\/csjemballages\"],\"address\":{\"@type\":\"PostalAddress\",\"streetAddress\":\"ZI La Lechere\",\"addressLocality\":\"Patornay\",\"postalCode\":\"39130\",\"addressCountry\":\"FR\"},\"contactPoint\":[{\"@type\":\"ContactPoint\",\"contactType\":\"Service client\",\"telephone\":\"0384254272\",\"email\":\"contact@csj-emballages.com\"}]}]}<\/script>\n<!-- \/ Yoast SEO Premium plugin. -->","yoast_head_json":{"title":"Pastillas de lej\u00eda 500 gr","description":"Pastillas de lej\u00eda ultra eficaces de 500 g para desinfectar, blanquear y desodorizar. Perfectas para suelos y superficies. F\u00e1cil de dosificar, potente de usar.","robots":{"index":"index","follow":"follow","max-snippet":"max-snippet:-1","max-image-preview":"max-image-preview:large","max-video-preview":"max-video-preview:-1"},"canonical":"https:\/\/www.csj-emballages.com\/es\/produit\/pastillas-de-lejia-500-g\/","og_locale":"es_ES","og_type":"article","og_title":"Pastillas de lej\u00eda 500 gr","og_description":"Pastillas de lej\u00eda ultra eficaces de 500 g para desinfectar, blanquear y desodorizar. Perfectas para suelos y superficies. F\u00e1cil de dosificar, potente de usar.","og_url":"https:\/\/www.csj-emballages.com\/es\/produit\/pastillas-de-lejia-500-g\/","og_site_name":"CSJ Emballages","article_publisher":"https:\/\/www.facebook.com\/csjemballages","article_modified_time":"2026-03-27T01:10:16+00:00","og_image":[{"width":800,"height":800,"url":"https:\/\/www.csj-emballages.com\/wp-content\/uploads\/2024\/03\/0079500.webp","type":"image\/webp"}],"twitter_card":"summary_large_image","twitter_misc":{"Tiempo de lectura":"1 minuto"},"schema":{"@context":"https:\/\/schema.org","@graph":[{"@type":"WebPage","@id":"https:\/\/www.csj-emballages.com\/es\/produit\/pastillas-de-lejia-500-g\/","url":"https:\/\/www.csj-emballages.com\/es\/produit\/pastillas-de-lejia-500-g\/","name":"Pastillas de lej\u00eda 500 gr","isPartOf":{"@id":"https:\/\/www.csj-emballages.com\/es\/#website"},"primaryImageOfPage":{"@id":"https:\/\/www.csj-emballages.com\/es\/produit\/pastillas-de-lejia-500-g\/#primaryimage"},"image":{"@id":"https:\/\/www.csj-emballages.com\/es\/produit\/pastillas-de-lejia-500-g\/#primaryimage"},"thumbnailUrl":"https:\/\/www.csj-emballages.com\/wp-content\/uploads\/2024\/03\/0079500.webp","datePublished":"2024-03-01T16:00:20+00:00","dateModified":"2026-03-27T01:10:16+00:00","description":"Pastillas de lej\u00eda ultra eficaces de 500 g para desinfectar, blanquear y desodorizar. Perfectas para suelos y superficies. F\u00e1cil de dosificar, potente de usar.","breadcrumb":{"@id":"https:\/\/www.csj-emballages.com\/es\/produit\/pastillas-de-lejia-500-g\/#breadcrumb"},"inLanguage":"es","potentialAction":[{"@type":"ReadAction","target":["https:\/\/www.csj-emballages.com\/es\/produit\/pastillas-de-lejia-500-g\/"]}]},{"@type":"ImageObject","inLanguage":"es","@id":"https:\/\/www.csj-emballages.com\/es\/produit\/pastillas-de-lejia-500-g\/#primaryimage","url":"https:\/\/www.csj-emballages.com\/wp-content\/uploads\/2024\/03\/0079500.webp","contentUrl":"https:\/\/www.csj-emballages.com\/wp-content\/uploads\/2024\/03\/0079500.webp","width":800,"height":800,"caption":"Pastilles javel\u00a0"},{"@type":"BreadcrumbList","@id":"https:\/\/www.csj-emballages.com\/es\/produit\/pastillas-de-lejia-500-g\/#breadcrumb","itemListElement":[{"@type":"ListItem","position":1,"name":"Accueil","item":"https:\/\/www.csj-emballages.com\/es\/universo-del-envasado-alimentario\/"},{"@type":"ListItem","position":2,"name":"Tienda","item":"https:\/\/www.csj-emballages.com\/tienda\/"},{"@type":"ListItem","position":3,"name":"Pastillas de lej\u00eda 500 gr"}]},{"@type":"WebSite","@id":"https:\/\/www.csj-emballages.com\/es\/#website","url":"https:\/\/www.csj-emballages.com\/es\/","name":"CSJ Emballages","description":"","publisher":{"@id":"https:\/\/www.csj-emballages.com\/es\/#organization"},"potentialAction":[{"@type":"SearchAction","target":{"@type":"EntryPoint","urlTemplate":"https:\/\/www.csj-emballages.com\/es\/?s={search_term_string}"},"query-input":{"@type":"PropertyValueSpecification","valueRequired":true,"valueName":"search_term_string"}}],"inLanguage":"es"},{"@type":"Organization","@id":"https:\/\/www.csj-emballages.com\/es\/#Organization\/","name":"CSJ Emballages","url":"https:\/\/www.csj-emballages.com\/es\/","logo":{"@type":"ImageObject","inLanguage":"es","@id":"https:\/\/www.csj-emballages.com\/es\/#\/schema\/logo\/image\/","url":"https:\/\/www.csj-emballages.com\/wp-content\/uploads\/2023\/10\/logo_csj.webp","contentUrl":"https:\/\/www.csj-emballages.com\/wp-content\/uploads\/2023\/10\/logo_csj.webp","width":250,"height":95,"caption":"CSJ Emballages"},"image":{"@id":"https:\/\/www.csj-emballages.com\/es\/#\/schema\/logo\/image\/"},"sameAs":["https:\/\/www.facebook.com\/csjemballages"],"address":{"@type":"PostalAddress","streetAddress":"ZI La Lechere","addressLocality":"Patornay","postalCode":"39130","addressCountry":"FR"},"contactPoint":[{"@type":"ContactPoint","contactType":"Service client","telephone":"0384254272","email":"contact@csj-emballages.com"}]}]}},"df_price":6.68,"df_sale_price":"","df_regular_price":6.68,"df_image_link":"https:\/\/www.csj-emballages.com\/wp-content\/uploads\/2024\/03\/0079500-300x300.webp","tiered_pricing_type":"fixed","tiered_pricing_fixed_rules":[],"tiered_pricing_percentage_rules":[],"tiered_pricing_minimum":1,"tiered_pricing_roles_data":[],"_links":{"self":[{"href":"https:\/\/www.csj-emballages.com\/es\/wp-json\/wp\/v2\/product\/17178","targetHints":{"allow":["GET"]}}],"collection":[{"href":"https:\/\/www.csj-emballages.com\/es\/wp-json\/wp\/v2\/product"}],"about":[{"href":"https:\/\/www.csj-emballages.com\/es\/wp-json\/wp\/v2\/types\/product"}],"wp:featuredmedia":[{"embeddable":true,"href":"https:\/\/www.csj-emballages.com\/es\/wp-json\/wp\/v2\/media\/236085"}],"wp:attachment":[{"href":"https:\/\/www.csj-emballages.com\/es\/wp-json\/wp\/v2\/media?parent=17178"}],"wp:term":[{"taxonomy":"product_brand","embeddable":true,"href":"https:\/\/www.csj-emballages.com\/es\/wp-json\/wp\/v2\/product_brand?post=17178"},{"taxonomy":"product_cat","embeddable":true,"href":"https:\/\/www.csj-emballages.com\/es\/wp-json\/wp\/v2\/product_cat?post=17178"},{"taxonomy":"product_tag","embeddable":true,"href":"https:\/\/www.csj-emballages.com\/es\/wp-json\/wp\/v2\/product_tag?post=17178"}],"curies":[{"name":"wp","href":"https:\/\/api.w.org\/{rel}","templated":true}]}}