{"id":17167,"date":"2024-03-01T17:00:20","date_gmt":"2024-03-01T16:00:20","guid":{"rendered":"https:\/\/u15jnbdpoq.preview.infomaniak.website\/produit\/detergente-neutro-con-aroma-de-limon-5-litros\/"},"modified":"2026-04-30T02:10:14","modified_gmt":"2026-04-30T00:10:14","slug":"detergente-neutro-con-aroma-de-limon-5-litros","status":"publish","type":"product","link":"https:\/\/www.csj-emballages.com\/es\/produit\/detergente-neutro-con-aroma-de-limon-5-litros\/","title":{"rendered":"Limpiador neutro con aroma de lim\u00f3n 5 litros"},"content":{"rendered":"<div class=\"flex flex-grow flex-col max-w-full\">\n<div class=\"min-h-[20px] text-message flex flex-col items-start whitespace-pre-wrap break-words [.text-message+&amp;]:mt-5 juice:w-full juice:items-end overflow-x-auto gap-2\" dir=\"auto\" data-message-author-role=\"assistant\" data-message-id=\"2034782e-88f9-44ef-b4dc-07dd7bf0115f\">\n<div class=\"flex w-full flex-col gap-1 juice:empty:hidden juice:first:pt-[3px]\">\n<div class=\"markdown prose w-full break-words dark:prose-invert light\">\n<div style=\"box-sizing: inherit; font-family: Roboto, sans-serif;\">\n<div style=\"box-sizing: inherit; font-family: Roboto, sans-serif;\">\n<div style=\"box-sizing: inherit; font-family: Roboto, sans-serif;\">\n<div style=\"box-sizing: inherit; font-family: Roboto, sans-serif;\">\n<div style=\"box-sizing: inherit; font-family: Roboto, sans-serif;\">\n<div style=\"box-sizing: inherit; font-family: Roboto, sans-serif;\">\n<h2 class=\"p1\">Limpiador neutro<\/h2>\n<div style=\"box-sizing: inherit; font-family: Roboto, sans-serif;\">\n<div style=\"box-sizing: inherit; font-family: Roboto, sans-serif;\">\n<div style=\"box-sizing: inherit; font-family: Roboto, sans-serif;\">\n<div style=\"text-align: center;\">\n<div style=\"box-sizing: inherit; font-family: Roboto, sans-serif;\">\n<div style=\"box-sizing: inherit; font-family: Roboto, sans-serif;\">\n<div style=\"box-sizing: inherit; font-family: Roboto, sans-serif;\">\n<div style=\"box-sizing: inherit; font-family: Roboto, sans-serif;\">\n<div style=\"box-sizing: inherit; font-family: Roboto, sans-serif;\">\n<div style=\"box-sizing: inherit; font-family: Roboto, sans-serif; text-align: left;\">\n<hr>\n<h3 style=\"text-align: left;\">Descripci\u00f3n de nuestro limpiador neutro con aroma de lim\u00f3n 5 litros<\/h3>\n<h3 style=\"text-align: left;\"><!--more--><\/h3>\n<p data-start=\"223\" data-end=\"610\">Dise\u00f1ado para una limpieza eficaz y suave, este <strong data-start=\"276\" data-end=\"319\">limpiador neutro de 5 litros con aroma de lim\u00f3n<\/strong> es ideal tanto para profesionales como para particulares preocupados por la higiene y limpieza de sus delicados suelos. Su equilibrada formulaci\u00f3n lo hace perfectamente adecuado para <strong data-start=\"513\" data-end=\"537\">pavimentos delicados<\/strong> como m\u00e1rmol, terrazo, gres, mosaicos y muchos otros. <\/p>\n<p data-start=\"612\" data-end=\"1109\">A diferencia de los productos convencionales, a menudo demasiado agresivos, este limpiador respeta los materiales al tiempo que proporciona una limpieza de alto rendimiento. Gracias a su <strong data-start=\"763\" data-end=\"825\">composici\u00f3n enriquecida con bioalcoholes y agentes desodorizantes<\/strong>, deja una <strong data-start=\"854\" data-end=\"889\">agradable sensaci\u00f3n de frescor<\/strong> alimonado que evoca inmediatamente la limpieza. No s\u00f3lo limpia: tambi\u00e9n <strong data-start=\"977\" data-end=\"1003\">proporciona una desodorizaci\u00f3n duradera de<\/strong> las superficies tratadas, contribuyendo a crear un ambiente saludable en sus espacios profesionales o dom\u00e9sticos.  <\/p>\n<p data-start=\"1111\" data-end=\"1343\">Una ventaja a\u00f1adida: tambi\u00e9n contiene <strong data-start=\"1166\" data-end=\"1201\">ingredientes con efecto repelente de insectos<\/strong>, una soluci\u00f3n discreta pero eficaz para limitar de forma natural la presencia de ciertos insectos, sobre todo durante las estaciones m\u00e1s c\u00e1lidas.<\/p>\n<p data-start=\"1345\" data-end=\"1546\">Envasado en botes <strong>de 5 litros<\/strong>, este <strong>limpiador neutro de<\/strong> suelos es econ\u00f3mico, f\u00e1cil de diluir y compatible con todo tipo de equipos de lavado, ya sean manuales o mec\u00e1nicos (fregadoras, mopas, etc.).<\/p>\n<p data-start=\"1548\" data-end=\"1748\">En resumen, ya sea para vest\u00edbulos, cocinas profesionales, hoteles o incluso su propio hogar, este producto fresco y vers\u00e1til ofrece una <strong data-start=\"1687\" data-end=\"1708\">soluci\u00f3n completa<\/strong> para el mantenimiento diario de sus suelos.<\/p>\n<p data-start=\"1548\" data-end=\"1748\">\n<\/div>\n<\/div>\n<\/div>\n<\/div>\n<\/div>\n<\/div>\n<\/div>\n<\/div>\n<\/div>\n<\/div>\n<\/div>\n<\/div>\n<\/div>\n<\/div>\n<\/div>\n<\/div>\n<\/div>\n<\/div>\n<\/div>\n<\/div>\n<div class=\"flex flex-grow flex-col max-w-full\">\n<div class=\"min-h-[20px] text-message flex flex-col items-start whitespace-pre-wrap break-words [.text-message+&amp;]:mt-5 juice:w-full juice:items-end overflow-x-auto gap-2\" dir=\"auto\" data-message-author-role=\"assistant\" data-message-id=\"2034782e-88f9-44ef-b4dc-07dd7bf0115f\">\n<div class=\"flex w-full flex-col gap-1 juice:empty:hidden juice:first:pt-[3px]\">\n<div class=\"markdown prose w-full break-words dark:prose-invert light\">\n<div style=\"box-sizing: inherit; font-family: Roboto, sans-serif;\">\n<div style=\"box-sizing: inherit; font-family: Roboto, sans-serif;\">\n<div style=\"box-sizing: inherit; font-family: Roboto, sans-serif;\">\n<div style=\"box-sizing: inherit; font-family: Roboto, sans-serif;\">\n<div style=\"box-sizing: inherit; font-family: Roboto, sans-serif;\">\n<div style=\"box-sizing: inherit; font-family: Roboto, sans-serif;\">\n<p><!--more--><\/p>\n<h4 style=\"text-align: left;\"><strong>Ventajas :<\/strong><\/h4>\n<ul style=\"text-align: left;\">\n<li>Adecuado para suelos delicados: m\u00e1rmol, terrazo, arenisca, mosaico, etc.<\/li>\n<li>Fragancia fresca y duradera de lim\u00f3n.<\/li>\n<li>F\u00f3rmula suave pero eficaz, respetuosa con las superficies.<\/li>\n<li>Contiene bioalcoholes y agentes desodorizantes.<\/li>\n<li>Repelente de insectos incorporado para un entorno m\u00e1s saludable.<\/li>\n<li>Apto para limpieza manual o autom\u00e1tica con fregadora.<\/li>\n<\/ul>\n<\/div>\n<\/div>\n<p>&nbsp;<\/p>\n<\/div>\n<\/div>\n<\/div>\n<\/div>\n<\/div>\n<\/div>\n<\/div>\n<\/div>\n<p><!--more--><\/p>\n<h4>Informaci\u00f3n adicional :<\/h4>\n<ul>\n<li><strong>Embalaje<\/strong>: Por unidad<\/li>\n<li><strong>Uso<\/strong>: Limpiador neutro de suelos<\/li>\n<li><strong>Volumen<\/strong>: 5 litros<\/li>\n<li><strong>Aspecto<\/strong>: l\u00edquido<\/li>\n<li><strong>Color<\/strong>: Amarillo<\/li>\n<li><strong>pH<\/strong>: 6,5<\/li>\n<li><strong>Densidad<\/strong> (20\u00ba C): 0,998 g\/ml<\/li>\n<\/ul>\n<p>&nbsp;<\/p>\n<p><!--more--><\/p>\n<p class=\"woocommerce-loop-product__title\">Tambi\u00e9n encontrar\u00e1 nuestras 250 bolsitas de detergente desinfectante con fragancia ambiental de 20 ml: <span style=\"color: #d12727;\"><a style=\"color: #d12727;\" href=\"https:\/\/www.csj-emballages.com\/es\/produit\/250-bolsitas-de-detergente-desinfectante-con-fragancia-ambiental-20-ml\/\">A50020<\/a><\/span><\/p>\n<p>&nbsp;<\/p>\n<p style=\"text-align: left;\"><!--more--><\/p>\n<p><a href=\"https:\/\/www.csj-emballages.com\/es\/categorie-produit\/higiene-y-mantenimiento\/productos-de-limpieza\/suelo\/\">Ver el resto de nuestra gama de productos para el cuidado de los suelos<\/a><\/p>\n","protected":false},"excerpt":{"rendered":"<p>Limpiador neutro Descripci\u00f3n de nuestro limpiador neutro con aroma de lim\u00f3n 5 litros<\/p>\n","protected":false},"featured_media":239596,"template":"","meta":{"_acf_changed":false},"product_brand":[],"product_cat":[1226,1227,1379],"product_tag":[],"class_list":{"0":"post-17167","1":"product","2":"type-product","3":"status-publish","4":"has-post-thumbnail","6":"product_cat-higiene-y-mantenimiento","7":"product_cat-productos-de-limpieza","8":"product_cat-suelo","9":"product_shipping_class-no-permitido-en-reles","11":"first","12":"instock","13":"taxable","14":"shipping-taxable","15":"purchasable","16":"product-type-simple"},"acf":[],"yoast_head":"<!-- This site is optimized with the Yoast SEO Premium plugin v26.6 (Yoast SEO v26.6) - https:\/\/yoast.com\/wordpress\/plugins\/seo\/ -->\n<title>Limpiador Neutro Fragancia Lim\u00f3n 5 litros<\/title>\n<meta name=\"description\" content=\"Limpiador neutro de lim\u00f3n 5L para suelos delicados. Fragancia fresca, efecto repelente de insectos, ideal para m\u00e1rmol, terrazo, mosaicos, etc.\" \/>\n<meta name=\"robots\" content=\"index, follow, max-snippet:-1, max-image-preview:large, max-video-preview:-1\" \/>\n<link rel=\"canonical\" href=\"https:\/\/www.csj-emballages.com\/es\/produit\/detergente-neutro-con-aroma-de-limon-5-litros\/\" \/>\n<meta property=\"og:locale\" content=\"es_ES\" \/>\n<meta property=\"og:type\" content=\"article\" \/>\n<meta property=\"og:title\" content=\"Limpiador neutro con aroma de lim\u00f3n 5 litros\" \/>\n<meta property=\"og:description\" content=\"Limpiador neutro de lim\u00f3n 5L para suelos delicados. Fragancia fresca, efecto repelente de insectos, ideal para m\u00e1rmol, terrazo, mosaicos, etc.\" \/>\n<meta property=\"og:url\" content=\"https:\/\/www.csj-emballages.com\/es\/produit\/detergente-neutro-con-aroma-de-limon-5-litros\/\" \/>\n<meta property=\"og:site_name\" content=\"CSJ Emballages\" \/>\n<meta property=\"article:publisher\" content=\"https:\/\/www.facebook.com\/csjemballages\" \/>\n<meta property=\"article:modified_time\" content=\"2026-04-30T00:10:14+00:00\" \/>\n<meta property=\"og:image\" content=\"https:\/\/www.csj-emballages.com\/wp-content\/uploads\/2024\/03\/01095.webp\" \/>\n\t<meta property=\"og:image:width\" content=\"800\" \/>\n\t<meta property=\"og:image:height\" content=\"800\" \/>\n\t<meta property=\"og:image:type\" content=\"image\/webp\" \/>\n<meta name=\"twitter:card\" content=\"summary_large_image\" \/>\n<meta name=\"twitter:label1\" content=\"Tiempo de lectura\" \/>\n\t<meta name=\"twitter:data1\" content=\"2 minutos\" \/>\n<script type=\"application\/ld+json\" class=\"yoast-schema-graph\">{\"@context\":\"https:\/\/schema.org\",\"@graph\":[{\"@type\":\"WebPage\",\"@id\":\"https:\/\/www.csj-emballages.com\/es\/produit\/detergente-neutro-con-aroma-de-limon-5-litros\/\",\"url\":\"https:\/\/www.csj-emballages.com\/es\/produit\/detergente-neutro-con-aroma-de-limon-5-litros\/\",\"name\":\"Limpiador Neutro Fragancia Lim\u00f3n 5 litros\",\"isPartOf\":{\"@id\":\"https:\/\/www.csj-emballages.com\/es\/#website\"},\"primaryImageOfPage\":{\"@id\":\"https:\/\/www.csj-emballages.com\/es\/produit\/detergente-neutro-con-aroma-de-limon-5-litros\/#primaryimage\"},\"image\":{\"@id\":\"https:\/\/www.csj-emballages.com\/es\/produit\/detergente-neutro-con-aroma-de-limon-5-litros\/#primaryimage\"},\"thumbnailUrl\":\"https:\/\/www.csj-emballages.com\/wp-content\/uploads\/2024\/03\/01095.webp\",\"datePublished\":\"2024-03-01T16:00:20+00:00\",\"dateModified\":\"2026-04-30T00:10:14+00:00\",\"description\":\"Limpiador neutro de lim\u00f3n 5L para suelos delicados. Fragancia fresca, efecto repelente de insectos, ideal para m\u00e1rmol, terrazo, mosaicos, etc.\",\"breadcrumb\":{\"@id\":\"https:\/\/www.csj-emballages.com\/es\/produit\/detergente-neutro-con-aroma-de-limon-5-litros\/#breadcrumb\"},\"inLanguage\":\"es\",\"potentialAction\":[{\"@type\":\"ReadAction\",\"target\":[\"https:\/\/www.csj-emballages.com\/es\/produit\/detergente-neutro-con-aroma-de-limon-5-litros\/\"]}]},{\"@type\":\"ImageObject\",\"inLanguage\":\"es\",\"@id\":\"https:\/\/www.csj-emballages.com\/es\/produit\/detergente-neutro-con-aroma-de-limon-5-litros\/#primaryimage\",\"url\":\"https:\/\/www.csj-emballages.com\/wp-content\/uploads\/2024\/03\/01095.webp\",\"contentUrl\":\"https:\/\/www.csj-emballages.com\/wp-content\/uploads\/2024\/03\/01095.webp\",\"width\":800,\"height\":800,\"caption\":\"Nettoyant neutre\"},{\"@type\":\"BreadcrumbList\",\"@id\":\"https:\/\/www.csj-emballages.com\/es\/produit\/detergente-neutro-con-aroma-de-limon-5-litros\/#breadcrumb\",\"itemListElement\":[{\"@type\":\"ListItem\",\"position\":1,\"name\":\"Accueil\",\"item\":\"https:\/\/www.csj-emballages.com\/es\/universo-del-envasado-alimentario\/\"},{\"@type\":\"ListItem\",\"position\":2,\"name\":\"Tienda\",\"item\":\"https:\/\/www.csj-emballages.com\/tienda\/\"},{\"@type\":\"ListItem\",\"position\":3,\"name\":\"Limpiador neutro con aroma de lim\u00f3n 5 litros\"}]},{\"@type\":\"WebSite\",\"@id\":\"https:\/\/www.csj-emballages.com\/es\/#website\",\"url\":\"https:\/\/www.csj-emballages.com\/es\/\",\"name\":\"CSJ Emballages\",\"description\":\"\",\"publisher\":{\"@id\":\"https:\/\/www.csj-emballages.com\/es\/#organization\"},\"potentialAction\":[{\"@type\":\"SearchAction\",\"target\":{\"@type\":\"EntryPoint\",\"urlTemplate\":\"https:\/\/www.csj-emballages.com\/es\/?s={search_term_string}\"},\"query-input\":{\"@type\":\"PropertyValueSpecification\",\"valueRequired\":true,\"valueName\":\"search_term_string\"}}],\"inLanguage\":\"es\"},{\"@type\":\"Organization\",\"@id\":\"https:\/\/www.csj-emballages.com\/es\/#Organization\/\",\"name\":\"CSJ Emballages\",\"url\":\"https:\/\/www.csj-emballages.com\/es\/\",\"logo\":{\"@type\":\"ImageObject\",\"inLanguage\":\"es\",\"@id\":\"https:\/\/www.csj-emballages.com\/es\/#\/schema\/logo\/image\/\",\"url\":\"https:\/\/www.csj-emballages.com\/wp-content\/uploads\/2023\/10\/logo_csj.webp\",\"contentUrl\":\"https:\/\/www.csj-emballages.com\/wp-content\/uploads\/2023\/10\/logo_csj.webp\",\"width\":250,\"height\":95,\"caption\":\"CSJ Emballages\"},\"image\":{\"@id\":\"https:\/\/www.csj-emballages.com\/es\/#\/schema\/logo\/image\/\"},\"sameAs\":[\"https:\/\/www.facebook.com\/csjemballages\"],\"address\":{\"@type\":\"PostalAddress\",\"streetAddress\":\"ZI La Lechere\",\"addressLocality\":\"Patornay\",\"postalCode\":\"39130\",\"addressCountry\":\"FR\"},\"contactPoint\":[{\"@type\":\"ContactPoint\",\"contactType\":\"Service client\",\"telephone\":\"0384254272\",\"email\":\"contact@csj-emballages.com\"}]}]}<\/script>\n<!-- \/ Yoast SEO Premium plugin. -->","yoast_head_json":{"title":"Limpiador Neutro Fragancia Lim\u00f3n 5 litros","description":"Limpiador neutro de lim\u00f3n 5L para suelos delicados. Fragancia fresca, efecto repelente de insectos, ideal para m\u00e1rmol, terrazo, mosaicos, etc.","robots":{"index":"index","follow":"follow","max-snippet":"max-snippet:-1","max-image-preview":"max-image-preview:large","max-video-preview":"max-video-preview:-1"},"canonical":"https:\/\/www.csj-emballages.com\/es\/produit\/detergente-neutro-con-aroma-de-limon-5-litros\/","og_locale":"es_ES","og_type":"article","og_title":"Limpiador neutro con aroma de lim\u00f3n 5 litros","og_description":"Limpiador neutro de lim\u00f3n 5L para suelos delicados. Fragancia fresca, efecto repelente de insectos, ideal para m\u00e1rmol, terrazo, mosaicos, etc.","og_url":"https:\/\/www.csj-emballages.com\/es\/produit\/detergente-neutro-con-aroma-de-limon-5-litros\/","og_site_name":"CSJ Emballages","article_publisher":"https:\/\/www.facebook.com\/csjemballages","article_modified_time":"2026-04-30T00:10:14+00:00","og_image":[{"width":800,"height":800,"url":"https:\/\/www.csj-emballages.com\/wp-content\/uploads\/2024\/03\/01095.webp","type":"image\/webp"}],"twitter_card":"summary_large_image","twitter_misc":{"Tiempo de lectura":"2 minutos"},"schema":{"@context":"https:\/\/schema.org","@graph":[{"@type":"WebPage","@id":"https:\/\/www.csj-emballages.com\/es\/produit\/detergente-neutro-con-aroma-de-limon-5-litros\/","url":"https:\/\/www.csj-emballages.com\/es\/produit\/detergente-neutro-con-aroma-de-limon-5-litros\/","name":"Limpiador Neutro Fragancia Lim\u00f3n 5 litros","isPartOf":{"@id":"https:\/\/www.csj-emballages.com\/es\/#website"},"primaryImageOfPage":{"@id":"https:\/\/www.csj-emballages.com\/es\/produit\/detergente-neutro-con-aroma-de-limon-5-litros\/#primaryimage"},"image":{"@id":"https:\/\/www.csj-emballages.com\/es\/produit\/detergente-neutro-con-aroma-de-limon-5-litros\/#primaryimage"},"thumbnailUrl":"https:\/\/www.csj-emballages.com\/wp-content\/uploads\/2024\/03\/01095.webp","datePublished":"2024-03-01T16:00:20+00:00","dateModified":"2026-04-30T00:10:14+00:00","description":"Limpiador neutro de lim\u00f3n 5L para suelos delicados. Fragancia fresca, efecto repelente de insectos, ideal para m\u00e1rmol, terrazo, mosaicos, etc.","breadcrumb":{"@id":"https:\/\/www.csj-emballages.com\/es\/produit\/detergente-neutro-con-aroma-de-limon-5-litros\/#breadcrumb"},"inLanguage":"es","potentialAction":[{"@type":"ReadAction","target":["https:\/\/www.csj-emballages.com\/es\/produit\/detergente-neutro-con-aroma-de-limon-5-litros\/"]}]},{"@type":"ImageObject","inLanguage":"es","@id":"https:\/\/www.csj-emballages.com\/es\/produit\/detergente-neutro-con-aroma-de-limon-5-litros\/#primaryimage","url":"https:\/\/www.csj-emballages.com\/wp-content\/uploads\/2024\/03\/01095.webp","contentUrl":"https:\/\/www.csj-emballages.com\/wp-content\/uploads\/2024\/03\/01095.webp","width":800,"height":800,"caption":"Nettoyant neutre"},{"@type":"BreadcrumbList","@id":"https:\/\/www.csj-emballages.com\/es\/produit\/detergente-neutro-con-aroma-de-limon-5-litros\/#breadcrumb","itemListElement":[{"@type":"ListItem","position":1,"name":"Accueil","item":"https:\/\/www.csj-emballages.com\/es\/universo-del-envasado-alimentario\/"},{"@type":"ListItem","position":2,"name":"Tienda","item":"https:\/\/www.csj-emballages.com\/tienda\/"},{"@type":"ListItem","position":3,"name":"Limpiador neutro con aroma de lim\u00f3n 5 litros"}]},{"@type":"WebSite","@id":"https:\/\/www.csj-emballages.com\/es\/#website","url":"https:\/\/www.csj-emballages.com\/es\/","name":"CSJ Emballages","description":"","publisher":{"@id":"https:\/\/www.csj-emballages.com\/es\/#organization"},"potentialAction":[{"@type":"SearchAction","target":{"@type":"EntryPoint","urlTemplate":"https:\/\/www.csj-emballages.com\/es\/?s={search_term_string}"},"query-input":{"@type":"PropertyValueSpecification","valueRequired":true,"valueName":"search_term_string"}}],"inLanguage":"es"},{"@type":"Organization","@id":"https:\/\/www.csj-emballages.com\/es\/#Organization\/","name":"CSJ Emballages","url":"https:\/\/www.csj-emballages.com\/es\/","logo":{"@type":"ImageObject","inLanguage":"es","@id":"https:\/\/www.csj-emballages.com\/es\/#\/schema\/logo\/image\/","url":"https:\/\/www.csj-emballages.com\/wp-content\/uploads\/2023\/10\/logo_csj.webp","contentUrl":"https:\/\/www.csj-emballages.com\/wp-content\/uploads\/2023\/10\/logo_csj.webp","width":250,"height":95,"caption":"CSJ Emballages"},"image":{"@id":"https:\/\/www.csj-emballages.com\/es\/#\/schema\/logo\/image\/"},"sameAs":["https:\/\/www.facebook.com\/csjemballages"],"address":{"@type":"PostalAddress","streetAddress":"ZI La Lechere","addressLocality":"Patornay","postalCode":"39130","addressCountry":"FR"},"contactPoint":[{"@type":"ContactPoint","contactType":"Service client","telephone":"0384254272","email":"contact@csj-emballages.com"}]}]}},"df_price":9.16,"df_sale_price":"","df_regular_price":9.16,"df_image_link":"https:\/\/www.csj-emballages.com\/wp-content\/uploads\/2024\/03\/01095-300x300.webp","tiered_pricing_type":"fixed","tiered_pricing_fixed_rules":[],"tiered_pricing_percentage_rules":[],"tiered_pricing_minimum":1,"tiered_pricing_roles_data":[],"_links":{"self":[{"href":"https:\/\/www.csj-emballages.com\/es\/wp-json\/wp\/v2\/product\/17167","targetHints":{"allow":["GET"]}}],"collection":[{"href":"https:\/\/www.csj-emballages.com\/es\/wp-json\/wp\/v2\/product"}],"about":[{"href":"https:\/\/www.csj-emballages.com\/es\/wp-json\/wp\/v2\/types\/product"}],"wp:featuredmedia":[{"embeddable":true,"href":"https:\/\/www.csj-emballages.com\/es\/wp-json\/wp\/v2\/media\/239596"}],"wp:attachment":[{"href":"https:\/\/www.csj-emballages.com\/es\/wp-json\/wp\/v2\/media?parent=17167"}],"wp:term":[{"taxonomy":"product_brand","embeddable":true,"href":"https:\/\/www.csj-emballages.com\/es\/wp-json\/wp\/v2\/product_brand?post=17167"},{"taxonomy":"product_cat","embeddable":true,"href":"https:\/\/www.csj-emballages.com\/es\/wp-json\/wp\/v2\/product_cat?post=17167"},{"taxonomy":"product_tag","embeddable":true,"href":"https:\/\/www.csj-emballages.com\/es\/wp-json\/wp\/v2\/product_tag?post=17167"}],"curies":[{"name":"wp","href":"https:\/\/api.w.org\/{rel}","templated":true}]}}