{"id":17157,"date":"2024-03-01T17:00:20","date_gmt":"2024-03-01T16:00:20","guid":{"rendered":"https:\/\/u15jnbdpoq.preview.infomaniak.website\/produit\/lejia-liquida-96-5l\/"},"modified":"2026-04-25T02:10:14","modified_gmt":"2026-04-25T00:10:14","slug":"lejia-liquida-96-5l","status":"publish","type":"product","link":"https:\/\/www.csj-emballages.com\/es\/produit\/lejia-liquida-96-5l\/","title":{"rendered":"Lej\u00eda l\u00edquida 9,6 % 5 l"},"content":{"rendered":"<h2 class=\"p1\">Lej\u00eda l\u00edquida<\/h2>\n<hr>\n<h3>Descripci\u00f3n de nuestra lej\u00eda l\u00edquida 9,6 % 5 l<\/h3>\n<p><!--more--><\/p>\n<p data-start=\"261\" data-end=\"589\">La <strong>lej\u00eda l\u00edquida concentrada al 9,6 %<\/strong> en <strong>garrafa<\/strong> de <strong>5 litros<\/strong> es un indispensable en cualquier entorno donde la higiene sea una prioridad. Ya sea en restauraci\u00f3n, colectividades, industrias o incluso en el hogar, garantiza una limpieza profunda, una desinfecci\u00f3n fiable y una acci\u00f3n desodorizante eficaz. <\/p>\n<p data-start=\"591\" data-end=\"993\">Gracias a su alta concentraci\u00f3n de cloro activo, este producto es especialmente eficaz para eliminar virus, bacterias, hongos y mohos en todas las superficies lavables: suelos, paredes, sanitarios, encimeras, equipos de cocina, etc. Tambi\u00e9n puede utilizarse para blanquear la <strong>ropa blanca<\/strong> (siempre que se respeten las precauciones de uso) y tratar tuber\u00edas. <\/p>\n<p data-start=\"995\" data-end=\"1236\">F\u00e1cil de manipular gracias a su <strong>garrafa<\/strong> de <strong>5 l<\/strong>, puede utilizarse pura o diluida seg\u00fan las necesidades. Asimismo, para un uso habitual, una diluci\u00f3n al <strong>2,5 %<\/strong> basta para garantizar una limpieza eficaz limitando los riesgos en superficies sensibles. <\/p>\n<p data-start=\"1238\" data-end=\"1456\">Un aliado de confianza para los profesionales preocupados por la higiene y la limpieza, especialmente en entornos exigentes como restaurantes, cocinas colectivas, hospitales o centros escolares.<\/p>\n<p><!--more--><\/p>\n<h4><strong>Ventajas:<\/strong><\/h4>\n<ul>\n<li><strong>Alta concentraci\u00f3n<\/strong>: eficacia reforzada al 9,6 % de cloro activo.<\/li>\n<li>Desinfecta, limpia y desodoriza en una sola pasada.<\/li>\n<li><strong>Uso polivalente<\/strong>: superficies, sanitarios, ropa, tuber\u00edas.<\/li>\n<li>Formato econ\u00f3mico y pr\u00e1ctico: garrafa de 5 litros.<\/li>\n<li>Adecuado tanto para uso profesional como privado.<\/li>\n<\/ul>\n<p>&nbsp;<\/p>\n<p><!--more--><\/p>\n<h4>Informaci\u00f3n adicional :<\/h4>\n<ul>\n<li><strong>Embalaje<\/strong>: Por unidad<\/li>\n<li><strong>Uso<\/strong>: Lej\u00eda<\/li>\n<li><strong>Volumen<\/strong>: 5 litros<\/li>\n<li><b>Nivel de cloro<\/b>: 9,6 %<\/li>\n<\/ul>\n<p>&nbsp;<\/p>\n<p><!--more--><\/p>\n<p>Encuentre aqu\u00ed nuestra lej\u00eda l\u00edquida de 2,6 % 5 l: <span style=\"color: #d12727;\"><a style=\"color: #d12727;\" href=\"https:\/\/www.csj-emballages.com\/es\/produit\/lejia-liquida-26-5l\/\"><span style=\"color: #d12727;\">00785<\/span><\/a><\/span><\/p>\n<p>O nuestras pastillas de lej\u00eda de 500 g: <span style=\"color: #d12727;\"><a style=\"color: #d12727;\" href=\"https:\/\/www.csj-emballages.com\/es\/produit\/pastillas-de-lejia-500-g\/\">0079500<\/a><\/span><\/p>\n<p>&nbsp;<\/p>\n<p><!--more--><\/p>\n<p><a href=\"https:\/\/www.csj-emballages.com\/es\/categorie-produit\/higiene-y-mantenimiento\/productos-de-limpieza\/blanqueador-y-otros\/\">Ver el resto de nuestra gama de blanqueadores<\/a><\/p>\n","protected":false},"excerpt":{"rendered":"<p>Lej\u00eda l\u00edquida Descripci\u00f3n de nuestra lej\u00eda l\u00edquida 9,6 % 5 l<\/p>\n","protected":false},"featured_media":275111,"template":"","meta":{"_acf_changed":false},"product_brand":[],"product_cat":[1226,1227,1361],"product_tag":[],"class_list":{"0":"post-17157","1":"product","2":"type-product","3":"status-publish","4":"has-post-thumbnail","6":"product_cat-higiene-y-mantenimiento","7":"product_cat-productos-de-limpieza","8":"product_cat-blanqueador-y-otros","9":"product_shipping_class-no-permitido-en-reles","11":"first","12":"instock","13":"taxable","14":"shipping-taxable","15":"purchasable","16":"product-type-simple"},"acf":[],"yoast_head":"<!-- This site is optimized with the Yoast SEO Premium plugin v26.6 (Yoast SEO v26.6) - https:\/\/yoast.com\/wordpress\/plugins\/seo\/ -->\n<title>Lej\u00eda L\u00edquida 9,6 % 5 l<\/title>\n<meta name=\"description\" content=\"Lej\u00eda l\u00edquida concentrada al 9,6 %. Esta lej\u00eda l\u00edquida desinfecta locales, cubos de basura y materiales. Garrafa de 5 l.\" \/>\n<meta name=\"robots\" content=\"index, follow, max-snippet:-1, max-image-preview:large, max-video-preview:-1\" \/>\n<link rel=\"canonical\" href=\"https:\/\/www.csj-emballages.com\/es\/produit\/lejia-liquida-96-5l\/\" \/>\n<meta property=\"og:locale\" content=\"es_ES\" \/>\n<meta property=\"og:type\" content=\"article\" \/>\n<meta property=\"og:title\" content=\"Lej\u00eda l\u00edquida 9,6 % 5 l\" \/>\n<meta property=\"og:description\" content=\"Lej\u00eda l\u00edquida concentrada al 9,6 %. Esta lej\u00eda l\u00edquida desinfecta locales, cubos de basura y materiales. Garrafa de 5 l.\" \/>\n<meta property=\"og:url\" content=\"https:\/\/www.csj-emballages.com\/es\/produit\/lejia-liquida-96-5l\/\" \/>\n<meta property=\"og:site_name\" content=\"CSJ Emballages\" \/>\n<meta property=\"article:publisher\" content=\"https:\/\/www.facebook.com\/csjemballages\" \/>\n<meta property=\"article:modified_time\" content=\"2026-04-25T00:10:14+00:00\" \/>\n<meta property=\"og:image\" content=\"https:\/\/www.csj-emballages.com\/wp-content\/uploads\/2024\/03\/Javel-liquide.webp\" \/>\n\t<meta property=\"og:image:width\" content=\"800\" \/>\n\t<meta property=\"og:image:height\" content=\"800\" \/>\n\t<meta property=\"og:image:type\" content=\"image\/webp\" \/>\n<meta name=\"twitter:card\" content=\"summary_large_image\" \/>\n<meta name=\"twitter:label1\" content=\"Tiempo de lectura\" \/>\n\t<meta name=\"twitter:data1\" content=\"1 minuto\" \/>\n<script type=\"application\/ld+json\" class=\"yoast-schema-graph\">{\"@context\":\"https:\/\/schema.org\",\"@graph\":[{\"@type\":\"WebPage\",\"@id\":\"https:\/\/www.csj-emballages.com\/es\/produit\/lejia-liquida-96-5l\/\",\"url\":\"https:\/\/www.csj-emballages.com\/es\/produit\/lejia-liquida-96-5l\/\",\"name\":\"Lej\u00eda L\u00edquida 9,6 % 5 l\",\"isPartOf\":{\"@id\":\"https:\/\/www.csj-emballages.com\/es\/#website\"},\"primaryImageOfPage\":{\"@id\":\"https:\/\/www.csj-emballages.com\/es\/produit\/lejia-liquida-96-5l\/#primaryimage\"},\"image\":{\"@id\":\"https:\/\/www.csj-emballages.com\/es\/produit\/lejia-liquida-96-5l\/#primaryimage\"},\"thumbnailUrl\":\"https:\/\/www.csj-emballages.com\/wp-content\/uploads\/2024\/03\/Javel-liquide.webp\",\"datePublished\":\"2024-03-01T16:00:20+00:00\",\"dateModified\":\"2026-04-25T00:10:14+00:00\",\"description\":\"Lej\u00eda l\u00edquida concentrada al 9,6 %. Esta lej\u00eda l\u00edquida desinfecta locales, cubos de basura y materiales. Garrafa de 5 l.\",\"breadcrumb\":{\"@id\":\"https:\/\/www.csj-emballages.com\/es\/produit\/lejia-liquida-96-5l\/#breadcrumb\"},\"inLanguage\":\"es\",\"potentialAction\":[{\"@type\":\"ReadAction\",\"target\":[\"https:\/\/www.csj-emballages.com\/es\/produit\/lejia-liquida-96-5l\/\"]}]},{\"@type\":\"ImageObject\",\"inLanguage\":\"es\",\"@id\":\"https:\/\/www.csj-emballages.com\/es\/produit\/lejia-liquida-96-5l\/#primaryimage\",\"url\":\"https:\/\/www.csj-emballages.com\/wp-content\/uploads\/2024\/03\/Javel-liquide.webp\",\"contentUrl\":\"https:\/\/www.csj-emballages.com\/wp-content\/uploads\/2024\/03\/Javel-liquide.webp\",\"width\":800,\"height\":800,\"caption\":\"Javel liquide\"},{\"@type\":\"BreadcrumbList\",\"@id\":\"https:\/\/www.csj-emballages.com\/es\/produit\/lejia-liquida-96-5l\/#breadcrumb\",\"itemListElement\":[{\"@type\":\"ListItem\",\"position\":1,\"name\":\"Accueil\",\"item\":\"https:\/\/www.csj-emballages.com\/es\/universo-del-envasado-alimentario\/\"},{\"@type\":\"ListItem\",\"position\":2,\"name\":\"Tienda\",\"item\":\"https:\/\/www.csj-emballages.com\/tienda\/\"},{\"@type\":\"ListItem\",\"position\":3,\"name\":\"Lej\u00eda l\u00edquida 9,6 % 5 l\"}]},{\"@type\":\"WebSite\",\"@id\":\"https:\/\/www.csj-emballages.com\/es\/#website\",\"url\":\"https:\/\/www.csj-emballages.com\/es\/\",\"name\":\"CSJ Emballages\",\"description\":\"\",\"publisher\":{\"@id\":\"https:\/\/www.csj-emballages.com\/es\/#organization\"},\"potentialAction\":[{\"@type\":\"SearchAction\",\"target\":{\"@type\":\"EntryPoint\",\"urlTemplate\":\"https:\/\/www.csj-emballages.com\/es\/?s={search_term_string}\"},\"query-input\":{\"@type\":\"PropertyValueSpecification\",\"valueRequired\":true,\"valueName\":\"search_term_string\"}}],\"inLanguage\":\"es\"},{\"@type\":\"Organization\",\"@id\":\"https:\/\/www.csj-emballages.com\/es\/#Organization\/\",\"name\":\"CSJ Emballages\",\"url\":\"https:\/\/www.csj-emballages.com\/es\/\",\"logo\":{\"@type\":\"ImageObject\",\"inLanguage\":\"es\",\"@id\":\"https:\/\/www.csj-emballages.com\/es\/#\/schema\/logo\/image\/\",\"url\":\"https:\/\/www.csj-emballages.com\/wp-content\/uploads\/2023\/10\/logo_csj.webp\",\"contentUrl\":\"https:\/\/www.csj-emballages.com\/wp-content\/uploads\/2023\/10\/logo_csj.webp\",\"width\":250,\"height\":95,\"caption\":\"CSJ Emballages\"},\"image\":{\"@id\":\"https:\/\/www.csj-emballages.com\/es\/#\/schema\/logo\/image\/\"},\"sameAs\":[\"https:\/\/www.facebook.com\/csjemballages\"],\"address\":{\"@type\":\"PostalAddress\",\"streetAddress\":\"ZI La Lechere\",\"addressLocality\":\"Patornay\",\"postalCode\":\"39130\",\"addressCountry\":\"FR\"},\"contactPoint\":[{\"@type\":\"ContactPoint\",\"contactType\":\"Service client\",\"telephone\":\"0384254272\",\"email\":\"contact@csj-emballages.com\"}]}]}<\/script>\n<!-- \/ Yoast SEO Premium plugin. -->","yoast_head_json":{"title":"Lej\u00eda L\u00edquida 9,6 % 5 l","description":"Lej\u00eda l\u00edquida concentrada al 9,6 %. Esta lej\u00eda l\u00edquida desinfecta locales, cubos de basura y materiales. Garrafa de 5 l.","robots":{"index":"index","follow":"follow","max-snippet":"max-snippet:-1","max-image-preview":"max-image-preview:large","max-video-preview":"max-video-preview:-1"},"canonical":"https:\/\/www.csj-emballages.com\/es\/produit\/lejia-liquida-96-5l\/","og_locale":"es_ES","og_type":"article","og_title":"Lej\u00eda l\u00edquida 9,6 % 5 l","og_description":"Lej\u00eda l\u00edquida concentrada al 9,6 %. Esta lej\u00eda l\u00edquida desinfecta locales, cubos de basura y materiales. Garrafa de 5 l.","og_url":"https:\/\/www.csj-emballages.com\/es\/produit\/lejia-liquida-96-5l\/","og_site_name":"CSJ Emballages","article_publisher":"https:\/\/www.facebook.com\/csjemballages","article_modified_time":"2026-04-25T00:10:14+00:00","og_image":[{"width":800,"height":800,"url":"https:\/\/www.csj-emballages.com\/wp-content\/uploads\/2024\/03\/Javel-liquide.webp","type":"image\/webp"}],"twitter_card":"summary_large_image","twitter_misc":{"Tiempo de lectura":"1 minuto"},"schema":{"@context":"https:\/\/schema.org","@graph":[{"@type":"WebPage","@id":"https:\/\/www.csj-emballages.com\/es\/produit\/lejia-liquida-96-5l\/","url":"https:\/\/www.csj-emballages.com\/es\/produit\/lejia-liquida-96-5l\/","name":"Lej\u00eda L\u00edquida 9,6 % 5 l","isPartOf":{"@id":"https:\/\/www.csj-emballages.com\/es\/#website"},"primaryImageOfPage":{"@id":"https:\/\/www.csj-emballages.com\/es\/produit\/lejia-liquida-96-5l\/#primaryimage"},"image":{"@id":"https:\/\/www.csj-emballages.com\/es\/produit\/lejia-liquida-96-5l\/#primaryimage"},"thumbnailUrl":"https:\/\/www.csj-emballages.com\/wp-content\/uploads\/2024\/03\/Javel-liquide.webp","datePublished":"2024-03-01T16:00:20+00:00","dateModified":"2026-04-25T00:10:14+00:00","description":"Lej\u00eda l\u00edquida concentrada al 9,6 %. Esta lej\u00eda l\u00edquida desinfecta locales, cubos de basura y materiales. Garrafa de 5 l.","breadcrumb":{"@id":"https:\/\/www.csj-emballages.com\/es\/produit\/lejia-liquida-96-5l\/#breadcrumb"},"inLanguage":"es","potentialAction":[{"@type":"ReadAction","target":["https:\/\/www.csj-emballages.com\/es\/produit\/lejia-liquida-96-5l\/"]}]},{"@type":"ImageObject","inLanguage":"es","@id":"https:\/\/www.csj-emballages.com\/es\/produit\/lejia-liquida-96-5l\/#primaryimage","url":"https:\/\/www.csj-emballages.com\/wp-content\/uploads\/2024\/03\/Javel-liquide.webp","contentUrl":"https:\/\/www.csj-emballages.com\/wp-content\/uploads\/2024\/03\/Javel-liquide.webp","width":800,"height":800,"caption":"Javel liquide"},{"@type":"BreadcrumbList","@id":"https:\/\/www.csj-emballages.com\/es\/produit\/lejia-liquida-96-5l\/#breadcrumb","itemListElement":[{"@type":"ListItem","position":1,"name":"Accueil","item":"https:\/\/www.csj-emballages.com\/es\/universo-del-envasado-alimentario\/"},{"@type":"ListItem","position":2,"name":"Tienda","item":"https:\/\/www.csj-emballages.com\/tienda\/"},{"@type":"ListItem","position":3,"name":"Lej\u00eda l\u00edquida 9,6 % 5 l"}]},{"@type":"WebSite","@id":"https:\/\/www.csj-emballages.com\/es\/#website","url":"https:\/\/www.csj-emballages.com\/es\/","name":"CSJ Emballages","description":"","publisher":{"@id":"https:\/\/www.csj-emballages.com\/es\/#organization"},"potentialAction":[{"@type":"SearchAction","target":{"@type":"EntryPoint","urlTemplate":"https:\/\/www.csj-emballages.com\/es\/?s={search_term_string}"},"query-input":{"@type":"PropertyValueSpecification","valueRequired":true,"valueName":"search_term_string"}}],"inLanguage":"es"},{"@type":"Organization","@id":"https:\/\/www.csj-emballages.com\/es\/#Organization\/","name":"CSJ Emballages","url":"https:\/\/www.csj-emballages.com\/es\/","logo":{"@type":"ImageObject","inLanguage":"es","@id":"https:\/\/www.csj-emballages.com\/es\/#\/schema\/logo\/image\/","url":"https:\/\/www.csj-emballages.com\/wp-content\/uploads\/2023\/10\/logo_csj.webp","contentUrl":"https:\/\/www.csj-emballages.com\/wp-content\/uploads\/2023\/10\/logo_csj.webp","width":250,"height":95,"caption":"CSJ Emballages"},"image":{"@id":"https:\/\/www.csj-emballages.com\/es\/#\/schema\/logo\/image\/"},"sameAs":["https:\/\/www.facebook.com\/csjemballages"],"address":{"@type":"PostalAddress","streetAddress":"ZI La Lechere","addressLocality":"Patornay","postalCode":"39130","addressCountry":"FR"},"contactPoint":[{"@type":"ContactPoint","contactType":"Service client","telephone":"0384254272","email":"contact@csj-emballages.com"}]}]}},"df_price":10.26,"df_sale_price":"","df_regular_price":10.26,"df_image_link":"https:\/\/www.csj-emballages.com\/wp-content\/uploads\/2024\/03\/Javel-liquide-300x300.webp","tiered_pricing_type":"fixed","tiered_pricing_fixed_rules":[],"tiered_pricing_percentage_rules":[],"tiered_pricing_minimum":1,"tiered_pricing_roles_data":[],"_links":{"self":[{"href":"https:\/\/www.csj-emballages.com\/es\/wp-json\/wp\/v2\/product\/17157","targetHints":{"allow":["GET"]}}],"collection":[{"href":"https:\/\/www.csj-emballages.com\/es\/wp-json\/wp\/v2\/product"}],"about":[{"href":"https:\/\/www.csj-emballages.com\/es\/wp-json\/wp\/v2\/types\/product"}],"wp:featuredmedia":[{"embeddable":true,"href":"https:\/\/www.csj-emballages.com\/es\/wp-json\/wp\/v2\/media\/275111"}],"wp:attachment":[{"href":"https:\/\/www.csj-emballages.com\/es\/wp-json\/wp\/v2\/media?parent=17157"}],"wp:term":[{"taxonomy":"product_brand","embeddable":true,"href":"https:\/\/www.csj-emballages.com\/es\/wp-json\/wp\/v2\/product_brand?post=17157"},{"taxonomy":"product_cat","embeddable":true,"href":"https:\/\/www.csj-emballages.com\/es\/wp-json\/wp\/v2\/product_cat?post=17157"},{"taxonomy":"product_tag","embeddable":true,"href":"https:\/\/www.csj-emballages.com\/es\/wp-json\/wp\/v2\/product_tag?post=17157"}],"curies":[{"name":"wp","href":"https:\/\/api.w.org\/{rel}","templated":true}]}}