{"id":17151,"date":"2024-03-01T17:00:21","date_gmt":"2024-03-01T16:00:21","guid":{"rendered":"https:\/\/u15jnbdpoq.preview.infomaniak.website\/produit\/desatascador-de-desagues-de-1-litro\/"},"modified":"2026-03-26T02:10:12","modified_gmt":"2026-03-26T01:10:12","slug":"desatascador-de-desagues-de-1-litro","status":"publish","type":"product","link":"https:\/\/www.csj-emballages.com\/es\/produit\/desatascador-de-desagues-de-1-litro\/","title":{"rendered":"Desatascador de desag\u00fces de 1 litro"},"content":{"rendered":"<h2>Desatascador de desag\u00fces<\/h2>\n<hr>\n<h3>Descripci\u00f3n de nuestro desatascador de 1 litro<\/h3>\n<p><!--more--><\/p>\n<p class=\"\" data-start=\"169\" data-end=\"595\">\u00bfTiene un fregadero atascado, una ducha que no desagua o <strong>desag\u00fces obstruidos<\/strong> con residuos persistentes? Este <strong>desatascador de desag\u00fces de 1 litro<\/strong> es su aliado ideal. Formulado para disolver tanto los residuos org\u00e1nicos (grasa, pelos, restos de comida) como los inorg\u00e1nicos, act\u00faa r\u00e1pidamente sin necesidad de ninguna acci\u00f3n mec\u00e1nica. Un simple vertido es todo lo que necesita.   <\/p>\n<p class=\"\" data-start=\"597\" data-end=\"911\">Su f\u00f3rmula ultraconcentrada penetra profundamente en las tuber\u00edas, deshaciendo los atascos m\u00e1s dif\u00edciles y restableciendo el flujo de aguas residuales en un tiempo r\u00e9cord. Es la elecci\u00f3n preferida de los profesionales del mantenimiento, pero tambi\u00e9n de los clientes particulares que desean una soluci\u00f3n radical y eficaz. <\/p>\n<p class=\"\" data-start=\"913\" data-end=\"1384\">Este <strong>desatascador<\/strong> de desag\u00fces est\u00e1 dise\u00f1ado para un uso ocasional cuando los desatascadores de desag\u00fces convencionales ya no son suficientes. Es ideal para su uso en cocinas, ba\u00f1os, desag\u00fces y desag\u00fces exteriores. Sin embargo, debido a su extrema potencia, es esencial seguir al pie de la letra las instrucciones y precauciones de seguridad del fabricante. Recomendamos llevar guantes y gafas protectoras al utilizarlo.   <\/p>\n<p class=\"\" data-start=\"1386\" data-end=\"1518\">Evite costosas revisiones y largos desmontajes. Opte por una soluci\u00f3n sencilla, r\u00e1pida y muy eficaz. <\/p>\n<p data-start=\"1386\" data-end=\"1518\">\n<p><!--more--><\/p>\n<h4><strong>Ventajas:<\/strong><\/h4>\n<ul>\n<li>Disuelve eficazmente los tapones org\u00e1nicos e inorg\u00e1nicos.<\/li>\n<li>Act\u00faa con rapidez, desde los primeros minutos.<\/li>\n<li>Adecuado tanto para uso profesional como privado.<\/li>\n<li>Ideal para cocinas, ba\u00f1os y desag\u00fces exteriores.<\/li>\n<li>Asegure la botella de 1 litro.<\/li>\n<\/ul>\n<p>&nbsp;<\/p>\n<p><!--more--><\/p>\n<h4>Instrucciones de uso :<\/h4>\n<ul>\n<li>Deje la menor cantidad de agua posible en la tuber\u00eda y vierta lentamente el producto directamente en ella.<\/li>\n<li>Dejar actuar el producto durante 4-5 minutos y, a continuaci\u00f3n, verter un poco de agua fr\u00eda.<\/li>\n<li>Espere unos minutos y vierta abundante agua.<\/li>\n<\/ul>\n<p>&nbsp;<\/p>\n<p><!--more--><\/p>\n<h4>Informaci\u00f3n adicional :<\/h4>\n<ul>\n<li><strong>Embalaje<\/strong>: Por unidad<\/li>\n<li><strong>Volumen<\/strong>: 1 litro<\/li>\n<li><strong>Uso<\/strong>: Desbloqueador<\/li>\n<\/ul>\n<p>&nbsp;<\/p>\n<p><!--more--><\/p>\n<p>Haga clic aqu\u00ed para nuestro eliminador de olores biol\u00f3gico de 5 litros: <span style=\"color: #d12727;\"><a style=\"color: #d12727;\" href=\"https:\/\/www.csj-emballages.com\/es\/produit\/eliminador-de-olores-biologico-5-litros\/\">00111<\/a><\/span><\/p>\n<p>&nbsp;<\/p>\n<p><!--more--><\/p>\n<p><a href=\"https:\/\/www.csj-emballages.com\/es\/categorie-produit\/higiene-y-mantenimiento\/productos-de-limpieza\/cocina\/\">Ver el resto de nuestra gama de productos para el cuidado de la cocina<\/a><\/p>\n","protected":false},"excerpt":{"rendered":"<p>Desatascador de desag\u00fces Descripci\u00f3n de nuestro desatascador de 1 litro<\/p>\n","protected":false},"featured_media":233212,"template":"","meta":{"_acf_changed":false},"product_brand":[],"product_cat":[1226,1227,1355,1295],"product_tag":[],"class_list":{"0":"post-17151","1":"product","2":"type-product","3":"status-publish","4":"has-post-thumbnail","6":"product_cat-higiene-y-mantenimiento","7":"product_cat-productos-de-limpieza","8":"product_cat-cocina","9":"product_cat-sanitario-es","11":"first","12":"instock","13":"taxable","14":"shipping-taxable","15":"purchasable","16":"product-type-simple"},"acf":[],"yoast_head":"<!-- This site is optimized with the Yoast SEO Premium plugin v26.6 (Yoast SEO v26.6) - https:\/\/yoast.com\/wordpress\/plugins\/seo\/ -->\n<title>Desatascador de desag\u00fces de 1 litro<\/title>\n<meta name=\"description\" content=\"Desatascador de desag\u00fces de 1 litro - Elimina r\u00e1pidamente la grasa, el pelo y los residuos para que las tuber\u00edas sigan fluyendo sin problemas. Una acci\u00f3n poderosa y eficaz.\" \/>\n<meta name=\"robots\" content=\"index, follow, max-snippet:-1, max-image-preview:large, max-video-preview:-1\" \/>\n<link rel=\"canonical\" href=\"https:\/\/www.csj-emballages.com\/es\/produit\/desatascador-de-desagues-de-1-litro\/\" \/>\n<meta property=\"og:locale\" content=\"es_ES\" \/>\n<meta property=\"og:type\" content=\"article\" \/>\n<meta property=\"og:title\" content=\"Desatascador de desag\u00fces de 1 litro\" \/>\n<meta property=\"og:description\" content=\"Desatascador de desag\u00fces de 1 litro - Elimina r\u00e1pidamente la grasa, el pelo y los residuos para que las tuber\u00edas sigan fluyendo sin problemas. Una acci\u00f3n poderosa y eficaz.\" \/>\n<meta property=\"og:url\" content=\"https:\/\/www.csj-emballages.com\/es\/produit\/desatascador-de-desagues-de-1-litro\/\" \/>\n<meta property=\"og:site_name\" content=\"CSJ Emballages\" \/>\n<meta property=\"article:publisher\" content=\"https:\/\/www.facebook.com\/csjemballages\" \/>\n<meta property=\"article:modified_time\" content=\"2026-03-26T01:10:12+00:00\" \/>\n<meta property=\"og:image\" content=\"https:\/\/www.csj-emballages.com\/wp-content\/uploads\/2024\/03\/00110.webp\" \/>\n\t<meta property=\"og:image:width\" content=\"800\" \/>\n\t<meta property=\"og:image:height\" content=\"800\" \/>\n\t<meta property=\"og:image:type\" content=\"image\/webp\" \/>\n<meta name=\"twitter:card\" content=\"summary_large_image\" \/>\n<meta name=\"twitter:label1\" content=\"Tiempo de lectura\" \/>\n\t<meta name=\"twitter:data1\" content=\"2 minutos\" \/>\n<script type=\"application\/ld+json\" class=\"yoast-schema-graph\">{\"@context\":\"https:\/\/schema.org\",\"@graph\":[{\"@type\":\"WebPage\",\"@id\":\"https:\/\/www.csj-emballages.com\/es\/produit\/desatascador-de-desagues-de-1-litro\/\",\"url\":\"https:\/\/www.csj-emballages.com\/es\/produit\/desatascador-de-desagues-de-1-litro\/\",\"name\":\"Desatascador de desag\u00fces de 1 litro\",\"isPartOf\":{\"@id\":\"https:\/\/www.csj-emballages.com\/es\/#website\"},\"primaryImageOfPage\":{\"@id\":\"https:\/\/www.csj-emballages.com\/es\/produit\/desatascador-de-desagues-de-1-litro\/#primaryimage\"},\"image\":{\"@id\":\"https:\/\/www.csj-emballages.com\/es\/produit\/desatascador-de-desagues-de-1-litro\/#primaryimage\"},\"thumbnailUrl\":\"https:\/\/www.csj-emballages.com\/wp-content\/uploads\/2024\/03\/00110.webp\",\"datePublished\":\"2024-03-01T16:00:21+00:00\",\"dateModified\":\"2026-03-26T01:10:12+00:00\",\"description\":\"Desatascador de desag\u00fces de 1 litro - Elimina r\u00e1pidamente la grasa, el pelo y los residuos para que las tuber\u00edas sigan fluyendo sin problemas. Una acci\u00f3n poderosa y eficaz.\",\"breadcrumb\":{\"@id\":\"https:\/\/www.csj-emballages.com\/es\/produit\/desatascador-de-desagues-de-1-litro\/#breadcrumb\"},\"inLanguage\":\"es\",\"potentialAction\":[{\"@type\":\"ReadAction\",\"target\":[\"https:\/\/www.csj-emballages.com\/es\/produit\/desatascador-de-desagues-de-1-litro\/\"]}]},{\"@type\":\"ImageObject\",\"inLanguage\":\"es\",\"@id\":\"https:\/\/www.csj-emballages.com\/es\/produit\/desatascador-de-desagues-de-1-litro\/#primaryimage\",\"url\":\"https:\/\/www.csj-emballages.com\/wp-content\/uploads\/2024\/03\/00110.webp\",\"contentUrl\":\"https:\/\/www.csj-emballages.com\/wp-content\/uploads\/2024\/03\/00110.webp\",\"width\":800,\"height\":800,\"caption\":\"D\u00e9boucheur canalisation\"},{\"@type\":\"BreadcrumbList\",\"@id\":\"https:\/\/www.csj-emballages.com\/es\/produit\/desatascador-de-desagues-de-1-litro\/#breadcrumb\",\"itemListElement\":[{\"@type\":\"ListItem\",\"position\":1,\"name\":\"Accueil\",\"item\":\"https:\/\/www.csj-emballages.com\/es\/universo-del-envasado-alimentario\/\"},{\"@type\":\"ListItem\",\"position\":2,\"name\":\"Tienda\",\"item\":\"https:\/\/www.csj-emballages.com\/tienda\/\"},{\"@type\":\"ListItem\",\"position\":3,\"name\":\"Desatascador de desag\u00fces de 1 litro\"}]},{\"@type\":\"WebSite\",\"@id\":\"https:\/\/www.csj-emballages.com\/es\/#website\",\"url\":\"https:\/\/www.csj-emballages.com\/es\/\",\"name\":\"CSJ Emballages\",\"description\":\"\",\"publisher\":{\"@id\":\"https:\/\/www.csj-emballages.com\/es\/#organization\"},\"potentialAction\":[{\"@type\":\"SearchAction\",\"target\":{\"@type\":\"EntryPoint\",\"urlTemplate\":\"https:\/\/www.csj-emballages.com\/es\/?s={search_term_string}\"},\"query-input\":{\"@type\":\"PropertyValueSpecification\",\"valueRequired\":true,\"valueName\":\"search_term_string\"}}],\"inLanguage\":\"es\"},{\"@type\":\"Organization\",\"@id\":\"https:\/\/www.csj-emballages.com\/es\/#Organization\/\",\"name\":\"CSJ Emballages\",\"url\":\"https:\/\/www.csj-emballages.com\/es\/\",\"logo\":{\"@type\":\"ImageObject\",\"inLanguage\":\"es\",\"@id\":\"https:\/\/www.csj-emballages.com\/es\/#\/schema\/logo\/image\/\",\"url\":\"https:\/\/www.csj-emballages.com\/wp-content\/uploads\/2023\/10\/logo_csj.webp\",\"contentUrl\":\"https:\/\/www.csj-emballages.com\/wp-content\/uploads\/2023\/10\/logo_csj.webp\",\"width\":250,\"height\":95,\"caption\":\"CSJ Emballages\"},\"image\":{\"@id\":\"https:\/\/www.csj-emballages.com\/es\/#\/schema\/logo\/image\/\"},\"sameAs\":[\"https:\/\/www.facebook.com\/csjemballages\"],\"address\":{\"@type\":\"PostalAddress\",\"streetAddress\":\"ZI La Lechere\",\"addressLocality\":\"Patornay\",\"postalCode\":\"39130\",\"addressCountry\":\"FR\"},\"contactPoint\":[{\"@type\":\"ContactPoint\",\"contactType\":\"Service client\",\"telephone\":\"0384254272\",\"email\":\"contact@csj-emballages.com\"}]}]}<\/script>\n<!-- \/ Yoast SEO Premium plugin. -->","yoast_head_json":{"title":"Desatascador de desag\u00fces de 1 litro","description":"Desatascador de desag\u00fces de 1 litro - Elimina r\u00e1pidamente la grasa, el pelo y los residuos para que las tuber\u00edas sigan fluyendo sin problemas. Una acci\u00f3n poderosa y eficaz.","robots":{"index":"index","follow":"follow","max-snippet":"max-snippet:-1","max-image-preview":"max-image-preview:large","max-video-preview":"max-video-preview:-1"},"canonical":"https:\/\/www.csj-emballages.com\/es\/produit\/desatascador-de-desagues-de-1-litro\/","og_locale":"es_ES","og_type":"article","og_title":"Desatascador de desag\u00fces de 1 litro","og_description":"Desatascador de desag\u00fces de 1 litro - Elimina r\u00e1pidamente la grasa, el pelo y los residuos para que las tuber\u00edas sigan fluyendo sin problemas. Una acci\u00f3n poderosa y eficaz.","og_url":"https:\/\/www.csj-emballages.com\/es\/produit\/desatascador-de-desagues-de-1-litro\/","og_site_name":"CSJ Emballages","article_publisher":"https:\/\/www.facebook.com\/csjemballages","article_modified_time":"2026-03-26T01:10:12+00:00","og_image":[{"width":800,"height":800,"url":"https:\/\/www.csj-emballages.com\/wp-content\/uploads\/2024\/03\/00110.webp","type":"image\/webp"}],"twitter_card":"summary_large_image","twitter_misc":{"Tiempo de lectura":"2 minutos"},"schema":{"@context":"https:\/\/schema.org","@graph":[{"@type":"WebPage","@id":"https:\/\/www.csj-emballages.com\/es\/produit\/desatascador-de-desagues-de-1-litro\/","url":"https:\/\/www.csj-emballages.com\/es\/produit\/desatascador-de-desagues-de-1-litro\/","name":"Desatascador de desag\u00fces de 1 litro","isPartOf":{"@id":"https:\/\/www.csj-emballages.com\/es\/#website"},"primaryImageOfPage":{"@id":"https:\/\/www.csj-emballages.com\/es\/produit\/desatascador-de-desagues-de-1-litro\/#primaryimage"},"image":{"@id":"https:\/\/www.csj-emballages.com\/es\/produit\/desatascador-de-desagues-de-1-litro\/#primaryimage"},"thumbnailUrl":"https:\/\/www.csj-emballages.com\/wp-content\/uploads\/2024\/03\/00110.webp","datePublished":"2024-03-01T16:00:21+00:00","dateModified":"2026-03-26T01:10:12+00:00","description":"Desatascador de desag\u00fces de 1 litro - Elimina r\u00e1pidamente la grasa, el pelo y los residuos para que las tuber\u00edas sigan fluyendo sin problemas. Una acci\u00f3n poderosa y eficaz.","breadcrumb":{"@id":"https:\/\/www.csj-emballages.com\/es\/produit\/desatascador-de-desagues-de-1-litro\/#breadcrumb"},"inLanguage":"es","potentialAction":[{"@type":"ReadAction","target":["https:\/\/www.csj-emballages.com\/es\/produit\/desatascador-de-desagues-de-1-litro\/"]}]},{"@type":"ImageObject","inLanguage":"es","@id":"https:\/\/www.csj-emballages.com\/es\/produit\/desatascador-de-desagues-de-1-litro\/#primaryimage","url":"https:\/\/www.csj-emballages.com\/wp-content\/uploads\/2024\/03\/00110.webp","contentUrl":"https:\/\/www.csj-emballages.com\/wp-content\/uploads\/2024\/03\/00110.webp","width":800,"height":800,"caption":"D\u00e9boucheur canalisation"},{"@type":"BreadcrumbList","@id":"https:\/\/www.csj-emballages.com\/es\/produit\/desatascador-de-desagues-de-1-litro\/#breadcrumb","itemListElement":[{"@type":"ListItem","position":1,"name":"Accueil","item":"https:\/\/www.csj-emballages.com\/es\/universo-del-envasado-alimentario\/"},{"@type":"ListItem","position":2,"name":"Tienda","item":"https:\/\/www.csj-emballages.com\/tienda\/"},{"@type":"ListItem","position":3,"name":"Desatascador de desag\u00fces de 1 litro"}]},{"@type":"WebSite","@id":"https:\/\/www.csj-emballages.com\/es\/#website","url":"https:\/\/www.csj-emballages.com\/es\/","name":"CSJ Emballages","description":"","publisher":{"@id":"https:\/\/www.csj-emballages.com\/es\/#organization"},"potentialAction":[{"@type":"SearchAction","target":{"@type":"EntryPoint","urlTemplate":"https:\/\/www.csj-emballages.com\/es\/?s={search_term_string}"},"query-input":{"@type":"PropertyValueSpecification","valueRequired":true,"valueName":"search_term_string"}}],"inLanguage":"es"},{"@type":"Organization","@id":"https:\/\/www.csj-emballages.com\/es\/#Organization\/","name":"CSJ Emballages","url":"https:\/\/www.csj-emballages.com\/es\/","logo":{"@type":"ImageObject","inLanguage":"es","@id":"https:\/\/www.csj-emballages.com\/es\/#\/schema\/logo\/image\/","url":"https:\/\/www.csj-emballages.com\/wp-content\/uploads\/2023\/10\/logo_csj.webp","contentUrl":"https:\/\/www.csj-emballages.com\/wp-content\/uploads\/2023\/10\/logo_csj.webp","width":250,"height":95,"caption":"CSJ Emballages"},"image":{"@id":"https:\/\/www.csj-emballages.com\/es\/#\/schema\/logo\/image\/"},"sameAs":["https:\/\/www.facebook.com\/csjemballages"],"address":{"@type":"PostalAddress","streetAddress":"ZI La Lechere","addressLocality":"Patornay","postalCode":"39130","addressCountry":"FR"},"contactPoint":[{"@type":"ContactPoint","contactType":"Service client","telephone":"0384254272","email":"contact@csj-emballages.com"}]}]}},"df_price":6.25,"df_sale_price":"","df_regular_price":6.25,"df_image_link":"https:\/\/www.csj-emballages.com\/wp-content\/uploads\/2024\/03\/00110-300x300.webp","tiered_pricing_type":"fixed","tiered_pricing_fixed_rules":[],"tiered_pricing_percentage_rules":[],"tiered_pricing_minimum":1,"tiered_pricing_roles_data":[],"_links":{"self":[{"href":"https:\/\/www.csj-emballages.com\/es\/wp-json\/wp\/v2\/product\/17151","targetHints":{"allow":["GET"]}}],"collection":[{"href":"https:\/\/www.csj-emballages.com\/es\/wp-json\/wp\/v2\/product"}],"about":[{"href":"https:\/\/www.csj-emballages.com\/es\/wp-json\/wp\/v2\/types\/product"}],"wp:featuredmedia":[{"embeddable":true,"href":"https:\/\/www.csj-emballages.com\/es\/wp-json\/wp\/v2\/media\/233212"}],"wp:attachment":[{"href":"https:\/\/www.csj-emballages.com\/es\/wp-json\/wp\/v2\/media?parent=17151"}],"wp:term":[{"taxonomy":"product_brand","embeddable":true,"href":"https:\/\/www.csj-emballages.com\/es\/wp-json\/wp\/v2\/product_brand?post=17151"},{"taxonomy":"product_cat","embeddable":true,"href":"https:\/\/www.csj-emballages.com\/es\/wp-json\/wp\/v2\/product_cat?post=17151"},{"taxonomy":"product_tag","embeddable":true,"href":"https:\/\/www.csj-emballages.com\/es\/wp-json\/wp\/v2\/product_tag?post=17151"}],"curies":[{"name":"wp","href":"https:\/\/api.w.org\/{rel}","templated":true}]}}