{"id":17138,"date":"2024-03-01T17:00:21","date_gmt":"2024-03-01T16:00:21","guid":{"rendered":"https:\/\/u15jnbdpoq.preview.infomaniak.website\/produit\/eliminador-de-olores-biologico-5-litros\/"},"modified":"2026-05-07T02:10:20","modified_gmt":"2026-05-07T00:10:20","slug":"eliminador-de-olores-biologico-5-litros","status":"publish","type":"product","link":"https:\/\/www.csj-emballages.com\/es\/produit\/eliminador-de-olores-biologico-5-litros\/","title":{"rendered":"Eliminador de olores biol\u00f3gico 5 litros"},"content":{"rendered":"<h2>Eliminador de olores<\/h2>\n<hr>\n<h3>Descripci\u00f3n de nuestro eliminador de olores biol\u00f3gico 5 litros<\/h3>\n<p><!--more--><\/p>\n<div class=\"flex max-w-full flex-col flex-grow\">\n<div class=\"min-h-8 text-message flex w-full flex-col items-end gap-2 whitespace-normal break-words text-start [.text-message+&amp;]:mt-5\" dir=\"auto\" data-message-author-role=\"assistant\" data-message-id=\"74f6a6bc-fb52-432c-838a-4b103a29532e\" data-message-model-slug=\"gpt-4o\">\n<div class=\"flex w-full flex-col gap-1 empty:hidden first:pt-[3px]\">\n<div class=\"markdown prose w-full break-words dark:prose-invert dark\">\n<p class=\"\" data-start=\"215\" data-end=\"641\">Dise\u00f1ado para profesionales de la limpieza, autoridades locales e incluso clientes particulares exigentes, este <strong>eliminador de olores biol\u00f3gico<\/strong> es una soluci\u00f3n potente y natural para <strong>los olores<\/strong> desagradables persistentes. Gracias a su avanzada formulaci\u00f3n a base de microorganismos naturales y tensioactivos suaves, act\u00faa en profundidad para prevenir y neutralizar los humos desagradables procedentes de residuos org\u00e1nicos. <\/p>\n<p class=\"\" data-start=\"643\" data-end=\"1145\">De hecho, este producto no se limita a enmascarar <strong>los olores<\/strong>, sino que los trata en su origen, favoreciendo la biodegradaci\u00f3n de las sustancias responsables de estas molestias. Es especialmente eficaz en el mantenimiento de zonas sensibles: tuber\u00edas, sifones, fosas s\u00e9pticas, separadores de grasas y otros sistemas de tratamiento de aguas residuales. Adem\u00e1s, reduce la obstrucci\u00f3n de las instalaciones y mantiene su correcto funcionamiento, sin riesgo para los usuarios ni para el medio ambiente.  <\/p>\n<p class=\"\" data-start=\"1147\" data-end=\"1413\">Su formato <strong data-start=\"1161\" data-end=\"1173\">de 5 litros<\/strong> es ideal para su uso habitual en cocinas profesionales, restaurantes, centros comunitarios o en el hogar. F\u00e1cil de usar, basta con verter la cantidad recomendada directamente en las zonas a tratar. <\/p>\n<p class=\"\" data-start=\"1415\" data-end=\"1554\">En resumen, es una <strong data-start=\"1425\" data-end=\"1453\">alternativa ecol\u00f3gica<\/strong> a los productos qu\u00edmicos agresivos, con una eficacia demostrada a largo plazo.<\/p>\n<\/div>\n<\/div>\n<\/div>\n<p data-start=\"1415\" data-end=\"1554\">\n<\/div>\n<p><!--more--><\/p>\n<h4>Ventajas:<\/h4>\n<ul>\n<li>F\u00f3rmula ecol\u00f3gica a base de microorganismos naturales.<\/li>\n<li>Elimina los olores en su origen, sin enmascararlos.<\/li>\n<li>Conserva las instalaciones (tuber\u00edas, fosos, separadores, etc.).<\/li>\n<li>Ideal para uso profesional y dom\u00e9stico.<\/li>\n<li>Formato econ\u00f3mico de 5 litros.<\/li>\n<\/ul>\n<p>&nbsp;<\/p>\n<p><!--more--><\/p>\n<h4>Informaci\u00f3n adicional :<\/h4>\n<ul>\n<li><strong>Embalaje<\/strong>: Por unidad<\/li>\n<li><strong>Volumen<\/strong>: 5 litros<\/li>\n<li><strong>Uso<\/strong>: Eliminador de olores<\/li>\n<\/ul>\n<p>&nbsp;<\/p>\n<p><!--more--><\/p>\n<p class=\"woocommerce-loop-product__title\">Encuentre aqu\u00ed nuestro desatascador de desag\u00fces de 1 litro: <span style=\"color: #d12727;\"><a style=\"color: #d12727;\" href=\"https:\/\/www.csj-emballages.com\/es\/produit\/desatascador-de-desagues-de-1-litro\/\">00110<\/a><\/span><\/p>\n<p>&nbsp;<\/p>\n<p><!--more--><\/p>\n<p><a href=\"https:\/\/www.csj-emballages.com\/es\/categorie-produit\/higiene-y-mantenimiento\/productos-de-limpieza\/cocina\/\">Ver el resto de nuestra gama de productos para el cuidado de la cocina<\/a><\/p>\n","protected":false},"excerpt":{"rendered":"<p>Eliminador de olores Descripci\u00f3n de nuestro eliminador de olores biol\u00f3gico 5 litros<\/p>\n","protected":false},"featured_media":233217,"template":"","meta":{"_acf_changed":false},"product_brand":[],"product_cat":[1226,1227,1355,1295],"product_tag":[],"class_list":{"0":"post-17138","1":"product","2":"type-product","3":"status-publish","4":"has-post-thumbnail","6":"product_cat-higiene-y-mantenimiento","7":"product_cat-productos-de-limpieza","8":"product_cat-cocina","9":"product_cat-sanitario-es","10":"product_shipping_class-no-permitido-en-reles","12":"first","13":"instock","14":"taxable","15":"shipping-taxable","16":"purchasable","17":"product-type-simple"},"acf":[],"yoast_head":"<!-- This site is optimized with the Yoast SEO Premium plugin v26.6 (Yoast SEO v26.6) - https:\/\/yoast.com\/wordpress\/plugins\/seo\/ -->\n<title>Eliminador Biol\u00f3gico de Olores 5 litros<\/title>\n<meta name=\"description\" content=\"Eliminador de olores org\u00e1nicos 5L: neutraliza eficazmente los olores org\u00e1nicos en fosas, desag\u00fces y trampas de grasa. F\u00f3rmula natural.\" \/>\n<meta name=\"robots\" content=\"index, follow, max-snippet:-1, max-image-preview:large, max-video-preview:-1\" \/>\n<link rel=\"canonical\" href=\"https:\/\/www.csj-emballages.com\/es\/produit\/eliminador-de-olores-biologico-5-litros\/\" \/>\n<meta property=\"og:locale\" content=\"es_ES\" \/>\n<meta property=\"og:type\" content=\"article\" \/>\n<meta property=\"og:title\" content=\"Eliminador de olores biol\u00f3gico 5 litros\" \/>\n<meta property=\"og:description\" content=\"Eliminador de olores org\u00e1nicos 5L: neutraliza eficazmente los olores org\u00e1nicos en fosas, desag\u00fces y trampas de grasa. F\u00f3rmula natural.\" \/>\n<meta property=\"og:url\" content=\"https:\/\/www.csj-emballages.com\/es\/produit\/eliminador-de-olores-biologico-5-litros\/\" \/>\n<meta property=\"og:site_name\" content=\"CSJ Emballages\" \/>\n<meta property=\"article:publisher\" content=\"https:\/\/www.facebook.com\/csjemballages\" \/>\n<meta property=\"article:modified_time\" content=\"2026-05-07T00:10:20+00:00\" \/>\n<meta property=\"og:image\" content=\"https:\/\/www.csj-emballages.com\/wp-content\/uploads\/2024\/03\/00111.webp\" \/>\n\t<meta property=\"og:image:width\" content=\"800\" \/>\n\t<meta property=\"og:image:height\" content=\"800\" \/>\n\t<meta property=\"og:image:type\" content=\"image\/webp\" \/>\n<meta name=\"twitter:card\" content=\"summary_large_image\" \/>\n<meta name=\"twitter:label1\" content=\"Tiempo de lectura\" \/>\n\t<meta name=\"twitter:data1\" content=\"1 minuto\" \/>\n<script type=\"application\/ld+json\" class=\"yoast-schema-graph\">{\"@context\":\"https:\/\/schema.org\",\"@graph\":[{\"@type\":\"WebPage\",\"@id\":\"https:\/\/www.csj-emballages.com\/es\/produit\/eliminador-de-olores-biologico-5-litros\/\",\"url\":\"https:\/\/www.csj-emballages.com\/es\/produit\/eliminador-de-olores-biologico-5-litros\/\",\"name\":\"Eliminador Biol\u00f3gico de Olores 5 litros\",\"isPartOf\":{\"@id\":\"https:\/\/www.csj-emballages.com\/es\/#website\"},\"primaryImageOfPage\":{\"@id\":\"https:\/\/www.csj-emballages.com\/es\/produit\/eliminador-de-olores-biologico-5-litros\/#primaryimage\"},\"image\":{\"@id\":\"https:\/\/www.csj-emballages.com\/es\/produit\/eliminador-de-olores-biologico-5-litros\/#primaryimage\"},\"thumbnailUrl\":\"https:\/\/www.csj-emballages.com\/wp-content\/uploads\/2024\/03\/00111.webp\",\"datePublished\":\"2024-03-01T16:00:21+00:00\",\"dateModified\":\"2026-05-07T00:10:20+00:00\",\"description\":\"Eliminador de olores org\u00e1nicos 5L: neutraliza eficazmente los olores org\u00e1nicos en fosas, desag\u00fces y trampas de grasa. F\u00f3rmula natural.\",\"breadcrumb\":{\"@id\":\"https:\/\/www.csj-emballages.com\/es\/produit\/eliminador-de-olores-biologico-5-litros\/#breadcrumb\"},\"inLanguage\":\"es\",\"potentialAction\":[{\"@type\":\"ReadAction\",\"target\":[\"https:\/\/www.csj-emballages.com\/es\/produit\/eliminador-de-olores-biologico-5-litros\/\"]}]},{\"@type\":\"ImageObject\",\"inLanguage\":\"es\",\"@id\":\"https:\/\/www.csj-emballages.com\/es\/produit\/eliminador-de-olores-biologico-5-litros\/#primaryimage\",\"url\":\"https:\/\/www.csj-emballages.com\/wp-content\/uploads\/2024\/03\/00111.webp\",\"contentUrl\":\"https:\/\/www.csj-emballages.com\/wp-content\/uploads\/2024\/03\/00111.webp\",\"width\":800,\"height\":800,\"caption\":\"\u00c9liminateur odeur\"},{\"@type\":\"BreadcrumbList\",\"@id\":\"https:\/\/www.csj-emballages.com\/es\/produit\/eliminador-de-olores-biologico-5-litros\/#breadcrumb\",\"itemListElement\":[{\"@type\":\"ListItem\",\"position\":1,\"name\":\"Accueil\",\"item\":\"https:\/\/www.csj-emballages.com\/es\/universo-del-envasado-alimentario\/\"},{\"@type\":\"ListItem\",\"position\":2,\"name\":\"Tienda\",\"item\":\"https:\/\/www.csj-emballages.com\/tienda\/\"},{\"@type\":\"ListItem\",\"position\":3,\"name\":\"Eliminador de olores biol\u00f3gico 5 litros\"}]},{\"@type\":\"WebSite\",\"@id\":\"https:\/\/www.csj-emballages.com\/es\/#website\",\"url\":\"https:\/\/www.csj-emballages.com\/es\/\",\"name\":\"CSJ Emballages\",\"description\":\"\",\"publisher\":{\"@id\":\"https:\/\/www.csj-emballages.com\/es\/#organization\"},\"potentialAction\":[{\"@type\":\"SearchAction\",\"target\":{\"@type\":\"EntryPoint\",\"urlTemplate\":\"https:\/\/www.csj-emballages.com\/es\/?s={search_term_string}\"},\"query-input\":{\"@type\":\"PropertyValueSpecification\",\"valueRequired\":true,\"valueName\":\"search_term_string\"}}],\"inLanguage\":\"es\"},{\"@type\":\"Organization\",\"@id\":\"https:\/\/www.csj-emballages.com\/es\/#Organization\/\",\"name\":\"CSJ Emballages\",\"url\":\"https:\/\/www.csj-emballages.com\/es\/\",\"logo\":{\"@type\":\"ImageObject\",\"inLanguage\":\"es\",\"@id\":\"https:\/\/www.csj-emballages.com\/es\/#\/schema\/logo\/image\/\",\"url\":\"https:\/\/www.csj-emballages.com\/wp-content\/uploads\/2023\/10\/logo_csj.webp\",\"contentUrl\":\"https:\/\/www.csj-emballages.com\/wp-content\/uploads\/2023\/10\/logo_csj.webp\",\"width\":250,\"height\":95,\"caption\":\"CSJ Emballages\"},\"image\":{\"@id\":\"https:\/\/www.csj-emballages.com\/es\/#\/schema\/logo\/image\/\"},\"sameAs\":[\"https:\/\/www.facebook.com\/csjemballages\"],\"address\":{\"@type\":\"PostalAddress\",\"streetAddress\":\"ZI La Lechere\",\"addressLocality\":\"Patornay\",\"postalCode\":\"39130\",\"addressCountry\":\"FR\"},\"contactPoint\":[{\"@type\":\"ContactPoint\",\"contactType\":\"Service client\",\"telephone\":\"0384254272\",\"email\":\"contact@csj-emballages.com\"}]}]}<\/script>\n<!-- \/ Yoast SEO Premium plugin. -->","yoast_head_json":{"title":"Eliminador Biol\u00f3gico de Olores 5 litros","description":"Eliminador de olores org\u00e1nicos 5L: neutraliza eficazmente los olores org\u00e1nicos en fosas, desag\u00fces y trampas de grasa. F\u00f3rmula natural.","robots":{"index":"index","follow":"follow","max-snippet":"max-snippet:-1","max-image-preview":"max-image-preview:large","max-video-preview":"max-video-preview:-1"},"canonical":"https:\/\/www.csj-emballages.com\/es\/produit\/eliminador-de-olores-biologico-5-litros\/","og_locale":"es_ES","og_type":"article","og_title":"Eliminador de olores biol\u00f3gico 5 litros","og_description":"Eliminador de olores org\u00e1nicos 5L: neutraliza eficazmente los olores org\u00e1nicos en fosas, desag\u00fces y trampas de grasa. F\u00f3rmula natural.","og_url":"https:\/\/www.csj-emballages.com\/es\/produit\/eliminador-de-olores-biologico-5-litros\/","og_site_name":"CSJ Emballages","article_publisher":"https:\/\/www.facebook.com\/csjemballages","article_modified_time":"2026-05-07T00:10:20+00:00","og_image":[{"width":800,"height":800,"url":"https:\/\/www.csj-emballages.com\/wp-content\/uploads\/2024\/03\/00111.webp","type":"image\/webp"}],"twitter_card":"summary_large_image","twitter_misc":{"Tiempo de lectura":"1 minuto"},"schema":{"@context":"https:\/\/schema.org","@graph":[{"@type":"WebPage","@id":"https:\/\/www.csj-emballages.com\/es\/produit\/eliminador-de-olores-biologico-5-litros\/","url":"https:\/\/www.csj-emballages.com\/es\/produit\/eliminador-de-olores-biologico-5-litros\/","name":"Eliminador Biol\u00f3gico de Olores 5 litros","isPartOf":{"@id":"https:\/\/www.csj-emballages.com\/es\/#website"},"primaryImageOfPage":{"@id":"https:\/\/www.csj-emballages.com\/es\/produit\/eliminador-de-olores-biologico-5-litros\/#primaryimage"},"image":{"@id":"https:\/\/www.csj-emballages.com\/es\/produit\/eliminador-de-olores-biologico-5-litros\/#primaryimage"},"thumbnailUrl":"https:\/\/www.csj-emballages.com\/wp-content\/uploads\/2024\/03\/00111.webp","datePublished":"2024-03-01T16:00:21+00:00","dateModified":"2026-05-07T00:10:20+00:00","description":"Eliminador de olores org\u00e1nicos 5L: neutraliza eficazmente los olores org\u00e1nicos en fosas, desag\u00fces y trampas de grasa. F\u00f3rmula natural.","breadcrumb":{"@id":"https:\/\/www.csj-emballages.com\/es\/produit\/eliminador-de-olores-biologico-5-litros\/#breadcrumb"},"inLanguage":"es","potentialAction":[{"@type":"ReadAction","target":["https:\/\/www.csj-emballages.com\/es\/produit\/eliminador-de-olores-biologico-5-litros\/"]}]},{"@type":"ImageObject","inLanguage":"es","@id":"https:\/\/www.csj-emballages.com\/es\/produit\/eliminador-de-olores-biologico-5-litros\/#primaryimage","url":"https:\/\/www.csj-emballages.com\/wp-content\/uploads\/2024\/03\/00111.webp","contentUrl":"https:\/\/www.csj-emballages.com\/wp-content\/uploads\/2024\/03\/00111.webp","width":800,"height":800,"caption":"\u00c9liminateur odeur"},{"@type":"BreadcrumbList","@id":"https:\/\/www.csj-emballages.com\/es\/produit\/eliminador-de-olores-biologico-5-litros\/#breadcrumb","itemListElement":[{"@type":"ListItem","position":1,"name":"Accueil","item":"https:\/\/www.csj-emballages.com\/es\/universo-del-envasado-alimentario\/"},{"@type":"ListItem","position":2,"name":"Tienda","item":"https:\/\/www.csj-emballages.com\/tienda\/"},{"@type":"ListItem","position":3,"name":"Eliminador de olores biol\u00f3gico 5 litros"}]},{"@type":"WebSite","@id":"https:\/\/www.csj-emballages.com\/es\/#website","url":"https:\/\/www.csj-emballages.com\/es\/","name":"CSJ Emballages","description":"","publisher":{"@id":"https:\/\/www.csj-emballages.com\/es\/#organization"},"potentialAction":[{"@type":"SearchAction","target":{"@type":"EntryPoint","urlTemplate":"https:\/\/www.csj-emballages.com\/es\/?s={search_term_string}"},"query-input":{"@type":"PropertyValueSpecification","valueRequired":true,"valueName":"search_term_string"}}],"inLanguage":"es"},{"@type":"Organization","@id":"https:\/\/www.csj-emballages.com\/es\/#Organization\/","name":"CSJ Emballages","url":"https:\/\/www.csj-emballages.com\/es\/","logo":{"@type":"ImageObject","inLanguage":"es","@id":"https:\/\/www.csj-emballages.com\/es\/#\/schema\/logo\/image\/","url":"https:\/\/www.csj-emballages.com\/wp-content\/uploads\/2023\/10\/logo_csj.webp","contentUrl":"https:\/\/www.csj-emballages.com\/wp-content\/uploads\/2023\/10\/logo_csj.webp","width":250,"height":95,"caption":"CSJ Emballages"},"image":{"@id":"https:\/\/www.csj-emballages.com\/es\/#\/schema\/logo\/image\/"},"sameAs":["https:\/\/www.facebook.com\/csjemballages"],"address":{"@type":"PostalAddress","streetAddress":"ZI La Lechere","addressLocality":"Patornay","postalCode":"39130","addressCountry":"FR"},"contactPoint":[{"@type":"ContactPoint","contactType":"Service client","telephone":"0384254272","email":"contact@csj-emballages.com"}]}]}},"df_price":33.25,"df_sale_price":"","df_regular_price":33.25,"df_image_link":"https:\/\/www.csj-emballages.com\/wp-content\/uploads\/2024\/03\/00111-300x300.webp","tiered_pricing_type":"fixed","tiered_pricing_fixed_rules":[],"tiered_pricing_percentage_rules":[],"tiered_pricing_minimum":1,"tiered_pricing_roles_data":[],"_links":{"self":[{"href":"https:\/\/www.csj-emballages.com\/es\/wp-json\/wp\/v2\/product\/17138","targetHints":{"allow":["GET"]}}],"collection":[{"href":"https:\/\/www.csj-emballages.com\/es\/wp-json\/wp\/v2\/product"}],"about":[{"href":"https:\/\/www.csj-emballages.com\/es\/wp-json\/wp\/v2\/types\/product"}],"wp:featuredmedia":[{"embeddable":true,"href":"https:\/\/www.csj-emballages.com\/es\/wp-json\/wp\/v2\/media\/233217"}],"wp:attachment":[{"href":"https:\/\/www.csj-emballages.com\/es\/wp-json\/wp\/v2\/media?parent=17138"}],"wp:term":[{"taxonomy":"product_brand","embeddable":true,"href":"https:\/\/www.csj-emballages.com\/es\/wp-json\/wp\/v2\/product_brand?post=17138"},{"taxonomy":"product_cat","embeddable":true,"href":"https:\/\/www.csj-emballages.com\/es\/wp-json\/wp\/v2\/product_cat?post=17138"},{"taxonomy":"product_tag","embeddable":true,"href":"https:\/\/www.csj-emballages.com\/es\/wp-json\/wp\/v2\/product_tag?post=17138"}],"curies":[{"name":"wp","href":"https:\/\/api.w.org\/{rel}","templated":true}]}}