{"id":17131,"date":"2024-03-01T17:00:21","date_gmt":"2024-03-01T16:00:21","guid":{"rendered":"https:\/\/u15jnbdpoq.preview.infomaniak.website\/produit\/agua-desmineralizada-lata-5l\/"},"modified":"2026-03-12T16:00:15","modified_gmt":"2026-03-12T15:00:15","slug":"agua-desmineralizada-lata-5l","status":"publish","type":"product","link":"https:\/\/www.csj-emballages.com\/es\/produit\/agua-desmineralizada-lata-5l\/","title":{"rendered":"Agua desmineralizada Lata 5L"},"content":{"rendered":"<h2 class=\"ai-optimize-33\">Agua desmineralizada<\/h2>\n<hr>\n<h3 class=\"ai-optimize-34\">Descripci\u00f3n de nuestra lata de agua desmineralizada de 5 litros<\/h3>\n<p><!--more--><\/p>\n<p class=\"ai-optimize-28 ai-optimize-introduction\" data-start=\"246\" data-end=\"569\"><strong>El agua desmineralizada<\/strong> es una soluci\u00f3n sencilla, econ\u00f3mica y muy eficaz para prolongar la vida de sus aparatos sensibles a la cal. Este <strong>bid\u00f3n<\/strong> <strong>de 5 litros<\/strong> le proporciona un suministro c\u00f3modo para sus necesidades dom\u00e9sticas o profesionales, al tiempo que le ayuda a mantener sus equipos a diario. <\/p>\n<p class=\"ai-optimize-29\" data-start=\"571\" data-end=\"908\">Esta <strong>agua<\/strong> sin minerales es ideal para su uso en <strong data-start=\"645\" data-end=\"664\">planchas<\/strong>, <strong data-start=\"666\" data-end=\"686\">generadores de vapor<\/strong>, <strong data-start=\"688\" data-end=\"709\">limpiadores de vapor<\/strong> y <strong data-start=\"724\" data-end=\"755\">decapantes de papel pintado<\/strong>. Evita la formaci\u00f3n de dep\u00f3sitos calc\u00e1reos en los circuitos internos, prolongando su vida \u00fatil y reduciendo el riesgo de aver\u00edas. <\/p>\n<p class=\"ai-optimize-30\" data-start=\"910\" data-end=\"1159\">Pero eso no es todo: tambi\u00e9n se utiliza en el <strong data-start=\"970\" data-end=\"992\">sector del autom\u00f3vil<\/strong>, para <strong data-start=\"999\" data-end=\"1017\">radiadores<\/strong>, <strong data-start=\"1019\" data-end=\"1032\">bater\u00edas<\/strong> y <strong data-start=\"1043\" data-end=\"1058\">lavaparabrisas<\/strong>. En invierno, puede mezclarse con alcohol de 90\u00b0 o 95\u00b0 para aumentar la eficacia anticongelante. <\/p>\n<p class=\"ai-optimize-31\" data-start=\"1161\" data-end=\"1367\">En resumen, tanto si es un usuario particular que busca mantener sus electrodom\u00e9sticos como si es un profesional que busca un producto fiable y econ\u00f3mico, este <strong>bid\u00f3n de 5 litros de<\/strong> agua desmineralizada es una apuesta segura.<\/p>\n<p><!--more--><\/p>\n<h4 class=\"ai-optimize-37\"><strong>Ventajas:<\/strong><\/h4>\n<ul>\n<li class=\"ai-optimize-38\">Protege sus electrodom\u00e9sticos de la cal y prolonga su vida \u00fatil.<\/li>\n<li class=\"ai-optimize-39\">Ideal para planchas, planchas de vapor, limpiadores de vapor, radiadores, bater\u00edas, etc.<\/li>\n<li class=\"ai-optimize-40\"><strong>Vers\u00e1til<\/strong>: para uso dom\u00e9stico, automovil\u00edstico o profesional.<\/li>\n<li class=\"ai-optimize-50\">Econ\u00f3mico: pr\u00e1ctico y duradero envase de 5 litros.<\/li>\n<\/ul>\n<p>&nbsp;<\/p>\n<p><!--more--><\/p>\n<h4 class=\"ai-optimize-43\">Informaci\u00f3n adicional :<\/h4>\n<ul>\n<li class=\"ai-optimize-44\"><strong>Embalaje<\/strong>: Por unidad<\/li>\n<li class=\"ai-optimize-51\"><strong>Uso<\/strong>: Agua desmineralizada<\/li>\n<li class=\"ai-optimize-52\"><strong>Volumen<\/strong>: 5 litros<\/li>\n<\/ul>\n<p>&nbsp;<\/p>\n<p><!--more--><\/p>\n<p class=\"ai-optimize-63\">Descubra tambi\u00e9n nuestras pastillas desinfectantes para lavadoras Super ACTIV&#8217; de 3,125 Kg: <span style=\"color: #d12727;\"><a style=\"color: #d12727;\" href=\"https:\/\/www.csj-emballages.com\/es\/produit\/pastillas-desinfectantes-para-lavadoras-super-activ-3125-kg\/\"><span style=\"color: #d12727;\">01025<\/span><\/a><\/span><\/p>\n<p>&nbsp;<\/p>\n<p><!--more--><\/p>\n<p class=\"ai-optimize-45\"><a href=\"https:\/\/www.csj-emballages.com\/es\/categorie-produit\/higiene-y-mantenimiento\/productos-de-limpieza\/lino\/\">Ver el resto de nuestra gama de productos de lavander\u00eda<\/a><\/p>\n","protected":false},"excerpt":{"rendered":"<p>Agua desmineralizada Descripci\u00f3n de nuestra lata de agua desmineralizada de 5 litros<\/p>\n","protected":false},"featured_media":236889,"template":"","meta":{"_acf_changed":false},"product_brand":[],"product_cat":[1226,1227,1353],"product_tag":[],"class_list":{"0":"post-17131","1":"product","2":"type-product","3":"status-publish","4":"has-post-thumbnail","6":"product_cat-higiene-y-mantenimiento","7":"product_cat-productos-de-limpieza","8":"product_cat-lino","9":"product_shipping_class-no-permitido-en-reles","11":"first","12":"instock","13":"taxable","14":"shipping-taxable","15":"purchasable","16":"product-type-simple"},"acf":[],"yoast_head":"<!-- This site is optimized with the Yoast SEO Premium plugin v26.6 (Yoast SEO v26.6) - https:\/\/yoast.com\/wordpress\/plugins\/seo\/ -->\n<title>Agua desmineralizada Lata 5L<\/title>\n<meta name=\"description\" content=\"5L de agua desmineralizada para proteger planchas, radiadores, limpiadores de vapor... Una soluci\u00f3n antical econ\u00f3mica, polivalente y fiable.\" \/>\n<meta name=\"robots\" content=\"index, follow, max-snippet:-1, max-image-preview:large, max-video-preview:-1\" \/>\n<link rel=\"canonical\" href=\"https:\/\/www.csj-emballages.com\/es\/produit\/agua-desmineralizada-lata-5l\/\" \/>\n<meta property=\"og:locale\" content=\"es_ES\" \/>\n<meta property=\"og:type\" content=\"article\" \/>\n<meta property=\"og:title\" content=\"Agua desmineralizada Lata 5L\" \/>\n<meta property=\"og:description\" content=\"5L de agua desmineralizada para proteger planchas, radiadores, limpiadores de vapor... Una soluci\u00f3n antical econ\u00f3mica, polivalente y fiable.\" \/>\n<meta property=\"og:url\" content=\"https:\/\/www.csj-emballages.com\/es\/produit\/agua-desmineralizada-lata-5l\/\" \/>\n<meta property=\"og:site_name\" content=\"CSJ Emballages\" \/>\n<meta property=\"article:publisher\" content=\"https:\/\/www.facebook.com\/csjemballages\" \/>\n<meta property=\"article:modified_time\" content=\"2026-03-12T15:00:15+00:00\" \/>\n<meta property=\"og:image\" content=\"https:\/\/www.csj-emballages.com\/wp-content\/uploads\/2024\/03\/eau-demineralisee-5l-litres-bidon-grossiste-csj-emballages-big-jpg.webp\" \/>\n\t<meta property=\"og:image:width\" content=\"300\" \/>\n\t<meta property=\"og:image:height\" content=\"300\" \/>\n\t<meta property=\"og:image:type\" content=\"image\/jpeg\" \/>\n<meta name=\"twitter:card\" content=\"summary_large_image\" \/>\n<meta name=\"twitter:label1\" content=\"Tiempo de lectura\" \/>\n\t<meta name=\"twitter:data1\" content=\"1 minuto\" \/>\n<script type=\"application\/ld+json\" class=\"yoast-schema-graph\">{\"@context\":\"https:\/\/schema.org\",\"@graph\":[{\"@type\":\"WebPage\",\"@id\":\"https:\/\/www.csj-emballages.com\/es\/produit\/agua-desmineralizada-lata-5l\/\",\"url\":\"https:\/\/www.csj-emballages.com\/es\/produit\/agua-desmineralizada-lata-5l\/\",\"name\":\"Agua desmineralizada Lata 5L\",\"isPartOf\":{\"@id\":\"https:\/\/www.csj-emballages.com\/es\/#website\"},\"primaryImageOfPage\":{\"@id\":\"https:\/\/www.csj-emballages.com\/es\/produit\/agua-desmineralizada-lata-5l\/#primaryimage\"},\"image\":{\"@id\":\"https:\/\/www.csj-emballages.com\/es\/produit\/agua-desmineralizada-lata-5l\/#primaryimage\"},\"thumbnailUrl\":\"https:\/\/www.csj-emballages.com\/wp-content\/uploads\/2024\/03\/00106.webp\",\"datePublished\":\"2024-03-01T16:00:21+00:00\",\"dateModified\":\"2026-03-12T15:00:15+00:00\",\"description\":\"5L de agua desmineralizada para proteger planchas, radiadores, limpiadores de vapor... Una soluci\u00f3n antical econ\u00f3mica, polivalente y fiable.\",\"breadcrumb\":{\"@id\":\"https:\/\/www.csj-emballages.com\/es\/produit\/agua-desmineralizada-lata-5l\/#breadcrumb\"},\"inLanguage\":\"es\",\"potentialAction\":[{\"@type\":\"ReadAction\",\"target\":[\"https:\/\/www.csj-emballages.com\/es\/produit\/agua-desmineralizada-lata-5l\/\"]}]},{\"@type\":\"ImageObject\",\"inLanguage\":\"es\",\"@id\":\"https:\/\/www.csj-emballages.com\/es\/produit\/agua-desmineralizada-lata-5l\/#primaryimage\",\"url\":\"https:\/\/www.csj-emballages.com\/wp-content\/uploads\/2024\/03\/00106.webp\",\"contentUrl\":\"https:\/\/www.csj-emballages.com\/wp-content\/uploads\/2024\/03\/00106.webp\",\"width\":800,\"height\":800,\"caption\":\"Eau d\u00e9min\u00e9ralis\u00e9e\"},{\"@type\":\"BreadcrumbList\",\"@id\":\"https:\/\/www.csj-emballages.com\/es\/produit\/agua-desmineralizada-lata-5l\/#breadcrumb\",\"itemListElement\":[{\"@type\":\"ListItem\",\"position\":1,\"name\":\"Accueil\",\"item\":\"https:\/\/www.csj-emballages.com\/es\/universo-del-envasado-alimentario\/\"},{\"@type\":\"ListItem\",\"position\":2,\"name\":\"Tienda\",\"item\":\"https:\/\/www.csj-emballages.com\/tienda\/\"},{\"@type\":\"ListItem\",\"position\":3,\"name\":\"Agua desmineralizada Lata 5L\"}]},{\"@type\":\"WebSite\",\"@id\":\"https:\/\/www.csj-emballages.com\/es\/#website\",\"url\":\"https:\/\/www.csj-emballages.com\/es\/\",\"name\":\"CSJ Emballages\",\"description\":\"\",\"publisher\":{\"@id\":\"https:\/\/www.csj-emballages.com\/es\/#organization\"},\"potentialAction\":[{\"@type\":\"SearchAction\",\"target\":{\"@type\":\"EntryPoint\",\"urlTemplate\":\"https:\/\/www.csj-emballages.com\/es\/?s={search_term_string}\"},\"query-input\":{\"@type\":\"PropertyValueSpecification\",\"valueRequired\":true,\"valueName\":\"search_term_string\"}}],\"inLanguage\":\"es\"},{\"@type\":\"Organization\",\"@id\":\"https:\/\/www.csj-emballages.com\/es\/#Organization\/\",\"name\":\"CSJ Emballages\",\"url\":\"https:\/\/www.csj-emballages.com\/es\/\",\"logo\":{\"@type\":\"ImageObject\",\"inLanguage\":\"es\",\"@id\":\"https:\/\/www.csj-emballages.com\/es\/#\/schema\/logo\/image\/\",\"url\":\"https:\/\/www.csj-emballages.com\/wp-content\/uploads\/2023\/10\/logo_csj.webp\",\"contentUrl\":\"https:\/\/www.csj-emballages.com\/wp-content\/uploads\/2023\/10\/logo_csj.webp\",\"width\":250,\"height\":95,\"caption\":\"CSJ Emballages\"},\"image\":{\"@id\":\"https:\/\/www.csj-emballages.com\/es\/#\/schema\/logo\/image\/\"},\"sameAs\":[\"https:\/\/www.facebook.com\/csjemballages\"],\"address\":{\"@type\":\"PostalAddress\",\"streetAddress\":\"ZI La Lechere\",\"addressLocality\":\"Patornay\",\"postalCode\":\"39130\",\"addressCountry\":\"FR\"},\"contactPoint\":[{\"@type\":\"ContactPoint\",\"contactType\":\"Service client\",\"telephone\":\"0384254272\",\"email\":\"contact@csj-emballages.com\"}]}]}<\/script>\n<!-- \/ Yoast SEO Premium plugin. -->","yoast_head_json":{"title":"Agua desmineralizada Lata 5L","description":"5L de agua desmineralizada para proteger planchas, radiadores, limpiadores de vapor... Una soluci\u00f3n antical econ\u00f3mica, polivalente y fiable.","robots":{"index":"index","follow":"follow","max-snippet":"max-snippet:-1","max-image-preview":"max-image-preview:large","max-video-preview":"max-video-preview:-1"},"canonical":"https:\/\/www.csj-emballages.com\/es\/produit\/agua-desmineralizada-lata-5l\/","og_locale":"es_ES","og_type":"article","og_title":"Agua desmineralizada Lata 5L","og_description":"5L de agua desmineralizada para proteger planchas, radiadores, limpiadores de vapor... Una soluci\u00f3n antical econ\u00f3mica, polivalente y fiable.","og_url":"https:\/\/www.csj-emballages.com\/es\/produit\/agua-desmineralizada-lata-5l\/","og_site_name":"CSJ Emballages","article_publisher":"https:\/\/www.facebook.com\/csjemballages","article_modified_time":"2026-03-12T15:00:15+00:00","og_image":[{"width":300,"height":300,"url":"https:\/\/www.csj-emballages.com\/wp-content\/uploads\/2024\/03\/eau-demineralisee-5l-litres-bidon-grossiste-csj-emballages-big-jpg.webp","type":"image\/jpeg"}],"twitter_card":"summary_large_image","twitter_misc":{"Tiempo de lectura":"1 minuto"},"schema":{"@context":"https:\/\/schema.org","@graph":[{"@type":"WebPage","@id":"https:\/\/www.csj-emballages.com\/es\/produit\/agua-desmineralizada-lata-5l\/","url":"https:\/\/www.csj-emballages.com\/es\/produit\/agua-desmineralizada-lata-5l\/","name":"Agua desmineralizada Lata 5L","isPartOf":{"@id":"https:\/\/www.csj-emballages.com\/es\/#website"},"primaryImageOfPage":{"@id":"https:\/\/www.csj-emballages.com\/es\/produit\/agua-desmineralizada-lata-5l\/#primaryimage"},"image":{"@id":"https:\/\/www.csj-emballages.com\/es\/produit\/agua-desmineralizada-lata-5l\/#primaryimage"},"thumbnailUrl":"https:\/\/www.csj-emballages.com\/wp-content\/uploads\/2024\/03\/00106.webp","datePublished":"2024-03-01T16:00:21+00:00","dateModified":"2026-03-12T15:00:15+00:00","description":"5L de agua desmineralizada para proteger planchas, radiadores, limpiadores de vapor... Una soluci\u00f3n antical econ\u00f3mica, polivalente y fiable.","breadcrumb":{"@id":"https:\/\/www.csj-emballages.com\/es\/produit\/agua-desmineralizada-lata-5l\/#breadcrumb"},"inLanguage":"es","potentialAction":[{"@type":"ReadAction","target":["https:\/\/www.csj-emballages.com\/es\/produit\/agua-desmineralizada-lata-5l\/"]}]},{"@type":"ImageObject","inLanguage":"es","@id":"https:\/\/www.csj-emballages.com\/es\/produit\/agua-desmineralizada-lata-5l\/#primaryimage","url":"https:\/\/www.csj-emballages.com\/wp-content\/uploads\/2024\/03\/00106.webp","contentUrl":"https:\/\/www.csj-emballages.com\/wp-content\/uploads\/2024\/03\/00106.webp","width":800,"height":800,"caption":"Eau d\u00e9min\u00e9ralis\u00e9e"},{"@type":"BreadcrumbList","@id":"https:\/\/www.csj-emballages.com\/es\/produit\/agua-desmineralizada-lata-5l\/#breadcrumb","itemListElement":[{"@type":"ListItem","position":1,"name":"Accueil","item":"https:\/\/www.csj-emballages.com\/es\/universo-del-envasado-alimentario\/"},{"@type":"ListItem","position":2,"name":"Tienda","item":"https:\/\/www.csj-emballages.com\/tienda\/"},{"@type":"ListItem","position":3,"name":"Agua desmineralizada Lata 5L"}]},{"@type":"WebSite","@id":"https:\/\/www.csj-emballages.com\/es\/#website","url":"https:\/\/www.csj-emballages.com\/es\/","name":"CSJ Emballages","description":"","publisher":{"@id":"https:\/\/www.csj-emballages.com\/es\/#organization"},"potentialAction":[{"@type":"SearchAction","target":{"@type":"EntryPoint","urlTemplate":"https:\/\/www.csj-emballages.com\/es\/?s={search_term_string}"},"query-input":{"@type":"PropertyValueSpecification","valueRequired":true,"valueName":"search_term_string"}}],"inLanguage":"es"},{"@type":"Organization","@id":"https:\/\/www.csj-emballages.com\/es\/#Organization\/","name":"CSJ Emballages","url":"https:\/\/www.csj-emballages.com\/es\/","logo":{"@type":"ImageObject","inLanguage":"es","@id":"https:\/\/www.csj-emballages.com\/es\/#\/schema\/logo\/image\/","url":"https:\/\/www.csj-emballages.com\/wp-content\/uploads\/2023\/10\/logo_csj.webp","contentUrl":"https:\/\/www.csj-emballages.com\/wp-content\/uploads\/2023\/10\/logo_csj.webp","width":250,"height":95,"caption":"CSJ Emballages"},"image":{"@id":"https:\/\/www.csj-emballages.com\/es\/#\/schema\/logo\/image\/"},"sameAs":["https:\/\/www.facebook.com\/csjemballages"],"address":{"@type":"PostalAddress","streetAddress":"ZI La Lechere","addressLocality":"Patornay","postalCode":"39130","addressCountry":"FR"},"contactPoint":[{"@type":"ContactPoint","contactType":"Service client","telephone":"0384254272","email":"contact@csj-emballages.com"}]}]}},"df_price":3.9,"df_sale_price":"","df_regular_price":3.9,"df_image_link":"https:\/\/www.csj-emballages.com\/wp-content\/uploads\/2024\/03\/00106-300x300.webp","tiered_pricing_type":"fixed","tiered_pricing_fixed_rules":[],"tiered_pricing_percentage_rules":[],"tiered_pricing_minimum":1,"tiered_pricing_roles_data":[],"_links":{"self":[{"href":"https:\/\/www.csj-emballages.com\/es\/wp-json\/wp\/v2\/product\/17131","targetHints":{"allow":["GET"]}}],"collection":[{"href":"https:\/\/www.csj-emballages.com\/es\/wp-json\/wp\/v2\/product"}],"about":[{"href":"https:\/\/www.csj-emballages.com\/es\/wp-json\/wp\/v2\/types\/product"}],"wp:featuredmedia":[{"embeddable":true,"href":"https:\/\/www.csj-emballages.com\/es\/wp-json\/wp\/v2\/media\/236889"}],"wp:attachment":[{"href":"https:\/\/www.csj-emballages.com\/es\/wp-json\/wp\/v2\/media?parent=17131"}],"wp:term":[{"taxonomy":"product_brand","embeddable":true,"href":"https:\/\/www.csj-emballages.com\/es\/wp-json\/wp\/v2\/product_brand?post=17131"},{"taxonomy":"product_cat","embeddable":true,"href":"https:\/\/www.csj-emballages.com\/es\/wp-json\/wp\/v2\/product_cat?post=17131"},{"taxonomy":"product_tag","embeddable":true,"href":"https:\/\/www.csj-emballages.com\/es\/wp-json\/wp\/v2\/product_tag?post=17131"}],"curies":[{"name":"wp","href":"https:\/\/api.w.org\/{rel}","templated":true}]}}