{"id":17102,"date":"2024-03-20T12:17:45","date_gmt":"2024-03-20T11:17:45","guid":{"rendered":"https:\/\/u15jnbdpoq.preview.infomaniak.website\/?post_type=product&#038;p=17102"},"modified":"2026-04-29T02:19:55","modified_gmt":"2026-04-29T00:19:55","slug":"50-verrines-cuadrados-biodegradables-de-70-mm","status":"publish","type":"product","link":"https:\/\/www.csj-emballages.com\/es\/produit\/50-verrines-cuadrados-biodegradables-de-70-mm\/","title":{"rendered":"Tarro cuadrado de vidrio biodegradable 70 mm x 50"},"content":{"rendered":"<h2>Tarro de cristal cuadrado<\/h2>\n<hr>\n<h3>Descripci\u00f3n de nuestro tarro de cristal cuadrado biodegradable de 70 mm por 50<\/h3>\n<p><!--more--><\/p>\n<p data-start=\"328\" data-end=\"763\">Si busca combinar <strong data-start=\"354\" data-end=\"404\">est\u00e9tica, practicidad y compromiso con el medio ambiente<\/strong>, esta <strong>verrina cuadrada biodegradable de 70 mm por 50 mm<\/strong> es para usted. Su dise\u00f1o cuidado y moderno la convierte en un verdadero activo para todas sus recepciones, buffets y eventos de negocios. Fabricada <strong>con materiales biodegradables<\/strong>, es respetuosa con el medio ambiente sin renunciar al estilo ni a la calidad.  <\/p>\n<p data-start=\"765\" data-end=\"1027\">Su forma <strong>cuadrada<\/strong> permite una presentaci\u00f3n armoniosa y elegante, al tiempo que optimiza el espacio de sus bandejas. Ideal para aperitivos, verrines dulces o salados, mousses, tapas o postres individuales, har\u00e1 las delicias de sus invitados. <\/p>\n<p data-start=\"1029\" data-end=\"1285\">Pensada para <strong data-start=\"1045\" data-end=\"1101\">empresas de catering, restauradores y organizadores de eventos<\/strong>, as\u00ed como para particulares preocupados por su impacto medioambiental, esta <strong>verrina biodegradable<\/strong> puede utilizarse tanto para eventos de alta gama como para comidas m\u00e1s informales.<\/p>\n<p data-start=\"1287\" data-end=\"1514\">Es resistente y ligero, por lo que resulta f\u00e1cil de agarrar y retiene bien los alimentos, incluso los platos l\u00edquidos o cremosos. Pr\u00e1ctico, es r\u00e1pido de usar y se puede compostar tras su uso de acuerdo con las normas vigentes. <\/p>\n<p data-start=\"1516\" data-end=\"1641\">En resumen, con esta <strong>verrine cuadrada biodegradable<\/strong>, est\u00e1 optando por <strong data-start=\"1566\" data-end=\"1638\">una soluci\u00f3n eco-responsable sin comprometer la presentaci\u00f3n<\/strong>.<\/p>\n<p>&nbsp;<\/p>\n<p><!--more--><\/p>\n<h4><strong>Ventajas :<\/strong><\/h4>\n<ul>\n<li>100% biodegradable: respetuoso con el medio ambiente.<\/li>\n<li>Dise\u00f1o cuadrado, moderno y elegante.<\/li>\n<li>Perfecto para aperitivos salados, dulces o postres.<\/li>\n<li>Resistente y ligero, incluso con preparados l\u00edquidos.<\/li>\n<li>F\u00e1cil de usar y compostable tras su uso.<\/li>\n<\/ul>\n<p>&nbsp;<\/p>\n<p><!--more--><\/p>\n<h4>Informaci\u00f3n adicional :<\/h4>\n<ul>\n<li><strong>Envase<\/strong>: Paquete de 50<\/li>\n<li><strong>Dimensiones<\/strong>: 70 x 70 x 10 mm<\/li>\n<li><strong>Color<\/strong>: blanco<\/li>\n<li><strong>Material<\/strong>: Bagazo (pulpa de ca\u00f1a de az\u00facar)<\/li>\n<\/ul>\n<p>&nbsp;<\/p>\n<p><!--more--><\/p>\n<p>Haga clic aqu\u00ed para ver nuestra gama de verrines biodegradables: <span style=\"color: #d12727;\"><a style=\"color: #d12727;\" href=\"https:\/\/www.csj-emballages.com\/es\/produit\/50-cucharas-chinas-biodegradables\/\">Cuchara verrine<\/a><\/span> \/ <span style=\"color: #d12727;\"><a style=\"color: #d12727;\" href=\"https:\/\/www.csj-emballages.com\/es\/produit\/50-verrines-biodegradables-en-hojas-de-9-x-6-cm\/\">Verrine feuille<\/a><\/span><\/p>\n<p>&nbsp;<\/p>\n<p><!--more--><\/p>\n<p><a href=\"https:\/\/www.csj-emballages.com\/es\/categorie-produit\/envasado-de-alimentos\/gama-ecologica\/tazas-verrines-ecologicos-es\/\">Consulte el resto de nuestra gama de tazas y verrines ecol\u00f3gicos aqu\u00ed<\/a><\/p>\n","protected":false},"excerpt":{"rendered":"<p>Tarro de cristal cuadrado Descripci\u00f3n de nuestro tarro de cristal cuadrado biodegradable de 70 mm por 50<\/p>\n","protected":false},"featured_media":239966,"template":"","meta":{"_acf_changed":false},"product_brand":[],"product_cat":[1150,1143,1324,1326,1329,1163,7034],"product_tag":[],"class_list":{"0":"post-17102","1":"product","2":"type-product","3":"status-publish","4":"has-post-thumbnail","6":"product_cat-envasado-de-alimentos","7":"product_cat-carniceria-y-charcuteria","8":"product_cat-tazas-tarros-vasos","9":"product_cat-verrines-es","10":"product_cat-verrines-es-2","11":"product_cat-gama-ecologica","12":"product_cat-tazas-verrines-ecologicos-es","14":"first","15":"instock","16":"taxable","17":"shipping-taxable","18":"purchasable","19":"product-type-simple"},"acf":[],"yoast_head":"<!-- This site is optimized with the Yoast SEO Premium plugin v26.6 (Yoast SEO v26.6) - https:\/\/yoast.com\/wordpress\/plugins\/seo\/ -->\n<title>Tarro cuadrado de vidrio biodegradable 70 mm x 50<\/title>\n<meta name=\"description\" content=\"Tarro cuadrado de cristal biodegradable 70 x 50 mm - Elegante, pr\u00e1ctico y ecol\u00f3gico. Ideal para buffets, catering y eventos.\" \/>\n<meta name=\"robots\" content=\"index, follow, max-snippet:-1, max-image-preview:large, max-video-preview:-1\" \/>\n<link rel=\"canonical\" href=\"https:\/\/www.csj-emballages.com\/es\/produit\/50-verrines-cuadrados-biodegradables-de-70-mm\/\" \/>\n<meta property=\"og:locale\" content=\"es_ES\" \/>\n<meta property=\"og:type\" content=\"article\" \/>\n<meta property=\"og:title\" content=\"Tarro cuadrado de vidrio biodegradable 70 mm x 50\" \/>\n<meta property=\"og:description\" content=\"Tarro cuadrado de cristal biodegradable 70 x 50 mm - Elegante, pr\u00e1ctico y ecol\u00f3gico. Ideal para buffets, catering y eventos.\" \/>\n<meta property=\"og:url\" content=\"https:\/\/www.csj-emballages.com\/es\/produit\/50-verrines-cuadrados-biodegradables-de-70-mm\/\" \/>\n<meta property=\"og:site_name\" content=\"CSJ Emballages\" \/>\n<meta property=\"article:publisher\" content=\"https:\/\/www.facebook.com\/csjemballages\" \/>\n<meta property=\"article:modified_time\" content=\"2026-04-29T00:19:55+00:00\" \/>\n<meta property=\"og:image\" content=\"https:\/\/www.csj-emballages.com\/wp-content\/uploads\/2024\/03\/VERCARBIO-1.webp\" \/>\n\t<meta property=\"og:image:width\" content=\"800\" \/>\n\t<meta property=\"og:image:height\" content=\"800\" \/>\n\t<meta property=\"og:image:type\" content=\"image\/webp\" \/>\n<meta name=\"twitter:card\" content=\"summary_large_image\" \/>\n<meta name=\"twitter:label1\" content=\"Tiempo de lectura\" \/>\n\t<meta name=\"twitter:data1\" content=\"2 minutos\" \/>\n<script type=\"application\/ld+json\" class=\"yoast-schema-graph\">{\"@context\":\"https:\/\/schema.org\",\"@graph\":[{\"@type\":\"WebPage\",\"@id\":\"https:\/\/www.csj-emballages.com\/es\/produit\/50-verrines-cuadrados-biodegradables-de-70-mm\/\",\"url\":\"https:\/\/www.csj-emballages.com\/es\/produit\/50-verrines-cuadrados-biodegradables-de-70-mm\/\",\"name\":\"Tarro cuadrado de vidrio biodegradable 70 mm x 50\",\"isPartOf\":{\"@id\":\"https:\/\/www.csj-emballages.com\/es\/#website\"},\"primaryImageOfPage\":{\"@id\":\"https:\/\/www.csj-emballages.com\/es\/produit\/50-verrines-cuadrados-biodegradables-de-70-mm\/#primaryimage\"},\"image\":{\"@id\":\"https:\/\/www.csj-emballages.com\/es\/produit\/50-verrines-cuadrados-biodegradables-de-70-mm\/#primaryimage\"},\"thumbnailUrl\":\"https:\/\/www.csj-emballages.com\/wp-content\/uploads\/2024\/03\/VERCARBIO-1.webp\",\"datePublished\":\"2024-03-20T11:17:45+00:00\",\"dateModified\":\"2026-04-29T00:19:55+00:00\",\"description\":\"Tarro cuadrado de cristal biodegradable 70 x 50 mm - Elegante, pr\u00e1ctico y ecol\u00f3gico. Ideal para buffets, catering y eventos.\",\"breadcrumb\":{\"@id\":\"https:\/\/www.csj-emballages.com\/es\/produit\/50-verrines-cuadrados-biodegradables-de-70-mm\/#breadcrumb\"},\"inLanguage\":\"es\",\"potentialAction\":[{\"@type\":\"ReadAction\",\"target\":[\"https:\/\/www.csj-emballages.com\/es\/produit\/50-verrines-cuadrados-biodegradables-de-70-mm\/\"]}]},{\"@type\":\"ImageObject\",\"inLanguage\":\"es\",\"@id\":\"https:\/\/www.csj-emballages.com\/es\/produit\/50-verrines-cuadrados-biodegradables-de-70-mm\/#primaryimage\",\"url\":\"https:\/\/www.csj-emballages.com\/wp-content\/uploads\/2024\/03\/VERCARBIO-1.webp\",\"contentUrl\":\"https:\/\/www.csj-emballages.com\/wp-content\/uploads\/2024\/03\/VERCARBIO-1.webp\",\"width\":800,\"height\":800,\"caption\":\"Verrine carr\u00e9e\"},{\"@type\":\"BreadcrumbList\",\"@id\":\"https:\/\/www.csj-emballages.com\/es\/produit\/50-verrines-cuadrados-biodegradables-de-70-mm\/#breadcrumb\",\"itemListElement\":[{\"@type\":\"ListItem\",\"position\":1,\"name\":\"Accueil\",\"item\":\"https:\/\/www.csj-emballages.com\/es\/universo-del-envasado-alimentario\/\"},{\"@type\":\"ListItem\",\"position\":2,\"name\":\"Tienda\",\"item\":\"https:\/\/www.csj-emballages.com\/tienda\/\"},{\"@type\":\"ListItem\",\"position\":3,\"name\":\"Tarro cuadrado de vidrio biodegradable 70 mm x 50\"}]},{\"@type\":\"WebSite\",\"@id\":\"https:\/\/www.csj-emballages.com\/es\/#website\",\"url\":\"https:\/\/www.csj-emballages.com\/es\/\",\"name\":\"CSJ Emballages\",\"description\":\"\",\"publisher\":{\"@id\":\"https:\/\/www.csj-emballages.com\/es\/#organization\"},\"potentialAction\":[{\"@type\":\"SearchAction\",\"target\":{\"@type\":\"EntryPoint\",\"urlTemplate\":\"https:\/\/www.csj-emballages.com\/es\/?s={search_term_string}\"},\"query-input\":{\"@type\":\"PropertyValueSpecification\",\"valueRequired\":true,\"valueName\":\"search_term_string\"}}],\"inLanguage\":\"es\"},{\"@type\":\"Organization\",\"@id\":\"https:\/\/www.csj-emballages.com\/es\/#Organization\/\",\"name\":\"CSJ Emballages\",\"url\":\"https:\/\/www.csj-emballages.com\/es\/\",\"logo\":{\"@type\":\"ImageObject\",\"inLanguage\":\"es\",\"@id\":\"https:\/\/www.csj-emballages.com\/es\/#\/schema\/logo\/image\/\",\"url\":\"https:\/\/www.csj-emballages.com\/wp-content\/uploads\/2023\/10\/logo_csj.webp\",\"contentUrl\":\"https:\/\/www.csj-emballages.com\/wp-content\/uploads\/2023\/10\/logo_csj.webp\",\"width\":250,\"height\":95,\"caption\":\"CSJ Emballages\"},\"image\":{\"@id\":\"https:\/\/www.csj-emballages.com\/es\/#\/schema\/logo\/image\/\"},\"sameAs\":[\"https:\/\/www.facebook.com\/csjemballages\"],\"address\":{\"@type\":\"PostalAddress\",\"streetAddress\":\"ZI La Lechere\",\"addressLocality\":\"Patornay\",\"postalCode\":\"39130\",\"addressCountry\":\"FR\"},\"contactPoint\":[{\"@type\":\"ContactPoint\",\"contactType\":\"Service client\",\"telephone\":\"0384254272\",\"email\":\"contact@csj-emballages.com\"}]}]}<\/script>\n<!-- \/ Yoast SEO Premium plugin. -->","yoast_head_json":{"title":"Tarro cuadrado de vidrio biodegradable 70 mm x 50","description":"Tarro cuadrado de cristal biodegradable 70 x 50 mm - Elegante, pr\u00e1ctico y ecol\u00f3gico. Ideal para buffets, catering y eventos.","robots":{"index":"index","follow":"follow","max-snippet":"max-snippet:-1","max-image-preview":"max-image-preview:large","max-video-preview":"max-video-preview:-1"},"canonical":"https:\/\/www.csj-emballages.com\/es\/produit\/50-verrines-cuadrados-biodegradables-de-70-mm\/","og_locale":"es_ES","og_type":"article","og_title":"Tarro cuadrado de vidrio biodegradable 70 mm x 50","og_description":"Tarro cuadrado de cristal biodegradable 70 x 50 mm - Elegante, pr\u00e1ctico y ecol\u00f3gico. Ideal para buffets, catering y eventos.","og_url":"https:\/\/www.csj-emballages.com\/es\/produit\/50-verrines-cuadrados-biodegradables-de-70-mm\/","og_site_name":"CSJ Emballages","article_publisher":"https:\/\/www.facebook.com\/csjemballages","article_modified_time":"2026-04-29T00:19:55+00:00","og_image":[{"width":800,"height":800,"url":"https:\/\/www.csj-emballages.com\/wp-content\/uploads\/2024\/03\/VERCARBIO-1.webp","type":"image\/webp"}],"twitter_card":"summary_large_image","twitter_misc":{"Tiempo de lectura":"2 minutos"},"schema":{"@context":"https:\/\/schema.org","@graph":[{"@type":"WebPage","@id":"https:\/\/www.csj-emballages.com\/es\/produit\/50-verrines-cuadrados-biodegradables-de-70-mm\/","url":"https:\/\/www.csj-emballages.com\/es\/produit\/50-verrines-cuadrados-biodegradables-de-70-mm\/","name":"Tarro cuadrado de vidrio biodegradable 70 mm x 50","isPartOf":{"@id":"https:\/\/www.csj-emballages.com\/es\/#website"},"primaryImageOfPage":{"@id":"https:\/\/www.csj-emballages.com\/es\/produit\/50-verrines-cuadrados-biodegradables-de-70-mm\/#primaryimage"},"image":{"@id":"https:\/\/www.csj-emballages.com\/es\/produit\/50-verrines-cuadrados-biodegradables-de-70-mm\/#primaryimage"},"thumbnailUrl":"https:\/\/www.csj-emballages.com\/wp-content\/uploads\/2024\/03\/VERCARBIO-1.webp","datePublished":"2024-03-20T11:17:45+00:00","dateModified":"2026-04-29T00:19:55+00:00","description":"Tarro cuadrado de cristal biodegradable 70 x 50 mm - Elegante, pr\u00e1ctico y ecol\u00f3gico. Ideal para buffets, catering y eventos.","breadcrumb":{"@id":"https:\/\/www.csj-emballages.com\/es\/produit\/50-verrines-cuadrados-biodegradables-de-70-mm\/#breadcrumb"},"inLanguage":"es","potentialAction":[{"@type":"ReadAction","target":["https:\/\/www.csj-emballages.com\/es\/produit\/50-verrines-cuadrados-biodegradables-de-70-mm\/"]}]},{"@type":"ImageObject","inLanguage":"es","@id":"https:\/\/www.csj-emballages.com\/es\/produit\/50-verrines-cuadrados-biodegradables-de-70-mm\/#primaryimage","url":"https:\/\/www.csj-emballages.com\/wp-content\/uploads\/2024\/03\/VERCARBIO-1.webp","contentUrl":"https:\/\/www.csj-emballages.com\/wp-content\/uploads\/2024\/03\/VERCARBIO-1.webp","width":800,"height":800,"caption":"Verrine carr\u00e9e"},{"@type":"BreadcrumbList","@id":"https:\/\/www.csj-emballages.com\/es\/produit\/50-verrines-cuadrados-biodegradables-de-70-mm\/#breadcrumb","itemListElement":[{"@type":"ListItem","position":1,"name":"Accueil","item":"https:\/\/www.csj-emballages.com\/es\/universo-del-envasado-alimentario\/"},{"@type":"ListItem","position":2,"name":"Tienda","item":"https:\/\/www.csj-emballages.com\/tienda\/"},{"@type":"ListItem","position":3,"name":"Tarro cuadrado de vidrio biodegradable 70 mm x 50"}]},{"@type":"WebSite","@id":"https:\/\/www.csj-emballages.com\/es\/#website","url":"https:\/\/www.csj-emballages.com\/es\/","name":"CSJ Emballages","description":"","publisher":{"@id":"https:\/\/www.csj-emballages.com\/es\/#organization"},"potentialAction":[{"@type":"SearchAction","target":{"@type":"EntryPoint","urlTemplate":"https:\/\/www.csj-emballages.com\/es\/?s={search_term_string}"},"query-input":{"@type":"PropertyValueSpecification","valueRequired":true,"valueName":"search_term_string"}}],"inLanguage":"es"},{"@type":"Organization","@id":"https:\/\/www.csj-emballages.com\/es\/#Organization\/","name":"CSJ Emballages","url":"https:\/\/www.csj-emballages.com\/es\/","logo":{"@type":"ImageObject","inLanguage":"es","@id":"https:\/\/www.csj-emballages.com\/es\/#\/schema\/logo\/image\/","url":"https:\/\/www.csj-emballages.com\/wp-content\/uploads\/2023\/10\/logo_csj.webp","contentUrl":"https:\/\/www.csj-emballages.com\/wp-content\/uploads\/2023\/10\/logo_csj.webp","width":250,"height":95,"caption":"CSJ Emballages"},"image":{"@id":"https:\/\/www.csj-emballages.com\/es\/#\/schema\/logo\/image\/"},"sameAs":["https:\/\/www.facebook.com\/csjemballages"],"address":{"@type":"PostalAddress","streetAddress":"ZI La Lechere","addressLocality":"Patornay","postalCode":"39130","addressCountry":"FR"},"contactPoint":[{"@type":"ContactPoint","contactType":"Service client","telephone":"0384254272","email":"contact@csj-emballages.com"}]}]}},"df_price":4.22,"df_sale_price":"","df_regular_price":4.22,"df_image_link":"https:\/\/www.csj-emballages.com\/wp-content\/uploads\/2024\/03\/VERCARBIO-1-300x300.webp","tiered_pricing_type":"fixed","tiered_pricing_fixed_rules":[],"tiered_pricing_percentage_rules":[],"tiered_pricing_minimum":1,"tiered_pricing_roles_data":[],"_links":{"self":[{"href":"https:\/\/www.csj-emballages.com\/es\/wp-json\/wp\/v2\/product\/17102","targetHints":{"allow":["GET"]}}],"collection":[{"href":"https:\/\/www.csj-emballages.com\/es\/wp-json\/wp\/v2\/product"}],"about":[{"href":"https:\/\/www.csj-emballages.com\/es\/wp-json\/wp\/v2\/types\/product"}],"wp:featuredmedia":[{"embeddable":true,"href":"https:\/\/www.csj-emballages.com\/es\/wp-json\/wp\/v2\/media\/239966"}],"wp:attachment":[{"href":"https:\/\/www.csj-emballages.com\/es\/wp-json\/wp\/v2\/media?parent=17102"}],"wp:term":[{"taxonomy":"product_brand","embeddable":true,"href":"https:\/\/www.csj-emballages.com\/es\/wp-json\/wp\/v2\/product_brand?post=17102"},{"taxonomy":"product_cat","embeddable":true,"href":"https:\/\/www.csj-emballages.com\/es\/wp-json\/wp\/v2\/product_cat?post=17102"},{"taxonomy":"product_tag","embeddable":true,"href":"https:\/\/www.csj-emballages.com\/es\/wp-json\/wp\/v2\/product_tag?post=17102"}],"curies":[{"name":"wp","href":"https:\/\/api.w.org\/{rel}","templated":true}]}}