{"id":17099,"date":"2024-08-20T12:07:49","date_gmt":"2024-08-20T10:07:49","guid":{"rendered":"https:\/\/u15jnbdpoq.preview.infomaniak.website\/produit\/50-cajas-de-carton-de-colores-para-pasteleria-29-x-5-cm-gourmand\/"},"modified":"2026-04-27T08:01:04","modified_gmt":"2026-04-27T06:01:04","slug":"50-cajas-de-carton-de-colores-para-pasteleria-29-x-5-cm-gourmand","status":"publish","type":"product","link":"https:\/\/www.csj-emballages.com\/es\/produit\/50-cajas-de-carton-de-colores-para-pasteleria-29-x-5-cm-gourmand\/","title":{"rendered":"Caja de pasteler\u00eda de cart\u00f3n de colores \u00abGourmand\u00bb 29 x 5 cm, paquete de 50"},"content":{"rendered":"<h2 class=\"p1\">Caja para pasteles<\/h2>\n<div style=\"font-family: Roboto, sans-serif;\">\n<div style=\"font-family: Roboto, sans-serif;\">\n<div style=\"font-family: Roboto, sans-serif;\">\n<div style=\"font-family: Roboto, sans-serif;\">\n<div style=\"font-family: Roboto, sans-serif;\">\n<div style=\"font-family: Roboto, sans-serif;\">\n<hr>\n<h3>Descripci\u00f3n de nuestra caja de pasteler\u00eda de cart\u00f3n de color \u00abGourmand\u00bb de 29 x 5 cm, paquete de 50<\/h3>\n<p><!--more--><\/p>\n<p>La <strong>caja de pasteler\u00eda de cart\u00f3n de color<\/strong><strong>\u00abGourmand<\/strong>\u00bb atrae todas las miradas gracias a su elegante dise\u00f1o. Con un tama\u00f1o ideal de <strong>29 x 5 cm<\/strong>, garantizan una presentaci\u00f3n perfecta para todas sus creaciones de pasteler\u00eda. Ante todo, sus colores brillantes y llamativos a\u00f1aden un toque festivo y refinado a cualquier ocasi\u00f3n. Adem\u00e1s, estas <strong>cajas de<\/strong> cart\u00f3n <g id=\"gid_4\">para pasteler\u00eda<\/g> ofrecen una protecci\u00f3n \u00f3ptima para sus pasteles, garantizando su frescura y seguridad.   <\/p>\n<p>Adem\u00e1s, el modelo \u00abGourmand\u00bb ha sido dise\u00f1ado para satisfacer las necesidades de los pasteleros m\u00e1s exigentes, combinando practicidad y atractivo est\u00e9tico. Adem\u00e1s, su montaje r\u00e1pido y sencillo ahorra un tiempo precioso en la cocina. Cada detalle de estas cajas ha sido dise\u00f1ado para facilitar la colocaci\u00f3n y el transporte de tus dulces golosinas. Adem\u00e1s, su meticuloso acabado realza tus creaciones, d\u00e1ndoles un aspecto profesional y apetitoso.   <\/p>\n<p>Como resultado, las coloridas cajas de reposter\u00eda de Gourmand son una opci\u00f3n esencial para fiestas, bodas y otros acontecimientos especiales. En definitiva, realzar\u00e1n tus pasteles garantizando una presentaci\u00f3n impecable. Gracias a su ingenioso dise\u00f1o y robustez, garantizan un transporte sin problemas y una experiencia de sabor inigualable.  <\/p>\n<p>En resumen, estas coloridas cajas de cart\u00f3n para pasteler\u00eda combinan funcionalidad, elegancia y durabilidad, haciendo de cada degustaci\u00f3n un momento excepcional.<\/p>\n<p><strong>Sus ventajas:<\/strong><\/p>\n<ul>\n<li><strong>Pr\u00e1ctico<\/strong>: R\u00e1pido y f\u00e1cil de montar, te ahorra mucho tiempo en la cocina<\/li>\n<li><strong>Est\u00e9tica<\/strong>: combina est\u00e9tica, practicidad y protecci\u00f3n, convirtiendo cada creaci\u00f3n pastelera en una obra maestra.<\/li>\n<li><strong>Uso vers\u00e1til<\/strong>: adecuado para una gran variedad de pasteles: tartas, galletas, pasteles, etc.<\/li>\n<\/ul>\n<p>&nbsp;<\/p>\n<p><!--more--><\/p>\n<\/div>\n<\/div>\n<\/div>\n<\/div>\n<\/div>\n<\/div>\n<p>Tambi\u00e9n disponible en <span style=\"color: #d12727;\"><br \/>\n  <a style=\"color: #d12727;\" href=\"https:\/\/www.csj-emballages.com\/produit\/50-boites-patissieres-carton-colorees-gourmand-18-x-8-cm\/\">18 x 8 cm<\/a><br \/>\n<\/span><\/p>\n<p>&nbsp;<\/p>\n<p><!--more--><\/p>\n<p><a href=\"https:\/\/www.csj-emballages.com\/produit\/50-caissettes-patissieres-a-poignee-modele-gourmand-10-x-12-x-7-cm\/\">Encuentre aqu\u00ed nuestras cajitas de la gama \u00abGourmand\u00bb<\/a><\/p>\n<p>&nbsp;<\/p>\n<p><!--more--><\/p>\n<p><a href=\"https:\/\/www.csj-emballages.com\/es\/categorie-produit\/envasado-de-alimentos\/panaderia-y-pasteleria\/cajas-y-estuches\/cajas-para-pasteles\/cajas-de-pasteles-de-colores\/\">Consulte el resto de nuestra gama de cajas pasteleras de colores<\/a><\/p>\n<p>&nbsp;<\/p>\n","protected":false},"excerpt":{"rendered":"<p>Caja para pasteles Descripci\u00f3n de nuestra caja de pasteler\u00eda de cart\u00f3n de color \u00abGourmand\u00bb de 29 x 5 cm, paquete de 50<\/p>\n","protected":false},"featured_media":14493,"template":"","meta":{"_acf_changed":false},"product_brand":[],"product_cat":[1150,1145,3868,1259,1266,9269,1270],"product_tag":[],"class_list":{"0":"post-17099","1":"product","2":"type-product","3":"status-publish","4":"has-post-thumbnail","6":"product_cat-envasado-de-alimentos","7":"product_cat-panaderia-y-pasteleria","8":"product_cat-cajas-y-estuches","9":"product_cat-cajas-para-pasteles","10":"product_cat-cajas-de-pasteles-de-colores","11":"product_cat-cajas-de-pasteles-de-colores-leccion","12":"product_cat-descuentos","14":"first","15":"instock","16":"sale","17":"taxable","18":"shipping-taxable","19":"purchasable","20":"product-type-simple"},"acf":[],"yoast_head":"<!-- This site is optimized with the Yoast SEO Premium plugin v26.6 (Yoast SEO v26.6) - https:\/\/yoast.com\/wordpress\/plugins\/seo\/ -->\n<title>Caja de pasteler\u00eda de cart\u00f3n de color &quot;Gourmand&quot; de 29 x 5 cm, 50 por caja<\/title>\n<meta name=\"description\" content=\"Caja de pasteler\u00eda de cart\u00f3n coloreado &quot;Gourmand&quot; 29 x 5 cm, paquete de 50, 29 x 5 cm. \u00a1Ideal para envasar y transportar tus hermosas creaciones pasteleras!\" \/>\n<meta name=\"robots\" content=\"index, follow, max-snippet:-1, max-image-preview:large, max-video-preview:-1\" \/>\n<link rel=\"canonical\" href=\"https:\/\/www.csj-emballages.com\/es\/produit\/50-cajas-de-carton-de-colores-para-pasteleria-29-x-5-cm-gourmand\/\" \/>\n<meta property=\"og:locale\" content=\"es_ES\" \/>\n<meta property=\"og:type\" content=\"article\" \/>\n<meta property=\"og:title\" content=\"Caja de pasteler\u00eda de cart\u00f3n de colores &quot;Gourmand&quot; 29 x 5 cm, paquete de 50\" \/>\n<meta property=\"og:description\" content=\"Caja de pasteler\u00eda de cart\u00f3n coloreado &quot;Gourmand&quot; 29 x 5 cm, paquete de 50, 29 x 5 cm. \u00a1Ideal para envasar y transportar tus hermosas creaciones pasteleras!\" \/>\n<meta property=\"og:url\" content=\"https:\/\/www.csj-emballages.com\/es\/produit\/50-cajas-de-carton-de-colores-para-pasteleria-29-x-5-cm-gourmand\/\" \/>\n<meta property=\"og:site_name\" content=\"CSJ Emballages\" \/>\n<meta property=\"article:publisher\" content=\"https:\/\/www.facebook.com\/csjemballages\" \/>\n<meta property=\"article:modified_time\" content=\"2026-04-27T06:01:04+00:00\" \/>\n<meta property=\"og:image\" content=\"https:\/\/www.csj-emballages.com\/wp-content\/uploads\/2024\/03\/Capture_d_ecran_2024-04-03_a_10.51.30-removebg-preview-e1712134335823.png\" \/>\n\t<meta property=\"og:image:width\" content=\"300\" \/>\n\t<meta property=\"og:image:height\" content=\"300\" \/>\n\t<meta property=\"og:image:type\" content=\"image\/png\" \/>\n<meta name=\"twitter:card\" content=\"summary_large_image\" \/>\n<meta name=\"twitter:label1\" content=\"Tiempo de lectura\" \/>\n\t<meta name=\"twitter:data1\" content=\"2 minutos\" \/>\n<script type=\"application\/ld+json\" class=\"yoast-schema-graph\">{\"@context\":\"https:\/\/schema.org\",\"@graph\":[{\"@type\":\"WebPage\",\"@id\":\"https:\/\/www.csj-emballages.com\/es\/produit\/50-cajas-de-carton-de-colores-para-pasteleria-29-x-5-cm-gourmand\/\",\"url\":\"https:\/\/www.csj-emballages.com\/es\/produit\/50-cajas-de-carton-de-colores-para-pasteleria-29-x-5-cm-gourmand\/\",\"name\":\"Caja de pasteler\u00eda de cart\u00f3n de color \\\"Gourmand\\\" de 29 x 5 cm, 50 por caja\",\"isPartOf\":{\"@id\":\"https:\/\/www.csj-emballages.com\/es\/#website\"},\"primaryImageOfPage\":{\"@id\":\"https:\/\/www.csj-emballages.com\/es\/produit\/50-cajas-de-carton-de-colores-para-pasteleria-29-x-5-cm-gourmand\/#primaryimage\"},\"image\":{\"@id\":\"https:\/\/www.csj-emballages.com\/es\/produit\/50-cajas-de-carton-de-colores-para-pasteleria-29-x-5-cm-gourmand\/#primaryimage\"},\"thumbnailUrl\":\"https:\/\/www.csj-emballages.com\/wp-content\/uploads\/2024\/03\/Capture_d_ecran_2024-04-03_a_10.51.30-removebg-preview-e1712134335823.png\",\"datePublished\":\"2024-08-20T10:07:49+00:00\",\"dateModified\":\"2026-04-27T06:01:04+00:00\",\"description\":\"Caja de pasteler\u00eda de cart\u00f3n coloreado \\\"Gourmand\\\" 29 x 5 cm, paquete de 50, 29 x 5 cm. \u00a1Ideal para envasar y transportar tus hermosas creaciones pasteleras!\",\"breadcrumb\":{\"@id\":\"https:\/\/www.csj-emballages.com\/es\/produit\/50-cajas-de-carton-de-colores-para-pasteleria-29-x-5-cm-gourmand\/#breadcrumb\"},\"inLanguage\":\"es\",\"potentialAction\":[{\"@type\":\"ReadAction\",\"target\":[\"https:\/\/www.csj-emballages.com\/es\/produit\/50-cajas-de-carton-de-colores-para-pasteleria-29-x-5-cm-gourmand\/\"]}]},{\"@type\":\"ImageObject\",\"inLanguage\":\"es\",\"@id\":\"https:\/\/www.csj-emballages.com\/es\/produit\/50-cajas-de-carton-de-colores-para-pasteleria-29-x-5-cm-gourmand\/#primaryimage\",\"url\":\"https:\/\/www.csj-emballages.com\/wp-content\/uploads\/2024\/03\/Capture_d_ecran_2024-04-03_a_10.51.30-removebg-preview-e1712134335823.png\",\"contentUrl\":\"https:\/\/www.csj-emballages.com\/wp-content\/uploads\/2024\/03\/Capture_d_ecran_2024-04-03_a_10.51.30-removebg-preview-e1712134335823.png\",\"width\":300,\"height\":300,\"caption\":\"Boites p\u00e2tissi\u00e8res color\u00e9es Gourmand\"},{\"@type\":\"BreadcrumbList\",\"@id\":\"https:\/\/www.csj-emballages.com\/es\/produit\/50-cajas-de-carton-de-colores-para-pasteleria-29-x-5-cm-gourmand\/#breadcrumb\",\"itemListElement\":[{\"@type\":\"ListItem\",\"position\":1,\"name\":\"Accueil\",\"item\":\"https:\/\/www.csj-emballages.com\/es\/universo-del-envasado-alimentario\/\"},{\"@type\":\"ListItem\",\"position\":2,\"name\":\"Tienda\",\"item\":\"https:\/\/www.csj-emballages.com\/tienda\/\"},{\"@type\":\"ListItem\",\"position\":3,\"name\":\"Caja de pasteler\u00eda de cart\u00f3n de colores \u00ab\u00a0Gourmand\u00a0\u00bb 29 x 5 cm, paquete de 50\"}]},{\"@type\":\"WebSite\",\"@id\":\"https:\/\/www.csj-emballages.com\/es\/#website\",\"url\":\"https:\/\/www.csj-emballages.com\/es\/\",\"name\":\"CSJ Emballages\",\"description\":\"\",\"publisher\":{\"@id\":\"https:\/\/www.csj-emballages.com\/es\/#organization\"},\"potentialAction\":[{\"@type\":\"SearchAction\",\"target\":{\"@type\":\"EntryPoint\",\"urlTemplate\":\"https:\/\/www.csj-emballages.com\/es\/?s={search_term_string}\"},\"query-input\":{\"@type\":\"PropertyValueSpecification\",\"valueRequired\":true,\"valueName\":\"search_term_string\"}}],\"inLanguage\":\"es\"},{\"@type\":\"Organization\",\"@id\":\"https:\/\/www.csj-emballages.com\/es\/#Organization\/\",\"name\":\"CSJ Emballages\",\"url\":\"https:\/\/www.csj-emballages.com\/es\/\",\"logo\":{\"@type\":\"ImageObject\",\"inLanguage\":\"es\",\"@id\":\"https:\/\/www.csj-emballages.com\/es\/#\/schema\/logo\/image\/\",\"url\":\"https:\/\/www.csj-emballages.com\/wp-content\/uploads\/2023\/10\/logo_csj.webp\",\"contentUrl\":\"https:\/\/www.csj-emballages.com\/wp-content\/uploads\/2023\/10\/logo_csj.webp\",\"width\":250,\"height\":95,\"caption\":\"CSJ Emballages\"},\"image\":{\"@id\":\"https:\/\/www.csj-emballages.com\/es\/#\/schema\/logo\/image\/\"},\"sameAs\":[\"https:\/\/www.facebook.com\/csjemballages\"],\"address\":{\"@type\":\"PostalAddress\",\"streetAddress\":\"ZI La Lechere\",\"addressLocality\":\"Patornay\",\"postalCode\":\"39130\",\"addressCountry\":\"FR\"},\"contactPoint\":[{\"@type\":\"ContactPoint\",\"contactType\":\"Service client\",\"telephone\":\"0384254272\",\"email\":\"contact@csj-emballages.com\"}]}]}<\/script>\n<!-- \/ Yoast SEO Premium plugin. -->","yoast_head_json":{"title":"Caja de pasteler\u00eda de cart\u00f3n de color \"Gourmand\" de 29 x 5 cm, 50 por caja","description":"Caja de pasteler\u00eda de cart\u00f3n coloreado \"Gourmand\" 29 x 5 cm, paquete de 50, 29 x 5 cm. \u00a1Ideal para envasar y transportar tus hermosas creaciones pasteleras!","robots":{"index":"index","follow":"follow","max-snippet":"max-snippet:-1","max-image-preview":"max-image-preview:large","max-video-preview":"max-video-preview:-1"},"canonical":"https:\/\/www.csj-emballages.com\/es\/produit\/50-cajas-de-carton-de-colores-para-pasteleria-29-x-5-cm-gourmand\/","og_locale":"es_ES","og_type":"article","og_title":"Caja de pasteler\u00eda de cart\u00f3n de colores \"Gourmand\" 29 x 5 cm, paquete de 50","og_description":"Caja de pasteler\u00eda de cart\u00f3n coloreado \"Gourmand\" 29 x 5 cm, paquete de 50, 29 x 5 cm. \u00a1Ideal para envasar y transportar tus hermosas creaciones pasteleras!","og_url":"https:\/\/www.csj-emballages.com\/es\/produit\/50-cajas-de-carton-de-colores-para-pasteleria-29-x-5-cm-gourmand\/","og_site_name":"CSJ Emballages","article_publisher":"https:\/\/www.facebook.com\/csjemballages","article_modified_time":"2026-04-27T06:01:04+00:00","og_image":[{"width":300,"height":300,"url":"https:\/\/www.csj-emballages.com\/wp-content\/uploads\/2024\/03\/Capture_d_ecran_2024-04-03_a_10.51.30-removebg-preview-e1712134335823.png","type":"image\/png"}],"twitter_card":"summary_large_image","twitter_misc":{"Tiempo de lectura":"2 minutos"},"schema":{"@context":"https:\/\/schema.org","@graph":[{"@type":"WebPage","@id":"https:\/\/www.csj-emballages.com\/es\/produit\/50-cajas-de-carton-de-colores-para-pasteleria-29-x-5-cm-gourmand\/","url":"https:\/\/www.csj-emballages.com\/es\/produit\/50-cajas-de-carton-de-colores-para-pasteleria-29-x-5-cm-gourmand\/","name":"Caja de pasteler\u00eda de cart\u00f3n de color \"Gourmand\" de 29 x 5 cm, 50 por caja","isPartOf":{"@id":"https:\/\/www.csj-emballages.com\/es\/#website"},"primaryImageOfPage":{"@id":"https:\/\/www.csj-emballages.com\/es\/produit\/50-cajas-de-carton-de-colores-para-pasteleria-29-x-5-cm-gourmand\/#primaryimage"},"image":{"@id":"https:\/\/www.csj-emballages.com\/es\/produit\/50-cajas-de-carton-de-colores-para-pasteleria-29-x-5-cm-gourmand\/#primaryimage"},"thumbnailUrl":"https:\/\/www.csj-emballages.com\/wp-content\/uploads\/2024\/03\/Capture_d_ecran_2024-04-03_a_10.51.30-removebg-preview-e1712134335823.png","datePublished":"2024-08-20T10:07:49+00:00","dateModified":"2026-04-27T06:01:04+00:00","description":"Caja de pasteler\u00eda de cart\u00f3n coloreado \"Gourmand\" 29 x 5 cm, paquete de 50, 29 x 5 cm. \u00a1Ideal para envasar y transportar tus hermosas creaciones pasteleras!","breadcrumb":{"@id":"https:\/\/www.csj-emballages.com\/es\/produit\/50-cajas-de-carton-de-colores-para-pasteleria-29-x-5-cm-gourmand\/#breadcrumb"},"inLanguage":"es","potentialAction":[{"@type":"ReadAction","target":["https:\/\/www.csj-emballages.com\/es\/produit\/50-cajas-de-carton-de-colores-para-pasteleria-29-x-5-cm-gourmand\/"]}]},{"@type":"ImageObject","inLanguage":"es","@id":"https:\/\/www.csj-emballages.com\/es\/produit\/50-cajas-de-carton-de-colores-para-pasteleria-29-x-5-cm-gourmand\/#primaryimage","url":"https:\/\/www.csj-emballages.com\/wp-content\/uploads\/2024\/03\/Capture_d_ecran_2024-04-03_a_10.51.30-removebg-preview-e1712134335823.png","contentUrl":"https:\/\/www.csj-emballages.com\/wp-content\/uploads\/2024\/03\/Capture_d_ecran_2024-04-03_a_10.51.30-removebg-preview-e1712134335823.png","width":300,"height":300,"caption":"Boites p\u00e2tissi\u00e8res color\u00e9es Gourmand"},{"@type":"BreadcrumbList","@id":"https:\/\/www.csj-emballages.com\/es\/produit\/50-cajas-de-carton-de-colores-para-pasteleria-29-x-5-cm-gourmand\/#breadcrumb","itemListElement":[{"@type":"ListItem","position":1,"name":"Accueil","item":"https:\/\/www.csj-emballages.com\/es\/universo-del-envasado-alimentario\/"},{"@type":"ListItem","position":2,"name":"Tienda","item":"https:\/\/www.csj-emballages.com\/tienda\/"},{"@type":"ListItem","position":3,"name":"Caja de pasteler\u00eda de cart\u00f3n de colores \u00ab\u00a0Gourmand\u00a0\u00bb 29 x 5 cm, paquete de 50"}]},{"@type":"WebSite","@id":"https:\/\/www.csj-emballages.com\/es\/#website","url":"https:\/\/www.csj-emballages.com\/es\/","name":"CSJ Emballages","description":"","publisher":{"@id":"https:\/\/www.csj-emballages.com\/es\/#organization"},"potentialAction":[{"@type":"SearchAction","target":{"@type":"EntryPoint","urlTemplate":"https:\/\/www.csj-emballages.com\/es\/?s={search_term_string}"},"query-input":{"@type":"PropertyValueSpecification","valueRequired":true,"valueName":"search_term_string"}}],"inLanguage":"es"},{"@type":"Organization","@id":"https:\/\/www.csj-emballages.com\/es\/#Organization\/","name":"CSJ Emballages","url":"https:\/\/www.csj-emballages.com\/es\/","logo":{"@type":"ImageObject","inLanguage":"es","@id":"https:\/\/www.csj-emballages.com\/es\/#\/schema\/logo\/image\/","url":"https:\/\/www.csj-emballages.com\/wp-content\/uploads\/2023\/10\/logo_csj.webp","contentUrl":"https:\/\/www.csj-emballages.com\/wp-content\/uploads\/2023\/10\/logo_csj.webp","width":250,"height":95,"caption":"CSJ Emballages"},"image":{"@id":"https:\/\/www.csj-emballages.com\/es\/#\/schema\/logo\/image\/"},"sameAs":["https:\/\/www.facebook.com\/csjemballages"],"address":{"@type":"PostalAddress","streetAddress":"ZI La Lechere","addressLocality":"Patornay","postalCode":"39130","addressCountry":"FR"},"contactPoint":[{"@type":"ContactPoint","contactType":"Service client","telephone":"0384254272","email":"contact@csj-emballages.com"}]}]}},"df_price":12,"df_sale_price":12,"df_regular_price":24,"df_image_link":"https:\/\/www.csj-emballages.com\/wp-content\/uploads\/2024\/03\/Capture_d_ecran_2024-04-03_a_10.51.30-removebg-preview-300x300.png","tiered_pricing_type":"fixed","tiered_pricing_fixed_rules":[],"tiered_pricing_percentage_rules":[],"tiered_pricing_minimum":1,"tiered_pricing_roles_data":[],"_links":{"self":[{"href":"https:\/\/www.csj-emballages.com\/es\/wp-json\/wp\/v2\/product\/17099","targetHints":{"allow":["GET"]}}],"collection":[{"href":"https:\/\/www.csj-emballages.com\/es\/wp-json\/wp\/v2\/product"}],"about":[{"href":"https:\/\/www.csj-emballages.com\/es\/wp-json\/wp\/v2\/types\/product"}],"wp:featuredmedia":[{"embeddable":true,"href":"https:\/\/www.csj-emballages.com\/es\/wp-json\/wp\/v2\/media\/14493"}],"wp:attachment":[{"href":"https:\/\/www.csj-emballages.com\/es\/wp-json\/wp\/v2\/media?parent=17099"}],"wp:term":[{"taxonomy":"product_brand","embeddable":true,"href":"https:\/\/www.csj-emballages.com\/es\/wp-json\/wp\/v2\/product_brand?post=17099"},{"taxonomy":"product_cat","embeddable":true,"href":"https:\/\/www.csj-emballages.com\/es\/wp-json\/wp\/v2\/product_cat?post=17099"},{"taxonomy":"product_tag","embeddable":true,"href":"https:\/\/www.csj-emballages.com\/es\/wp-json\/wp\/v2\/product_tag?post=17099"}],"curies":[{"name":"wp","href":"https:\/\/api.w.org\/{rel}","templated":true}]}}