{"id":17093,"date":"2024-03-01T17:00:20","date_gmt":"2024-03-01T16:00:20","guid":{"rendered":"https:\/\/u15jnbdpoq.preview.infomaniak.website\/produit\/potente-detergente-lavavajillas-manual-5-litros\/"},"modified":"2026-05-01T02:10:14","modified_gmt":"2026-05-01T00:10:14","slug":"potente-detergente-lavavajillas-manual-5-litros","status":"publish","type":"product","link":"https:\/\/www.csj-emballages.com\/es\/produit\/potente-detergente-lavavajillas-manual-5-litros\/","title":{"rendered":"Potente alimentador manual de l\u00edquidos de 5 litros"},"content":{"rendered":"<div style=\"color: #000000\">\n<div style=\"color: #000000\">\n<div style=\"color: #000000\">\n<div style=\"color: #000000\">\n<div style=\"color: #000000\">\n<div style=\"color: #000000\">\n<h2 class=\"p1 ai-optimize-26\">Detergente l\u00edquido<\/h2>\n<hr>\n<h3 class=\"ai-optimize-27\">Descripci\u00f3n de nuestro detergente l\u00edquido manual de 5 litros<\/h3>\n<p><!--more--><\/p>\n<p class=\"ai-optimize-27 ai-optimize-introduction\" data-start=\"259\" data-end=\"650\">Tanto si es propietario de un restaurante, un servicio de catering o simplemente un particular que busca una limpieza impecable, este <strong data-start=\"370\" data-end=\"419\">detergente l\u00edquido manual en lata de 5 litros<\/strong> est\u00e1 dise\u00f1ado para satisfacer sus necesidades diarias. Es un <strong data-start=\"505\" data-end=\"541\">detergente<\/strong> manual de alto rendimiento <strong data-start=\"505\" data-end=\"541\">para platos<\/strong>, <strong data-start=\"547\" data-end=\"561\">ollas<\/strong>, <strong data-start=\"563\" data-end=\"573\">sartenes<\/strong>, <strong data-start=\"575\" data-end=\"585\">vasos<\/strong> y todos los utensilios <strong data-start=\"601\" data-end=\"624\">lavables<\/strong>, incluso los m\u00e1s sucios. <\/p>\n<p class=\"ai-optimize-28\" data-start=\"652\" data-end=\"1042\">Su f\u00f3rmula concentrada contiene <strong data-start=\"686\" data-end=\"719\">potentes agentes desengrasantes<\/strong> que <strong data-start=\"724\" data-end=\"791\">eliminan eficazmente la grasa y los restos de comida<\/strong> respetando la piel. Una peque\u00f1a cantidad es todo lo que necesita para que su vajilla brille, sin esfuerzo y <g id=\"gid_2\">sin dejar rayas<\/g>. Tambi\u00e9n facilita el aclarado, ahorrando un tiempo precioso, especialmente en las cocinas profesionales.  <\/p>\n<p class=\"ai-optimize-29\" data-start=\"1044\" data-end=\"1330\">Adecuado para un uso frecuente, proporciona una agradable sensaci\u00f3n de limpieza a la vez que una potente acci\u00f3n desincrustante. El gran <strong>bid\u00f3n<\/strong> <strong>de 5 litros<\/strong> tambi\u00e9n es econ\u00f3mico y se adapta perfectamente tanto a los profesionales de la restauraci\u00f3n como a los hogares de alto consumo. <\/p>\n<p class=\"ai-optimize-30\" data-start=\"1332\" data-end=\"1502\">Gracias a su <strong data-start=\"1343\" data-end=\"1358\">versatilidad<\/strong> y <strong data-start=\"1366\" data-end=\"1389\">eficacia demostrada<\/strong>, este producto es imprescindible para las cocinas exigentes en las que la higiene y el rendimiento son las m\u00e1ximas prioridades.<\/p>\n<p><!--more--><\/p>\n<h4 class=\"ai-optimize-33\">Sus ventajas:<\/h4>\n<ul>\n<li class=\"ai-optimize-34\">F\u00f3rmula ultra desengrasante, incluso en grasas cocidas.<\/li>\n<li class=\"ai-optimize-35\">Apto para todos los utensilios lavables a mano.<\/li>\n<li class=\"ai-optimize-37\">F\u00e1cil aclarado, sin rayas ni residuos.<\/li>\n<li class=\"ai-optimize-38\">Formato econ\u00f3mico de 5 litros, ideal para profesionales.<\/li>\n<li class=\"ai-optimize-31\">No irrita la piel.<\/li>\n<\/ul>\n<p>&nbsp;<\/p>\n<p><!--more--><\/p>\n<h4 class=\"ai-optimize-40\">Informaci\u00f3n adicional :<\/h4>\n<\/div>\n<ul>\n<li class=\"ai-optimize-41\"><strong>Embalaje<\/strong>: Por unidad<\/li>\n<li class=\"ai-optimize-45\"><strong>Uso<\/strong>: Detergente lavavajillas manual<\/li>\n<li class=\"ai-optimize-44\"><strong>Volumen<\/strong>: 5 litros<\/li>\n<\/ul>\n<p>&nbsp;<\/p>\n<\/div>\n<\/div>\n<\/div>\n<\/div>\n<\/div>\n<p><!--more--><\/p>\n<p class=\"ai-optimize-42\">Tambi\u00e9n puede encontrar nuestro limpiador manual de utensilios de cocina en polvo de 10 kg: <span style=\"color: #d12727\"><a style=\"color: #d12727\" href=\"https:\/\/www.csj-emballages.com\/produit\/nettoyant-manuel-en-poudre-pour-ustensiles-de-cuisine-en-10-kg\/\">040810<\/a><\/span><\/p>\n<p>&nbsp;<\/p>\n<p><!--more--><\/p>\n<p class=\"ai-optimize-43\"><a href=\"\/?product_cat=vaiselle-manuelle\">Ver el resto de nuestra gama de productos lavavajillas a mano<\/a><\/p>\n","protected":false},"excerpt":{"rendered":"<p>Detergente l\u00edquido Descripci\u00f3n de nuestro detergente l\u00edquido manual de 5 litros<\/p>\n","protected":false},"featured_media":235524,"template":"","meta":{"_acf_changed":false},"product_brand":[],"product_cat":[1226,1227,1228,1229],"product_tag":[],"class_list":{"0":"post-17093","1":"product","2":"type-product","3":"status-publish","4":"has-post-thumbnail","6":"product_cat-higiene-y-mantenimiento","7":"product_cat-productos-de-limpieza","8":"product_cat-cuidado-de-los-platos","9":"product_cat-marcha-manual","10":"product_shipping_class-no-permitido-en-reles","12":"first","13":"instock","14":"taxable","15":"shipping-taxable","16":"purchasable","17":"product-type-simple"},"acf":[],"yoast_head":"<!-- This site is optimized with the Yoast SEO Premium plugin v26.6 (Yoast SEO v26.6) - https:\/\/yoast.com\/wordpress\/plugins\/seo\/ -->\n<title>Detergente L\u00edquido Manual 5 litros<\/title>\n<meta name=\"description\" content=\"Detergente l\u00edquido manual de 5L para platos, ollas y utensilios. Potente contra la grasa, suave con la piel, ideal para cocinas profesionales y uso intensivo.\" \/>\n<meta name=\"robots\" content=\"index, follow, max-snippet:-1, max-image-preview:large, max-video-preview:-1\" \/>\n<link rel=\"canonical\" href=\"https:\/\/www.csj-emballages.com\/es\/produit\/potente-detergente-lavavajillas-manual-5-litros\/\" \/>\n<meta property=\"og:locale\" content=\"es_ES\" \/>\n<meta property=\"og:type\" content=\"article\" \/>\n<meta property=\"og:title\" content=\"Potente alimentador manual de l\u00edquidos de 5 litros\" \/>\n<meta property=\"og:description\" content=\"Detergente l\u00edquido manual de 5L para platos, ollas y utensilios. Potente contra la grasa, suave con la piel, ideal para cocinas profesionales y uso intensivo.\" \/>\n<meta property=\"og:url\" content=\"https:\/\/www.csj-emballages.com\/es\/produit\/potente-detergente-lavavajillas-manual-5-litros\/\" \/>\n<meta property=\"og:site_name\" content=\"CSJ Emballages\" \/>\n<meta property=\"article:publisher\" content=\"https:\/\/www.facebook.com\/csjemballages\" \/>\n<meta property=\"article:modified_time\" content=\"2026-05-01T00:10:14+00:00\" \/>\n<meta property=\"og:image\" content=\"https:\/\/www.csj-emballages.com\/wp-content\/uploads\/2024\/03\/00595.webp\" \/>\n\t<meta property=\"og:image:width\" content=\"800\" \/>\n\t<meta property=\"og:image:height\" content=\"800\" \/>\n\t<meta property=\"og:image:type\" content=\"image\/webp\" \/>\n<meta name=\"twitter:card\" content=\"summary_large_image\" \/>\n<meta name=\"twitter:label1\" content=\"Tiempo de lectura\" \/>\n\t<meta name=\"twitter:data1\" content=\"1 minuto\" \/>\n<script type=\"application\/ld+json\" class=\"yoast-schema-graph\">{\"@context\":\"https:\/\/schema.org\",\"@graph\":[{\"@type\":\"WebPage\",\"@id\":\"https:\/\/www.csj-emballages.com\/es\/produit\/potente-detergente-lavavajillas-manual-5-litros\/\",\"url\":\"https:\/\/www.csj-emballages.com\/es\/produit\/potente-detergente-lavavajillas-manual-5-litros\/\",\"name\":\"Detergente L\u00edquido Manual 5 litros\",\"isPartOf\":{\"@id\":\"https:\/\/www.csj-emballages.com\/es\/#website\"},\"primaryImageOfPage\":{\"@id\":\"https:\/\/www.csj-emballages.com\/es\/produit\/potente-detergente-lavavajillas-manual-5-litros\/#primaryimage\"},\"image\":{\"@id\":\"https:\/\/www.csj-emballages.com\/es\/produit\/potente-detergente-lavavajillas-manual-5-litros\/#primaryimage\"},\"thumbnailUrl\":\"https:\/\/www.csj-emballages.com\/wp-content\/uploads\/2024\/03\/00595.webp\",\"datePublished\":\"2024-03-01T16:00:20+00:00\",\"dateModified\":\"2026-05-01T00:10:14+00:00\",\"description\":\"Detergente l\u00edquido manual de 5L para platos, ollas y utensilios. Potente contra la grasa, suave con la piel, ideal para cocinas profesionales y uso intensivo.\",\"breadcrumb\":{\"@id\":\"https:\/\/www.csj-emballages.com\/es\/produit\/potente-detergente-lavavajillas-manual-5-litros\/#breadcrumb\"},\"inLanguage\":\"es\",\"potentialAction\":[{\"@type\":\"ReadAction\",\"target\":[\"https:\/\/www.csj-emballages.com\/es\/produit\/potente-detergente-lavavajillas-manual-5-litros\/\"]}]},{\"@type\":\"ImageObject\",\"inLanguage\":\"es\",\"@id\":\"https:\/\/www.csj-emballages.com\/es\/produit\/potente-detergente-lavavajillas-manual-5-litros\/#primaryimage\",\"url\":\"https:\/\/www.csj-emballages.com\/wp-content\/uploads\/2024\/03\/00595.webp\",\"contentUrl\":\"https:\/\/www.csj-emballages.com\/wp-content\/uploads\/2024\/03\/00595.webp\",\"width\":800,\"height\":800,\"caption\":\"D\u00e9tergent liquide\"},{\"@type\":\"BreadcrumbList\",\"@id\":\"https:\/\/www.csj-emballages.com\/es\/produit\/potente-detergente-lavavajillas-manual-5-litros\/#breadcrumb\",\"itemListElement\":[{\"@type\":\"ListItem\",\"position\":1,\"name\":\"Accueil\",\"item\":\"https:\/\/www.csj-emballages.com\/es\/universo-del-envasado-alimentario\/\"},{\"@type\":\"ListItem\",\"position\":2,\"name\":\"Tienda\",\"item\":\"https:\/\/www.csj-emballages.com\/tienda\/\"},{\"@type\":\"ListItem\",\"position\":3,\"name\":\"Potente alimentador manual de l\u00edquidos de 5 litros\"}]},{\"@type\":\"WebSite\",\"@id\":\"https:\/\/www.csj-emballages.com\/es\/#website\",\"url\":\"https:\/\/www.csj-emballages.com\/es\/\",\"name\":\"CSJ Emballages\",\"description\":\"\",\"publisher\":{\"@id\":\"https:\/\/www.csj-emballages.com\/es\/#organization\"},\"potentialAction\":[{\"@type\":\"SearchAction\",\"target\":{\"@type\":\"EntryPoint\",\"urlTemplate\":\"https:\/\/www.csj-emballages.com\/es\/?s={search_term_string}\"},\"query-input\":{\"@type\":\"PropertyValueSpecification\",\"valueRequired\":true,\"valueName\":\"search_term_string\"}}],\"inLanguage\":\"es\"},{\"@type\":\"Organization\",\"@id\":\"https:\/\/www.csj-emballages.com\/es\/#Organization\/\",\"name\":\"CSJ Emballages\",\"url\":\"https:\/\/www.csj-emballages.com\/es\/\",\"logo\":{\"@type\":\"ImageObject\",\"inLanguage\":\"es\",\"@id\":\"https:\/\/www.csj-emballages.com\/es\/#\/schema\/logo\/image\/\",\"url\":\"https:\/\/www.csj-emballages.com\/wp-content\/uploads\/2023\/10\/logo_csj.webp\",\"contentUrl\":\"https:\/\/www.csj-emballages.com\/wp-content\/uploads\/2023\/10\/logo_csj.webp\",\"width\":250,\"height\":95,\"caption\":\"CSJ Emballages\"},\"image\":{\"@id\":\"https:\/\/www.csj-emballages.com\/es\/#\/schema\/logo\/image\/\"},\"sameAs\":[\"https:\/\/www.facebook.com\/csjemballages\"],\"address\":{\"@type\":\"PostalAddress\",\"streetAddress\":\"ZI La Lechere\",\"addressLocality\":\"Patornay\",\"postalCode\":\"39130\",\"addressCountry\":\"FR\"},\"contactPoint\":[{\"@type\":\"ContactPoint\",\"contactType\":\"Service client\",\"telephone\":\"0384254272\",\"email\":\"contact@csj-emballages.com\"}]}]}<\/script>\n<!-- \/ Yoast SEO Premium plugin. -->","yoast_head_json":{"title":"Detergente L\u00edquido Manual 5 litros","description":"Detergente l\u00edquido manual de 5L para platos, ollas y utensilios. Potente contra la grasa, suave con la piel, ideal para cocinas profesionales y uso intensivo.","robots":{"index":"index","follow":"follow","max-snippet":"max-snippet:-1","max-image-preview":"max-image-preview:large","max-video-preview":"max-video-preview:-1"},"canonical":"https:\/\/www.csj-emballages.com\/es\/produit\/potente-detergente-lavavajillas-manual-5-litros\/","og_locale":"es_ES","og_type":"article","og_title":"Potente alimentador manual de l\u00edquidos de 5 litros","og_description":"Detergente l\u00edquido manual de 5L para platos, ollas y utensilios. Potente contra la grasa, suave con la piel, ideal para cocinas profesionales y uso intensivo.","og_url":"https:\/\/www.csj-emballages.com\/es\/produit\/potente-detergente-lavavajillas-manual-5-litros\/","og_site_name":"CSJ Emballages","article_publisher":"https:\/\/www.facebook.com\/csjemballages","article_modified_time":"2026-05-01T00:10:14+00:00","og_image":[{"width":800,"height":800,"url":"https:\/\/www.csj-emballages.com\/wp-content\/uploads\/2024\/03\/00595.webp","type":"image\/webp"}],"twitter_card":"summary_large_image","twitter_misc":{"Tiempo de lectura":"1 minuto"},"schema":{"@context":"https:\/\/schema.org","@graph":[{"@type":"WebPage","@id":"https:\/\/www.csj-emballages.com\/es\/produit\/potente-detergente-lavavajillas-manual-5-litros\/","url":"https:\/\/www.csj-emballages.com\/es\/produit\/potente-detergente-lavavajillas-manual-5-litros\/","name":"Detergente L\u00edquido Manual 5 litros","isPartOf":{"@id":"https:\/\/www.csj-emballages.com\/es\/#website"},"primaryImageOfPage":{"@id":"https:\/\/www.csj-emballages.com\/es\/produit\/potente-detergente-lavavajillas-manual-5-litros\/#primaryimage"},"image":{"@id":"https:\/\/www.csj-emballages.com\/es\/produit\/potente-detergente-lavavajillas-manual-5-litros\/#primaryimage"},"thumbnailUrl":"https:\/\/www.csj-emballages.com\/wp-content\/uploads\/2024\/03\/00595.webp","datePublished":"2024-03-01T16:00:20+00:00","dateModified":"2026-05-01T00:10:14+00:00","description":"Detergente l\u00edquido manual de 5L para platos, ollas y utensilios. Potente contra la grasa, suave con la piel, ideal para cocinas profesionales y uso intensivo.","breadcrumb":{"@id":"https:\/\/www.csj-emballages.com\/es\/produit\/potente-detergente-lavavajillas-manual-5-litros\/#breadcrumb"},"inLanguage":"es","potentialAction":[{"@type":"ReadAction","target":["https:\/\/www.csj-emballages.com\/es\/produit\/potente-detergente-lavavajillas-manual-5-litros\/"]}]},{"@type":"ImageObject","inLanguage":"es","@id":"https:\/\/www.csj-emballages.com\/es\/produit\/potente-detergente-lavavajillas-manual-5-litros\/#primaryimage","url":"https:\/\/www.csj-emballages.com\/wp-content\/uploads\/2024\/03\/00595.webp","contentUrl":"https:\/\/www.csj-emballages.com\/wp-content\/uploads\/2024\/03\/00595.webp","width":800,"height":800,"caption":"D\u00e9tergent liquide"},{"@type":"BreadcrumbList","@id":"https:\/\/www.csj-emballages.com\/es\/produit\/potente-detergente-lavavajillas-manual-5-litros\/#breadcrumb","itemListElement":[{"@type":"ListItem","position":1,"name":"Accueil","item":"https:\/\/www.csj-emballages.com\/es\/universo-del-envasado-alimentario\/"},{"@type":"ListItem","position":2,"name":"Tienda","item":"https:\/\/www.csj-emballages.com\/tienda\/"},{"@type":"ListItem","position":3,"name":"Potente alimentador manual de l\u00edquidos de 5 litros"}]},{"@type":"WebSite","@id":"https:\/\/www.csj-emballages.com\/es\/#website","url":"https:\/\/www.csj-emballages.com\/es\/","name":"CSJ Emballages","description":"","publisher":{"@id":"https:\/\/www.csj-emballages.com\/es\/#organization"},"potentialAction":[{"@type":"SearchAction","target":{"@type":"EntryPoint","urlTemplate":"https:\/\/www.csj-emballages.com\/es\/?s={search_term_string}"},"query-input":{"@type":"PropertyValueSpecification","valueRequired":true,"valueName":"search_term_string"}}],"inLanguage":"es"},{"@type":"Organization","@id":"https:\/\/www.csj-emballages.com\/es\/#Organization\/","name":"CSJ Emballages","url":"https:\/\/www.csj-emballages.com\/es\/","logo":{"@type":"ImageObject","inLanguage":"es","@id":"https:\/\/www.csj-emballages.com\/es\/#\/schema\/logo\/image\/","url":"https:\/\/www.csj-emballages.com\/wp-content\/uploads\/2023\/10\/logo_csj.webp","contentUrl":"https:\/\/www.csj-emballages.com\/wp-content\/uploads\/2023\/10\/logo_csj.webp","width":250,"height":95,"caption":"CSJ Emballages"},"image":{"@id":"https:\/\/www.csj-emballages.com\/es\/#\/schema\/logo\/image\/"},"sameAs":["https:\/\/www.facebook.com\/csjemballages"],"address":{"@type":"PostalAddress","streetAddress":"ZI La Lechere","addressLocality":"Patornay","postalCode":"39130","addressCountry":"FR"},"contactPoint":[{"@type":"ContactPoint","contactType":"Service client","telephone":"0384254272","email":"contact@csj-emballages.com"}]}]}},"df_price":10.79,"df_sale_price":"","df_regular_price":10.79,"df_image_link":"https:\/\/www.csj-emballages.com\/wp-content\/uploads\/2024\/03\/00595-300x300.webp","tiered_pricing_type":"fixed","tiered_pricing_fixed_rules":[],"tiered_pricing_percentage_rules":[],"tiered_pricing_minimum":1,"tiered_pricing_roles_data":[],"_links":{"self":[{"href":"https:\/\/www.csj-emballages.com\/es\/wp-json\/wp\/v2\/product\/17093","targetHints":{"allow":["GET"]}}],"collection":[{"href":"https:\/\/www.csj-emballages.com\/es\/wp-json\/wp\/v2\/product"}],"about":[{"href":"https:\/\/www.csj-emballages.com\/es\/wp-json\/wp\/v2\/types\/product"}],"wp:featuredmedia":[{"embeddable":true,"href":"https:\/\/www.csj-emballages.com\/es\/wp-json\/wp\/v2\/media\/235524"}],"wp:attachment":[{"href":"https:\/\/www.csj-emballages.com\/es\/wp-json\/wp\/v2\/media?parent=17093"}],"wp:term":[{"taxonomy":"product_brand","embeddable":true,"href":"https:\/\/www.csj-emballages.com\/es\/wp-json\/wp\/v2\/product_brand?post=17093"},{"taxonomy":"product_cat","embeddable":true,"href":"https:\/\/www.csj-emballages.com\/es\/wp-json\/wp\/v2\/product_cat?post=17093"},{"taxonomy":"product_tag","embeddable":true,"href":"https:\/\/www.csj-emballages.com\/es\/wp-json\/wp\/v2\/product_tag?post=17093"}],"curies":[{"name":"wp","href":"https:\/\/api.w.org\/{rel}","templated":true}]}}