{"id":17072,"date":"2024-03-01T17:00:22","date_gmt":"2024-03-01T16:00:22","guid":{"rendered":"https:\/\/u15jnbdpoq.preview.infomaniak.website\/produit\/50-bandejas-de-comida-para-llevar-5-compartimentos-festivos\/"},"modified":"2026-04-29T04:00:21","modified_gmt":"2026-04-29T02:00:21","slug":"50-bandejas-de-comida-para-llevar-5-compartimentos-festivos","status":"publish","type":"product","link":"https:\/\/www.csj-emballages.com\/es\/produit\/50-bandejas-de-comida-para-llevar-5-compartimentos-festivos\/","title":{"rendered":"Bandeja festiva de 5 compartimentos para llevar por 50"},"content":{"rendered":"<h2 class=\"p1\">Bandeja de comida<\/h2>\n<hr>\n<h3>Descripci\u00f3n de nuestra bandeja festiva de 5 compartimentos para comida para llevar, paquete de 50<\/h3>\n<h3><!--more--><\/h3>\n<p data-start=\"121\" data-end=\"459\">Ofrezca a sus invitados una soluci\u00f3n pr\u00e1ctica y elegante con la <strong data-start=\"185\" data-end=\"243\">bandeja festiva de 5 compartimentos para llevar de 50<\/strong>. Especialmente dise\u00f1ada para <g id=\"gid_1\">hosteleros<\/g>, <g id=\"gid_2\">restauradores<\/g> y organizadores de eventos, esta <g id=\"gid_3\">bandeja<\/g> es la herramienta ideal para servir comidas completas manteniendo una presentaci\u00f3n ordenada y profesional. Gracias a sus <strong data-start=\"473\" data-end=\"492\">5 compartimentos<\/strong>, cada plato puede separarse de forma higi\u00e9nica y est\u00e9tica: entrante, plato caliente, guarnici\u00f3n, queso y postre encuentran su lugar, sin riesgo de mezclarse. Es la garant\u00eda de que podr\u00e1 entregar o presentar sus platos en las mejores condiciones.   <\/p>\n<p data-start=\"764\" data-end=\"1120\">Su dise\u00f1o robusto lo convierte en un aliado fiable para servicios de comida para llevar o comidas en lugares p\u00fablicos. Est\u00e1 especialmente indicado para <strong data-start=\"915\" data-end=\"926\">buffets<\/strong>, <strong data-start=\"928\" data-end=\"942\">recepciones<\/strong>, <strong data-start=\"944\" data-end=\"975\">bandejas de comida de empresa<\/strong> o <strong data-start=\"991\" data-end=\"1018\">comidas a domicilio<\/strong>. Su forma moderna y su aspecto festivo aportan un toque elegante a sus platos.  <\/p>\n<p data-start=\"1122\" data-end=\"1393\">Envasada en <strong data-start=\"1137\" data-end=\"1150\">lotes de 50<\/strong>, esta <strong>bandeja de comida<\/strong> responde a las necesidades de los profesionales en t\u00e9rminos de practicidad y ahorro de tiempo. No tendr\u00e1 que preocuparse por el envasado: dispondr\u00e1 de existencias suficientes para anticipar sus servicios, incluso en periodos de gran afluencia. <\/p>\n<p data-start=\"1395\" data-end=\"1623\">Si elige la <strong data-start=\"1413\" data-end=\"1464\">bandeja festiva de 5 compartimentos para comida para llevar<\/strong>, combinar\u00e1 practicidad, higiene y est\u00e9tica. Es una soluci\u00f3n eficaz que simplifica su organizaci\u00f3n al tiempo que garantiza la satisfacci\u00f3n de sus clientes. <\/p>\n<p><!--more--><\/p>\n<p><strong>Ventajas :  <\/strong><\/p>\n<ul>\n<li>5 compartimentos para una comida completa y bien separada.<\/li>\n<li>Una presentaci\u00f3n ordenada y festiva que saca el m\u00e1ximo partido a sus platos.<\/li>\n<li>Duradera y pr\u00e1ctica para la restauraci\u00f3n profesional.<\/li>\n<li>En paquetes de 50 unidades, ideal para anticipar sus servicios.<\/li>\n<li>Adecuado para catering, empresas, eventos y comidas a domicilio.<\/li>\n<\/ul>\n<p>&nbsp;<\/p>\n<p><!--more--><\/p>\n<h4>Informaci\u00f3n adicional :<\/h4>\n<ul>\n<li><strong>Envase<\/strong>: Paquete de 50<\/li>\n<li><strong>Dimensiones<\/strong>: 315 x 220 x 30<\/li>\n<li><strong>Material<\/strong>: Poliestireno<\/li>\n<li><strong>Color<\/strong>: blanco<\/li>\n<\/ul>\n<p>&nbsp;<\/p>\n<p><!--more--><\/p>\n<p>Compatible con tapas <span style=\"color: #d12727;\"><br \/>\n  <a style=\"color: #d12727;\" href=\"https:\/\/www.csj-emballages.com\/produit\/25-couvercles-plastiques-pour-plateaux-repas-5-compartiments-festifs\/\">COPL5CFESTIF<\/a><br \/>\n<\/span><\/p>\n<p>&nbsp;<\/p>\n<p><!--more--><\/p>\n<p>Aqu\u00ed encontrar\u00e1 nuestras diferentes bandejas festivas con distintos compartimentos: <span style=\"color: #d12727;\"><a style=\"color: #d12727;\" href=\"https:\/\/www.csj-emballages.com\/produit\/50-plateaux-repas-a-emporter-4-compartiments-festifs\/\">4 compartimentos<\/a><\/span> \/ <span style=\"color: #d12727;\"><a style=\"color: #d12727;\" href=\"https:\/\/www.csj-emballages.com\/es\/produit\/25-bandejas-de-comida-para-llevar-6-compartimentos-festivos\/\">6 compartimentos<\/a><\/span><\/p>\n<p>&nbsp;<\/p>\n<p><!--more--><\/p>\n<p><a href=\"https:\/\/www.csj-emballages.com\/es\/categorie-produit\/envasado-de-alimentos\/carniceria-y-charcuteria\/bandejas\/bandejas-de-comida\/bandejas-de-plastico-para-comida\/\">Ver el resto de nuestra gama de bandejas de comida<\/a><\/p>\n","protected":false},"excerpt":{"rendered":"<p>Bandeja de comida Descripci\u00f3n de nuestra bandeja festiva de 5 compartimentos para comida para llevar, paquete de 50<\/p>\n","protected":false},"featured_media":240989,"template":"","meta":{"_acf_changed":false},"product_brand":[],"product_cat":[1150,1143,1288,1293,1298,6703,1179,1302,1305,1310],"product_tag":[],"class_list":{"0":"post-17072","1":"product","2":"type-product","3":"status-publish","4":"has-post-thumbnail","6":"product_cat-envasado-de-alimentos","7":"product_cat-carniceria-y-charcuteria","8":"product_cat-bandejas","9":"product_cat-bandejas-de-comida","10":"product_cat-bandejas-de-plastico-para-comida","11":"product_cat-bandejas-festivas","12":"product_cat-catering-es","13":"product_cat-bandejas-es","14":"product_cat-bandejas-de-comida-desechables","15":"product_cat-bandejas-de-plastico-para-comida-es","17":"first","18":"instock","19":"taxable","20":"shipping-taxable","21":"purchasable","22":"product-type-simple"},"acf":[],"yoast_head":"<!-- This site is optimized with the Yoast SEO Premium plugin v26.6 (Yoast SEO v26.6) - https:\/\/yoast.com\/wordpress\/plugins\/seo\/ -->\n<title>Bandeja festiva de 5 compartimentos para comida para llevar, 50 unid.<\/title>\n<meta name=\"description\" content=\"Descubra la bandeja festiva de 5 compartimentos para llevar de 50, pr\u00e1ctica y elegante para catering, eventos y comidas a domicilio.\" \/>\n<meta name=\"robots\" content=\"index, follow, max-snippet:-1, max-image-preview:large, max-video-preview:-1\" \/>\n<link rel=\"canonical\" href=\"https:\/\/www.csj-emballages.com\/es\/produit\/50-bandejas-de-comida-para-llevar-5-compartimentos-festivos\/\" \/>\n<meta property=\"og:locale\" content=\"es_ES\" \/>\n<meta property=\"og:type\" content=\"article\" \/>\n<meta property=\"og:title\" content=\"Bandeja festiva de 5 compartimentos para llevar por 50\" \/>\n<meta property=\"og:description\" content=\"Descubra la bandeja festiva de 5 compartimentos para llevar de 50, pr\u00e1ctica y elegante para catering, eventos y comidas a domicilio.\" \/>\n<meta property=\"og:url\" content=\"https:\/\/www.csj-emballages.com\/es\/produit\/50-bandejas-de-comida-para-llevar-5-compartimentos-festivos\/\" \/>\n<meta property=\"og:site_name\" content=\"CSJ Emballages\" \/>\n<meta property=\"article:publisher\" content=\"https:\/\/www.facebook.com\/csjemballages\" \/>\n<meta property=\"article:modified_time\" content=\"2026-04-29T02:00:21+00:00\" \/>\n<meta property=\"og:image\" content=\"https:\/\/www.csj-emballages.com\/wp-content\/uploads\/2024\/03\/PL5CFESTIF.webp\" \/>\n\t<meta property=\"og:image:width\" content=\"800\" \/>\n\t<meta property=\"og:image:height\" content=\"800\" \/>\n\t<meta property=\"og:image:type\" content=\"image\/webp\" \/>\n<meta name=\"twitter:card\" content=\"summary_large_image\" \/>\n<meta name=\"twitter:label1\" content=\"Tiempo de lectura\" \/>\n\t<meta name=\"twitter:data1\" content=\"2 minutos\" \/>\n<script type=\"application\/ld+json\" class=\"yoast-schema-graph\">{\"@context\":\"https:\/\/schema.org\",\"@graph\":[{\"@type\":\"WebPage\",\"@id\":\"https:\/\/www.csj-emballages.com\/es\/produit\/50-bandejas-de-comida-para-llevar-5-compartimentos-festivos\/\",\"url\":\"https:\/\/www.csj-emballages.com\/es\/produit\/50-bandejas-de-comida-para-llevar-5-compartimentos-festivos\/\",\"name\":\"Bandeja festiva de 5 compartimentos para comida para llevar, 50 unid.\",\"isPartOf\":{\"@id\":\"https:\/\/www.csj-emballages.com\/es\/#website\"},\"primaryImageOfPage\":{\"@id\":\"https:\/\/www.csj-emballages.com\/es\/produit\/50-bandejas-de-comida-para-llevar-5-compartimentos-festivos\/#primaryimage\"},\"image\":{\"@id\":\"https:\/\/www.csj-emballages.com\/es\/produit\/50-bandejas-de-comida-para-llevar-5-compartimentos-festivos\/#primaryimage\"},\"thumbnailUrl\":\"https:\/\/www.csj-emballages.com\/wp-content\/uploads\/2024\/03\/PL5CFESTIF.webp\",\"datePublished\":\"2024-03-01T16:00:22+00:00\",\"dateModified\":\"2026-04-29T02:00:21+00:00\",\"description\":\"Descubra la bandeja festiva de 5 compartimentos para llevar de 50, pr\u00e1ctica y elegante para catering, eventos y comidas a domicilio.\",\"breadcrumb\":{\"@id\":\"https:\/\/www.csj-emballages.com\/es\/produit\/50-bandejas-de-comida-para-llevar-5-compartimentos-festivos\/#breadcrumb\"},\"inLanguage\":\"es\",\"potentialAction\":[{\"@type\":\"ReadAction\",\"target\":[\"https:\/\/www.csj-emballages.com\/es\/produit\/50-bandejas-de-comida-para-llevar-5-compartimentos-festivos\/\"]}]},{\"@type\":\"ImageObject\",\"inLanguage\":\"es\",\"@id\":\"https:\/\/www.csj-emballages.com\/es\/produit\/50-bandejas-de-comida-para-llevar-5-compartimentos-festivos\/#primaryimage\",\"url\":\"https:\/\/www.csj-emballages.com\/wp-content\/uploads\/2024\/03\/PL5CFESTIF.webp\",\"contentUrl\":\"https:\/\/www.csj-emballages.com\/wp-content\/uploads\/2024\/03\/PL5CFESTIF.webp\",\"width\":800,\"height\":800,\"caption\":\"Plateau repas\"},{\"@type\":\"BreadcrumbList\",\"@id\":\"https:\/\/www.csj-emballages.com\/es\/produit\/50-bandejas-de-comida-para-llevar-5-compartimentos-festivos\/#breadcrumb\",\"itemListElement\":[{\"@type\":\"ListItem\",\"position\":1,\"name\":\"Accueil\",\"item\":\"https:\/\/www.csj-emballages.com\/es\/universo-del-envasado-alimentario\/\"},{\"@type\":\"ListItem\",\"position\":2,\"name\":\"Tienda\",\"item\":\"https:\/\/www.csj-emballages.com\/tienda\/\"},{\"@type\":\"ListItem\",\"position\":3,\"name\":\"Bandeja festiva de 5 compartimentos para llevar por 50\"}]},{\"@type\":\"WebSite\",\"@id\":\"https:\/\/www.csj-emballages.com\/es\/#website\",\"url\":\"https:\/\/www.csj-emballages.com\/es\/\",\"name\":\"CSJ Emballages\",\"description\":\"\",\"publisher\":{\"@id\":\"https:\/\/www.csj-emballages.com\/es\/#organization\"},\"potentialAction\":[{\"@type\":\"SearchAction\",\"target\":{\"@type\":\"EntryPoint\",\"urlTemplate\":\"https:\/\/www.csj-emballages.com\/es\/?s={search_term_string}\"},\"query-input\":{\"@type\":\"PropertyValueSpecification\",\"valueRequired\":true,\"valueName\":\"search_term_string\"}}],\"inLanguage\":\"es\"},{\"@type\":\"Organization\",\"@id\":\"https:\/\/www.csj-emballages.com\/es\/#Organization\/\",\"name\":\"CSJ Emballages\",\"url\":\"https:\/\/www.csj-emballages.com\/es\/\",\"logo\":{\"@type\":\"ImageObject\",\"inLanguage\":\"es\",\"@id\":\"https:\/\/www.csj-emballages.com\/es\/#\/schema\/logo\/image\/\",\"url\":\"https:\/\/www.csj-emballages.com\/wp-content\/uploads\/2023\/10\/logo_csj.webp\",\"contentUrl\":\"https:\/\/www.csj-emballages.com\/wp-content\/uploads\/2023\/10\/logo_csj.webp\",\"width\":250,\"height\":95,\"caption\":\"CSJ Emballages\"},\"image\":{\"@id\":\"https:\/\/www.csj-emballages.com\/es\/#\/schema\/logo\/image\/\"},\"sameAs\":[\"https:\/\/www.facebook.com\/csjemballages\"],\"address\":{\"@type\":\"PostalAddress\",\"streetAddress\":\"ZI La Lechere\",\"addressLocality\":\"Patornay\",\"postalCode\":\"39130\",\"addressCountry\":\"FR\"},\"contactPoint\":[{\"@type\":\"ContactPoint\",\"contactType\":\"Service client\",\"telephone\":\"0384254272\",\"email\":\"contact@csj-emballages.com\"}]}]}<\/script>\n<!-- \/ Yoast SEO Premium plugin. -->","yoast_head_json":{"title":"Bandeja festiva de 5 compartimentos para comida para llevar, 50 unid.","description":"Descubra la bandeja festiva de 5 compartimentos para llevar de 50, pr\u00e1ctica y elegante para catering, eventos y comidas a domicilio.","robots":{"index":"index","follow":"follow","max-snippet":"max-snippet:-1","max-image-preview":"max-image-preview:large","max-video-preview":"max-video-preview:-1"},"canonical":"https:\/\/www.csj-emballages.com\/es\/produit\/50-bandejas-de-comida-para-llevar-5-compartimentos-festivos\/","og_locale":"es_ES","og_type":"article","og_title":"Bandeja festiva de 5 compartimentos para llevar por 50","og_description":"Descubra la bandeja festiva de 5 compartimentos para llevar de 50, pr\u00e1ctica y elegante para catering, eventos y comidas a domicilio.","og_url":"https:\/\/www.csj-emballages.com\/es\/produit\/50-bandejas-de-comida-para-llevar-5-compartimentos-festivos\/","og_site_name":"CSJ Emballages","article_publisher":"https:\/\/www.facebook.com\/csjemballages","article_modified_time":"2026-04-29T02:00:21+00:00","og_image":[{"width":800,"height":800,"url":"https:\/\/www.csj-emballages.com\/wp-content\/uploads\/2024\/03\/PL5CFESTIF.webp","type":"image\/webp"}],"twitter_card":"summary_large_image","twitter_misc":{"Tiempo de lectura":"2 minutos"},"schema":{"@context":"https:\/\/schema.org","@graph":[{"@type":"WebPage","@id":"https:\/\/www.csj-emballages.com\/es\/produit\/50-bandejas-de-comida-para-llevar-5-compartimentos-festivos\/","url":"https:\/\/www.csj-emballages.com\/es\/produit\/50-bandejas-de-comida-para-llevar-5-compartimentos-festivos\/","name":"Bandeja festiva de 5 compartimentos para comida para llevar, 50 unid.","isPartOf":{"@id":"https:\/\/www.csj-emballages.com\/es\/#website"},"primaryImageOfPage":{"@id":"https:\/\/www.csj-emballages.com\/es\/produit\/50-bandejas-de-comida-para-llevar-5-compartimentos-festivos\/#primaryimage"},"image":{"@id":"https:\/\/www.csj-emballages.com\/es\/produit\/50-bandejas-de-comida-para-llevar-5-compartimentos-festivos\/#primaryimage"},"thumbnailUrl":"https:\/\/www.csj-emballages.com\/wp-content\/uploads\/2024\/03\/PL5CFESTIF.webp","datePublished":"2024-03-01T16:00:22+00:00","dateModified":"2026-04-29T02:00:21+00:00","description":"Descubra la bandeja festiva de 5 compartimentos para llevar de 50, pr\u00e1ctica y elegante para catering, eventos y comidas a domicilio.","breadcrumb":{"@id":"https:\/\/www.csj-emballages.com\/es\/produit\/50-bandejas-de-comida-para-llevar-5-compartimentos-festivos\/#breadcrumb"},"inLanguage":"es","potentialAction":[{"@type":"ReadAction","target":["https:\/\/www.csj-emballages.com\/es\/produit\/50-bandejas-de-comida-para-llevar-5-compartimentos-festivos\/"]}]},{"@type":"ImageObject","inLanguage":"es","@id":"https:\/\/www.csj-emballages.com\/es\/produit\/50-bandejas-de-comida-para-llevar-5-compartimentos-festivos\/#primaryimage","url":"https:\/\/www.csj-emballages.com\/wp-content\/uploads\/2024\/03\/PL5CFESTIF.webp","contentUrl":"https:\/\/www.csj-emballages.com\/wp-content\/uploads\/2024\/03\/PL5CFESTIF.webp","width":800,"height":800,"caption":"Plateau repas"},{"@type":"BreadcrumbList","@id":"https:\/\/www.csj-emballages.com\/es\/produit\/50-bandejas-de-comida-para-llevar-5-compartimentos-festivos\/#breadcrumb","itemListElement":[{"@type":"ListItem","position":1,"name":"Accueil","item":"https:\/\/www.csj-emballages.com\/es\/universo-del-envasado-alimentario\/"},{"@type":"ListItem","position":2,"name":"Tienda","item":"https:\/\/www.csj-emballages.com\/tienda\/"},{"@type":"ListItem","position":3,"name":"Bandeja festiva de 5 compartimentos para llevar por 50"}]},{"@type":"WebSite","@id":"https:\/\/www.csj-emballages.com\/es\/#website","url":"https:\/\/www.csj-emballages.com\/es\/","name":"CSJ Emballages","description":"","publisher":{"@id":"https:\/\/www.csj-emballages.com\/es\/#organization"},"potentialAction":[{"@type":"SearchAction","target":{"@type":"EntryPoint","urlTemplate":"https:\/\/www.csj-emballages.com\/es\/?s={search_term_string}"},"query-input":{"@type":"PropertyValueSpecification","valueRequired":true,"valueName":"search_term_string"}}],"inLanguage":"es"},{"@type":"Organization","@id":"https:\/\/www.csj-emballages.com\/es\/#Organization\/","name":"CSJ Emballages","url":"https:\/\/www.csj-emballages.com\/es\/","logo":{"@type":"ImageObject","inLanguage":"es","@id":"https:\/\/www.csj-emballages.com\/es\/#\/schema\/logo\/image\/","url":"https:\/\/www.csj-emballages.com\/wp-content\/uploads\/2023\/10\/logo_csj.webp","contentUrl":"https:\/\/www.csj-emballages.com\/wp-content\/uploads\/2023\/10\/logo_csj.webp","width":250,"height":95,"caption":"CSJ Emballages"},"image":{"@id":"https:\/\/www.csj-emballages.com\/es\/#\/schema\/logo\/image\/"},"sameAs":["https:\/\/www.facebook.com\/csjemballages"],"address":{"@type":"PostalAddress","streetAddress":"ZI La Lechere","addressLocality":"Patornay","postalCode":"39130","addressCountry":"FR"},"contactPoint":[{"@type":"ContactPoint","contactType":"Service client","telephone":"0384254272","email":"contact@csj-emballages.com"}]}]}},"df_price":18.23,"df_sale_price":"","df_regular_price":18.23,"df_image_link":"https:\/\/www.csj-emballages.com\/wp-content\/uploads\/2024\/03\/PL5CFESTIF-300x300.webp","tiered_pricing_type":"fixed","tiered_pricing_fixed_rules":[],"tiered_pricing_percentage_rules":[],"tiered_pricing_minimum":1,"tiered_pricing_roles_data":[],"_links":{"self":[{"href":"https:\/\/www.csj-emballages.com\/es\/wp-json\/wp\/v2\/product\/17072","targetHints":{"allow":["GET"]}}],"collection":[{"href":"https:\/\/www.csj-emballages.com\/es\/wp-json\/wp\/v2\/product"}],"about":[{"href":"https:\/\/www.csj-emballages.com\/es\/wp-json\/wp\/v2\/types\/product"}],"wp:featuredmedia":[{"embeddable":true,"href":"https:\/\/www.csj-emballages.com\/es\/wp-json\/wp\/v2\/media\/240989"}],"wp:attachment":[{"href":"https:\/\/www.csj-emballages.com\/es\/wp-json\/wp\/v2\/media?parent=17072"}],"wp:term":[{"taxonomy":"product_brand","embeddable":true,"href":"https:\/\/www.csj-emballages.com\/es\/wp-json\/wp\/v2\/product_brand?post=17072"},{"taxonomy":"product_cat","embeddable":true,"href":"https:\/\/www.csj-emballages.com\/es\/wp-json\/wp\/v2\/product_cat?post=17072"},{"taxonomy":"product_tag","embeddable":true,"href":"https:\/\/www.csj-emballages.com\/es\/wp-json\/wp\/v2\/product_tag?post=17072"}],"curies":[{"name":"wp","href":"https:\/\/api.w.org\/{rel}","templated":true}]}}