{"id":17052,"date":"2024-03-20T12:12:50","date_gmt":"2024-03-20T11:12:50","guid":{"rendered":"https:\/\/u15jnbdpoq.preview.infomaniak.website\/?post_type=product&#038;p=17052"},"modified":"2026-05-01T10:00:25","modified_gmt":"2026-05-01T08:00:25","slug":"100-pajitas-rectas-230-mm-papel-kraft-o-8-mm","status":"publish","type":"product","link":"https:\/\/www.csj-emballages.com\/es\/produit\/100-pajitas-rectas-230-mm-papel-kraft-o-8-mm\/","title":{"rendered":"Pajita recta de papel kraft 230 mm \u00d8 8 mm por 100"},"content":{"rendered":"<h2>Paja<\/h2>\n<hr>\n<h3>Descripci\u00f3n de nuestra Pajita de papel kraft, 230 mm \u00d8 8 mm, recta, 100 unidades<\/h3>\n<p><!--more--><\/p>\n<p>Descubra nuestra <strong>pajita<\/strong> <strong>de papel recta de 230 mm \u00d88 mm<\/strong>, fabricada en resistente papel kraft, ideal para todas sus bebidas favoritas. Con un di\u00e1metro de 8 mm, ofrece un flujo \u00f3ptimo para sus batidos, zumos y c\u00f3cteles. Dise\u00f1ada para respetar el medio ambiente, es totalmente biodegradable y compostable. Diga adi\u00f3s a las contaminantes pajitas de pl\u00e1stico y opte por una alternativa respetuosa con el medio ambiente. Su color natural se adapta a todos los estilos de recepci\u00f3n, desde fiestas informales a eventos formales. Adem\u00e1s, son resistentes, por lo que no se reblandecen r\u00e1pidamente con las bebidas. Perfectas para restaurantes, bares y uso dom\u00e9stico, garantizan una agradable experiencia al beber. Cada pajita se elabora cuidadosamente para garantizar una calidad superior. F\u00e1ciles de guardar, se conservan durante mucho tiempo sin perder su calidad.        <\/p>\n<p>&nbsp;<\/p>\n<p><!--more--><\/p>\n<p>Pida ahora nuestra <strong>pajita<\/strong> <strong>recta de 230 mm en papel de \u00d88 mm<\/strong> y aporte su granito de arena al planeta.<\/p>\n<p>&nbsp;<\/p>\n<p><!--more--><\/p>\n<h4><strong>Sus ventajas:<\/strong><\/h4>\n<ul>\n<li><strong>Respetuosas con el medio ambiente y biodegradables<\/strong>: Fabricadas con papel kraft, se descomponen de forma natural, reduciendo los residuos pl\u00e1sticos.<\/li>\n<li><strong>Vers\u00e1til<\/strong>: Ideal para una gran variedad de bebidas, desde batidos espesos a refrescantes c\u00f3cteles.<\/li>\n<li><strong>F\u00e1ciles de guardar<\/strong>: No ocupan mucho espacio y se conservan bien sin perder calidad.<\/li>\n<\/ul>\n<p>&nbsp;<\/p>\n<p><!--more--><\/p>\n<p><a href=\"\/?product_cat=pailles\">Ver el resto de nuestra gama de pajitas<\/a><\/p>\n","protected":false},"excerpt":{"rendered":"<p>Paja Descripci\u00f3n de nuestra Pajita de papel kraft, 230 mm \u00d8 8 mm, recta, 100 unidades<\/p>\n","protected":false},"featured_media":32648,"template":"","meta":{"_acf_changed":false},"product_brand":[],"product_cat":[1150,1179,3865,3036,1163,3033],"product_tag":[],"class_list":{"0":"post-17052","1":"product","2":"type-product","3":"status-publish","4":"has-post-thumbnail","6":"product_cat-envasado-de-alimentos","7":"product_cat-catering-es","8":"product_cat-platos-cubiertos-desechables-pajitas","9":"product_cat-pajitas","10":"product_cat-gama-ecologica","11":"product_cat-pajitas-ecologicas","13":"first","14":"instock","15":"taxable","16":"shipping-taxable","17":"purchasable","18":"product-type-simple"},"acf":[],"yoast_head":"<!-- This site is optimized with the Yoast SEO Premium plugin v26.6 (Yoast SEO v26.6) - https:\/\/yoast.com\/wordpress\/plugins\/seo\/ -->\n<title>Pajita de papel kraft, recta - 230mm x \u00d88mm<\/title>\n<meta name=\"description\" content=\"Descubra nuestra pajita de papel recta de 230 mm en papel de \u00d88 mm. \u00a1Elija una alternativa sostenible y respetuosa con el medio ambiente!\" \/>\n<meta name=\"robots\" content=\"index, follow, max-snippet:-1, max-image-preview:large, max-video-preview:-1\" \/>\n<link rel=\"canonical\" href=\"https:\/\/www.csj-emballages.com\/es\/produit\/100-pajitas-rectas-230-mm-papel-kraft-o-8-mm\/\" \/>\n<meta property=\"og:locale\" content=\"es_ES\" \/>\n<meta property=\"og:type\" content=\"article\" \/>\n<meta property=\"og:title\" content=\"Pajita recta de papel kraft 230 mm \u00d8 8 mm por 100\" \/>\n<meta property=\"og:description\" content=\"Descubra nuestra pajita de papel recta de 230 mm en papel de \u00d88 mm. \u00a1Elija una alternativa sostenible y respetuosa con el medio ambiente!\" \/>\n<meta property=\"og:url\" content=\"https:\/\/www.csj-emballages.com\/es\/produit\/100-pajitas-rectas-230-mm-papel-kraft-o-8-mm\/\" \/>\n<meta property=\"og:site_name\" content=\"CSJ Emballages\" \/>\n<meta property=\"article:publisher\" content=\"https:\/\/www.facebook.com\/csjemballages\" \/>\n<meta property=\"article:modified_time\" content=\"2026-05-01T08:00:25+00:00\" \/>\n<meta property=\"og:image\" content=\"https:\/\/www.csj-emballages.com\/wp-content\/uploads\/2024\/03\/001010490-1-scaled-e1721723388189.webp\" \/>\n\t<meta property=\"og:image:width\" content=\"2560\" \/>\n\t<meta property=\"og:image:height\" content=\"1707\" \/>\n\t<meta property=\"og:image:type\" content=\"image\/jpeg\" \/>\n<meta name=\"twitter:card\" content=\"summary_large_image\" \/>\n<meta name=\"twitter:label1\" content=\"Tiempo de lectura\" \/>\n\t<meta name=\"twitter:data1\" content=\"1 minuto\" \/>\n<script type=\"application\/ld+json\" class=\"yoast-schema-graph\">{\"@context\":\"https:\/\/schema.org\",\"@graph\":[{\"@type\":\"WebPage\",\"@id\":\"https:\/\/www.csj-emballages.com\/es\/produit\/100-pajitas-rectas-230-mm-papel-kraft-o-8-mm\/\",\"url\":\"https:\/\/www.csj-emballages.com\/es\/produit\/100-pajitas-rectas-230-mm-papel-kraft-o-8-mm\/\",\"name\":\"Pajita de papel kraft, recta - 230mm x \u00d88mm\",\"isPartOf\":{\"@id\":\"https:\/\/www.csj-emballages.com\/es\/#website\"},\"primaryImageOfPage\":{\"@id\":\"https:\/\/www.csj-emballages.com\/es\/produit\/100-pajitas-rectas-230-mm-papel-kraft-o-8-mm\/#primaryimage\"},\"image\":{\"@id\":\"https:\/\/www.csj-emballages.com\/es\/produit\/100-pajitas-rectas-230-mm-papel-kraft-o-8-mm\/#primaryimage\"},\"thumbnailUrl\":\"https:\/\/www.csj-emballages.com\/wp-content\/uploads\/2024\/03\/001010490-1-scaled-e1721723388189.webp\",\"datePublished\":\"2024-03-20T11:12:50+00:00\",\"dateModified\":\"2026-05-01T08:00:25+00:00\",\"description\":\"Descubra nuestra pajita de papel recta de 230 mm en papel de \u00d88 mm. \u00a1Elija una alternativa sostenible y respetuosa con el medio ambiente!\",\"breadcrumb\":{\"@id\":\"https:\/\/www.csj-emballages.com\/es\/produit\/100-pajitas-rectas-230-mm-papel-kraft-o-8-mm\/#breadcrumb\"},\"inLanguage\":\"es\",\"potentialAction\":[{\"@type\":\"ReadAction\",\"target\":[\"https:\/\/www.csj-emballages.com\/es\/produit\/100-pajitas-rectas-230-mm-papel-kraft-o-8-mm\/\"]}]},{\"@type\":\"ImageObject\",\"inLanguage\":\"es\",\"@id\":\"https:\/\/www.csj-emballages.com\/es\/produit\/100-pajitas-rectas-230-mm-papel-kraft-o-8-mm\/#primaryimage\",\"url\":\"https:\/\/www.csj-emballages.com\/wp-content\/uploads\/2024\/03\/001010490-1-scaled-e1721723388189.webp\",\"contentUrl\":\"https:\/\/www.csj-emballages.com\/wp-content\/uploads\/2024\/03\/001010490-1-scaled-e1721723388189.webp\",\"width\":2560,\"height\":1707,\"caption\":\"Pailles droites 230mm en papier \u00d88mm\"},{\"@type\":\"BreadcrumbList\",\"@id\":\"https:\/\/www.csj-emballages.com\/es\/produit\/100-pajitas-rectas-230-mm-papel-kraft-o-8-mm\/#breadcrumb\",\"itemListElement\":[{\"@type\":\"ListItem\",\"position\":1,\"name\":\"Accueil\",\"item\":\"https:\/\/www.csj-emballages.com\/es\/universo-del-envasado-alimentario\/\"},{\"@type\":\"ListItem\",\"position\":2,\"name\":\"Tienda\",\"item\":\"https:\/\/www.csj-emballages.com\/tienda\/\"},{\"@type\":\"ListItem\",\"position\":3,\"name\":\"Pajita recta de papel kraft 230 mm \u00d8 8 mm por 100\"}]},{\"@type\":\"WebSite\",\"@id\":\"https:\/\/www.csj-emballages.com\/es\/#website\",\"url\":\"https:\/\/www.csj-emballages.com\/es\/\",\"name\":\"CSJ Emballages\",\"description\":\"\",\"publisher\":{\"@id\":\"https:\/\/www.csj-emballages.com\/es\/#organization\"},\"potentialAction\":[{\"@type\":\"SearchAction\",\"target\":{\"@type\":\"EntryPoint\",\"urlTemplate\":\"https:\/\/www.csj-emballages.com\/es\/?s={search_term_string}\"},\"query-input\":{\"@type\":\"PropertyValueSpecification\",\"valueRequired\":true,\"valueName\":\"search_term_string\"}}],\"inLanguage\":\"es\"},{\"@type\":\"Organization\",\"@id\":\"https:\/\/www.csj-emballages.com\/es\/#Organization\/\",\"name\":\"CSJ Emballages\",\"url\":\"https:\/\/www.csj-emballages.com\/es\/\",\"logo\":{\"@type\":\"ImageObject\",\"inLanguage\":\"es\",\"@id\":\"https:\/\/www.csj-emballages.com\/es\/#\/schema\/logo\/image\/\",\"url\":\"https:\/\/www.csj-emballages.com\/wp-content\/uploads\/2023\/10\/logo_csj.webp\",\"contentUrl\":\"https:\/\/www.csj-emballages.com\/wp-content\/uploads\/2023\/10\/logo_csj.webp\",\"width\":250,\"height\":95,\"caption\":\"CSJ Emballages\"},\"image\":{\"@id\":\"https:\/\/www.csj-emballages.com\/es\/#\/schema\/logo\/image\/\"},\"sameAs\":[\"https:\/\/www.facebook.com\/csjemballages\"],\"address\":{\"@type\":\"PostalAddress\",\"streetAddress\":\"ZI La Lechere\",\"addressLocality\":\"Patornay\",\"postalCode\":\"39130\",\"addressCountry\":\"FR\"},\"contactPoint\":[{\"@type\":\"ContactPoint\",\"contactType\":\"Service client\",\"telephone\":\"0384254272\",\"email\":\"contact@csj-emballages.com\"}]}]}<\/script>\n<!-- \/ Yoast SEO Premium plugin. -->","yoast_head_json":{"title":"Pajita de papel kraft, recta - 230mm x \u00d88mm","description":"Descubra nuestra pajita de papel recta de 230 mm en papel de \u00d88 mm. \u00a1Elija una alternativa sostenible y respetuosa con el medio ambiente!","robots":{"index":"index","follow":"follow","max-snippet":"max-snippet:-1","max-image-preview":"max-image-preview:large","max-video-preview":"max-video-preview:-1"},"canonical":"https:\/\/www.csj-emballages.com\/es\/produit\/100-pajitas-rectas-230-mm-papel-kraft-o-8-mm\/","og_locale":"es_ES","og_type":"article","og_title":"Pajita recta de papel kraft 230 mm \u00d8 8 mm por 100","og_description":"Descubra nuestra pajita de papel recta de 230 mm en papel de \u00d88 mm. \u00a1Elija una alternativa sostenible y respetuosa con el medio ambiente!","og_url":"https:\/\/www.csj-emballages.com\/es\/produit\/100-pajitas-rectas-230-mm-papel-kraft-o-8-mm\/","og_site_name":"CSJ Emballages","article_publisher":"https:\/\/www.facebook.com\/csjemballages","article_modified_time":"2026-05-01T08:00:25+00:00","og_image":[{"width":2560,"height":1707,"url":"https:\/\/www.csj-emballages.com\/wp-content\/uploads\/2024\/03\/001010490-1-scaled-e1721723388189.webp","type":"image\/jpeg"}],"twitter_card":"summary_large_image","twitter_misc":{"Tiempo de lectura":"1 minuto"},"schema":{"@context":"https:\/\/schema.org","@graph":[{"@type":"WebPage","@id":"https:\/\/www.csj-emballages.com\/es\/produit\/100-pajitas-rectas-230-mm-papel-kraft-o-8-mm\/","url":"https:\/\/www.csj-emballages.com\/es\/produit\/100-pajitas-rectas-230-mm-papel-kraft-o-8-mm\/","name":"Pajita de papel kraft, recta - 230mm x \u00d88mm","isPartOf":{"@id":"https:\/\/www.csj-emballages.com\/es\/#website"},"primaryImageOfPage":{"@id":"https:\/\/www.csj-emballages.com\/es\/produit\/100-pajitas-rectas-230-mm-papel-kraft-o-8-mm\/#primaryimage"},"image":{"@id":"https:\/\/www.csj-emballages.com\/es\/produit\/100-pajitas-rectas-230-mm-papel-kraft-o-8-mm\/#primaryimage"},"thumbnailUrl":"https:\/\/www.csj-emballages.com\/wp-content\/uploads\/2024\/03\/001010490-1-scaled-e1721723388189.webp","datePublished":"2024-03-20T11:12:50+00:00","dateModified":"2026-05-01T08:00:25+00:00","description":"Descubra nuestra pajita de papel recta de 230 mm en papel de \u00d88 mm. \u00a1Elija una alternativa sostenible y respetuosa con el medio ambiente!","breadcrumb":{"@id":"https:\/\/www.csj-emballages.com\/es\/produit\/100-pajitas-rectas-230-mm-papel-kraft-o-8-mm\/#breadcrumb"},"inLanguage":"es","potentialAction":[{"@type":"ReadAction","target":["https:\/\/www.csj-emballages.com\/es\/produit\/100-pajitas-rectas-230-mm-papel-kraft-o-8-mm\/"]}]},{"@type":"ImageObject","inLanguage":"es","@id":"https:\/\/www.csj-emballages.com\/es\/produit\/100-pajitas-rectas-230-mm-papel-kraft-o-8-mm\/#primaryimage","url":"https:\/\/www.csj-emballages.com\/wp-content\/uploads\/2024\/03\/001010490-1-scaled-e1721723388189.webp","contentUrl":"https:\/\/www.csj-emballages.com\/wp-content\/uploads\/2024\/03\/001010490-1-scaled-e1721723388189.webp","width":2560,"height":1707,"caption":"Pailles droites 230mm en papier \u00d88mm"},{"@type":"BreadcrumbList","@id":"https:\/\/www.csj-emballages.com\/es\/produit\/100-pajitas-rectas-230-mm-papel-kraft-o-8-mm\/#breadcrumb","itemListElement":[{"@type":"ListItem","position":1,"name":"Accueil","item":"https:\/\/www.csj-emballages.com\/es\/universo-del-envasado-alimentario\/"},{"@type":"ListItem","position":2,"name":"Tienda","item":"https:\/\/www.csj-emballages.com\/tienda\/"},{"@type":"ListItem","position":3,"name":"Pajita recta de papel kraft 230 mm \u00d8 8 mm por 100"}]},{"@type":"WebSite","@id":"https:\/\/www.csj-emballages.com\/es\/#website","url":"https:\/\/www.csj-emballages.com\/es\/","name":"CSJ Emballages","description":"","publisher":{"@id":"https:\/\/www.csj-emballages.com\/es\/#organization"},"potentialAction":[{"@type":"SearchAction","target":{"@type":"EntryPoint","urlTemplate":"https:\/\/www.csj-emballages.com\/es\/?s={search_term_string}"},"query-input":{"@type":"PropertyValueSpecification","valueRequired":true,"valueName":"search_term_string"}}],"inLanguage":"es"},{"@type":"Organization","@id":"https:\/\/www.csj-emballages.com\/es\/#Organization\/","name":"CSJ Emballages","url":"https:\/\/www.csj-emballages.com\/es\/","logo":{"@type":"ImageObject","inLanguage":"es","@id":"https:\/\/www.csj-emballages.com\/es\/#\/schema\/logo\/image\/","url":"https:\/\/www.csj-emballages.com\/wp-content\/uploads\/2023\/10\/logo_csj.webp","contentUrl":"https:\/\/www.csj-emballages.com\/wp-content\/uploads\/2023\/10\/logo_csj.webp","width":250,"height":95,"caption":"CSJ Emballages"},"image":{"@id":"https:\/\/www.csj-emballages.com\/es\/#\/schema\/logo\/image\/"},"sameAs":["https:\/\/www.facebook.com\/csjemballages"],"address":{"@type":"PostalAddress","streetAddress":"ZI La Lechere","addressLocality":"Patornay","postalCode":"39130","addressCountry":"FR"},"contactPoint":[{"@type":"ContactPoint","contactType":"Service client","telephone":"0384254272","email":"contact@csj-emballages.com"}]}]}},"df_price":1.66,"df_sale_price":"","df_regular_price":1.66,"df_image_link":"https:\/\/www.csj-emballages.com\/wp-content\/uploads\/2024\/03\/001010490-1-300x200.webp","tiered_pricing_type":"fixed","tiered_pricing_fixed_rules":[],"tiered_pricing_percentage_rules":[],"tiered_pricing_minimum":1,"tiered_pricing_roles_data":[],"_links":{"self":[{"href":"https:\/\/www.csj-emballages.com\/es\/wp-json\/wp\/v2\/product\/17052","targetHints":{"allow":["GET"]}}],"collection":[{"href":"https:\/\/www.csj-emballages.com\/es\/wp-json\/wp\/v2\/product"}],"about":[{"href":"https:\/\/www.csj-emballages.com\/es\/wp-json\/wp\/v2\/types\/product"}],"wp:featuredmedia":[{"embeddable":true,"href":"https:\/\/www.csj-emballages.com\/es\/wp-json\/wp\/v2\/media\/32648"}],"wp:attachment":[{"href":"https:\/\/www.csj-emballages.com\/es\/wp-json\/wp\/v2\/media?parent=17052"}],"wp:term":[{"taxonomy":"product_brand","embeddable":true,"href":"https:\/\/www.csj-emballages.com\/es\/wp-json\/wp\/v2\/product_brand?post=17052"},{"taxonomy":"product_cat","embeddable":true,"href":"https:\/\/www.csj-emballages.com\/es\/wp-json\/wp\/v2\/product_cat?post=17052"},{"taxonomy":"product_tag","embeddable":true,"href":"https:\/\/www.csj-emballages.com\/es\/wp-json\/wp\/v2\/product_tag?post=17052"}],"curies":[{"name":"wp","href":"https:\/\/api.w.org\/{rel}","templated":true}]}}