{"id":17031,"date":"2024-03-01T17:00:20","date_gmt":"2024-03-01T16:00:20","guid":{"rendered":"https:\/\/u15jnbdpoq.preview.infomaniak.website\/produit\/detergente-lavavajillas-manual-5-litros\/"},"modified":"2026-04-24T02:10:17","modified_gmt":"2026-04-24T00:10:17","slug":"detergente-lavavajillas-manual-5-litros","status":"publish","type":"product","link":"https:\/\/www.csj-emballages.com\/es\/produit\/detergente-lavavajillas-manual-5-litros\/","title":{"rendered":"Detergente lavavajillas manual 5 litros"},"content":{"rendered":"<div style=\"color: #000000;\">\n<div style=\"color: #000000;\">\n<div style=\"color: #000000;\">\n<div style=\"color: #000000;\">\n<div style=\"color: #000000;\">\n<div style=\"color: #000000;\">\n<h2 class=\"p1 ai-optimize-33\">Detergente lavavajillas<\/h2>\n<hr>\n<h3 class=\"ai-optimize-27\">Descripci\u00f3n de nuestro potente detergente lavavajillas manual de 5 litros<\/h3>\n<p><!--more--><\/p>\n<p class=\"ai-optimize-34 ai-optimize-introduction\" data-start=\"243\" data-end=\"840\">Destinado a los profesionales de la restauraci\u00f3n y la hosteler\u00eda, o incluso a los particulares m\u00e1s exigentes, este <strong data-start=\"354\" data-end=\"391\">potente producto lavavajillas<\/strong> <strong>de 5 litros<\/strong> es indispensable para conseguir una vajilla limpia y sin esfuerzo.<br data-start=\"490\" data-end=\"493\">Este <strong data-start=\"508\" data-end=\"539\">detergente l\u00edquido concentrado<\/strong> ha sido especialmente formulado para el <strong data-start=\"570\" data-end=\"587\">lavado manual de<\/strong> todo tipo de utensilios: ollas, sartenes, cubiertos, platos, vasos, vajilla de acero inoxidable, etc. Gracias a su eficaz f\u00f3rmula, se eliminan r\u00e1pidamente incluso las manchas m\u00e1s dif\u00edciles como las grasas cocidas, las salsas o los dep\u00f3sitos de cocci\u00f3n. Gracias a su eficaz f\u00f3rmula, incluso las manchas m\u00e1s dif\u00edciles como las de grasas cocidas, salsas o dep\u00f3sitos de cocci\u00f3n se eliminan r\u00e1pidamente. <\/p>\n<p class=\"ai-optimize-35\" data-start=\"842\" data-end=\"1280\">\u00bfQu\u00e9 es lo que realmente marca la diferencia? Sus <strong data-start=\"883\" data-end=\"906\">propiedades desengrasantes<\/strong>, que protegen sus manos a pesar de un uso intensivo, y su <strong data-start=\"970\" data-end=\"989\">agradable fragancia<\/strong>, que le deja una sensaci\u00f3n de limpieza y frescor despu\u00e9s de cada uso.<br data-start=\"1067\" data-end=\"1070\">Para su uso en el <strong>lavavajillas<\/strong>, en cocinas profesionales o en un entorno dom\u00e9stico, este producto se adapta perfectamente a un uso frecuente, sin comprometer la eficacia ni la facilidad de uso. <\/p>\n<p class=\"ai-optimize-36\" data-start=\"1282\" data-end=\"1458\">Pr\u00e1ctico y econ\u00f3mico, su formato <strong>de 5 litros<\/strong> le permite durar m\u00e1s y necesitar menos recambios. Es el aliado perfecto para cocinas exigentes en las que el rendimiento va de la mano del cuidado y la higiene. <\/p>\n<p><!--more--><\/p>\n<h4 class=\"ai-optimize-33\">Sus ventajas:<\/h4>\n<ul>\n<li class=\"ai-optimize-34\">Potente contra la grasa incrustada y la suciedad persistente.<\/li>\n<li class=\"ai-optimize-35\">Suave con las manos gracias a su efecto reengrasante.<\/li>\n<li class=\"ai-optimize-37\">Agradable fragancia para una sensaci\u00f3n de frescor.<\/li>\n<li class=\"ai-optimize-38\">Formato econ\u00f3mico de 5 litros, ideal para uso frecuente.<\/li>\n<\/ul>\n<p>&nbsp;<\/p>\n<p><!--more--><\/p>\n<h4 class=\"ai-optimize-40\">Informaci\u00f3n adicional :<\/h4>\n<\/div>\n<ul>\n<li class=\"ai-optimize-41\"><strong>Embalaje<\/strong>: Por unidad<\/li>\n<li class=\"ai-optimize-45\"><strong>Uso<\/strong>: Lavavajillas<\/li>\n<li class=\"ai-optimize-44\"><strong>Volumen<\/strong>: 5 litros<\/li>\n<\/ul>\n<p>&nbsp;<\/p>\n<\/div>\n<\/div>\n<\/div>\n<\/div>\n<\/div>\n<p><!--more--><\/p>\n<p class=\"ai-optimize-42\">Encuentre tambi\u00e9n nuestro detergente lavavajillas 1,5 L :<a href=\"https:\/\/www.csj-emballages.com\/es\/produit\/detergente-lavavajillas-15-l\/\"><span style=\"color: #d12727;\"> 03101<\/span><\/a><\/p>\n<p>&nbsp;<\/p>\n<p><!--more--><\/p>\n<p class=\"ai-optimize-43\"><a href=\"\/?product_cat=vaiselle-manuelle\">Ver el resto de nuestra gama de productos lavavajillas a mano<\/a><\/p>\n","protected":false},"excerpt":{"rendered":"<p>Detergente lavavajillas Descripci\u00f3n de nuestro potente detergente lavavajillas manual de 5 litros<\/p>\n","protected":false},"featured_media":235517,"template":"","meta":{"_acf_changed":false},"product_brand":[],"product_cat":[1226,1227,1228,1229],"product_tag":[],"class_list":{"0":"post-17031","1":"product","2":"type-product","3":"status-publish","4":"has-post-thumbnail","6":"product_cat-higiene-y-mantenimiento","7":"product_cat-productos-de-limpieza","8":"product_cat-cuidado-de-los-platos","9":"product_cat-marcha-manual","10":"product_shipping_class-no-permitido-en-reles","12":"first","13":"instock","14":"taxable","15":"shipping-taxable","16":"purchasable","17":"product-type-simple"},"acf":[],"yoast_head":"<!-- This site is optimized with the Yoast SEO Premium plugin v26.6 (Yoast SEO v26.6) - https:\/\/yoast.com\/wordpress\/plugins\/seo\/ -->\n<title>L\u00edquido Lavavajillas Manual Power Sink de 5 litros<\/title>\n<meta name=\"description\" content=\"Potente detergente lavavajillas de 5L para un lavado manual eficaz de toda su vajilla. Agradable fragancia, suave con las manos, ideal para cocinas profesionales.\" \/>\n<meta name=\"robots\" content=\"index, follow, max-snippet:-1, max-image-preview:large, max-video-preview:-1\" \/>\n<link rel=\"canonical\" href=\"https:\/\/www.csj-emballages.com\/es\/produit\/detergente-lavavajillas-manual-5-litros\/\" \/>\n<meta property=\"og:locale\" content=\"es_ES\" \/>\n<meta property=\"og:type\" content=\"article\" \/>\n<meta property=\"og:title\" content=\"Detergente lavavajillas manual 5 litros\" \/>\n<meta property=\"og:description\" content=\"Potente detergente lavavajillas de 5L para un lavado manual eficaz de toda su vajilla. Agradable fragancia, suave con las manos, ideal para cocinas profesionales.\" \/>\n<meta property=\"og:url\" content=\"https:\/\/www.csj-emballages.com\/es\/produit\/detergente-lavavajillas-manual-5-litros\/\" \/>\n<meta property=\"og:site_name\" content=\"CSJ Emballages\" \/>\n<meta property=\"article:publisher\" content=\"https:\/\/www.facebook.com\/csjemballages\" \/>\n<meta property=\"article:modified_time\" content=\"2026-04-24T00:10:17+00:00\" \/>\n<meta property=\"og:image\" content=\"https:\/\/www.csj-emballages.com\/wp-content\/uploads\/2024\/03\/00585.webp\" \/>\n\t<meta property=\"og:image:width\" content=\"800\" \/>\n\t<meta property=\"og:image:height\" content=\"801\" \/>\n\t<meta property=\"og:image:type\" content=\"image\/webp\" \/>\n<meta name=\"twitter:card\" content=\"summary_large_image\" \/>\n<meta name=\"twitter:label1\" content=\"Tiempo de lectura\" \/>\n\t<meta name=\"twitter:data1\" content=\"2 minutos\" \/>\n<script type=\"application\/ld+json\" class=\"yoast-schema-graph\">{\"@context\":\"https:\/\/schema.org\",\"@graph\":[{\"@type\":\"WebPage\",\"@id\":\"https:\/\/www.csj-emballages.com\/es\/produit\/detergente-lavavajillas-manual-5-litros\/\",\"url\":\"https:\/\/www.csj-emballages.com\/es\/produit\/detergente-lavavajillas-manual-5-litros\/\",\"name\":\"L\u00edquido Lavavajillas Manual Power Sink de 5 litros\",\"isPartOf\":{\"@id\":\"https:\/\/www.csj-emballages.com\/es\/#website\"},\"primaryImageOfPage\":{\"@id\":\"https:\/\/www.csj-emballages.com\/es\/produit\/detergente-lavavajillas-manual-5-litros\/#primaryimage\"},\"image\":{\"@id\":\"https:\/\/www.csj-emballages.com\/es\/produit\/detergente-lavavajillas-manual-5-litros\/#primaryimage\"},\"thumbnailUrl\":\"https:\/\/www.csj-emballages.com\/wp-content\/uploads\/2024\/03\/00585.webp\",\"datePublished\":\"2024-03-01T16:00:20+00:00\",\"dateModified\":\"2026-04-24T00:10:17+00:00\",\"description\":\"Potente detergente lavavajillas de 5L para un lavado manual eficaz de toda su vajilla. Agradable fragancia, suave con las manos, ideal para cocinas profesionales.\",\"breadcrumb\":{\"@id\":\"https:\/\/www.csj-emballages.com\/es\/produit\/detergente-lavavajillas-manual-5-litros\/#breadcrumb\"},\"inLanguage\":\"es\",\"potentialAction\":[{\"@type\":\"ReadAction\",\"target\":[\"https:\/\/www.csj-emballages.com\/es\/produit\/detergente-lavavajillas-manual-5-litros\/\"]}]},{\"@type\":\"ImageObject\",\"inLanguage\":\"es\",\"@id\":\"https:\/\/www.csj-emballages.com\/es\/produit\/detergente-lavavajillas-manual-5-litros\/#primaryimage\",\"url\":\"https:\/\/www.csj-emballages.com\/wp-content\/uploads\/2024\/03\/00585.webp\",\"contentUrl\":\"https:\/\/www.csj-emballages.com\/wp-content\/uploads\/2024\/03\/00585.webp\",\"width\":800,\"height\":801,\"caption\":\"Produit vaisselle\"},{\"@type\":\"BreadcrumbList\",\"@id\":\"https:\/\/www.csj-emballages.com\/es\/produit\/detergente-lavavajillas-manual-5-litros\/#breadcrumb\",\"itemListElement\":[{\"@type\":\"ListItem\",\"position\":1,\"name\":\"Accueil\",\"item\":\"https:\/\/www.csj-emballages.com\/es\/universo-del-envasado-alimentario\/\"},{\"@type\":\"ListItem\",\"position\":2,\"name\":\"Tienda\",\"item\":\"https:\/\/www.csj-emballages.com\/tienda\/\"},{\"@type\":\"ListItem\",\"position\":3,\"name\":\"Detergente lavavajillas manual 5 litros\"}]},{\"@type\":\"WebSite\",\"@id\":\"https:\/\/www.csj-emballages.com\/es\/#website\",\"url\":\"https:\/\/www.csj-emballages.com\/es\/\",\"name\":\"CSJ Emballages\",\"description\":\"\",\"publisher\":{\"@id\":\"https:\/\/www.csj-emballages.com\/es\/#organization\"},\"potentialAction\":[{\"@type\":\"SearchAction\",\"target\":{\"@type\":\"EntryPoint\",\"urlTemplate\":\"https:\/\/www.csj-emballages.com\/es\/?s={search_term_string}\"},\"query-input\":{\"@type\":\"PropertyValueSpecification\",\"valueRequired\":true,\"valueName\":\"search_term_string\"}}],\"inLanguage\":\"es\"},{\"@type\":\"Organization\",\"@id\":\"https:\/\/www.csj-emballages.com\/es\/#Organization\/\",\"name\":\"CSJ Emballages\",\"url\":\"https:\/\/www.csj-emballages.com\/es\/\",\"logo\":{\"@type\":\"ImageObject\",\"inLanguage\":\"es\",\"@id\":\"https:\/\/www.csj-emballages.com\/es\/#\/schema\/logo\/image\/\",\"url\":\"https:\/\/www.csj-emballages.com\/wp-content\/uploads\/2023\/10\/logo_csj.webp\",\"contentUrl\":\"https:\/\/www.csj-emballages.com\/wp-content\/uploads\/2023\/10\/logo_csj.webp\",\"width\":250,\"height\":95,\"caption\":\"CSJ Emballages\"},\"image\":{\"@id\":\"https:\/\/www.csj-emballages.com\/es\/#\/schema\/logo\/image\/\"},\"sameAs\":[\"https:\/\/www.facebook.com\/csjemballages\"],\"address\":{\"@type\":\"PostalAddress\",\"streetAddress\":\"ZI La Lechere\",\"addressLocality\":\"Patornay\",\"postalCode\":\"39130\",\"addressCountry\":\"FR\"},\"contactPoint\":[{\"@type\":\"ContactPoint\",\"contactType\":\"Service client\",\"telephone\":\"0384254272\",\"email\":\"contact@csj-emballages.com\"}]}]}<\/script>\n<!-- \/ Yoast SEO Premium plugin. -->","yoast_head_json":{"title":"L\u00edquido Lavavajillas Manual Power Sink de 5 litros","description":"Potente detergente lavavajillas de 5L para un lavado manual eficaz de toda su vajilla. Agradable fragancia, suave con las manos, ideal para cocinas profesionales.","robots":{"index":"index","follow":"follow","max-snippet":"max-snippet:-1","max-image-preview":"max-image-preview:large","max-video-preview":"max-video-preview:-1"},"canonical":"https:\/\/www.csj-emballages.com\/es\/produit\/detergente-lavavajillas-manual-5-litros\/","og_locale":"es_ES","og_type":"article","og_title":"Detergente lavavajillas manual 5 litros","og_description":"Potente detergente lavavajillas de 5L para un lavado manual eficaz de toda su vajilla. Agradable fragancia, suave con las manos, ideal para cocinas profesionales.","og_url":"https:\/\/www.csj-emballages.com\/es\/produit\/detergente-lavavajillas-manual-5-litros\/","og_site_name":"CSJ Emballages","article_publisher":"https:\/\/www.facebook.com\/csjemballages","article_modified_time":"2026-04-24T00:10:17+00:00","og_image":[{"width":800,"height":801,"url":"https:\/\/www.csj-emballages.com\/wp-content\/uploads\/2024\/03\/00585.webp","type":"image\/webp"}],"twitter_card":"summary_large_image","twitter_misc":{"Tiempo de lectura":"2 minutos"},"schema":{"@context":"https:\/\/schema.org","@graph":[{"@type":"WebPage","@id":"https:\/\/www.csj-emballages.com\/es\/produit\/detergente-lavavajillas-manual-5-litros\/","url":"https:\/\/www.csj-emballages.com\/es\/produit\/detergente-lavavajillas-manual-5-litros\/","name":"L\u00edquido Lavavajillas Manual Power Sink de 5 litros","isPartOf":{"@id":"https:\/\/www.csj-emballages.com\/es\/#website"},"primaryImageOfPage":{"@id":"https:\/\/www.csj-emballages.com\/es\/produit\/detergente-lavavajillas-manual-5-litros\/#primaryimage"},"image":{"@id":"https:\/\/www.csj-emballages.com\/es\/produit\/detergente-lavavajillas-manual-5-litros\/#primaryimage"},"thumbnailUrl":"https:\/\/www.csj-emballages.com\/wp-content\/uploads\/2024\/03\/00585.webp","datePublished":"2024-03-01T16:00:20+00:00","dateModified":"2026-04-24T00:10:17+00:00","description":"Potente detergente lavavajillas de 5L para un lavado manual eficaz de toda su vajilla. Agradable fragancia, suave con las manos, ideal para cocinas profesionales.","breadcrumb":{"@id":"https:\/\/www.csj-emballages.com\/es\/produit\/detergente-lavavajillas-manual-5-litros\/#breadcrumb"},"inLanguage":"es","potentialAction":[{"@type":"ReadAction","target":["https:\/\/www.csj-emballages.com\/es\/produit\/detergente-lavavajillas-manual-5-litros\/"]}]},{"@type":"ImageObject","inLanguage":"es","@id":"https:\/\/www.csj-emballages.com\/es\/produit\/detergente-lavavajillas-manual-5-litros\/#primaryimage","url":"https:\/\/www.csj-emballages.com\/wp-content\/uploads\/2024\/03\/00585.webp","contentUrl":"https:\/\/www.csj-emballages.com\/wp-content\/uploads\/2024\/03\/00585.webp","width":800,"height":801,"caption":"Produit vaisselle"},{"@type":"BreadcrumbList","@id":"https:\/\/www.csj-emballages.com\/es\/produit\/detergente-lavavajillas-manual-5-litros\/#breadcrumb","itemListElement":[{"@type":"ListItem","position":1,"name":"Accueil","item":"https:\/\/www.csj-emballages.com\/es\/universo-del-envasado-alimentario\/"},{"@type":"ListItem","position":2,"name":"Tienda","item":"https:\/\/www.csj-emballages.com\/tienda\/"},{"@type":"ListItem","position":3,"name":"Detergente lavavajillas manual 5 litros"}]},{"@type":"WebSite","@id":"https:\/\/www.csj-emballages.com\/es\/#website","url":"https:\/\/www.csj-emballages.com\/es\/","name":"CSJ Emballages","description":"","publisher":{"@id":"https:\/\/www.csj-emballages.com\/es\/#organization"},"potentialAction":[{"@type":"SearchAction","target":{"@type":"EntryPoint","urlTemplate":"https:\/\/www.csj-emballages.com\/es\/?s={search_term_string}"},"query-input":{"@type":"PropertyValueSpecification","valueRequired":true,"valueName":"search_term_string"}}],"inLanguage":"es"},{"@type":"Organization","@id":"https:\/\/www.csj-emballages.com\/es\/#Organization\/","name":"CSJ Emballages","url":"https:\/\/www.csj-emballages.com\/es\/","logo":{"@type":"ImageObject","inLanguage":"es","@id":"https:\/\/www.csj-emballages.com\/es\/#\/schema\/logo\/image\/","url":"https:\/\/www.csj-emballages.com\/wp-content\/uploads\/2023\/10\/logo_csj.webp","contentUrl":"https:\/\/www.csj-emballages.com\/wp-content\/uploads\/2023\/10\/logo_csj.webp","width":250,"height":95,"caption":"CSJ Emballages"},"image":{"@id":"https:\/\/www.csj-emballages.com\/es\/#\/schema\/logo\/image\/"},"sameAs":["https:\/\/www.facebook.com\/csjemballages"],"address":{"@type":"PostalAddress","streetAddress":"ZI La Lechere","addressLocality":"Patornay","postalCode":"39130","addressCountry":"FR"},"contactPoint":[{"@type":"ContactPoint","contactType":"Service client","telephone":"0384254272","email":"contact@csj-emballages.com"}]}]}},"df_price":9.19,"df_sale_price":"","df_regular_price":9.19,"df_image_link":"https:\/\/www.csj-emballages.com\/wp-content\/uploads\/2024\/03\/00585-300x300.webp","tiered_pricing_type":"fixed","tiered_pricing_fixed_rules":[],"tiered_pricing_percentage_rules":[],"tiered_pricing_minimum":1,"tiered_pricing_roles_data":[],"_links":{"self":[{"href":"https:\/\/www.csj-emballages.com\/es\/wp-json\/wp\/v2\/product\/17031","targetHints":{"allow":["GET"]}}],"collection":[{"href":"https:\/\/www.csj-emballages.com\/es\/wp-json\/wp\/v2\/product"}],"about":[{"href":"https:\/\/www.csj-emballages.com\/es\/wp-json\/wp\/v2\/types\/product"}],"wp:featuredmedia":[{"embeddable":true,"href":"https:\/\/www.csj-emballages.com\/es\/wp-json\/wp\/v2\/media\/235517"}],"wp:attachment":[{"href":"https:\/\/www.csj-emballages.com\/es\/wp-json\/wp\/v2\/media?parent=17031"}],"wp:term":[{"taxonomy":"product_brand","embeddable":true,"href":"https:\/\/www.csj-emballages.com\/es\/wp-json\/wp\/v2\/product_brand?post=17031"},{"taxonomy":"product_cat","embeddable":true,"href":"https:\/\/www.csj-emballages.com\/es\/wp-json\/wp\/v2\/product_cat?post=17031"},{"taxonomy":"product_tag","embeddable":true,"href":"https:\/\/www.csj-emballages.com\/es\/wp-json\/wp\/v2\/product_tag?post=17031"}],"curies":[{"name":"wp","href":"https:\/\/api.w.org\/{rel}","templated":true}]}}