{"id":17009,"date":"2024-04-18T16:15:53","date_gmt":"2024-04-18T14:15:53","guid":{"rendered":"https:\/\/u15jnbdpoq.preview.infomaniak.website\/?post_type=product&#038;p=17009"},"modified":"2026-03-27T02:17:51","modified_gmt":"2026-03-27T01:17:51","slug":"ventosa-de-goma-gris-15-cm","status":"publish","type":"product","link":"https:\/\/www.csj-emballages.com\/es\/produit\/ventosa-de-goma-gris-15-cm\/","title":{"rendered":"Ventosa de goma gris 15 cm"},"content":{"rendered":"<h2>Ventosa<\/h2>\n<hr>\n<h3>Descripci\u00f3n de nuestra ventosa de goma gris 15 cm<\/h3>\n<p><!--more--><\/p>\n<p data-start=\"288\" data-end=\"788\">Indispensable tanto en entornos profesionales como dom\u00e9sticos, esta ventosa <strong>de goma gris de 15 cm<\/strong> de di\u00e1metro es la herramienta que necesita para desatascar fregaderos, duchas y ba\u00f1eras con eficacia. Fabricada con un cabezal de goma resistente y flexible, proporciona <strong data-start=\"589\" data-end=\"613\">un excelente agarre<\/strong> en todas las superficies lisas. Su <strong data-start=\"650\" data-end=\"677\">mango de polipropileno<\/strong> s\u00f3lido y ergon\u00f3mico proporciona un agarre c\u00f3modo y una presi\u00f3n precisa, sin riesgo de deslizamiento.  <\/p>\n<p data-start=\"790\" data-end=\"1176\">Dise\u00f1ada para durar, esta <strong>ventosa<\/strong> es especialmente apreciada en los sectores de la restauraci\u00f3n, los servicios p\u00fablicos, la limpieza y la higiene, pero tambi\u00e9n se adapta perfectamente a un uso dom\u00e9stico ocasional. Tanto si es un profesional de la limpieza como un particular que busca una herramienta fiable, esta <strong>ventosa<\/strong> combina <strong data-start=\"1137\" data-end=\"1175\">sencillez, eficacia y robustez<\/strong>. <\/p>\n<p data-start=\"1178\" data-end=\"1394\">Su <strong>di\u00e1metro<\/strong> compacto <strong>de 15 cm<\/strong> facilita su uso incluso en espacios reducidos, al tiempo que genera suficiente potencia de succi\u00f3n para <strong data-start=\"1337\" data-end=\"1393\">eliminar los atascos m\u00e1s dif\u00edciles sin utilizar productos qu\u00edmicos<\/strong>.<\/p>\n<p data-start=\"1396\" data-end=\"1469\">Es una herramienta peque\u00f1a, pero ahorra mucho tiempo y mejora la eficacia en el d\u00eda a d\u00eda.<\/p>\n<p><!--more--><\/p>\n<h4><strong>Ventajas:<\/strong><\/h4>\n<ul>\n<li>15 cm de di\u00e1metro, ideal para fregaderos, lavabos y ba\u00f1eras.<\/li>\n<li>Goma blanda de calidad para un buen agarre.<\/li>\n<li>C\u00f3modo y f\u00e1cil de manejar.<\/li>\n<li>Adecuado tanto para uso profesional como privado.<\/li>\n<\/ul>\n<p>&nbsp;<\/p>\n<p><!--more--><\/p>\n<h4>Informaci\u00f3n adicional :<\/h4>\n<ul>\n<li><strong>Embalaje<\/strong>: Por unidad<\/li>\n<li><strong>Di\u00e1metro<\/strong>: 15 cm<\/li>\n<li><strong>Altura<\/strong>: 48 cm<\/li>\n<li><b>Material <\/b>: Polipropileno \/ Caucho<\/li>\n<li><strong>Color<\/strong>: Gris<\/li>\n<\/ul>\n<p>&nbsp;<\/p>\n<p><!--more--><\/p>\n<p><a href=\"https:\/\/www.csj-emballages.com\/es\/categorie-produit\/higiene-y-mantenimiento\/accesorios\/\">Ver el resto de nuestra gama de accesorios de higiene<\/a><\/p>\n","protected":false},"excerpt":{"rendered":"<p>Ventosa Descripci\u00f3n de nuestra ventosa de goma gris 15 cm<\/p>\n","protected":false},"featured_media":238654,"template":"","meta":{"_acf_changed":false},"product_brand":[],"product_cat":[1226,1716],"product_tag":[],"class_list":{"0":"post-17009","1":"product","2":"type-product","3":"status-publish","4":"has-post-thumbnail","6":"product_cat-higiene-y-mantenimiento","7":"product_cat-accesorios","9":"first","10":"instock","11":"taxable","12":"shipping-taxable","13":"purchasable","14":"product-type-simple"},"acf":[],"yoast_head":"<!-- This site is optimized with the Yoast SEO Premium plugin v26.6 (Yoast SEO v26.6) - https:\/\/yoast.com\/wordpress\/plugins\/seo\/ -->\n<title>Ventosa de goma gris 15 cm<\/title>\n<meta name=\"description\" content=\"Desatascador de goma gris \u00d8 15 cm con mango de polipropileno. Ideal para desatascar fregaderos, lavabos o duchas sin utilizar productos qu\u00edmicos.\" \/>\n<meta name=\"robots\" content=\"index, follow, max-snippet:-1, max-image-preview:large, max-video-preview:-1\" \/>\n<link rel=\"canonical\" href=\"https:\/\/www.csj-emballages.com\/es\/produit\/ventosa-de-goma-gris-15-cm\/\" \/>\n<meta property=\"og:locale\" content=\"es_ES\" \/>\n<meta property=\"og:type\" content=\"article\" \/>\n<meta property=\"og:title\" content=\"Ventosa de goma gris 15 cm\" \/>\n<meta property=\"og:description\" content=\"Desatascador de goma gris \u00d8 15 cm con mango de polipropileno. Ideal para desatascar fregaderos, lavabos o duchas sin utilizar productos qu\u00edmicos.\" \/>\n<meta property=\"og:url\" content=\"https:\/\/www.csj-emballages.com\/es\/produit\/ventosa-de-goma-gris-15-cm\/\" \/>\n<meta property=\"og:site_name\" content=\"CSJ Emballages\" \/>\n<meta property=\"article:publisher\" content=\"https:\/\/www.facebook.com\/csjemballages\" \/>\n<meta property=\"article:modified_time\" content=\"2026-03-27T01:17:51+00:00\" \/>\n<meta property=\"og:image\" content=\"https:\/\/www.csj-emballages.com\/wp-content\/uploads\/2024\/04\/VENT130.webp\" \/>\n\t<meta property=\"og:image:width\" content=\"800\" \/>\n\t<meta property=\"og:image:height\" content=\"800\" \/>\n\t<meta property=\"og:image:type\" content=\"image\/webp\" \/>\n<meta name=\"twitter:card\" content=\"summary_large_image\" \/>\n<meta name=\"twitter:label1\" content=\"Tiempo de lectura\" \/>\n\t<meta name=\"twitter:data1\" content=\"1 minuto\" \/>\n<script type=\"application\/ld+json\" class=\"yoast-schema-graph\">{\"@context\":\"https:\/\/schema.org\",\"@graph\":[{\"@type\":\"WebPage\",\"@id\":\"https:\/\/www.csj-emballages.com\/es\/produit\/ventosa-de-goma-gris-15-cm\/\",\"url\":\"https:\/\/www.csj-emballages.com\/es\/produit\/ventosa-de-goma-gris-15-cm\/\",\"name\":\"Ventosa de goma gris 15 cm\",\"isPartOf\":{\"@id\":\"https:\/\/www.csj-emballages.com\/es\/#website\"},\"primaryImageOfPage\":{\"@id\":\"https:\/\/www.csj-emballages.com\/es\/produit\/ventosa-de-goma-gris-15-cm\/#primaryimage\"},\"image\":{\"@id\":\"https:\/\/www.csj-emballages.com\/es\/produit\/ventosa-de-goma-gris-15-cm\/#primaryimage\"},\"thumbnailUrl\":\"https:\/\/www.csj-emballages.com\/wp-content\/uploads\/2024\/04\/VENT130.webp\",\"datePublished\":\"2024-04-18T14:15:53+00:00\",\"dateModified\":\"2026-03-27T01:17:51+00:00\",\"description\":\"Desatascador de goma gris \u00d8 15 cm con mango de polipropileno. Ideal para desatascar fregaderos, lavabos o duchas sin utilizar productos qu\u00edmicos.\",\"breadcrumb\":{\"@id\":\"https:\/\/www.csj-emballages.com\/es\/produit\/ventosa-de-goma-gris-15-cm\/#breadcrumb\"},\"inLanguage\":\"es\",\"potentialAction\":[{\"@type\":\"ReadAction\",\"target\":[\"https:\/\/www.csj-emballages.com\/es\/produit\/ventosa-de-goma-gris-15-cm\/\"]}]},{\"@type\":\"ImageObject\",\"inLanguage\":\"es\",\"@id\":\"https:\/\/www.csj-emballages.com\/es\/produit\/ventosa-de-goma-gris-15-cm\/#primaryimage\",\"url\":\"https:\/\/www.csj-emballages.com\/wp-content\/uploads\/2024\/04\/VENT130.webp\",\"contentUrl\":\"https:\/\/www.csj-emballages.com\/wp-content\/uploads\/2024\/04\/VENT130.webp\",\"width\":800,\"height\":800,\"caption\":\"Ventouse\"},{\"@type\":\"BreadcrumbList\",\"@id\":\"https:\/\/www.csj-emballages.com\/es\/produit\/ventosa-de-goma-gris-15-cm\/#breadcrumb\",\"itemListElement\":[{\"@type\":\"ListItem\",\"position\":1,\"name\":\"Accueil\",\"item\":\"https:\/\/www.csj-emballages.com\/es\/universo-del-envasado-alimentario\/\"},{\"@type\":\"ListItem\",\"position\":2,\"name\":\"Tienda\",\"item\":\"https:\/\/www.csj-emballages.com\/tienda\/\"},{\"@type\":\"ListItem\",\"position\":3,\"name\":\"Ventosa de goma gris 15 cm\"}]},{\"@type\":\"WebSite\",\"@id\":\"https:\/\/www.csj-emballages.com\/es\/#website\",\"url\":\"https:\/\/www.csj-emballages.com\/es\/\",\"name\":\"CSJ Emballages\",\"description\":\"\",\"publisher\":{\"@id\":\"https:\/\/www.csj-emballages.com\/es\/#organization\"},\"potentialAction\":[{\"@type\":\"SearchAction\",\"target\":{\"@type\":\"EntryPoint\",\"urlTemplate\":\"https:\/\/www.csj-emballages.com\/es\/?s={search_term_string}\"},\"query-input\":{\"@type\":\"PropertyValueSpecification\",\"valueRequired\":true,\"valueName\":\"search_term_string\"}}],\"inLanguage\":\"es\"},{\"@type\":\"Organization\",\"@id\":\"https:\/\/www.csj-emballages.com\/es\/#Organization\/\",\"name\":\"CSJ Emballages\",\"url\":\"https:\/\/www.csj-emballages.com\/es\/\",\"logo\":{\"@type\":\"ImageObject\",\"inLanguage\":\"es\",\"@id\":\"https:\/\/www.csj-emballages.com\/es\/#\/schema\/logo\/image\/\",\"url\":\"https:\/\/www.csj-emballages.com\/wp-content\/uploads\/2023\/10\/logo_csj.webp\",\"contentUrl\":\"https:\/\/www.csj-emballages.com\/wp-content\/uploads\/2023\/10\/logo_csj.webp\",\"width\":250,\"height\":95,\"caption\":\"CSJ Emballages\"},\"image\":{\"@id\":\"https:\/\/www.csj-emballages.com\/es\/#\/schema\/logo\/image\/\"},\"sameAs\":[\"https:\/\/www.facebook.com\/csjemballages\"],\"address\":{\"@type\":\"PostalAddress\",\"streetAddress\":\"ZI La Lechere\",\"addressLocality\":\"Patornay\",\"postalCode\":\"39130\",\"addressCountry\":\"FR\"},\"contactPoint\":[{\"@type\":\"ContactPoint\",\"contactType\":\"Service client\",\"telephone\":\"0384254272\",\"email\":\"contact@csj-emballages.com\"}]}]}<\/script>\n<!-- \/ Yoast SEO Premium plugin. -->","yoast_head_json":{"title":"Ventosa de goma gris 15 cm","description":"Desatascador de goma gris \u00d8 15 cm con mango de polipropileno. Ideal para desatascar fregaderos, lavabos o duchas sin utilizar productos qu\u00edmicos.","robots":{"index":"index","follow":"follow","max-snippet":"max-snippet:-1","max-image-preview":"max-image-preview:large","max-video-preview":"max-video-preview:-1"},"canonical":"https:\/\/www.csj-emballages.com\/es\/produit\/ventosa-de-goma-gris-15-cm\/","og_locale":"es_ES","og_type":"article","og_title":"Ventosa de goma gris 15 cm","og_description":"Desatascador de goma gris \u00d8 15 cm con mango de polipropileno. Ideal para desatascar fregaderos, lavabos o duchas sin utilizar productos qu\u00edmicos.","og_url":"https:\/\/www.csj-emballages.com\/es\/produit\/ventosa-de-goma-gris-15-cm\/","og_site_name":"CSJ Emballages","article_publisher":"https:\/\/www.facebook.com\/csjemballages","article_modified_time":"2026-03-27T01:17:51+00:00","og_image":[{"width":800,"height":800,"url":"https:\/\/www.csj-emballages.com\/wp-content\/uploads\/2024\/04\/VENT130.webp","type":"image\/webp"}],"twitter_card":"summary_large_image","twitter_misc":{"Tiempo de lectura":"1 minuto"},"schema":{"@context":"https:\/\/schema.org","@graph":[{"@type":"WebPage","@id":"https:\/\/www.csj-emballages.com\/es\/produit\/ventosa-de-goma-gris-15-cm\/","url":"https:\/\/www.csj-emballages.com\/es\/produit\/ventosa-de-goma-gris-15-cm\/","name":"Ventosa de goma gris 15 cm","isPartOf":{"@id":"https:\/\/www.csj-emballages.com\/es\/#website"},"primaryImageOfPage":{"@id":"https:\/\/www.csj-emballages.com\/es\/produit\/ventosa-de-goma-gris-15-cm\/#primaryimage"},"image":{"@id":"https:\/\/www.csj-emballages.com\/es\/produit\/ventosa-de-goma-gris-15-cm\/#primaryimage"},"thumbnailUrl":"https:\/\/www.csj-emballages.com\/wp-content\/uploads\/2024\/04\/VENT130.webp","datePublished":"2024-04-18T14:15:53+00:00","dateModified":"2026-03-27T01:17:51+00:00","description":"Desatascador de goma gris \u00d8 15 cm con mango de polipropileno. Ideal para desatascar fregaderos, lavabos o duchas sin utilizar productos qu\u00edmicos.","breadcrumb":{"@id":"https:\/\/www.csj-emballages.com\/es\/produit\/ventosa-de-goma-gris-15-cm\/#breadcrumb"},"inLanguage":"es","potentialAction":[{"@type":"ReadAction","target":["https:\/\/www.csj-emballages.com\/es\/produit\/ventosa-de-goma-gris-15-cm\/"]}]},{"@type":"ImageObject","inLanguage":"es","@id":"https:\/\/www.csj-emballages.com\/es\/produit\/ventosa-de-goma-gris-15-cm\/#primaryimage","url":"https:\/\/www.csj-emballages.com\/wp-content\/uploads\/2024\/04\/VENT130.webp","contentUrl":"https:\/\/www.csj-emballages.com\/wp-content\/uploads\/2024\/04\/VENT130.webp","width":800,"height":800,"caption":"Ventouse"},{"@type":"BreadcrumbList","@id":"https:\/\/www.csj-emballages.com\/es\/produit\/ventosa-de-goma-gris-15-cm\/#breadcrumb","itemListElement":[{"@type":"ListItem","position":1,"name":"Accueil","item":"https:\/\/www.csj-emballages.com\/es\/universo-del-envasado-alimentario\/"},{"@type":"ListItem","position":2,"name":"Tienda","item":"https:\/\/www.csj-emballages.com\/tienda\/"},{"@type":"ListItem","position":3,"name":"Ventosa de goma gris 15 cm"}]},{"@type":"WebSite","@id":"https:\/\/www.csj-emballages.com\/es\/#website","url":"https:\/\/www.csj-emballages.com\/es\/","name":"CSJ Emballages","description":"","publisher":{"@id":"https:\/\/www.csj-emballages.com\/es\/#organization"},"potentialAction":[{"@type":"SearchAction","target":{"@type":"EntryPoint","urlTemplate":"https:\/\/www.csj-emballages.com\/es\/?s={search_term_string}"},"query-input":{"@type":"PropertyValueSpecification","valueRequired":true,"valueName":"search_term_string"}}],"inLanguage":"es"},{"@type":"Organization","@id":"https:\/\/www.csj-emballages.com\/es\/#Organization\/","name":"CSJ Emballages","url":"https:\/\/www.csj-emballages.com\/es\/","logo":{"@type":"ImageObject","inLanguage":"es","@id":"https:\/\/www.csj-emballages.com\/es\/#\/schema\/logo\/image\/","url":"https:\/\/www.csj-emballages.com\/wp-content\/uploads\/2023\/10\/logo_csj.webp","contentUrl":"https:\/\/www.csj-emballages.com\/wp-content\/uploads\/2023\/10\/logo_csj.webp","width":250,"height":95,"caption":"CSJ Emballages"},"image":{"@id":"https:\/\/www.csj-emballages.com\/es\/#\/schema\/logo\/image\/"},"sameAs":["https:\/\/www.facebook.com\/csjemballages"],"address":{"@type":"PostalAddress","streetAddress":"ZI La Lechere","addressLocality":"Patornay","postalCode":"39130","addressCountry":"FR"},"contactPoint":[{"@type":"ContactPoint","contactType":"Service client","telephone":"0384254272","email":"contact@csj-emballages.com"}]}]}},"df_price":4.5,"df_sale_price":"","df_regular_price":4.5,"df_image_link":"https:\/\/www.csj-emballages.com\/wp-content\/uploads\/2024\/04\/VENT130-300x300.webp","tiered_pricing_type":"fixed","tiered_pricing_fixed_rules":[],"tiered_pricing_percentage_rules":[],"tiered_pricing_minimum":1,"tiered_pricing_roles_data":[],"_links":{"self":[{"href":"https:\/\/www.csj-emballages.com\/es\/wp-json\/wp\/v2\/product\/17009","targetHints":{"allow":["GET"]}}],"collection":[{"href":"https:\/\/www.csj-emballages.com\/es\/wp-json\/wp\/v2\/product"}],"about":[{"href":"https:\/\/www.csj-emballages.com\/es\/wp-json\/wp\/v2\/types\/product"}],"wp:featuredmedia":[{"embeddable":true,"href":"https:\/\/www.csj-emballages.com\/es\/wp-json\/wp\/v2\/media\/238654"}],"wp:attachment":[{"href":"https:\/\/www.csj-emballages.com\/es\/wp-json\/wp\/v2\/media?parent=17009"}],"wp:term":[{"taxonomy":"product_brand","embeddable":true,"href":"https:\/\/www.csj-emballages.com\/es\/wp-json\/wp\/v2\/product_brand?post=17009"},{"taxonomy":"product_cat","embeddable":true,"href":"https:\/\/www.csj-emballages.com\/es\/wp-json\/wp\/v2\/product_cat?post=17009"},{"taxonomy":"product_tag","embeddable":true,"href":"https:\/\/www.csj-emballages.com\/es\/wp-json\/wp\/v2\/product_tag?post=17009"}],"curies":[{"name":"wp","href":"https:\/\/api.w.org\/{rel}","templated":true}]}}