{"id":16963,"date":"2024-05-16T08:54:47","date_gmt":"2024-05-16T06:54:47","guid":{"rendered":"https:\/\/u15jnbdpoq.preview.infomaniak.website\/produit\/4-4-de-lata-de-12-rodajas-de-pina-entera\/"},"modified":"2026-03-21T02:10:15","modified_gmt":"2026-03-21T01:10:15","slug":"4-4-de-lata-de-12-rodajas-de-pina-entera","status":"publish","type":"product","link":"https:\/\/www.csj-emballages.com\/es\/produit\/4-4-de-lata-de-12-rodajas-de-pina-entera\/","title":{"rendered":"Pi\u00f1a en rodajas enteras conservada en lata 4\/4"},"content":{"rendered":"<h2>Pi\u00f1a en rodajas<\/h2>\n<hr>\n<h3>Descubra nuestra pi\u00f1a en rodajas enteras conservada en lata 4\/4<\/h3>\n<p><!--more--><\/p>\n<p data-start=\"215\" data-end=\"553\">Cuando se necesita ahorrar tiempo sin renunciar al sabor, estas <strong data-start=\"279\" data-end=\"333\">rodajas de pi\u00f1a enteras conservadas en lata 4\/4<\/strong> marcan claramente la diferencia. Nada m\u00e1s abrirla, encontramos <strong>hermosas rodajas uniformes<\/strong>, de color vivo y textura agradable. Ya est\u00e1n listas, bien <strong>calibradas<\/strong> y, sobre todo, son f\u00e1ciles de usar a diario.  <\/p>\n<p data-start=\"555\" data-end=\"915\">Esta <strong>pi\u00f1a<\/strong> ha sido cuidadosamente seleccionada y luego cortada en rodajas enteras antes de ser <strong>conservada en un alm\u00edbar ligero<\/strong>. Resultado: la fruta conserva su dulzor natural, su textura fundente y su aroma ex\u00f3tico, sin resultar empalagosa. Es un verdadero ahorro de tiempo en la cocina, ya sea para un servicio r\u00e1pido, una preparaci\u00f3n en grandes cantidades o una presentaci\u00f3n cuidada.  <\/p>\n<p data-start=\"917\" data-end=\"1280\">Gracias al formato <strong data-start=\"933\" data-end=\"946\">lata 4\/4<\/strong>, dispone de una cantidad ideal para los profesionales de la restauraci\u00f3n, las colectividades o las cocinas centrales. Las <strong>rodajas<\/strong> se utilizan tanto en postres como en cocina salada. Acompa\u00f1an perfectamente un <strong>buffet, una ensalada de frutas, una pizza hawaiana, un plato agridulce<\/strong> o incluso una decoraci\u00f3n de plato.  <\/p>\n<p data-start=\"1282\" data-end=\"1506\">Otra ventaja nada despreciable: la uniformidad. Cada <strong>rodaja es homog\u00e9nea<\/strong>, lo que facilita el porcionado y garantiza una presentaci\u00f3n n\u00edtida y limpia. Sin p\u00e9rdidas, sin cortes adicionales, todo est\u00e1 listo para usar.  <\/p>\n<p data-start=\"1508\" data-end=\"1709\">En resumen, esta <strong>pi\u00f1a en rodajas enteras<\/strong> es una soluci\u00f3n pr\u00e1ctica, fiable y sabrosa para aquellos que quieren trabajar eficazmente a la vez que ofrecen un producto delicioso y visualmente atractivo.<\/p>\n<p data-start=\"1508\" data-end=\"1709\">\n<p><!--more--><\/p>\n<div style=\"font-family: Roboto, sans-serif;\">\n<div style=\"font-family: Roboto, sans-serif;\">\n<div style=\"font-family: Roboto, sans-serif;\">\n<div style=\"font-family: Roboto, sans-serif;\">\n<div style=\"font-family: Roboto, sans-serif;\">\n<div style=\"font-family: Roboto, sans-serif;\">\n<p style=\"text-align: left;\"><strong>Ventajas :<\/strong><\/p>\n<ul>\n<li data-start=\"1738\" data-end=\"1789\"><strong>Rodajas enteras uniformes<\/strong> y listas para usar.<\/li>\n<li data-start=\"1792\" data-end=\"1823\">Sabor dulce y textura agradable.<\/li>\n<li data-start=\"1826\" data-end=\"1870\"><strong>Formato 4\/4<\/strong> adaptado a un uso profesional.<\/li>\n<li data-start=\"1873\" data-end=\"1902\">Utilizaci\u00f3n dulce o salada.<\/li>\n<li data-start=\"1905\" data-end=\"1939\">Ahorro de tiempo y cero residuos.<\/li>\n<\/ul>\n<\/div>\n<div style=\"font-family: Roboto, sans-serif;\"><\/div>\n<\/div>\n<\/div>\n<\/div>\n<\/div>\n<\/div>\n<p><!--more--><\/p>\n<div style=\"font-family: Roboto, sans-serif;\">\n<div style=\"font-family: Roboto, sans-serif;\">\n<div style=\"font-family: Roboto, sans-serif;\">\n<h4>Informaci\u00f3n adicional :<\/h4>\n<ul>\n<li><strong>Embalaje<\/strong>: Caja 4\/4<\/li>\n<li><strong>Dimensiones<\/strong>: 100 x 117 (\u00d8 x h en mm)<\/li>\n<li><strong>Capacidad<\/strong>: 850 ml<\/li>\n<li><strong>Peso neto escurrido<\/strong>: 490 g<\/li>\n<li><strong>Tipo<\/strong>: Loncha entera en conserva<\/li>\n<\/ul>\n<\/div>\n<\/div>\n<\/div>\n<p>&nbsp;<\/p>\n<p><!--more--><\/p>\n<p>Haga clic aqu\u00ed para ver el tama\u00f1o inferior disponible para este producto: <span style=\"color: #d12727;\"><a style=\"color: #d12727;\" href=\"https:\/\/www.csj-emballages.com\/es\/produit\/3-4-de-lata-de-rodajas-de-pina-entera-en-conserva\/\">Caja de 3\/4<\/a><\/span><\/p>\n<p>&nbsp;<\/p>\n<div style=\"font-family: Roboto, sans-serif;\">\n<div style=\"font-family: Roboto, sans-serif;\">\n<div style=\"font-family: Roboto, sans-serif;\">\n<p><!--more--><\/p>\n<p><a href=\"https:\/\/www.csj-emballages.com\/es\/categorie-produit\/alimentacion-es\/alimentacion\/fruta-seca-y-fruta-en-almibar\/pina\/\">Consultar el resto de nuestra gama de pi\u00f1a en alm\u00edbar<\/a><\/p>\n<\/div>\n<\/div>\n<\/div>\n","protected":false},"excerpt":{"rendered":"<p>Pi\u00f1a en rodajas Descubra nuestra pi\u00f1a en rodajas enteras conservada en lata 4\/4<\/p>\n","protected":false},"featured_media":260836,"template":"","meta":{"_acf_changed":false},"product_brand":[],"product_cat":[1162,1189,1200,5895],"product_tag":[],"class_list":{"0":"post-16963","1":"product","2":"type-product","3":"status-publish","4":"has-post-thumbnail","6":"product_cat-alimentacion-es","7":"product_cat-alimentacion","8":"product_cat-fruta-seca-y-fruta-en-almibar","9":"product_cat-pina","11":"first","12":"instock","13":"featured","14":"taxable","15":"shipping-taxable","16":"purchasable","17":"product-type-simple"},"acf":[],"yoast_head":"<!-- This site is optimized with the Yoast SEO Premium plugin v26.6 (Yoast SEO v26.6) - https:\/\/yoast.com\/wordpress\/plugins\/seo\/ -->\n<title>Pi\u00f1a en Rodajas Enteras Conservada en Lata 4\/4<\/title>\n<meta name=\"description\" content=\"Pi\u00f1a en rodajas enteras conservada en lata 4\/4. Lista para usar, sabrosa y uniforme, ideal para postres, buffets y recetas agridulces.\" \/>\n<meta name=\"robots\" content=\"index, follow, max-snippet:-1, max-image-preview:large, max-video-preview:-1\" \/>\n<link rel=\"canonical\" href=\"https:\/\/www.csj-emballages.com\/es\/produit\/4-4-de-lata-de-12-rodajas-de-pina-entera\/\" \/>\n<meta property=\"og:locale\" content=\"es_ES\" \/>\n<meta property=\"og:type\" content=\"article\" \/>\n<meta property=\"og:title\" content=\"Pi\u00f1a en rodajas enteras conservada en lata 4\/4\" \/>\n<meta property=\"og:description\" content=\"Pi\u00f1a en rodajas enteras conservada en lata 4\/4. Lista para usar, sabrosa y uniforme, ideal para postres, buffets y recetas agridulces.\" \/>\n<meta property=\"og:url\" content=\"https:\/\/www.csj-emballages.com\/es\/produit\/4-4-de-lata-de-12-rodajas-de-pina-entera\/\" \/>\n<meta property=\"og:site_name\" content=\"CSJ Emballages\" \/>\n<meta property=\"article:publisher\" content=\"https:\/\/www.facebook.com\/csjemballages\" \/>\n<meta property=\"article:modified_time\" content=\"2026-03-21T01:10:15+00:00\" \/>\n<meta property=\"og:image\" content=\"https:\/\/www.csj-emballages.com\/wp-content\/uploads\/2024\/05\/100097.webp\" \/>\n\t<meta property=\"og:image:width\" content=\"800\" \/>\n\t<meta property=\"og:image:height\" content=\"800\" \/>\n\t<meta property=\"og:image:type\" content=\"image\/webp\" \/>\n<meta name=\"twitter:card\" content=\"summary_large_image\" \/>\n<meta name=\"twitter:label1\" content=\"Tiempo de lectura\" \/>\n\t<meta name=\"twitter:data1\" content=\"2 minutos\" \/>\n<script type=\"application\/ld+json\" class=\"yoast-schema-graph\">{\"@context\":\"https:\/\/schema.org\",\"@graph\":[{\"@type\":\"WebPage\",\"@id\":\"https:\/\/www.csj-emballages.com\/es\/produit\/4-4-de-lata-de-12-rodajas-de-pina-entera\/\",\"url\":\"https:\/\/www.csj-emballages.com\/es\/produit\/4-4-de-lata-de-12-rodajas-de-pina-entera\/\",\"name\":\"Pi\u00f1a en Rodajas Enteras Conservada en Lata 4\/4\",\"isPartOf\":{\"@id\":\"https:\/\/www.csj-emballages.com\/es\/#website\"},\"primaryImageOfPage\":{\"@id\":\"https:\/\/www.csj-emballages.com\/es\/produit\/4-4-de-lata-de-12-rodajas-de-pina-entera\/#primaryimage\"},\"image\":{\"@id\":\"https:\/\/www.csj-emballages.com\/es\/produit\/4-4-de-lata-de-12-rodajas-de-pina-entera\/#primaryimage\"},\"thumbnailUrl\":\"https:\/\/www.csj-emballages.com\/wp-content\/uploads\/2024\/05\/100097.webp\",\"datePublished\":\"2024-05-16T06:54:47+00:00\",\"dateModified\":\"2026-03-21T01:10:15+00:00\",\"description\":\"Pi\u00f1a en rodajas enteras conservada en lata 4\/4. Lista para usar, sabrosa y uniforme, ideal para postres, buffets y recetas agridulces.\",\"breadcrumb\":{\"@id\":\"https:\/\/www.csj-emballages.com\/es\/produit\/4-4-de-lata-de-12-rodajas-de-pina-entera\/#breadcrumb\"},\"inLanguage\":\"es\",\"potentialAction\":[{\"@type\":\"ReadAction\",\"target\":[\"https:\/\/www.csj-emballages.com\/es\/produit\/4-4-de-lata-de-12-rodajas-de-pina-entera\/\"]}]},{\"@type\":\"ImageObject\",\"inLanguage\":\"es\",\"@id\":\"https:\/\/www.csj-emballages.com\/es\/produit\/4-4-de-lata-de-12-rodajas-de-pina-entera\/#primaryimage\",\"url\":\"https:\/\/www.csj-emballages.com\/wp-content\/uploads\/2024\/05\/100097.webp\",\"contentUrl\":\"https:\/\/www.csj-emballages.com\/wp-content\/uploads\/2024\/05\/100097.webp\",\"width\":800,\"height\":800,\"caption\":\"Ananas en tranches\"},{\"@type\":\"BreadcrumbList\",\"@id\":\"https:\/\/www.csj-emballages.com\/es\/produit\/4-4-de-lata-de-12-rodajas-de-pina-entera\/#breadcrumb\",\"itemListElement\":[{\"@type\":\"ListItem\",\"position\":1,\"name\":\"Accueil\",\"item\":\"https:\/\/www.csj-emballages.com\/es\/universo-del-envasado-alimentario\/\"},{\"@type\":\"ListItem\",\"position\":2,\"name\":\"Tienda\",\"item\":\"https:\/\/www.csj-emballages.com\/tienda\/\"},{\"@type\":\"ListItem\",\"position\":3,\"name\":\"Pi\u00f1a en rodajas enteras conservada en lata 4\/4\"}]},{\"@type\":\"WebSite\",\"@id\":\"https:\/\/www.csj-emballages.com\/es\/#website\",\"url\":\"https:\/\/www.csj-emballages.com\/es\/\",\"name\":\"CSJ Emballages\",\"description\":\"\",\"publisher\":{\"@id\":\"https:\/\/www.csj-emballages.com\/es\/#organization\"},\"potentialAction\":[{\"@type\":\"SearchAction\",\"target\":{\"@type\":\"EntryPoint\",\"urlTemplate\":\"https:\/\/www.csj-emballages.com\/es\/?s={search_term_string}\"},\"query-input\":{\"@type\":\"PropertyValueSpecification\",\"valueRequired\":true,\"valueName\":\"search_term_string\"}}],\"inLanguage\":\"es\"},{\"@type\":\"Organization\",\"@id\":\"https:\/\/www.csj-emballages.com\/es\/#Organization\/\",\"name\":\"CSJ Emballages\",\"url\":\"https:\/\/www.csj-emballages.com\/es\/\",\"logo\":{\"@type\":\"ImageObject\",\"inLanguage\":\"es\",\"@id\":\"https:\/\/www.csj-emballages.com\/es\/#\/schema\/logo\/image\/\",\"url\":\"https:\/\/www.csj-emballages.com\/wp-content\/uploads\/2023\/10\/logo_csj.webp\",\"contentUrl\":\"https:\/\/www.csj-emballages.com\/wp-content\/uploads\/2023\/10\/logo_csj.webp\",\"width\":250,\"height\":95,\"caption\":\"CSJ Emballages\"},\"image\":{\"@id\":\"https:\/\/www.csj-emballages.com\/es\/#\/schema\/logo\/image\/\"},\"sameAs\":[\"https:\/\/www.facebook.com\/csjemballages\"],\"address\":{\"@type\":\"PostalAddress\",\"streetAddress\":\"ZI La Lechere\",\"addressLocality\":\"Patornay\",\"postalCode\":\"39130\",\"addressCountry\":\"FR\"},\"contactPoint\":[{\"@type\":\"ContactPoint\",\"contactType\":\"Service client\",\"telephone\":\"0384254272\",\"email\":\"contact@csj-emballages.com\"}]}]}<\/script>\n<!-- \/ Yoast SEO Premium plugin. -->","yoast_head_json":{"title":"Pi\u00f1a en Rodajas Enteras Conservada en Lata 4\/4","description":"Pi\u00f1a en rodajas enteras conservada en lata 4\/4. Lista para usar, sabrosa y uniforme, ideal para postres, buffets y recetas agridulces.","robots":{"index":"index","follow":"follow","max-snippet":"max-snippet:-1","max-image-preview":"max-image-preview:large","max-video-preview":"max-video-preview:-1"},"canonical":"https:\/\/www.csj-emballages.com\/es\/produit\/4-4-de-lata-de-12-rodajas-de-pina-entera\/","og_locale":"es_ES","og_type":"article","og_title":"Pi\u00f1a en rodajas enteras conservada en lata 4\/4","og_description":"Pi\u00f1a en rodajas enteras conservada en lata 4\/4. Lista para usar, sabrosa y uniforme, ideal para postres, buffets y recetas agridulces.","og_url":"https:\/\/www.csj-emballages.com\/es\/produit\/4-4-de-lata-de-12-rodajas-de-pina-entera\/","og_site_name":"CSJ Emballages","article_publisher":"https:\/\/www.facebook.com\/csjemballages","article_modified_time":"2026-03-21T01:10:15+00:00","og_image":[{"width":800,"height":800,"url":"https:\/\/www.csj-emballages.com\/wp-content\/uploads\/2024\/05\/100097.webp","type":"image\/webp"}],"twitter_card":"summary_large_image","twitter_misc":{"Tiempo de lectura":"2 minutos"},"schema":{"@context":"https:\/\/schema.org","@graph":[{"@type":"WebPage","@id":"https:\/\/www.csj-emballages.com\/es\/produit\/4-4-de-lata-de-12-rodajas-de-pina-entera\/","url":"https:\/\/www.csj-emballages.com\/es\/produit\/4-4-de-lata-de-12-rodajas-de-pina-entera\/","name":"Pi\u00f1a en Rodajas Enteras Conservada en Lata 4\/4","isPartOf":{"@id":"https:\/\/www.csj-emballages.com\/es\/#website"},"primaryImageOfPage":{"@id":"https:\/\/www.csj-emballages.com\/es\/produit\/4-4-de-lata-de-12-rodajas-de-pina-entera\/#primaryimage"},"image":{"@id":"https:\/\/www.csj-emballages.com\/es\/produit\/4-4-de-lata-de-12-rodajas-de-pina-entera\/#primaryimage"},"thumbnailUrl":"https:\/\/www.csj-emballages.com\/wp-content\/uploads\/2024\/05\/100097.webp","datePublished":"2024-05-16T06:54:47+00:00","dateModified":"2026-03-21T01:10:15+00:00","description":"Pi\u00f1a en rodajas enteras conservada en lata 4\/4. Lista para usar, sabrosa y uniforme, ideal para postres, buffets y recetas agridulces.","breadcrumb":{"@id":"https:\/\/www.csj-emballages.com\/es\/produit\/4-4-de-lata-de-12-rodajas-de-pina-entera\/#breadcrumb"},"inLanguage":"es","potentialAction":[{"@type":"ReadAction","target":["https:\/\/www.csj-emballages.com\/es\/produit\/4-4-de-lata-de-12-rodajas-de-pina-entera\/"]}]},{"@type":"ImageObject","inLanguage":"es","@id":"https:\/\/www.csj-emballages.com\/es\/produit\/4-4-de-lata-de-12-rodajas-de-pina-entera\/#primaryimage","url":"https:\/\/www.csj-emballages.com\/wp-content\/uploads\/2024\/05\/100097.webp","contentUrl":"https:\/\/www.csj-emballages.com\/wp-content\/uploads\/2024\/05\/100097.webp","width":800,"height":800,"caption":"Ananas en tranches"},{"@type":"BreadcrumbList","@id":"https:\/\/www.csj-emballages.com\/es\/produit\/4-4-de-lata-de-12-rodajas-de-pina-entera\/#breadcrumb","itemListElement":[{"@type":"ListItem","position":1,"name":"Accueil","item":"https:\/\/www.csj-emballages.com\/es\/universo-del-envasado-alimentario\/"},{"@type":"ListItem","position":2,"name":"Tienda","item":"https:\/\/www.csj-emballages.com\/tienda\/"},{"@type":"ListItem","position":3,"name":"Pi\u00f1a en rodajas enteras conservada en lata 4\/4"}]},{"@type":"WebSite","@id":"https:\/\/www.csj-emballages.com\/es\/#website","url":"https:\/\/www.csj-emballages.com\/es\/","name":"CSJ Emballages","description":"","publisher":{"@id":"https:\/\/www.csj-emballages.com\/es\/#organization"},"potentialAction":[{"@type":"SearchAction","target":{"@type":"EntryPoint","urlTemplate":"https:\/\/www.csj-emballages.com\/es\/?s={search_term_string}"},"query-input":{"@type":"PropertyValueSpecification","valueRequired":true,"valueName":"search_term_string"}}],"inLanguage":"es"},{"@type":"Organization","@id":"https:\/\/www.csj-emballages.com\/es\/#Organization\/","name":"CSJ Emballages","url":"https:\/\/www.csj-emballages.com\/es\/","logo":{"@type":"ImageObject","inLanguage":"es","@id":"https:\/\/www.csj-emballages.com\/es\/#\/schema\/logo\/image\/","url":"https:\/\/www.csj-emballages.com\/wp-content\/uploads\/2023\/10\/logo_csj.webp","contentUrl":"https:\/\/www.csj-emballages.com\/wp-content\/uploads\/2023\/10\/logo_csj.webp","width":250,"height":95,"caption":"CSJ Emballages"},"image":{"@id":"https:\/\/www.csj-emballages.com\/es\/#\/schema\/logo\/image\/"},"sameAs":["https:\/\/www.facebook.com\/csjemballages"],"address":{"@type":"PostalAddress","streetAddress":"ZI La Lechere","addressLocality":"Patornay","postalCode":"39130","addressCountry":"FR"},"contactPoint":[{"@type":"ContactPoint","contactType":"Service client","telephone":"0384254272","email":"contact@csj-emballages.com"}]}]}},"df_price":3.25,"df_sale_price":"","df_regular_price":3.25,"df_image_link":"https:\/\/www.csj-emballages.com\/wp-content\/uploads\/2024\/05\/100097-300x300.webp","tiered_pricing_type":"fixed","tiered_pricing_fixed_rules":[],"tiered_pricing_percentage_rules":[],"tiered_pricing_minimum":1,"tiered_pricing_roles_data":[],"_links":{"self":[{"href":"https:\/\/www.csj-emballages.com\/es\/wp-json\/wp\/v2\/product\/16963","targetHints":{"allow":["GET"]}}],"collection":[{"href":"https:\/\/www.csj-emballages.com\/es\/wp-json\/wp\/v2\/product"}],"about":[{"href":"https:\/\/www.csj-emballages.com\/es\/wp-json\/wp\/v2\/types\/product"}],"wp:featuredmedia":[{"embeddable":true,"href":"https:\/\/www.csj-emballages.com\/es\/wp-json\/wp\/v2\/media\/260836"}],"wp:attachment":[{"href":"https:\/\/www.csj-emballages.com\/es\/wp-json\/wp\/v2\/media?parent=16963"}],"wp:term":[{"taxonomy":"product_brand","embeddable":true,"href":"https:\/\/www.csj-emballages.com\/es\/wp-json\/wp\/v2\/product_brand?post=16963"},{"taxonomy":"product_cat","embeddable":true,"href":"https:\/\/www.csj-emballages.com\/es\/wp-json\/wp\/v2\/product_cat?post=16963"},{"taxonomy":"product_tag","embeddable":true,"href":"https:\/\/www.csj-emballages.com\/es\/wp-json\/wp\/v2\/product_tag?post=16963"}],"curies":[{"name":"wp","href":"https:\/\/api.w.org\/{rel}","templated":true}]}}