{"id":16922,"date":"2024-05-16T09:01:31","date_gmt":"2024-05-16T07:01:31","guid":{"rendered":"https:\/\/u15jnbdpoq.preview.infomaniak.website\/produit\/tripa-de-oveja-halal-22-24-60-metros-ab-24-tarros-de-2-masas\/"},"modified":"2026-03-12T16:12:35","modified_gmt":"2026-03-12T15:12:35","slug":"tripa-de-oveja-halal-22-24-60-metros-ab-24-tarros-de-2-masas","status":"publish","type":"product","link":"https:\/\/www.csj-emballages.com\/es\/produit\/tripa-de-oveja-halal-22-24-60-metros-ab-24-tarros-de-2-masas\/","title":{"rendered":"Tripa de oveja halal 22\/24 60 metros AB 24 tarros de 2 masas"},"content":{"rendered":"<h2>Cubos de tripas de oveja halal 22\/24, tubos r\u00edgidos de 60 m Cubos AB de 2 masas &#8211; por 24<\/h2>\n<hr>\n<h3>Descripci\u00f3n del producto<\/h3>\n<p><!--more--><\/p>\n<div class=\"flex-shrink-0 flex flex-col relative items-end\">\n<div class=\"pt-0.5 juice:pt-0\">\n<div class=\"gizmo-bot-avatar flex h-6 w-6 items-center justify-center overflow-hidden rounded-full juice:h-8 juice:w-8\">\n<div class=\"relative p-1 rounded-sm flex items-center justify-center bg-token-main-surface-primary text-token-text-primary h-8 w-8\">\n<p>Descubre nuestros cubos de tripas de oveja Halal, perfectos para tus necesidades culinarias espec\u00edficas. Cada cubo contiene 2 masas de tubos r\u00edgidos AB, de 22\/24 de di\u00e1metro y 60 metros de extensi\u00f3n. Ideales para los profesionales de la charcuter\u00eda y los aficionados a la cocina casera, estas tripas ofrecen una calidad superior y cumplen las normas prescritas. Su facilidad de uso y resistencia a las condiciones de preparaci\u00f3n lo convierten en una elecci\u00f3n fiable para elaborar salchichas, chorizos y otros productos de charcuter\u00eda. Cada cubo se envasa cuidadosamente para garantizar su frescura y practicidad, asegurando una conservaci\u00f3n \u00f3ptima hasta su uso final.<\/p>\n<p>Conf\u00eda en nuestro producto para obtener resultados consistentes y una textura aut\u00e9ntica en tus preparaciones culinarias. Perfectos para la producci\u00f3n a gran escala, estos cubos cumplen estrictos requisitos de calidad y seguridad alimentaria.<\/p>\n<p>Opta por la calidad y la fiabilidad con nuestros cubos de tripa de oveja Halal para creaciones culinarias excepcionales.<\/p>\n<\/div>\n<\/div>\n<\/div>\n<\/div>\n<p><!--more--><\/p>\n<p><strong>Sus ventajas:<\/strong><\/p>\n<ul>\n<li><strong>Longitud generosa<\/strong>: 60 metros por masa, ideal para producciones medianas y grandes.<\/li>\n<li><strong>F\u00e1cil de almacenar<\/strong>: envasado en 24 cubos de 2 masas, f\u00e1cil de almacenar y transportar.<\/li>\n<li><strong>Versatilidad culinaria<\/strong>: Perfecto para hacer salchichas, chorizos y otras especialidades de charcuter\u00eda.<\/li>\n<li><strong>Conservaci\u00f3n \u00f3ptima<\/strong>: un envase cuidadosamente sellado garantiza la frescura y la higiene hasta el momento de su uso.<\/li>\n<\/ul>\n<p><!--more--><\/p>\n<p>Tambi\u00e9n disponible en <span style=\"color: #d12727;\"><br \/>\n  <a style=\"color: #d12727;\" href=\"https:\/\/www.csj-emballages.com\/es\/produit\/tripas-de-oveja-halal-24-26-60-metros-tipo-ab-24-tarros-de-2-masas\/\">tripas halal de 24\/26 de di\u00e1metro<\/a><br \/>\n<\/span><\/p>\n<p><!--more--><\/p>\n<p>Tambi\u00e9n disponible en cubos de 30 unidades: <span style=\"color: #d12727;\"><br \/>\n  <a style=\"color: #d12727;\" href=\"https:\/\/www.csj-emballages.com\/es\/produit\/2-cubos-de-tripa-de-oveja-halal-22-24-tubos-rigidos-de-60-metros-cubo-ab-de-30-masas\/\">Di\u00e1metro 22\/24<\/a><br \/>\n<\/span> &#8211; <span style=\"color: #d12727;\"><br \/>\n  <a style=\"color: #d12727;\" href=\"https:\/\/www.csj-emballages.com\/es\/produit\/2-cubos-de-tripa-de-oveja-halal-24-26-60-metros-de-tubos-rigidos-cubo-ab-de-30-masas\/\">Di\u00e1metro 24\/26<\/a><br \/>\n<\/span><\/p>\n<p><!--more--><\/p>\n<p>&nbsp;<\/p>\n<p><a href=\"https:\/\/www.csj-emballages.com\/es\/categorie-produit\/alimentacion-es\/mangueras\/\">Ver el resto de nuestra gama de mangueras<\/a><\/p>\n","protected":false},"excerpt":{"rendered":"<p>Cubos de tripas de oveja halal 22\/24, tubos r\u00edgidos de 60 m Cubos AB de 2 masas &#8211; por 24 Descripci\u00f3n del producto<\/p>\n","protected":false},"featured_media":16187,"template":"","meta":{"_acf_changed":false},"product_brand":[],"product_cat":[1162,1164,5827],"product_tag":[],"class_list":{"0":"post-16922","1":"product","2":"type-product","3":"status-publish","4":"has-post-thumbnail","6":"product_cat-alimentacion-es","7":"product_cat-mangueras","8":"product_cat-o22-24-mm-es","10":"first","11":"onbackorder","12":"taxable","13":"shipping-taxable","14":"purchasable","15":"product-type-simple"},"acf":[],"yoast_head":"<!-- This site is optimized with the Yoast SEO Premium plugin v26.6 (Yoast SEO v26.6) - https:\/\/yoast.com\/wordpress\/plugins\/seo\/ -->\n<title>Tripas de oveja halal 22\/24 60 metros AB<\/title>\n<meta name=\"description\" content=\"\u00a1Tripas de oveja Halal 22\/24 en tripas AB de 60 metros! Compra ahora 24 cubos de 2 masas de tripas de oveja halal.\" \/>\n<meta name=\"robots\" content=\"index, follow, max-snippet:-1, max-image-preview:large, max-video-preview:-1\" \/>\n<link rel=\"canonical\" href=\"https:\/\/www.csj-emballages.com\/es\/produit\/tripa-de-oveja-halal-22-24-60-metros-ab-24-tarros-de-2-masas\/\" \/>\n<meta property=\"og:locale\" content=\"es_ES\" \/>\n<meta property=\"og:type\" content=\"article\" \/>\n<meta property=\"og:title\" content=\"Tripa de oveja halal 22\/24 60 metros AB 24 tarros de 2 masas\" \/>\n<meta property=\"og:description\" content=\"\u00a1Tripas de oveja Halal 22\/24 en tripas AB de 60 metros! Compra ahora 24 cubos de 2 masas de tripas de oveja halal.\" \/>\n<meta property=\"og:url\" content=\"https:\/\/www.csj-emballages.com\/es\/produit\/tripa-de-oveja-halal-22-24-60-metros-ab-24-tarros-de-2-masas\/\" \/>\n<meta property=\"og:site_name\" content=\"CSJ Emballages\" \/>\n<meta property=\"article:publisher\" content=\"https:\/\/www.facebook.com\/csjemballages\" \/>\n<meta property=\"article:modified_time\" content=\"2026-03-12T15:12:35+00:00\" \/>\n<meta property=\"og:image\" content=\"https:\/\/www.csj-emballages.com\/wp-content\/uploads\/2024\/05\/Capture_d_ecran_2024-05-29_a_09.45.35-removebg-preview-e1716968851227.png\" \/>\n\t<meta property=\"og:image:width\" content=\"499\" \/>\n\t<meta property=\"og:image:height\" content=\"500\" \/>\n\t<meta property=\"og:image:type\" content=\"image\/png\" \/>\n<meta name=\"twitter:card\" content=\"summary_large_image\" \/>\n<meta name=\"twitter:label1\" content=\"Tiempo de lectura\" \/>\n\t<meta name=\"twitter:data1\" content=\"1 minuto\" \/>\n<script type=\"application\/ld+json\" class=\"yoast-schema-graph\">{\"@context\":\"https:\/\/schema.org\",\"@graph\":[{\"@type\":\"WebPage\",\"@id\":\"https:\/\/www.csj-emballages.com\/es\/produit\/tripa-de-oveja-halal-22-24-60-metros-ab-24-tarros-de-2-masas\/\",\"url\":\"https:\/\/www.csj-emballages.com\/es\/produit\/tripa-de-oveja-halal-22-24-60-metros-ab-24-tarros-de-2-masas\/\",\"name\":\"Tripas de oveja halal 22\/24 60 metros AB\",\"isPartOf\":{\"@id\":\"https:\/\/www.csj-emballages.com\/es\/#website\"},\"primaryImageOfPage\":{\"@id\":\"https:\/\/www.csj-emballages.com\/es\/produit\/tripa-de-oveja-halal-22-24-60-metros-ab-24-tarros-de-2-masas\/#primaryimage\"},\"image\":{\"@id\":\"https:\/\/www.csj-emballages.com\/es\/produit\/tripa-de-oveja-halal-22-24-60-metros-ab-24-tarros-de-2-masas\/#primaryimage\"},\"thumbnailUrl\":\"https:\/\/www.csj-emballages.com\/wp-content\/uploads\/2024\/05\/Capture_d_ecran_2024-05-29_a_09.45.35-removebg-preview-e1716968851227.png\",\"datePublished\":\"2024-05-16T07:01:31+00:00\",\"dateModified\":\"2026-03-12T15:12:35+00:00\",\"description\":\"\u00a1Tripas de oveja Halal 22\/24 en tripas AB de 60 metros! Compra ahora 24 cubos de 2 masas de tripas de oveja halal.\",\"breadcrumb\":{\"@id\":\"https:\/\/www.csj-emballages.com\/es\/produit\/tripa-de-oveja-halal-22-24-60-metros-ab-24-tarros-de-2-masas\/#breadcrumb\"},\"inLanguage\":\"es\",\"potentialAction\":[{\"@type\":\"ReadAction\",\"target\":[\"https:\/\/www.csj-emballages.com\/es\/produit\/tripa-de-oveja-halal-22-24-60-metros-ab-24-tarros-de-2-masas\/\"]}]},{\"@type\":\"ImageObject\",\"inLanguage\":\"es\",\"@id\":\"https:\/\/www.csj-emballages.com\/es\/produit\/tripa-de-oveja-halal-22-24-60-metros-ab-24-tarros-de-2-masas\/#primaryimage\",\"url\":\"https:\/\/www.csj-emballages.com\/wp-content\/uploads\/2024\/05\/Capture_d_ecran_2024-05-29_a_09.45.35-removebg-preview-e1716968851227.png\",\"contentUrl\":\"https:\/\/www.csj-emballages.com\/wp-content\/uploads\/2024\/05\/Capture_d_ecran_2024-05-29_a_09.45.35-removebg-preview-e1716968851227.png\",\"width\":499,\"height\":500,\"caption\":\"Seaux boyaux mouton halal\"},{\"@type\":\"BreadcrumbList\",\"@id\":\"https:\/\/www.csj-emballages.com\/es\/produit\/tripa-de-oveja-halal-22-24-60-metros-ab-24-tarros-de-2-masas\/#breadcrumb\",\"itemListElement\":[{\"@type\":\"ListItem\",\"position\":1,\"name\":\"Accueil\",\"item\":\"https:\/\/www.csj-emballages.com\/es\/universo-del-envasado-alimentario\/\"},{\"@type\":\"ListItem\",\"position\":2,\"name\":\"Tienda\",\"item\":\"https:\/\/www.csj-emballages.com\/tienda\/\"},{\"@type\":\"ListItem\",\"position\":3,\"name\":\"Tripa de oveja halal 22\/24 60 metros AB 24 tarros de 2 masas\"}]},{\"@type\":\"WebSite\",\"@id\":\"https:\/\/www.csj-emballages.com\/es\/#website\",\"url\":\"https:\/\/www.csj-emballages.com\/es\/\",\"name\":\"CSJ Emballages\",\"description\":\"\",\"publisher\":{\"@id\":\"https:\/\/www.csj-emballages.com\/es\/#organization\"},\"potentialAction\":[{\"@type\":\"SearchAction\",\"target\":{\"@type\":\"EntryPoint\",\"urlTemplate\":\"https:\/\/www.csj-emballages.com\/es\/?s={search_term_string}\"},\"query-input\":{\"@type\":\"PropertyValueSpecification\",\"valueRequired\":true,\"valueName\":\"search_term_string\"}}],\"inLanguage\":\"es\"},{\"@type\":\"Organization\",\"@id\":\"https:\/\/www.csj-emballages.com\/es\/#Organization\/\",\"name\":\"CSJ Emballages\",\"url\":\"https:\/\/www.csj-emballages.com\/es\/\",\"logo\":{\"@type\":\"ImageObject\",\"inLanguage\":\"es\",\"@id\":\"https:\/\/www.csj-emballages.com\/es\/#\/schema\/logo\/image\/\",\"url\":\"https:\/\/www.csj-emballages.com\/wp-content\/uploads\/2023\/10\/logo_csj.webp\",\"contentUrl\":\"https:\/\/www.csj-emballages.com\/wp-content\/uploads\/2023\/10\/logo_csj.webp\",\"width\":250,\"height\":95,\"caption\":\"CSJ Emballages\"},\"image\":{\"@id\":\"https:\/\/www.csj-emballages.com\/es\/#\/schema\/logo\/image\/\"},\"sameAs\":[\"https:\/\/www.facebook.com\/csjemballages\"],\"address\":{\"@type\":\"PostalAddress\",\"streetAddress\":\"ZI La Lechere\",\"addressLocality\":\"Patornay\",\"postalCode\":\"39130\",\"addressCountry\":\"FR\"},\"contactPoint\":[{\"@type\":\"ContactPoint\",\"contactType\":\"Service client\",\"telephone\":\"0384254272\",\"email\":\"contact@csj-emballages.com\"}]}]}<\/script>\n<!-- \/ Yoast SEO Premium plugin. -->","yoast_head_json":{"title":"Tripas de oveja halal 22\/24 60 metros AB","description":"\u00a1Tripas de oveja Halal 22\/24 en tripas AB de 60 metros! Compra ahora 24 cubos de 2 masas de tripas de oveja halal.","robots":{"index":"index","follow":"follow","max-snippet":"max-snippet:-1","max-image-preview":"max-image-preview:large","max-video-preview":"max-video-preview:-1"},"canonical":"https:\/\/www.csj-emballages.com\/es\/produit\/tripa-de-oveja-halal-22-24-60-metros-ab-24-tarros-de-2-masas\/","og_locale":"es_ES","og_type":"article","og_title":"Tripa de oveja halal 22\/24 60 metros AB 24 tarros de 2 masas","og_description":"\u00a1Tripas de oveja Halal 22\/24 en tripas AB de 60 metros! Compra ahora 24 cubos de 2 masas de tripas de oveja halal.","og_url":"https:\/\/www.csj-emballages.com\/es\/produit\/tripa-de-oveja-halal-22-24-60-metros-ab-24-tarros-de-2-masas\/","og_site_name":"CSJ Emballages","article_publisher":"https:\/\/www.facebook.com\/csjemballages","article_modified_time":"2026-03-12T15:12:35+00:00","og_image":[{"width":499,"height":500,"url":"https:\/\/www.csj-emballages.com\/wp-content\/uploads\/2024\/05\/Capture_d_ecran_2024-05-29_a_09.45.35-removebg-preview-e1716968851227.png","type":"image\/png"}],"twitter_card":"summary_large_image","twitter_misc":{"Tiempo de lectura":"1 minuto"},"schema":{"@context":"https:\/\/schema.org","@graph":[{"@type":"WebPage","@id":"https:\/\/www.csj-emballages.com\/es\/produit\/tripa-de-oveja-halal-22-24-60-metros-ab-24-tarros-de-2-masas\/","url":"https:\/\/www.csj-emballages.com\/es\/produit\/tripa-de-oveja-halal-22-24-60-metros-ab-24-tarros-de-2-masas\/","name":"Tripas de oveja halal 22\/24 60 metros AB","isPartOf":{"@id":"https:\/\/www.csj-emballages.com\/es\/#website"},"primaryImageOfPage":{"@id":"https:\/\/www.csj-emballages.com\/es\/produit\/tripa-de-oveja-halal-22-24-60-metros-ab-24-tarros-de-2-masas\/#primaryimage"},"image":{"@id":"https:\/\/www.csj-emballages.com\/es\/produit\/tripa-de-oveja-halal-22-24-60-metros-ab-24-tarros-de-2-masas\/#primaryimage"},"thumbnailUrl":"https:\/\/www.csj-emballages.com\/wp-content\/uploads\/2024\/05\/Capture_d_ecran_2024-05-29_a_09.45.35-removebg-preview-e1716968851227.png","datePublished":"2024-05-16T07:01:31+00:00","dateModified":"2026-03-12T15:12:35+00:00","description":"\u00a1Tripas de oveja Halal 22\/24 en tripas AB de 60 metros! Compra ahora 24 cubos de 2 masas de tripas de oveja halal.","breadcrumb":{"@id":"https:\/\/www.csj-emballages.com\/es\/produit\/tripa-de-oveja-halal-22-24-60-metros-ab-24-tarros-de-2-masas\/#breadcrumb"},"inLanguage":"es","potentialAction":[{"@type":"ReadAction","target":["https:\/\/www.csj-emballages.com\/es\/produit\/tripa-de-oveja-halal-22-24-60-metros-ab-24-tarros-de-2-masas\/"]}]},{"@type":"ImageObject","inLanguage":"es","@id":"https:\/\/www.csj-emballages.com\/es\/produit\/tripa-de-oveja-halal-22-24-60-metros-ab-24-tarros-de-2-masas\/#primaryimage","url":"https:\/\/www.csj-emballages.com\/wp-content\/uploads\/2024\/05\/Capture_d_ecran_2024-05-29_a_09.45.35-removebg-preview-e1716968851227.png","contentUrl":"https:\/\/www.csj-emballages.com\/wp-content\/uploads\/2024\/05\/Capture_d_ecran_2024-05-29_a_09.45.35-removebg-preview-e1716968851227.png","width":499,"height":500,"caption":"Seaux boyaux mouton halal"},{"@type":"BreadcrumbList","@id":"https:\/\/www.csj-emballages.com\/es\/produit\/tripa-de-oveja-halal-22-24-60-metros-ab-24-tarros-de-2-masas\/#breadcrumb","itemListElement":[{"@type":"ListItem","position":1,"name":"Accueil","item":"https:\/\/www.csj-emballages.com\/es\/universo-del-envasado-alimentario\/"},{"@type":"ListItem","position":2,"name":"Tienda","item":"https:\/\/www.csj-emballages.com\/tienda\/"},{"@type":"ListItem","position":3,"name":"Tripa de oveja halal 22\/24 60 metros AB 24 tarros de 2 masas"}]},{"@type":"WebSite","@id":"https:\/\/www.csj-emballages.com\/es\/#website","url":"https:\/\/www.csj-emballages.com\/es\/","name":"CSJ Emballages","description":"","publisher":{"@id":"https:\/\/www.csj-emballages.com\/es\/#organization"},"potentialAction":[{"@type":"SearchAction","target":{"@type":"EntryPoint","urlTemplate":"https:\/\/www.csj-emballages.com\/es\/?s={search_term_string}"},"query-input":{"@type":"PropertyValueSpecification","valueRequired":true,"valueName":"search_term_string"}}],"inLanguage":"es"},{"@type":"Organization","@id":"https:\/\/www.csj-emballages.com\/es\/#Organization\/","name":"CSJ Emballages","url":"https:\/\/www.csj-emballages.com\/es\/","logo":{"@type":"ImageObject","inLanguage":"es","@id":"https:\/\/www.csj-emballages.com\/es\/#\/schema\/logo\/image\/","url":"https:\/\/www.csj-emballages.com\/wp-content\/uploads\/2023\/10\/logo_csj.webp","contentUrl":"https:\/\/www.csj-emballages.com\/wp-content\/uploads\/2023\/10\/logo_csj.webp","width":250,"height":95,"caption":"CSJ Emballages"},"image":{"@id":"https:\/\/www.csj-emballages.com\/es\/#\/schema\/logo\/image\/"},"sameAs":["https:\/\/www.facebook.com\/csjemballages"],"address":{"@type":"PostalAddress","streetAddress":"ZI La Lechere","addressLocality":"Patornay","postalCode":"39130","addressCountry":"FR"},"contactPoint":[{"@type":"ContactPoint","contactType":"Service client","telephone":"0384254272","email":"contact@csj-emballages.com"}]}]}},"df_price":939.39,"df_sale_price":"","df_regular_price":939.39,"df_image_link":"https:\/\/www.csj-emballages.com\/wp-content\/uploads\/2024\/05\/Capture_d_ecran_2024-05-29_a_09.45.35-removebg-preview-300x300.png","tiered_pricing_type":"fixed","tiered_pricing_fixed_rules":[],"tiered_pricing_percentage_rules":[],"tiered_pricing_minimum":1,"tiered_pricing_roles_data":[],"_links":{"self":[{"href":"https:\/\/www.csj-emballages.com\/es\/wp-json\/wp\/v2\/product\/16922","targetHints":{"allow":["GET"]}}],"collection":[{"href":"https:\/\/www.csj-emballages.com\/es\/wp-json\/wp\/v2\/product"}],"about":[{"href":"https:\/\/www.csj-emballages.com\/es\/wp-json\/wp\/v2\/types\/product"}],"wp:featuredmedia":[{"embeddable":true,"href":"https:\/\/www.csj-emballages.com\/es\/wp-json\/wp\/v2\/media\/16187"}],"wp:attachment":[{"href":"https:\/\/www.csj-emballages.com\/es\/wp-json\/wp\/v2\/media?parent=16922"}],"wp:term":[{"taxonomy":"product_brand","embeddable":true,"href":"https:\/\/www.csj-emballages.com\/es\/wp-json\/wp\/v2\/product_brand?post=16922"},{"taxonomy":"product_cat","embeddable":true,"href":"https:\/\/www.csj-emballages.com\/es\/wp-json\/wp\/v2\/product_cat?post=16922"},{"taxonomy":"product_tag","embeddable":true,"href":"https:\/\/www.csj-emballages.com\/es\/wp-json\/wp\/v2\/product_tag?post=16922"}],"curies":[{"name":"wp","href":"https:\/\/api.w.org\/{rel}","templated":true}]}}