{"id":16882,"date":"2024-05-22T11:12:15","date_gmt":"2024-05-22T09:12:15","guid":{"rendered":"https:\/\/u15jnbdpoq.preview.infomaniak.website\/produit\/4-4-lata-de-pasta-de-fruta-williams-pear-1-2\/"},"modified":"2026-04-14T02:10:22","modified_gmt":"2026-04-14T00:10:22","slug":"4-4-lata-de-pasta-de-fruta-williams-pear-1-2","status":"publish","type":"product","link":"https:\/\/www.csj-emballages.com\/es\/produit\/4-4-lata-de-pasta-de-fruta-williams-pear-1-2\/","title":{"rendered":"Mitades de peras Williams en conserva en lata 4\/4"},"content":{"rendered":"<h2>Mitades de peras<\/h2>\n<hr>\n<h3>Descubra nuestras mitades de peras Williams en conserva en lata 4\/4<\/h3>\n<p><!--more--><\/p>\n<p data-start=\"219\" data-end=\"592\">Sencillas, fundentes y siempre listas para usar, estas <strong data-start=\"273\" data-end=\"321\">mitades de peras Williams en conserva en lata 4\/4<\/strong> son un verdadero aliado en la cocina. En efecto, desde la apertura, encontramos <strong>frutas bien cortadas<\/strong>, regulares y bien presentadas, con una textura tierna que se mantiene perfectamente al manipularlas. Su sabor dulce y ligeramente perfumado recuerda a la <strong>pera fresca<\/strong>, sin ser demasiado dulce.  <\/p>\n<p data-start=\"594\" data-end=\"955\">Gracias a su formato generoso, se adaptan f\u00e1cilmente a numerosos usos. Ya sea para adornar un postre, acompa\u00f1ar una pasteler\u00eda, completar una <strong>ensalada de frutas<\/strong> o incluso aportar un toque dulce a un plato salado, siempre encuentran su lugar. Y, sobre todo, ahorran tiempo: sin pelar, sin cortar, todo est\u00e1 ya listo.  <\/p>\n<p data-start=\"957\" data-end=\"1325\">Del mismo modo, la <strong>variedad Williams<\/strong> es reconocida por su perfume delicado y su pulpa fundente. Aqu\u00ed, las <strong>mitades de peras conservan una buena consistencia<\/strong>, lo que permite trabajarlas sin que se aplasten. Son adecuadas tanto para los profesionales de la restauraci\u00f3n como para las colectividades o las cocinas que buscan regularidad y sencillez en el d\u00eda a d\u00eda.  <\/p>\n<p data-start=\"1327\" data-end=\"1532\">Por otra parte, la <strong>lata 4\/4<\/strong> es ideal para gestionar los vol\u00famenes sin desperdicio. Abre, usa y sabe exactamente qu\u00e9 esperar cada vez. Es tranquilizador, pr\u00e1ctico y eficaz.  <\/p>\n<p data-start=\"1534\" data-end=\"1724\">En resumen, estas <strong>mitades de peras Williams<\/strong> ofrecen una soluci\u00f3n fiable para integrar f\u00e1cilmente una fruta de calidad en sus preparaciones, manteniendo una verdadera constancia en sabor y textura.<\/p>\n<p>&nbsp;<\/p>\n<p><!--more--><\/p>\n<h4>Ventajas :<\/h4>\n<ul>\n<li data-start=\"1752\" data-end=\"1792\"><strong>Mitades de peras<\/strong> regulares y bien formadas.<\/li>\n<li data-start=\"1795\" data-end=\"1830\">Pulpa tierna con buena consistencia.<\/li>\n<li data-start=\"1833\" data-end=\"1857\">Sabor dulce y equilibrado.<\/li>\n<li data-start=\"1860\" data-end=\"1886\">Ahorro de tiempo en la cocina.<\/li>\n<li data-start=\"1889\" data-end=\"1928\"><strong>Formato 4\/4<\/strong> pr\u00e1ctico para un uso profesional.<\/li>\n<\/ul>\n<p>&nbsp;<\/p>\n<p><!--more--><\/p>\n<h4>Informaci\u00f3n adicional :<\/h4>\n<ul>\n<li><strong>Embalaje<\/strong>: Caja 4\/4<\/li>\n<li><strong>Forma<\/strong>: Mitades de peras<\/li>\n<li><strong>Peso neto escurrido<\/strong>: 460 gr<\/li>\n<\/ul>\n<p>&nbsp;<\/p>\n<p><!--more--><\/p>\n<p><a href=\"https:\/\/www.csj-emballages.com\/es\/categorie-produit\/alimentacion-es\/alimentacion\/fruta-seca-y-fruta-en-almibar\/pera\/\">Consulte el resto de nuestra gama de peras en alm\u00edbar<\/a><\/p>\n","protected":false},"excerpt":{"rendered":"<p>Mitades de peras Descubra nuestras mitades de peras Williams en conserva en lata 4\/4<\/p>\n","protected":false},"featured_media":260899,"template":"","meta":{"_acf_changed":false},"product_brand":[],"product_cat":[1162,1189,1200,5931],"product_tag":[],"class_list":{"0":"post-16882","1":"product","2":"type-product","3":"status-publish","4":"has-post-thumbnail","6":"product_cat-alimentacion-es","7":"product_cat-alimentacion","8":"product_cat-fruta-seca-y-fruta-en-almibar","9":"product_cat-pera","11":"first","12":"instock","13":"featured","14":"taxable","15":"shipping-taxable","16":"purchasable","17":"product-type-simple"},"acf":[],"yoast_head":"<!-- This site is optimized with the Yoast SEO Premium plugin v26.6 (Yoast SEO v26.6) - https:\/\/yoast.com\/wordpress\/plugins\/seo\/ -->\n<title>Mitades de Peras Williams en Conserva en Lata 4\/4<\/title>\n<meta name=\"description\" content=\"Mitades de peras Williams en conserva en lata 4\/4: frutas fundentes, listas para usar, ideales para postres, pasteler\u00eda y cocinas profesionales.\" \/>\n<meta name=\"robots\" content=\"index, follow, max-snippet:-1, max-image-preview:large, max-video-preview:-1\" \/>\n<link rel=\"canonical\" href=\"https:\/\/www.csj-emballages.com\/es\/produit\/4-4-lata-de-pasta-de-fruta-williams-pear-1-2\/\" \/>\n<meta property=\"og:locale\" content=\"es_ES\" \/>\n<meta property=\"og:type\" content=\"article\" \/>\n<meta property=\"og:title\" content=\"Mitades de peras Williams en conserva en lata 4\/4\" \/>\n<meta property=\"og:description\" content=\"Mitades de peras Williams en conserva en lata 4\/4: frutas fundentes, listas para usar, ideales para postres, pasteler\u00eda y cocinas profesionales.\" \/>\n<meta property=\"og:url\" content=\"https:\/\/www.csj-emballages.com\/es\/produit\/4-4-lata-de-pasta-de-fruta-williams-pear-1-2\/\" \/>\n<meta property=\"og:site_name\" content=\"CSJ Emballages\" \/>\n<meta property=\"article:publisher\" content=\"https:\/\/www.facebook.com\/csjemballages\" \/>\n<meta property=\"article:modified_time\" content=\"2026-04-14T00:10:22+00:00\" \/>\n<meta property=\"og:image\" content=\"https:\/\/www.csj-emballages.com\/wp-content\/uploads\/2024\/05\/020122.webp\" \/>\n\t<meta property=\"og:image:width\" content=\"800\" \/>\n\t<meta property=\"og:image:height\" content=\"800\" \/>\n\t<meta property=\"og:image:type\" content=\"image\/webp\" \/>\n<meta name=\"twitter:card\" content=\"summary_large_image\" \/>\n<meta name=\"twitter:label1\" content=\"Tiempo de lectura\" \/>\n\t<meta name=\"twitter:data1\" content=\"2 minutos\" \/>\n<script type=\"application\/ld+json\" class=\"yoast-schema-graph\">{\"@context\":\"https:\/\/schema.org\",\"@graph\":[{\"@type\":\"WebPage\",\"@id\":\"https:\/\/www.csj-emballages.com\/es\/produit\/4-4-lata-de-pasta-de-fruta-williams-pear-1-2\/\",\"url\":\"https:\/\/www.csj-emballages.com\/es\/produit\/4-4-lata-de-pasta-de-fruta-williams-pear-1-2\/\",\"name\":\"Mitades de Peras Williams en Conserva en Lata 4\/4\",\"isPartOf\":{\"@id\":\"https:\/\/www.csj-emballages.com\/es\/#website\"},\"primaryImageOfPage\":{\"@id\":\"https:\/\/www.csj-emballages.com\/es\/produit\/4-4-lata-de-pasta-de-fruta-williams-pear-1-2\/#primaryimage\"},\"image\":{\"@id\":\"https:\/\/www.csj-emballages.com\/es\/produit\/4-4-lata-de-pasta-de-fruta-williams-pear-1-2\/#primaryimage\"},\"thumbnailUrl\":\"https:\/\/www.csj-emballages.com\/wp-content\/uploads\/2024\/05\/020122.webp\",\"datePublished\":\"2024-05-22T09:12:15+00:00\",\"dateModified\":\"2026-04-14T00:10:22+00:00\",\"description\":\"Mitades de peras Williams en conserva en lata 4\/4: frutas fundentes, listas para usar, ideales para postres, pasteler\u00eda y cocinas profesionales.\",\"breadcrumb\":{\"@id\":\"https:\/\/www.csj-emballages.com\/es\/produit\/4-4-lata-de-pasta-de-fruta-williams-pear-1-2\/#breadcrumb\"},\"inLanguage\":\"es\",\"potentialAction\":[{\"@type\":\"ReadAction\",\"target\":[\"https:\/\/www.csj-emballages.com\/es\/produit\/4-4-lata-de-pasta-de-fruta-williams-pear-1-2\/\"]}]},{\"@type\":\"ImageObject\",\"inLanguage\":\"es\",\"@id\":\"https:\/\/www.csj-emballages.com\/es\/produit\/4-4-lata-de-pasta-de-fruta-williams-pear-1-2\/#primaryimage\",\"url\":\"https:\/\/www.csj-emballages.com\/wp-content\/uploads\/2024\/05\/020122.webp\",\"contentUrl\":\"https:\/\/www.csj-emballages.com\/wp-content\/uploads\/2024\/05\/020122.webp\",\"width\":800,\"height\":800,\"caption\":\"Demi-poires\"},{\"@type\":\"BreadcrumbList\",\"@id\":\"https:\/\/www.csj-emballages.com\/es\/produit\/4-4-lata-de-pasta-de-fruta-williams-pear-1-2\/#breadcrumb\",\"itemListElement\":[{\"@type\":\"ListItem\",\"position\":1,\"name\":\"Accueil\",\"item\":\"https:\/\/www.csj-emballages.com\/es\/universo-del-envasado-alimentario\/\"},{\"@type\":\"ListItem\",\"position\":2,\"name\":\"Tienda\",\"item\":\"https:\/\/www.csj-emballages.com\/tienda\/\"},{\"@type\":\"ListItem\",\"position\":3,\"name\":\"Mitades de peras Williams en conserva en lata 4\/4\"}]},{\"@type\":\"WebSite\",\"@id\":\"https:\/\/www.csj-emballages.com\/es\/#website\",\"url\":\"https:\/\/www.csj-emballages.com\/es\/\",\"name\":\"CSJ Emballages\",\"description\":\"\",\"publisher\":{\"@id\":\"https:\/\/www.csj-emballages.com\/es\/#organization\"},\"potentialAction\":[{\"@type\":\"SearchAction\",\"target\":{\"@type\":\"EntryPoint\",\"urlTemplate\":\"https:\/\/www.csj-emballages.com\/es\/?s={search_term_string}\"},\"query-input\":{\"@type\":\"PropertyValueSpecification\",\"valueRequired\":true,\"valueName\":\"search_term_string\"}}],\"inLanguage\":\"es\"},{\"@type\":\"Organization\",\"@id\":\"https:\/\/www.csj-emballages.com\/es\/#Organization\/\",\"name\":\"CSJ Emballages\",\"url\":\"https:\/\/www.csj-emballages.com\/es\/\",\"logo\":{\"@type\":\"ImageObject\",\"inLanguage\":\"es\",\"@id\":\"https:\/\/www.csj-emballages.com\/es\/#\/schema\/logo\/image\/\",\"url\":\"https:\/\/www.csj-emballages.com\/wp-content\/uploads\/2023\/10\/logo_csj.webp\",\"contentUrl\":\"https:\/\/www.csj-emballages.com\/wp-content\/uploads\/2023\/10\/logo_csj.webp\",\"width\":250,\"height\":95,\"caption\":\"CSJ Emballages\"},\"image\":{\"@id\":\"https:\/\/www.csj-emballages.com\/es\/#\/schema\/logo\/image\/\"},\"sameAs\":[\"https:\/\/www.facebook.com\/csjemballages\"],\"address\":{\"@type\":\"PostalAddress\",\"streetAddress\":\"ZI La Lechere\",\"addressLocality\":\"Patornay\",\"postalCode\":\"39130\",\"addressCountry\":\"FR\"},\"contactPoint\":[{\"@type\":\"ContactPoint\",\"contactType\":\"Service client\",\"telephone\":\"0384254272\",\"email\":\"contact@csj-emballages.com\"}]}]}<\/script>\n<!-- \/ Yoast SEO Premium plugin. -->","yoast_head_json":{"title":"Mitades de Peras Williams en Conserva en Lata 4\/4","description":"Mitades de peras Williams en conserva en lata 4\/4: frutas fundentes, listas para usar, ideales para postres, pasteler\u00eda y cocinas profesionales.","robots":{"index":"index","follow":"follow","max-snippet":"max-snippet:-1","max-image-preview":"max-image-preview:large","max-video-preview":"max-video-preview:-1"},"canonical":"https:\/\/www.csj-emballages.com\/es\/produit\/4-4-lata-de-pasta-de-fruta-williams-pear-1-2\/","og_locale":"es_ES","og_type":"article","og_title":"Mitades de peras Williams en conserva en lata 4\/4","og_description":"Mitades de peras Williams en conserva en lata 4\/4: frutas fundentes, listas para usar, ideales para postres, pasteler\u00eda y cocinas profesionales.","og_url":"https:\/\/www.csj-emballages.com\/es\/produit\/4-4-lata-de-pasta-de-fruta-williams-pear-1-2\/","og_site_name":"CSJ Emballages","article_publisher":"https:\/\/www.facebook.com\/csjemballages","article_modified_time":"2026-04-14T00:10:22+00:00","og_image":[{"width":800,"height":800,"url":"https:\/\/www.csj-emballages.com\/wp-content\/uploads\/2024\/05\/020122.webp","type":"image\/webp"}],"twitter_card":"summary_large_image","twitter_misc":{"Tiempo de lectura":"2 minutos"},"schema":{"@context":"https:\/\/schema.org","@graph":[{"@type":"WebPage","@id":"https:\/\/www.csj-emballages.com\/es\/produit\/4-4-lata-de-pasta-de-fruta-williams-pear-1-2\/","url":"https:\/\/www.csj-emballages.com\/es\/produit\/4-4-lata-de-pasta-de-fruta-williams-pear-1-2\/","name":"Mitades de Peras Williams en Conserva en Lata 4\/4","isPartOf":{"@id":"https:\/\/www.csj-emballages.com\/es\/#website"},"primaryImageOfPage":{"@id":"https:\/\/www.csj-emballages.com\/es\/produit\/4-4-lata-de-pasta-de-fruta-williams-pear-1-2\/#primaryimage"},"image":{"@id":"https:\/\/www.csj-emballages.com\/es\/produit\/4-4-lata-de-pasta-de-fruta-williams-pear-1-2\/#primaryimage"},"thumbnailUrl":"https:\/\/www.csj-emballages.com\/wp-content\/uploads\/2024\/05\/020122.webp","datePublished":"2024-05-22T09:12:15+00:00","dateModified":"2026-04-14T00:10:22+00:00","description":"Mitades de peras Williams en conserva en lata 4\/4: frutas fundentes, listas para usar, ideales para postres, pasteler\u00eda y cocinas profesionales.","breadcrumb":{"@id":"https:\/\/www.csj-emballages.com\/es\/produit\/4-4-lata-de-pasta-de-fruta-williams-pear-1-2\/#breadcrumb"},"inLanguage":"es","potentialAction":[{"@type":"ReadAction","target":["https:\/\/www.csj-emballages.com\/es\/produit\/4-4-lata-de-pasta-de-fruta-williams-pear-1-2\/"]}]},{"@type":"ImageObject","inLanguage":"es","@id":"https:\/\/www.csj-emballages.com\/es\/produit\/4-4-lata-de-pasta-de-fruta-williams-pear-1-2\/#primaryimage","url":"https:\/\/www.csj-emballages.com\/wp-content\/uploads\/2024\/05\/020122.webp","contentUrl":"https:\/\/www.csj-emballages.com\/wp-content\/uploads\/2024\/05\/020122.webp","width":800,"height":800,"caption":"Demi-poires"},{"@type":"BreadcrumbList","@id":"https:\/\/www.csj-emballages.com\/es\/produit\/4-4-lata-de-pasta-de-fruta-williams-pear-1-2\/#breadcrumb","itemListElement":[{"@type":"ListItem","position":1,"name":"Accueil","item":"https:\/\/www.csj-emballages.com\/es\/universo-del-envasado-alimentario\/"},{"@type":"ListItem","position":2,"name":"Tienda","item":"https:\/\/www.csj-emballages.com\/tienda\/"},{"@type":"ListItem","position":3,"name":"Mitades de peras Williams en conserva en lata 4\/4"}]},{"@type":"WebSite","@id":"https:\/\/www.csj-emballages.com\/es\/#website","url":"https:\/\/www.csj-emballages.com\/es\/","name":"CSJ Emballages","description":"","publisher":{"@id":"https:\/\/www.csj-emballages.com\/es\/#organization"},"potentialAction":[{"@type":"SearchAction","target":{"@type":"EntryPoint","urlTemplate":"https:\/\/www.csj-emballages.com\/es\/?s={search_term_string}"},"query-input":{"@type":"PropertyValueSpecification","valueRequired":true,"valueName":"search_term_string"}}],"inLanguage":"es"},{"@type":"Organization","@id":"https:\/\/www.csj-emballages.com\/es\/#Organization\/","name":"CSJ Emballages","url":"https:\/\/www.csj-emballages.com\/es\/","logo":{"@type":"ImageObject","inLanguage":"es","@id":"https:\/\/www.csj-emballages.com\/es\/#\/schema\/logo\/image\/","url":"https:\/\/www.csj-emballages.com\/wp-content\/uploads\/2023\/10\/logo_csj.webp","contentUrl":"https:\/\/www.csj-emballages.com\/wp-content\/uploads\/2023\/10\/logo_csj.webp","width":250,"height":95,"caption":"CSJ Emballages"},"image":{"@id":"https:\/\/www.csj-emballages.com\/es\/#\/schema\/logo\/image\/"},"sameAs":["https:\/\/www.facebook.com\/csjemballages"],"address":{"@type":"PostalAddress","streetAddress":"ZI La Lechere","addressLocality":"Patornay","postalCode":"39130","addressCountry":"FR"},"contactPoint":[{"@type":"ContactPoint","contactType":"Service client","telephone":"0384254272","email":"contact@csj-emballages.com"}]}]}},"df_price":3.34,"df_sale_price":"","df_regular_price":3.34,"df_image_link":"https:\/\/www.csj-emballages.com\/wp-content\/uploads\/2024\/05\/020122-300x300.webp","tiered_pricing_type":"fixed","tiered_pricing_fixed_rules":[],"tiered_pricing_percentage_rules":[],"tiered_pricing_minimum":1,"tiered_pricing_roles_data":[],"_links":{"self":[{"href":"https:\/\/www.csj-emballages.com\/es\/wp-json\/wp\/v2\/product\/16882","targetHints":{"allow":["GET"]}}],"collection":[{"href":"https:\/\/www.csj-emballages.com\/es\/wp-json\/wp\/v2\/product"}],"about":[{"href":"https:\/\/www.csj-emballages.com\/es\/wp-json\/wp\/v2\/types\/product"}],"wp:featuredmedia":[{"embeddable":true,"href":"https:\/\/www.csj-emballages.com\/es\/wp-json\/wp\/v2\/media\/260899"}],"wp:attachment":[{"href":"https:\/\/www.csj-emballages.com\/es\/wp-json\/wp\/v2\/media?parent=16882"}],"wp:term":[{"taxonomy":"product_brand","embeddable":true,"href":"https:\/\/www.csj-emballages.com\/es\/wp-json\/wp\/v2\/product_brand?post=16882"},{"taxonomy":"product_cat","embeddable":true,"href":"https:\/\/www.csj-emballages.com\/es\/wp-json\/wp\/v2\/product_cat?post=16882"},{"taxonomy":"product_tag","embeddable":true,"href":"https:\/\/www.csj-emballages.com\/es\/wp-json\/wp\/v2\/product_tag?post=16882"}],"curies":[{"name":"wp","href":"https:\/\/api.w.org\/{rel}","templated":true}]}}