{"id":16868,"date":"2024-05-22T11:12:04","date_gmt":"2024-05-22T09:12:04","guid":{"rendered":"https:\/\/u15jnbdpoq.preview.infomaniak.website\/produit\/4-4-latas-de-albaricoques-sin-pelar-de-primera-calidad\/"},"modified":"2026-03-12T16:00:33","modified_gmt":"2026-03-12T15:00:33","slug":"4-4-latas-de-albaricoques-sin-pelar-de-primera-calidad","status":"publish","type":"product","link":"https:\/\/www.csj-emballages.com\/es\/produit\/4-4-latas-de-albaricoques-sin-pelar-de-primera-calidad\/","title":{"rendered":"Mitades de albaricoque sin pelar conservadas en lata 4\/4"},"content":{"rendered":"<h2>Mitades de albaricoque sin pelar<\/h2>\n<hr>\n<p><span style=\"font-size: 18.72px;\"><b>Descubra nuestras mitades de albaricoque sin pelar conservadas en lata 4\/4<\/b><\/span><!--more--><\/p>\n<p data-start=\"243\" data-end=\"648\">Estas <strong data-start=\"247\" data-end=\"281\">mitades de albaricoque sin pelar<\/strong> son una soluci\u00f3n muy pr\u00e1ctica para profesionales y aficionados a los postres caseros. Seleccionadas en su punto \u00f3ptimo de maduraci\u00f3n, las <strong>frutas se cortan<\/strong> cuidadosamente y luego se <strong>conservan<\/strong> para mantener su color, textura y, sobre todo, su sabor naturalmente afrutado. El hecho de conservar la piel aporta un aspecto m\u00e1s aut\u00e9ntico y una mejor consistencia al hornear.  <\/p>\n<p data-start=\"650\" data-end=\"1020\">Al abrir la <strong>lata 4\/4<\/strong>, se descubren unas mitades bien formadas, regulares y fundentes, listas para usar. Se trabajan f\u00e1cilmente y se integran tanto en preparaciones sencillas como en recetas m\u00e1s elaboradas. <strong>Tartas, clafoutis, entremeses, ensaladas de frutas<\/strong> o acompa\u00f1amientos agridulces: estos <strong>albaricoques<\/strong> se adaptan a todos los gustos. <\/p>\n<p data-start=\"1022\" data-end=\"1364\">Gracias a su envasado de gran formato, son perfectos para restaurantes, empresas de catering, pasteler\u00edas o colectividades. Ahorrar\u00e1 tiempo en la cocina manteniendo una calidad constante de un servicio a otro. Asimismo, su sabor equilibrado permite limitar la adici\u00f3n de az\u00facar en las recetas, lo que siempre es una ventaja.  <\/p>\n<p data-start=\"1366\" data-end=\"1612\">Otra ventaja importante: su larga conservaci\u00f3n le permite utilizarlos durante todo el a\u00f1o, incluso fuera de temporada. De este modo, podr\u00e1 ofrecer postres con notas veraniegas en cualquier momento, sin problemas de suministro. <\/p>\n<p data-start=\"1614\" data-end=\"1822\">En resumen, estas <strong>mitades de albaricoque<\/strong> son pr\u00e1cticas, vers\u00e1tiles y fiables. Ofrecen una base de trabajo ideal para todas las preparaciones en las que la fruta debe permanecer visible, apetitosa y agradable en boca. <\/p>\n<p data-start=\"1614\" data-end=\"1822\">\n<p data-start=\"1614\" data-end=\"1822\"><!--more--><\/p>\n<h4 data-start=\"1614\" data-end=\"1822\">Ventajas :<\/h4>\n<ul>\n<li data-start=\"1850\" data-end=\"1886\"><strong>Mitades regulares<\/strong> y bien formadas<\/li>\n<li data-start=\"1889\" data-end=\"1928\">Textura fundente con buena consistencia<\/li>\n<li data-start=\"1931\" data-end=\"1978\">Albaricoques sin pelar para un resultado m\u00e1s natural<\/li>\n<li data-start=\"1981\" data-end=\"2025\"><strong>Gran formato 4\/4<\/strong> adaptado a los profesionales<\/li>\n<li data-start=\"2028\" data-end=\"2068\">Uso r\u00e1pido y sin preparaci\u00f3n.<\/li>\n<\/ul>\n<p>&nbsp;<\/p>\n<p><!--more--><\/p>\n<h4>Informaci\u00f3n adicional :<\/h4>\n<ul>\n<li><strong>Embalaje<\/strong>: Caja 4\/4<\/li>\n<li><strong>Peso neto escurrido<\/strong>: 475 gr<\/li>\n<li><strong>Peso medio de una mitad<\/strong>: 11 a 13 gr<\/li>\n<li><strong>Di\u00e1metro medio<\/strong>: 32 a 37 mm<\/li>\n<li><strong>N\u00famero de mitades<\/strong>: 40 a 45<\/li>\n<\/ul>\n<p>&nbsp;<\/p>\n<p><!--more--><\/p>\n<p><a href=\"https:\/\/www.csj-emballages.com\/es\/categorie-produit\/alimentacion-es\/alimentacion\/fruta-seca-y-fruta-en-almibar\/albaricoque\/\">Consulte el resto de nuestra gama de albaricoques en alm\u00edbar<\/a><\/p>\n","protected":false},"excerpt":{"rendered":"<p>Mitades de albaricoque sin pelar Descubra nuestras mitades de albaricoque sin pelar conservadas en lata 4\/4<\/p>\n","protected":false},"featured_media":260816,"template":"","meta":{"_acf_changed":false},"product_brand":[],"product_cat":[1162,1189,1200,5928],"product_tag":[],"class_list":{"0":"post-16868","1":"product","2":"type-product","3":"status-publish","4":"has-post-thumbnail","6":"product_cat-alimentacion-es","7":"product_cat-alimentacion","8":"product_cat-fruta-seca-y-fruta-en-almibar","9":"product_cat-albaricoque","11":"first","12":"instock","13":"featured","14":"taxable","15":"shipping-taxable","16":"purchasable","17":"product-type-simple"},"acf":[],"yoast_head":"<!-- This site is optimized with the Yoast SEO Premium plugin v26.6 (Yoast SEO v26.6) - https:\/\/yoast.com\/wordpress\/plugins\/seo\/ -->\n<title>Mitades de albaricoque sin pelar conservadas en lata 4\/4<\/title>\n<meta name=\"description\" content=\"Mitades de albaricoque sin pelar conservadas en lata 4\/4. Formato profesional, textura fundente y sabor afrutado para todas sus recetas dulces.\" \/>\n<meta name=\"robots\" content=\"index, follow, max-snippet:-1, max-image-preview:large, max-video-preview:-1\" \/>\n<link rel=\"canonical\" href=\"https:\/\/www.csj-emballages.com\/es\/produit\/4-4-latas-de-albaricoques-sin-pelar-de-primera-calidad\/\" \/>\n<meta property=\"og:locale\" content=\"es_ES\" \/>\n<meta property=\"og:type\" content=\"article\" \/>\n<meta property=\"og:title\" content=\"Mitades de albaricoque sin pelar conservadas en lata 4\/4\" \/>\n<meta property=\"og:description\" content=\"Mitades de albaricoque sin pelar conservadas en lata 4\/4. Formato profesional, textura fundente y sabor afrutado para todas sus recetas dulces.\" \/>\n<meta property=\"og:url\" content=\"https:\/\/www.csj-emballages.com\/es\/produit\/4-4-latas-de-albaricoques-sin-pelar-de-primera-calidad\/\" \/>\n<meta property=\"og:site_name\" content=\"CSJ Emballages\" \/>\n<meta property=\"article:publisher\" content=\"https:\/\/www.facebook.com\/csjemballages\" \/>\n<meta property=\"article:modified_time\" content=\"2026-03-12T15:00:33+00:00\" \/>\n<meta property=\"og:image\" content=\"https:\/\/www.csj-emballages.com\/wp-content\/uploads\/2024\/05\/010124.webp\" \/>\n\t<meta property=\"og:image:width\" content=\"800\" \/>\n\t<meta property=\"og:image:height\" content=\"800\" \/>\n\t<meta property=\"og:image:type\" content=\"image\/webp\" \/>\n<meta name=\"twitter:card\" content=\"summary_large_image\" \/>\n<meta name=\"twitter:label1\" content=\"Tiempo de lectura\" \/>\n\t<meta name=\"twitter:data1\" content=\"2 minutos\" \/>\n<script type=\"application\/ld+json\" class=\"yoast-schema-graph\">{\"@context\":\"https:\/\/schema.org\",\"@graph\":[{\"@type\":\"WebPage\",\"@id\":\"https:\/\/www.csj-emballages.com\/es\/produit\/4-4-latas-de-albaricoques-sin-pelar-de-primera-calidad\/\",\"url\":\"https:\/\/www.csj-emballages.com\/es\/produit\/4-4-latas-de-albaricoques-sin-pelar-de-primera-calidad\/\",\"name\":\"Mitades de albaricoque sin pelar conservadas en lata 4\/4\",\"isPartOf\":{\"@id\":\"https:\/\/www.csj-emballages.com\/es\/#website\"},\"primaryImageOfPage\":{\"@id\":\"https:\/\/www.csj-emballages.com\/es\/produit\/4-4-latas-de-albaricoques-sin-pelar-de-primera-calidad\/#primaryimage\"},\"image\":{\"@id\":\"https:\/\/www.csj-emballages.com\/es\/produit\/4-4-latas-de-albaricoques-sin-pelar-de-primera-calidad\/#primaryimage\"},\"thumbnailUrl\":\"https:\/\/www.csj-emballages.com\/wp-content\/uploads\/2024\/05\/010124.webp\",\"datePublished\":\"2024-05-22T09:12:04+00:00\",\"dateModified\":\"2026-03-12T15:00:33+00:00\",\"description\":\"Mitades de albaricoque sin pelar conservadas en lata 4\/4. Formato profesional, textura fundente y sabor afrutado para todas sus recetas dulces.\",\"breadcrumb\":{\"@id\":\"https:\/\/www.csj-emballages.com\/es\/produit\/4-4-latas-de-albaricoques-sin-pelar-de-primera-calidad\/#breadcrumb\"},\"inLanguage\":\"es\",\"potentialAction\":[{\"@type\":\"ReadAction\",\"target\":[\"https:\/\/www.csj-emballages.com\/es\/produit\/4-4-latas-de-albaricoques-sin-pelar-de-primera-calidad\/\"]}]},{\"@type\":\"ImageObject\",\"inLanguage\":\"es\",\"@id\":\"https:\/\/www.csj-emballages.com\/es\/produit\/4-4-latas-de-albaricoques-sin-pelar-de-primera-calidad\/#primaryimage\",\"url\":\"https:\/\/www.csj-emballages.com\/wp-content\/uploads\/2024\/05\/010124.webp\",\"contentUrl\":\"https:\/\/www.csj-emballages.com\/wp-content\/uploads\/2024\/05\/010124.webp\",\"width\":800,\"height\":800,\"caption\":\"Oreillons d'abricots\"},{\"@type\":\"BreadcrumbList\",\"@id\":\"https:\/\/www.csj-emballages.com\/es\/produit\/4-4-latas-de-albaricoques-sin-pelar-de-primera-calidad\/#breadcrumb\",\"itemListElement\":[{\"@type\":\"ListItem\",\"position\":1,\"name\":\"Accueil\",\"item\":\"https:\/\/www.csj-emballages.com\/es\/universo-del-envasado-alimentario\/\"},{\"@type\":\"ListItem\",\"position\":2,\"name\":\"Tienda\",\"item\":\"https:\/\/www.csj-emballages.com\/tienda\/\"},{\"@type\":\"ListItem\",\"position\":3,\"name\":\"Mitades de albaricoque sin pelar conservadas en lata 4\/4\"}]},{\"@type\":\"WebSite\",\"@id\":\"https:\/\/www.csj-emballages.com\/es\/#website\",\"url\":\"https:\/\/www.csj-emballages.com\/es\/\",\"name\":\"CSJ Emballages\",\"description\":\"\",\"publisher\":{\"@id\":\"https:\/\/www.csj-emballages.com\/es\/#organization\"},\"potentialAction\":[{\"@type\":\"SearchAction\",\"target\":{\"@type\":\"EntryPoint\",\"urlTemplate\":\"https:\/\/www.csj-emballages.com\/es\/?s={search_term_string}\"},\"query-input\":{\"@type\":\"PropertyValueSpecification\",\"valueRequired\":true,\"valueName\":\"search_term_string\"}}],\"inLanguage\":\"es\"},{\"@type\":\"Organization\",\"@id\":\"https:\/\/www.csj-emballages.com\/es\/#Organization\/\",\"name\":\"CSJ Emballages\",\"url\":\"https:\/\/www.csj-emballages.com\/es\/\",\"logo\":{\"@type\":\"ImageObject\",\"inLanguage\":\"es\",\"@id\":\"https:\/\/www.csj-emballages.com\/es\/#\/schema\/logo\/image\/\",\"url\":\"https:\/\/www.csj-emballages.com\/wp-content\/uploads\/2023\/10\/logo_csj.webp\",\"contentUrl\":\"https:\/\/www.csj-emballages.com\/wp-content\/uploads\/2023\/10\/logo_csj.webp\",\"width\":250,\"height\":95,\"caption\":\"CSJ Emballages\"},\"image\":{\"@id\":\"https:\/\/www.csj-emballages.com\/es\/#\/schema\/logo\/image\/\"},\"sameAs\":[\"https:\/\/www.facebook.com\/csjemballages\"],\"address\":{\"@type\":\"PostalAddress\",\"streetAddress\":\"ZI La Lechere\",\"addressLocality\":\"Patornay\",\"postalCode\":\"39130\",\"addressCountry\":\"FR\"},\"contactPoint\":[{\"@type\":\"ContactPoint\",\"contactType\":\"Service client\",\"telephone\":\"0384254272\",\"email\":\"contact@csj-emballages.com\"}]}]}<\/script>\n<!-- \/ Yoast SEO Premium plugin. -->","yoast_head_json":{"title":"Mitades de albaricoque sin pelar conservadas en lata 4\/4","description":"Mitades de albaricoque sin pelar conservadas en lata 4\/4. Formato profesional, textura fundente y sabor afrutado para todas sus recetas dulces.","robots":{"index":"index","follow":"follow","max-snippet":"max-snippet:-1","max-image-preview":"max-image-preview:large","max-video-preview":"max-video-preview:-1"},"canonical":"https:\/\/www.csj-emballages.com\/es\/produit\/4-4-latas-de-albaricoques-sin-pelar-de-primera-calidad\/","og_locale":"es_ES","og_type":"article","og_title":"Mitades de albaricoque sin pelar conservadas en lata 4\/4","og_description":"Mitades de albaricoque sin pelar conservadas en lata 4\/4. Formato profesional, textura fundente y sabor afrutado para todas sus recetas dulces.","og_url":"https:\/\/www.csj-emballages.com\/es\/produit\/4-4-latas-de-albaricoques-sin-pelar-de-primera-calidad\/","og_site_name":"CSJ Emballages","article_publisher":"https:\/\/www.facebook.com\/csjemballages","article_modified_time":"2026-03-12T15:00:33+00:00","og_image":[{"width":800,"height":800,"url":"https:\/\/www.csj-emballages.com\/wp-content\/uploads\/2024\/05\/010124.webp","type":"image\/webp"}],"twitter_card":"summary_large_image","twitter_misc":{"Tiempo de lectura":"2 minutos"},"schema":{"@context":"https:\/\/schema.org","@graph":[{"@type":"WebPage","@id":"https:\/\/www.csj-emballages.com\/es\/produit\/4-4-latas-de-albaricoques-sin-pelar-de-primera-calidad\/","url":"https:\/\/www.csj-emballages.com\/es\/produit\/4-4-latas-de-albaricoques-sin-pelar-de-primera-calidad\/","name":"Mitades de albaricoque sin pelar conservadas en lata 4\/4","isPartOf":{"@id":"https:\/\/www.csj-emballages.com\/es\/#website"},"primaryImageOfPage":{"@id":"https:\/\/www.csj-emballages.com\/es\/produit\/4-4-latas-de-albaricoques-sin-pelar-de-primera-calidad\/#primaryimage"},"image":{"@id":"https:\/\/www.csj-emballages.com\/es\/produit\/4-4-latas-de-albaricoques-sin-pelar-de-primera-calidad\/#primaryimage"},"thumbnailUrl":"https:\/\/www.csj-emballages.com\/wp-content\/uploads\/2024\/05\/010124.webp","datePublished":"2024-05-22T09:12:04+00:00","dateModified":"2026-03-12T15:00:33+00:00","description":"Mitades de albaricoque sin pelar conservadas en lata 4\/4. Formato profesional, textura fundente y sabor afrutado para todas sus recetas dulces.","breadcrumb":{"@id":"https:\/\/www.csj-emballages.com\/es\/produit\/4-4-latas-de-albaricoques-sin-pelar-de-primera-calidad\/#breadcrumb"},"inLanguage":"es","potentialAction":[{"@type":"ReadAction","target":["https:\/\/www.csj-emballages.com\/es\/produit\/4-4-latas-de-albaricoques-sin-pelar-de-primera-calidad\/"]}]},{"@type":"ImageObject","inLanguage":"es","@id":"https:\/\/www.csj-emballages.com\/es\/produit\/4-4-latas-de-albaricoques-sin-pelar-de-primera-calidad\/#primaryimage","url":"https:\/\/www.csj-emballages.com\/wp-content\/uploads\/2024\/05\/010124.webp","contentUrl":"https:\/\/www.csj-emballages.com\/wp-content\/uploads\/2024\/05\/010124.webp","width":800,"height":800,"caption":"Oreillons d'abricots"},{"@type":"BreadcrumbList","@id":"https:\/\/www.csj-emballages.com\/es\/produit\/4-4-latas-de-albaricoques-sin-pelar-de-primera-calidad\/#breadcrumb","itemListElement":[{"@type":"ListItem","position":1,"name":"Accueil","item":"https:\/\/www.csj-emballages.com\/es\/universo-del-envasado-alimentario\/"},{"@type":"ListItem","position":2,"name":"Tienda","item":"https:\/\/www.csj-emballages.com\/tienda\/"},{"@type":"ListItem","position":3,"name":"Mitades de albaricoque sin pelar conservadas en lata 4\/4"}]},{"@type":"WebSite","@id":"https:\/\/www.csj-emballages.com\/es\/#website","url":"https:\/\/www.csj-emballages.com\/es\/","name":"CSJ Emballages","description":"","publisher":{"@id":"https:\/\/www.csj-emballages.com\/es\/#organization"},"potentialAction":[{"@type":"SearchAction","target":{"@type":"EntryPoint","urlTemplate":"https:\/\/www.csj-emballages.com\/es\/?s={search_term_string}"},"query-input":{"@type":"PropertyValueSpecification","valueRequired":true,"valueName":"search_term_string"}}],"inLanguage":"es"},{"@type":"Organization","@id":"https:\/\/www.csj-emballages.com\/es\/#Organization\/","name":"CSJ Emballages","url":"https:\/\/www.csj-emballages.com\/es\/","logo":{"@type":"ImageObject","inLanguage":"es","@id":"https:\/\/www.csj-emballages.com\/es\/#\/schema\/logo\/image\/","url":"https:\/\/www.csj-emballages.com\/wp-content\/uploads\/2023\/10\/logo_csj.webp","contentUrl":"https:\/\/www.csj-emballages.com\/wp-content\/uploads\/2023\/10\/logo_csj.webp","width":250,"height":95,"caption":"CSJ Emballages"},"image":{"@id":"https:\/\/www.csj-emballages.com\/es\/#\/schema\/logo\/image\/"},"sameAs":["https:\/\/www.facebook.com\/csjemballages"],"address":{"@type":"PostalAddress","streetAddress":"ZI La Lechere","addressLocality":"Patornay","postalCode":"39130","addressCountry":"FR"},"contactPoint":[{"@type":"ContactPoint","contactType":"Service client","telephone":"0384254272","email":"contact@csj-emballages.com"}]}]}},"df_price":2.79,"df_sale_price":"","df_regular_price":2.79,"df_image_link":"https:\/\/www.csj-emballages.com\/wp-content\/uploads\/2024\/05\/010124-300x300.webp","tiered_pricing_type":"fixed","tiered_pricing_fixed_rules":[],"tiered_pricing_percentage_rules":[],"tiered_pricing_minimum":1,"tiered_pricing_roles_data":[],"_links":{"self":[{"href":"https:\/\/www.csj-emballages.com\/es\/wp-json\/wp\/v2\/product\/16868","targetHints":{"allow":["GET"]}}],"collection":[{"href":"https:\/\/www.csj-emballages.com\/es\/wp-json\/wp\/v2\/product"}],"about":[{"href":"https:\/\/www.csj-emballages.com\/es\/wp-json\/wp\/v2\/types\/product"}],"wp:featuredmedia":[{"embeddable":true,"href":"https:\/\/www.csj-emballages.com\/es\/wp-json\/wp\/v2\/media\/260816"}],"wp:attachment":[{"href":"https:\/\/www.csj-emballages.com\/es\/wp-json\/wp\/v2\/media?parent=16868"}],"wp:term":[{"taxonomy":"product_brand","embeddable":true,"href":"https:\/\/www.csj-emballages.com\/es\/wp-json\/wp\/v2\/product_brand?post=16868"},{"taxonomy":"product_cat","embeddable":true,"href":"https:\/\/www.csj-emballages.com\/es\/wp-json\/wp\/v2\/product_cat?post=16868"},{"taxonomy":"product_tag","embeddable":true,"href":"https:\/\/www.csj-emballages.com\/es\/wp-json\/wp\/v2\/product_tag?post=16868"}],"curies":[{"name":"wp","href":"https:\/\/api.w.org\/{rel}","templated":true}]}}