{"id":16860,"date":"2024-05-16T09:19:33","date_gmt":"2024-05-16T07:19:33","guid":{"rendered":"https:\/\/u15jnbdpoq.preview.infomaniak.website\/produit\/1000-bolsas-para-albaranes-225-x-155-mm-documentos-adjuntos\/"},"modified":"2026-04-29T02:16:48","modified_gmt":"2026-04-29T00:16:48","slug":"1000-bolsas-para-albaranes-225-x-155-mm-documentos-adjuntos","status":"publish","type":"product","link":"https:\/\/www.csj-emballages.com\/es\/produit\/1000-bolsas-para-albaranes-225-x-155-mm-documentos-adjuntos\/","title":{"rendered":"Bolsa de env\u00edo 225 x 155 mm documentos adjuntos por 1000"},"content":{"rendered":"<h2>Bolsa de env\u00edo<\/h2>\n<hr>\n<h3>Descubra nuestra bolsa de env\u00edo de 225 x 155 mm documentos adjuntos por 1000<\/h3>\n<p><!--more--><\/p>\n<div class=\"flex-shrink-0 flex flex-col relative items-end\">\n<div class=\"pt-0.5 juice:pt-0\">\n<div class=\"gizmo-bot-avatar flex h-6 w-6 items-center justify-center overflow-hidden rounded-full juice:h-8 juice:w-8\">\n<div class=\"relative p-1 rounded-sm flex items-center justify-center bg-token-main-surface-primary text-token-text-primary h-8 w-8\">\n<p data-start=\"248\" data-end=\"636\">Durante un env\u00edo, un documento olvidado o mal colocado puede complicar r\u00e1pidamente las cosas. Con esta <strong data-start=\"341\" data-end=\"400\">bolsa de env\u00edo \u201cDocuments Enclosed\u201d de 225 x 155 mm<\/strong><span dir=\"auto\">, a <\/span><strong data-start=\"527\" data-end=\"593\">albar\u00e1n de entrega, una factura o cualquier otro documento importante. <\/strong>  <\/p>\n<p data-start=\"248\" data-end=\"636\">Su formato se adapta perfectamente a los documentos plegados, sin dejar de ser discreto en el paquete. Una vez pegada, la <strong>bolsa protege eficazmente los papeles<\/strong> contra la humedad, la fricci\u00f3n y la manipulaci\u00f3n relacionada con el transporte. La informaci\u00f3n permanece visible, limpia y f\u00e1cilmente accesible, lo que simplifica el trabajo de los transportistas y del destinatario.  <\/p>\n<p data-start=\"1016\" data-end=\"1358\">La menci\u00f3n <strong data-start=\"1027\" data-end=\"1051\">\u201cDocuments Enclosed\u201d<\/strong>, bien legible, llama inmediatamente la atenci\u00f3n. Permite identificar r\u00e1pidamente la presencia de documentos adjuntos, lo que evita olvidos, errores de procesamiento y p\u00e9rdidas de tiempo. Es una verdadera ventaja para mejorar la fluidez de los env\u00edos y reforzar el lado profesional de cada env\u00edo.  <\/p>\n<p data-start=\"1360\" data-end=\"1629\">Propuesta <strong data-start=\"1369\" data-end=\"1388\">por lote de 1000<\/strong>, esta <strong>bolsa<\/strong> es ideal para las empresas que realizan env\u00edos con regularidad: e-<strong>commerce, plataformas log\u00edsticas, oficinas o servicios administrativos<\/strong>. Se integra f\u00e1cilmente en un proceso de env\u00edo existente, sin cambiar los h\u00e1bitos. <\/p>\n<p data-start=\"1631\" data-end=\"1776\">En resumen, esta <strong>bolsa de env\u00edo<\/strong> es una peque\u00f1a herramienta sencilla, pero esencial, para env\u00edos mejor organizados, m\u00e1s claros y m\u00e1s eficaces.<\/p>\n<p data-start=\"1631\" data-end=\"1776\">\n<\/div>\n<\/div>\n<\/div>\n<\/div>\n<p><!--more--><\/p>\n<p><strong>Ventajas :<\/strong><\/p>\n<ul>\n<li data-start=\"1804\" data-end=\"1852\">Permite adjuntar la factura o el albar\u00e1n de entrega.<\/li>\n<li data-start=\"1855\" data-end=\"1886\"><span dir=\"auto\"><span dir=\"auto\">Formato 225 x 155.<\/span><\/span><\/li>\n<li data-start=\"1977\" data-end=\"2010\">Facilita el trabajo log\u00edstico.<\/li>\n<li data-start=\"2013\" data-end=\"2043\">Paquete econ\u00f3mico de <strong>1000 unidades<\/strong>.<\/li>\n<\/ul>\n<p>&nbsp;<\/p>\n<p><!--more--><\/p>\n<h4>Informaci\u00f3n adicional :<\/h4>\n<ul>\n<li><strong>Embalaje<\/strong>: Caja de 1000<\/li>\n<li><strong>Dimensiones<\/strong>: 225 x 155 mm<\/li>\n<\/ul>\n<p>&nbsp;<\/p>\n<p><!--more--><\/p>\n<p><a href=\"https:\/\/www.csj-emballages.com\/es\/universo-de-los-envases-industriales\/\">Ver el resto de nuestro mundo de envases industriales<\/a><\/p>\n","protected":false},"excerpt":{"rendered":"<p>Bolsa de env\u00edo Descubra nuestra bolsa de env\u00edo de 225 x 155 mm documentos adjuntos por 1000<\/p>\n","protected":false},"featured_media":263276,"template":"","meta":{"_acf_changed":false},"product_brand":[],"product_cat":[1150,1212,1213],"product_tag":[],"class_list":{"0":"post-16860","1":"product","2":"type-product","3":"status-publish","4":"has-post-thumbnail","6":"product_cat-envasado-de-alimentos","7":"product_cat-envases-industriales","8":"product_cat-bolsas-de-envio","10":"first","11":"instock","12":"taxable","13":"shipping-taxable","14":"purchasable","15":"product-type-simple"},"acf":[],"yoast_head":"<!-- This site is optimized with the Yoast SEO Premium plugin v26.6 (Yoast SEO v26.6) - https:\/\/yoast.com\/wordpress\/plugins\/seo\/ -->\n<title>Bolsa de Env\u00edo 225 x 155 mm documentos adjuntos por 1000<\/title>\n<meta name=\"description\" content=\"Bolsa de env\u00edo de 225 x 155 mm \u201cDocuments Enclosed\u201d por 1000. Soluci\u00f3n pr\u00e1ctica para adjuntar la factura o el albar\u00e1n de entrega a sus paquetes.\" \/>\n<meta name=\"robots\" content=\"index, follow, max-snippet:-1, max-image-preview:large, max-video-preview:-1\" \/>\n<link rel=\"canonical\" href=\"https:\/\/www.csj-emballages.com\/es\/produit\/1000-bolsas-para-albaranes-225-x-155-mm-documentos-adjuntos\/\" \/>\n<meta property=\"og:locale\" content=\"es_ES\" \/>\n<meta property=\"og:type\" content=\"article\" \/>\n<meta property=\"og:title\" content=\"Bolsa de env\u00edo 225 x 155 mm documentos adjuntos por 1000\" \/>\n<meta property=\"og:description\" content=\"Bolsa de env\u00edo de 225 x 155 mm \u201cDocuments Enclosed\u201d por 1000. Soluci\u00f3n pr\u00e1ctica para adjuntar la factura o el albar\u00e1n de entrega a sus paquetes.\" \/>\n<meta property=\"og:url\" content=\"https:\/\/www.csj-emballages.com\/es\/produit\/1000-bolsas-para-albaranes-225-x-155-mm-documentos-adjuntos\/\" \/>\n<meta property=\"og:site_name\" content=\"CSJ Emballages\" \/>\n<meta property=\"article:publisher\" content=\"https:\/\/www.facebook.com\/csjemballages\" \/>\n<meta property=\"article:modified_time\" content=\"2026-04-29T00:16:48+00:00\" \/>\n<meta property=\"og:image\" content=\"https:\/\/www.csj-emballages.com\/wp-content\/uploads\/2024\/05\/Pochette-dexpedition.webp\" \/>\n\t<meta property=\"og:image:width\" content=\"800\" \/>\n\t<meta property=\"og:image:height\" content=\"800\" \/>\n\t<meta property=\"og:image:type\" content=\"image\/webp\" \/>\n<meta name=\"twitter:card\" content=\"summary_large_image\" \/>\n<meta name=\"twitter:label1\" content=\"Tiempo de lectura\" \/>\n\t<meta name=\"twitter:data1\" content=\"1 minuto\" \/>\n<script type=\"application\/ld+json\" class=\"yoast-schema-graph\">{\"@context\":\"https:\/\/schema.org\",\"@graph\":[{\"@type\":\"WebPage\",\"@id\":\"https:\/\/www.csj-emballages.com\/es\/produit\/1000-bolsas-para-albaranes-225-x-155-mm-documentos-adjuntos\/\",\"url\":\"https:\/\/www.csj-emballages.com\/es\/produit\/1000-bolsas-para-albaranes-225-x-155-mm-documentos-adjuntos\/\",\"name\":\"Bolsa de Env\u00edo 225 x 155 mm documentos adjuntos por 1000\",\"isPartOf\":{\"@id\":\"https:\/\/www.csj-emballages.com\/es\/#website\"},\"primaryImageOfPage\":{\"@id\":\"https:\/\/www.csj-emballages.com\/es\/produit\/1000-bolsas-para-albaranes-225-x-155-mm-documentos-adjuntos\/#primaryimage\"},\"image\":{\"@id\":\"https:\/\/www.csj-emballages.com\/es\/produit\/1000-bolsas-para-albaranes-225-x-155-mm-documentos-adjuntos\/#primaryimage\"},\"thumbnailUrl\":\"https:\/\/www.csj-emballages.com\/wp-content\/uploads\/2024\/05\/Pochette-dexpedition.webp\",\"datePublished\":\"2024-05-16T07:19:33+00:00\",\"dateModified\":\"2026-04-29T00:16:48+00:00\",\"description\":\"Bolsa de env\u00edo de 225 x 155 mm \u201cDocuments Enclosed\u201d por 1000. Soluci\u00f3n pr\u00e1ctica para adjuntar la factura o el albar\u00e1n de entrega a sus paquetes.\",\"breadcrumb\":{\"@id\":\"https:\/\/www.csj-emballages.com\/es\/produit\/1000-bolsas-para-albaranes-225-x-155-mm-documentos-adjuntos\/#breadcrumb\"},\"inLanguage\":\"es\",\"potentialAction\":[{\"@type\":\"ReadAction\",\"target\":[\"https:\/\/www.csj-emballages.com\/es\/produit\/1000-bolsas-para-albaranes-225-x-155-mm-documentos-adjuntos\/\"]}]},{\"@type\":\"ImageObject\",\"inLanguage\":\"es\",\"@id\":\"https:\/\/www.csj-emballages.com\/es\/produit\/1000-bolsas-para-albaranes-225-x-155-mm-documentos-adjuntos\/#primaryimage\",\"url\":\"https:\/\/www.csj-emballages.com\/wp-content\/uploads\/2024\/05\/Pochette-dexpedition.webp\",\"contentUrl\":\"https:\/\/www.csj-emballages.com\/wp-content\/uploads\/2024\/05\/Pochette-dexpedition.webp\",\"width\":800,\"height\":800,\"caption\":\"Pochette d'exp\u00e9dition\"},{\"@type\":\"BreadcrumbList\",\"@id\":\"https:\/\/www.csj-emballages.com\/es\/produit\/1000-bolsas-para-albaranes-225-x-155-mm-documentos-adjuntos\/#breadcrumb\",\"itemListElement\":[{\"@type\":\"ListItem\",\"position\":1,\"name\":\"Accueil\",\"item\":\"https:\/\/www.csj-emballages.com\/es\/universo-del-envasado-alimentario\/\"},{\"@type\":\"ListItem\",\"position\":2,\"name\":\"Tienda\",\"item\":\"https:\/\/www.csj-emballages.com\/tienda\/\"},{\"@type\":\"ListItem\",\"position\":3,\"name\":\"Bolsa de env\u00edo 225 x 155 mm documentos adjuntos por 1000\"}]},{\"@type\":\"WebSite\",\"@id\":\"https:\/\/www.csj-emballages.com\/es\/#website\",\"url\":\"https:\/\/www.csj-emballages.com\/es\/\",\"name\":\"CSJ Emballages\",\"description\":\"\",\"publisher\":{\"@id\":\"https:\/\/www.csj-emballages.com\/es\/#organization\"},\"potentialAction\":[{\"@type\":\"SearchAction\",\"target\":{\"@type\":\"EntryPoint\",\"urlTemplate\":\"https:\/\/www.csj-emballages.com\/es\/?s={search_term_string}\"},\"query-input\":{\"@type\":\"PropertyValueSpecification\",\"valueRequired\":true,\"valueName\":\"search_term_string\"}}],\"inLanguage\":\"es\"},{\"@type\":\"Organization\",\"@id\":\"https:\/\/www.csj-emballages.com\/es\/#Organization\/\",\"name\":\"CSJ Emballages\",\"url\":\"https:\/\/www.csj-emballages.com\/es\/\",\"logo\":{\"@type\":\"ImageObject\",\"inLanguage\":\"es\",\"@id\":\"https:\/\/www.csj-emballages.com\/es\/#\/schema\/logo\/image\/\",\"url\":\"https:\/\/www.csj-emballages.com\/wp-content\/uploads\/2023\/10\/logo_csj.webp\",\"contentUrl\":\"https:\/\/www.csj-emballages.com\/wp-content\/uploads\/2023\/10\/logo_csj.webp\",\"width\":250,\"height\":95,\"caption\":\"CSJ Emballages\"},\"image\":{\"@id\":\"https:\/\/www.csj-emballages.com\/es\/#\/schema\/logo\/image\/\"},\"sameAs\":[\"https:\/\/www.facebook.com\/csjemballages\"],\"address\":{\"@type\":\"PostalAddress\",\"streetAddress\":\"ZI La Lechere\",\"addressLocality\":\"Patornay\",\"postalCode\":\"39130\",\"addressCountry\":\"FR\"},\"contactPoint\":[{\"@type\":\"ContactPoint\",\"contactType\":\"Service client\",\"telephone\":\"0384254272\",\"email\":\"contact@csj-emballages.com\"}]}]}<\/script>\n<!-- \/ Yoast SEO Premium plugin. -->","yoast_head_json":{"title":"Bolsa de Env\u00edo 225 x 155 mm documentos adjuntos por 1000","description":"Bolsa de env\u00edo de 225 x 155 mm \u201cDocuments Enclosed\u201d por 1000. Soluci\u00f3n pr\u00e1ctica para adjuntar la factura o el albar\u00e1n de entrega a sus paquetes.","robots":{"index":"index","follow":"follow","max-snippet":"max-snippet:-1","max-image-preview":"max-image-preview:large","max-video-preview":"max-video-preview:-1"},"canonical":"https:\/\/www.csj-emballages.com\/es\/produit\/1000-bolsas-para-albaranes-225-x-155-mm-documentos-adjuntos\/","og_locale":"es_ES","og_type":"article","og_title":"Bolsa de env\u00edo 225 x 155 mm documentos adjuntos por 1000","og_description":"Bolsa de env\u00edo de 225 x 155 mm \u201cDocuments Enclosed\u201d por 1000. Soluci\u00f3n pr\u00e1ctica para adjuntar la factura o el albar\u00e1n de entrega a sus paquetes.","og_url":"https:\/\/www.csj-emballages.com\/es\/produit\/1000-bolsas-para-albaranes-225-x-155-mm-documentos-adjuntos\/","og_site_name":"CSJ Emballages","article_publisher":"https:\/\/www.facebook.com\/csjemballages","article_modified_time":"2026-04-29T00:16:48+00:00","og_image":[{"width":800,"height":800,"url":"https:\/\/www.csj-emballages.com\/wp-content\/uploads\/2024\/05\/Pochette-dexpedition.webp","type":"image\/webp"}],"twitter_card":"summary_large_image","twitter_misc":{"Tiempo de lectura":"1 minuto"},"schema":{"@context":"https:\/\/schema.org","@graph":[{"@type":"WebPage","@id":"https:\/\/www.csj-emballages.com\/es\/produit\/1000-bolsas-para-albaranes-225-x-155-mm-documentos-adjuntos\/","url":"https:\/\/www.csj-emballages.com\/es\/produit\/1000-bolsas-para-albaranes-225-x-155-mm-documentos-adjuntos\/","name":"Bolsa de Env\u00edo 225 x 155 mm documentos adjuntos por 1000","isPartOf":{"@id":"https:\/\/www.csj-emballages.com\/es\/#website"},"primaryImageOfPage":{"@id":"https:\/\/www.csj-emballages.com\/es\/produit\/1000-bolsas-para-albaranes-225-x-155-mm-documentos-adjuntos\/#primaryimage"},"image":{"@id":"https:\/\/www.csj-emballages.com\/es\/produit\/1000-bolsas-para-albaranes-225-x-155-mm-documentos-adjuntos\/#primaryimage"},"thumbnailUrl":"https:\/\/www.csj-emballages.com\/wp-content\/uploads\/2024\/05\/Pochette-dexpedition.webp","datePublished":"2024-05-16T07:19:33+00:00","dateModified":"2026-04-29T00:16:48+00:00","description":"Bolsa de env\u00edo de 225 x 155 mm \u201cDocuments Enclosed\u201d por 1000. Soluci\u00f3n pr\u00e1ctica para adjuntar la factura o el albar\u00e1n de entrega a sus paquetes.","breadcrumb":{"@id":"https:\/\/www.csj-emballages.com\/es\/produit\/1000-bolsas-para-albaranes-225-x-155-mm-documentos-adjuntos\/#breadcrumb"},"inLanguage":"es","potentialAction":[{"@type":"ReadAction","target":["https:\/\/www.csj-emballages.com\/es\/produit\/1000-bolsas-para-albaranes-225-x-155-mm-documentos-adjuntos\/"]}]},{"@type":"ImageObject","inLanguage":"es","@id":"https:\/\/www.csj-emballages.com\/es\/produit\/1000-bolsas-para-albaranes-225-x-155-mm-documentos-adjuntos\/#primaryimage","url":"https:\/\/www.csj-emballages.com\/wp-content\/uploads\/2024\/05\/Pochette-dexpedition.webp","contentUrl":"https:\/\/www.csj-emballages.com\/wp-content\/uploads\/2024\/05\/Pochette-dexpedition.webp","width":800,"height":800,"caption":"Pochette d'exp\u00e9dition"},{"@type":"BreadcrumbList","@id":"https:\/\/www.csj-emballages.com\/es\/produit\/1000-bolsas-para-albaranes-225-x-155-mm-documentos-adjuntos\/#breadcrumb","itemListElement":[{"@type":"ListItem","position":1,"name":"Accueil","item":"https:\/\/www.csj-emballages.com\/es\/universo-del-envasado-alimentario\/"},{"@type":"ListItem","position":2,"name":"Tienda","item":"https:\/\/www.csj-emballages.com\/tienda\/"},{"@type":"ListItem","position":3,"name":"Bolsa de env\u00edo 225 x 155 mm documentos adjuntos por 1000"}]},{"@type":"WebSite","@id":"https:\/\/www.csj-emballages.com\/es\/#website","url":"https:\/\/www.csj-emballages.com\/es\/","name":"CSJ Emballages","description":"","publisher":{"@id":"https:\/\/www.csj-emballages.com\/es\/#organization"},"potentialAction":[{"@type":"SearchAction","target":{"@type":"EntryPoint","urlTemplate":"https:\/\/www.csj-emballages.com\/es\/?s={search_term_string}"},"query-input":{"@type":"PropertyValueSpecification","valueRequired":true,"valueName":"search_term_string"}}],"inLanguage":"es"},{"@type":"Organization","@id":"https:\/\/www.csj-emballages.com\/es\/#Organization\/","name":"CSJ Emballages","url":"https:\/\/www.csj-emballages.com\/es\/","logo":{"@type":"ImageObject","inLanguage":"es","@id":"https:\/\/www.csj-emballages.com\/es\/#\/schema\/logo\/image\/","url":"https:\/\/www.csj-emballages.com\/wp-content\/uploads\/2023\/10\/logo_csj.webp","contentUrl":"https:\/\/www.csj-emballages.com\/wp-content\/uploads\/2023\/10\/logo_csj.webp","width":250,"height":95,"caption":"CSJ Emballages"},"image":{"@id":"https:\/\/www.csj-emballages.com\/es\/#\/schema\/logo\/image\/"},"sameAs":["https:\/\/www.facebook.com\/csjemballages"],"address":{"@type":"PostalAddress","streetAddress":"ZI La Lechere","addressLocality":"Patornay","postalCode":"39130","addressCountry":"FR"},"contactPoint":[{"@type":"ContactPoint","contactType":"Service client","telephone":"0384254272","email":"contact@csj-emballages.com"}]}]}},"df_price":57.22,"df_sale_price":"","df_regular_price":57.22,"df_image_link":"https:\/\/www.csj-emballages.com\/wp-content\/uploads\/2024\/05\/Pochette-dexpedition-300x300.webp","tiered_pricing_type":"fixed","tiered_pricing_fixed_rules":[],"tiered_pricing_percentage_rules":[],"tiered_pricing_minimum":1,"tiered_pricing_roles_data":[],"_links":{"self":[{"href":"https:\/\/www.csj-emballages.com\/es\/wp-json\/wp\/v2\/product\/16860","targetHints":{"allow":["GET"]}}],"collection":[{"href":"https:\/\/www.csj-emballages.com\/es\/wp-json\/wp\/v2\/product"}],"about":[{"href":"https:\/\/www.csj-emballages.com\/es\/wp-json\/wp\/v2\/types\/product"}],"wp:featuredmedia":[{"embeddable":true,"href":"https:\/\/www.csj-emballages.com\/es\/wp-json\/wp\/v2\/media\/263276"}],"wp:attachment":[{"href":"https:\/\/www.csj-emballages.com\/es\/wp-json\/wp\/v2\/media?parent=16860"}],"wp:term":[{"taxonomy":"product_brand","embeddable":true,"href":"https:\/\/www.csj-emballages.com\/es\/wp-json\/wp\/v2\/product_brand?post=16860"},{"taxonomy":"product_cat","embeddable":true,"href":"https:\/\/www.csj-emballages.com\/es\/wp-json\/wp\/v2\/product_cat?post=16860"},{"taxonomy":"product_tag","embeddable":true,"href":"https:\/\/www.csj-emballages.com\/es\/wp-json\/wp\/v2\/product_tag?post=16860"}],"curies":[{"name":"wp","href":"https:\/\/api.w.org\/{rel}","templated":true}]}}