{"id":16856,"date":"2024-05-22T11:12:30","date_gmt":"2024-05-22T09:12:30","guid":{"rendered":"https:\/\/u15jnbdpoq.preview.infomaniak.website\/produit\/3-1-caja-de-cocteles-de-frutas\/"},"modified":"2026-04-30T02:10:17","modified_gmt":"2026-04-30T00:10:17","slug":"3-1-caja-de-cocteles-de-frutas","status":"publish","type":"product","link":"https:\/\/www.csj-emballages.com\/es\/produit\/3-1-caja-de-cocteles-de-frutas\/","title":{"rendered":"C\u00f3ctel de frutas en conserva en lata 3\/1"},"content":{"rendered":"<h2>C\u00f3ctel de frutas<\/h2>\n<hr>\n<h3>Descubra nuestro c\u00f3ctel de frutas en conserva en lata 3\/1<!--more--><\/h3>\n<p data-start=\"218\" data-end=\"616\">Este <strong data-start=\"221\" data-end=\"266\">c\u00f3ctel de frutas en conserva en lata 3\/1<\/strong> es una soluci\u00f3n pr\u00e1ctica para a\u00f1adir f\u00e1cilmente un toque afrutado y colorido a sus postres. Al abrirlo, se descubre una mezcla generosa de trozos cuidadosamente cortados, ba\u00f1ados en un sirope ligero que respeta el sabor natural de las frutas. El aspecto es apetitoso, los colores son vivos y la textura sigue siendo agradable, incluso despu\u00e9s del almacenamiento.  <\/p>\n<p data-start=\"618\" data-end=\"1055\">Gracias a su gran formato, este <strong>c\u00f3ctel de frutas<\/strong> es particularmente adecuado para los profesionales de la restauraci\u00f3n, los proveedores de catering, las colectividades o las pasteler\u00edas. Permite ahorrar tiempo en la cocina, garantizando al mismo tiempo una regularidad perfecta en las preparaciones. Ya sea para adornar una <strong>ensalada de frutas, acompa\u00f1ar un postre, enriquecer un buf\u00e9 o completar una receta dulce<\/strong>, se utiliza f\u00e1cilmente y sin preparaci\u00f3n compleja.  <\/p>\n<p data-start=\"1057\" data-end=\"1330\">Del mismo modo, la <strong>lata 3\/1<\/strong> ofrece un excelente compromiso entre cantidad y practicidad. Se abre, se sirve y el producto est\u00e1 inmediatamente listo para usar. Esto permite gestionar mejor los vol\u00famenes, sobre todo durante los servicios con mucha carga o los eventos con muchos invitados.  <\/p>\n<p data-start=\"1332\" data-end=\"1628\">Por otra parte, el <strong>sirope ligero<\/strong> equilibra perfectamente los sabores sin enmascarar las frutas. El resultado sigue siendo fresco en boca y agradable de consumir, tanto solo como de acompa\u00f1amiento. Es un producto polivalente, pensado para simplificar el d\u00eda a d\u00eda, garantizando al mismo tiempo una presentaci\u00f3n cuidada.  <\/p>\n<p data-start=\"1630\" data-end=\"1785\">En resumen, este <strong>c\u00f3ctel de frutas en conserva<\/strong> es una apuesta segura: sencillo de utilizar, visualmente atractivo y perfectamente adaptado a un uso profesional.<\/p>\n<p data-start=\"1630\" data-end=\"1785\">\n<p><!--more--><\/p>\n<div style=\"font-family: Roboto, sans-serif;\">\n<div style=\"font-family: Roboto, sans-serif;\">\n<div style=\"font-family: Roboto, sans-serif;\">\n<div style=\"font-family: Roboto, sans-serif;\">\n<div style=\"font-family: Roboto, sans-serif;\">\n<div style=\"font-family: Roboto, sans-serif;\">\n<h4 style=\"text-align: left;\"><strong>Ventajas :<\/strong><\/h4>\n<ul>\n<li data-start=\"1813\" data-end=\"1854\"><strong>Mezcla de frutas<\/strong> colorida y apetitosa.<\/li>\n<li data-start=\"1857\" data-end=\"1892\">Listo para usar, sin preparaci\u00f3n.<\/li>\n<li data-start=\"1895\" data-end=\"1933\"><strong>Gran formato 3\/1<\/strong> ideal para profesionales.<\/li>\n<li data-start=\"1936\" data-end=\"1972\">Textura agradable y sabor equilibrado.<\/li>\n<li data-start=\"1975\" data-end=\"2021\">Perfecto para postres, buf\u00e9s y pasteler\u00eda.<\/li>\n<\/ul>\n<\/div>\n<div style=\"font-family: Roboto, sans-serif;\"><\/div>\n<\/div>\n<\/div>\n<\/div>\n<\/div>\n<\/div>\n<p><!--more--><\/p>\n<div style=\"font-family: Roboto, sans-serif;\">\n<div style=\"font-family: Roboto, sans-serif;\">\n<div style=\"font-family: Roboto, sans-serif;\">\n<h4>Informaci\u00f3n adicional :<\/h4>\n<ul>\n<li><strong>Embalaje<\/strong>: Caja 3\/1<\/li>\n<li><strong>Dimensiones<\/strong>: 155 x 153 (\u00d8 x h en mm)<\/li>\n<li><strong>Capacidad<\/strong>: 2650 ml<\/li>\n<li><strong>Peso neto escurrido<\/strong>: 1560 g<\/li>\n<li><strong>Tipo<\/strong>: Conservado<\/li>\n<li><strong>Tipo de fruta <\/strong>: Peras \/ Melocotones \/ Pi\u00f1as \/ Uvas \/ Bigaros<\/li>\n<\/ul>\n<\/div>\n<\/div>\n<\/div>\n<p>&nbsp;<\/p>\n<p><!--more--><\/p>\n<p>Haga clic aqu\u00ed para ver el tama\u00f1o inferior de este producto: <span style=\"color: #d12727;\"><a style=\"color: #d12727;\" href=\"https:\/\/www.csj-emballages.com\/es\/produit\/4-4-lata-de-coctel-de-frutas\/\">Caja 4\/4 C\u00f3ctel de frutas<\/a><\/span><\/p>\n<p>&nbsp;<\/p>\n<div style=\"font-family: Roboto, sans-serif;\">\n<div style=\"font-family: Roboto, sans-serif;\">\n<div style=\"font-family: Roboto, sans-serif;\">\n<p><!--more--><\/p>\n<p><a href=\"https:\/\/www.csj-emballages.com\/es\/categorie-produit\/alimentacion-es\/alimentacion\/fruta-seca-y-fruta-en-almibar\/coctel-de-frutas\/\">Consulte el resto de nuestra gama de c\u00f3cteles de frutas en alm\u00edbar<\/a><\/p>\n<\/div>\n<\/div>\n<\/div>\n","protected":false},"excerpt":{"rendered":"<p>C\u00f3ctel de frutas Descubra nuestro c\u00f3ctel de frutas en conserva en lata 3\/1<\/p>\n","protected":false},"featured_media":260869,"template":"","meta":{"_acf_changed":false},"product_brand":[],"product_cat":[1162,1189,1200,5938],"product_tag":[],"class_list":{"0":"post-16856","1":"product","2":"type-product","3":"status-publish","4":"has-post-thumbnail","6":"product_cat-alimentacion-es","7":"product_cat-alimentacion","8":"product_cat-fruta-seca-y-fruta-en-almibar","9":"product_cat-coctel-de-frutas","11":"first","12":"instock","13":"featured","14":"taxable","15":"shipping-taxable","16":"purchasable","17":"product-type-simple"},"acf":[],"yoast_head":"<!-- This site is optimized with the Yoast SEO Premium plugin v26.6 (Yoast SEO v26.6) - https:\/\/yoast.com\/wordpress\/plugins\/seo\/ -->\n<title>C\u00f3ctel de Frutas en Conserva en Lata 3\/1<\/title>\n<meta name=\"description\" content=\"C\u00f3ctel de frutas en conserva en lata 3\/1, listo para usar. Ideal para postres, buf\u00e9s y uso profesional, pr\u00e1ctico y sabroso.\" \/>\n<meta name=\"robots\" content=\"index, follow, max-snippet:-1, max-image-preview:large, max-video-preview:-1\" \/>\n<link rel=\"canonical\" href=\"https:\/\/www.csj-emballages.com\/es\/produit\/3-1-caja-de-cocteles-de-frutas\/\" \/>\n<meta property=\"og:locale\" content=\"es_ES\" \/>\n<meta property=\"og:type\" content=\"article\" \/>\n<meta property=\"og:title\" content=\"C\u00f3ctel de frutas en conserva en lata 3\/1\" \/>\n<meta property=\"og:description\" content=\"C\u00f3ctel de frutas en conserva en lata 3\/1, listo para usar. Ideal para postres, buf\u00e9s y uso profesional, pr\u00e1ctico y sabroso.\" \/>\n<meta property=\"og:url\" content=\"https:\/\/www.csj-emballages.com\/es\/produit\/3-1-caja-de-cocteles-de-frutas\/\" \/>\n<meta property=\"og:site_name\" content=\"CSJ Emballages\" \/>\n<meta property=\"article:publisher\" content=\"https:\/\/www.facebook.com\/csjemballages\" \/>\n<meta property=\"article:modified_time\" content=\"2026-04-30T00:10:17+00:00\" \/>\n<meta property=\"og:image\" content=\"https:\/\/www.csj-emballages.com\/wp-content\/uploads\/2024\/05\/030032.webp\" \/>\n\t<meta property=\"og:image:width\" content=\"800\" \/>\n\t<meta property=\"og:image:height\" content=\"800\" \/>\n\t<meta property=\"og:image:type\" content=\"image\/webp\" \/>\n<meta name=\"twitter:card\" content=\"summary_large_image\" \/>\n<meta name=\"twitter:label1\" content=\"Tiempo de lectura\" \/>\n\t<meta name=\"twitter:data1\" content=\"2 minutos\" \/>\n<script type=\"application\/ld+json\" class=\"yoast-schema-graph\">{\"@context\":\"https:\/\/schema.org\",\"@graph\":[{\"@type\":\"WebPage\",\"@id\":\"https:\/\/www.csj-emballages.com\/es\/produit\/3-1-caja-de-cocteles-de-frutas\/\",\"url\":\"https:\/\/www.csj-emballages.com\/es\/produit\/3-1-caja-de-cocteles-de-frutas\/\",\"name\":\"C\u00f3ctel de Frutas en Conserva en Lata 3\/1\",\"isPartOf\":{\"@id\":\"https:\/\/www.csj-emballages.com\/es\/#website\"},\"primaryImageOfPage\":{\"@id\":\"https:\/\/www.csj-emballages.com\/es\/produit\/3-1-caja-de-cocteles-de-frutas\/#primaryimage\"},\"image\":{\"@id\":\"https:\/\/www.csj-emballages.com\/es\/produit\/3-1-caja-de-cocteles-de-frutas\/#primaryimage\"},\"thumbnailUrl\":\"https:\/\/www.csj-emballages.com\/wp-content\/uploads\/2024\/05\/030032.webp\",\"datePublished\":\"2024-05-22T09:12:30+00:00\",\"dateModified\":\"2026-04-30T00:10:17+00:00\",\"description\":\"C\u00f3ctel de frutas en conserva en lata 3\/1, listo para usar. Ideal para postres, buf\u00e9s y uso profesional, pr\u00e1ctico y sabroso.\",\"breadcrumb\":{\"@id\":\"https:\/\/www.csj-emballages.com\/es\/produit\/3-1-caja-de-cocteles-de-frutas\/#breadcrumb\"},\"inLanguage\":\"es\",\"potentialAction\":[{\"@type\":\"ReadAction\",\"target\":[\"https:\/\/www.csj-emballages.com\/es\/produit\/3-1-caja-de-cocteles-de-frutas\/\"]}]},{\"@type\":\"ImageObject\",\"inLanguage\":\"es\",\"@id\":\"https:\/\/www.csj-emballages.com\/es\/produit\/3-1-caja-de-cocteles-de-frutas\/#primaryimage\",\"url\":\"https:\/\/www.csj-emballages.com\/wp-content\/uploads\/2024\/05\/030032.webp\",\"contentUrl\":\"https:\/\/www.csj-emballages.com\/wp-content\/uploads\/2024\/05\/030032.webp\",\"width\":800,\"height\":800,\"caption\":\"Cocktail de fruits\"},{\"@type\":\"BreadcrumbList\",\"@id\":\"https:\/\/www.csj-emballages.com\/es\/produit\/3-1-caja-de-cocteles-de-frutas\/#breadcrumb\",\"itemListElement\":[{\"@type\":\"ListItem\",\"position\":1,\"name\":\"Accueil\",\"item\":\"https:\/\/www.csj-emballages.com\/es\/universo-del-envasado-alimentario\/\"},{\"@type\":\"ListItem\",\"position\":2,\"name\":\"Tienda\",\"item\":\"https:\/\/www.csj-emballages.com\/tienda\/\"},{\"@type\":\"ListItem\",\"position\":3,\"name\":\"C\u00f3ctel de frutas en conserva en lata 3\/1\"}]},{\"@type\":\"WebSite\",\"@id\":\"https:\/\/www.csj-emballages.com\/es\/#website\",\"url\":\"https:\/\/www.csj-emballages.com\/es\/\",\"name\":\"CSJ Emballages\",\"description\":\"\",\"publisher\":{\"@id\":\"https:\/\/www.csj-emballages.com\/es\/#organization\"},\"potentialAction\":[{\"@type\":\"SearchAction\",\"target\":{\"@type\":\"EntryPoint\",\"urlTemplate\":\"https:\/\/www.csj-emballages.com\/es\/?s={search_term_string}\"},\"query-input\":{\"@type\":\"PropertyValueSpecification\",\"valueRequired\":true,\"valueName\":\"search_term_string\"}}],\"inLanguage\":\"es\"},{\"@type\":\"Organization\",\"@id\":\"https:\/\/www.csj-emballages.com\/es\/#Organization\/\",\"name\":\"CSJ Emballages\",\"url\":\"https:\/\/www.csj-emballages.com\/es\/\",\"logo\":{\"@type\":\"ImageObject\",\"inLanguage\":\"es\",\"@id\":\"https:\/\/www.csj-emballages.com\/es\/#\/schema\/logo\/image\/\",\"url\":\"https:\/\/www.csj-emballages.com\/wp-content\/uploads\/2023\/10\/logo_csj.webp\",\"contentUrl\":\"https:\/\/www.csj-emballages.com\/wp-content\/uploads\/2023\/10\/logo_csj.webp\",\"width\":250,\"height\":95,\"caption\":\"CSJ Emballages\"},\"image\":{\"@id\":\"https:\/\/www.csj-emballages.com\/es\/#\/schema\/logo\/image\/\"},\"sameAs\":[\"https:\/\/www.facebook.com\/csjemballages\"],\"address\":{\"@type\":\"PostalAddress\",\"streetAddress\":\"ZI La Lechere\",\"addressLocality\":\"Patornay\",\"postalCode\":\"39130\",\"addressCountry\":\"FR\"},\"contactPoint\":[{\"@type\":\"ContactPoint\",\"contactType\":\"Service client\",\"telephone\":\"0384254272\",\"email\":\"contact@csj-emballages.com\"}]}]}<\/script>\n<!-- \/ Yoast SEO Premium plugin. -->","yoast_head_json":{"title":"C\u00f3ctel de Frutas en Conserva en Lata 3\/1","description":"C\u00f3ctel de frutas en conserva en lata 3\/1, listo para usar. Ideal para postres, buf\u00e9s y uso profesional, pr\u00e1ctico y sabroso.","robots":{"index":"index","follow":"follow","max-snippet":"max-snippet:-1","max-image-preview":"max-image-preview:large","max-video-preview":"max-video-preview:-1"},"canonical":"https:\/\/www.csj-emballages.com\/es\/produit\/3-1-caja-de-cocteles-de-frutas\/","og_locale":"es_ES","og_type":"article","og_title":"C\u00f3ctel de frutas en conserva en lata 3\/1","og_description":"C\u00f3ctel de frutas en conserva en lata 3\/1, listo para usar. Ideal para postres, buf\u00e9s y uso profesional, pr\u00e1ctico y sabroso.","og_url":"https:\/\/www.csj-emballages.com\/es\/produit\/3-1-caja-de-cocteles-de-frutas\/","og_site_name":"CSJ Emballages","article_publisher":"https:\/\/www.facebook.com\/csjemballages","article_modified_time":"2026-04-30T00:10:17+00:00","og_image":[{"width":800,"height":800,"url":"https:\/\/www.csj-emballages.com\/wp-content\/uploads\/2024\/05\/030032.webp","type":"image\/webp"}],"twitter_card":"summary_large_image","twitter_misc":{"Tiempo de lectura":"2 minutos"},"schema":{"@context":"https:\/\/schema.org","@graph":[{"@type":"WebPage","@id":"https:\/\/www.csj-emballages.com\/es\/produit\/3-1-caja-de-cocteles-de-frutas\/","url":"https:\/\/www.csj-emballages.com\/es\/produit\/3-1-caja-de-cocteles-de-frutas\/","name":"C\u00f3ctel de Frutas en Conserva en Lata 3\/1","isPartOf":{"@id":"https:\/\/www.csj-emballages.com\/es\/#website"},"primaryImageOfPage":{"@id":"https:\/\/www.csj-emballages.com\/es\/produit\/3-1-caja-de-cocteles-de-frutas\/#primaryimage"},"image":{"@id":"https:\/\/www.csj-emballages.com\/es\/produit\/3-1-caja-de-cocteles-de-frutas\/#primaryimage"},"thumbnailUrl":"https:\/\/www.csj-emballages.com\/wp-content\/uploads\/2024\/05\/030032.webp","datePublished":"2024-05-22T09:12:30+00:00","dateModified":"2026-04-30T00:10:17+00:00","description":"C\u00f3ctel de frutas en conserva en lata 3\/1, listo para usar. Ideal para postres, buf\u00e9s y uso profesional, pr\u00e1ctico y sabroso.","breadcrumb":{"@id":"https:\/\/www.csj-emballages.com\/es\/produit\/3-1-caja-de-cocteles-de-frutas\/#breadcrumb"},"inLanguage":"es","potentialAction":[{"@type":"ReadAction","target":["https:\/\/www.csj-emballages.com\/es\/produit\/3-1-caja-de-cocteles-de-frutas\/"]}]},{"@type":"ImageObject","inLanguage":"es","@id":"https:\/\/www.csj-emballages.com\/es\/produit\/3-1-caja-de-cocteles-de-frutas\/#primaryimage","url":"https:\/\/www.csj-emballages.com\/wp-content\/uploads\/2024\/05\/030032.webp","contentUrl":"https:\/\/www.csj-emballages.com\/wp-content\/uploads\/2024\/05\/030032.webp","width":800,"height":800,"caption":"Cocktail de fruits"},{"@type":"BreadcrumbList","@id":"https:\/\/www.csj-emballages.com\/es\/produit\/3-1-caja-de-cocteles-de-frutas\/#breadcrumb","itemListElement":[{"@type":"ListItem","position":1,"name":"Accueil","item":"https:\/\/www.csj-emballages.com\/es\/universo-del-envasado-alimentario\/"},{"@type":"ListItem","position":2,"name":"Tienda","item":"https:\/\/www.csj-emballages.com\/tienda\/"},{"@type":"ListItem","position":3,"name":"C\u00f3ctel de frutas en conserva en lata 3\/1"}]},{"@type":"WebSite","@id":"https:\/\/www.csj-emballages.com\/es\/#website","url":"https:\/\/www.csj-emballages.com\/es\/","name":"CSJ Emballages","description":"","publisher":{"@id":"https:\/\/www.csj-emballages.com\/es\/#organization"},"potentialAction":[{"@type":"SearchAction","target":{"@type":"EntryPoint","urlTemplate":"https:\/\/www.csj-emballages.com\/es\/?s={search_term_string}"},"query-input":{"@type":"PropertyValueSpecification","valueRequired":true,"valueName":"search_term_string"}}],"inLanguage":"es"},{"@type":"Organization","@id":"https:\/\/www.csj-emballages.com\/es\/#Organization\/","name":"CSJ Emballages","url":"https:\/\/www.csj-emballages.com\/es\/","logo":{"@type":"ImageObject","inLanguage":"es","@id":"https:\/\/www.csj-emballages.com\/es\/#\/schema\/logo\/image\/","url":"https:\/\/www.csj-emballages.com\/wp-content\/uploads\/2023\/10\/logo_csj.webp","contentUrl":"https:\/\/www.csj-emballages.com\/wp-content\/uploads\/2023\/10\/logo_csj.webp","width":250,"height":95,"caption":"CSJ Emballages"},"image":{"@id":"https:\/\/www.csj-emballages.com\/es\/#\/schema\/logo\/image\/"},"sameAs":["https:\/\/www.facebook.com\/csjemballages"],"address":{"@type":"PostalAddress","streetAddress":"ZI La Lechere","addressLocality":"Patornay","postalCode":"39130","addressCountry":"FR"},"contactPoint":[{"@type":"ContactPoint","contactType":"Service client","telephone":"0384254272","email":"contact@csj-emballages.com"}]}]}},"df_price":8.12,"df_sale_price":"","df_regular_price":8.12,"df_image_link":"https:\/\/www.csj-emballages.com\/wp-content\/uploads\/2024\/05\/030032-300x300.webp","tiered_pricing_type":"fixed","tiered_pricing_fixed_rules":[],"tiered_pricing_percentage_rules":[],"tiered_pricing_minimum":1,"tiered_pricing_roles_data":[],"_links":{"self":[{"href":"https:\/\/www.csj-emballages.com\/es\/wp-json\/wp\/v2\/product\/16856","targetHints":{"allow":["GET"]}}],"collection":[{"href":"https:\/\/www.csj-emballages.com\/es\/wp-json\/wp\/v2\/product"}],"about":[{"href":"https:\/\/www.csj-emballages.com\/es\/wp-json\/wp\/v2\/types\/product"}],"wp:featuredmedia":[{"embeddable":true,"href":"https:\/\/www.csj-emballages.com\/es\/wp-json\/wp\/v2\/media\/260869"}],"wp:attachment":[{"href":"https:\/\/www.csj-emballages.com\/es\/wp-json\/wp\/v2\/media?parent=16856"}],"wp:term":[{"taxonomy":"product_brand","embeddable":true,"href":"https:\/\/www.csj-emballages.com\/es\/wp-json\/wp\/v2\/product_brand?post=16856"},{"taxonomy":"product_cat","embeddable":true,"href":"https:\/\/www.csj-emballages.com\/es\/wp-json\/wp\/v2\/product_cat?post=16856"},{"taxonomy":"product_tag","embeddable":true,"href":"https:\/\/www.csj-emballages.com\/es\/wp-json\/wp\/v2\/product_tag?post=16856"}],"curies":[{"name":"wp","href":"https:\/\/api.w.org\/{rel}","templated":true}]}}