{"id":16843,"date":"2024-05-22T11:12:30","date_gmt":"2024-05-22T09:12:30","guid":{"rendered":"https:\/\/u15jnbdpoq.preview.infomaniak.website\/produit\/4-4-lata-de-coctel-de-frutas\/"},"modified":"2026-03-12T16:01:01","modified_gmt":"2026-03-12T15:01:01","slug":"4-4-lata-de-coctel-de-frutas","status":"publish","type":"product","link":"https:\/\/www.csj-emballages.com\/es\/produit\/4-4-lata-de-coctel-de-frutas\/","title":{"rendered":"C\u00f3ctel de frutas en conserva en lata 4\/4"},"content":{"rendered":"<h2>C\u00f3ctel de frutas<\/h2>\n<hr>\n<h3>Descubra nuestro c\u00f3ctel de frutas en conserva en lata 4\/4<\/h3>\n<p><!--more--><\/p>\n<p data-start=\"229\" data-end=\"593\">Este <strong data-start=\"232\" data-end=\"277\">c\u00f3ctel de frutas en conserva en lata 4\/4<\/strong> es la soluci\u00f3n ideal cuando se quiere ahorrar tiempo sin renunciar al placer de la fruta. Al abrirlo, se descubre una mezcla colorida y apetitosa, con trozos bien cortados y ba\u00f1ados en un alm\u00edbar ligero. El resultado es simple: una <strong>base frutal<\/strong> lista para usar, f\u00e1cil de utilizar y siempre homog\u00e9nea.  <\/p>\n<p data-start=\"595\" data-end=\"950\">Este formato generoso es particularmente pr\u00e1ctico en restauraci\u00f3n, en pasteler\u00eda o para colectividades. Permite preparar r\u00e1pidamente <strong>postres, ensaladas de frutas, vasitos o incluso guarniciones para tartas y yogures<\/strong>. As\u00ed, ya no es necesario pelar, cortar o gestionar p\u00e9rdidas: todo est\u00e1 ya listo, con el formato adecuado y el sabor justo.  <\/p>\n<p data-start=\"952\" data-end=\"1297\">Gracias a su conservaci\u00f3n controlada, este <strong>c\u00f3ctel de frutas<\/strong> se mantiene estable en el tiempo, conservando una textura agradable. Los trozos no se aplastan y mantienen una consistencia perfecta, incluso despu\u00e9s de mezclarlos. Del mismo modo, el alm\u00edbar ligero equilibra los sabores sin enmascarar el sabor de las frutas, lo que permite utilizarlo tanto solo como en recetas.  <\/p>\n<p data-start=\"1299\" data-end=\"1591\">Por otra parte, la <strong>lata 4\/4<\/strong> es f\u00e1cil de almacenar y de abrir, lo que simplifica el trabajo en la cocina, sobre todo durante los servicios intensos. Ya sea para un uso diario o para preparaciones en gran cantidad, este producto se integra naturalmente en la organizaci\u00f3n de los profesionales. <\/p>\n<p data-start=\"1593\" data-end=\"1787\">En resumen, este <strong>c\u00f3ctel de frutas en conserva<\/strong> es un aliado fiable, pr\u00e1ctico y polivalente. Le permite proponer postres r\u00e1pidos, visualmente atractivos y siempre constantes, sin esfuerzo innecesario. <\/p>\n<p data-start=\"1593\" data-end=\"1787\">\n<p><!--more--><\/p>\n<div style=\"font-family: Roboto, sans-serif;\">\n<div style=\"font-family: Roboto, sans-serif;\">\n<div style=\"font-family: Roboto, sans-serif;\">\n<div style=\"font-family: Roboto, sans-serif;\">\n<div style=\"font-family: Roboto, sans-serif;\">\n<div style=\"font-family: Roboto, sans-serif;\">\n<p style=\"text-align: left;\"><strong>Ventajas :<\/strong><\/p>\n<ul>\n<li data-start=\"1815\" data-end=\"1850\"><strong>Mezcla de frutas<\/strong> lista para usar.<\/li>\n<li data-start=\"1853\" data-end=\"1888\">Trozos regulares y buena consistencia.<\/li>\n<li data-start=\"1891\" data-end=\"1917\">Alm\u00edbar ligero y equilibrado.<\/li>\n<li data-start=\"1920\" data-end=\"1958\"><strong>Formato 4\/4<\/strong> adaptado a los profesionales.<\/li>\n<li data-start=\"1961\" data-end=\"1987\">Ahorro de tiempo en la cocina.<\/li>\n<li data-start=\"1990\" data-end=\"2039\">M\u00faltiples usos en postres o pasteler\u00eda.<\/li>\n<\/ul>\n<\/div>\n<div style=\"font-family: Roboto, sans-serif;\"><\/div>\n<\/div>\n<\/div>\n<\/div>\n<\/div>\n<\/div>\n<p><!--more--><\/p>\n<div style=\"font-family: Roboto, sans-serif;\">\n<div style=\"font-family: Roboto, sans-serif;\">\n<div style=\"font-family: Roboto, sans-serif;\">\n<h4>Informaci\u00f3n adicional :<\/h4>\n<ul>\n<li><strong>Embalaje<\/strong>: Caja 4\/4<\/li>\n<li><strong>Dimensiones<\/strong>: 100 x 117 (\u00d8 x h en mm)<\/li>\n<li><strong>Capacidad<\/strong>: 850 ml<\/li>\n<li><strong>Peso neto escurrido<\/strong>: 500 g<\/li>\n<li><strong>Tipo<\/strong>: Conservado<\/li>\n<li><strong>Tipo de fruta <\/strong>: Peras \/ Melocotones \/ Pi\u00f1as \/ Uvas \/ Bigaros<\/li>\n<\/ul>\n<\/div>\n<\/div>\n<\/div>\n<p>&nbsp;<\/p>\n<p><!--more--><\/p>\n<p>Haz clic aqu\u00ed para ver la siguiente talla de este producto: <span style=\"color: #d12727;\"><a style=\"color: #d12727;\" href=\"https:\/\/www.csj-emballages.com\/produit\/6-boites-3-1-de-cocktail-de-fruits\/\">3\/1 Lata de c\u00f3ctel de frutas<\/a><\/span><\/p>\n<p>&nbsp;<\/p>\n<div style=\"font-family: Roboto, sans-serif;\">\n<div style=\"font-family: Roboto, sans-serif;\">\n<div style=\"font-family: Roboto, sans-serif;\">\n<p><!--more--><\/p>\n<p><a href=\"https:\/\/www.csj-emballages.com\/es\/categorie-produit\/alimentacion-es\/alimentacion\/fruta-seca-y-fruta-en-almibar\/coctel-de-frutas\/\">Consulte el resto de nuestra gama de c\u00f3cteles de frutas en alm\u00edbar<\/a><\/p>\n<\/div>\n<\/div>\n<\/div>\n","protected":false},"excerpt":{"rendered":"<p>C\u00f3ctel de frutas Descubra nuestro c\u00f3ctel de frutas en conserva en lata 4\/4<\/p>\n","protected":false},"featured_media":260858,"template":"","meta":{"_acf_changed":false},"product_brand":[],"product_cat":[1162,1189,1200,5938],"product_tag":[],"class_list":{"0":"post-16843","1":"product","2":"type-product","3":"status-publish","4":"has-post-thumbnail","6":"product_cat-alimentacion-es","7":"product_cat-alimentacion","8":"product_cat-fruta-seca-y-fruta-en-almibar","9":"product_cat-coctel-de-frutas","11":"first","12":"instock","13":"featured","14":"taxable","15":"shipping-taxable","16":"purchasable","17":"product-type-simple"},"acf":[],"yoast_head":"<!-- This site is optimized with the Yoast SEO Premium plugin v26.6 (Yoast SEO v26.6) - https:\/\/yoast.com\/wordpress\/plugins\/seo\/ -->\n<title>C\u00f3ctel de Frutas en Conserva en Lata 4\/4<\/title>\n<meta name=\"description\" content=\"C\u00f3ctel de frutas en conserva en lata 4\/4, pr\u00e1ctico y listo para usar. Ideal para postres, pasteler\u00eda y restauraci\u00f3n, con trozos bien consistentes.\" \/>\n<meta name=\"robots\" content=\"index, follow, max-snippet:-1, max-image-preview:large, max-video-preview:-1\" \/>\n<link rel=\"canonical\" href=\"https:\/\/www.csj-emballages.com\/es\/produit\/4-4-lata-de-coctel-de-frutas\/\" \/>\n<meta property=\"og:locale\" content=\"es_ES\" \/>\n<meta property=\"og:type\" content=\"article\" \/>\n<meta property=\"og:title\" content=\"C\u00f3ctel de frutas en conserva en lata 4\/4\" \/>\n<meta property=\"og:description\" content=\"C\u00f3ctel de frutas en conserva en lata 4\/4, pr\u00e1ctico y listo para usar. Ideal para postres, pasteler\u00eda y restauraci\u00f3n, con trozos bien consistentes.\" \/>\n<meta property=\"og:url\" content=\"https:\/\/www.csj-emballages.com\/es\/produit\/4-4-lata-de-coctel-de-frutas\/\" \/>\n<meta property=\"og:site_name\" content=\"CSJ Emballages\" \/>\n<meta property=\"article:publisher\" content=\"https:\/\/www.facebook.com\/csjemballages\" \/>\n<meta property=\"article:modified_time\" content=\"2026-03-12T15:01:01+00:00\" \/>\n<meta property=\"og:image\" content=\"https:\/\/www.csj-emballages.com\/wp-content\/uploads\/2024\/05\/030038.webp\" \/>\n\t<meta property=\"og:image:width\" content=\"800\" \/>\n\t<meta property=\"og:image:height\" content=\"800\" \/>\n\t<meta property=\"og:image:type\" content=\"image\/webp\" \/>\n<meta name=\"twitter:card\" content=\"summary_large_image\" \/>\n<meta name=\"twitter:label1\" content=\"Tiempo de lectura\" \/>\n\t<meta name=\"twitter:data1\" content=\"2 minutos\" \/>\n<script type=\"application\/ld+json\" class=\"yoast-schema-graph\">{\"@context\":\"https:\/\/schema.org\",\"@graph\":[{\"@type\":\"WebPage\",\"@id\":\"https:\/\/www.csj-emballages.com\/es\/produit\/4-4-lata-de-coctel-de-frutas\/\",\"url\":\"https:\/\/www.csj-emballages.com\/es\/produit\/4-4-lata-de-coctel-de-frutas\/\",\"name\":\"C\u00f3ctel de Frutas en Conserva en Lata 4\/4\",\"isPartOf\":{\"@id\":\"https:\/\/www.csj-emballages.com\/es\/#website\"},\"primaryImageOfPage\":{\"@id\":\"https:\/\/www.csj-emballages.com\/es\/produit\/4-4-lata-de-coctel-de-frutas\/#primaryimage\"},\"image\":{\"@id\":\"https:\/\/www.csj-emballages.com\/es\/produit\/4-4-lata-de-coctel-de-frutas\/#primaryimage\"},\"thumbnailUrl\":\"https:\/\/www.csj-emballages.com\/wp-content\/uploads\/2024\/05\/030038.webp\",\"datePublished\":\"2024-05-22T09:12:30+00:00\",\"dateModified\":\"2026-03-12T15:01:01+00:00\",\"description\":\"C\u00f3ctel de frutas en conserva en lata 4\/4, pr\u00e1ctico y listo para usar. Ideal para postres, pasteler\u00eda y restauraci\u00f3n, con trozos bien consistentes.\",\"breadcrumb\":{\"@id\":\"https:\/\/www.csj-emballages.com\/es\/produit\/4-4-lata-de-coctel-de-frutas\/#breadcrumb\"},\"inLanguage\":\"es\",\"potentialAction\":[{\"@type\":\"ReadAction\",\"target\":[\"https:\/\/www.csj-emballages.com\/es\/produit\/4-4-lata-de-coctel-de-frutas\/\"]}]},{\"@type\":\"ImageObject\",\"inLanguage\":\"es\",\"@id\":\"https:\/\/www.csj-emballages.com\/es\/produit\/4-4-lata-de-coctel-de-frutas\/#primaryimage\",\"url\":\"https:\/\/www.csj-emballages.com\/wp-content\/uploads\/2024\/05\/030038.webp\",\"contentUrl\":\"https:\/\/www.csj-emballages.com\/wp-content\/uploads\/2024\/05\/030038.webp\",\"width\":800,\"height\":800,\"caption\":\"Cocktail de fruits\"},{\"@type\":\"BreadcrumbList\",\"@id\":\"https:\/\/www.csj-emballages.com\/es\/produit\/4-4-lata-de-coctel-de-frutas\/#breadcrumb\",\"itemListElement\":[{\"@type\":\"ListItem\",\"position\":1,\"name\":\"Accueil\",\"item\":\"https:\/\/www.csj-emballages.com\/es\/universo-del-envasado-alimentario\/\"},{\"@type\":\"ListItem\",\"position\":2,\"name\":\"Tienda\",\"item\":\"https:\/\/www.csj-emballages.com\/tienda\/\"},{\"@type\":\"ListItem\",\"position\":3,\"name\":\"C\u00f3ctel de frutas en conserva en lata 4\/4\"}]},{\"@type\":\"WebSite\",\"@id\":\"https:\/\/www.csj-emballages.com\/es\/#website\",\"url\":\"https:\/\/www.csj-emballages.com\/es\/\",\"name\":\"CSJ Emballages\",\"description\":\"\",\"publisher\":{\"@id\":\"https:\/\/www.csj-emballages.com\/es\/#organization\"},\"potentialAction\":[{\"@type\":\"SearchAction\",\"target\":{\"@type\":\"EntryPoint\",\"urlTemplate\":\"https:\/\/www.csj-emballages.com\/es\/?s={search_term_string}\"},\"query-input\":{\"@type\":\"PropertyValueSpecification\",\"valueRequired\":true,\"valueName\":\"search_term_string\"}}],\"inLanguage\":\"es\"},{\"@type\":\"Organization\",\"@id\":\"https:\/\/www.csj-emballages.com\/es\/#Organization\/\",\"name\":\"CSJ Emballages\",\"url\":\"https:\/\/www.csj-emballages.com\/es\/\",\"logo\":{\"@type\":\"ImageObject\",\"inLanguage\":\"es\",\"@id\":\"https:\/\/www.csj-emballages.com\/es\/#\/schema\/logo\/image\/\",\"url\":\"https:\/\/www.csj-emballages.com\/wp-content\/uploads\/2023\/10\/logo_csj.webp\",\"contentUrl\":\"https:\/\/www.csj-emballages.com\/wp-content\/uploads\/2023\/10\/logo_csj.webp\",\"width\":250,\"height\":95,\"caption\":\"CSJ Emballages\"},\"image\":{\"@id\":\"https:\/\/www.csj-emballages.com\/es\/#\/schema\/logo\/image\/\"},\"sameAs\":[\"https:\/\/www.facebook.com\/csjemballages\"],\"address\":{\"@type\":\"PostalAddress\",\"streetAddress\":\"ZI La Lechere\",\"addressLocality\":\"Patornay\",\"postalCode\":\"39130\",\"addressCountry\":\"FR\"},\"contactPoint\":[{\"@type\":\"ContactPoint\",\"contactType\":\"Service client\",\"telephone\":\"0384254272\",\"email\":\"contact@csj-emballages.com\"}]}]}<\/script>\n<!-- \/ Yoast SEO Premium plugin. -->","yoast_head_json":{"title":"C\u00f3ctel de Frutas en Conserva en Lata 4\/4","description":"C\u00f3ctel de frutas en conserva en lata 4\/4, pr\u00e1ctico y listo para usar. Ideal para postres, pasteler\u00eda y restauraci\u00f3n, con trozos bien consistentes.","robots":{"index":"index","follow":"follow","max-snippet":"max-snippet:-1","max-image-preview":"max-image-preview:large","max-video-preview":"max-video-preview:-1"},"canonical":"https:\/\/www.csj-emballages.com\/es\/produit\/4-4-lata-de-coctel-de-frutas\/","og_locale":"es_ES","og_type":"article","og_title":"C\u00f3ctel de frutas en conserva en lata 4\/4","og_description":"C\u00f3ctel de frutas en conserva en lata 4\/4, pr\u00e1ctico y listo para usar. Ideal para postres, pasteler\u00eda y restauraci\u00f3n, con trozos bien consistentes.","og_url":"https:\/\/www.csj-emballages.com\/es\/produit\/4-4-lata-de-coctel-de-frutas\/","og_site_name":"CSJ Emballages","article_publisher":"https:\/\/www.facebook.com\/csjemballages","article_modified_time":"2026-03-12T15:01:01+00:00","og_image":[{"width":800,"height":800,"url":"https:\/\/www.csj-emballages.com\/wp-content\/uploads\/2024\/05\/030038.webp","type":"image\/webp"}],"twitter_card":"summary_large_image","twitter_misc":{"Tiempo de lectura":"2 minutos"},"schema":{"@context":"https:\/\/schema.org","@graph":[{"@type":"WebPage","@id":"https:\/\/www.csj-emballages.com\/es\/produit\/4-4-lata-de-coctel-de-frutas\/","url":"https:\/\/www.csj-emballages.com\/es\/produit\/4-4-lata-de-coctel-de-frutas\/","name":"C\u00f3ctel de Frutas en Conserva en Lata 4\/4","isPartOf":{"@id":"https:\/\/www.csj-emballages.com\/es\/#website"},"primaryImageOfPage":{"@id":"https:\/\/www.csj-emballages.com\/es\/produit\/4-4-lata-de-coctel-de-frutas\/#primaryimage"},"image":{"@id":"https:\/\/www.csj-emballages.com\/es\/produit\/4-4-lata-de-coctel-de-frutas\/#primaryimage"},"thumbnailUrl":"https:\/\/www.csj-emballages.com\/wp-content\/uploads\/2024\/05\/030038.webp","datePublished":"2024-05-22T09:12:30+00:00","dateModified":"2026-03-12T15:01:01+00:00","description":"C\u00f3ctel de frutas en conserva en lata 4\/4, pr\u00e1ctico y listo para usar. Ideal para postres, pasteler\u00eda y restauraci\u00f3n, con trozos bien consistentes.","breadcrumb":{"@id":"https:\/\/www.csj-emballages.com\/es\/produit\/4-4-lata-de-coctel-de-frutas\/#breadcrumb"},"inLanguage":"es","potentialAction":[{"@type":"ReadAction","target":["https:\/\/www.csj-emballages.com\/es\/produit\/4-4-lata-de-coctel-de-frutas\/"]}]},{"@type":"ImageObject","inLanguage":"es","@id":"https:\/\/www.csj-emballages.com\/es\/produit\/4-4-lata-de-coctel-de-frutas\/#primaryimage","url":"https:\/\/www.csj-emballages.com\/wp-content\/uploads\/2024\/05\/030038.webp","contentUrl":"https:\/\/www.csj-emballages.com\/wp-content\/uploads\/2024\/05\/030038.webp","width":800,"height":800,"caption":"Cocktail de fruits"},{"@type":"BreadcrumbList","@id":"https:\/\/www.csj-emballages.com\/es\/produit\/4-4-lata-de-coctel-de-frutas\/#breadcrumb","itemListElement":[{"@type":"ListItem","position":1,"name":"Accueil","item":"https:\/\/www.csj-emballages.com\/es\/universo-del-envasado-alimentario\/"},{"@type":"ListItem","position":2,"name":"Tienda","item":"https:\/\/www.csj-emballages.com\/tienda\/"},{"@type":"ListItem","position":3,"name":"C\u00f3ctel de frutas en conserva en lata 4\/4"}]},{"@type":"WebSite","@id":"https:\/\/www.csj-emballages.com\/es\/#website","url":"https:\/\/www.csj-emballages.com\/es\/","name":"CSJ Emballages","description":"","publisher":{"@id":"https:\/\/www.csj-emballages.com\/es\/#organization"},"potentialAction":[{"@type":"SearchAction","target":{"@type":"EntryPoint","urlTemplate":"https:\/\/www.csj-emballages.com\/es\/?s={search_term_string}"},"query-input":{"@type":"PropertyValueSpecification","valueRequired":true,"valueName":"search_term_string"}}],"inLanguage":"es"},{"@type":"Organization","@id":"https:\/\/www.csj-emballages.com\/es\/#Organization\/","name":"CSJ Emballages","url":"https:\/\/www.csj-emballages.com\/es\/","logo":{"@type":"ImageObject","inLanguage":"es","@id":"https:\/\/www.csj-emballages.com\/es\/#\/schema\/logo\/image\/","url":"https:\/\/www.csj-emballages.com\/wp-content\/uploads\/2023\/10\/logo_csj.webp","contentUrl":"https:\/\/www.csj-emballages.com\/wp-content\/uploads\/2023\/10\/logo_csj.webp","width":250,"height":95,"caption":"CSJ Emballages"},"image":{"@id":"https:\/\/www.csj-emballages.com\/es\/#\/schema\/logo\/image\/"},"sameAs":["https:\/\/www.facebook.com\/csjemballages"],"address":{"@type":"PostalAddress","streetAddress":"ZI La Lechere","addressLocality":"Patornay","postalCode":"39130","addressCountry":"FR"},"contactPoint":[{"@type":"ContactPoint","contactType":"Service client","telephone":"0384254272","email":"contact@csj-emballages.com"}]}]}},"df_price":3.02,"df_sale_price":"","df_regular_price":3.02,"df_image_link":"https:\/\/www.csj-emballages.com\/wp-content\/uploads\/2024\/05\/030038-300x300.webp","tiered_pricing_type":"fixed","tiered_pricing_fixed_rules":[],"tiered_pricing_percentage_rules":[],"tiered_pricing_minimum":1,"tiered_pricing_roles_data":[],"_links":{"self":[{"href":"https:\/\/www.csj-emballages.com\/es\/wp-json\/wp\/v2\/product\/16843","targetHints":{"allow":["GET"]}}],"collection":[{"href":"https:\/\/www.csj-emballages.com\/es\/wp-json\/wp\/v2\/product"}],"about":[{"href":"https:\/\/www.csj-emballages.com\/es\/wp-json\/wp\/v2\/types\/product"}],"wp:featuredmedia":[{"embeddable":true,"href":"https:\/\/www.csj-emballages.com\/es\/wp-json\/wp\/v2\/media\/260858"}],"wp:attachment":[{"href":"https:\/\/www.csj-emballages.com\/es\/wp-json\/wp\/v2\/media?parent=16843"}],"wp:term":[{"taxonomy":"product_brand","embeddable":true,"href":"https:\/\/www.csj-emballages.com\/es\/wp-json\/wp\/v2\/product_brand?post=16843"},{"taxonomy":"product_cat","embeddable":true,"href":"https:\/\/www.csj-emballages.com\/es\/wp-json\/wp\/v2\/product_cat?post=16843"},{"taxonomy":"product_tag","embeddable":true,"href":"https:\/\/www.csj-emballages.com\/es\/wp-json\/wp\/v2\/product_tag?post=16843"}],"curies":[{"name":"wp","href":"https:\/\/api.w.org\/{rel}","templated":true}]}}