{"id":16836,"date":"2024-05-16T09:15:40","date_gmt":"2024-05-16T07:15:40","guid":{"rendered":"https:\/\/u15jnbdpoq.preview.infomaniak.website\/?post_type=product&#038;p=16836"},"modified":"2026-04-20T02:11:16","modified_gmt":"2026-04-20T00:11:16","slug":"250-moldes-de-aspic-medallon-70-ml","status":"publish","type":"product","link":"https:\/\/www.csj-emballages.com\/es\/produit\/250-moldes-de-aspic-medallon-70-ml\/","title":{"rendered":"Molde aspic medall\u00f3n 70 ml por 250"},"content":{"rendered":"<h2>Molde de aspic<\/h2>\n<hr>\n<h3>Descripci\u00f3n de nuestro molde de aspic medall\u00f3n 70 ml por 250<\/h3>\n<p><!--more--><\/p>\n<div class=\"flex-shrink-0 flex flex-col relative items-end\">\n<div>\n<div class=\"pt-0.5 juice:pt-0\">\n<div class=\"gizmo-bot-avatar flex h-6 w-6 items-center justify-center overflow-hidden rounded-full juice:h-8 juice:w-8\">\n<div class=\"relative p-1 rounded-sm flex items-center justify-center bg-token-main-surface-primary text-token-text-primary h-8 w-8\">Descubre el arte de cocinar con nuestros <strong>moldes de aspic para medallones<\/strong>, una herramienta esencial para hosteleros, cocineros y restauradores. Este <strong>molde<\/strong> transparente <strong>de 7 cm<\/strong> de di\u00e1metro y <strong>2,2 cm de<\/strong> altura asegura una precisi\u00f3n inigualable en tus preparaciones, garantizando creaciones gourmet impecables. Adem\u00e1s, su <strong>forma redonda<\/strong> aporta una elegancia elegante a tus platos, garantizando siempre una presentaci\u00f3n impresionante.  F\u00e1ciles de manipular, estos <strong>moldes<\/strong> se desmoldan f\u00e1cilmente, respondiendo a las expectativas de los profesionales m\u00e1s exigentes.<\/div>\n<\/div>\n<\/div>\n<\/div>\n<\/div>\n<div class=\"group\/conversation-turn relative flex w-full min-w-0 flex-col agent-turn\">\n<div class=\"flex-col gap-1 md:gap-3\">\n<div class=\"flex flex-grow flex-col max-w-full\">\n<div class=\"min-h-[20px] text-message flex flex-col items-start whitespace-pre-wrap break-words [.text-message+&amp;]:mt-5 juice:w-full juice:items-end overflow-x-auto gap-2\" dir=\"auto\" data-message-author-role=\"assistant\" data-message-id=\"e2318938-92ee-4821-a702-e1aae3a8306d\">\n<div class=\"flex w-full flex-col gap-1 juice:empty:hidden juice:first:pt-[3px]\">\n<div class=\"markdown prose w-full break-words dark:prose-invert light\">\n<p>Los utilizan principalmente los hosteleros, cocineros y restauradores.<\/p>\n<p>En resumen, este <strong>molde<\/strong> transparente <strong>para \u00e1spic<\/strong> te ofrece una visi\u00f3n perfecta de tus creaciones durante la preparaci\u00f3n.<\/p>\n<p>&nbsp;<\/p>\n<\/div>\n<\/div>\n<\/div>\n<\/div>\n<\/div>\n<\/div>\n<h4><\/h4>\n<p><!--more--><\/p>\n<h4>Ventajas :<\/h4>\n<ul>\n<li>Permite preparaciones detalladas y uniformes.<\/li>\n<li>El generoso embalaje de 250 moldes por lote responde a una alta demanda.<\/li>\n<li>El uso de pl\u00e1stico ligero y transparente permite una manipulaci\u00f3n sencilla y una f\u00e1cil verificaci\u00f3n visual del contenido.<\/li>\n<li>Facilita la producci\u00f3n en serie, permitiendo preparar varias porciones r\u00e1pida y eficazmente.<\/li>\n<li>F\u00e1ciles de limpiar.<\/li>\n<\/ul>\n<p>&nbsp;<\/p>\n<p><!--more--><\/p>\n<h4>Informaci\u00f3n adicional :<\/h4>\n<ul>\n<li><strong>Envase<\/strong>: Paquete de 150<\/li>\n<li><strong>Dimensiones<\/strong>: 7 x 2,2 (\u00d8 x A en cm)<\/li>\n<li><strong>Material<\/strong>: Tereftalato de polietileno (PET)<\/li>\n<li><strong>Uso<\/strong>: Fr\u00edo<\/li>\n<li><strong>Formato<\/strong>: Redondo \/ Liso<\/li>\n<li><strong>Temperatura de funcionamiento<\/strong>: -40\u00b0C\/+70\u00b0C<\/li>\n<\/ul>\n<p>&nbsp;<\/p>\n<p><!--more--><\/p>\n<p>Producto disponible en distintos formatos: <span style=\"color: #d12727;\"><a style=\"color: #d12727;\" href=\"https:\/\/www.csj-emballages.com\/es\/produit\/150-moldes-ovalados-para-aspic-70-ml\/\">Oval<\/a><\/span> \/ <span style=\"color: #d12727;\"><a style=\"color: #d12727;\" href=\"https:\/\/www.csj-emballages.com\/es\/produit\/100-moldes-de-plastico-para-agujas-de-gelatina\/\">Aguja<\/a><\/span> \/ <span style=\"color: #d12727;\"><a style=\"color: #d12727;\" href=\"https:\/\/www.csj-emballages.com\/produit\/250-moules-plastiques-cornet-a-jambon-en-gelee\/\">Corneta<\/a><\/span><\/p>\n<p>&nbsp;<\/p>\n<p><!--more--><\/p>\n<p>&nbsp;<\/p>\n<p><a href=\"https:\/\/www.csj-emballages.com\/es\/categorie-produit\/envasado-de-alimentos\/carniceria-y-charcuteria\/bandejas-latas-y-tarros\/bandejas-latas-tarros-de-comida\/moldes-de-aspic\/\">Ver el resto de nuestra gama de moldes para \u00e1spic<\/a><\/p>\n","protected":false},"excerpt":{"rendered":"<p>Molde de aspic Descripci\u00f3n de nuestro molde de aspic medall\u00f3n 70 ml por 250<\/p>\n","protected":false},"featured_media":220972,"template":"","meta":{"_acf_changed":false},"product_brand":[],"product_cat":[1150,1143,2296,1491,2866],"product_tag":[],"class_list":{"0":"post-16836","1":"product","2":"type-product","3":"status-publish","4":"has-post-thumbnail","6":"product_cat-envasado-de-alimentos","7":"product_cat-carniceria-y-charcuteria","8":"product_cat-bandejas-latas-y-tarros","9":"product_cat-bandejas-latas-tarros-de-comida","10":"product_cat-moldes-de-aspic","12":"first","13":"instock","14":"taxable","15":"shipping-taxable","16":"purchasable","17":"product-type-simple"},"acf":[],"yoast_head":"<!-- This site is optimized with the Yoast SEO Premium plugin v26.6 (Yoast SEO v26.6) - https:\/\/yoast.com\/wordpress\/plugins\/seo\/ -->\n<title>Molde Aspic Medall\u00f3n - 70 ml<\/title>\n<meta name=\"description\" content=\"Molde para \u00e1spic medall\u00f3n de pl\u00e1stico por 150 \u2013 Ideal para caterings y particulares. Porciones uniformes, f\u00e1cil desmoldeo, higi\u00e9nico y pr\u00e1ctico.\" \/>\n<meta name=\"robots\" content=\"index, follow, max-snippet:-1, max-image-preview:large, max-video-preview:-1\" \/>\n<link rel=\"canonical\" href=\"https:\/\/www.csj-emballages.com\/es\/produit\/250-moldes-de-aspic-medallon-70-ml\/\" \/>\n<meta property=\"og:locale\" content=\"es_ES\" \/>\n<meta property=\"og:type\" content=\"article\" \/>\n<meta property=\"og:title\" content=\"Molde aspic medall\u00f3n 70 ml por 250\" \/>\n<meta property=\"og:description\" content=\"Molde para \u00e1spic medall\u00f3n de pl\u00e1stico por 150 \u2013 Ideal para caterings y particulares. Porciones uniformes, f\u00e1cil desmoldeo, higi\u00e9nico y pr\u00e1ctico.\" \/>\n<meta property=\"og:url\" content=\"https:\/\/www.csj-emballages.com\/es\/produit\/250-moldes-de-aspic-medallon-70-ml\/\" \/>\n<meta property=\"og:site_name\" content=\"CSJ Emballages\" \/>\n<meta property=\"article:publisher\" content=\"https:\/\/www.facebook.com\/csjemballages\" \/>\n<meta property=\"article:modified_time\" content=\"2026-04-20T00:11:16+00:00\" \/>\n<meta property=\"og:image\" content=\"https:\/\/www.csj-emballages.com\/wp-content\/uploads\/2024\/05\/Aspic-medaillon.webp\" \/>\n\t<meta property=\"og:image:width\" content=\"800\" \/>\n\t<meta property=\"og:image:height\" content=\"800\" \/>\n\t<meta property=\"og:image:type\" content=\"image\/webp\" \/>\n<meta name=\"twitter:card\" content=\"summary_large_image\" \/>\n<meta name=\"twitter:label1\" content=\"Tiempo de lectura\" \/>\n\t<meta name=\"twitter:data1\" content=\"1 minuto\" \/>\n<script type=\"application\/ld+json\" class=\"yoast-schema-graph\">{\"@context\":\"https:\/\/schema.org\",\"@graph\":[{\"@type\":\"WebPage\",\"@id\":\"https:\/\/www.csj-emballages.com\/es\/produit\/250-moldes-de-aspic-medallon-70-ml\/\",\"url\":\"https:\/\/www.csj-emballages.com\/es\/produit\/250-moldes-de-aspic-medallon-70-ml\/\",\"name\":\"Molde Aspic Medall\u00f3n - 70 ml\",\"isPartOf\":{\"@id\":\"https:\/\/www.csj-emballages.com\/es\/#website\"},\"primaryImageOfPage\":{\"@id\":\"https:\/\/www.csj-emballages.com\/es\/produit\/250-moldes-de-aspic-medallon-70-ml\/#primaryimage\"},\"image\":{\"@id\":\"https:\/\/www.csj-emballages.com\/es\/produit\/250-moldes-de-aspic-medallon-70-ml\/#primaryimage\"},\"thumbnailUrl\":\"https:\/\/www.csj-emballages.com\/wp-content\/uploads\/2024\/05\/Aspic-medaillon.webp\",\"datePublished\":\"2024-05-16T07:15:40+00:00\",\"dateModified\":\"2026-04-20T00:11:16+00:00\",\"description\":\"Molde para \u00e1spic medall\u00f3n de pl\u00e1stico por 150 \u2013 Ideal para caterings y particulares. Porciones uniformes, f\u00e1cil desmoldeo, higi\u00e9nico y pr\u00e1ctico.\",\"breadcrumb\":{\"@id\":\"https:\/\/www.csj-emballages.com\/es\/produit\/250-moldes-de-aspic-medallon-70-ml\/#breadcrumb\"},\"inLanguage\":\"es\",\"potentialAction\":[{\"@type\":\"ReadAction\",\"target\":[\"https:\/\/www.csj-emballages.com\/es\/produit\/250-moldes-de-aspic-medallon-70-ml\/\"]}]},{\"@type\":\"ImageObject\",\"inLanguage\":\"es\",\"@id\":\"https:\/\/www.csj-emballages.com\/es\/produit\/250-moldes-de-aspic-medallon-70-ml\/#primaryimage\",\"url\":\"https:\/\/www.csj-emballages.com\/wp-content\/uploads\/2024\/05\/Aspic-medaillon.webp\",\"contentUrl\":\"https:\/\/www.csj-emballages.com\/wp-content\/uploads\/2024\/05\/Aspic-medaillon.webp\",\"width\":800,\"height\":800,\"caption\":\"Moule \u00e0 aspic\"},{\"@type\":\"BreadcrumbList\",\"@id\":\"https:\/\/www.csj-emballages.com\/es\/produit\/250-moldes-de-aspic-medallon-70-ml\/#breadcrumb\",\"itemListElement\":[{\"@type\":\"ListItem\",\"position\":1,\"name\":\"Accueil\",\"item\":\"https:\/\/www.csj-emballages.com\/es\/universo-del-envasado-alimentario\/\"},{\"@type\":\"ListItem\",\"position\":2,\"name\":\"Tienda\",\"item\":\"https:\/\/www.csj-emballages.com\/tienda\/\"},{\"@type\":\"ListItem\",\"position\":3,\"name\":\"Molde aspic medall\u00f3n 70 ml por 250\"}]},{\"@type\":\"WebSite\",\"@id\":\"https:\/\/www.csj-emballages.com\/es\/#website\",\"url\":\"https:\/\/www.csj-emballages.com\/es\/\",\"name\":\"CSJ Emballages\",\"description\":\"\",\"publisher\":{\"@id\":\"https:\/\/www.csj-emballages.com\/es\/#organization\"},\"potentialAction\":[{\"@type\":\"SearchAction\",\"target\":{\"@type\":\"EntryPoint\",\"urlTemplate\":\"https:\/\/www.csj-emballages.com\/es\/?s={search_term_string}\"},\"query-input\":{\"@type\":\"PropertyValueSpecification\",\"valueRequired\":true,\"valueName\":\"search_term_string\"}}],\"inLanguage\":\"es\"},{\"@type\":\"Organization\",\"@id\":\"https:\/\/www.csj-emballages.com\/es\/#Organization\/\",\"name\":\"CSJ Emballages\",\"url\":\"https:\/\/www.csj-emballages.com\/es\/\",\"logo\":{\"@type\":\"ImageObject\",\"inLanguage\":\"es\",\"@id\":\"https:\/\/www.csj-emballages.com\/es\/#\/schema\/logo\/image\/\",\"url\":\"https:\/\/www.csj-emballages.com\/wp-content\/uploads\/2023\/10\/logo_csj.webp\",\"contentUrl\":\"https:\/\/www.csj-emballages.com\/wp-content\/uploads\/2023\/10\/logo_csj.webp\",\"width\":250,\"height\":95,\"caption\":\"CSJ Emballages\"},\"image\":{\"@id\":\"https:\/\/www.csj-emballages.com\/es\/#\/schema\/logo\/image\/\"},\"sameAs\":[\"https:\/\/www.facebook.com\/csjemballages\"],\"address\":{\"@type\":\"PostalAddress\",\"streetAddress\":\"ZI La Lechere\",\"addressLocality\":\"Patornay\",\"postalCode\":\"39130\",\"addressCountry\":\"FR\"},\"contactPoint\":[{\"@type\":\"ContactPoint\",\"contactType\":\"Service client\",\"telephone\":\"0384254272\",\"email\":\"contact@csj-emballages.com\"}]}]}<\/script>\n<!-- \/ Yoast SEO Premium plugin. -->","yoast_head_json":{"title":"Molde Aspic Medall\u00f3n - 70 ml","description":"Molde para \u00e1spic medall\u00f3n de pl\u00e1stico por 150 \u2013 Ideal para caterings y particulares. Porciones uniformes, f\u00e1cil desmoldeo, higi\u00e9nico y pr\u00e1ctico.","robots":{"index":"index","follow":"follow","max-snippet":"max-snippet:-1","max-image-preview":"max-image-preview:large","max-video-preview":"max-video-preview:-1"},"canonical":"https:\/\/www.csj-emballages.com\/es\/produit\/250-moldes-de-aspic-medallon-70-ml\/","og_locale":"es_ES","og_type":"article","og_title":"Molde aspic medall\u00f3n 70 ml por 250","og_description":"Molde para \u00e1spic medall\u00f3n de pl\u00e1stico por 150 \u2013 Ideal para caterings y particulares. Porciones uniformes, f\u00e1cil desmoldeo, higi\u00e9nico y pr\u00e1ctico.","og_url":"https:\/\/www.csj-emballages.com\/es\/produit\/250-moldes-de-aspic-medallon-70-ml\/","og_site_name":"CSJ Emballages","article_publisher":"https:\/\/www.facebook.com\/csjemballages","article_modified_time":"2026-04-20T00:11:16+00:00","og_image":[{"width":800,"height":800,"url":"https:\/\/www.csj-emballages.com\/wp-content\/uploads\/2024\/05\/Aspic-medaillon.webp","type":"image\/webp"}],"twitter_card":"summary_large_image","twitter_misc":{"Tiempo de lectura":"1 minuto"},"schema":{"@context":"https:\/\/schema.org","@graph":[{"@type":"WebPage","@id":"https:\/\/www.csj-emballages.com\/es\/produit\/250-moldes-de-aspic-medallon-70-ml\/","url":"https:\/\/www.csj-emballages.com\/es\/produit\/250-moldes-de-aspic-medallon-70-ml\/","name":"Molde Aspic Medall\u00f3n - 70 ml","isPartOf":{"@id":"https:\/\/www.csj-emballages.com\/es\/#website"},"primaryImageOfPage":{"@id":"https:\/\/www.csj-emballages.com\/es\/produit\/250-moldes-de-aspic-medallon-70-ml\/#primaryimage"},"image":{"@id":"https:\/\/www.csj-emballages.com\/es\/produit\/250-moldes-de-aspic-medallon-70-ml\/#primaryimage"},"thumbnailUrl":"https:\/\/www.csj-emballages.com\/wp-content\/uploads\/2024\/05\/Aspic-medaillon.webp","datePublished":"2024-05-16T07:15:40+00:00","dateModified":"2026-04-20T00:11:16+00:00","description":"Molde para \u00e1spic medall\u00f3n de pl\u00e1stico por 150 \u2013 Ideal para caterings y particulares. Porciones uniformes, f\u00e1cil desmoldeo, higi\u00e9nico y pr\u00e1ctico.","breadcrumb":{"@id":"https:\/\/www.csj-emballages.com\/es\/produit\/250-moldes-de-aspic-medallon-70-ml\/#breadcrumb"},"inLanguage":"es","potentialAction":[{"@type":"ReadAction","target":["https:\/\/www.csj-emballages.com\/es\/produit\/250-moldes-de-aspic-medallon-70-ml\/"]}]},{"@type":"ImageObject","inLanguage":"es","@id":"https:\/\/www.csj-emballages.com\/es\/produit\/250-moldes-de-aspic-medallon-70-ml\/#primaryimage","url":"https:\/\/www.csj-emballages.com\/wp-content\/uploads\/2024\/05\/Aspic-medaillon.webp","contentUrl":"https:\/\/www.csj-emballages.com\/wp-content\/uploads\/2024\/05\/Aspic-medaillon.webp","width":800,"height":800,"caption":"Moule \u00e0 aspic"},{"@type":"BreadcrumbList","@id":"https:\/\/www.csj-emballages.com\/es\/produit\/250-moldes-de-aspic-medallon-70-ml\/#breadcrumb","itemListElement":[{"@type":"ListItem","position":1,"name":"Accueil","item":"https:\/\/www.csj-emballages.com\/es\/universo-del-envasado-alimentario\/"},{"@type":"ListItem","position":2,"name":"Tienda","item":"https:\/\/www.csj-emballages.com\/tienda\/"},{"@type":"ListItem","position":3,"name":"Molde aspic medall\u00f3n 70 ml por 250"}]},{"@type":"WebSite","@id":"https:\/\/www.csj-emballages.com\/es\/#website","url":"https:\/\/www.csj-emballages.com\/es\/","name":"CSJ Emballages","description":"","publisher":{"@id":"https:\/\/www.csj-emballages.com\/es\/#organization"},"potentialAction":[{"@type":"SearchAction","target":{"@type":"EntryPoint","urlTemplate":"https:\/\/www.csj-emballages.com\/es\/?s={search_term_string}"},"query-input":{"@type":"PropertyValueSpecification","valueRequired":true,"valueName":"search_term_string"}}],"inLanguage":"es"},{"@type":"Organization","@id":"https:\/\/www.csj-emballages.com\/es\/#Organization\/","name":"CSJ Emballages","url":"https:\/\/www.csj-emballages.com\/es\/","logo":{"@type":"ImageObject","inLanguage":"es","@id":"https:\/\/www.csj-emballages.com\/es\/#\/schema\/logo\/image\/","url":"https:\/\/www.csj-emballages.com\/wp-content\/uploads\/2023\/10\/logo_csj.webp","contentUrl":"https:\/\/www.csj-emballages.com\/wp-content\/uploads\/2023\/10\/logo_csj.webp","width":250,"height":95,"caption":"CSJ Emballages"},"image":{"@id":"https:\/\/www.csj-emballages.com\/es\/#\/schema\/logo\/image\/"},"sameAs":["https:\/\/www.facebook.com\/csjemballages"],"address":{"@type":"PostalAddress","streetAddress":"ZI La Lechere","addressLocality":"Patornay","postalCode":"39130","addressCountry":"FR"},"contactPoint":[{"@type":"ContactPoint","contactType":"Service client","telephone":"0384254272","email":"contact@csj-emballages.com"}]}]}},"df_price":16.98,"df_sale_price":"","df_regular_price":16.98,"df_image_link":"https:\/\/www.csj-emballages.com\/wp-content\/uploads\/2024\/05\/Aspic-medaillon-300x300.webp","tiered_pricing_type":"fixed","tiered_pricing_fixed_rules":[],"tiered_pricing_percentage_rules":[],"tiered_pricing_minimum":1,"tiered_pricing_roles_data":[],"_links":{"self":[{"href":"https:\/\/www.csj-emballages.com\/es\/wp-json\/wp\/v2\/product\/16836","targetHints":{"allow":["GET"]}}],"collection":[{"href":"https:\/\/www.csj-emballages.com\/es\/wp-json\/wp\/v2\/product"}],"about":[{"href":"https:\/\/www.csj-emballages.com\/es\/wp-json\/wp\/v2\/types\/product"}],"wp:featuredmedia":[{"embeddable":true,"href":"https:\/\/www.csj-emballages.com\/es\/wp-json\/wp\/v2\/media\/220972"}],"wp:attachment":[{"href":"https:\/\/www.csj-emballages.com\/es\/wp-json\/wp\/v2\/media?parent=16836"}],"wp:term":[{"taxonomy":"product_brand","embeddable":true,"href":"https:\/\/www.csj-emballages.com\/es\/wp-json\/wp\/v2\/product_brand?post=16836"},{"taxonomy":"product_cat","embeddable":true,"href":"https:\/\/www.csj-emballages.com\/es\/wp-json\/wp\/v2\/product_cat?post=16836"},{"taxonomy":"product_tag","embeddable":true,"href":"https:\/\/www.csj-emballages.com\/es\/wp-json\/wp\/v2\/product_tag?post=16836"}],"curies":[{"name":"wp","href":"https:\/\/api.w.org\/{rel}","templated":true}]}}