{"id":16830,"date":"2024-05-22T11:10:20","date_gmt":"2024-05-22T09:10:20","guid":{"rendered":"https:\/\/u15jnbdpoq.preview.infomaniak.website\/produit\/3-1-lata-de-albaricoques-premium-sin-pelar\/"},"modified":"2026-03-12T16:00:34","modified_gmt":"2026-03-12T15:00:34","slug":"3-1-lata-de-albaricoques-premium-sin-pelar","status":"publish","type":"product","link":"https:\/\/www.csj-emballages.com\/es\/produit\/3-1-lata-de-albaricoques-premium-sin-pelar\/","title":{"rendered":"Mitades de albaricoque calidad pasteler\u00eda sin pelar en lata 3\/1"},"content":{"rendered":"<h2>Mitades de albaricoque<\/h2>\n<hr>\n<h3>Descubra nuestras mitades de albaricoque calidad pasteler\u00eda sin pelar en lata 3\/1<\/h3>\n<p><!--more--><\/p>\n<p data-start=\"277\" data-end=\"591\">Estas <strong data-start=\"281\" data-end=\"324\">mitades de albaricoque calidad pasteler\u00eda<\/strong> son una apuesta segura para todas las cocinas a las que les gusta trabajar con productos fiables y deliciosos. Presentadas en <strong data-start=\"452\" data-end=\"465\">lata 3\/1<\/strong>, ofrecen una cantidad ideal para los profesionales, garantizando al mismo tiempo una regularidad perfecta de un servicio a otro. <\/p>\n<p data-start=\"593\" data-end=\"996\">Cada <strong>mitad<\/strong> se selecciona cuidadosamente por su consistencia y sabor. <strong>Sin pelar<\/strong>, conservan su aspecto natural, as\u00ed como una textura agradable despu\u00e9s de la cocci\u00f3n o el uso en fr\u00edo. Su pulpa es fundente, bien equilibrada, ni demasiado firme ni demasiado fr\u00e1gil, lo que permite manipularlas f\u00e1cilmente sin da\u00f1arlas. De este modo, ahorrar\u00e1 tiempo en la preparaci\u00f3n, obteniendo al mismo tiempo un resultado visual cuidado.  <\/p>\n<p data-start=\"998\" data-end=\"1372\">Del mismo modo, su sabor dulce y ligeramente \u00e1cido se integra tanto en los postres tradicionales como en las creaciones m\u00e1s modernas. <strong>Tartas, postres, clafoutis, guarniciones, vasitos<\/strong> o incluso acompa\u00f1amientos agridulces: estas <strong>mitades de albaricoque<\/strong> se adaptan a todos los gustos. Gracias a su calibre homog\u00e9neo, la presentaci\u00f3n permanece limpia y regular, incluso en grandes producciones. <\/p>\n<p data-start=\"1374\" data-end=\"1663\">Adem\u00e1s, el envasado en conserva garantiza una excelente conservaci\u00f3n y una disponibilidad inmediata durante todo el a\u00f1o. Por lo tanto, puede trabajar con tranquilidad, sin depender de la estacionalidad de la fruta fresca. Es una verdadera comodidad en la cocina, sobre todo cuando aumentan los vol\u00famenes.  <\/p>\n<p data-start=\"1665\" data-end=\"1885\">En resumen, estas <strong>mitades de albaricoque calidad pasteler\u00eda<\/strong> combinan practicidad, constancia y placer gustativo. Un ingrediente sencillo, eficaz y fiable, pensado para satisfacer las exigencias de los profesionales de la pasteler\u00eda y la restauraci\u00f3n. <\/p>\n<p data-start=\"1665\" data-end=\"1885\">\n<p data-start=\"1665\" data-end=\"1885\"><!--more--><\/p>\n<h4 data-start=\"1665\" data-end=\"1885\">Ventajas :<\/h4>\n<ul>\n<li data-start=\"1913\" data-end=\"1966\"><strong>Calidad pasteler\u00eda<\/strong> adaptada a un uso profesional.<\/li>\n<li data-start=\"1969\" data-end=\"2006\"><strong>Mitades sin pelar<\/strong>, aspecto natural.<\/li>\n<li data-start=\"2009\" data-end=\"2042\">Textura fundente y buena consistencia.<\/li>\n<li data-start=\"2045\" data-end=\"2080\">Sabor equilibrado, f\u00e1cil de combinar.<\/li>\n<li data-start=\"2083\" data-end=\"2129\"><strong>Lata 3\/1<\/strong> ideal para grandes vol\u00famenes.<\/li>\n<\/ul>\n<p>&nbsp;<\/p>\n<p><!--more--><\/p>\n<h4>Otros datos:<\/h4>\n<ul>\n<li><strong>Embalaje<\/strong>: Caja 3\/1<\/li>\n<li><strong>Peso neto escurrido<\/strong>: 1480 gr<\/li>\n<li><strong>Peso medio de una mitad<\/strong>: 17 a 19 gr<\/li>\n<li><strong>N\u00famero de mitades<\/strong>: 73 a 87<\/li>\n<li><strong>Di\u00e1metro medio<\/strong>: 39 a 42 mm<\/li>\n<\/ul>\n<p>&nbsp;<\/p>\n<p><!--more--><\/p>\n<p><a href=\"https:\/\/www.csj-emballages.com\/es\/categorie-produit\/alimentacion-es\/alimentacion\/fruta-seca-y-fruta-en-almibar\/albaricoque\/\">Consulte el resto de nuestra gama de albaricoques en alm\u00edbar<\/a><\/p>\n","protected":false},"excerpt":{"rendered":"<p>Mitades de albaricoque Descubra nuestras mitades de albaricoque calidad pasteler\u00eda sin pelar en lata 3\/1<\/p>\n","protected":false},"featured_media":260821,"template":"","meta":{"_acf_changed":false},"product_brand":[],"product_cat":[1162,1189,1200,5928],"product_tag":[],"class_list":{"0":"post-16830","1":"product","2":"type-product","3":"status-publish","4":"has-post-thumbnail","6":"product_cat-alimentacion-es","7":"product_cat-alimentacion","8":"product_cat-fruta-seca-y-fruta-en-almibar","9":"product_cat-albaricoque","11":"first","12":"instock","13":"featured","14":"taxable","15":"shipping-taxable","16":"purchasable","17":"product-type-simple"},"acf":[],"yoast_head":"<!-- This site is optimized with the Yoast SEO Premium plugin v26.6 (Yoast SEO v26.6) - https:\/\/yoast.com\/wordpress\/plugins\/seo\/ -->\n<title>Mitades de albaricoque calidad pasteler\u00eda sin pelar en lata 3\/1<\/title>\n<meta name=\"description\" content=\"Mitades de albaricoque calidad pasteler\u00eda sin pelar en lata 3\/1. Textura fundente, sabor equilibrado y formato ideal para profesionales.\" \/>\n<meta name=\"robots\" content=\"index, follow, max-snippet:-1, max-image-preview:large, max-video-preview:-1\" \/>\n<link rel=\"canonical\" href=\"https:\/\/www.csj-emballages.com\/es\/produit\/3-1-lata-de-albaricoques-premium-sin-pelar\/\" \/>\n<meta property=\"og:locale\" content=\"es_ES\" \/>\n<meta property=\"og:type\" content=\"article\" \/>\n<meta property=\"og:title\" content=\"Mitades de albaricoque calidad pasteler\u00eda sin pelar en lata 3\/1\" \/>\n<meta property=\"og:description\" content=\"Mitades de albaricoque calidad pasteler\u00eda sin pelar en lata 3\/1. Textura fundente, sabor equilibrado y formato ideal para profesionales.\" \/>\n<meta property=\"og:url\" content=\"https:\/\/www.csj-emballages.com\/es\/produit\/3-1-lata-de-albaricoques-premium-sin-pelar\/\" \/>\n<meta property=\"og:site_name\" content=\"CSJ Emballages\" \/>\n<meta property=\"article:publisher\" content=\"https:\/\/www.facebook.com\/csjemballages\" \/>\n<meta property=\"article:modified_time\" content=\"2026-03-12T15:00:34+00:00\" \/>\n<meta property=\"og:image\" content=\"https:\/\/www.csj-emballages.com\/wp-content\/uploads\/2024\/05\/010125.webp\" \/>\n\t<meta property=\"og:image:width\" content=\"800\" \/>\n\t<meta property=\"og:image:height\" content=\"800\" \/>\n\t<meta property=\"og:image:type\" content=\"image\/webp\" \/>\n<meta name=\"twitter:card\" content=\"summary_large_image\" \/>\n<meta name=\"twitter:label1\" content=\"Tiempo de lectura\" \/>\n\t<meta name=\"twitter:data1\" content=\"2 minutos\" \/>\n<script type=\"application\/ld+json\" class=\"yoast-schema-graph\">{\"@context\":\"https:\/\/schema.org\",\"@graph\":[{\"@type\":\"WebPage\",\"@id\":\"https:\/\/www.csj-emballages.com\/es\/produit\/3-1-lata-de-albaricoques-premium-sin-pelar\/\",\"url\":\"https:\/\/www.csj-emballages.com\/es\/produit\/3-1-lata-de-albaricoques-premium-sin-pelar\/\",\"name\":\"Mitades de albaricoque calidad pasteler\u00eda sin pelar en lata 3\/1\",\"isPartOf\":{\"@id\":\"https:\/\/www.csj-emballages.com\/es\/#website\"},\"primaryImageOfPage\":{\"@id\":\"https:\/\/www.csj-emballages.com\/es\/produit\/3-1-lata-de-albaricoques-premium-sin-pelar\/#primaryimage\"},\"image\":{\"@id\":\"https:\/\/www.csj-emballages.com\/es\/produit\/3-1-lata-de-albaricoques-premium-sin-pelar\/#primaryimage\"},\"thumbnailUrl\":\"https:\/\/www.csj-emballages.com\/wp-content\/uploads\/2024\/05\/010125.webp\",\"datePublished\":\"2024-05-22T09:10:20+00:00\",\"dateModified\":\"2026-03-12T15:00:34+00:00\",\"description\":\"Mitades de albaricoque calidad pasteler\u00eda sin pelar en lata 3\/1. Textura fundente, sabor equilibrado y formato ideal para profesionales.\",\"breadcrumb\":{\"@id\":\"https:\/\/www.csj-emballages.com\/es\/produit\/3-1-lata-de-albaricoques-premium-sin-pelar\/#breadcrumb\"},\"inLanguage\":\"es\",\"potentialAction\":[{\"@type\":\"ReadAction\",\"target\":[\"https:\/\/www.csj-emballages.com\/es\/produit\/3-1-lata-de-albaricoques-premium-sin-pelar\/\"]}]},{\"@type\":\"ImageObject\",\"inLanguage\":\"es\",\"@id\":\"https:\/\/www.csj-emballages.com\/es\/produit\/3-1-lata-de-albaricoques-premium-sin-pelar\/#primaryimage\",\"url\":\"https:\/\/www.csj-emballages.com\/wp-content\/uploads\/2024\/05\/010125.webp\",\"contentUrl\":\"https:\/\/www.csj-emballages.com\/wp-content\/uploads\/2024\/05\/010125.webp\",\"width\":800,\"height\":800,\"caption\":\"Oreillons d'abricots\"},{\"@type\":\"BreadcrumbList\",\"@id\":\"https:\/\/www.csj-emballages.com\/es\/produit\/3-1-lata-de-albaricoques-premium-sin-pelar\/#breadcrumb\",\"itemListElement\":[{\"@type\":\"ListItem\",\"position\":1,\"name\":\"Accueil\",\"item\":\"https:\/\/www.csj-emballages.com\/es\/universo-del-envasado-alimentario\/\"},{\"@type\":\"ListItem\",\"position\":2,\"name\":\"Tienda\",\"item\":\"https:\/\/www.csj-emballages.com\/tienda\/\"},{\"@type\":\"ListItem\",\"position\":3,\"name\":\"Mitades de albaricoque calidad pasteler\u00eda sin pelar en lata 3\/1\"}]},{\"@type\":\"WebSite\",\"@id\":\"https:\/\/www.csj-emballages.com\/es\/#website\",\"url\":\"https:\/\/www.csj-emballages.com\/es\/\",\"name\":\"CSJ Emballages\",\"description\":\"\",\"publisher\":{\"@id\":\"https:\/\/www.csj-emballages.com\/es\/#organization\"},\"potentialAction\":[{\"@type\":\"SearchAction\",\"target\":{\"@type\":\"EntryPoint\",\"urlTemplate\":\"https:\/\/www.csj-emballages.com\/es\/?s={search_term_string}\"},\"query-input\":{\"@type\":\"PropertyValueSpecification\",\"valueRequired\":true,\"valueName\":\"search_term_string\"}}],\"inLanguage\":\"es\"},{\"@type\":\"Organization\",\"@id\":\"https:\/\/www.csj-emballages.com\/es\/#Organization\/\",\"name\":\"CSJ Emballages\",\"url\":\"https:\/\/www.csj-emballages.com\/es\/\",\"logo\":{\"@type\":\"ImageObject\",\"inLanguage\":\"es\",\"@id\":\"https:\/\/www.csj-emballages.com\/es\/#\/schema\/logo\/image\/\",\"url\":\"https:\/\/www.csj-emballages.com\/wp-content\/uploads\/2023\/10\/logo_csj.webp\",\"contentUrl\":\"https:\/\/www.csj-emballages.com\/wp-content\/uploads\/2023\/10\/logo_csj.webp\",\"width\":250,\"height\":95,\"caption\":\"CSJ Emballages\"},\"image\":{\"@id\":\"https:\/\/www.csj-emballages.com\/es\/#\/schema\/logo\/image\/\"},\"sameAs\":[\"https:\/\/www.facebook.com\/csjemballages\"],\"address\":{\"@type\":\"PostalAddress\",\"streetAddress\":\"ZI La Lechere\",\"addressLocality\":\"Patornay\",\"postalCode\":\"39130\",\"addressCountry\":\"FR\"},\"contactPoint\":[{\"@type\":\"ContactPoint\",\"contactType\":\"Service client\",\"telephone\":\"0384254272\",\"email\":\"contact@csj-emballages.com\"}]}]}<\/script>\n<!-- \/ Yoast SEO Premium plugin. -->","yoast_head_json":{"title":"Mitades de albaricoque calidad pasteler\u00eda sin pelar en lata 3\/1","description":"Mitades de albaricoque calidad pasteler\u00eda sin pelar en lata 3\/1. Textura fundente, sabor equilibrado y formato ideal para profesionales.","robots":{"index":"index","follow":"follow","max-snippet":"max-snippet:-1","max-image-preview":"max-image-preview:large","max-video-preview":"max-video-preview:-1"},"canonical":"https:\/\/www.csj-emballages.com\/es\/produit\/3-1-lata-de-albaricoques-premium-sin-pelar\/","og_locale":"es_ES","og_type":"article","og_title":"Mitades de albaricoque calidad pasteler\u00eda sin pelar en lata 3\/1","og_description":"Mitades de albaricoque calidad pasteler\u00eda sin pelar en lata 3\/1. Textura fundente, sabor equilibrado y formato ideal para profesionales.","og_url":"https:\/\/www.csj-emballages.com\/es\/produit\/3-1-lata-de-albaricoques-premium-sin-pelar\/","og_site_name":"CSJ Emballages","article_publisher":"https:\/\/www.facebook.com\/csjemballages","article_modified_time":"2026-03-12T15:00:34+00:00","og_image":[{"width":800,"height":800,"url":"https:\/\/www.csj-emballages.com\/wp-content\/uploads\/2024\/05\/010125.webp","type":"image\/webp"}],"twitter_card":"summary_large_image","twitter_misc":{"Tiempo de lectura":"2 minutos"},"schema":{"@context":"https:\/\/schema.org","@graph":[{"@type":"WebPage","@id":"https:\/\/www.csj-emballages.com\/es\/produit\/3-1-lata-de-albaricoques-premium-sin-pelar\/","url":"https:\/\/www.csj-emballages.com\/es\/produit\/3-1-lata-de-albaricoques-premium-sin-pelar\/","name":"Mitades de albaricoque calidad pasteler\u00eda sin pelar en lata 3\/1","isPartOf":{"@id":"https:\/\/www.csj-emballages.com\/es\/#website"},"primaryImageOfPage":{"@id":"https:\/\/www.csj-emballages.com\/es\/produit\/3-1-lata-de-albaricoques-premium-sin-pelar\/#primaryimage"},"image":{"@id":"https:\/\/www.csj-emballages.com\/es\/produit\/3-1-lata-de-albaricoques-premium-sin-pelar\/#primaryimage"},"thumbnailUrl":"https:\/\/www.csj-emballages.com\/wp-content\/uploads\/2024\/05\/010125.webp","datePublished":"2024-05-22T09:10:20+00:00","dateModified":"2026-03-12T15:00:34+00:00","description":"Mitades de albaricoque calidad pasteler\u00eda sin pelar en lata 3\/1. Textura fundente, sabor equilibrado y formato ideal para profesionales.","breadcrumb":{"@id":"https:\/\/www.csj-emballages.com\/es\/produit\/3-1-lata-de-albaricoques-premium-sin-pelar\/#breadcrumb"},"inLanguage":"es","potentialAction":[{"@type":"ReadAction","target":["https:\/\/www.csj-emballages.com\/es\/produit\/3-1-lata-de-albaricoques-premium-sin-pelar\/"]}]},{"@type":"ImageObject","inLanguage":"es","@id":"https:\/\/www.csj-emballages.com\/es\/produit\/3-1-lata-de-albaricoques-premium-sin-pelar\/#primaryimage","url":"https:\/\/www.csj-emballages.com\/wp-content\/uploads\/2024\/05\/010125.webp","contentUrl":"https:\/\/www.csj-emballages.com\/wp-content\/uploads\/2024\/05\/010125.webp","width":800,"height":800,"caption":"Oreillons d'abricots"},{"@type":"BreadcrumbList","@id":"https:\/\/www.csj-emballages.com\/es\/produit\/3-1-lata-de-albaricoques-premium-sin-pelar\/#breadcrumb","itemListElement":[{"@type":"ListItem","position":1,"name":"Accueil","item":"https:\/\/www.csj-emballages.com\/es\/universo-del-envasado-alimentario\/"},{"@type":"ListItem","position":2,"name":"Tienda","item":"https:\/\/www.csj-emballages.com\/tienda\/"},{"@type":"ListItem","position":3,"name":"Mitades de albaricoque calidad pasteler\u00eda sin pelar en lata 3\/1"}]},{"@type":"WebSite","@id":"https:\/\/www.csj-emballages.com\/es\/#website","url":"https:\/\/www.csj-emballages.com\/es\/","name":"CSJ Emballages","description":"","publisher":{"@id":"https:\/\/www.csj-emballages.com\/es\/#organization"},"potentialAction":[{"@type":"SearchAction","target":{"@type":"EntryPoint","urlTemplate":"https:\/\/www.csj-emballages.com\/es\/?s={search_term_string}"},"query-input":{"@type":"PropertyValueSpecification","valueRequired":true,"valueName":"search_term_string"}}],"inLanguage":"es"},{"@type":"Organization","@id":"https:\/\/www.csj-emballages.com\/es\/#Organization\/","name":"CSJ Emballages","url":"https:\/\/www.csj-emballages.com\/es\/","logo":{"@type":"ImageObject","inLanguage":"es","@id":"https:\/\/www.csj-emballages.com\/es\/#\/schema\/logo\/image\/","url":"https:\/\/www.csj-emballages.com\/wp-content\/uploads\/2023\/10\/logo_csj.webp","contentUrl":"https:\/\/www.csj-emballages.com\/wp-content\/uploads\/2023\/10\/logo_csj.webp","width":250,"height":95,"caption":"CSJ Emballages"},"image":{"@id":"https:\/\/www.csj-emballages.com\/es\/#\/schema\/logo\/image\/"},"sameAs":["https:\/\/www.facebook.com\/csjemballages"],"address":{"@type":"PostalAddress","streetAddress":"ZI La Lechere","addressLocality":"Patornay","postalCode":"39130","addressCountry":"FR"},"contactPoint":[{"@type":"ContactPoint","contactType":"Service client","telephone":"0384254272","email":"contact@csj-emballages.com"}]}]}},"df_price":10.72,"df_sale_price":"","df_regular_price":10.72,"df_image_link":"https:\/\/www.csj-emballages.com\/wp-content\/uploads\/2024\/05\/010125-300x300.webp","tiered_pricing_type":"fixed","tiered_pricing_fixed_rules":[],"tiered_pricing_percentage_rules":[],"tiered_pricing_minimum":1,"tiered_pricing_roles_data":[],"_links":{"self":[{"href":"https:\/\/www.csj-emballages.com\/es\/wp-json\/wp\/v2\/product\/16830","targetHints":{"allow":["GET"]}}],"collection":[{"href":"https:\/\/www.csj-emballages.com\/es\/wp-json\/wp\/v2\/product"}],"about":[{"href":"https:\/\/www.csj-emballages.com\/es\/wp-json\/wp\/v2\/types\/product"}],"wp:featuredmedia":[{"embeddable":true,"href":"https:\/\/www.csj-emballages.com\/es\/wp-json\/wp\/v2\/media\/260821"}],"wp:attachment":[{"href":"https:\/\/www.csj-emballages.com\/es\/wp-json\/wp\/v2\/media?parent=16830"}],"wp:term":[{"taxonomy":"product_brand","embeddable":true,"href":"https:\/\/www.csj-emballages.com\/es\/wp-json\/wp\/v2\/product_brand?post=16830"},{"taxonomy":"product_cat","embeddable":true,"href":"https:\/\/www.csj-emballages.com\/es\/wp-json\/wp\/v2\/product_cat?post=16830"},{"taxonomy":"product_tag","embeddable":true,"href":"https:\/\/www.csj-emballages.com\/es\/wp-json\/wp\/v2\/product_tag?post=16830"}],"curies":[{"name":"wp","href":"https:\/\/api.w.org\/{rel}","templated":true}]}}