{"id":16824,"date":"2024-05-22T11:12:56","date_gmt":"2024-05-22T09:12:56","guid":{"rendered":"https:\/\/u15jnbdpoq.preview.infomaniak.website\/produit\/3-1-lata-de-paperas-de-melocoton\/"},"modified":"2026-03-12T16:01:16","modified_gmt":"2026-03-12T15:01:16","slug":"3-1-lata-de-paperas-de-melocoton","status":"publish","type":"product","link":"https:\/\/www.csj-emballages.com\/es\/produit\/3-1-lata-de-paperas-de-melocoton\/","title":{"rendered":"Mitades de melocot\u00f3n en conserva en lata 3\/1"},"content":{"rendered":"<h2>Mitades de melocot\u00f3n<\/h2>\n<hr>\n<h3>Descubra nuestras mitades de melocot\u00f3n en conserva en lata 3\/1<\/h3>\n<p><!--more--><\/p>\n<p data-start=\"198\" data-end=\"566\">Estas <strong>mitades de melocot\u00f3n en lata 3\/1<\/strong> son una apuesta segura para quienes desean ahorrar tiempo sin renunciar al placer. Nada m\u00e1s abrirla, encontramos trozos hermosos y bien formados, de color vivo y textura fundente. Cada mitad se selecciona cuidadosamente para ofrecer una consistencia perfecta, tan agradable a la vista como al paladar.  <\/p>\n<p data-start=\"568\" data-end=\"1111\">Gracias a su conservaci\u00f3n controlada, estas <strong>mitades de<\/strong> <strong>melocotones en alm\u00edbar<\/strong> conservan su sabor naturalmente dulce y su frescura. Se trabajan f\u00e1cilmente, lo que las convierte en un ingrediente ideal para las cocinas profesionales. Ya sea para adornar una <strong>tarta, acompa\u00f1ar un postre l\u00e1cteo, componer una ensalada de frutas o realzar un buf\u00e9<\/strong>, se adaptan a todos los gustos. Su formato generoso es particularmente pr\u00e1ctico en la restauraci\u00f3n, la pasteler\u00eda o las colectividades, ya que permite servir grandes cantidades sin multiplicar las aperturas.   <\/p>\n<p data-start=\"1113\" data-end=\"1399\">Del mismo modo, su textura permanece estable al corte y a la cocci\u00f3n. Por lo tanto, puede utilizarlas tanto fr\u00edas como calientes, sin sorpresas desagradables. Es un producto sencillo, fiable y eficaz, pensado para facilitar el d\u00eda a d\u00eda garantizando al mismo tiempo un resultado constante en el plato.  <\/p>\n<p data-start=\"1401\" data-end=\"1592\">En resumen, estas <strong>mitades de melocot\u00f3n en conserva en lata 3\/1<\/strong> son perfectas para quienes buscan una soluci\u00f3n pr\u00e1ctica, polivalente y deliciosa, lista para usar y siempre a punto.<\/p>\n<p data-start=\"1401\" data-end=\"1592\">\n<p data-start=\"1401\" data-end=\"1592\"><!--more--><\/p>\n<h4 data-start=\"1401\" data-end=\"1592\">Ventajas :<\/h4>\n<ul>\n<li data-start=\"121\" data-end=\"158\"><strong>Mitades<\/strong> bien formadas y regulares.<\/li>\n<li data-start=\"161\" data-end=\"198\">Textura fundente que se mantiene bien.<\/li>\n<li data-start=\"201\" data-end=\"236\">Sabor suave y naturalmente dulce.<\/li>\n<li data-start=\"239\" data-end=\"284\">Listos para usar, ahorro de tiempo en la cocina.<\/li>\n<li data-start=\"287\" data-end=\"348\"><strong>Formato 3\/1<\/strong> ideal para la restauraci\u00f3n y las colectividades.<\/li>\n<li data-start=\"351\" data-end=\"425\"><strong>Se pueden utilizar en postres, pasteles<\/strong> o preparaciones fr\u00edas y calientes.<\/li>\n<\/ul>\n<p>&nbsp;<\/p>\n<p><!--more--><\/p>\n<h4>Informaci\u00f3n adicional :<\/h4>\n<ul>\n<li><strong>Embalaje<\/strong>: Caja 3\/1<\/li>\n<li><strong>Peso neto escurrido<\/strong>: 1455 gr<\/li>\n<li><strong>Di\u00e1metro medio<\/strong>: de 52 a 54 mm<\/li>\n<li><strong>N\u00famero de mitades<\/strong>: de 30 a 32<\/li>\n<li><strong>Textura<\/strong>: Carnosa<\/li>\n<\/ul>\n<p>&nbsp;<\/p>\n<p><!--more--><\/p>\n<p><a href=\"https:\/\/www.csj-emballages.com\/es\/categorie-produit\/alimentacion-es\/alimentacion\/fruta-seca-y-fruta-en-almibar\/pesca\/\">Consulte el resto de nuestra gama de melocotones en alm\u00edbar<\/a><\/p>\n","protected":false},"excerpt":{"rendered":"<p>Mitades de melocot\u00f3n Descubra nuestras mitades de melocot\u00f3n en conserva en lata 3\/1<\/p>\n","protected":false},"featured_media":260891,"template":"","meta":{"_acf_changed":false},"product_brand":[],"product_cat":[1162,1189,1200,5940],"product_tag":[],"class_list":{"0":"post-16824","1":"product","2":"type-product","3":"status-publish","4":"has-post-thumbnail","6":"product_cat-alimentacion-es","7":"product_cat-alimentacion","8":"product_cat-fruta-seca-y-fruta-en-almibar","9":"product_cat-pesca","11":"first","12":"instock","13":"taxable","14":"shipping-taxable","15":"purchasable","16":"product-type-simple"},"acf":[],"yoast_head":"<!-- This site is optimized with the Yoast SEO Premium plugin v26.6 (Yoast SEO v26.6) - https:\/\/yoast.com\/wordpress\/plugins\/seo\/ -->\n<title>Mitades de melocot\u00f3n en conserva en lata 3\/1<\/title>\n<meta name=\"description\" content=\"Mitades de melocot\u00f3n en conserva en lata 3\/1: trozos fundentes, sabor dulce y formato pr\u00e1ctico, ideales para la restauraci\u00f3n y los postres profesionales.\" \/>\n<meta name=\"robots\" content=\"index, follow, max-snippet:-1, max-image-preview:large, max-video-preview:-1\" \/>\n<link rel=\"canonical\" href=\"https:\/\/www.csj-emballages.com\/es\/produit\/3-1-lata-de-paperas-de-melocoton\/\" \/>\n<meta property=\"og:locale\" content=\"es_ES\" \/>\n<meta property=\"og:type\" content=\"article\" \/>\n<meta property=\"og:title\" content=\"Mitades de melocot\u00f3n en conserva en lata 3\/1\" \/>\n<meta property=\"og:description\" content=\"Mitades de melocot\u00f3n en conserva en lata 3\/1: trozos fundentes, sabor dulce y formato pr\u00e1ctico, ideales para la restauraci\u00f3n y los postres profesionales.\" \/>\n<meta property=\"og:url\" content=\"https:\/\/www.csj-emballages.com\/es\/produit\/3-1-lata-de-paperas-de-melocoton\/\" \/>\n<meta property=\"og:site_name\" content=\"CSJ Emballages\" \/>\n<meta property=\"article:publisher\" content=\"https:\/\/www.facebook.com\/csjemballages\" \/>\n<meta property=\"article:modified_time\" content=\"2026-03-12T15:01:16+00:00\" \/>\n<meta property=\"og:image\" content=\"https:\/\/www.csj-emballages.com\/wp-content\/uploads\/2024\/05\/040108.webp\" \/>\n\t<meta property=\"og:image:width\" content=\"800\" \/>\n\t<meta property=\"og:image:height\" content=\"800\" \/>\n\t<meta property=\"og:image:type\" content=\"image\/webp\" \/>\n<meta name=\"twitter:card\" content=\"summary_large_image\" \/>\n<meta name=\"twitter:label1\" content=\"Tiempo de lectura\" \/>\n\t<meta name=\"twitter:data1\" content=\"2 minutos\" \/>\n<script type=\"application\/ld+json\" class=\"yoast-schema-graph\">{\"@context\":\"https:\/\/schema.org\",\"@graph\":[{\"@type\":\"WebPage\",\"@id\":\"https:\/\/www.csj-emballages.com\/es\/produit\/3-1-lata-de-paperas-de-melocoton\/\",\"url\":\"https:\/\/www.csj-emballages.com\/es\/produit\/3-1-lata-de-paperas-de-melocoton\/\",\"name\":\"Mitades de melocot\u00f3n en conserva en lata 3\/1\",\"isPartOf\":{\"@id\":\"https:\/\/www.csj-emballages.com\/es\/#website\"},\"primaryImageOfPage\":{\"@id\":\"https:\/\/www.csj-emballages.com\/es\/produit\/3-1-lata-de-paperas-de-melocoton\/#primaryimage\"},\"image\":{\"@id\":\"https:\/\/www.csj-emballages.com\/es\/produit\/3-1-lata-de-paperas-de-melocoton\/#primaryimage\"},\"thumbnailUrl\":\"https:\/\/www.csj-emballages.com\/wp-content\/uploads\/2024\/05\/040108.webp\",\"datePublished\":\"2024-05-22T09:12:56+00:00\",\"dateModified\":\"2026-03-12T15:01:16+00:00\",\"description\":\"Mitades de melocot\u00f3n en conserva en lata 3\/1: trozos fundentes, sabor dulce y formato pr\u00e1ctico, ideales para la restauraci\u00f3n y los postres profesionales.\",\"breadcrumb\":{\"@id\":\"https:\/\/www.csj-emballages.com\/es\/produit\/3-1-lata-de-paperas-de-melocoton\/#breadcrumb\"},\"inLanguage\":\"es\",\"potentialAction\":[{\"@type\":\"ReadAction\",\"target\":[\"https:\/\/www.csj-emballages.com\/es\/produit\/3-1-lata-de-paperas-de-melocoton\/\"]}]},{\"@type\":\"ImageObject\",\"inLanguage\":\"es\",\"@id\":\"https:\/\/www.csj-emballages.com\/es\/produit\/3-1-lata-de-paperas-de-melocoton\/#primaryimage\",\"url\":\"https:\/\/www.csj-emballages.com\/wp-content\/uploads\/2024\/05\/040108.webp\",\"contentUrl\":\"https:\/\/www.csj-emballages.com\/wp-content\/uploads\/2024\/05\/040108.webp\",\"width\":800,\"height\":800,\"caption\":\"Oreillons de p\u00eaches\"},{\"@type\":\"BreadcrumbList\",\"@id\":\"https:\/\/www.csj-emballages.com\/es\/produit\/3-1-lata-de-paperas-de-melocoton\/#breadcrumb\",\"itemListElement\":[{\"@type\":\"ListItem\",\"position\":1,\"name\":\"Accueil\",\"item\":\"https:\/\/www.csj-emballages.com\/es\/universo-del-envasado-alimentario\/\"},{\"@type\":\"ListItem\",\"position\":2,\"name\":\"Tienda\",\"item\":\"https:\/\/www.csj-emballages.com\/tienda\/\"},{\"@type\":\"ListItem\",\"position\":3,\"name\":\"Mitades de melocot\u00f3n en conserva en lata 3\/1\"}]},{\"@type\":\"WebSite\",\"@id\":\"https:\/\/www.csj-emballages.com\/es\/#website\",\"url\":\"https:\/\/www.csj-emballages.com\/es\/\",\"name\":\"CSJ Emballages\",\"description\":\"\",\"publisher\":{\"@id\":\"https:\/\/www.csj-emballages.com\/es\/#organization\"},\"potentialAction\":[{\"@type\":\"SearchAction\",\"target\":{\"@type\":\"EntryPoint\",\"urlTemplate\":\"https:\/\/www.csj-emballages.com\/es\/?s={search_term_string}\"},\"query-input\":{\"@type\":\"PropertyValueSpecification\",\"valueRequired\":true,\"valueName\":\"search_term_string\"}}],\"inLanguage\":\"es\"},{\"@type\":\"Organization\",\"@id\":\"https:\/\/www.csj-emballages.com\/es\/#Organization\/\",\"name\":\"CSJ Emballages\",\"url\":\"https:\/\/www.csj-emballages.com\/es\/\",\"logo\":{\"@type\":\"ImageObject\",\"inLanguage\":\"es\",\"@id\":\"https:\/\/www.csj-emballages.com\/es\/#\/schema\/logo\/image\/\",\"url\":\"https:\/\/www.csj-emballages.com\/wp-content\/uploads\/2023\/10\/logo_csj.webp\",\"contentUrl\":\"https:\/\/www.csj-emballages.com\/wp-content\/uploads\/2023\/10\/logo_csj.webp\",\"width\":250,\"height\":95,\"caption\":\"CSJ Emballages\"},\"image\":{\"@id\":\"https:\/\/www.csj-emballages.com\/es\/#\/schema\/logo\/image\/\"},\"sameAs\":[\"https:\/\/www.facebook.com\/csjemballages\"],\"address\":{\"@type\":\"PostalAddress\",\"streetAddress\":\"ZI La Lechere\",\"addressLocality\":\"Patornay\",\"postalCode\":\"39130\",\"addressCountry\":\"FR\"},\"contactPoint\":[{\"@type\":\"ContactPoint\",\"contactType\":\"Service client\",\"telephone\":\"0384254272\",\"email\":\"contact@csj-emballages.com\"}]}]}<\/script>\n<!-- \/ Yoast SEO Premium plugin. -->","yoast_head_json":{"title":"Mitades de melocot\u00f3n en conserva en lata 3\/1","description":"Mitades de melocot\u00f3n en conserva en lata 3\/1: trozos fundentes, sabor dulce y formato pr\u00e1ctico, ideales para la restauraci\u00f3n y los postres profesionales.","robots":{"index":"index","follow":"follow","max-snippet":"max-snippet:-1","max-image-preview":"max-image-preview:large","max-video-preview":"max-video-preview:-1"},"canonical":"https:\/\/www.csj-emballages.com\/es\/produit\/3-1-lata-de-paperas-de-melocoton\/","og_locale":"es_ES","og_type":"article","og_title":"Mitades de melocot\u00f3n en conserva en lata 3\/1","og_description":"Mitades de melocot\u00f3n en conserva en lata 3\/1: trozos fundentes, sabor dulce y formato pr\u00e1ctico, ideales para la restauraci\u00f3n y los postres profesionales.","og_url":"https:\/\/www.csj-emballages.com\/es\/produit\/3-1-lata-de-paperas-de-melocoton\/","og_site_name":"CSJ Emballages","article_publisher":"https:\/\/www.facebook.com\/csjemballages","article_modified_time":"2026-03-12T15:01:16+00:00","og_image":[{"width":800,"height":800,"url":"https:\/\/www.csj-emballages.com\/wp-content\/uploads\/2024\/05\/040108.webp","type":"image\/webp"}],"twitter_card":"summary_large_image","twitter_misc":{"Tiempo de lectura":"2 minutos"},"schema":{"@context":"https:\/\/schema.org","@graph":[{"@type":"WebPage","@id":"https:\/\/www.csj-emballages.com\/es\/produit\/3-1-lata-de-paperas-de-melocoton\/","url":"https:\/\/www.csj-emballages.com\/es\/produit\/3-1-lata-de-paperas-de-melocoton\/","name":"Mitades de melocot\u00f3n en conserva en lata 3\/1","isPartOf":{"@id":"https:\/\/www.csj-emballages.com\/es\/#website"},"primaryImageOfPage":{"@id":"https:\/\/www.csj-emballages.com\/es\/produit\/3-1-lata-de-paperas-de-melocoton\/#primaryimage"},"image":{"@id":"https:\/\/www.csj-emballages.com\/es\/produit\/3-1-lata-de-paperas-de-melocoton\/#primaryimage"},"thumbnailUrl":"https:\/\/www.csj-emballages.com\/wp-content\/uploads\/2024\/05\/040108.webp","datePublished":"2024-05-22T09:12:56+00:00","dateModified":"2026-03-12T15:01:16+00:00","description":"Mitades de melocot\u00f3n en conserva en lata 3\/1: trozos fundentes, sabor dulce y formato pr\u00e1ctico, ideales para la restauraci\u00f3n y los postres profesionales.","breadcrumb":{"@id":"https:\/\/www.csj-emballages.com\/es\/produit\/3-1-lata-de-paperas-de-melocoton\/#breadcrumb"},"inLanguage":"es","potentialAction":[{"@type":"ReadAction","target":["https:\/\/www.csj-emballages.com\/es\/produit\/3-1-lata-de-paperas-de-melocoton\/"]}]},{"@type":"ImageObject","inLanguage":"es","@id":"https:\/\/www.csj-emballages.com\/es\/produit\/3-1-lata-de-paperas-de-melocoton\/#primaryimage","url":"https:\/\/www.csj-emballages.com\/wp-content\/uploads\/2024\/05\/040108.webp","contentUrl":"https:\/\/www.csj-emballages.com\/wp-content\/uploads\/2024\/05\/040108.webp","width":800,"height":800,"caption":"Oreillons de p\u00eaches"},{"@type":"BreadcrumbList","@id":"https:\/\/www.csj-emballages.com\/es\/produit\/3-1-lata-de-paperas-de-melocoton\/#breadcrumb","itemListElement":[{"@type":"ListItem","position":1,"name":"Accueil","item":"https:\/\/www.csj-emballages.com\/es\/universo-del-envasado-alimentario\/"},{"@type":"ListItem","position":2,"name":"Tienda","item":"https:\/\/www.csj-emballages.com\/tienda\/"},{"@type":"ListItem","position":3,"name":"Mitades de melocot\u00f3n en conserva en lata 3\/1"}]},{"@type":"WebSite","@id":"https:\/\/www.csj-emballages.com\/es\/#website","url":"https:\/\/www.csj-emballages.com\/es\/","name":"CSJ Emballages","description":"","publisher":{"@id":"https:\/\/www.csj-emballages.com\/es\/#organization"},"potentialAction":[{"@type":"SearchAction","target":{"@type":"EntryPoint","urlTemplate":"https:\/\/www.csj-emballages.com\/es\/?s={search_term_string}"},"query-input":{"@type":"PropertyValueSpecification","valueRequired":true,"valueName":"search_term_string"}}],"inLanguage":"es"},{"@type":"Organization","@id":"https:\/\/www.csj-emballages.com\/es\/#Organization\/","name":"CSJ Emballages","url":"https:\/\/www.csj-emballages.com\/es\/","logo":{"@type":"ImageObject","inLanguage":"es","@id":"https:\/\/www.csj-emballages.com\/es\/#\/schema\/logo\/image\/","url":"https:\/\/www.csj-emballages.com\/wp-content\/uploads\/2023\/10\/logo_csj.webp","contentUrl":"https:\/\/www.csj-emballages.com\/wp-content\/uploads\/2023\/10\/logo_csj.webp","width":250,"height":95,"caption":"CSJ Emballages"},"image":{"@id":"https:\/\/www.csj-emballages.com\/es\/#\/schema\/logo\/image\/"},"sameAs":["https:\/\/www.facebook.com\/csjemballages"],"address":{"@type":"PostalAddress","streetAddress":"ZI La Lechere","addressLocality":"Patornay","postalCode":"39130","addressCountry":"FR"},"contactPoint":[{"@type":"ContactPoint","contactType":"Service client","telephone":"0384254272","email":"contact@csj-emballages.com"}]}]}},"df_price":8.11,"df_sale_price":"","df_regular_price":8.11,"df_image_link":"https:\/\/www.csj-emballages.com\/wp-content\/uploads\/2024\/05\/040108-300x300.webp","tiered_pricing_type":"fixed","tiered_pricing_fixed_rules":[],"tiered_pricing_percentage_rules":[],"tiered_pricing_minimum":1,"tiered_pricing_roles_data":[],"_links":{"self":[{"href":"https:\/\/www.csj-emballages.com\/es\/wp-json\/wp\/v2\/product\/16824","targetHints":{"allow":["GET"]}}],"collection":[{"href":"https:\/\/www.csj-emballages.com\/es\/wp-json\/wp\/v2\/product"}],"about":[{"href":"https:\/\/www.csj-emballages.com\/es\/wp-json\/wp\/v2\/types\/product"}],"wp:featuredmedia":[{"embeddable":true,"href":"https:\/\/www.csj-emballages.com\/es\/wp-json\/wp\/v2\/media\/260891"}],"wp:attachment":[{"href":"https:\/\/www.csj-emballages.com\/es\/wp-json\/wp\/v2\/media?parent=16824"}],"wp:term":[{"taxonomy":"product_brand","embeddable":true,"href":"https:\/\/www.csj-emballages.com\/es\/wp-json\/wp\/v2\/product_brand?post=16824"},{"taxonomy":"product_cat","embeddable":true,"href":"https:\/\/www.csj-emballages.com\/es\/wp-json\/wp\/v2\/product_cat?post=16824"},{"taxonomy":"product_tag","embeddable":true,"href":"https:\/\/www.csj-emballages.com\/es\/wp-json\/wp\/v2\/product_tag?post=16824"}],"curies":[{"name":"wp","href":"https:\/\/api.w.org\/{rel}","templated":true}]}}