{"id":16807,"date":"2024-05-22T11:12:55","date_gmt":"2024-05-22T09:12:55","guid":{"rendered":"https:\/\/u15jnbdpoq.preview.infomaniak.website\/produit\/3-1-lata-de-rodajas-de-melocoton\/"},"modified":"2026-03-12T16:01:14","modified_gmt":"2026-03-12T15:01:14","slug":"3-1-lata-de-rodajas-de-melocoton","status":"publish","type":"product","link":"https:\/\/www.csj-emballages.com\/es\/produit\/3-1-lata-de-rodajas-de-melocoton\/","title":{"rendered":"Mitades de melocot\u00f3n en alm\u00edbar ligero en lata 3\/1"},"content":{"rendered":"<h2>Mitades de melocot\u00f3n<\/h2>\n<hr>\n<h3>Descubra nuestras mitades de melocot\u00f3n en alm\u00edbar ligero en lata 3\/1<\/h3>\n<p><!--more--><\/p>\n<p data-start=\"285\" data-end=\"711\">Estas <strong>mitades de melocot\u00f3n en alm\u00edbar ligero<\/strong> son una apuesta segura cuando se quiere combinar sencillez y exquisitez. Nada m\u00e1s abrir la lata, se descubren <strong>trozos bien formados<\/strong>, con un color dorado apetitoso y una textura fundente. Cada <strong>mitad de melocot\u00f3n<\/strong> conserva el sabor natural del melocot\u00f3n, ligeramente dulce, sin ser empalagoso. El alm\u00edbar ligero aporta la dulzura justa para realzar la fruta, sin enmascarar su sabor.   <\/p>\n<p data-start=\"713\" data-end=\"1120\">Gracias a su formato <strong data-start=\"732\" data-end=\"745\">lata 3\/1<\/strong>, este producto es perfectamente adecuado para un uso profesional. Permite gestionar f\u00e1cilmente los vol\u00famenes, ya sea en restauraci\u00f3n, en pasteler\u00eda o en cocina colectiva. Ahorrar\u00e1 tiempo en la cocina, ya que los <strong>melocotones<\/strong> ya est\u00e1n listos para usar: no es necesario pelar, cortar ni endulzar. Basta con abrir, escurrir si es necesario y utilizar seg\u00fan sus deseos.   <\/p>\n<p data-start=\"1122\" data-end=\"1476\">Estas <strong>mitades de melocot\u00f3n<\/strong> se prestan a numerosos usos. Encuentran naturalmente su lugar en los postres, como las <strong>tartas, ensaladas de frutas, vasitos o copas heladas<\/strong>. Pero estos <strong>melocotones en alm\u00edbar<\/strong> tambi\u00e9n pueden acompa\u00f1ar platos agridulces o servir de base para preparaciones m\u00e1s creativas. Su consistencia sigue siendo agradable, incluso despu\u00e9s de la manipulaci\u00f3n o la presentaci\u00f3n.   <\/p>\n<p data-start=\"1478\" data-end=\"1673\">En resumen, estas <strong>mitades de melocot\u00f3n<\/strong> ofrecen una soluci\u00f3n pr\u00e1ctica, regular y sabrosa para todos aquellos que buscan una fruta de calidad, disponible todo el a\u00f1o, sin renunciar al sabor.<\/p>\n<p data-start=\"1478\" data-end=\"1673\"><!--more--><\/p>\n<h4 data-start=\"1478\" data-end=\"1673\">Ventajas :<\/h4>\n<ul>\n<li data-start=\"1701\" data-end=\"1735\"><strong>Trozos generosos<\/strong> y bien formados.<\/li>\n<li data-start=\"1738\" data-end=\"1773\">Sabor afrutado y equilibrio de az\u00facar.<\/li>\n<li data-start=\"1776\" data-end=\"1820\">Listos para usar, ahorro de tiempo en la cocina.<\/li>\n<li data-start=\"1823\" data-end=\"1865\"><strong>Formato 3\/1<\/strong> ideal para profesionales.<\/li>\n<li data-start=\"1868\" data-end=\"1913\">Utilizaci\u00f3n polivalente, dulce o creativa.<\/li>\n<\/ul>\n<p>&nbsp;<\/p>\n<p><!--more--><\/p>\n<h4>Informaci\u00f3n adicional :<\/h4>\n<ul>\n<li><strong>Embalaje<\/strong>: Caja 3\/1<\/li>\n<li><strong>Peso neto escurrido<\/strong>: 1455 gr<\/li>\n<\/ul>\n<p>&nbsp;<\/p>\n<p><!--more--><\/p>\n<p><a href=\"https:\/\/www.csj-emballages.com\/es\/categorie-produit\/alimentacion-es\/alimentacion\/fruta-seca-y-fruta-en-almibar\/pesca\/\">Consulte el resto de nuestra gama de melocotones en alm\u00edbar<\/a><\/p>\n","protected":false},"excerpt":{"rendered":"<p>Mitades de melocot\u00f3n Descubra nuestras mitades de melocot\u00f3n en alm\u00edbar ligero en lata 3\/1<\/p>\n","protected":false},"featured_media":260884,"template":"","meta":{"_acf_changed":false},"product_brand":[],"product_cat":[1162,1189,1200,5940],"product_tag":[],"class_list":{"0":"post-16807","1":"product","2":"type-product","3":"status-publish","4":"has-post-thumbnail","6":"product_cat-alimentacion-es","7":"product_cat-alimentacion","8":"product_cat-fruta-seca-y-fruta-en-almibar","9":"product_cat-pesca","11":"first","12":"instock","13":"taxable","14":"shipping-taxable","15":"purchasable","16":"product-type-simple"},"acf":[],"yoast_head":"<!-- This site is optimized with the Yoast SEO Premium plugin v26.6 (Yoast SEO v26.6) - https:\/\/yoast.com\/wordpress\/plugins\/seo\/ -->\n<title>Mitades de Melocot\u00f3n en Alm\u00edbar Ligero en Lata 3\/1<\/title>\n<meta name=\"description\" content=\"Mitades de melocot\u00f3n en alm\u00edbar ligero en lata 3\/1: fruta fundente, sabor equilibrado y formato profesional ideal para postres y preparaciones culinarias.\" \/>\n<meta name=\"robots\" content=\"index, follow, max-snippet:-1, max-image-preview:large, max-video-preview:-1\" \/>\n<link rel=\"canonical\" href=\"https:\/\/www.csj-emballages.com\/es\/produit\/3-1-lata-de-rodajas-de-melocoton\/\" \/>\n<meta property=\"og:locale\" content=\"es_ES\" \/>\n<meta property=\"og:type\" content=\"article\" \/>\n<meta property=\"og:title\" content=\"Mitades de melocot\u00f3n en alm\u00edbar ligero en lata 3\/1\" \/>\n<meta property=\"og:description\" content=\"Mitades de melocot\u00f3n en alm\u00edbar ligero en lata 3\/1: fruta fundente, sabor equilibrado y formato profesional ideal para postres y preparaciones culinarias.\" \/>\n<meta property=\"og:url\" content=\"https:\/\/www.csj-emballages.com\/es\/produit\/3-1-lata-de-rodajas-de-melocoton\/\" \/>\n<meta property=\"og:site_name\" content=\"CSJ Emballages\" \/>\n<meta property=\"article:publisher\" content=\"https:\/\/www.facebook.com\/csjemballages\" \/>\n<meta property=\"article:modified_time\" content=\"2026-03-12T15:01:14+00:00\" \/>\n<meta property=\"og:image\" content=\"https:\/\/www.csj-emballages.com\/wp-content\/uploads\/2024\/05\/040056.webp\" \/>\n\t<meta property=\"og:image:width\" content=\"800\" \/>\n\t<meta property=\"og:image:height\" content=\"800\" \/>\n\t<meta property=\"og:image:type\" content=\"image\/webp\" \/>\n<meta name=\"twitter:card\" content=\"summary_large_image\" \/>\n<meta name=\"twitter:label1\" content=\"Tiempo de lectura\" \/>\n\t<meta name=\"twitter:data1\" content=\"2 minutos\" \/>\n<script type=\"application\/ld+json\" class=\"yoast-schema-graph\">{\"@context\":\"https:\/\/schema.org\",\"@graph\":[{\"@type\":\"WebPage\",\"@id\":\"https:\/\/www.csj-emballages.com\/es\/produit\/3-1-lata-de-rodajas-de-melocoton\/\",\"url\":\"https:\/\/www.csj-emballages.com\/es\/produit\/3-1-lata-de-rodajas-de-melocoton\/\",\"name\":\"Mitades de Melocot\u00f3n en Alm\u00edbar Ligero en Lata 3\/1\",\"isPartOf\":{\"@id\":\"https:\/\/www.csj-emballages.com\/es\/#website\"},\"primaryImageOfPage\":{\"@id\":\"https:\/\/www.csj-emballages.com\/es\/produit\/3-1-lata-de-rodajas-de-melocoton\/#primaryimage\"},\"image\":{\"@id\":\"https:\/\/www.csj-emballages.com\/es\/produit\/3-1-lata-de-rodajas-de-melocoton\/#primaryimage\"},\"thumbnailUrl\":\"https:\/\/www.csj-emballages.com\/wp-content\/uploads\/2024\/05\/040056.webp\",\"datePublished\":\"2024-05-22T09:12:55+00:00\",\"dateModified\":\"2026-03-12T15:01:14+00:00\",\"description\":\"Mitades de melocot\u00f3n en alm\u00edbar ligero en lata 3\/1: fruta fundente, sabor equilibrado y formato profesional ideal para postres y preparaciones culinarias.\",\"breadcrumb\":{\"@id\":\"https:\/\/www.csj-emballages.com\/es\/produit\/3-1-lata-de-rodajas-de-melocoton\/#breadcrumb\"},\"inLanguage\":\"es\",\"potentialAction\":[{\"@type\":\"ReadAction\",\"target\":[\"https:\/\/www.csj-emballages.com\/es\/produit\/3-1-lata-de-rodajas-de-melocoton\/\"]}]},{\"@type\":\"ImageObject\",\"inLanguage\":\"es\",\"@id\":\"https:\/\/www.csj-emballages.com\/es\/produit\/3-1-lata-de-rodajas-de-melocoton\/#primaryimage\",\"url\":\"https:\/\/www.csj-emballages.com\/wp-content\/uploads\/2024\/05\/040056.webp\",\"contentUrl\":\"https:\/\/www.csj-emballages.com\/wp-content\/uploads\/2024\/05\/040056.webp\",\"width\":800,\"height\":800,\"caption\":\"Oreillons de p\u00eaches\"},{\"@type\":\"BreadcrumbList\",\"@id\":\"https:\/\/www.csj-emballages.com\/es\/produit\/3-1-lata-de-rodajas-de-melocoton\/#breadcrumb\",\"itemListElement\":[{\"@type\":\"ListItem\",\"position\":1,\"name\":\"Accueil\",\"item\":\"https:\/\/www.csj-emballages.com\/es\/universo-del-envasado-alimentario\/\"},{\"@type\":\"ListItem\",\"position\":2,\"name\":\"Tienda\",\"item\":\"https:\/\/www.csj-emballages.com\/tienda\/\"},{\"@type\":\"ListItem\",\"position\":3,\"name\":\"Mitades de melocot\u00f3n en alm\u00edbar ligero en lata 3\/1\"}]},{\"@type\":\"WebSite\",\"@id\":\"https:\/\/www.csj-emballages.com\/es\/#website\",\"url\":\"https:\/\/www.csj-emballages.com\/es\/\",\"name\":\"CSJ Emballages\",\"description\":\"\",\"publisher\":{\"@id\":\"https:\/\/www.csj-emballages.com\/es\/#organization\"},\"potentialAction\":[{\"@type\":\"SearchAction\",\"target\":{\"@type\":\"EntryPoint\",\"urlTemplate\":\"https:\/\/www.csj-emballages.com\/es\/?s={search_term_string}\"},\"query-input\":{\"@type\":\"PropertyValueSpecification\",\"valueRequired\":true,\"valueName\":\"search_term_string\"}}],\"inLanguage\":\"es\"},{\"@type\":\"Organization\",\"@id\":\"https:\/\/www.csj-emballages.com\/es\/#Organization\/\",\"name\":\"CSJ Emballages\",\"url\":\"https:\/\/www.csj-emballages.com\/es\/\",\"logo\":{\"@type\":\"ImageObject\",\"inLanguage\":\"es\",\"@id\":\"https:\/\/www.csj-emballages.com\/es\/#\/schema\/logo\/image\/\",\"url\":\"https:\/\/www.csj-emballages.com\/wp-content\/uploads\/2023\/10\/logo_csj.webp\",\"contentUrl\":\"https:\/\/www.csj-emballages.com\/wp-content\/uploads\/2023\/10\/logo_csj.webp\",\"width\":250,\"height\":95,\"caption\":\"CSJ Emballages\"},\"image\":{\"@id\":\"https:\/\/www.csj-emballages.com\/es\/#\/schema\/logo\/image\/\"},\"sameAs\":[\"https:\/\/www.facebook.com\/csjemballages\"],\"address\":{\"@type\":\"PostalAddress\",\"streetAddress\":\"ZI La Lechere\",\"addressLocality\":\"Patornay\",\"postalCode\":\"39130\",\"addressCountry\":\"FR\"},\"contactPoint\":[{\"@type\":\"ContactPoint\",\"contactType\":\"Service client\",\"telephone\":\"0384254272\",\"email\":\"contact@csj-emballages.com\"}]}]}<\/script>\n<!-- \/ Yoast SEO Premium plugin. -->","yoast_head_json":{"title":"Mitades de Melocot\u00f3n en Alm\u00edbar Ligero en Lata 3\/1","description":"Mitades de melocot\u00f3n en alm\u00edbar ligero en lata 3\/1: fruta fundente, sabor equilibrado y formato profesional ideal para postres y preparaciones culinarias.","robots":{"index":"index","follow":"follow","max-snippet":"max-snippet:-1","max-image-preview":"max-image-preview:large","max-video-preview":"max-video-preview:-1"},"canonical":"https:\/\/www.csj-emballages.com\/es\/produit\/3-1-lata-de-rodajas-de-melocoton\/","og_locale":"es_ES","og_type":"article","og_title":"Mitades de melocot\u00f3n en alm\u00edbar ligero en lata 3\/1","og_description":"Mitades de melocot\u00f3n en alm\u00edbar ligero en lata 3\/1: fruta fundente, sabor equilibrado y formato profesional ideal para postres y preparaciones culinarias.","og_url":"https:\/\/www.csj-emballages.com\/es\/produit\/3-1-lata-de-rodajas-de-melocoton\/","og_site_name":"CSJ Emballages","article_publisher":"https:\/\/www.facebook.com\/csjemballages","article_modified_time":"2026-03-12T15:01:14+00:00","og_image":[{"width":800,"height":800,"url":"https:\/\/www.csj-emballages.com\/wp-content\/uploads\/2024\/05\/040056.webp","type":"image\/webp"}],"twitter_card":"summary_large_image","twitter_misc":{"Tiempo de lectura":"2 minutos"},"schema":{"@context":"https:\/\/schema.org","@graph":[{"@type":"WebPage","@id":"https:\/\/www.csj-emballages.com\/es\/produit\/3-1-lata-de-rodajas-de-melocoton\/","url":"https:\/\/www.csj-emballages.com\/es\/produit\/3-1-lata-de-rodajas-de-melocoton\/","name":"Mitades de Melocot\u00f3n en Alm\u00edbar Ligero en Lata 3\/1","isPartOf":{"@id":"https:\/\/www.csj-emballages.com\/es\/#website"},"primaryImageOfPage":{"@id":"https:\/\/www.csj-emballages.com\/es\/produit\/3-1-lata-de-rodajas-de-melocoton\/#primaryimage"},"image":{"@id":"https:\/\/www.csj-emballages.com\/es\/produit\/3-1-lata-de-rodajas-de-melocoton\/#primaryimage"},"thumbnailUrl":"https:\/\/www.csj-emballages.com\/wp-content\/uploads\/2024\/05\/040056.webp","datePublished":"2024-05-22T09:12:55+00:00","dateModified":"2026-03-12T15:01:14+00:00","description":"Mitades de melocot\u00f3n en alm\u00edbar ligero en lata 3\/1: fruta fundente, sabor equilibrado y formato profesional ideal para postres y preparaciones culinarias.","breadcrumb":{"@id":"https:\/\/www.csj-emballages.com\/es\/produit\/3-1-lata-de-rodajas-de-melocoton\/#breadcrumb"},"inLanguage":"es","potentialAction":[{"@type":"ReadAction","target":["https:\/\/www.csj-emballages.com\/es\/produit\/3-1-lata-de-rodajas-de-melocoton\/"]}]},{"@type":"ImageObject","inLanguage":"es","@id":"https:\/\/www.csj-emballages.com\/es\/produit\/3-1-lata-de-rodajas-de-melocoton\/#primaryimage","url":"https:\/\/www.csj-emballages.com\/wp-content\/uploads\/2024\/05\/040056.webp","contentUrl":"https:\/\/www.csj-emballages.com\/wp-content\/uploads\/2024\/05\/040056.webp","width":800,"height":800,"caption":"Oreillons de p\u00eaches"},{"@type":"BreadcrumbList","@id":"https:\/\/www.csj-emballages.com\/es\/produit\/3-1-lata-de-rodajas-de-melocoton\/#breadcrumb","itemListElement":[{"@type":"ListItem","position":1,"name":"Accueil","item":"https:\/\/www.csj-emballages.com\/es\/universo-del-envasado-alimentario\/"},{"@type":"ListItem","position":2,"name":"Tienda","item":"https:\/\/www.csj-emballages.com\/tienda\/"},{"@type":"ListItem","position":3,"name":"Mitades de melocot\u00f3n en alm\u00edbar ligero en lata 3\/1"}]},{"@type":"WebSite","@id":"https:\/\/www.csj-emballages.com\/es\/#website","url":"https:\/\/www.csj-emballages.com\/es\/","name":"CSJ Emballages","description":"","publisher":{"@id":"https:\/\/www.csj-emballages.com\/es\/#organization"},"potentialAction":[{"@type":"SearchAction","target":{"@type":"EntryPoint","urlTemplate":"https:\/\/www.csj-emballages.com\/es\/?s={search_term_string}"},"query-input":{"@type":"PropertyValueSpecification","valueRequired":true,"valueName":"search_term_string"}}],"inLanguage":"es"},{"@type":"Organization","@id":"https:\/\/www.csj-emballages.com\/es\/#Organization\/","name":"CSJ Emballages","url":"https:\/\/www.csj-emballages.com\/es\/","logo":{"@type":"ImageObject","inLanguage":"es","@id":"https:\/\/www.csj-emballages.com\/es\/#\/schema\/logo\/image\/","url":"https:\/\/www.csj-emballages.com\/wp-content\/uploads\/2023\/10\/logo_csj.webp","contentUrl":"https:\/\/www.csj-emballages.com\/wp-content\/uploads\/2023\/10\/logo_csj.webp","width":250,"height":95,"caption":"CSJ Emballages"},"image":{"@id":"https:\/\/www.csj-emballages.com\/es\/#\/schema\/logo\/image\/"},"sameAs":["https:\/\/www.facebook.com\/csjemballages"],"address":{"@type":"PostalAddress","streetAddress":"ZI La Lechere","addressLocality":"Patornay","postalCode":"39130","addressCountry":"FR"},"contactPoint":[{"@type":"ContactPoint","contactType":"Service client","telephone":"0384254272","email":"contact@csj-emballages.com"}]}]}},"df_price":7.6,"df_sale_price":"","df_regular_price":7.6,"df_image_link":"https:\/\/www.csj-emballages.com\/wp-content\/uploads\/2024\/05\/040056-300x300.webp","tiered_pricing_type":"fixed","tiered_pricing_fixed_rules":[],"tiered_pricing_percentage_rules":[],"tiered_pricing_minimum":1,"tiered_pricing_roles_data":[],"_links":{"self":[{"href":"https:\/\/www.csj-emballages.com\/es\/wp-json\/wp\/v2\/product\/16807","targetHints":{"allow":["GET"]}}],"collection":[{"href":"https:\/\/www.csj-emballages.com\/es\/wp-json\/wp\/v2\/product"}],"about":[{"href":"https:\/\/www.csj-emballages.com\/es\/wp-json\/wp\/v2\/types\/product"}],"wp:featuredmedia":[{"embeddable":true,"href":"https:\/\/www.csj-emballages.com\/es\/wp-json\/wp\/v2\/media\/260884"}],"wp:attachment":[{"href":"https:\/\/www.csj-emballages.com\/es\/wp-json\/wp\/v2\/media?parent=16807"}],"wp:term":[{"taxonomy":"product_brand","embeddable":true,"href":"https:\/\/www.csj-emballages.com\/es\/wp-json\/wp\/v2\/product_brand?post=16807"},{"taxonomy":"product_cat","embeddable":true,"href":"https:\/\/www.csj-emballages.com\/es\/wp-json\/wp\/v2\/product_cat?post=16807"},{"taxonomy":"product_tag","embeddable":true,"href":"https:\/\/www.csj-emballages.com\/es\/wp-json\/wp\/v2\/product_tag?post=16807"}],"curies":[{"name":"wp","href":"https:\/\/api.w.org\/{rel}","templated":true}]}}