{"id":16804,"date":"2024-05-22T11:13:18","date_gmt":"2024-05-22T09:13:18","guid":{"rendered":"https:\/\/u15jnbdpoq.preview.infomaniak.website\/produit\/2-1-lata-de-mirabelle-denoyautee\/"},"modified":"2026-04-15T02:10:19","modified_gmt":"2026-04-15T00:10:19","slug":"2-1-lata-de-mirabelle-denoyautee","status":"publish","type":"product","link":"https:\/\/www.csj-emballages.com\/es\/produit\/2-1-lata-de-mirabelle-denoyautee\/","title":{"rendered":"Ciruelas Mirabel sin hueso en conserva en lata 2\/1"},"content":{"rendered":"<h2 class=\"p1\">Ciruelas Mirabel sin hueso<\/h2>\n<hr>\n<h3>Descubra nuestras ciruelas Mirabel sin hueso en conserva en lata 2\/1<\/h3>\n<p><!--more--><\/p>\n<div class=\"flex flex-grow flex-col max-w-full\">\n<div class=\"min-h-[20px] text-message flex flex-col items-start whitespace-pre-wrap break-words [.text-message+&amp;]:mt-5 juice:w-full juice:items-end overflow-x-auto gap-2\" dir=\"auto\" data-message-author-role=\"assistant\" data-message-id=\"579bfb50-fb6c-479d-a152-27ab4b509f37\">\n<div class=\"flex w-full flex-col gap-1 juice:empty:hidden juice:first:pt-[3px]\">\n<div class=\"markdown prose w-full break-words dark:prose-invert light\">\n<div class=\"flex-1 overflow-hidden\">\n<div class=\"react-scroll-to-bottom--css-ygaxm-79elbk h-full\">\n<div class=\"react-scroll-to-bottom--css-ygaxm-1n7m0yu\">\n<div class=\"flex flex-col text-sm\">\n<div class=\"w-full text-token-text-primary\" dir=\"auto\" data-testid=\"conversation-turn-3\" data-scroll-anchor=\"true\">\n<div class=\"py-2 juice:py-[18px] px-3 text-base md:px-4 m-auto md:px-5 lg:px-1 xl:px-5\">\n<div class=\"mx-auto flex flex-1 gap-3 text-base juice:gap-4 juice:md:gap-5 juice:lg:gap-6 md:max-w-3xl lg:max-w-[40rem] xl:max-w-[48rem]\">\n<div class=\"group\/conversation-turn relative flex w-full min-w-0 flex-col agent-turn\">\n<div class=\"flex-col gap-1 md:gap-3\">\n<div class=\"flex flex-grow flex-col max-w-full\">\n<div class=\"min-h-[20px] text-message flex flex-col items-start whitespace-pre-wrap break-words [.text-message+&amp;]:mt-5 juice:w-full juice:items-end overflow-x-auto gap-2\" dir=\"auto\" data-message-author-role=\"assistant\" data-message-id=\"cc8c8b89-e7cc-4334-9633-5926bce5a78c\">\n<div class=\"flex w-full flex-col gap-1 juice:empty:hidden juice:first:pt-[3px]\">\n<div class=\"markdown prose w-full break-words dark:prose-invert light\">\n<div class=\"flex flex-grow flex-col max-w-full\">\n<div class=\"min-h-[20px] text-message flex flex-col items-start whitespace-pre-wrap break-words [.text-message+&amp;]:mt-5 juice:w-full juice:items-end overflow-x-auto gap-2\" dir=\"auto\" data-message-author-role=\"assistant\" data-message-id=\"a5ad94cc-6796-4ad8-b325-83b721399f0a\">\n<div class=\"flex w-full flex-col gap-1 juice:empty:hidden juice:first:pt-[3px]\">\n<div class=\"markdown prose w-full break-words dark:prose-invert light\">\n<div class=\"flex flex-grow flex-col max-w-full\">\n<div class=\"min-h-[20px] text-message flex flex-col items-start whitespace-pre-wrap break-words [.text-message+&amp;]:mt-5 juice:w-full juice:items-end overflow-x-auto gap-2\" dir=\"auto\" data-message-author-role=\"assistant\" data-message-id=\"f22b6444-e23a-4e78-827a-fa8ff3877731\">\n<div class=\"flex w-full flex-col gap-1 juice:empty:hidden juice:first:pt-[3px]\">\n<div class=\"markdown prose w-full break-words dark:prose-invert light\">\n<div class=\"flex flex-grow flex-col max-w-full\">\n<div class=\"min-h-[20px] text-message flex flex-col items-start whitespace-pre-wrap break-words [.text-message+&amp;]:mt-5 juice:w-full juice:items-end overflow-x-auto gap-2\" dir=\"auto\" data-message-author-role=\"assistant\" data-message-id=\"ec402d76-ebcd-4cc4-a0c8-22820d3d0931\">\n<div class=\"flex w-full flex-col gap-1 juice:empty:hidden juice:first:pt-[3px]\">\n<div class=\"markdown prose w-full break-words dark:prose-invert light\">\n<div class=\"flex max-w-full flex-col flex-grow\">\n<div class=\"min-h-[20px] text-message flex w-full flex-col items-end gap-2 whitespace-pre-wrap break-words [.text-message+&amp;]:mt-5 overflow-x-auto\" dir=\"auto\" data-message-author-role=\"assistant\" data-message-id=\"af2e5938-0a81-4a5a-aa00-75811bcce1c3\">\n<div class=\"flex w-full flex-col gap-1 empty:hidden first:pt-[3px]\">\n<p data-start=\"254\" data-end=\"667\">Estas <strong data-start=\"258\" data-end=\"308\">ciruelas Mirabel sin hueso en conserva en lata 2\/1<\/strong> son una soluci\u00f3n sencilla y eficaz para disfrutar del sabor de la fruta durante todo el a\u00f1o. Seleccionadas en su punto justo de maduraci\u00f3n, ofrecen un bonito color dorado y una textura fundente, ideal para numerosas preparaciones. El hecho de que ya est\u00e9n deshuesadas lo cambia todo: ahorra tiempo en la cocina y puede concentrarse en lo esencial, la receta.  <\/p>\n<p data-start=\"669\" data-end=\"1131\">Gracias a su formato generoso, esta <strong>lata 2\/1<\/strong> es perfecta para los profesionales de la restauraci\u00f3n, los pasteleros, los proveedores de catering o las colectividades. Ya sea para rellenar una <strong>tarta, preparar un postre casero, acompa\u00f1ar un plato agridulce o hacer confituras<\/strong>, estas <strong>ciruelas Mirabel en alm\u00edbar<\/strong> se integran f\u00e1cilmente en su d\u00eda a d\u00eda. Su sabor sigue siendo equilibrado, ni demasiado dulce ni demasiado ins\u00edpido, lo que permite utilizarlas tanto al natural como reelaboradas.  <\/p>\n<p data-start=\"1133\" data-end=\"1428\">Adem\u00e1s, su conservaci\u00f3n en <strong>lata<\/strong> garantiza una disponibilidad constante, sin limitaciones de temporada. Abre, escurre si es necesario y listo. Sin p\u00e9rdidas, sin clasificaciones, sin preparaciones largas. Es una verdadera comodidad, sobre todo cuando los vol\u00famenes aumentan o falta tiempo.   <\/p>\n<p data-start=\"1430\" data-end=\"1682\">En resumen, estas <strong>ciruelas Mirabel sin hueso en lata 2\/1<\/strong> son un aliado fiable para todas sus creaciones culinarias. Ofrecen regularidad, practicidad y sabor, a la vez que se adaptan tanto a los usos profesionales como a las preparaciones en grandes cantidades. <\/p>\n<p data-start=\"1430\" data-end=\"1682\">\n<h4><!--more--><\/h4>\n<h4>Ventajas :<\/h4>\n<ul>\n<li data-start=\"1710\" data-end=\"1758\"><strong>Ciruelas Mirabel ya deshuesadas<\/strong>, listas para usar.<\/li>\n<li data-start=\"1761\" data-end=\"1806\"><strong>Formato 2\/1<\/strong> adaptado a los usos profesionales.<\/li>\n<li data-start=\"1809\" data-end=\"1842\">Sabor afrutado y textura fundente.<\/li>\n<li data-start=\"1845\" data-end=\"1893\">Uso polivalente en dulce o agridulce.<\/li>\n<li data-start=\"1896\" data-end=\"1923\">Disponibles todo el a\u00f1o.<\/li>\n<\/ul>\n<div class=\"markdown prose w-full break-words dark:prose-invert light\">\n<p>&nbsp;<\/p>\n<p><!--more--><\/p>\n<div style=\"font-family: Roboto, sans-serif;\">\n<div style=\"font-family: Roboto, sans-serif;\">\n<div style=\"font-family: Roboto, sans-serif;\">\n<h4>Informaci\u00f3n adicional :<\/h4>\n<ul>\n<li><strong>Embalaje<\/strong>: 2\/1 caja<\/li>\n<li><strong>Dimensiones<\/strong>: 100 x 225 (\u00d8 x h en mm)<\/li>\n<li><strong>Capacidad<\/strong>: 1700 ml<\/li>\n<li><strong>Peso neto escurrido<\/strong>: 935 g<\/li>\n<li><strong>Tipo<\/strong>: Preserved pitted<\/li>\n<\/ul>\n<\/div>\n<\/div>\n<\/div>\n<p>&nbsp;<\/p>\n<p><!--more--><\/p>\n<p data-start=\"935\" data-end=\"1162\"><a href=\"https:\/\/www.csj-emballages.com\/es\/categorie-produit\/alimentacion-es\/alimentacion\/fruta-seca-y-fruta-en-almibar\/\">Ver el resto de nuestra gama de fruta en alm\u00edbar<\/a><\/p>\n<\/div>\n<\/div>\n<\/div>\n<\/div>\n<\/div>\n<\/div>\n<\/div>\n<\/div>\n<\/div>\n<\/div>\n<\/div>\n<\/div>\n<\/div>\n<\/div>\n<\/div>\n<\/div>\n<\/div>\n<\/div>\n<\/div>\n<\/div>\n<\/div>\n<\/div>\n<\/div>\n<\/div>\n<\/div>\n<\/div>\n<\/div>\n<\/div>\n<\/div>\n<\/div>\n<\/div>\n<\/div>\n<\/div>\n","protected":false},"excerpt":{"rendered":"<p>Ciruelas Mirabel sin hueso Descubra nuestras ciruelas Mirabel sin hueso en conserva en lata 2\/1<\/p>\n","protected":false},"featured_media":260874,"template":"","meta":{"_acf_changed":false},"product_brand":[],"product_cat":[1162,1189,1200,5946],"product_tag":[],"class_list":{"0":"post-16804","1":"product","2":"type-product","3":"status-publish","4":"has-post-thumbnail","6":"product_cat-alimentacion-es","7":"product_cat-alimentacion","8":"product_cat-fruta-seca-y-fruta-en-almibar","9":"product_cat-mirabelle-es","11":"first","12":"instock","13":"featured","14":"taxable","15":"shipping-taxable","16":"purchasable","17":"product-type-simple"},"acf":[],"yoast_head":"<!-- This site is optimized with the Yoast SEO Premium plugin v26.6 (Yoast SEO v26.6) - https:\/\/yoast.com\/wordpress\/plugins\/seo\/ -->\n<title>Ciruelas Mirabel sin Hueso en Conserva en Lata 2\/1<\/title>\n<meta name=\"description\" content=\"Ciruelas Mirabel sin hueso en conserva en lata 2\/1, listas para usar. Formato profesional ideal para pasteler\u00eda, restauraci\u00f3n y postres caseros.\" \/>\n<meta name=\"robots\" content=\"index, follow, max-snippet:-1, max-image-preview:large, max-video-preview:-1\" \/>\n<link rel=\"canonical\" href=\"https:\/\/www.csj-emballages.com\/es\/produit\/2-1-lata-de-mirabelle-denoyautee\/\" \/>\n<meta property=\"og:locale\" content=\"es_ES\" \/>\n<meta property=\"og:type\" content=\"article\" \/>\n<meta property=\"og:title\" content=\"Ciruelas Mirabel sin hueso en conserva en lata 2\/1\" \/>\n<meta property=\"og:description\" content=\"Ciruelas Mirabel sin hueso en conserva en lata 2\/1, listas para usar. Formato profesional ideal para pasteler\u00eda, restauraci\u00f3n y postres caseros.\" \/>\n<meta property=\"og:url\" content=\"https:\/\/www.csj-emballages.com\/es\/produit\/2-1-lata-de-mirabelle-denoyautee\/\" \/>\n<meta property=\"og:site_name\" content=\"CSJ Emballages\" \/>\n<meta property=\"article:publisher\" content=\"https:\/\/www.facebook.com\/csjemballages\" \/>\n<meta property=\"article:modified_time\" content=\"2026-04-15T00:10:19+00:00\" \/>\n<meta property=\"og:image\" content=\"https:\/\/www.csj-emballages.com\/wp-content\/uploads\/2024\/05\/060012.webp\" \/>\n\t<meta property=\"og:image:width\" content=\"800\" \/>\n\t<meta property=\"og:image:height\" content=\"800\" \/>\n\t<meta property=\"og:image:type\" content=\"image\/webp\" \/>\n<meta name=\"twitter:card\" content=\"summary_large_image\" \/>\n<meta name=\"twitter:label1\" content=\"Tiempo de lectura\" \/>\n\t<meta name=\"twitter:data1\" content=\"2 minutos\" \/>\n<script type=\"application\/ld+json\" class=\"yoast-schema-graph\">{\"@context\":\"https:\/\/schema.org\",\"@graph\":[{\"@type\":\"WebPage\",\"@id\":\"https:\/\/www.csj-emballages.com\/es\/produit\/2-1-lata-de-mirabelle-denoyautee\/\",\"url\":\"https:\/\/www.csj-emballages.com\/es\/produit\/2-1-lata-de-mirabelle-denoyautee\/\",\"name\":\"Ciruelas Mirabel sin Hueso en Conserva en Lata 2\/1\",\"isPartOf\":{\"@id\":\"https:\/\/www.csj-emballages.com\/es\/#website\"},\"primaryImageOfPage\":{\"@id\":\"https:\/\/www.csj-emballages.com\/es\/produit\/2-1-lata-de-mirabelle-denoyautee\/#primaryimage\"},\"image\":{\"@id\":\"https:\/\/www.csj-emballages.com\/es\/produit\/2-1-lata-de-mirabelle-denoyautee\/#primaryimage\"},\"thumbnailUrl\":\"https:\/\/www.csj-emballages.com\/wp-content\/uploads\/2024\/05\/060012.webp\",\"datePublished\":\"2024-05-22T09:13:18+00:00\",\"dateModified\":\"2026-04-15T00:10:19+00:00\",\"description\":\"Ciruelas Mirabel sin hueso en conserva en lata 2\/1, listas para usar. Formato profesional ideal para pasteler\u00eda, restauraci\u00f3n y postres caseros.\",\"breadcrumb\":{\"@id\":\"https:\/\/www.csj-emballages.com\/es\/produit\/2-1-lata-de-mirabelle-denoyautee\/#breadcrumb\"},\"inLanguage\":\"es\",\"potentialAction\":[{\"@type\":\"ReadAction\",\"target\":[\"https:\/\/www.csj-emballages.com\/es\/produit\/2-1-lata-de-mirabelle-denoyautee\/\"]}]},{\"@type\":\"ImageObject\",\"inLanguage\":\"es\",\"@id\":\"https:\/\/www.csj-emballages.com\/es\/produit\/2-1-lata-de-mirabelle-denoyautee\/#primaryimage\",\"url\":\"https:\/\/www.csj-emballages.com\/wp-content\/uploads\/2024\/05\/060012.webp\",\"contentUrl\":\"https:\/\/www.csj-emballages.com\/wp-content\/uploads\/2024\/05\/060012.webp\",\"width\":800,\"height\":800,\"caption\":\"Mirabelles d\u00e9noyaut\u00e9es\"},{\"@type\":\"BreadcrumbList\",\"@id\":\"https:\/\/www.csj-emballages.com\/es\/produit\/2-1-lata-de-mirabelle-denoyautee\/#breadcrumb\",\"itemListElement\":[{\"@type\":\"ListItem\",\"position\":1,\"name\":\"Accueil\",\"item\":\"https:\/\/www.csj-emballages.com\/es\/universo-del-envasado-alimentario\/\"},{\"@type\":\"ListItem\",\"position\":2,\"name\":\"Tienda\",\"item\":\"https:\/\/www.csj-emballages.com\/tienda\/\"},{\"@type\":\"ListItem\",\"position\":3,\"name\":\"Ciruelas Mirabel sin hueso en conserva en lata 2\/1\"}]},{\"@type\":\"WebSite\",\"@id\":\"https:\/\/www.csj-emballages.com\/es\/#website\",\"url\":\"https:\/\/www.csj-emballages.com\/es\/\",\"name\":\"CSJ Emballages\",\"description\":\"\",\"publisher\":{\"@id\":\"https:\/\/www.csj-emballages.com\/es\/#organization\"},\"potentialAction\":[{\"@type\":\"SearchAction\",\"target\":{\"@type\":\"EntryPoint\",\"urlTemplate\":\"https:\/\/www.csj-emballages.com\/es\/?s={search_term_string}\"},\"query-input\":{\"@type\":\"PropertyValueSpecification\",\"valueRequired\":true,\"valueName\":\"search_term_string\"}}],\"inLanguage\":\"es\"},{\"@type\":\"Organization\",\"@id\":\"https:\/\/www.csj-emballages.com\/es\/#Organization\/\",\"name\":\"CSJ Emballages\",\"url\":\"https:\/\/www.csj-emballages.com\/es\/\",\"logo\":{\"@type\":\"ImageObject\",\"inLanguage\":\"es\",\"@id\":\"https:\/\/www.csj-emballages.com\/es\/#\/schema\/logo\/image\/\",\"url\":\"https:\/\/www.csj-emballages.com\/wp-content\/uploads\/2023\/10\/logo_csj.webp\",\"contentUrl\":\"https:\/\/www.csj-emballages.com\/wp-content\/uploads\/2023\/10\/logo_csj.webp\",\"width\":250,\"height\":95,\"caption\":\"CSJ Emballages\"},\"image\":{\"@id\":\"https:\/\/www.csj-emballages.com\/es\/#\/schema\/logo\/image\/\"},\"sameAs\":[\"https:\/\/www.facebook.com\/csjemballages\"],\"address\":{\"@type\":\"PostalAddress\",\"streetAddress\":\"ZI La Lechere\",\"addressLocality\":\"Patornay\",\"postalCode\":\"39130\",\"addressCountry\":\"FR\"},\"contactPoint\":[{\"@type\":\"ContactPoint\",\"contactType\":\"Service client\",\"telephone\":\"0384254272\",\"email\":\"contact@csj-emballages.com\"}]}]}<\/script>\n<!-- \/ Yoast SEO Premium plugin. -->","yoast_head_json":{"title":"Ciruelas Mirabel sin Hueso en Conserva en Lata 2\/1","description":"Ciruelas Mirabel sin hueso en conserva en lata 2\/1, listas para usar. Formato profesional ideal para pasteler\u00eda, restauraci\u00f3n y postres caseros.","robots":{"index":"index","follow":"follow","max-snippet":"max-snippet:-1","max-image-preview":"max-image-preview:large","max-video-preview":"max-video-preview:-1"},"canonical":"https:\/\/www.csj-emballages.com\/es\/produit\/2-1-lata-de-mirabelle-denoyautee\/","og_locale":"es_ES","og_type":"article","og_title":"Ciruelas Mirabel sin hueso en conserva en lata 2\/1","og_description":"Ciruelas Mirabel sin hueso en conserva en lata 2\/1, listas para usar. Formato profesional ideal para pasteler\u00eda, restauraci\u00f3n y postres caseros.","og_url":"https:\/\/www.csj-emballages.com\/es\/produit\/2-1-lata-de-mirabelle-denoyautee\/","og_site_name":"CSJ Emballages","article_publisher":"https:\/\/www.facebook.com\/csjemballages","article_modified_time":"2026-04-15T00:10:19+00:00","og_image":[{"width":800,"height":800,"url":"https:\/\/www.csj-emballages.com\/wp-content\/uploads\/2024\/05\/060012.webp","type":"image\/webp"}],"twitter_card":"summary_large_image","twitter_misc":{"Tiempo de lectura":"2 minutos"},"schema":{"@context":"https:\/\/schema.org","@graph":[{"@type":"WebPage","@id":"https:\/\/www.csj-emballages.com\/es\/produit\/2-1-lata-de-mirabelle-denoyautee\/","url":"https:\/\/www.csj-emballages.com\/es\/produit\/2-1-lata-de-mirabelle-denoyautee\/","name":"Ciruelas Mirabel sin Hueso en Conserva en Lata 2\/1","isPartOf":{"@id":"https:\/\/www.csj-emballages.com\/es\/#website"},"primaryImageOfPage":{"@id":"https:\/\/www.csj-emballages.com\/es\/produit\/2-1-lata-de-mirabelle-denoyautee\/#primaryimage"},"image":{"@id":"https:\/\/www.csj-emballages.com\/es\/produit\/2-1-lata-de-mirabelle-denoyautee\/#primaryimage"},"thumbnailUrl":"https:\/\/www.csj-emballages.com\/wp-content\/uploads\/2024\/05\/060012.webp","datePublished":"2024-05-22T09:13:18+00:00","dateModified":"2026-04-15T00:10:19+00:00","description":"Ciruelas Mirabel sin hueso en conserva en lata 2\/1, listas para usar. Formato profesional ideal para pasteler\u00eda, restauraci\u00f3n y postres caseros.","breadcrumb":{"@id":"https:\/\/www.csj-emballages.com\/es\/produit\/2-1-lata-de-mirabelle-denoyautee\/#breadcrumb"},"inLanguage":"es","potentialAction":[{"@type":"ReadAction","target":["https:\/\/www.csj-emballages.com\/es\/produit\/2-1-lata-de-mirabelle-denoyautee\/"]}]},{"@type":"ImageObject","inLanguage":"es","@id":"https:\/\/www.csj-emballages.com\/es\/produit\/2-1-lata-de-mirabelle-denoyautee\/#primaryimage","url":"https:\/\/www.csj-emballages.com\/wp-content\/uploads\/2024\/05\/060012.webp","contentUrl":"https:\/\/www.csj-emballages.com\/wp-content\/uploads\/2024\/05\/060012.webp","width":800,"height":800,"caption":"Mirabelles d\u00e9noyaut\u00e9es"},{"@type":"BreadcrumbList","@id":"https:\/\/www.csj-emballages.com\/es\/produit\/2-1-lata-de-mirabelle-denoyautee\/#breadcrumb","itemListElement":[{"@type":"ListItem","position":1,"name":"Accueil","item":"https:\/\/www.csj-emballages.com\/es\/universo-del-envasado-alimentario\/"},{"@type":"ListItem","position":2,"name":"Tienda","item":"https:\/\/www.csj-emballages.com\/tienda\/"},{"@type":"ListItem","position":3,"name":"Ciruelas Mirabel sin hueso en conserva en lata 2\/1"}]},{"@type":"WebSite","@id":"https:\/\/www.csj-emballages.com\/es\/#website","url":"https:\/\/www.csj-emballages.com\/es\/","name":"CSJ Emballages","description":"","publisher":{"@id":"https:\/\/www.csj-emballages.com\/es\/#organization"},"potentialAction":[{"@type":"SearchAction","target":{"@type":"EntryPoint","urlTemplate":"https:\/\/www.csj-emballages.com\/es\/?s={search_term_string}"},"query-input":{"@type":"PropertyValueSpecification","valueRequired":true,"valueName":"search_term_string"}}],"inLanguage":"es"},{"@type":"Organization","@id":"https:\/\/www.csj-emballages.com\/es\/#Organization\/","name":"CSJ Emballages","url":"https:\/\/www.csj-emballages.com\/es\/","logo":{"@type":"ImageObject","inLanguage":"es","@id":"https:\/\/www.csj-emballages.com\/es\/#\/schema\/logo\/image\/","url":"https:\/\/www.csj-emballages.com\/wp-content\/uploads\/2023\/10\/logo_csj.webp","contentUrl":"https:\/\/www.csj-emballages.com\/wp-content\/uploads\/2023\/10\/logo_csj.webp","width":250,"height":95,"caption":"CSJ Emballages"},"image":{"@id":"https:\/\/www.csj-emballages.com\/es\/#\/schema\/logo\/image\/"},"sameAs":["https:\/\/www.facebook.com\/csjemballages"],"address":{"@type":"PostalAddress","streetAddress":"ZI La Lechere","addressLocality":"Patornay","postalCode":"39130","addressCountry":"FR"},"contactPoint":[{"@type":"ContactPoint","contactType":"Service client","telephone":"0384254272","email":"contact@csj-emballages.com"}]}]}},"df_price":7.21,"df_sale_price":"","df_regular_price":7.21,"df_image_link":"https:\/\/www.csj-emballages.com\/wp-content\/uploads\/2024\/05\/060012-300x300.webp","tiered_pricing_type":"fixed","tiered_pricing_fixed_rules":[],"tiered_pricing_percentage_rules":[],"tiered_pricing_minimum":1,"tiered_pricing_roles_data":[],"_links":{"self":[{"href":"https:\/\/www.csj-emballages.com\/es\/wp-json\/wp\/v2\/product\/16804","targetHints":{"allow":["GET"]}}],"collection":[{"href":"https:\/\/www.csj-emballages.com\/es\/wp-json\/wp\/v2\/product"}],"about":[{"href":"https:\/\/www.csj-emballages.com\/es\/wp-json\/wp\/v2\/types\/product"}],"wp:featuredmedia":[{"embeddable":true,"href":"https:\/\/www.csj-emballages.com\/es\/wp-json\/wp\/v2\/media\/260874"}],"wp:attachment":[{"href":"https:\/\/www.csj-emballages.com\/es\/wp-json\/wp\/v2\/media?parent=16804"}],"wp:term":[{"taxonomy":"product_brand","embeddable":true,"href":"https:\/\/www.csj-emballages.com\/es\/wp-json\/wp\/v2\/product_brand?post=16804"},{"taxonomy":"product_cat","embeddable":true,"href":"https:\/\/www.csj-emballages.com\/es\/wp-json\/wp\/v2\/product_cat?post=16804"},{"taxonomy":"product_tag","embeddable":true,"href":"https:\/\/www.csj-emballages.com\/es\/wp-json\/wp\/v2\/product_tag?post=16804"}],"curies":[{"name":"wp","href":"https:\/\/api.w.org\/{rel}","templated":true}]}}