{"id":16783,"date":"2024-05-22T11:12:56","date_gmt":"2024-05-22T09:12:56","guid":{"rendered":"https:\/\/u15jnbdpoq.preview.infomaniak.website\/produit\/4-4-lata-de-paperas-de-melocoton\/"},"modified":"2026-03-12T16:01:15","modified_gmt":"2026-03-12T15:01:15","slug":"4-4-lata-de-paperas-de-melocoton","status":"publish","type":"product","link":"https:\/\/www.csj-emballages.com\/es\/produit\/4-4-lata-de-paperas-de-melocoton\/","title":{"rendered":"Mitades de melocot\u00f3n en alm\u00edbar en lata 4\/4"},"content":{"rendered":"<h2>Mitades de melocot\u00f3n<\/h2>\n<hr>\n<h3>Descubra nuestras mitades de melocot\u00f3n en alm\u00edbar en lata 4\/4<\/h3>\n<p><!--more--><\/p>\n<p data-start=\"282\" data-end=\"648\">Estas <strong data-start=\"286\" data-end=\"319\">mitades de melocot\u00f3n en alm\u00edbar<\/strong> son una apuesta segura cuando se quiere combinar sencillez y exquisitez. Nada m\u00e1s abrir la <strong>lata 4\/4<\/strong>, se descubren mitades de melocot\u00f3n bien formadas, de color dorado y textura fundente. Su sabor es dulce, equilibrado, nunca empalagoso, lo que las hace f\u00e1ciles de usar tanto en postres como en preparaciones culinarias.  <\/p>\n<p data-start=\"650\" data-end=\"1004\">Gracias a su formato generoso, estas <strong>mitades de melocot\u00f3n<\/strong> son perfectas para los profesionales de la restauraci\u00f3n, las colectividades o los servicios de catering. Permiten ahorrar tiempo en la cocina, manteniendo una buena regularidad en los platos. Adem\u00e1s, su consistencia sigue siendo agradable: no se deshacen y se manipulan f\u00e1cilmente, incluso despu\u00e9s de abrirlas.  <\/p>\n<p data-start=\"1006\" data-end=\"1394\">Estos <strong>melocotones en alm\u00edbar<\/strong> encuentran naturalmente su lugar en numerosas recetas. Acompa\u00f1an muy bien un <strong>queso fresco, un helado, un pastel o una ensalada de frutas<\/strong>. Pero tambi\u00e9n pueden aportar un toque dulce a platos m\u00e1s creativos, como <strong>vasitos, tartas o postres al plato<\/strong>. Su versatilidad permite variar las ideas sin multiplicar los ingredientes.   <\/p>\n<p data-start=\"1396\" data-end=\"1663\">Por otra parte, la <strong>lata 4\/4<\/strong> asegura una conservaci\u00f3n de larga duraci\u00f3n, ideal para anticipar las necesidades y gestionar las existencias sin estr\u00e9s. Una vez abiertas, las <strong>mitades de<\/strong> <strong>melocot\u00f3n<\/strong> conservan su sabor y su aspecto, lo que limita el desperdicio y facilita la organizaci\u00f3n en la cocina. <\/p>\n<p data-start=\"1665\" data-end=\"1847\">En resumen, estas <strong>mitades de melocot\u00f3n en alm\u00edbar<\/strong> son una soluci\u00f3n pr\u00e1ctica, deliciosa y fiable, pensada para quienes desean ofrecer una fruta agradable todo el a\u00f1o, sin complicaciones.<\/p>\n<p>&nbsp;<\/p>\n<p><!--more--><\/p>\n<h4>Ventajas :<\/h4>\n<ul>\n<li data-start=\"1875\" data-end=\"1913\"><strong>Mitades regulares<\/strong> y bien calibradas<\/li>\n<li data-start=\"1916\" data-end=\"1952\">Textura fundente y sabor equilibrado<\/li>\n<li data-start=\"1955\" data-end=\"2001\"><strong>Formato 4\/4<\/strong> ideal para un uso profesional<\/li>\n<li data-start=\"2004\" data-end=\"2052\">F\u00e1ciles de integrar en numerosas recetas<\/li>\n<li data-start=\"2055\" data-end=\"2111\">Conservaci\u00f3n de larga duraci\u00f3n y gesti\u00f3n sencilla de las existencias.<\/li>\n<\/ul>\n<p>&nbsp;<\/p>\n<p><!--more--><\/p>\n<h4>Otros datos:<\/h4>\n<ul>\n<li><strong>Embalaje<\/strong>: Caja 4\/4<\/li>\n<li><strong>Forma<\/strong>: Mitades<\/li>\n<li><strong>Peso neto escurrido<\/strong>: 480 gr<\/li>\n<\/ul>\n<p>&nbsp;<\/p>\n<p><!--more--><\/p>\n<p><a href=\"https:\/\/www.csj-emballages.com\/es\/categorie-produit\/alimentacion-es\/alimentacion\/fruta-seca-y-fruta-en-almibar\/pesca\/\">Consulte el resto de nuestra gama de melocotones en alm\u00edbar<\/a><\/p>\n<p>&nbsp;<\/p>\n","protected":false},"excerpt":{"rendered":"<p>Mitades de melocot\u00f3n Descubra nuestras mitades de melocot\u00f3n en alm\u00edbar en lata 4\/4<\/p>\n","protected":false},"featured_media":260879,"template":"","meta":{"_acf_changed":false},"product_brand":[],"product_cat":[1162,1189,1200,5940],"product_tag":[],"class_list":{"0":"post-16783","1":"product","2":"type-product","3":"status-publish","4":"has-post-thumbnail","6":"product_cat-alimentacion-es","7":"product_cat-alimentacion","8":"product_cat-fruta-seca-y-fruta-en-almibar","9":"product_cat-pesca","11":"first","12":"instock","13":"featured","14":"taxable","15":"shipping-taxable","16":"purchasable","17":"product-type-simple"},"acf":[],"yoast_head":"<!-- This site is optimized with the Yoast SEO Premium plugin v26.6 (Yoast SEO v26.6) - https:\/\/yoast.com\/wordpress\/plugins\/seo\/ -->\n<title>Mitades de melocot\u00f3n en alm\u00edbar en lata 4\/4<\/title>\n<meta name=\"description\" content=\"Mitades de melocot\u00f3n en alm\u00edbar en lata 4\/4: textura fundente, sabor dulce y formato generoso, perfectas para postres y preparaciones profesionales.\" \/>\n<meta name=\"robots\" content=\"index, follow, max-snippet:-1, max-image-preview:large, max-video-preview:-1\" \/>\n<link rel=\"canonical\" href=\"https:\/\/www.csj-emballages.com\/es\/produit\/4-4-lata-de-paperas-de-melocoton\/\" \/>\n<meta property=\"og:locale\" content=\"es_ES\" \/>\n<meta property=\"og:type\" content=\"article\" \/>\n<meta property=\"og:title\" content=\"Mitades de melocot\u00f3n en alm\u00edbar en lata 4\/4\" \/>\n<meta property=\"og:description\" content=\"Mitades de melocot\u00f3n en alm\u00edbar en lata 4\/4: textura fundente, sabor dulce y formato generoso, perfectas para postres y preparaciones profesionales.\" \/>\n<meta property=\"og:url\" content=\"https:\/\/www.csj-emballages.com\/es\/produit\/4-4-lata-de-paperas-de-melocoton\/\" \/>\n<meta property=\"og:site_name\" content=\"CSJ Emballages\" \/>\n<meta property=\"article:publisher\" content=\"https:\/\/www.facebook.com\/csjemballages\" \/>\n<meta property=\"article:modified_time\" content=\"2026-03-12T15:01:15+00:00\" \/>\n<meta property=\"og:image\" content=\"https:\/\/www.csj-emballages.com\/wp-content\/uploads\/2024\/05\/040062.webp\" \/>\n\t<meta property=\"og:image:width\" content=\"800\" \/>\n\t<meta property=\"og:image:height\" content=\"800\" \/>\n\t<meta property=\"og:image:type\" content=\"image\/webp\" \/>\n<meta name=\"twitter:card\" content=\"summary_large_image\" \/>\n<meta name=\"twitter:label1\" content=\"Tiempo de lectura\" \/>\n\t<meta name=\"twitter:data1\" content=\"2 minutos\" \/>\n<script type=\"application\/ld+json\" class=\"yoast-schema-graph\">{\"@context\":\"https:\/\/schema.org\",\"@graph\":[{\"@type\":\"WebPage\",\"@id\":\"https:\/\/www.csj-emballages.com\/es\/produit\/4-4-lata-de-paperas-de-melocoton\/\",\"url\":\"https:\/\/www.csj-emballages.com\/es\/produit\/4-4-lata-de-paperas-de-melocoton\/\",\"name\":\"Mitades de melocot\u00f3n en alm\u00edbar en lata 4\/4\",\"isPartOf\":{\"@id\":\"https:\/\/www.csj-emballages.com\/es\/#website\"},\"primaryImageOfPage\":{\"@id\":\"https:\/\/www.csj-emballages.com\/es\/produit\/4-4-lata-de-paperas-de-melocoton\/#primaryimage\"},\"image\":{\"@id\":\"https:\/\/www.csj-emballages.com\/es\/produit\/4-4-lata-de-paperas-de-melocoton\/#primaryimage\"},\"thumbnailUrl\":\"https:\/\/www.csj-emballages.com\/wp-content\/uploads\/2024\/05\/040062.webp\",\"datePublished\":\"2024-05-22T09:12:56+00:00\",\"dateModified\":\"2026-03-12T15:01:15+00:00\",\"description\":\"Mitades de melocot\u00f3n en alm\u00edbar en lata 4\/4: textura fundente, sabor dulce y formato generoso, perfectas para postres y preparaciones profesionales.\",\"breadcrumb\":{\"@id\":\"https:\/\/www.csj-emballages.com\/es\/produit\/4-4-lata-de-paperas-de-melocoton\/#breadcrumb\"},\"inLanguage\":\"es\",\"potentialAction\":[{\"@type\":\"ReadAction\",\"target\":[\"https:\/\/www.csj-emballages.com\/es\/produit\/4-4-lata-de-paperas-de-melocoton\/\"]}]},{\"@type\":\"ImageObject\",\"inLanguage\":\"es\",\"@id\":\"https:\/\/www.csj-emballages.com\/es\/produit\/4-4-lata-de-paperas-de-melocoton\/#primaryimage\",\"url\":\"https:\/\/www.csj-emballages.com\/wp-content\/uploads\/2024\/05\/040062.webp\",\"contentUrl\":\"https:\/\/www.csj-emballages.com\/wp-content\/uploads\/2024\/05\/040062.webp\",\"width\":800,\"height\":800,\"caption\":\"Oreillons de p\u00eaches\"},{\"@type\":\"BreadcrumbList\",\"@id\":\"https:\/\/www.csj-emballages.com\/es\/produit\/4-4-lata-de-paperas-de-melocoton\/#breadcrumb\",\"itemListElement\":[{\"@type\":\"ListItem\",\"position\":1,\"name\":\"Accueil\",\"item\":\"https:\/\/www.csj-emballages.com\/es\/universo-del-envasado-alimentario\/\"},{\"@type\":\"ListItem\",\"position\":2,\"name\":\"Tienda\",\"item\":\"https:\/\/www.csj-emballages.com\/tienda\/\"},{\"@type\":\"ListItem\",\"position\":3,\"name\":\"Mitades de melocot\u00f3n en alm\u00edbar en lata 4\/4\"}]},{\"@type\":\"WebSite\",\"@id\":\"https:\/\/www.csj-emballages.com\/es\/#website\",\"url\":\"https:\/\/www.csj-emballages.com\/es\/\",\"name\":\"CSJ Emballages\",\"description\":\"\",\"publisher\":{\"@id\":\"https:\/\/www.csj-emballages.com\/es\/#organization\"},\"potentialAction\":[{\"@type\":\"SearchAction\",\"target\":{\"@type\":\"EntryPoint\",\"urlTemplate\":\"https:\/\/www.csj-emballages.com\/es\/?s={search_term_string}\"},\"query-input\":{\"@type\":\"PropertyValueSpecification\",\"valueRequired\":true,\"valueName\":\"search_term_string\"}}],\"inLanguage\":\"es\"},{\"@type\":\"Organization\",\"@id\":\"https:\/\/www.csj-emballages.com\/es\/#Organization\/\",\"name\":\"CSJ Emballages\",\"url\":\"https:\/\/www.csj-emballages.com\/es\/\",\"logo\":{\"@type\":\"ImageObject\",\"inLanguage\":\"es\",\"@id\":\"https:\/\/www.csj-emballages.com\/es\/#\/schema\/logo\/image\/\",\"url\":\"https:\/\/www.csj-emballages.com\/wp-content\/uploads\/2023\/10\/logo_csj.webp\",\"contentUrl\":\"https:\/\/www.csj-emballages.com\/wp-content\/uploads\/2023\/10\/logo_csj.webp\",\"width\":250,\"height\":95,\"caption\":\"CSJ Emballages\"},\"image\":{\"@id\":\"https:\/\/www.csj-emballages.com\/es\/#\/schema\/logo\/image\/\"},\"sameAs\":[\"https:\/\/www.facebook.com\/csjemballages\"],\"address\":{\"@type\":\"PostalAddress\",\"streetAddress\":\"ZI La Lechere\",\"addressLocality\":\"Patornay\",\"postalCode\":\"39130\",\"addressCountry\":\"FR\"},\"contactPoint\":[{\"@type\":\"ContactPoint\",\"contactType\":\"Service client\",\"telephone\":\"0384254272\",\"email\":\"contact@csj-emballages.com\"}]}]}<\/script>\n<!-- \/ Yoast SEO Premium plugin. -->","yoast_head_json":{"title":"Mitades de melocot\u00f3n en alm\u00edbar en lata 4\/4","description":"Mitades de melocot\u00f3n en alm\u00edbar en lata 4\/4: textura fundente, sabor dulce y formato generoso, perfectas para postres y preparaciones profesionales.","robots":{"index":"index","follow":"follow","max-snippet":"max-snippet:-1","max-image-preview":"max-image-preview:large","max-video-preview":"max-video-preview:-1"},"canonical":"https:\/\/www.csj-emballages.com\/es\/produit\/4-4-lata-de-paperas-de-melocoton\/","og_locale":"es_ES","og_type":"article","og_title":"Mitades de melocot\u00f3n en alm\u00edbar en lata 4\/4","og_description":"Mitades de melocot\u00f3n en alm\u00edbar en lata 4\/4: textura fundente, sabor dulce y formato generoso, perfectas para postres y preparaciones profesionales.","og_url":"https:\/\/www.csj-emballages.com\/es\/produit\/4-4-lata-de-paperas-de-melocoton\/","og_site_name":"CSJ Emballages","article_publisher":"https:\/\/www.facebook.com\/csjemballages","article_modified_time":"2026-03-12T15:01:15+00:00","og_image":[{"width":800,"height":800,"url":"https:\/\/www.csj-emballages.com\/wp-content\/uploads\/2024\/05\/040062.webp","type":"image\/webp"}],"twitter_card":"summary_large_image","twitter_misc":{"Tiempo de lectura":"2 minutos"},"schema":{"@context":"https:\/\/schema.org","@graph":[{"@type":"WebPage","@id":"https:\/\/www.csj-emballages.com\/es\/produit\/4-4-lata-de-paperas-de-melocoton\/","url":"https:\/\/www.csj-emballages.com\/es\/produit\/4-4-lata-de-paperas-de-melocoton\/","name":"Mitades de melocot\u00f3n en alm\u00edbar en lata 4\/4","isPartOf":{"@id":"https:\/\/www.csj-emballages.com\/es\/#website"},"primaryImageOfPage":{"@id":"https:\/\/www.csj-emballages.com\/es\/produit\/4-4-lata-de-paperas-de-melocoton\/#primaryimage"},"image":{"@id":"https:\/\/www.csj-emballages.com\/es\/produit\/4-4-lata-de-paperas-de-melocoton\/#primaryimage"},"thumbnailUrl":"https:\/\/www.csj-emballages.com\/wp-content\/uploads\/2024\/05\/040062.webp","datePublished":"2024-05-22T09:12:56+00:00","dateModified":"2026-03-12T15:01:15+00:00","description":"Mitades de melocot\u00f3n en alm\u00edbar en lata 4\/4: textura fundente, sabor dulce y formato generoso, perfectas para postres y preparaciones profesionales.","breadcrumb":{"@id":"https:\/\/www.csj-emballages.com\/es\/produit\/4-4-lata-de-paperas-de-melocoton\/#breadcrumb"},"inLanguage":"es","potentialAction":[{"@type":"ReadAction","target":["https:\/\/www.csj-emballages.com\/es\/produit\/4-4-lata-de-paperas-de-melocoton\/"]}]},{"@type":"ImageObject","inLanguage":"es","@id":"https:\/\/www.csj-emballages.com\/es\/produit\/4-4-lata-de-paperas-de-melocoton\/#primaryimage","url":"https:\/\/www.csj-emballages.com\/wp-content\/uploads\/2024\/05\/040062.webp","contentUrl":"https:\/\/www.csj-emballages.com\/wp-content\/uploads\/2024\/05\/040062.webp","width":800,"height":800,"caption":"Oreillons de p\u00eaches"},{"@type":"BreadcrumbList","@id":"https:\/\/www.csj-emballages.com\/es\/produit\/4-4-lata-de-paperas-de-melocoton\/#breadcrumb","itemListElement":[{"@type":"ListItem","position":1,"name":"Accueil","item":"https:\/\/www.csj-emballages.com\/es\/universo-del-envasado-alimentario\/"},{"@type":"ListItem","position":2,"name":"Tienda","item":"https:\/\/www.csj-emballages.com\/tienda\/"},{"@type":"ListItem","position":3,"name":"Mitades de melocot\u00f3n en alm\u00edbar en lata 4\/4"}]},{"@type":"WebSite","@id":"https:\/\/www.csj-emballages.com\/es\/#website","url":"https:\/\/www.csj-emballages.com\/es\/","name":"CSJ Emballages","description":"","publisher":{"@id":"https:\/\/www.csj-emballages.com\/es\/#organization"},"potentialAction":[{"@type":"SearchAction","target":{"@type":"EntryPoint","urlTemplate":"https:\/\/www.csj-emballages.com\/es\/?s={search_term_string}"},"query-input":{"@type":"PropertyValueSpecification","valueRequired":true,"valueName":"search_term_string"}}],"inLanguage":"es"},{"@type":"Organization","@id":"https:\/\/www.csj-emballages.com\/es\/#Organization\/","name":"CSJ Emballages","url":"https:\/\/www.csj-emballages.com\/es\/","logo":{"@type":"ImageObject","inLanguage":"es","@id":"https:\/\/www.csj-emballages.com\/es\/#\/schema\/logo\/image\/","url":"https:\/\/www.csj-emballages.com\/wp-content\/uploads\/2023\/10\/logo_csj.webp","contentUrl":"https:\/\/www.csj-emballages.com\/wp-content\/uploads\/2023\/10\/logo_csj.webp","width":250,"height":95,"caption":"CSJ Emballages"},"image":{"@id":"https:\/\/www.csj-emballages.com\/es\/#\/schema\/logo\/image\/"},"sameAs":["https:\/\/www.facebook.com\/csjemballages"],"address":{"@type":"PostalAddress","streetAddress":"ZI La Lechere","addressLocality":"Patornay","postalCode":"39130","addressCountry":"FR"},"contactPoint":[{"@type":"ContactPoint","contactType":"Service client","telephone":"0384254272","email":"contact@csj-emballages.com"}]}]}},"df_price":2.53,"df_sale_price":"","df_regular_price":2.53,"df_image_link":"https:\/\/www.csj-emballages.com\/wp-content\/uploads\/2024\/05\/040062-300x300.webp","tiered_pricing_type":"fixed","tiered_pricing_fixed_rules":[],"tiered_pricing_percentage_rules":[],"tiered_pricing_minimum":1,"tiered_pricing_roles_data":[],"_links":{"self":[{"href":"https:\/\/www.csj-emballages.com\/es\/wp-json\/wp\/v2\/product\/16783","targetHints":{"allow":["GET"]}}],"collection":[{"href":"https:\/\/www.csj-emballages.com\/es\/wp-json\/wp\/v2\/product"}],"about":[{"href":"https:\/\/www.csj-emballages.com\/es\/wp-json\/wp\/v2\/types\/product"}],"wp:featuredmedia":[{"embeddable":true,"href":"https:\/\/www.csj-emballages.com\/es\/wp-json\/wp\/v2\/media\/260879"}],"wp:attachment":[{"href":"https:\/\/www.csj-emballages.com\/es\/wp-json\/wp\/v2\/media?parent=16783"}],"wp:term":[{"taxonomy":"product_brand","embeddable":true,"href":"https:\/\/www.csj-emballages.com\/es\/wp-json\/wp\/v2\/product_brand?post=16783"},{"taxonomy":"product_cat","embeddable":true,"href":"https:\/\/www.csj-emballages.com\/es\/wp-json\/wp\/v2\/product_cat?post=16783"},{"taxonomy":"product_tag","embeddable":true,"href":"https:\/\/www.csj-emballages.com\/es\/wp-json\/wp\/v2\/product_tag?post=16783"}],"curies":[{"name":"wp","href":"https:\/\/api.w.org\/{rel}","templated":true}]}}